{"id":11114,"date":"2017-05-10T14:26:58","date_gmt":"2017-05-10T12:26:58","guid":{"rendered":"http:\/\/www.polysoude.com\/manufacturer-of-automated-tig-welding-systems-2\/"},"modified":"2017-06-08T10:09:02","modified_gmt":"2017-06-08T08:09:02","slug":"hersteller-wig-schweisssysteme","status":"publish","type":"page","link":"https:\/\/www.polysoude.com\/de\/hersteller-wig-schweisssysteme\/","title":{"rendered":"Manufacturer of automated TIG welding systems"},"content":{"rendered":"<br \/>\n<h1 style=\"text-align: center\"><strong>HERSTELLER<br \/>\nf\u00fcr automatisierte WIG Schwei\u00dfsysteme<\/strong><\/h1>\n<p>\t\t\t\t<a href=\"https:\/\/www.polysoude.com\/wp-content\/uploads\/2017\/05\/entrance.jpg\" target=\"_self\"><br \/>\n\t\t\t\t<img loading=\"lazy\" decoding=\"async\" src=\"https:\/\/www.polysoude.com\/wp-content\/uploads\/2017\/05\/entrance.jpg\" alt=\"Polysoude entrance\" height=\"533\" width=\"710\" \/><br \/>\n\t\t\t\t<\/a><\/p>\n<p><strong>POLYSOUDE ist weltweit f\u00fchrend in der Konzeption und Fertigung von Orbitalschwei\u00dfeinrichtungen und automatisierter L\u00f6sungen f\u00fcr das WIG-<a href=\"https:\/\/www.polysoude.com\/de\/\">Schwei\u00dfen<\/a> und TIG<sup>er<\/sup>-Auftragschwei\u00dfen<\/strong><\/p>\n<ul>\n<li><strong>INNOVATION<\/strong>: Vorreiter in Forschung und Entwicklung dank \u00fcber 60 Jahren Erfahrung und technischem Know-How<\/li>\n<li><strong>ANPASSUNG<\/strong>: Optimisierung der Produktivit\u00e4t und Qualit\u00e4t dank kundenspezifisch angepassten L\u00f6sungen<\/li>\n<li><strong>SERVICE-KULTUR<\/strong>: Kundenn\u00e4he, ob geografisch als auch kulturell, sowie eine breite Palette an Serviceleistungen<\/li>\n<li><strong>GLOBAL<\/strong>: Ein Vertriebs- und Servicenetzwerk von 13 Niederlassungen und \u00fcber 50 Vertriebspartnern weltweit<\/li>\n<\/ul>\n<p style=\"text-align: center\"><strong>Unsere Produkte werden in Industriesektoren mit h\u00f6chstem Anspruch <\/strong><\/p>\n<p style=\"text-align: center\"><strong>an die Qualit\u00e4tskontrolle verwendet, wie etwa:<\/strong><\/p>\n<p>\t\t\t\t<img loading=\"lazy\" decoding=\"async\" src=\"https:\/\/www.polysoude.com\/wp-content\/uploads\/2017\/05\/polysoude-icon50-oil-and-gaz.png\" alt=\"polysoude-icon50-oil-and-gaz\" height=\"50\" width=\"50\" \/><\/p>\n<p style=\"text-align: center\">Erd\u00f6l- &amp; Gasgewinnung<\/p>\n<p style=\"text-align: center\">(F\u00f6rderung, Verarbeitung, Transport)<\/p>\n<p>\t\t\t\t<img loading=\"lazy\" decoding=\"async\" src=\"https:\/\/www.polysoude.com\/wp-content\/uploads\/2017\/05\/polysoude-icon50-chemical.png\" alt=\"polysoude-icon50-chemical\" height=\"50\" width=\"50\" \/><\/p>\n<p>\u201cHigh Purity\u201d Industrien<\/p>\n<p style=\"text-align: center\">(Chemie, Lebensmittel, Pharmazie, Halbleiter, Wasseraufbereitung)<\/p>\n<p>\t\t\t\t<img loading=\"lazy\" decoding=\"async\" src=\"https:\/\/www.polysoude.com\/wp-content\/uploads\/2017\/05\/polysoude-icon50-thermal-transfer.png\" alt=\"polysoude-icon50-thermal-transfer\" height=\"50\" width=\"50\" \/><\/p>\n<p style=\"text-align: center\">W\u00e4rmetauscher<\/p>\n<p style=\"text-align: center\">(Kesselbau, W\u00e4rme\u00fcbertragung)<\/p>\n<p>\t\t\t\t<img loading=\"lazy\" decoding=\"async\" src=\"https:\/\/www.polysoude.com\/wp-content\/uploads\/2017\/05\/polysoude-icon50-power-generation.png\" alt=\"polysoude-icon50-power-generation\" height=\"50\" width=\"50\" \/><\/p>\n<p>Energiegewinnung<\/p>\n<p style=\"text-align: center\">(Fossile, Kern- und erneuerbare Energie)<\/p>\n<p><strong><img loading=\"lazy\" decoding=\"async\" src=\"https:\/\/www.polysoude.com\/wp-content\/uploads\/2017\/05\/research-development.jpg\" alt=\"\" width=\"250\" height=\"225\" \/><\/strong><\/p>\n<p><strong>Entwicklung und Fertigung<\/strong><\/p>\n<p>&nbsp;<\/p>\n<p>POLYSOUDE entwickelt, fertigt und vertreibt alle Arten von Schwei\u00dfanlagen auf der Grundlage des Lichtbogenverfahrens<\/p>\n<p><strong><img loading=\"lazy\" decoding=\"async\" src=\"https:\/\/www.polysoude.com\/wp-content\/uploads\/2017\/05\/services.jpg\" alt=\"\" width=\"250\" height=\"225\" \/>Serviceleistungen wann immer Sie sie ben\u00f6tigen \u2013 Stillstandzeit null!<br \/>\n<\/strong><\/p>\n<p>&nbsp;<\/p>\n<p>Wir bieten Serviceleistungen auf jeder Ebene, mit dem einzigen Ziel, die Verf\u00fcgbarkeit der Einrichtung des Kunden zu gew\u00e4hrleisten und dadurch Ihre Produktivit\u00e4t aufrechtzuerhalten.<\/p>\n","protected":false},"excerpt":{"rendered":"<p>HERSTELLER f\u00fcr automatisierte WIG Schwei\u00dfsysteme POLYSOUDE ist weltweit f\u00fchrend in der Konzeption und Fertigung von Orbitalschwei\u00dfeinrichtungen und automatisierter L\u00f6sungen f\u00fcr das WIG-Schwei\u00dfen und TIGer-Auftragschwei\u00dfen INNOVATION: Vorreiter in Forschung und Entwicklung dank \u00fcber 60 Jahren Erfahrung und technischem Know-How ANPASSUNG: Optimisierung der Produktivit\u00e4t und Qualit\u00e4t dank kundenspezifisch angepassten L\u00f6sungen SERVICE-KULTUR: Kundenn\u00e4he, ob geografisch als auch kulturell, [&hellip;]<\/p>\n","protected":false},"author":1,"featured_media":0,"parent":0,"menu_order":0,"comment_status":"closed","ping_status":"closed","template":"page-landingpage.php","meta":{"_acf_changed":false,"footnotes":""},"class_list":["post-11114","page","type-page","status-publish","hentry"],"acf":[],"yoast_head":"<!-- This site is optimized with the Yoast SEO plugin v27.3 - https:\/\/yoast.com\/product\/yoast-seo-wordpress\/ -->\n<title>Manufacturer of automated TIG welding systems | Polysoude<\/title>\n<meta name=\"description\" content=\"HERSTELLER f\u00fcr automatisierte WIG Schwei\u00dfsysteme POLYSOUDE ist weltweit f\u00fchrend in der Konzeption und Fertigung von Orbitalschwei\u00dfeinrichtungen und\" \/>\n<meta name=\"robots\" content=\"noindex, nofollow\" \/>\n<meta property=\"og:locale\" content=\"de_DE\" \/>\n<meta property=\"og:type\" content=\"article\" \/>\n<meta property=\"og:title\" content=\"Manufacturer of automated TIG welding systems | Polysoude\" \/>\n<meta property=\"og:description\" content=\"HERSTELLER f\u00fcr automatisierte WIG Schwei\u00dfsysteme POLYSOUDE ist weltweit f\u00fchrend in der Konzeption und Fertigung von Orbitalschwei\u00dfeinrichtungen und\" \/>\n<meta property=\"og:url\" content=\"https:\/\/www.polysoude.com\/de\/hersteller-wig-schweisssysteme\/\" \/>\n<meta property=\"og:site_name\" content=\"Polysoude\" \/>\n<meta property=\"article:publisher\" content=\"https:\/\/www.facebook.com\/Polysoude\/\" \/>\n<meta property=\"article:modified_time\" content=\"2017-06-08T08:09:02+00:00\" \/>\n<meta property=\"og:image\" content=\"https:\/\/www.polysoude.com\/wp-content\/uploads\/2017\/05\/entrance.jpg\" \/>\n<meta name=\"twitter:card\" content=\"summary_large_image\" \/>\n<meta name=\"twitter:label1\" content=\"Gesch\u00e4tzte Lesezeit\" \/>\n\t<meta name=\"twitter:data1\" content=\"1 minute\" \/>\n<script type=\"application\/ld+json\" class=\"yoast-schema-graph\">{\"@context\":\"https:\\\/\\\/schema.org\",\"@graph\":[{\"@type\":\"WebPage\",\"@id\":\"https:\\\/\\\/www.polysoude.com\\\/de\\\/hersteller-wig-schweisssysteme\\\/\",\"url\":\"https:\\\/\\\/www.polysoude.com\\\/de\\\/hersteller-wig-schweisssysteme\\\/\",\"name\":\"Manufacturer of automated TIG welding systems | Polysoude\",\"isPartOf\":{\"@id\":\"https:\\\/\\\/www.polysoude.com\\\/de\\\/#website\"},\"primaryImageOfPage\":{\"@id\":\"https:\\\/\\\/www.polysoude.com\\\/de\\\/hersteller-wig-schweisssysteme\\\/#primaryimage\"},\"image\":{\"@id\":\"https:\\\/\\\/www.polysoude.com\\\/de\\\/hersteller-wig-schweisssysteme\\\/#primaryimage\"},\"thumbnailUrl\":\"https:\\\/\\\/www.polysoude.com\\\/wp-content\\\/uploads\\\/2017\\\/05\\\/entrance.jpg\",\"datePublished\":\"2017-05-10T12:26:58+00:00\",\"dateModified\":\"2017-06-08T08:09:02+00:00\",\"description\":\"HERSTELLER f\u00fcr automatisierte WIG Schwei\u00dfsysteme POLYSOUDE ist weltweit f\u00fchrend in der Konzeption und Fertigung von Orbitalschwei\u00dfeinrichtungen und\",\"breadcrumb\":{\"@id\":\"https:\\\/\\\/www.polysoude.com\\\/de\\\/hersteller-wig-schweisssysteme\\\/#breadcrumb\"},\"inLanguage\":\"de-DE\",\"potentialAction\":[{\"@type\":\"ReadAction\",\"target\":[\"https:\\\/\\\/www.polysoude.com\\\/de\\\/hersteller-wig-schweisssysteme\\\/\"]}]},{\"@type\":\"ImageObject\",\"inLanguage\":\"de-DE\",\"@id\":\"https:\\\/\\\/www.polysoude.com\\\/de\\\/hersteller-wig-schweisssysteme\\\/#primaryimage\",\"url\":\"https:\\\/\\\/www.polysoude.com\\\/wp-content\\\/uploads\\\/2017\\\/05\\\/entrance.jpg\",\"contentUrl\":\"https:\\\/\\\/www.polysoude.com\\\/wp-content\\\/uploads\\\/2017\\\/05\\\/entrance.jpg\"},{\"@type\":\"BreadcrumbList\",\"@id\":\"https:\\\/\\\/www.polysoude.com\\\/de\\\/hersteller-wig-schweisssysteme\\\/#breadcrumb\",\"itemListElement\":[{\"@type\":\"ListItem\",\"position\":1,\"name\":\"Home\",\"item\":\"https:\\\/\\\/www.polysoude.com\\\/de\\\/homepage\\\/\"},{\"@type\":\"ListItem\",\"position\":2,\"name\":\"Manufacturer of automated TIG welding systems\"}]},{\"@type\":\"WebSite\",\"@id\":\"https:\\\/\\\/www.polysoude.com\\\/de\\\/#website\",\"url\":\"https:\\\/\\\/www.polysoude.com\\\/de\\\/\",\"name\":\"Polysoude\",\"description\":\"The art of welding\",\"publisher\":{\"@id\":\"https:\\\/\\\/www.polysoude.com\\\/de\\\/#organization\"},\"alternateName\":\"Polysoude\",\"potentialAction\":[{\"@type\":\"SearchAction\",\"target\":{\"@type\":\"EntryPoint\",\"urlTemplate\":\"https:\\\/\\\/www.polysoude.com\\\/de\\\/?s={search_term_string}\"},\"query-input\":{\"@type\":\"PropertyValueSpecification\",\"valueRequired\":true,\"valueName\":\"search_term_string\"}}],\"inLanguage\":\"de-DE\"},{\"@type\":\"Organization\",\"@id\":\"https:\\\/\\\/www.polysoude.com\\\/de\\\/#organization\",\"name\":\"Polysoude\",\"alternateName\":\"Polysoude\",\"url\":\"https:\\\/\\\/www.polysoude.com\\\/de\\\/\",\"logo\":{\"@type\":\"ImageObject\",\"inLanguage\":\"de-DE\",\"@id\":\"https:\\\/\\\/www.polysoude.com\\\/de\\\/#\\\/schema\\\/logo\\\/image\\\/\",\"url\":\"https:\\\/\\\/www.polysoude.com\\\/wp-content\\\/uploads\\\/2022\\\/07\\\/Polysoude_Logo_signature_fond-transparent_600dpi_300mm_RVB-e1658123578778.png\",\"contentUrl\":\"https:\\\/\\\/www.polysoude.com\\\/wp-content\\\/uploads\\\/2022\\\/07\\\/Polysoude_Logo_signature_fond-transparent_600dpi_300mm_RVB-e1658123578778.png\",\"width\":465,\"height\":86,\"caption\":\"Polysoude\"},\"image\":{\"@id\":\"https:\\\/\\\/www.polysoude.com\\\/de\\\/#\\\/schema\\\/logo\\\/image\\\/\"},\"sameAs\":[\"https:\\\/\\\/www.facebook.com\\\/Polysoude\\\/\",\"https:\\\/\\\/www.linkedin.com\\\/company\\\/polysoude\\\/\",\"https:\\\/\\\/www.instagram.com\\\/polysoudeglobal\\\/\"]}]}<\/script>\n<!-- \/ Yoast SEO plugin. -->","yoast_head_json":{"title":"Manufacturer of automated TIG welding systems | Polysoude","description":"HERSTELLER f\u00fcr automatisierte WIG Schwei\u00dfsysteme POLYSOUDE ist weltweit f\u00fchrend in der Konzeption und Fertigung von Orbitalschwei\u00dfeinrichtungen und","robots":{"index":"noindex","follow":"nofollow"},"og_locale":"de_DE","og_type":"article","og_title":"Manufacturer of automated TIG welding systems | Polysoude","og_description":"HERSTELLER f\u00fcr automatisierte WIG Schwei\u00dfsysteme POLYSOUDE ist weltweit f\u00fchrend in der Konzeption und Fertigung von Orbitalschwei\u00dfeinrichtungen und","og_url":"https:\/\/www.polysoude.com\/de\/hersteller-wig-schweisssysteme\/","og_site_name":"Polysoude","article_publisher":"https:\/\/www.facebook.com\/Polysoude\/","article_modified_time":"2017-06-08T08:09:02+00:00","og_image":[{"url":"https:\/\/www.polysoude.com\/wp-content\/uploads\/2017\/05\/entrance.jpg","type":"","width":"","height":""}],"twitter_card":"summary_large_image","twitter_misc":{"Gesch\u00e4tzte Lesezeit":"1 minute"},"schema":{"@context":"https:\/\/schema.org","@graph":[{"@type":"WebPage","@id":"https:\/\/www.polysoude.com\/de\/hersteller-wig-schweisssysteme\/","url":"https:\/\/www.polysoude.com\/de\/hersteller-wig-schweisssysteme\/","name":"Manufacturer of automated TIG welding systems | Polysoude","isPartOf":{"@id":"https:\/\/www.polysoude.com\/de\/#website"},"primaryImageOfPage":{"@id":"https:\/\/www.polysoude.com\/de\/hersteller-wig-schweisssysteme\/#primaryimage"},"image":{"@id":"https:\/\/www.polysoude.com\/de\/hersteller-wig-schweisssysteme\/#primaryimage"},"thumbnailUrl":"https:\/\/www.polysoude.com\/wp-content\/uploads\/2017\/05\/entrance.jpg","datePublished":"2017-05-10T12:26:58+00:00","dateModified":"2017-06-08T08:09:02+00:00","description":"HERSTELLER f\u00fcr automatisierte WIG Schwei\u00dfsysteme POLYSOUDE ist weltweit f\u00fchrend in der Konzeption und Fertigung von Orbitalschwei\u00dfeinrichtungen und","breadcrumb":{"@id":"https:\/\/www.polysoude.com\/de\/hersteller-wig-schweisssysteme\/#breadcrumb"},"inLanguage":"de-DE","potentialAction":[{"@type":"ReadAction","target":["https:\/\/www.polysoude.com\/de\/hersteller-wig-schweisssysteme\/"]}]},{"@type":"ImageObject","inLanguage":"de-DE","@id":"https:\/\/www.polysoude.com\/de\/hersteller-wig-schweisssysteme\/#primaryimage","url":"https:\/\/www.polysoude.com\/wp-content\/uploads\/2017\/05\/entrance.jpg","contentUrl":"https:\/\/www.polysoude.com\/wp-content\/uploads\/2017\/05\/entrance.jpg"},{"@type":"BreadcrumbList","@id":"https:\/\/www.polysoude.com\/de\/hersteller-wig-schweisssysteme\/#breadcrumb","itemListElement":[{"@type":"ListItem","position":1,"name":"Home","item":"https:\/\/www.polysoude.com\/de\/homepage\/"},{"@type":"ListItem","position":2,"name":"Manufacturer of automated TIG welding systems"}]},{"@type":"WebSite","@id":"https:\/\/www.polysoude.com\/de\/#website","url":"https:\/\/www.polysoude.com\/de\/","name":"Polysoude","description":"The art of welding","publisher":{"@id":"https:\/\/www.polysoude.com\/de\/#organization"},"alternateName":"Polysoude","potentialAction":[{"@type":"SearchAction","target":{"@type":"EntryPoint","urlTemplate":"https:\/\/www.polysoude.com\/de\/?s={search_term_string}"},"query-input":{"@type":"PropertyValueSpecification","valueRequired":true,"valueName":"search_term_string"}}],"inLanguage":"de-DE"},{"@type":"Organization","@id":"https:\/\/www.polysoude.com\/de\/#organization","name":"Polysoude","alternateName":"Polysoude","url":"https:\/\/www.polysoude.com\/de\/","logo":{"@type":"ImageObject","inLanguage":"de-DE","@id":"https:\/\/www.polysoude.com\/de\/#\/schema\/logo\/image\/","url":"https:\/\/www.polysoude.com\/wp-content\/uploads\/2022\/07\/Polysoude_Logo_signature_fond-transparent_600dpi_300mm_RVB-e1658123578778.png","contentUrl":"https:\/\/www.polysoude.com\/wp-content\/uploads\/2022\/07\/Polysoude_Logo_signature_fond-transparent_600dpi_300mm_RVB-e1658123578778.png","width":465,"height":86,"caption":"Polysoude"},"image":{"@id":"https:\/\/www.polysoude.com\/de\/#\/schema\/logo\/image\/"},"sameAs":["https:\/\/www.facebook.com\/Polysoude\/","https:\/\/www.linkedin.com\/company\/polysoude\/","https:\/\/www.instagram.com\/polysoudeglobal\/"]}]}},"_links":{"self":[{"href":"https:\/\/www.polysoude.com\/de\/wp-json\/wp\/v2\/pages\/11114","targetHints":{"allow":["GET"]}}],"collection":[{"href":"https:\/\/www.polysoude.com\/de\/wp-json\/wp\/v2\/pages"}],"about":[{"href":"https:\/\/www.polysoude.com\/de\/wp-json\/wp\/v2\/types\/page"}],"author":[{"embeddable":true,"href":"https:\/\/www.polysoude.com\/de\/wp-json\/wp\/v2\/users\/1"}],"replies":[{"embeddable":true,"href":"https:\/\/www.polysoude.com\/de\/wp-json\/wp\/v2\/comments?post=11114"}],"version-history":[{"count":4,"href":"https:\/\/www.polysoude.com\/de\/wp-json\/wp\/v2\/pages\/11114\/revisions"}],"predecessor-version":[{"id":11178,"href":"https:\/\/www.polysoude.com\/de\/wp-json\/wp\/v2\/pages\/11114\/revisions\/11178"}],"wp:attachment":[{"href":"https:\/\/www.polysoude.com\/de\/wp-json\/wp\/v2\/media?parent=11114"}],"curies":[{"name":"wp","href":"https:\/\/api.w.org\/{rel}","templated":true}]}}