{"id":14616,"date":"2018-02-08T14:00:04","date_gmt":"2018-02-08T13:00:04","guid":{"rendered":"http:\/\/www.polysoude.com\/about-polysoude\/job-opportunities\/"},"modified":"2026-03-16T15:38:59","modified_gmt":"2026-03-16T14:38:59","slug":"stellenangebote","status":"publish","type":"page","link":"https:\/\/www.polysoude.com\/de\/about-polysoude-2\/stellenangebote\/","title":{"rendered":"Stellenangebote"},"content":{"rendered":"\n<figure itemscope itemtype=\"https:\/\/schema.org\/ImageObject\">\n\t\t\t\t<img decoding=\"async\" src=\"https:\/\/www.polysoude.com\/wp-content\/uploads\/2016\/10\/shutterstock_400222735.jpg\" alt=\"shutterstock_400222735\" height=\"325\" width=\"1000\" title=\"shutterstock_400222735\" onerror=\"this.style.display='none'\" loading=\"lazy\" \/>\n\t<\/figure>\n\t<p><strong>Sie suchen ein Unternehmen, das Ihre Arbeit wertsch\u00e4tzt? In dem das Wohl der Mitarbeiter ganz oben steht sowie Aus- und Weiterbildung eine hohe Priorit\u00e4t haben? Dann bewerben Sie sich bei Polysoude.\u00a0<\/strong><\/p>\n\t<p>Bei uns finden Sie gleicherma\u00dfen Technologie \u201estate of the art&#8220; und die vertrauliche Atmosph\u00e4re eines familiengef\u00fchrten, mittelst\u00e4ndischen Unternehmens.<\/p>\n\t<p>Bewerben Sie sich bei uns und senden Sie uns Ihre ausf\u00fchrlichen Bewerbungsunterlagen an die Personalleitung im Hauptsitz Nantes.<\/p>\n<p>E-Mail : <a href=\"mailto:recrutement@polysoude.com\">recrutement@polysoude.com<\/a><\/p>\n<p>&nbsp;<\/p>\n<p>&nbsp;<\/p>\n\n","protected":false},"excerpt":{"rendered":"<p>Sie suchen ein Unternehmen, das Ihre Arbeit wertsch\u00e4tzt? In dem das Wohl der Mitarbeiter ganz oben steht sowie Aus- und Weiterbildung eine hohe Priorit\u00e4t haben? Dann bewerben Sie sich bei Polysoude.\u00a0 Bei uns finden Sie gleicherma\u00dfen Technologie \u201estate of the art&#8220; und die vertrauliche Atmosph\u00e4re eines familiengef\u00fchrten, mittelst\u00e4ndischen Unternehmens. Bewerben Sie sich bei uns und [&hellip;]<\/p>\n","protected":false},"author":3,"featured_media":8453,"parent":3054,"menu_order":5,"comment_status":"closed","ping_status":"closed","template":"page-contenu.php","meta":{"_acf_changed":false,"footnotes":""},"class_list":["post-14616","page","type-page","status-publish","has-post-thumbnail","hentry"],"acf":[],"yoast_head":"<!-- This site is optimized with the Yoast SEO plugin v27.3 - https:\/\/yoast.com\/product\/yoast-seo-wordpress\/ -->\n<title>Stellenangebote | Polysoude<\/title>\n<meta name=\"description\" content=\"Sie suchen ein Unternehmen, das Ihre Arbeit wertsch\u00e4tzt? In dem das Wohl der Mitarbeiter ganz oben steht sowie Aus- und Weiterbildung eine hohe Priorit\u00e4t\" \/>\n<meta name=\"robots\" content=\"index, follow, max-snippet:-1, max-image-preview:large, max-video-preview:-1\" \/>\n<link rel=\"canonical\" href=\"https:\/\/www.polysoude.com\/de\/about-polysoude-2\/stellenangebote\/\" \/>\n<meta property=\"og:locale\" content=\"de_DE\" \/>\n<meta property=\"og:type\" content=\"article\" \/>\n<meta property=\"og:title\" content=\"Stellenangebote | Polysoude\" \/>\n<meta property=\"og:description\" content=\"Sie suchen ein Unternehmen, das Ihre Arbeit wertsch\u00e4tzt? In dem das Wohl der Mitarbeiter ganz oben steht sowie Aus- und Weiterbildung eine hohe Priorit\u00e4t\" \/>\n<meta property=\"og:url\" content=\"https:\/\/www.polysoude.com\/de\/about-polysoude-2\/stellenangebote\/\" \/>\n<meta property=\"og:site_name\" content=\"Polysoude\" \/>\n<meta property=\"article:publisher\" content=\"https:\/\/www.facebook.com\/Polysoude\/\" \/>\n<meta property=\"article:modified_time\" content=\"2026-03-16T14:38:59+00:00\" \/>\n<meta property=\"og:image\" content=\"https:\/\/www.polysoude.com\/wp-content\/uploads\/2022\/07\/Polysoude_Logo_signature_fond-transparent_600dpi_300mm_RVB-e1658123578778.png\" \/>\n\t<meta property=\"og:image:width\" content=\"465\" \/>\n\t<meta property=\"og:image:height\" content=\"86\" \/>\n\t<meta property=\"og:image:type\" content=\"image\/png\" \/>\n<meta name=\"twitter:card\" content=\"summary_large_image\" \/>\n<script type=\"application\/ld+json\" class=\"yoast-schema-graph\">{\"@context\":\"https:\\\/\\\/schema.org\",\"@graph\":[{\"@type\":\"WebPage\",\"@id\":\"https:\\\/\\\/www.polysoude.com\\\/de\\\/about-polysoude-2\\\/stellenangebote\\\/\",\"url\":\"https:\\\/\\\/www.polysoude.com\\\/de\\\/about-polysoude-2\\\/stellenangebote\\\/\",\"name\":\"Stellenangebote | Polysoude\",\"isPartOf\":{\"@id\":\"https:\\\/\\\/www.polysoude.com\\\/de\\\/#website\"},\"primaryImageOfPage\":{\"@id\":\"https:\\\/\\\/www.polysoude.com\\\/de\\\/about-polysoude-2\\\/stellenangebote\\\/#primaryimage\"},\"image\":{\"@id\":\"https:\\\/\\\/www.polysoude.com\\\/de\\\/about-polysoude-2\\\/stellenangebote\\\/#primaryimage\"},\"thumbnailUrl\":\"https:\\\/\\\/www.polysoude.com\\\/wp-content\\\/uploads\\\/2016\\\/10\\\/about-job-offers_500px.jpg\",\"datePublished\":\"2018-02-08T13:00:04+00:00\",\"dateModified\":\"2026-03-16T14:38:59+00:00\",\"description\":\"Sie suchen ein Unternehmen, das Ihre Arbeit wertsch\u00e4tzt? In dem das Wohl der Mitarbeiter ganz oben steht sowie Aus- und Weiterbildung eine hohe Priorit\u00e4t\",\"breadcrumb\":{\"@id\":\"https:\\\/\\\/www.polysoude.com\\\/de\\\/about-polysoude-2\\\/stellenangebote\\\/#breadcrumb\"},\"inLanguage\":\"de-DE\",\"potentialAction\":[{\"@type\":\"ReadAction\",\"target\":[\"https:\\\/\\\/www.polysoude.com\\\/de\\\/about-polysoude-2\\\/stellenangebote\\\/\"]}]},{\"@type\":\"ImageObject\",\"inLanguage\":\"de-DE\",\"@id\":\"https:\\\/\\\/www.polysoude.com\\\/de\\\/about-polysoude-2\\\/stellenangebote\\\/#primaryimage\",\"url\":\"https:\\\/\\\/www.polysoude.com\\\/wp-content\\\/uploads\\\/2016\\\/10\\\/about-job-offers_500px.jpg\",\"contentUrl\":\"https:\\\/\\\/www.polysoude.com\\\/wp-content\\\/uploads\\\/2016\\\/10\\\/about-job-offers_500px.jpg\",\"width\":500,\"height\":500},{\"@type\":\"BreadcrumbList\",\"@id\":\"https:\\\/\\\/www.polysoude.com\\\/de\\\/about-polysoude-2\\\/stellenangebote\\\/#breadcrumb\",\"itemListElement\":[{\"@type\":\"ListItem\",\"position\":1,\"name\":\"Home\",\"item\":\"https:\\\/\\\/www.polysoude.com\\\/de\\\/homepage\\\/\"},{\"@type\":\"ListItem\",\"position\":2,\"name\":\"\u00dcber Polysoude\",\"item\":\"https:\\\/\\\/www.polysoude.com\\\/de\\\/about-polysoude-2\\\/\"},{\"@type\":\"ListItem\",\"position\":3,\"name\":\"Stellenangebote\"}]},{\"@type\":\"WebSite\",\"@id\":\"https:\\\/\\\/www.polysoude.com\\\/de\\\/#website\",\"url\":\"https:\\\/\\\/www.polysoude.com\\\/de\\\/\",\"name\":\"Polysoude\",\"description\":\"The art of welding\",\"publisher\":{\"@id\":\"https:\\\/\\\/www.polysoude.com\\\/de\\\/#organization\"},\"alternateName\":\"Polysoude\",\"potentialAction\":[{\"@type\":\"SearchAction\",\"target\":{\"@type\":\"EntryPoint\",\"urlTemplate\":\"https:\\\/\\\/www.polysoude.com\\\/de\\\/?s={search_term_string}\"},\"query-input\":{\"@type\":\"PropertyValueSpecification\",\"valueRequired\":true,\"valueName\":\"search_term_string\"}}],\"inLanguage\":\"de-DE\"},{\"@type\":\"Organization\",\"@id\":\"https:\\\/\\\/www.polysoude.com\\\/de\\\/#organization\",\"name\":\"Polysoude\",\"alternateName\":\"Polysoude\",\"url\":\"https:\\\/\\\/www.polysoude.com\\\/de\\\/\",\"logo\":{\"@type\":\"ImageObject\",\"inLanguage\":\"de-DE\",\"@id\":\"https:\\\/\\\/www.polysoude.com\\\/de\\\/#\\\/schema\\\/logo\\\/image\\\/\",\"url\":\"https:\\\/\\\/www.polysoude.com\\\/wp-content\\\/uploads\\\/2022\\\/07\\\/Polysoude_Logo_signature_fond-transparent_600dpi_300mm_RVB-e1658123578778.png\",\"contentUrl\":\"https:\\\/\\\/www.polysoude.com\\\/wp-content\\\/uploads\\\/2022\\\/07\\\/Polysoude_Logo_signature_fond-transparent_600dpi_300mm_RVB-e1658123578778.png\",\"width\":465,\"height\":86,\"caption\":\"Polysoude\"},\"image\":{\"@id\":\"https:\\\/\\\/www.polysoude.com\\\/de\\\/#\\\/schema\\\/logo\\\/image\\\/\"},\"sameAs\":[\"https:\\\/\\\/www.facebook.com\\\/Polysoude\\\/\",\"https:\\\/\\\/www.linkedin.com\\\/company\\\/polysoude\\\/\",\"https:\\\/\\\/www.instagram.com\\\/polysoudeglobal\\\/\"]}]}<\/script>\n<!-- \/ Yoast SEO plugin. -->","yoast_head_json":{"title":"Stellenangebote | Polysoude","description":"Sie suchen ein Unternehmen, das Ihre Arbeit wertsch\u00e4tzt? In dem das Wohl der Mitarbeiter ganz oben steht sowie Aus- und Weiterbildung eine hohe Priorit\u00e4t","robots":{"index":"index","follow":"follow","max-snippet":"max-snippet:-1","max-image-preview":"max-image-preview:large","max-video-preview":"max-video-preview:-1"},"canonical":"https:\/\/www.polysoude.com\/de\/about-polysoude-2\/stellenangebote\/","og_locale":"de_DE","og_type":"article","og_title":"Stellenangebote | Polysoude","og_description":"Sie suchen ein Unternehmen, das Ihre Arbeit wertsch\u00e4tzt? In dem das Wohl der Mitarbeiter ganz oben steht sowie Aus- und Weiterbildung eine hohe Priorit\u00e4t","og_url":"https:\/\/www.polysoude.com\/de\/about-polysoude-2\/stellenangebote\/","og_site_name":"Polysoude","article_publisher":"https:\/\/www.facebook.com\/Polysoude\/","article_modified_time":"2026-03-16T14:38:59+00:00","og_image":[{"width":465,"height":86,"url":"https:\/\/www.polysoude.com\/wp-content\/uploads\/2022\/07\/Polysoude_Logo_signature_fond-transparent_600dpi_300mm_RVB-e1658123578778.png","type":"image\/png"}],"twitter_card":"summary_large_image","schema":{"@context":"https:\/\/schema.org","@graph":[{"@type":"WebPage","@id":"https:\/\/www.polysoude.com\/de\/about-polysoude-2\/stellenangebote\/","url":"https:\/\/www.polysoude.com\/de\/about-polysoude-2\/stellenangebote\/","name":"Stellenangebote | Polysoude","isPartOf":{"@id":"https:\/\/www.polysoude.com\/de\/#website"},"primaryImageOfPage":{"@id":"https:\/\/www.polysoude.com\/de\/about-polysoude-2\/stellenangebote\/#primaryimage"},"image":{"@id":"https:\/\/www.polysoude.com\/de\/about-polysoude-2\/stellenangebote\/#primaryimage"},"thumbnailUrl":"https:\/\/www.polysoude.com\/wp-content\/uploads\/2016\/10\/about-job-offers_500px.jpg","datePublished":"2018-02-08T13:00:04+00:00","dateModified":"2026-03-16T14:38:59+00:00","description":"Sie suchen ein Unternehmen, das Ihre Arbeit wertsch\u00e4tzt? In dem das Wohl der Mitarbeiter ganz oben steht sowie Aus- und Weiterbildung eine hohe Priorit\u00e4t","breadcrumb":{"@id":"https:\/\/www.polysoude.com\/de\/about-polysoude-2\/stellenangebote\/#breadcrumb"},"inLanguage":"de-DE","potentialAction":[{"@type":"ReadAction","target":["https:\/\/www.polysoude.com\/de\/about-polysoude-2\/stellenangebote\/"]}]},{"@type":"ImageObject","inLanguage":"de-DE","@id":"https:\/\/www.polysoude.com\/de\/about-polysoude-2\/stellenangebote\/#primaryimage","url":"https:\/\/www.polysoude.com\/wp-content\/uploads\/2016\/10\/about-job-offers_500px.jpg","contentUrl":"https:\/\/www.polysoude.com\/wp-content\/uploads\/2016\/10\/about-job-offers_500px.jpg","width":500,"height":500},{"@type":"BreadcrumbList","@id":"https:\/\/www.polysoude.com\/de\/about-polysoude-2\/stellenangebote\/#breadcrumb","itemListElement":[{"@type":"ListItem","position":1,"name":"Home","item":"https:\/\/www.polysoude.com\/de\/homepage\/"},{"@type":"ListItem","position":2,"name":"\u00dcber Polysoude","item":"https:\/\/www.polysoude.com\/de\/about-polysoude-2\/"},{"@type":"ListItem","position":3,"name":"Stellenangebote"}]},{"@type":"WebSite","@id":"https:\/\/www.polysoude.com\/de\/#website","url":"https:\/\/www.polysoude.com\/de\/","name":"Polysoude","description":"The art of welding","publisher":{"@id":"https:\/\/www.polysoude.com\/de\/#organization"},"alternateName":"Polysoude","potentialAction":[{"@type":"SearchAction","target":{"@type":"EntryPoint","urlTemplate":"https:\/\/www.polysoude.com\/de\/?s={search_term_string}"},"query-input":{"@type":"PropertyValueSpecification","valueRequired":true,"valueName":"search_term_string"}}],"inLanguage":"de-DE"},{"@type":"Organization","@id":"https:\/\/www.polysoude.com\/de\/#organization","name":"Polysoude","alternateName":"Polysoude","url":"https:\/\/www.polysoude.com\/de\/","logo":{"@type":"ImageObject","inLanguage":"de-DE","@id":"https:\/\/www.polysoude.com\/de\/#\/schema\/logo\/image\/","url":"https:\/\/www.polysoude.com\/wp-content\/uploads\/2022\/07\/Polysoude_Logo_signature_fond-transparent_600dpi_300mm_RVB-e1658123578778.png","contentUrl":"https:\/\/www.polysoude.com\/wp-content\/uploads\/2022\/07\/Polysoude_Logo_signature_fond-transparent_600dpi_300mm_RVB-e1658123578778.png","width":465,"height":86,"caption":"Polysoude"},"image":{"@id":"https:\/\/www.polysoude.com\/de\/#\/schema\/logo\/image\/"},"sameAs":["https:\/\/www.facebook.com\/Polysoude\/","https:\/\/www.linkedin.com\/company\/polysoude\/","https:\/\/www.instagram.com\/polysoudeglobal\/"]}]}},"_links":{"self":[{"href":"https:\/\/www.polysoude.com\/de\/wp-json\/wp\/v2\/pages\/14616","targetHints":{"allow":["GET"]}}],"collection":[{"href":"https:\/\/www.polysoude.com\/de\/wp-json\/wp\/v2\/pages"}],"about":[{"href":"https:\/\/www.polysoude.com\/de\/wp-json\/wp\/v2\/types\/page"}],"author":[{"embeddable":true,"href":"https:\/\/www.polysoude.com\/de\/wp-json\/wp\/v2\/users\/3"}],"replies":[{"embeddable":true,"href":"https:\/\/www.polysoude.com\/de\/wp-json\/wp\/v2\/comments?post=14616"}],"version-history":[{"count":12,"href":"https:\/\/www.polysoude.com\/de\/wp-json\/wp\/v2\/pages\/14616\/revisions"}],"predecessor-version":[{"id":52788,"href":"https:\/\/www.polysoude.com\/de\/wp-json\/wp\/v2\/pages\/14616\/revisions\/52788"}],"up":[{"embeddable":true,"href":"https:\/\/www.polysoude.com\/de\/wp-json\/wp\/v2\/pages\/3054"}],"wp:featuredmedia":[{"embeddable":true,"href":"https:\/\/www.polysoude.com\/de\/wp-json\/wp\/v2\/media\/8453"}],"wp:attachment":[{"href":"https:\/\/www.polysoude.com\/de\/wp-json\/wp\/v2\/media?parent=14616"}],"curies":[{"name":"wp","href":"https:\/\/api.w.org\/{rel}","templated":true}]}}