{"id":2224,"date":"2016-10-06T10:02:13","date_gmt":"2016-10-06T08:02:13","guid":{"rendered":"http:\/\/www.polysoude.com\/?page_id=2224&#038;lang=de"},"modified":"2022-04-05T17:04:52","modified_gmt":"2022-04-05T15:04:52","slug":"dienstleistungen-ersatzteile-miete","status":"publish","type":"page","link":"https:\/\/www.polysoude.com\/de\/dienstleistungen-ersatzteile-miete\/","title":{"rendered":"Dienstleistungen \/ Ersatzteile \/ Miete"},"content":{"rendered":"\n\t<h2>Wartungs-,\u00a0Ersatzteil-, Schulungsdienstleistungen und viel mehr<\/h2>\n\t<h3>BRAUCHEN SIE HILFE?<\/h3>\nRufen Sie uns sofort an:<br \/>\nf\u00fcr Deutschland\u00a0 <strong>+49 (0) 7072 60076 0<\/strong><br \/>\nf\u00fcr \u00d6sterreich\u00a0 <strong>+43 (0) 3613 200 36<\/strong> od. f\u00fcr die Schweiz\u00a0 <strong>+41 (0) 43 243 5080<\/strong>\n\t\t\t<img decoding=\"async\" src=\"https:\/\/www.polysoude.com\/wp-content\/uploads\/2016\/10\/polysoude-worldwide-network.jpg\" alt=\"\" \/>\t\t\t\n\t\t\t\t<h2>\u00dcber 250 Fachleute stehen Ihnen weltweit zur Seite<br \/>\n<\/h2>\n\t\t\t<img decoding=\"async\" src=\"https:\/\/www.polysoude.com\/wp-content\/uploads\/2016\/10\/polysoude_applications-and-after-sales-department_fin.jpg\" alt=\"\" \/>\t\t\t\n\t\t\t\t<h2>In der zentralen Kundendienstabteilung stehen \u00fcber 25 weltweit verf\u00fcgbare Schwei\u00dfspezialisten und Servicetechniker zur Verf\u00fcgung<\/h2>\n\t\t\t<img decoding=\"async\" src=\"https:\/\/www.polysoude.com\/wp-content\/uploads\/2016\/10\/services_intro_technology-centers.jpg\" alt=\"\" \/>\t\t\t\n\t\t\t\t<h2>Technologiezentren finden Sie in Frankreich, der Schweiz, China, Russland, USA, Indien, \u2026<\/h2>\n\t<h3>Serviceleistungen, wann immer Sie sie ben\u00f6tigen \u2013 Stillstandszeit null!<\/h3>\n<p><strong>Beratung, Unterst\u00fctzung, Schulung und Mieten von Ger\u00e4ten\u2026<\/strong><\/p>\n<p>Die von <a href=\"https:\/\/www.polysoude.com\/de\/\">POLYSOUDE<\/a> gebotenen Serviceleistungen beruhen auf technischem K\u00f6nnen und der F\u00e4higkeit, sich auf den Bedarf der Kunden einzustellen. Wir bieten Serviceleistungen auf jeder Ebene, mit dem einzigen Ziel, die Verf\u00fcgbarkeit der Einrichtung des Kunden zu gew\u00e4hrleisten und dadurch Ihre Produktivit\u00e4t aufrechtzuerhalten.<\/p>\n\t<meta itemprop=\"name\" content=\"dienstleistungen ersatzteile miete\" \/><meta itemprop=\"uploadDate\" content=\"2019-07-01\" \/><meta itemprop=\"thumbnailUrl\" content=\"https:\/\/www.polysoude.com\/wp-content\/uploads\/2019\/06\/Service_slider-1.jpg\" \/><meta itemprop=\"description\" content=\"Die von POLYSOUDE gebotenen Serviceleistungen beruhen auf technischem K\u00f6nnen und der F\u00e4higkeit, sich auf den Bedarf der Kunden einzustellen. Wir bieten Serviceleistungen auf jeder Ebene, mit dem einzigen Ziel, die Verf\u00fcgbarkeit der Einrichtung des Kunden zu gew\u00e4hrleisten und dadurch Ihre Produktivit\u00e4t aufrechtzuerhalten.\" \/><iframe loading=\"lazy\" width=\"560\" height=\"315\" src=\"https:\/\/www.youtube.com\/embed\/-SuJN4XzFeQ\" frameborder=\"0\" allow=\"accelerometer; autoplay; encrypted-media; gyroscope; picture-in-picture\" allowfullscreen><\/iframe>\n\t<p>Hier sind nur einige unserer Serviceleistungen:<\/p>\n<ul>\n<li><a href=\"schulung\/\">Ma\u00dfgeschneiderte Schulungs- und Fachunterst\u00fctzungsprogramme<\/a><\/li>\n<li><a href=\"schulung\/\">Unterst\u00fctzung w\u00e4hrend des Fertigungsanlaufs<\/a><\/li>\n<li><a href=\"schulung\/\">Entwicklung von Schwei\u00dfparametern<\/a><\/li>\n<li><a href=\"ersatzteile-und-verbrauchsmaterialien\/\">Riesiges Ersatzteillager, unverz\u00fcglich verf\u00fcgbar<\/a><\/li>\n<li><a href=\"wartungs-kalibrier-reparaturservice\/\">Vorbeugende Wartung<\/a><\/li>\n<li><a href=\"technische-unterstutzung\/\">Schnell reagierender Kundendienst<\/a><\/li>\n<li><a href=\"mietservice\/\">Mieten von Einrichtungen, um Fertigungsengp\u00e4sse zu \u00fcberwinden oder neue Produkte auszuprobieren<\/a><\/li>\n<li><a href=\"nachrusten-und-aufrusten\/\">Nachr\u00fcsten bestehender Anlagen<\/a><\/li>\n<li><a href=\"wartungs-kalibrier-reparaturservice\/\">Technische Fachunterst\u00fctzung w\u00e4hrend der gesamten Lebensdauer Ihrer Einrichtung, damit Sie maximalen Nutzen aus der Einrichtung ziehen.<\/a><\/li>\n<\/ul>\n\t<h3>POLYSOUDE an Ihrer Seite, wo auch immer Sie sind!<\/h3>\n","protected":false},"excerpt":{"rendered":"<p>Wartungs-,\u00a0Ersatzteil-, Schulungsdienstleistungen und viel mehr BRAUCHEN SIE HILFE? Rufen Sie uns sofort an: f\u00fcr Deutschland\u00a0 +49 (0) 7072 60076 0 f\u00fcr \u00d6sterreich\u00a0 +43 (0) 3613 200 36 od. f\u00fcr die Schweiz\u00a0 +41 (0) 43 243 5080 \u00dcber 250 Fachleute stehen Ihnen weltweit zur Seite In der zentralen Kundendienstabteilung stehen \u00fcber 25 weltweit verf\u00fcgbare Schwei\u00dfspezialisten und [&hellip;]<\/p>\n","protected":false},"author":3,"featured_media":0,"parent":0,"menu_order":0,"comment_status":"closed","ping_status":"closed","template":"page-parent.php","meta":{"_acf_changed":false,"footnotes":""},"class_list":["post-2224","page","type-page","status-publish","hentry"],"acf":[],"yoast_head":"<!-- This site is optimized with the Yoast SEO plugin v27.3 - https:\/\/yoast.com\/product\/yoast-seo-wordpress\/ -->\n<title>Dienstleistungen \/ Ersatzteile \/ Miete | Polysoude<\/title>\n<meta name=\"description\" content=\"Advice, assistance, training and rental of equipment... We provide services at every level, with the sole aim of guaranteeing the availability of customer equipment, thereby maintaining your productivity.\" \/>\n<meta name=\"robots\" content=\"index, follow, max-snippet:-1, max-image-preview:large, max-video-preview:-1\" \/>\n<link rel=\"canonical\" href=\"https:\/\/www.polysoude.com\/de\/dienstleistungen-ersatzteile-miete\/\" \/>\n<meta property=\"og:locale\" content=\"de_DE\" \/>\n<meta property=\"og:type\" content=\"article\" \/>\n<meta property=\"og:title\" content=\"Dienstleistungen \/ Ersatzteile \/ Miete | Polysoude\" \/>\n<meta property=\"og:description\" content=\"Advice, assistance, training and rental of equipment... We provide services at every level, with the sole aim of guaranteeing the availability of customer equipment, thereby maintaining your productivity.\" \/>\n<meta property=\"og:url\" content=\"https:\/\/www.polysoude.com\/de\/dienstleistungen-ersatzteile-miete\/\" \/>\n<meta property=\"og:site_name\" content=\"Polysoude\" \/>\n<meta property=\"article:publisher\" content=\"https:\/\/www.facebook.com\/Polysoude\/\" \/>\n<meta property=\"article:modified_time\" content=\"2022-04-05T15:04:52+00:00\" \/>\n<meta property=\"og:image\" content=\"https:\/\/www.polysoude.com\/wp-content\/uploads\/2022\/07\/Polysoude_Logo_signature_fond-transparent_600dpi_300mm_RVB-e1658123578778.png\" \/>\n\t<meta property=\"og:image:width\" content=\"465\" \/>\n\t<meta property=\"og:image:height\" content=\"86\" \/>\n\t<meta property=\"og:image:type\" content=\"image\/png\" \/>\n<meta name=\"twitter:card\" content=\"summary_large_image\" \/>\n<meta name=\"twitter:label1\" content=\"Gesch\u00e4tzte Lesezeit\" \/>\n\t<meta name=\"twitter:data1\" content=\"1 minute\" \/>\n<script type=\"application\/ld+json\" class=\"yoast-schema-graph\">{\"@context\":\"https:\\\/\\\/schema.org\",\"@graph\":[{\"@type\":\"WebPage\",\"@id\":\"https:\\\/\\\/www.polysoude.com\\\/de\\\/dienstleistungen-ersatzteile-miete\\\/\",\"url\":\"https:\\\/\\\/www.polysoude.com\\\/de\\\/dienstleistungen-ersatzteile-miete\\\/\",\"name\":\"Dienstleistungen \\\/ Ersatzteile \\\/ Miete | Polysoude\",\"isPartOf\":{\"@id\":\"https:\\\/\\\/www.polysoude.com\\\/de\\\/#website\"},\"primaryImageOfPage\":{\"@id\":\"https:\\\/\\\/www.polysoude.com\\\/de\\\/dienstleistungen-ersatzteile-miete\\\/#primaryimage\"},\"image\":{\"@id\":\"https:\\\/\\\/www.polysoude.com\\\/de\\\/dienstleistungen-ersatzteile-miete\\\/#primaryimage\"},\"thumbnailUrl\":\"https:\\\/\\\/www.polysoude.com\\\/wp-content\\\/uploads\\\/2016\\\/10\\\/polysoude-worldwide-network.jpg\",\"datePublished\":\"2016-10-06T08:02:13+00:00\",\"dateModified\":\"2022-04-05T15:04:52+00:00\",\"description\":\"Advice, assistance, training and rental of equipment... We provide services at every level, with the sole aim of guaranteeing the availability of customer equipment, thereby maintaining your productivity.\",\"breadcrumb\":{\"@id\":\"https:\\\/\\\/www.polysoude.com\\\/de\\\/dienstleistungen-ersatzteile-miete\\\/#breadcrumb\"},\"inLanguage\":\"de-DE\",\"potentialAction\":[{\"@type\":\"ReadAction\",\"target\":[\"https:\\\/\\\/www.polysoude.com\\\/de\\\/dienstleistungen-ersatzteile-miete\\\/\"]}]},{\"@type\":\"ImageObject\",\"inLanguage\":\"de-DE\",\"@id\":\"https:\\\/\\\/www.polysoude.com\\\/de\\\/dienstleistungen-ersatzteile-miete\\\/#primaryimage\",\"url\":\"https:\\\/\\\/www.polysoude.com\\\/wp-content\\\/uploads\\\/2016\\\/10\\\/polysoude-worldwide-network.jpg\",\"contentUrl\":\"https:\\\/\\\/www.polysoude.com\\\/wp-content\\\/uploads\\\/2016\\\/10\\\/polysoude-worldwide-network.jpg\"},{\"@type\":\"BreadcrumbList\",\"@id\":\"https:\\\/\\\/www.polysoude.com\\\/de\\\/dienstleistungen-ersatzteile-miete\\\/#breadcrumb\",\"itemListElement\":[{\"@type\":\"ListItem\",\"position\":1,\"name\":\"Home\",\"item\":\"https:\\\/\\\/www.polysoude.com\\\/de\\\/homepage\\\/\"},{\"@type\":\"ListItem\",\"position\":2,\"name\":\"Dienstleistungen \\\/ Ersatzteile \\\/ Miete\"}]},{\"@type\":\"WebSite\",\"@id\":\"https:\\\/\\\/www.polysoude.com\\\/de\\\/#website\",\"url\":\"https:\\\/\\\/www.polysoude.com\\\/de\\\/\",\"name\":\"Polysoude\",\"description\":\"The art of welding\",\"publisher\":{\"@id\":\"https:\\\/\\\/www.polysoude.com\\\/de\\\/#organization\"},\"alternateName\":\"Polysoude\",\"potentialAction\":[{\"@type\":\"SearchAction\",\"target\":{\"@type\":\"EntryPoint\",\"urlTemplate\":\"https:\\\/\\\/www.polysoude.com\\\/de\\\/?s={search_term_string}\"},\"query-input\":{\"@type\":\"PropertyValueSpecification\",\"valueRequired\":true,\"valueName\":\"search_term_string\"}}],\"inLanguage\":\"de-DE\"},{\"@type\":\"Organization\",\"@id\":\"https:\\\/\\\/www.polysoude.com\\\/de\\\/#organization\",\"name\":\"Polysoude\",\"alternateName\":\"Polysoude\",\"url\":\"https:\\\/\\\/www.polysoude.com\\\/de\\\/\",\"logo\":{\"@type\":\"ImageObject\",\"inLanguage\":\"de-DE\",\"@id\":\"https:\\\/\\\/www.polysoude.com\\\/de\\\/#\\\/schema\\\/logo\\\/image\\\/\",\"url\":\"https:\\\/\\\/www.polysoude.com\\\/wp-content\\\/uploads\\\/2022\\\/07\\\/Polysoude_Logo_signature_fond-transparent_600dpi_300mm_RVB-e1658123578778.png\",\"contentUrl\":\"https:\\\/\\\/www.polysoude.com\\\/wp-content\\\/uploads\\\/2022\\\/07\\\/Polysoude_Logo_signature_fond-transparent_600dpi_300mm_RVB-e1658123578778.png\",\"width\":465,\"height\":86,\"caption\":\"Polysoude\"},\"image\":{\"@id\":\"https:\\\/\\\/www.polysoude.com\\\/de\\\/#\\\/schema\\\/logo\\\/image\\\/\"},\"sameAs\":[\"https:\\\/\\\/www.facebook.com\\\/Polysoude\\\/\",\"https:\\\/\\\/www.linkedin.com\\\/company\\\/polysoude\\\/\",\"https:\\\/\\\/www.instagram.com\\\/polysoudeglobal\\\/\"]}]}<\/script>\n<!-- \/ Yoast SEO plugin. -->","yoast_head_json":{"title":"Dienstleistungen \/ Ersatzteile \/ Miete | Polysoude","description":"Advice, assistance, training and rental of equipment... We provide services at every level, with the sole aim of guaranteeing the availability of customer equipment, thereby maintaining your productivity.","robots":{"index":"index","follow":"follow","max-snippet":"max-snippet:-1","max-image-preview":"max-image-preview:large","max-video-preview":"max-video-preview:-1"},"canonical":"https:\/\/www.polysoude.com\/de\/dienstleistungen-ersatzteile-miete\/","og_locale":"de_DE","og_type":"article","og_title":"Dienstleistungen \/ Ersatzteile \/ Miete | Polysoude","og_description":"Advice, assistance, training and rental of equipment... We provide services at every level, with the sole aim of guaranteeing the availability of customer equipment, thereby maintaining your productivity.","og_url":"https:\/\/www.polysoude.com\/de\/dienstleistungen-ersatzteile-miete\/","og_site_name":"Polysoude","article_publisher":"https:\/\/www.facebook.com\/Polysoude\/","article_modified_time":"2022-04-05T15:04:52+00:00","og_image":[{"width":465,"height":86,"url":"https:\/\/www.polysoude.com\/wp-content\/uploads\/2022\/07\/Polysoude_Logo_signature_fond-transparent_600dpi_300mm_RVB-e1658123578778.png","type":"image\/png"}],"twitter_card":"summary_large_image","twitter_misc":{"Gesch\u00e4tzte Lesezeit":"1 minute"},"schema":{"@context":"https:\/\/schema.org","@graph":[{"@type":"WebPage","@id":"https:\/\/www.polysoude.com\/de\/dienstleistungen-ersatzteile-miete\/","url":"https:\/\/www.polysoude.com\/de\/dienstleistungen-ersatzteile-miete\/","name":"Dienstleistungen \/ Ersatzteile \/ Miete | Polysoude","isPartOf":{"@id":"https:\/\/www.polysoude.com\/de\/#website"},"primaryImageOfPage":{"@id":"https:\/\/www.polysoude.com\/de\/dienstleistungen-ersatzteile-miete\/#primaryimage"},"image":{"@id":"https:\/\/www.polysoude.com\/de\/dienstleistungen-ersatzteile-miete\/#primaryimage"},"thumbnailUrl":"https:\/\/www.polysoude.com\/wp-content\/uploads\/2016\/10\/polysoude-worldwide-network.jpg","datePublished":"2016-10-06T08:02:13+00:00","dateModified":"2022-04-05T15:04:52+00:00","description":"Advice, assistance, training and rental of equipment... We provide services at every level, with the sole aim of guaranteeing the availability of customer equipment, thereby maintaining your productivity.","breadcrumb":{"@id":"https:\/\/www.polysoude.com\/de\/dienstleistungen-ersatzteile-miete\/#breadcrumb"},"inLanguage":"de-DE","potentialAction":[{"@type":"ReadAction","target":["https:\/\/www.polysoude.com\/de\/dienstleistungen-ersatzteile-miete\/"]}]},{"@type":"ImageObject","inLanguage":"de-DE","@id":"https:\/\/www.polysoude.com\/de\/dienstleistungen-ersatzteile-miete\/#primaryimage","url":"https:\/\/www.polysoude.com\/wp-content\/uploads\/2016\/10\/polysoude-worldwide-network.jpg","contentUrl":"https:\/\/www.polysoude.com\/wp-content\/uploads\/2016\/10\/polysoude-worldwide-network.jpg"},{"@type":"BreadcrumbList","@id":"https:\/\/www.polysoude.com\/de\/dienstleistungen-ersatzteile-miete\/#breadcrumb","itemListElement":[{"@type":"ListItem","position":1,"name":"Home","item":"https:\/\/www.polysoude.com\/de\/homepage\/"},{"@type":"ListItem","position":2,"name":"Dienstleistungen \/ Ersatzteile \/ Miete"}]},{"@type":"WebSite","@id":"https:\/\/www.polysoude.com\/de\/#website","url":"https:\/\/www.polysoude.com\/de\/","name":"Polysoude","description":"The art of welding","publisher":{"@id":"https:\/\/www.polysoude.com\/de\/#organization"},"alternateName":"Polysoude","potentialAction":[{"@type":"SearchAction","target":{"@type":"EntryPoint","urlTemplate":"https:\/\/www.polysoude.com\/de\/?s={search_term_string}"},"query-input":{"@type":"PropertyValueSpecification","valueRequired":true,"valueName":"search_term_string"}}],"inLanguage":"de-DE"},{"@type":"Organization","@id":"https:\/\/www.polysoude.com\/de\/#organization","name":"Polysoude","alternateName":"Polysoude","url":"https:\/\/www.polysoude.com\/de\/","logo":{"@type":"ImageObject","inLanguage":"de-DE","@id":"https:\/\/www.polysoude.com\/de\/#\/schema\/logo\/image\/","url":"https:\/\/www.polysoude.com\/wp-content\/uploads\/2022\/07\/Polysoude_Logo_signature_fond-transparent_600dpi_300mm_RVB-e1658123578778.png","contentUrl":"https:\/\/www.polysoude.com\/wp-content\/uploads\/2022\/07\/Polysoude_Logo_signature_fond-transparent_600dpi_300mm_RVB-e1658123578778.png","width":465,"height":86,"caption":"Polysoude"},"image":{"@id":"https:\/\/www.polysoude.com\/de\/#\/schema\/logo\/image\/"},"sameAs":["https:\/\/www.facebook.com\/Polysoude\/","https:\/\/www.linkedin.com\/company\/polysoude\/","https:\/\/www.instagram.com\/polysoudeglobal\/"]}]}},"_links":{"self":[{"href":"https:\/\/www.polysoude.com\/de\/wp-json\/wp\/v2\/pages\/2224","targetHints":{"allow":["GET"]}}],"collection":[{"href":"https:\/\/www.polysoude.com\/de\/wp-json\/wp\/v2\/pages"}],"about":[{"href":"https:\/\/www.polysoude.com\/de\/wp-json\/wp\/v2\/types\/page"}],"author":[{"embeddable":true,"href":"https:\/\/www.polysoude.com\/de\/wp-json\/wp\/v2\/users\/3"}],"replies":[{"embeddable":true,"href":"https:\/\/www.polysoude.com\/de\/wp-json\/wp\/v2\/comments?post=2224"}],"version-history":[{"count":23,"href":"https:\/\/www.polysoude.com\/de\/wp-json\/wp\/v2\/pages\/2224\/revisions"}],"predecessor-version":[{"id":39538,"href":"https:\/\/www.polysoude.com\/de\/wp-json\/wp\/v2\/pages\/2224\/revisions\/39538"}],"wp:attachment":[{"href":"https:\/\/www.polysoude.com\/de\/wp-json\/wp\/v2\/media?parent=2224"}],"curies":[{"name":"wp","href":"https:\/\/api.w.org\/{rel}","templated":true}]}}