{"id":2269,"date":"2016-10-06T10:05:18","date_gmt":"2016-10-06T08:05:18","guid":{"rendered":"http:\/\/www.polysoude.com\/about-us\/?lang=de"},"modified":"2023-07-31T12:13:15","modified_gmt":"2023-07-31T10:13:15","slug":"das-unternehmen","status":"publish","type":"page","link":"https:\/\/www.polysoude.com\/de\/about-polysoude-2\/das-unternehmen\/","title":{"rendered":"Das Unternehmen"},"content":{"rendered":"\n\n\t<h2>POLYSOUDE entwickelt, fertigt und vertreibt alle Arten von Schwei\u00dfanlagen auf der Grundlage<br \/>\ndes Lichtbogenverfahrens:<\/h2>\n<ul>\n<li>Orbitalschwei\u00dfen: Rohr-Rohr- und Rohr-Boden-Verbindungen in jeder Gr\u00f6\u00dfe und Wandst\u00e4rke<\/li>\n<li>Automatisiertes <a href=\"https:\/\/www.polysoude.com\/de\/\">Schwei\u00dfen<\/a>: WIG &#8211; Kalt- und Hei\u00dfdraht &#8211; Plasma<\/li>\n<li>Auftragschwei\u00dfen: WIG- oder TIG<sup>er<\/sup>-Kaltdraht oder Hei\u00dfdraht<\/li>\n<li>verbundene Dienstleistungen.<\/li>\n<\/ul>\n\t\t\t\t<img loading=\"lazy\" decoding=\"async\" src=\"https:\/\/www.polysoude.com\/wp-content\/uploads\/2016\/10\/about-polysoude-entrance.jpg\" alt=\"About Polysoude entrance\" height=\"675\" width=\"900\" title=\"about-polysoude-entrance\" \/>\n\t<p>&nbsp;<\/p>\n<p>Die Ergebnisse sind qualitative, <strong>innovative und technisch erprobte L\u00f6sungen<\/strong> hoher Wertsch\u00f6pfung, die den Anspr\u00fcchen der Fertigungsindustrie entsprechen. Gest\u00fctzt auf die <strong>Erfahrungen, das technische K\u00f6nnen und die Kreativit\u00e4t<\/strong> einer Gruppe kompetenter Fachleute gelingt es dem Unternehmen, stets eine Vorreiterrolle bez\u00fcglich Forschung und Entwicklung einzunehmen und hochinnovative Verfahren wie die TIG<sup>er<\/sup>-Technologie mit Bikathodenbrenner f\u00fcr das Auftragschwei\u00dfen zur Anwendungsreife zu bringen.<\/p>\n<p>&nbsp;<\/p>\n\t<p>Unsere Produkte werden in Industriesektoren mit h\u00f6chstem Anspruch an die Qualit\u00e4tskontrolle verwendet, wie etwa:<\/p>\n<ul>\n<li>&#8222;High Purity&#8220; Industrien (Chemie, Lebensmittel, Pharmazie, Halbleiter, Wasseraufbereitung)<\/li>\n<li>W\u00e4rmetauscher (Kesselbau, W\u00e4rme\u00fcbertragung)<\/li>\n<li>Energiegewinnung (Fossile, Kern- und erneuerbare Energie)<\/li>\n<li>Erd\u00f6l- &amp; Gasgewinnung (F\u00f6rderung, Verarbeitung, Transport)<\/li>\n<li>Transport (Raumfahrt, Automobil, Schiffbau, Schienenfahrzeuge)<\/li>\n<li>F\u00fcgen von Bauteilen in der Serienfertigung (Beh\u00e4lter, Metallschl\u00e4uche etc.)<\/li>\n<\/ul>\n\t<h4>Vorreiter &#8211; und doch ganz nah &#8211; Verst\u00e4ndnis f\u00fcr die Herausforderungen der industriellen Produktion<\/h4>\n<p>POLYSOUDE verfolgt ein einziges ehrgeiziges Ziel: auf der Basis neuer, individueller L\u00f6sungen die <strong>Produktivit\u00e4t und Qualit\u00e4t<\/strong> der Erzeugnisse seiner Kunden so zu <strong>steigern<\/strong>, dass sie h\u00f6chsten Anspr\u00fcchen gerecht werden. Dazu werden die <strong>spezifischen Bed\u00fcrfnisse<\/strong> unserer Kunden unter Nutzung unserer <strong>Kenntnisse und Kompetenzen auf dem Gebiet der Schwei\u00dftechnik einer genauen Analyse<\/strong> unterzogen. Damit sind wir in der Lage, zur Steigerung der industriellen Wertsch\u00f6pfung unserer Kunden beizutragen, indem wir alle M\u00f6glichkeiten zur Verbesserung ihrer <a href=\"https:\/\/www.polysoude.com\/de\/wig-schweissausruestung\/\">Schwei\u00dfverfahren<\/a> aussch\u00f6pfen.<\/p>\n\n\t<h4>Umfassende Dienstleistungen<\/h4>\n<p>Zus\u00e4tzlich zu unseren technischen Innovationen suchen wir den engen Kontakt zu unseren Kunden, sowohl in geografischem als auch kulturellem Sinn. Bei unserem Bestreben nach Spitzenleistung h\u00f6ren wir sie an, analysieren ihre Bed\u00fcrfnisse und bieten ihnen Unterst\u00fctzung \u00fcber eine breite Palette an Dienstleistungen, darunter Schulungen und Beratungen.<\/p>\n\t<h4>R\u00fcckschau auf eine erfolgreiche Geschichte<\/h4>\n<p>Seit 50 Jahren hat sich POLYSOUDE nun st\u00e4ndig entwickelt, erm\u00f6glichte seinen Kunden, von seinem Erfahrungsreichtum zu profitieren und expandierte weltweit. Einige Meilensteine:<\/p>\n<ul>\n<li><strong>1961<\/strong>\u00a0&#8211; Gr\u00fcndung von POLYSOUDE, Vorreiter bei Entwicklung und Fertigung von Orbitalschwei\u00dfanlagen.<\/li>\n<li><strong>1979<\/strong>\u00a0&#8211; \u00dcbernahme durch die deutsche Messer-Gruppe (ein Tochterunternehmen von Hoechst)<\/li>\n<li><strong>1993<\/strong>\u00a0&#8211; \u00dcbernahme von ASTRO ARC Inc., Bildung von ASTRO ARC POLYSOUDE Inc. als Vertretung in den USA<\/li>\n<li><strong>1996<\/strong>\u00a0&#8211; Er\u00f6ffnung unseres B\u00fcros POLYSOUDE UK<\/li>\n<li><strong>1998<\/strong>\u00a0&#8211; POLYSOUDE wird Mitglied der GWT-Gruppe<\/li>\n<li><strong>2000<\/strong>\u00a0&#8211; Er\u00f6ffnung unseres B\u00fcros POLYSOUDE BENELUX<\/li>\n<li><strong>2004<\/strong> &#8211;\u00a0Er\u00f6ffnung unserer chinesischen Filiale &#8211; POLYSOUDE SHANGHAI Co. Ltd.<\/li>\n<li><strong>2005<\/strong>\u00a0&#8211; Er\u00f6ffnung unserer \u00f6sterreichischen Filiale &#8211; POLYSOUDE AUSTRIA GmbH<\/li>\n<li><strong>2006<\/strong>\u00a0&#8211; Er\u00f6ffnung unserer russischen Filiale &#8211; POLYSOUDE WT 000 in Moskau<\/li>\n<li><strong>2006<\/strong>\u00a0&#8211; Er\u00f6ffnung unserer schweizerischen Filiale &#8211; POLYSOUDE SWITZERLAND Ltd.<\/li>\n<li><strong>2007<\/strong>\u00a0&#8211; Er\u00f6ffnung unserer italienischen Filiale POLYSOUDE ITALIA S.R.L.<\/li>\n<li><strong>2008<\/strong>\u00a0&#8211; Er\u00f6ffnung unseres B\u00fcros POLYSOUDE Tschechische Republik<\/li>\n<li><strong>2008<\/strong>\u00a0&#8211; Zertifizierung ISO 9001: 2000<\/li>\n<li><strong>2009<\/strong>\u00a0&#8211; Er\u00f6ffnung unseres B\u00fcros POLYSOUDE INDIA<\/li>\n<li><strong>2011<\/strong>\u00a0&#8211; Er\u00f6ffnung unserer deutschen Filiale &#8211; POLYSOUDE DEUTSCHLAND GmbH<\/li>\n<li><strong>2013<\/strong>\u00a0&#8211; Er\u00f6ffnung unseres B\u00fcros POLYSOUDE IBERIA<\/li>\n<li><strong>2013<\/strong>\u00a0&#8211; Er\u00f6ffnung des POLYSOUDE-Schwei\u00dftechnologiezentrums PTW in Russland<\/li>\n<li><strong>2013<\/strong>\u00a0&#8211; Entwicklung der einzigartigen TIG<sup>er<\/sup>-Auftragschwei\u00dftechnologie durch POLYSOUDE<\/li>\n<li><strong>2014<\/strong> &#8211; Er\u00f6ffnung des POLYSOUDE-Schwei\u00dftechnologiezentrums in der Schweiz<\/li>\n<li><strong>2015<\/strong> &#8211; Erste endlos rotierende SPX TIGer-Auftragsschwei\u00dfanlage mit numerischer Steuerung<\/li>\n<li><strong>2015<\/strong> &#8211; Zertifizierung nach ISO 9001: 2008<\/li>\n<li><strong>2017<\/strong> &#8211; Entwicklung der Video\u00fcberwachung mit WDR-Sensor f\u00fcr Schwei\u00dfen und Schwei\u00df\u00fcberlagerung<\/li>\n<li><strong>2018<\/strong> &#8211; Einf\u00fchrung der PolyClad-Produktpalette, L\u00f6sungen f\u00fcr Schwei\u00df\u00fcberlagerungen<\/li>\n<li><strong>2018<\/strong> &#8211; Zertifizierung nach ISO 9001: 2015<\/li>\n<li><strong>2019<\/strong> &#8211; Industrie 4.0: Auf dem Weg zu mehr kommunizierenden und intelligenten Smart Welding Stations<\/li>\n<li><strong>2019<\/strong> &#8211; Partnerschaft mit PROTEM<\/li>\n<li><strong>2020<\/strong> &#8211; Er\u00f6ffnung unserer niederl\u00e4ndischen Tochtergesellschaft &#8211; POLYSOUDE BENELUX B.V.<\/li>\n<li><strong>2021<\/strong> &#8211; Zertifizierung ISO 9001: zum 15. Mal in Folge<\/li>\n<\/ul>\n\t\t\t\t<a href=\"https:\/\/www.polysoude.com\/wp-content\/uploads\/2016\/10\/polysoude-former-baco-building.jpg\" target=\"_self\" rel=\"noopener\">\n\t\t\t\t<img loading=\"lazy\" decoding=\"async\" src=\"https:\/\/www.polysoude.com\/wp-content\/uploads\/2016\/10\/polysoude-former-baco-building.jpg\" alt=\"Fr\u00fcheres Polysoude-Geb\u00e4ude &quot;BACO&quot;\" height=\"254\" width=\"250\" title=\"polysoude-former-baco-building\" \/>\n\t\t\t\t<\/a>\n\t\tFr\u00fcheres Polysoude-Geb\u00e4ude &#8222;BACO&#8220;\n\t<h4>Die Firma POLYSOUDE geh\u00f6rt zur Global Welding Technologies Group AG<\/h4>\n<p>Die GWT bedient den Markt des Orbitalschwei\u00dfens und stellt Probleml\u00f6sungen und Anlagen im Bereich des automatisierten und des Roboterschwei\u00dfens zur Verf\u00fcgung. Hier finden Sie alle notwendigen technischen Voraussetzungen sowie ein weltweit t\u00e4tiges Vertriebs- und Servicenetz.<\/p>\n\t\t\t\t<img loading=\"lazy\" decoding=\"async\" src=\"https:\/\/www.polysoude.com\/wp-content\/uploads\/2023\/07\/global-welding-logo_rot-grau-300x254.png\" alt=\"global welding logo_rot-grau\" height=\"254\" width=\"300\" title=\"global welding logo_rot-grau\" \/>\n\t\t\t\t<img loading=\"lazy\" decoding=\"async\" src=\"https:\/\/www.polysoude.com\/wp-content\/uploads\/2016\/10\/logo-polysoude-small.jpg\" alt=\"logo-polysoude-small\" height=\"30\" width=\"268\" title=\"logo-polysoude-small\" \/>\n\t\t\t\t<a href=\"https:\/\/www.igm-group.com\/\" target=\"_blank\" rel=\"noopener nofollow\">\n\t\t\t\t<img loading=\"lazy\" decoding=\"async\" src=\"https:\/\/www.polysoude.com\/wp-content\/uploads\/2016\/10\/logo-igm_small.jpg\" alt=\"logo-igm_small\" height=\"41\" width=\"94\" title=\"logo-igm_small\" \/>\n\t\t\t\t<\/a>\n\t\t\t\t<a href=\"https:\/\/www.oxytechnik.de\/\" target=\"_blank\" rel=\"noopener nofollow\">\n\t\t\t\t<img loading=\"lazy\" decoding=\"async\" src=\"https:\/\/www.polysoude.com\/wp-content\/uploads\/2016\/10\/logo-oxytechnik_small.jpg\" alt=\"logo-oxytechnik_small\" height=\"77\" width=\"211\" title=\"logo-oxytechnik_small\" \/>\n\t\t\t\t<\/a>\n\t\t\t\t<a href=\"https:\/\/www.global-welding-technologies.com\/\" target=\"_blank\" rel=\"noopener nofollow\">\n\t\t\t\t<img loading=\"lazy\" decoding=\"async\" src=\"https:\/\/www.polysoude.com\/wp-content\/uploads\/2023\/07\/Logo_GBT_5.png\" alt=\"Logo_GBT_5\" height=\"65\" width=\"95\" title=\"Logo_GBT_5\" \/>\n\t\t\t\t<\/a>\n\t\t\t\t<img loading=\"lazy\" decoding=\"async\" src=\"https:\/\/www.polysoude.com\/wp-content\/uploads\/2016\/10\/group-pic-polysoude-150x150.jpg\" alt=\"group-pic-polysoude\" height=\"150\" width=\"150\" title=\"group-pic-polysoude\" \/>\n\t\t\t\t<img loading=\"lazy\" decoding=\"async\" src=\"https:\/\/www.polysoude.com\/wp-content\/uploads\/2016\/10\/group-pic-igm-150x150.jpg\" alt=\"group-pic-igm\" height=\"150\" width=\"150\" title=\"group-pic-igm\" \/>\n\t\t\t\t<img loading=\"lazy\" decoding=\"async\" src=\"https:\/\/www.polysoude.com\/wp-content\/uploads\/2016\/10\/group-pic-oxytechnik-150x150.jpg\" alt=\"group-pic-oxytechnik\" height=\"150\" width=\"150\" title=\"group-pic-oxytechnik\" \/>\n\t\t\t\t<img loading=\"lazy\" decoding=\"async\" src=\"https:\/\/www.polysoude.com\/wp-content\/uploads\/2016\/10\/group-pic-gbt-150x150.jpg\" alt=\"group-pic-gbt\" height=\"150\" width=\"150\" title=\"group-pic-gbt\" \/>\n\t<p>Marktf\u00fchrer in den Bereichen des Orbitalschwei\u00dfens, des automatisierten Schwei\u00dfens und bei Auftragschwei\u00dfanwendungen mit Hilfe der WIG-, der TIG<sup>er<\/sup>&#8211; und der Plasmatechnologie.<\/p>\n\t<p>Spezialisiert auf dem Gebiet kompakter Schwei\u00dfzellen, kundenspezifisch ausgelegter Schwei\u00dfroboter, Ausr\u00fcstungen zur Schwei\u00dfnahtvorbereitung und flexiblen Fertigungslinien.<\/p>\n\t<p>Kompetenz und Leistungsf\u00e4higkeit, wenn es in der Fertigung um Schwei\u00dfen und Schneiden geht.<\/p>\n\t<p>Beherrscht alles, was mit Elektronenstrahltechnologie und zugeh\u00f6riger Fertigungsautomatisation zu tun hat.<\/p>\n\t<p><strong>GWT Gruppe: Umfassendes Know-How, was das automatisierte- und Auftragschwei\u00dfen betrifft.<\/strong><\/p>\n\n","protected":false},"excerpt":{"rendered":"<p>POLYSOUDE entwickelt, fertigt und vertreibt alle Arten von Schwei\u00dfanlagen auf der Grundlage des Lichtbogenverfahrens: Orbitalschwei\u00dfen: Rohr-Rohr- und Rohr-Boden-Verbindungen in jeder Gr\u00f6\u00dfe und Wandst\u00e4rke Automatisiertes Schwei\u00dfen: WIG &#8211; Kalt- und Hei\u00dfdraht &#8211; Plasma Auftragschwei\u00dfen: WIG- oder TIGer-Kaltdraht oder Hei\u00dfdraht verbundene Dienstleistungen. &nbsp; Die Ergebnisse sind qualitative, innovative und technisch erprobte L\u00f6sungen hoher Wertsch\u00f6pfung, die den Anspr\u00fcchen [&hellip;]<\/p>\n","protected":false},"author":1,"featured_media":683,"parent":3054,"menu_order":0,"comment_status":"closed","ping_status":"closed","template":"page-contenu.php","meta":{"_acf_changed":false,"footnotes":""},"class_list":["post-2269","page","type-page","status-publish","has-post-thumbnail","hentry"],"acf":[],"yoast_head":"<!-- This site is optimized with the Yoast SEO plugin v27.3 - https:\/\/yoast.com\/product\/yoast-seo-wordpress\/ -->\n<title>Das Unternehmen | Polysoude<\/title>\n<meta name=\"description\" content=\"POLYSOUDE entwickelt, fertigt und vertreibt alle Arten von Schwei\u00dfanlagen auf der Grundlage des Lichtbogenverfahrens: Orbitalschwei\u00dfen: Rohr-Rohr- und\" \/>\n<meta name=\"robots\" content=\"index, follow, max-snippet:-1, max-image-preview:large, max-video-preview:-1\" \/>\n<link rel=\"canonical\" href=\"https:\/\/www.polysoude.com\/de\/about-polysoude-2\/das-unternehmen\/\" \/>\n<meta property=\"og:locale\" content=\"de_DE\" \/>\n<meta property=\"og:type\" content=\"article\" \/>\n<meta property=\"og:title\" content=\"Das Unternehmen | Polysoude\" \/>\n<meta property=\"og:description\" content=\"POLYSOUDE entwickelt, fertigt und vertreibt alle Arten von Schwei\u00dfanlagen auf der Grundlage des Lichtbogenverfahrens: Orbitalschwei\u00dfen: Rohr-Rohr- und\" \/>\n<meta property=\"og:url\" content=\"https:\/\/www.polysoude.com\/de\/about-polysoude-2\/das-unternehmen\/\" \/>\n<meta property=\"og:site_name\" content=\"Polysoude\" \/>\n<meta property=\"article:publisher\" content=\"https:\/\/www.facebook.com\/Polysoude\/\" \/>\n<meta property=\"article:modified_time\" content=\"2023-07-31T10:13:15+00:00\" \/>\n<meta property=\"og:image\" content=\"https:\/\/www.polysoude.com\/wp-content\/uploads\/2022\/07\/Polysoude_Logo_signature_fond-transparent_600dpi_300mm_RVB-e1658123578778.png\" \/>\n\t<meta property=\"og:image:width\" content=\"465\" \/>\n\t<meta property=\"og:image:height\" content=\"86\" \/>\n\t<meta property=\"og:image:type\" content=\"image\/png\" \/>\n<meta name=\"twitter:card\" content=\"summary_large_image\" \/>\n<meta name=\"twitter:label1\" content=\"Gesch\u00e4tzte Lesezeit\" \/>\n\t<meta name=\"twitter:data1\" content=\"4 minutes\" \/>\n<script type=\"application\/ld+json\" class=\"yoast-schema-graph\">{\"@context\":\"https:\\\/\\\/schema.org\",\"@graph\":[{\"@type\":\"WebPage\",\"@id\":\"https:\\\/\\\/www.polysoude.com\\\/de\\\/about-polysoude-2\\\/das-unternehmen\\\/\",\"url\":\"https:\\\/\\\/www.polysoude.com\\\/de\\\/about-polysoude-2\\\/das-unternehmen\\\/\",\"name\":\"Das Unternehmen | Polysoude\",\"isPartOf\":{\"@id\":\"https:\\\/\\\/www.polysoude.com\\\/de\\\/#website\"},\"primaryImageOfPage\":{\"@id\":\"https:\\\/\\\/www.polysoude.com\\\/de\\\/about-polysoude-2\\\/das-unternehmen\\\/#primaryimage\"},\"image\":{\"@id\":\"https:\\\/\\\/www.polysoude.com\\\/de\\\/about-polysoude-2\\\/das-unternehmen\\\/#primaryimage\"},\"thumbnailUrl\":\"https:\\\/\\\/www.polysoude.com\\\/wp-content\\\/uploads\\\/2016\\\/10\\\/about-polysoude-entrance.jpg\",\"datePublished\":\"2016-10-06T08:05:18+00:00\",\"dateModified\":\"2023-07-31T10:13:15+00:00\",\"description\":\"POLYSOUDE entwickelt, fertigt und vertreibt alle Arten von Schwei\u00dfanlagen auf der Grundlage des Lichtbogenverfahrens: Orbitalschwei\u00dfen: Rohr-Rohr- und\",\"breadcrumb\":{\"@id\":\"https:\\\/\\\/www.polysoude.com\\\/de\\\/about-polysoude-2\\\/das-unternehmen\\\/#breadcrumb\"},\"inLanguage\":\"de-DE\",\"potentialAction\":[{\"@type\":\"ReadAction\",\"target\":[\"https:\\\/\\\/www.polysoude.com\\\/de\\\/about-polysoude-2\\\/das-unternehmen\\\/\"]}]},{\"@type\":\"ImageObject\",\"inLanguage\":\"de-DE\",\"@id\":\"https:\\\/\\\/www.polysoude.com\\\/de\\\/about-polysoude-2\\\/das-unternehmen\\\/#primaryimage\",\"url\":\"https:\\\/\\\/www.polysoude.com\\\/wp-content\\\/uploads\\\/2016\\\/10\\\/about-polysoude-entrance.jpg\",\"contentUrl\":\"https:\\\/\\\/www.polysoude.com\\\/wp-content\\\/uploads\\\/2016\\\/10\\\/about-polysoude-entrance.jpg\",\"width\":900,\"height\":675,\"caption\":\"About Polysoude entrance\"},{\"@type\":\"BreadcrumbList\",\"@id\":\"https:\\\/\\\/www.polysoude.com\\\/de\\\/about-polysoude-2\\\/das-unternehmen\\\/#breadcrumb\",\"itemListElement\":[{\"@type\":\"ListItem\",\"position\":1,\"name\":\"Home\",\"item\":\"https:\\\/\\\/www.polysoude.com\\\/de\\\/homepage\\\/\"},{\"@type\":\"ListItem\",\"position\":2,\"name\":\"\u00dcber Polysoude\",\"item\":\"https:\\\/\\\/www.polysoude.com\\\/de\\\/about-polysoude-2\\\/\"},{\"@type\":\"ListItem\",\"position\":3,\"name\":\"Das Unternehmen\"}]},{\"@type\":\"WebSite\",\"@id\":\"https:\\\/\\\/www.polysoude.com\\\/de\\\/#website\",\"url\":\"https:\\\/\\\/www.polysoude.com\\\/de\\\/\",\"name\":\"Polysoude\",\"description\":\"The art of welding\",\"publisher\":{\"@id\":\"https:\\\/\\\/www.polysoude.com\\\/de\\\/#organization\"},\"alternateName\":\"Polysoude\",\"potentialAction\":[{\"@type\":\"SearchAction\",\"target\":{\"@type\":\"EntryPoint\",\"urlTemplate\":\"https:\\\/\\\/www.polysoude.com\\\/de\\\/?s={search_term_string}\"},\"query-input\":{\"@type\":\"PropertyValueSpecification\",\"valueRequired\":true,\"valueName\":\"search_term_string\"}}],\"inLanguage\":\"de-DE\"},{\"@type\":\"Organization\",\"@id\":\"https:\\\/\\\/www.polysoude.com\\\/de\\\/#organization\",\"name\":\"Polysoude\",\"alternateName\":\"Polysoude\",\"url\":\"https:\\\/\\\/www.polysoude.com\\\/de\\\/\",\"logo\":{\"@type\":\"ImageObject\",\"inLanguage\":\"de-DE\",\"@id\":\"https:\\\/\\\/www.polysoude.com\\\/de\\\/#\\\/schema\\\/logo\\\/image\\\/\",\"url\":\"https:\\\/\\\/www.polysoude.com\\\/wp-content\\\/uploads\\\/2022\\\/07\\\/Polysoude_Logo_signature_fond-transparent_600dpi_300mm_RVB-e1658123578778.png\",\"contentUrl\":\"https:\\\/\\\/www.polysoude.com\\\/wp-content\\\/uploads\\\/2022\\\/07\\\/Polysoude_Logo_signature_fond-transparent_600dpi_300mm_RVB-e1658123578778.png\",\"width\":465,\"height\":86,\"caption\":\"Polysoude\"},\"image\":{\"@id\":\"https:\\\/\\\/www.polysoude.com\\\/de\\\/#\\\/schema\\\/logo\\\/image\\\/\"},\"sameAs\":[\"https:\\\/\\\/www.facebook.com\\\/Polysoude\\\/\",\"https:\\\/\\\/www.linkedin.com\\\/company\\\/polysoude\\\/\",\"https:\\\/\\\/www.instagram.com\\\/polysoudeglobal\\\/\"]}]}<\/script>\n<!-- \/ Yoast SEO plugin. -->","yoast_head_json":{"title":"Das Unternehmen | Polysoude","description":"POLYSOUDE entwickelt, fertigt und vertreibt alle Arten von Schwei\u00dfanlagen auf der Grundlage des Lichtbogenverfahrens: Orbitalschwei\u00dfen: Rohr-Rohr- und","robots":{"index":"index","follow":"follow","max-snippet":"max-snippet:-1","max-image-preview":"max-image-preview:large","max-video-preview":"max-video-preview:-1"},"canonical":"https:\/\/www.polysoude.com\/de\/about-polysoude-2\/das-unternehmen\/","og_locale":"de_DE","og_type":"article","og_title":"Das Unternehmen | Polysoude","og_description":"POLYSOUDE entwickelt, fertigt und vertreibt alle Arten von Schwei\u00dfanlagen auf der Grundlage des Lichtbogenverfahrens: Orbitalschwei\u00dfen: Rohr-Rohr- und","og_url":"https:\/\/www.polysoude.com\/de\/about-polysoude-2\/das-unternehmen\/","og_site_name":"Polysoude","article_publisher":"https:\/\/www.facebook.com\/Polysoude\/","article_modified_time":"2023-07-31T10:13:15+00:00","og_image":[{"width":465,"height":86,"url":"https:\/\/www.polysoude.com\/wp-content\/uploads\/2022\/07\/Polysoude_Logo_signature_fond-transparent_600dpi_300mm_RVB-e1658123578778.png","type":"image\/png"}],"twitter_card":"summary_large_image","twitter_misc":{"Gesch\u00e4tzte Lesezeit":"4 minutes"},"schema":{"@context":"https:\/\/schema.org","@graph":[{"@type":"WebPage","@id":"https:\/\/www.polysoude.com\/de\/about-polysoude-2\/das-unternehmen\/","url":"https:\/\/www.polysoude.com\/de\/about-polysoude-2\/das-unternehmen\/","name":"Das Unternehmen | Polysoude","isPartOf":{"@id":"https:\/\/www.polysoude.com\/de\/#website"},"primaryImageOfPage":{"@id":"https:\/\/www.polysoude.com\/de\/about-polysoude-2\/das-unternehmen\/#primaryimage"},"image":{"@id":"https:\/\/www.polysoude.com\/de\/about-polysoude-2\/das-unternehmen\/#primaryimage"},"thumbnailUrl":"https:\/\/www.polysoude.com\/wp-content\/uploads\/2016\/10\/about-polysoude-entrance.jpg","datePublished":"2016-10-06T08:05:18+00:00","dateModified":"2023-07-31T10:13:15+00:00","description":"POLYSOUDE entwickelt, fertigt und vertreibt alle Arten von Schwei\u00dfanlagen auf der Grundlage des Lichtbogenverfahrens: Orbitalschwei\u00dfen: Rohr-Rohr- und","breadcrumb":{"@id":"https:\/\/www.polysoude.com\/de\/about-polysoude-2\/das-unternehmen\/#breadcrumb"},"inLanguage":"de-DE","potentialAction":[{"@type":"ReadAction","target":["https:\/\/www.polysoude.com\/de\/about-polysoude-2\/das-unternehmen\/"]}]},{"@type":"ImageObject","inLanguage":"de-DE","@id":"https:\/\/www.polysoude.com\/de\/about-polysoude-2\/das-unternehmen\/#primaryimage","url":"https:\/\/www.polysoude.com\/wp-content\/uploads\/2016\/10\/about-polysoude-entrance.jpg","contentUrl":"https:\/\/www.polysoude.com\/wp-content\/uploads\/2016\/10\/about-polysoude-entrance.jpg","width":900,"height":675,"caption":"About Polysoude entrance"},{"@type":"BreadcrumbList","@id":"https:\/\/www.polysoude.com\/de\/about-polysoude-2\/das-unternehmen\/#breadcrumb","itemListElement":[{"@type":"ListItem","position":1,"name":"Home","item":"https:\/\/www.polysoude.com\/de\/homepage\/"},{"@type":"ListItem","position":2,"name":"\u00dcber Polysoude","item":"https:\/\/www.polysoude.com\/de\/about-polysoude-2\/"},{"@type":"ListItem","position":3,"name":"Das Unternehmen"}]},{"@type":"WebSite","@id":"https:\/\/www.polysoude.com\/de\/#website","url":"https:\/\/www.polysoude.com\/de\/","name":"Polysoude","description":"The art of welding","publisher":{"@id":"https:\/\/www.polysoude.com\/de\/#organization"},"alternateName":"Polysoude","potentialAction":[{"@type":"SearchAction","target":{"@type":"EntryPoint","urlTemplate":"https:\/\/www.polysoude.com\/de\/?s={search_term_string}"},"query-input":{"@type":"PropertyValueSpecification","valueRequired":true,"valueName":"search_term_string"}}],"inLanguage":"de-DE"},{"@type":"Organization","@id":"https:\/\/www.polysoude.com\/de\/#organization","name":"Polysoude","alternateName":"Polysoude","url":"https:\/\/www.polysoude.com\/de\/","logo":{"@type":"ImageObject","inLanguage":"de-DE","@id":"https:\/\/www.polysoude.com\/de\/#\/schema\/logo\/image\/","url":"https:\/\/www.polysoude.com\/wp-content\/uploads\/2022\/07\/Polysoude_Logo_signature_fond-transparent_600dpi_300mm_RVB-e1658123578778.png","contentUrl":"https:\/\/www.polysoude.com\/wp-content\/uploads\/2022\/07\/Polysoude_Logo_signature_fond-transparent_600dpi_300mm_RVB-e1658123578778.png","width":465,"height":86,"caption":"Polysoude"},"image":{"@id":"https:\/\/www.polysoude.com\/de\/#\/schema\/logo\/image\/"},"sameAs":["https:\/\/www.facebook.com\/Polysoude\/","https:\/\/www.linkedin.com\/company\/polysoude\/","https:\/\/www.instagram.com\/polysoudeglobal\/"]}]}},"_links":{"self":[{"href":"https:\/\/www.polysoude.com\/de\/wp-json\/wp\/v2\/pages\/2269","targetHints":{"allow":["GET"]}}],"collection":[{"href":"https:\/\/www.polysoude.com\/de\/wp-json\/wp\/v2\/pages"}],"about":[{"href":"https:\/\/www.polysoude.com\/de\/wp-json\/wp\/v2\/types\/page"}],"author":[{"embeddable":true,"href":"https:\/\/www.polysoude.com\/de\/wp-json\/wp\/v2\/users\/1"}],"replies":[{"embeddable":true,"href":"https:\/\/www.polysoude.com\/de\/wp-json\/wp\/v2\/comments?post=2269"}],"version-history":[{"count":31,"href":"https:\/\/www.polysoude.com\/de\/wp-json\/wp\/v2\/pages\/2269\/revisions"}],"predecessor-version":[{"id":45494,"href":"https:\/\/www.polysoude.com\/de\/wp-json\/wp\/v2\/pages\/2269\/revisions\/45494"}],"up":[{"embeddable":true,"href":"https:\/\/www.polysoude.com\/de\/wp-json\/wp\/v2\/pages\/3054"}],"wp:featuredmedia":[{"embeddable":true,"href":"https:\/\/www.polysoude.com\/de\/wp-json\/wp\/v2\/media\/683"}],"wp:attachment":[{"href":"https:\/\/www.polysoude.com\/de\/wp-json\/wp\/v2\/media?parent=2269"}],"curies":[{"name":"wp","href":"https:\/\/api.w.org\/{rel}","templated":true}]}}