{"id":2303,"date":"2016-10-06T10:05:50","date_gmt":"2016-10-06T08:05:50","guid":{"rendered":"http:\/\/www.polysoude.com\/innovations\/?lang=de"},"modified":"2019-09-06T15:40:11","modified_gmt":"2019-09-06T13:40:11","slug":"innovations","status":"publish","type":"page","link":"https:\/\/www.polysoude.com\/de\/about-polysoude-2\/innovations\/","title":{"rendered":"Innovationen"},"content":{"rendered":"\n\t<h4>F\u00f6rderung von F&amp;E<\/h4>\n<p>\u00dcber die letzten 50 Jahre sammelten wir eine ganze Menge an <strong>Know-how<\/strong> an, wie etwa ein umfassendes Verst\u00e4ndnis von Schwei\u00dfprozessen, Entwicklung und Konstruktion von Werkzeugen sowie Kenntnisse \u00fcber Elektronik und die Softwareentwicklung. Unsere Entwicklungsingenieure und -techniker vermehrten unsere Innovationsf\u00e4higkeit, wie an unseren immer erfolgreicheren, zuverl\u00e4ssigeren und benutzerfreundlicheren L\u00f6sungen zu erkennen ist.<\/p>\n\t\t\t\t<img loading=\"lazy\" decoding=\"async\" src=\"https:\/\/www.polysoude.com\/wp-content\/uploads\/2016\/10\/about_innov_ng-welding.jpg\" alt=\"Polysoude Narrow Groove welding\" itemprop=\"image\" height=\"2258\" width=\"1500\" title=\"about_innov_ng-welding\" onerror=\"this.style.display='none'\"  \/>\n\t\t\t\t<img loading=\"lazy\" decoding=\"async\" src=\"https:\/\/www.polysoude.com\/wp-content\/uploads\/2016\/10\/about_innov_tiger.jpg\" alt=\"TIGer weld overlay cladding\" itemprop=\"image\" height=\"1479\" width=\"1500\" title=\"about_innov_tiger\" onerror=\"this.style.display='none'\"  \/>\n\t<h4>Voranbringen der Qualit\u00e4t<\/h4>\n<p>Seit April 2006 ist <a href=\"https:\/\/www.polysoude.com\/de\/\">POLYSOUDE<\/a> nach <strong>ISO 9001<\/strong> zertifiziert. Diese Zertifizierung legt die Herangehensweise genau fest, mit der wir die st\u00e4ndige Verbesserung unseres Qualit\u00e4tssystems, unserer Produkte und der Dienstleistungen vornehmen, die wir unseren Kunden bieten. Sie gilt auch f\u00fcr die erstklassigen Werkzeuge, die wir eingerichtet haben, um unsere besonderen Bed\u00fcrfnisse zu erf\u00fcllen, wie etwa unser Intranet, TDMS, CAD, CAM, ERP und CRM.<\/p>\n\t\t\t\t<img loading=\"lazy\" decoding=\"async\" src=\"https:\/\/www.polysoude.com\/wp-content\/uploads\/2016\/10\/about_innov_certification_iso-9001.jpg\" alt=\"about_innov_certification_iso-9001\" itemprop=\"image\" height=\"219\" width=\"433\" title=\"about_innov_certification_iso-9001\" onerror=\"this.style.display='none'\"  \/>\n\t<h4>Neueste Errungenschaften<\/h4>\n<p>Als richtungweisende Innovation der Firma POLYSOUDE hat sich die 2013 vorgestellte <strong>TIG<sup>er<\/sup>-Technologie<\/strong> erwiesen. Sie stellt eine Variante des WIG-Hei\u00dfdrahtschwei\u00dfprinzips dar. Dass hierbei die bestm\u00f6gliche Leistungsausbeute zur Verf\u00fcgung steht, liegt an einer optimierten Prozessf\u00fchrung und einem darauf abgestimmten, speziell konstruierten Brenner. Prinzipiell wird mit zwei \u00fcberlagerten Lichtb\u00f6gen gearbeitet, wobei die Energieeinbringung der Gesamtleistung der beiden einzelnen Lichtb\u00f6gen entspricht. Allerdings ergibt sich insgesamt eine f\u00fcr ein derartig hohes Leistungsniveau ungew\u00f6hnliche Charakteristik. In Abh\u00e4ngigkeit der Elektrodenstellung ist es m\u00f6glich, das Aufschmelzen des Grundwerkstoffes soweit zu reduzieren, dass sich die TIG<sup>er<\/sup> Technologie hervorragend zum Einsatz beim Auftragschwei\u00dfen eignet.<\/p>\n","protected":false},"excerpt":{"rendered":"<p>F\u00f6rderung von F&amp;E \u00dcber die letzten 50 Jahre sammelten wir eine ganze Menge an Know-how an, wie etwa ein umfassendes Verst\u00e4ndnis von Schwei\u00dfprozessen, Entwicklung und Konstruktion von Werkzeugen sowie Kenntnisse \u00fcber Elektronik und die Softwareentwicklung. Unsere Entwicklungsingenieure und -techniker vermehrten unsere Innovationsf\u00e4higkeit, wie an unseren immer erfolgreicheren, zuverl\u00e4ssigeren und benutzerfreundlicheren L\u00f6sungen zu erkennen ist. Voranbringen [&hellip;]<\/p>\n","protected":false},"author":1,"featured_media":8436,"parent":3054,"menu_order":0,"comment_status":"closed","ping_status":"closed","template":"page-contenu.php","meta":{"_acf_changed":false,"footnotes":""},"class_list":["post-2303","page","type-page","status-publish","has-post-thumbnail","hentry"],"acf":[],"yoast_head":"<!-- This site is optimized with the Yoast SEO plugin v27.3 - https:\/\/yoast.com\/product\/yoast-seo-wordpress\/ -->\n<title>Innovationen | Polysoude<\/title>\n<meta name=\"description\" content=\"F\u00f6rderung von F&amp;E \u00dcber die letzten 50 Jahre sammelten wir eine ganze Menge an Know-how an, wie etwa ein umfassendes Verst\u00e4ndnis von Schwei\u00dfprozessen,\" \/>\n<meta name=\"robots\" content=\"index, follow, max-snippet:-1, max-image-preview:large, max-video-preview:-1\" \/>\n<link rel=\"canonical\" href=\"https:\/\/www.polysoude.com\/de\/about-polysoude-2\/innovations\/\" \/>\n<meta property=\"og:locale\" content=\"de_DE\" \/>\n<meta property=\"og:type\" content=\"article\" \/>\n<meta property=\"og:title\" content=\"Innovationen | Polysoude\" \/>\n<meta property=\"og:description\" content=\"F\u00f6rderung von F&amp;E \u00dcber die letzten 50 Jahre sammelten wir eine ganze Menge an Know-how an, wie etwa ein umfassendes Verst\u00e4ndnis von Schwei\u00dfprozessen,\" \/>\n<meta property=\"og:url\" content=\"https:\/\/www.polysoude.com\/de\/about-polysoude-2\/innovations\/\" \/>\n<meta property=\"og:site_name\" content=\"Polysoude\" \/>\n<meta property=\"article:publisher\" content=\"https:\/\/www.facebook.com\/Polysoude\/\" \/>\n<meta property=\"article:modified_time\" content=\"2019-09-06T13:40:11+00:00\" \/>\n<meta property=\"og:image\" content=\"https:\/\/www.polysoude.com\/wp-content\/uploads\/2022\/07\/Polysoude_Logo_signature_fond-transparent_600dpi_300mm_RVB-e1658123578778.png\" \/>\n\t<meta property=\"og:image:width\" content=\"465\" \/>\n\t<meta property=\"og:image:height\" content=\"86\" \/>\n\t<meta property=\"og:image:type\" content=\"image\/png\" \/>\n<meta name=\"twitter:card\" content=\"summary_large_image\" \/>\n<meta name=\"twitter:label1\" content=\"Gesch\u00e4tzte Lesezeit\" \/>\n\t<meta name=\"twitter:data1\" content=\"1 minute\" \/>\n<script type=\"application\/ld+json\" class=\"yoast-schema-graph\">{\"@context\":\"https:\\\/\\\/schema.org\",\"@graph\":[{\"@type\":\"WebPage\",\"@id\":\"https:\\\/\\\/www.polysoude.com\\\/de\\\/about-polysoude-2\\\/innovations\\\/\",\"url\":\"https:\\\/\\\/www.polysoude.com\\\/de\\\/about-polysoude-2\\\/innovations\\\/\",\"name\":\"Innovationen | Polysoude\",\"isPartOf\":{\"@id\":\"https:\\\/\\\/www.polysoude.com\\\/de\\\/#website\"},\"primaryImageOfPage\":{\"@id\":\"https:\\\/\\\/www.polysoude.com\\\/de\\\/about-polysoude-2\\\/innovations\\\/#primaryimage\"},\"image\":{\"@id\":\"https:\\\/\\\/www.polysoude.com\\\/de\\\/about-polysoude-2\\\/innovations\\\/#primaryimage\"},\"thumbnailUrl\":\"https:\\\/\\\/www.polysoude.com\\\/wp-content\\\/uploads\\\/2016\\\/10\\\/innovation-tiger_500px.jpg\",\"datePublished\":\"2016-10-06T08:05:50+00:00\",\"dateModified\":\"2019-09-06T13:40:11+00:00\",\"description\":\"F\u00f6rderung von F&amp;E \u00dcber die letzten 50 Jahre sammelten wir eine ganze Menge an Know-how an, wie etwa ein umfassendes Verst\u00e4ndnis von Schwei\u00dfprozessen,\",\"breadcrumb\":{\"@id\":\"https:\\\/\\\/www.polysoude.com\\\/de\\\/about-polysoude-2\\\/innovations\\\/#breadcrumb\"},\"inLanguage\":\"de-DE\",\"potentialAction\":[{\"@type\":\"ReadAction\",\"target\":[\"https:\\\/\\\/www.polysoude.com\\\/de\\\/about-polysoude-2\\\/innovations\\\/\"]}]},{\"@type\":\"ImageObject\",\"inLanguage\":\"de-DE\",\"@id\":\"https:\\\/\\\/www.polysoude.com\\\/de\\\/about-polysoude-2\\\/innovations\\\/#primaryimage\",\"url\":\"https:\\\/\\\/www.polysoude.com\\\/wp-content\\\/uploads\\\/2016\\\/10\\\/innovation-tiger_500px.jpg\",\"contentUrl\":\"https:\\\/\\\/www.polysoude.com\\\/wp-content\\\/uploads\\\/2016\\\/10\\\/innovation-tiger_500px.jpg\",\"width\":500,\"height\":500},{\"@type\":\"BreadcrumbList\",\"@id\":\"https:\\\/\\\/www.polysoude.com\\\/de\\\/about-polysoude-2\\\/innovations\\\/#breadcrumb\",\"itemListElement\":[{\"@type\":\"ListItem\",\"position\":1,\"name\":\"Home\",\"item\":\"https:\\\/\\\/www.polysoude.com\\\/de\\\/homepage\\\/\"},{\"@type\":\"ListItem\",\"position\":2,\"name\":\"\u00dcber Polysoude\",\"item\":\"https:\\\/\\\/www.polysoude.com\\\/de\\\/about-polysoude-2\\\/\"},{\"@type\":\"ListItem\",\"position\":3,\"name\":\"Innovationen\"}]},{\"@type\":\"WebSite\",\"@id\":\"https:\\\/\\\/www.polysoude.com\\\/de\\\/#website\",\"url\":\"https:\\\/\\\/www.polysoude.com\\\/de\\\/\",\"name\":\"Polysoude\",\"description\":\"The art of welding\",\"publisher\":{\"@id\":\"https:\\\/\\\/www.polysoude.com\\\/de\\\/#organization\"},\"alternateName\":\"Polysoude\",\"potentialAction\":[{\"@type\":\"SearchAction\",\"target\":{\"@type\":\"EntryPoint\",\"urlTemplate\":\"https:\\\/\\\/www.polysoude.com\\\/de\\\/?s={search_term_string}\"},\"query-input\":{\"@type\":\"PropertyValueSpecification\",\"valueRequired\":true,\"valueName\":\"search_term_string\"}}],\"inLanguage\":\"de-DE\"},{\"@type\":\"Organization\",\"@id\":\"https:\\\/\\\/www.polysoude.com\\\/de\\\/#organization\",\"name\":\"Polysoude\",\"alternateName\":\"Polysoude\",\"url\":\"https:\\\/\\\/www.polysoude.com\\\/de\\\/\",\"logo\":{\"@type\":\"ImageObject\",\"inLanguage\":\"de-DE\",\"@id\":\"https:\\\/\\\/www.polysoude.com\\\/de\\\/#\\\/schema\\\/logo\\\/image\\\/\",\"url\":\"https:\\\/\\\/www.polysoude.com\\\/wp-content\\\/uploads\\\/2022\\\/07\\\/Polysoude_Logo_signature_fond-transparent_600dpi_300mm_RVB-e1658123578778.png\",\"contentUrl\":\"https:\\\/\\\/www.polysoude.com\\\/wp-content\\\/uploads\\\/2022\\\/07\\\/Polysoude_Logo_signature_fond-transparent_600dpi_300mm_RVB-e1658123578778.png\",\"width\":465,\"height\":86,\"caption\":\"Polysoude\"},\"image\":{\"@id\":\"https:\\\/\\\/www.polysoude.com\\\/de\\\/#\\\/schema\\\/logo\\\/image\\\/\"},\"sameAs\":[\"https:\\\/\\\/www.facebook.com\\\/Polysoude\\\/\",\"https:\\\/\\\/www.linkedin.com\\\/company\\\/polysoude\\\/\",\"https:\\\/\\\/www.instagram.com\\\/polysoudeglobal\\\/\"]}]}<\/script>\n<!-- \/ Yoast SEO plugin. -->","yoast_head_json":{"title":"Innovationen | Polysoude","description":"F\u00f6rderung von F&amp;E \u00dcber die letzten 50 Jahre sammelten wir eine ganze Menge an Know-how an, wie etwa ein umfassendes Verst\u00e4ndnis von Schwei\u00dfprozessen,","robots":{"index":"index","follow":"follow","max-snippet":"max-snippet:-1","max-image-preview":"max-image-preview:large","max-video-preview":"max-video-preview:-1"},"canonical":"https:\/\/www.polysoude.com\/de\/about-polysoude-2\/innovations\/","og_locale":"de_DE","og_type":"article","og_title":"Innovationen | Polysoude","og_description":"F\u00f6rderung von F&amp;E \u00dcber die letzten 50 Jahre sammelten wir eine ganze Menge an Know-how an, wie etwa ein umfassendes Verst\u00e4ndnis von Schwei\u00dfprozessen,","og_url":"https:\/\/www.polysoude.com\/de\/about-polysoude-2\/innovations\/","og_site_name":"Polysoude","article_publisher":"https:\/\/www.facebook.com\/Polysoude\/","article_modified_time":"2019-09-06T13:40:11+00:00","og_image":[{"width":465,"height":86,"url":"https:\/\/www.polysoude.com\/wp-content\/uploads\/2022\/07\/Polysoude_Logo_signature_fond-transparent_600dpi_300mm_RVB-e1658123578778.png","type":"image\/png"}],"twitter_card":"summary_large_image","twitter_misc":{"Gesch\u00e4tzte Lesezeit":"1 minute"},"schema":{"@context":"https:\/\/schema.org","@graph":[{"@type":"WebPage","@id":"https:\/\/www.polysoude.com\/de\/about-polysoude-2\/innovations\/","url":"https:\/\/www.polysoude.com\/de\/about-polysoude-2\/innovations\/","name":"Innovationen | Polysoude","isPartOf":{"@id":"https:\/\/www.polysoude.com\/de\/#website"},"primaryImageOfPage":{"@id":"https:\/\/www.polysoude.com\/de\/about-polysoude-2\/innovations\/#primaryimage"},"image":{"@id":"https:\/\/www.polysoude.com\/de\/about-polysoude-2\/innovations\/#primaryimage"},"thumbnailUrl":"https:\/\/www.polysoude.com\/wp-content\/uploads\/2016\/10\/innovation-tiger_500px.jpg","datePublished":"2016-10-06T08:05:50+00:00","dateModified":"2019-09-06T13:40:11+00:00","description":"F\u00f6rderung von F&amp;E \u00dcber die letzten 50 Jahre sammelten wir eine ganze Menge an Know-how an, wie etwa ein umfassendes Verst\u00e4ndnis von Schwei\u00dfprozessen,","breadcrumb":{"@id":"https:\/\/www.polysoude.com\/de\/about-polysoude-2\/innovations\/#breadcrumb"},"inLanguage":"de-DE","potentialAction":[{"@type":"ReadAction","target":["https:\/\/www.polysoude.com\/de\/about-polysoude-2\/innovations\/"]}]},{"@type":"ImageObject","inLanguage":"de-DE","@id":"https:\/\/www.polysoude.com\/de\/about-polysoude-2\/innovations\/#primaryimage","url":"https:\/\/www.polysoude.com\/wp-content\/uploads\/2016\/10\/innovation-tiger_500px.jpg","contentUrl":"https:\/\/www.polysoude.com\/wp-content\/uploads\/2016\/10\/innovation-tiger_500px.jpg","width":500,"height":500},{"@type":"BreadcrumbList","@id":"https:\/\/www.polysoude.com\/de\/about-polysoude-2\/innovations\/#breadcrumb","itemListElement":[{"@type":"ListItem","position":1,"name":"Home","item":"https:\/\/www.polysoude.com\/de\/homepage\/"},{"@type":"ListItem","position":2,"name":"\u00dcber Polysoude","item":"https:\/\/www.polysoude.com\/de\/about-polysoude-2\/"},{"@type":"ListItem","position":3,"name":"Innovationen"}]},{"@type":"WebSite","@id":"https:\/\/www.polysoude.com\/de\/#website","url":"https:\/\/www.polysoude.com\/de\/","name":"Polysoude","description":"The art of welding","publisher":{"@id":"https:\/\/www.polysoude.com\/de\/#organization"},"alternateName":"Polysoude","potentialAction":[{"@type":"SearchAction","target":{"@type":"EntryPoint","urlTemplate":"https:\/\/www.polysoude.com\/de\/?s={search_term_string}"},"query-input":{"@type":"PropertyValueSpecification","valueRequired":true,"valueName":"search_term_string"}}],"inLanguage":"de-DE"},{"@type":"Organization","@id":"https:\/\/www.polysoude.com\/de\/#organization","name":"Polysoude","alternateName":"Polysoude","url":"https:\/\/www.polysoude.com\/de\/","logo":{"@type":"ImageObject","inLanguage":"de-DE","@id":"https:\/\/www.polysoude.com\/de\/#\/schema\/logo\/image\/","url":"https:\/\/www.polysoude.com\/wp-content\/uploads\/2022\/07\/Polysoude_Logo_signature_fond-transparent_600dpi_300mm_RVB-e1658123578778.png","contentUrl":"https:\/\/www.polysoude.com\/wp-content\/uploads\/2022\/07\/Polysoude_Logo_signature_fond-transparent_600dpi_300mm_RVB-e1658123578778.png","width":465,"height":86,"caption":"Polysoude"},"image":{"@id":"https:\/\/www.polysoude.com\/de\/#\/schema\/logo\/image\/"},"sameAs":["https:\/\/www.facebook.com\/Polysoude\/","https:\/\/www.linkedin.com\/company\/polysoude\/","https:\/\/www.instagram.com\/polysoudeglobal\/"]}]}},"_links":{"self":[{"href":"https:\/\/www.polysoude.com\/de\/wp-json\/wp\/v2\/pages\/2303","targetHints":{"allow":["GET"]}}],"collection":[{"href":"https:\/\/www.polysoude.com\/de\/wp-json\/wp\/v2\/pages"}],"about":[{"href":"https:\/\/www.polysoude.com\/de\/wp-json\/wp\/v2\/types\/page"}],"author":[{"embeddable":true,"href":"https:\/\/www.polysoude.com\/de\/wp-json\/wp\/v2\/users\/1"}],"replies":[{"embeddable":true,"href":"https:\/\/www.polysoude.com\/de\/wp-json\/wp\/v2\/comments?post=2303"}],"version-history":[{"count":7,"href":"https:\/\/www.polysoude.com\/de\/wp-json\/wp\/v2\/pages\/2303\/revisions"}],"predecessor-version":[{"id":26894,"href":"https:\/\/www.polysoude.com\/de\/wp-json\/wp\/v2\/pages\/2303\/revisions\/26894"}],"up":[{"embeddable":true,"href":"https:\/\/www.polysoude.com\/de\/wp-json\/wp\/v2\/pages\/3054"}],"wp:featuredmedia":[{"embeddable":true,"href":"https:\/\/www.polysoude.com\/de\/wp-json\/wp\/v2\/media\/8436"}],"wp:attachment":[{"href":"https:\/\/www.polysoude.com\/de\/wp-json\/wp\/v2\/media?parent=2303"}],"curies":[{"name":"wp","href":"https:\/\/api.w.org\/{rel}","templated":true}]}}