{"id":25248,"date":"2022-04-03T09:56:00","date_gmt":"2022-04-03T07:56:00","guid":{"rendered":"https:\/\/www.polysoude.com\/rohrendenvorbereitung\/"},"modified":"2022-04-05T16:59:21","modified_gmt":"2022-04-05T14:59:21","slug":"rohrendenvorbereitung-2","status":"publish","type":"page","link":"https:\/\/www.polysoude.com\/de\/rohrendenvorbereitung-2\/","title":{"rendered":"Rohrendenvorbereitung"},"content":{"rendered":"\n\t<h2>PR\u00c4ZISE ROHRENDENVORBEREITUNG SCHAFFT DIE NOTWENDIGEN VORAUSSETZUNGEN F\u00dcR PERFEKTE SCHWEISSERGEBNISSE<\/h2>\n<h3>Was versteht man unter Rohrendenvorbereitung?<\/h3>\n<p>Die Rohrendenvorbereitung ist ein wichtiger Arbeitsgang, um beim F\u00fcgen von Rohren einwandfreie Schwei\u00dfverbindungen herzustellen. Zur Rohrendenbearbeitung geh\u00f6ren: Trennen, Planen, Rechtwinkligschneiden, Anfasen und Innenbearbeitung, wobei jede Arbeitsoperation so pr\u00e4zise und zuverl\u00e4ssig ausgef\u00fchrt werden muss, dass eine gleichbleibende und wiederholgenaue Qualit\u00e4t der Schwei\u00dfnahtvorbereitung erzielt werden kann \u2013 immer und immer wieder!<\/p>\n<p>Pr\u00e4zise Rohrendenbearbeitung bedeutet:<\/p>\n<ul>\n<li>Einwandfreies Ausrichten der Rohre<\/li>\n<li>Absolut dichte Schwei\u00dfverbindungen<\/li>\n<li>Minimierung der Kontaminationsgefahr durch optimale Eigenschaften im F\u00fcgebereich.<\/li>\n<\/ul>\n<p>Durch eine sorgf\u00e4ltige und qualitativ hochwertige Rohrendenvorbereitung lassen sich die Ergebnisse automatisierter Schwei\u00dfprozesse nachhaltig verbessern.<\/p>\n<p><strong>Wenn h\u00f6chste Qualit\u00e4t der Schwei\u00dfung gefordert wird, ist eine perfekte Nahtvorbereitung unerl\u00e4sslich!<\/strong><\/p>\n<p>&nbsp;<\/p>\n\t<p><b>Vorz\u00fcge der von <\/b><b><a href=\"https:\/\/www.polysoude.com\/de\/\">Polysoude<\/a><\/b><b> angebotenen Ausr\u00fcstung<\/b><\/p>\n<p>Zusammen mit der Partnerfirma PROTEM bietet Polysoude eine gro\u00dfe Auswahl von State-of-the-Art Anlagen, Werkzeugen und Dienstleistungen an, die eine effiziente und kostensparende Bearbeitung von Rohrenden, Flanschen und Armaturen erm\u00f6glichen. Die benutzerfreundlich ausgelegten Maschinen zum Schneiden und Fr\u00e4sen bieten:<\/p>\n<ul>\n<li>Hohe Wirtschaftlichkeit<\/li>\n<li>Modelle in tragbaren, mobilen oder fest installierten Ausf\u00fchrungen<\/li>\n<li>Gesteigerte Produktivit\u00e4t<\/li>\n<li>Erstklassige Schwei\u00dfergebnisse bei jeder Art von Nahtvorbereitung.<\/li>\n<\/ul>\n<p>Weiterhin ist POLYSOUDE mit schl\u00fcsselfertigen L\u00f6sungen auf dem Markt vertreten, wobei die Orbitalschwei\u00dfanlagen durch ma\u00dfgeschneiderte Rohrendenbearbeitungsmaschinen erg\u00e4nzt werden, um den Kunden einen hohen Qualit\u00e4tsstandard und beste Schwei\u00dfergebnisse zusichern zu k\u00f6nnen!<\/p>\n<p>Die Ausr\u00fcstung eignet sich f\u00fcr die Rohrendenbearbeitung zum Orbitalschwei\u00dfen von Rohren, Flanschen und Armaturen und wird in folgenden Industriezweigen eingesetzt:<\/p>\n<ul>\n<li>Luft- und Raumfahrt<\/li>\n<li>Chemie<\/li>\n<li>Lebensmittelverarbeitung<\/li>\n<li>Kernkraftwerke<\/li>\n<li>W\u00e4rmetauscher\/Kessel<\/li>\n<li>Errichtung und Instandhaltung von Nuklearkraftwerken<\/li>\n<li>\u00a0\u00d6l- und Gasf\u00f6rderung, -verarbeitung und -transport<\/li>\n<li>\u00a0Pharmazeutik<\/li>\n<li>Erneuerbare Energien<\/li>\n<li>Halbleiter<\/li>\n<\/ul>\n","protected":false},"excerpt":{"rendered":"<p>PR\u00c4ZISE ROHRENDENVORBEREITUNG SCHAFFT DIE NOTWENDIGEN VORAUSSETZUNGEN F\u00dcR PERFEKTE SCHWEISSERGEBNISSE Was versteht man unter Rohrendenvorbereitung? Die Rohrendenvorbereitung ist ein wichtiger Arbeitsgang, um beim F\u00fcgen von Rohren einwandfreie Schwei\u00dfverbindungen herzustellen. Zur Rohrendenbearbeitung geh\u00f6ren: Trennen, Planen, Rechtwinkligschneiden, Anfasen und Innenbearbeitung, wobei jede Arbeitsoperation so pr\u00e4zise und zuverl\u00e4ssig ausgef\u00fchrt werden muss, dass eine gleichbleibende und wiederholgenaue Qualit\u00e4t der Schwei\u00dfnahtvorbereitung [&hellip;]<\/p>\n","protected":false},"author":3,"featured_media":0,"parent":0,"menu_order":0,"comment_status":"closed","ping_status":"closed","template":"page-parent.php","meta":{"_acf_changed":false,"footnotes":""},"class_list":["post-25248","page","type-page","status-publish","hentry"],"acf":[],"yoast_head":"<!-- This site is optimized with the Yoast SEO plugin v27.3 - https:\/\/yoast.com\/product\/yoast-seo-wordpress\/ -->\n<title>Rohrendenvorbereitung<\/title>\n<meta name=\"description\" content=\"Entdecken Sie unsere breite Palette an tragbaren Ger\u00e4ten f\u00fcr die pr\u00e4zise Bearbeitung von Rohren und Leitungen, die unter anderem das Schneiden, Plandrehen und Anfasen erleichtern. Unsere anwenderfreundlichen mechanisierten Schneid- und Anfasanlagen sind wirtschaftlich vorteilhaft, sorgen f\u00fcr erh\u00f6hte Produktivit\u00e4t und garantieren erstklassige Schwei\u00dfergebnisse von qualitativen und standardisierten Rohrenden.\" \/>\n<meta name=\"robots\" content=\"index, follow, max-snippet:-1, max-image-preview:large, max-video-preview:-1\" \/>\n<link rel=\"canonical\" href=\"https:\/\/www.polysoude.com\/de\/rohrendenvorbereitung-2\/\" \/>\n<meta property=\"og:locale\" content=\"de_DE\" \/>\n<meta property=\"og:type\" content=\"article\" \/>\n<meta property=\"og:title\" content=\"Rohrendenvorbereitung\" \/>\n<meta property=\"og:description\" content=\"Entdecken Sie unsere breite Palette an tragbaren Ger\u00e4ten f\u00fcr die pr\u00e4zise Bearbeitung von Rohren und Leitungen, die unter anderem das Schneiden, Plandrehen und Anfasen erleichtern. Unsere anwenderfreundlichen mechanisierten Schneid- und Anfasanlagen sind wirtschaftlich vorteilhaft, sorgen f\u00fcr erh\u00f6hte Produktivit\u00e4t und garantieren erstklassige Schwei\u00dfergebnisse von qualitativen und standardisierten Rohrenden.\" \/>\n<meta property=\"og:url\" content=\"https:\/\/www.polysoude.com\/de\/rohrendenvorbereitung-2\/\" \/>\n<meta property=\"og:site_name\" content=\"Polysoude\" \/>\n<meta property=\"article:publisher\" content=\"https:\/\/www.facebook.com\/Polysoude\/\" \/>\n<meta property=\"article:modified_time\" content=\"2022-04-05T14:59:21+00:00\" \/>\n<meta name=\"twitter:card\" content=\"summary_large_image\" \/>\n<meta name=\"twitter:label1\" content=\"Gesch\u00e4tzte Lesezeit\" \/>\n\t<meta name=\"twitter:data1\" content=\"1 minute\" \/>\n<script type=\"application\/ld+json\" class=\"yoast-schema-graph\">{\"@context\":\"https:\\\/\\\/schema.org\",\"@graph\":[{\"@type\":\"WebPage\",\"@id\":\"https:\\\/\\\/www.polysoude.com\\\/de\\\/rohrendenvorbereitung-2\\\/\",\"url\":\"https:\\\/\\\/www.polysoude.com\\\/de\\\/rohrendenvorbereitung-2\\\/\",\"name\":\"Rohrendenvorbereitung\",\"isPartOf\":{\"@id\":\"https:\\\/\\\/www.polysoude.com\\\/de\\\/#website\"},\"datePublished\":\"2022-04-03T07:56:00+00:00\",\"dateModified\":\"2022-04-05T14:59:21+00:00\",\"description\":\"Entdecken Sie unsere breite Palette an tragbaren Ger\u00e4ten f\u00fcr die pr\u00e4zise Bearbeitung von Rohren und Leitungen, die unter anderem das Schneiden, Plandrehen und Anfasen erleichtern. Unsere anwenderfreundlichen mechanisierten Schneid- und Anfasanlagen sind wirtschaftlich vorteilhaft, sorgen f\u00fcr erh\u00f6hte Produktivit\u00e4t und garantieren erstklassige Schwei\u00dfergebnisse von qualitativen und standardisierten Rohrenden.\",\"breadcrumb\":{\"@id\":\"https:\\\/\\\/www.polysoude.com\\\/de\\\/rohrendenvorbereitung-2\\\/#breadcrumb\"},\"inLanguage\":\"de-DE\",\"potentialAction\":[{\"@type\":\"ReadAction\",\"target\":[\"https:\\\/\\\/www.polysoude.com\\\/de\\\/rohrendenvorbereitung-2\\\/\"]}]},{\"@type\":\"BreadcrumbList\",\"@id\":\"https:\\\/\\\/www.polysoude.com\\\/de\\\/rohrendenvorbereitung-2\\\/#breadcrumb\",\"itemListElement\":[{\"@type\":\"ListItem\",\"position\":1,\"name\":\"Home\",\"item\":\"https:\\\/\\\/www.polysoude.com\\\/de\\\/homepage\\\/\"},{\"@type\":\"ListItem\",\"position\":2,\"name\":\"Rohrendenvorbereitung\"}]},{\"@type\":\"WebSite\",\"@id\":\"https:\\\/\\\/www.polysoude.com\\\/de\\\/#website\",\"url\":\"https:\\\/\\\/www.polysoude.com\\\/de\\\/\",\"name\":\"Polysoude\",\"description\":\"The art of welding\",\"publisher\":{\"@id\":\"https:\\\/\\\/www.polysoude.com\\\/de\\\/#organization\"},\"alternateName\":\"Polysoude\",\"potentialAction\":[{\"@type\":\"SearchAction\",\"target\":{\"@type\":\"EntryPoint\",\"urlTemplate\":\"https:\\\/\\\/www.polysoude.com\\\/de\\\/?s={search_term_string}\"},\"query-input\":{\"@type\":\"PropertyValueSpecification\",\"valueRequired\":true,\"valueName\":\"search_term_string\"}}],\"inLanguage\":\"de-DE\"},{\"@type\":\"Organization\",\"@id\":\"https:\\\/\\\/www.polysoude.com\\\/de\\\/#organization\",\"name\":\"Polysoude\",\"alternateName\":\"Polysoude\",\"url\":\"https:\\\/\\\/www.polysoude.com\\\/de\\\/\",\"logo\":{\"@type\":\"ImageObject\",\"inLanguage\":\"de-DE\",\"@id\":\"https:\\\/\\\/www.polysoude.com\\\/de\\\/#\\\/schema\\\/logo\\\/image\\\/\",\"url\":\"https:\\\/\\\/www.polysoude.com\\\/wp-content\\\/uploads\\\/2022\\\/07\\\/Polysoude_Logo_signature_fond-transparent_600dpi_300mm_RVB-e1658123578778.png\",\"contentUrl\":\"https:\\\/\\\/www.polysoude.com\\\/wp-content\\\/uploads\\\/2022\\\/07\\\/Polysoude_Logo_signature_fond-transparent_600dpi_300mm_RVB-e1658123578778.png\",\"width\":465,\"height\":86,\"caption\":\"Polysoude\"},\"image\":{\"@id\":\"https:\\\/\\\/www.polysoude.com\\\/de\\\/#\\\/schema\\\/logo\\\/image\\\/\"},\"sameAs\":[\"https:\\\/\\\/www.facebook.com\\\/Polysoude\\\/\",\"https:\\\/\\\/www.linkedin.com\\\/company\\\/polysoude\\\/\",\"https:\\\/\\\/www.instagram.com\\\/polysoudeglobal\\\/\"]}]}<\/script>\n<!-- \/ Yoast SEO plugin. -->","yoast_head_json":{"title":"Rohrendenvorbereitung","description":"Entdecken Sie unsere breite Palette an tragbaren Ger\u00e4ten f\u00fcr die pr\u00e4zise Bearbeitung von Rohren und Leitungen, die unter anderem das Schneiden, Plandrehen und Anfasen erleichtern. Unsere anwenderfreundlichen mechanisierten Schneid- und Anfasanlagen sind wirtschaftlich vorteilhaft, sorgen f\u00fcr erh\u00f6hte Produktivit\u00e4t und garantieren erstklassige Schwei\u00dfergebnisse von qualitativen und standardisierten Rohrenden.","robots":{"index":"index","follow":"follow","max-snippet":"max-snippet:-1","max-image-preview":"max-image-preview:large","max-video-preview":"max-video-preview:-1"},"canonical":"https:\/\/www.polysoude.com\/de\/rohrendenvorbereitung-2\/","og_locale":"de_DE","og_type":"article","og_title":"Rohrendenvorbereitung","og_description":"Entdecken Sie unsere breite Palette an tragbaren Ger\u00e4ten f\u00fcr die pr\u00e4zise Bearbeitung von Rohren und Leitungen, die unter anderem das Schneiden, Plandrehen und Anfasen erleichtern. Unsere anwenderfreundlichen mechanisierten Schneid- und Anfasanlagen sind wirtschaftlich vorteilhaft, sorgen f\u00fcr erh\u00f6hte Produktivit\u00e4t und garantieren erstklassige Schwei\u00dfergebnisse von qualitativen und standardisierten Rohrenden.","og_url":"https:\/\/www.polysoude.com\/de\/rohrendenvorbereitung-2\/","og_site_name":"Polysoude","article_publisher":"https:\/\/www.facebook.com\/Polysoude\/","article_modified_time":"2022-04-05T14:59:21+00:00","twitter_card":"summary_large_image","twitter_misc":{"Gesch\u00e4tzte Lesezeit":"1 minute"},"schema":{"@context":"https:\/\/schema.org","@graph":[{"@type":"WebPage","@id":"https:\/\/www.polysoude.com\/de\/rohrendenvorbereitung-2\/","url":"https:\/\/www.polysoude.com\/de\/rohrendenvorbereitung-2\/","name":"Rohrendenvorbereitung","isPartOf":{"@id":"https:\/\/www.polysoude.com\/de\/#website"},"datePublished":"2022-04-03T07:56:00+00:00","dateModified":"2022-04-05T14:59:21+00:00","description":"Entdecken Sie unsere breite Palette an tragbaren Ger\u00e4ten f\u00fcr die pr\u00e4zise Bearbeitung von Rohren und Leitungen, die unter anderem das Schneiden, Plandrehen und Anfasen erleichtern. Unsere anwenderfreundlichen mechanisierten Schneid- und Anfasanlagen sind wirtschaftlich vorteilhaft, sorgen f\u00fcr erh\u00f6hte Produktivit\u00e4t und garantieren erstklassige Schwei\u00dfergebnisse von qualitativen und standardisierten Rohrenden.","breadcrumb":{"@id":"https:\/\/www.polysoude.com\/de\/rohrendenvorbereitung-2\/#breadcrumb"},"inLanguage":"de-DE","potentialAction":[{"@type":"ReadAction","target":["https:\/\/www.polysoude.com\/de\/rohrendenvorbereitung-2\/"]}]},{"@type":"BreadcrumbList","@id":"https:\/\/www.polysoude.com\/de\/rohrendenvorbereitung-2\/#breadcrumb","itemListElement":[{"@type":"ListItem","position":1,"name":"Home","item":"https:\/\/www.polysoude.com\/de\/homepage\/"},{"@type":"ListItem","position":2,"name":"Rohrendenvorbereitung"}]},{"@type":"WebSite","@id":"https:\/\/www.polysoude.com\/de\/#website","url":"https:\/\/www.polysoude.com\/de\/","name":"Polysoude","description":"The art of welding","publisher":{"@id":"https:\/\/www.polysoude.com\/de\/#organization"},"alternateName":"Polysoude","potentialAction":[{"@type":"SearchAction","target":{"@type":"EntryPoint","urlTemplate":"https:\/\/www.polysoude.com\/de\/?s={search_term_string}"},"query-input":{"@type":"PropertyValueSpecification","valueRequired":true,"valueName":"search_term_string"}}],"inLanguage":"de-DE"},{"@type":"Organization","@id":"https:\/\/www.polysoude.com\/de\/#organization","name":"Polysoude","alternateName":"Polysoude","url":"https:\/\/www.polysoude.com\/de\/","logo":{"@type":"ImageObject","inLanguage":"de-DE","@id":"https:\/\/www.polysoude.com\/de\/#\/schema\/logo\/image\/","url":"https:\/\/www.polysoude.com\/wp-content\/uploads\/2022\/07\/Polysoude_Logo_signature_fond-transparent_600dpi_300mm_RVB-e1658123578778.png","contentUrl":"https:\/\/www.polysoude.com\/wp-content\/uploads\/2022\/07\/Polysoude_Logo_signature_fond-transparent_600dpi_300mm_RVB-e1658123578778.png","width":465,"height":86,"caption":"Polysoude"},"image":{"@id":"https:\/\/www.polysoude.com\/de\/#\/schema\/logo\/image\/"},"sameAs":["https:\/\/www.facebook.com\/Polysoude\/","https:\/\/www.linkedin.com\/company\/polysoude\/","https:\/\/www.instagram.com\/polysoudeglobal\/"]}]}},"_links":{"self":[{"href":"https:\/\/www.polysoude.com\/de\/wp-json\/wp\/v2\/pages\/25248","targetHints":{"allow":["GET"]}}],"collection":[{"href":"https:\/\/www.polysoude.com\/de\/wp-json\/wp\/v2\/pages"}],"about":[{"href":"https:\/\/www.polysoude.com\/de\/wp-json\/wp\/v2\/types\/page"}],"author":[{"embeddable":true,"href":"https:\/\/www.polysoude.com\/de\/wp-json\/wp\/v2\/users\/3"}],"replies":[{"embeddable":true,"href":"https:\/\/www.polysoude.com\/de\/wp-json\/wp\/v2\/comments?post=25248"}],"version-history":[{"count":9,"href":"https:\/\/www.polysoude.com\/de\/wp-json\/wp\/v2\/pages\/25248\/revisions"}],"predecessor-version":[{"id":39535,"href":"https:\/\/www.polysoude.com\/de\/wp-json\/wp\/v2\/pages\/25248\/revisions\/39535"}],"wp:attachment":[{"href":"https:\/\/www.polysoude.com\/de\/wp-json\/wp\/v2\/media?parent=25248"}],"curies":[{"name":"wp","href":"https:\/\/api.w.org\/{rel}","templated":true}]}}