{"id":25270,"date":"2019-05-14T09:56:26","date_gmt":"2019-05-14T07:56:26","guid":{"rendered":"https:\/\/www.polysoude.com\/rohrendenvorbereitung\/trennen-planen-und-anfasen-von-rohren\/"},"modified":"2022-04-07T09:57:13","modified_gmt":"2022-04-07T07:57:13","slug":"trennen-planen-anfasen-von-rohren","status":"publish","type":"page","link":"https:\/\/www.polysoude.com\/de\/rohrendenvorbereitung-2\/trennen-planen-anfasen-von-rohren\/","title":{"rendered":"Trennen, Planen und Anfasen von Rohren"},"content":{"rendered":"\n\t<h2><b>Trennen, Planen und <\/b><b>Anfasen<\/b><\/h2>\n<p><b>Die <\/b><b>Rohrendenbearbeitung<\/b><b> ist ein \u00e4u\u00dferst wichtiger Arbeitsgang bei der Schwei\u00dfnahtvorbereitung, deshalb bietet <a href=\"https:\/\/www.polysoude.com\/de\/\">POLYSOUDE<\/a> <\/b><b>gemeinsam mit PROTEM <\/b><b>eine breite Auswahl tragbarer Ger\u00e4te an, die es erlauben, Trenn-, Plan- und <\/b><b>Anfasoperationen<\/b><b> mit gro\u00dfer Genauigkeit durchzuf\u00fchren, wodurch einwandfreie Schwei\u00dfverbindungen hergestellt werden k\u00f6nnen, die allen Qualit\u00e4tsanforderungen gerecht werden. <\/b><\/p>\n<h3><b>Trennen, Planen und <\/b><b>Anfasen: Kompromisloss bei Qualit\u00e4t<\/b><\/h3>\n<p>Es gib zahlreiche M\u00f6glichkeiten, Rohre zu trennen und die Enden f\u00fcr weitere Arbeitsoperationen vorzubereiten. Bei einer spanenden Bearbeitung m\u00fcssen alle Gesichtspunkte in Betracht gezogen werden, die das Schwei\u00dfergebnis beeinflussen k\u00f6nnen:<\/p>\n<ul>\n<li>Keine Verunreinigung der Innenfl\u00e4che (gilt auch f\u00fcr Verunreinigungen durch Kohlenstoff und -verbindungen)<\/li>\n<li>Keine w\u00e4rmebeeinflussten Zonen<\/li>\n<li>Keine Sch\u00e4digung der Werkst\u00fcckoberfl\u00e4che.<\/li>\n<\/ul>\n<p>Das fortschrittliche Konzept der von Protem hergestellten Maschinen umfasst: am Innen- oder Au\u00dfendurchmesser der Rohre zu spannende Ger\u00e4te zum Anfasen; orbitale Trennanlagen; Ausr\u00fcstungen zum Planen, Rechtwinkligschneiden und Ausbohren etc., wobei die hohe Genauigkeit und au\u00dfergew\u00f6hnliche Qualit\u00e4t der Produkte stets im Vordergrund steht. Die Maschinen eignen sich hervorragend zur Schwei\u00dfnahtvorbereitung bei manueller oder automatisierter Prozessf\u00fchrung. Zu den typischen F\u00fcgeaufgaben z\u00e4hlen: Rohr\/Rohr-, Rohr\/Rohrbogen-, Rohr-Flansch-, Rohr\/Rohrbodenverbindungen, Flossenrohre, Membranw\u00e4nde, Membranwandfenster, &#8230;<\/p>\n<p>Die von Polysoude angebotenen Ger\u00e4te zum Trennen, Planen und Anfasen von Rohren zeichnen sich durch hohe Arbeitsgeschwindigkeit und Einsetzbarkeit bei fast allen Grundwerkstoffarten aus, ihre besondere Prozessf\u00fchrung hilft, Kontaminationen der zu bearbeitenden Werkst\u00fccke zu vermeiden.<\/p>\n<p><strong>Wenn h\u00f6chste Qualit\u00e4t der Schwei\u00dfung gefordert wird, ist eine perfekte Nahtvorbereitung unerl\u00e4sslich!<\/strong><\/p>\n<p>&nbsp;<\/p>\n","protected":false},"excerpt":{"rendered":"<p>Trennen, Planen und Anfasen Die Rohrendenbearbeitung ist ein \u00e4u\u00dferst wichtiger Arbeitsgang bei der Schwei\u00dfnahtvorbereitung, deshalb bietet POLYSOUDE gemeinsam mit PROTEM eine breite Auswahl tragbarer Ger\u00e4te an, die es erlauben, Trenn-, Plan- und Anfasoperationen mit gro\u00dfer Genauigkeit durchzuf\u00fchren, wodurch einwandfreie Schwei\u00dfverbindungen hergestellt werden k\u00f6nnen, die allen Qualit\u00e4tsanforderungen gerecht werden. Trennen, Planen und Anfasen: Kompromisloss bei Qualit\u00e4t [&hellip;]<\/p>\n","protected":false},"author":3,"featured_media":25886,"parent":25248,"menu_order":0,"comment_status":"closed","ping_status":"closed","template":"page-metier.php","meta":{"_acf_changed":false,"footnotes":""},"class_list":["post-25270","page","type-page","status-publish","has-post-thumbnail","hentry"],"acf":[],"yoast_head":"<!-- This site is optimized with the Yoast SEO plugin v27.3 - https:\/\/yoast.com\/product\/yoast-seo-wordpress\/ -->\n<title>Trennen, Planen &amp; Anfasen von Rohren<\/title>\n<meta name=\"description\" content=\"Perfektes Schwei\u00dfen kommt mit perfekter Rohr- und Rohrvorbereitung. Die Vorbereitung der Rohrenden ist ein kritischer Schritt, und POLYSOUDE bietet eine breite Palette an tragbaren Ger\u00e4ten f\u00fcr die pr\u00e4zise Bearbeitung von Rohren und Leitungen, die die Arbeit erleichtern und perfekte und qualitative Schwei\u00dfn\u00e4hte garantieren.\" \/>\n<meta name=\"robots\" content=\"index, follow, max-snippet:-1, max-image-preview:large, max-video-preview:-1\" \/>\n<link rel=\"canonical\" href=\"https:\/\/www.polysoude.com\/de\/rohrendenvorbereitung-2\/trennen-planen-anfasen-von-rohren\/\" \/>\n<meta property=\"og:locale\" content=\"de_DE\" \/>\n<meta property=\"og:type\" content=\"article\" \/>\n<meta property=\"og:title\" content=\"Trennen, Planen &amp; Anfasen von Rohren\" \/>\n<meta property=\"og:description\" content=\"Perfektes Schwei\u00dfen kommt mit perfekter Rohr- und Rohrvorbereitung. Die Vorbereitung der Rohrenden ist ein kritischer Schritt, und POLYSOUDE bietet eine breite Palette an tragbaren Ger\u00e4ten f\u00fcr die pr\u00e4zise Bearbeitung von Rohren und Leitungen, die die Arbeit erleichtern und perfekte und qualitative Schwei\u00dfn\u00e4hte garantieren.\" \/>\n<meta property=\"og:url\" content=\"https:\/\/www.polysoude.com\/de\/rohrendenvorbereitung-2\/trennen-planen-anfasen-von-rohren\/\" \/>\n<meta property=\"og:site_name\" content=\"Polysoude\" \/>\n<meta property=\"article:publisher\" content=\"https:\/\/www.facebook.com\/Polysoude\/\" \/>\n<meta property=\"article:modified_time\" content=\"2022-04-07T07:57:13+00:00\" \/>\n<meta property=\"og:image\" content=\"https:\/\/www.polysoude.com\/wp-content\/uploads\/2019\/06\/cutting-tube-and-pipe-end-preparation_R.jpg\" \/>\n\t<meta property=\"og:image:width\" content=\"500\" \/>\n\t<meta property=\"og:image:height\" content=\"500\" \/>\n\t<meta property=\"og:image:type\" content=\"image\/jpeg\" \/>\n<meta name=\"twitter:card\" content=\"summary_large_image\" \/>\n<meta name=\"twitter:label1\" content=\"Gesch\u00e4tzte Lesezeit\" \/>\n\t<meta name=\"twitter:data1\" content=\"1 minute\" \/>\n<script type=\"application\/ld+json\" class=\"yoast-schema-graph\">{\"@context\":\"https:\\\/\\\/schema.org\",\"@graph\":[{\"@type\":\"WebPage\",\"@id\":\"https:\\\/\\\/www.polysoude.com\\\/de\\\/rohrendenvorbereitung-2\\\/trennen-planen-anfasen-von-rohren\\\/\",\"url\":\"https:\\\/\\\/www.polysoude.com\\\/de\\\/rohrendenvorbereitung-2\\\/trennen-planen-anfasen-von-rohren\\\/\",\"name\":\"Trennen, Planen & Anfasen von Rohren\",\"isPartOf\":{\"@id\":\"https:\\\/\\\/www.polysoude.com\\\/de\\\/#website\"},\"primaryImageOfPage\":{\"@id\":\"https:\\\/\\\/www.polysoude.com\\\/de\\\/rohrendenvorbereitung-2\\\/trennen-planen-anfasen-von-rohren\\\/#primaryimage\"},\"image\":{\"@id\":\"https:\\\/\\\/www.polysoude.com\\\/de\\\/rohrendenvorbereitung-2\\\/trennen-planen-anfasen-von-rohren\\\/#primaryimage\"},\"thumbnailUrl\":\"https:\\\/\\\/www.polysoude.com\\\/wp-content\\\/uploads\\\/2019\\\/06\\\/cutting-tube-and-pipe-end-preparation_R.jpg\",\"datePublished\":\"2019-05-14T07:56:26+00:00\",\"dateModified\":\"2022-04-07T07:57:13+00:00\",\"description\":\"Perfektes Schwei\u00dfen kommt mit perfekter Rohr- und Rohrvorbereitung. Die Vorbereitung der Rohrenden ist ein kritischer Schritt, und POLYSOUDE bietet eine breite Palette an tragbaren Ger\u00e4ten f\u00fcr die pr\u00e4zise Bearbeitung von Rohren und Leitungen, die die Arbeit erleichtern und perfekte und qualitative Schwei\u00dfn\u00e4hte garantieren.\",\"breadcrumb\":{\"@id\":\"https:\\\/\\\/www.polysoude.com\\\/de\\\/rohrendenvorbereitung-2\\\/trennen-planen-anfasen-von-rohren\\\/#breadcrumb\"},\"inLanguage\":\"de-DE\",\"potentialAction\":[{\"@type\":\"ReadAction\",\"target\":[\"https:\\\/\\\/www.polysoude.com\\\/de\\\/rohrendenvorbereitung-2\\\/trennen-planen-anfasen-von-rohren\\\/\"]}]},{\"@type\":\"ImageObject\",\"inLanguage\":\"de-DE\",\"@id\":\"https:\\\/\\\/www.polysoude.com\\\/de\\\/rohrendenvorbereitung-2\\\/trennen-planen-anfasen-von-rohren\\\/#primaryimage\",\"url\":\"https:\\\/\\\/www.polysoude.com\\\/wp-content\\\/uploads\\\/2019\\\/06\\\/cutting-tube-and-pipe-end-preparation_R.jpg\",\"contentUrl\":\"https:\\\/\\\/www.polysoude.com\\\/wp-content\\\/uploads\\\/2019\\\/06\\\/cutting-tube-and-pipe-end-preparation_R.jpg\",\"width\":500,\"height\":500},{\"@type\":\"BreadcrumbList\",\"@id\":\"https:\\\/\\\/www.polysoude.com\\\/de\\\/rohrendenvorbereitung-2\\\/trennen-planen-anfasen-von-rohren\\\/#breadcrumb\",\"itemListElement\":[{\"@type\":\"ListItem\",\"position\":1,\"name\":\"Home\",\"item\":\"https:\\\/\\\/www.polysoude.com\\\/de\\\/homepage\\\/\"},{\"@type\":\"ListItem\",\"position\":2,\"name\":\"Rohrendenvorbereitung\",\"item\":\"https:\\\/\\\/www.polysoude.com\\\/de\\\/rohrendenvorbereitung-2\\\/\"},{\"@type\":\"ListItem\",\"position\":3,\"name\":\"Trennen, Planen und Anfasen von Rohren\"}]},{\"@type\":\"WebSite\",\"@id\":\"https:\\\/\\\/www.polysoude.com\\\/de\\\/#website\",\"url\":\"https:\\\/\\\/www.polysoude.com\\\/de\\\/\",\"name\":\"Polysoude\",\"description\":\"The art of welding\",\"publisher\":{\"@id\":\"https:\\\/\\\/www.polysoude.com\\\/de\\\/#organization\"},\"alternateName\":\"Polysoude\",\"potentialAction\":[{\"@type\":\"SearchAction\",\"target\":{\"@type\":\"EntryPoint\",\"urlTemplate\":\"https:\\\/\\\/www.polysoude.com\\\/de\\\/?s={search_term_string}\"},\"query-input\":{\"@type\":\"PropertyValueSpecification\",\"valueRequired\":true,\"valueName\":\"search_term_string\"}}],\"inLanguage\":\"de-DE\"},{\"@type\":\"Organization\",\"@id\":\"https:\\\/\\\/www.polysoude.com\\\/de\\\/#organization\",\"name\":\"Polysoude\",\"alternateName\":\"Polysoude\",\"url\":\"https:\\\/\\\/www.polysoude.com\\\/de\\\/\",\"logo\":{\"@type\":\"ImageObject\",\"inLanguage\":\"de-DE\",\"@id\":\"https:\\\/\\\/www.polysoude.com\\\/de\\\/#\\\/schema\\\/logo\\\/image\\\/\",\"url\":\"https:\\\/\\\/www.polysoude.com\\\/wp-content\\\/uploads\\\/2022\\\/07\\\/Polysoude_Logo_signature_fond-transparent_600dpi_300mm_RVB-e1658123578778.png\",\"contentUrl\":\"https:\\\/\\\/www.polysoude.com\\\/wp-content\\\/uploads\\\/2022\\\/07\\\/Polysoude_Logo_signature_fond-transparent_600dpi_300mm_RVB-e1658123578778.png\",\"width\":465,\"height\":86,\"caption\":\"Polysoude\"},\"image\":{\"@id\":\"https:\\\/\\\/www.polysoude.com\\\/de\\\/#\\\/schema\\\/logo\\\/image\\\/\"},\"sameAs\":[\"https:\\\/\\\/www.facebook.com\\\/Polysoude\\\/\",\"https:\\\/\\\/www.linkedin.com\\\/company\\\/polysoude\\\/\",\"https:\\\/\\\/www.instagram.com\\\/polysoudeglobal\\\/\"]}]}<\/script>\n<!-- \/ Yoast SEO plugin. -->","yoast_head_json":{"title":"Trennen, Planen & Anfasen von Rohren","description":"Perfektes Schwei\u00dfen kommt mit perfekter Rohr- und Rohrvorbereitung. Die Vorbereitung der Rohrenden ist ein kritischer Schritt, und POLYSOUDE bietet eine breite Palette an tragbaren Ger\u00e4ten f\u00fcr die pr\u00e4zise Bearbeitung von Rohren und Leitungen, die die Arbeit erleichtern und perfekte und qualitative Schwei\u00dfn\u00e4hte garantieren.","robots":{"index":"index","follow":"follow","max-snippet":"max-snippet:-1","max-image-preview":"max-image-preview:large","max-video-preview":"max-video-preview:-1"},"canonical":"https:\/\/www.polysoude.com\/de\/rohrendenvorbereitung-2\/trennen-planen-anfasen-von-rohren\/","og_locale":"de_DE","og_type":"article","og_title":"Trennen, Planen & Anfasen von Rohren","og_description":"Perfektes Schwei\u00dfen kommt mit perfekter Rohr- und Rohrvorbereitung. Die Vorbereitung der Rohrenden ist ein kritischer Schritt, und POLYSOUDE bietet eine breite Palette an tragbaren Ger\u00e4ten f\u00fcr die pr\u00e4zise Bearbeitung von Rohren und Leitungen, die die Arbeit erleichtern und perfekte und qualitative Schwei\u00dfn\u00e4hte garantieren.","og_url":"https:\/\/www.polysoude.com\/de\/rohrendenvorbereitung-2\/trennen-planen-anfasen-von-rohren\/","og_site_name":"Polysoude","article_publisher":"https:\/\/www.facebook.com\/Polysoude\/","article_modified_time":"2022-04-07T07:57:13+00:00","og_image":[{"width":500,"height":500,"url":"https:\/\/www.polysoude.com\/wp-content\/uploads\/2019\/06\/cutting-tube-and-pipe-end-preparation_R.jpg","type":"image\/jpeg"}],"twitter_card":"summary_large_image","twitter_misc":{"Gesch\u00e4tzte Lesezeit":"1 minute"},"schema":{"@context":"https:\/\/schema.org","@graph":[{"@type":"WebPage","@id":"https:\/\/www.polysoude.com\/de\/rohrendenvorbereitung-2\/trennen-planen-anfasen-von-rohren\/","url":"https:\/\/www.polysoude.com\/de\/rohrendenvorbereitung-2\/trennen-planen-anfasen-von-rohren\/","name":"Trennen, Planen & Anfasen von Rohren","isPartOf":{"@id":"https:\/\/www.polysoude.com\/de\/#website"},"primaryImageOfPage":{"@id":"https:\/\/www.polysoude.com\/de\/rohrendenvorbereitung-2\/trennen-planen-anfasen-von-rohren\/#primaryimage"},"image":{"@id":"https:\/\/www.polysoude.com\/de\/rohrendenvorbereitung-2\/trennen-planen-anfasen-von-rohren\/#primaryimage"},"thumbnailUrl":"https:\/\/www.polysoude.com\/wp-content\/uploads\/2019\/06\/cutting-tube-and-pipe-end-preparation_R.jpg","datePublished":"2019-05-14T07:56:26+00:00","dateModified":"2022-04-07T07:57:13+00:00","description":"Perfektes Schwei\u00dfen kommt mit perfekter Rohr- und Rohrvorbereitung. Die Vorbereitung der Rohrenden ist ein kritischer Schritt, und POLYSOUDE bietet eine breite Palette an tragbaren Ger\u00e4ten f\u00fcr die pr\u00e4zise Bearbeitung von Rohren und Leitungen, die die Arbeit erleichtern und perfekte und qualitative Schwei\u00dfn\u00e4hte garantieren.","breadcrumb":{"@id":"https:\/\/www.polysoude.com\/de\/rohrendenvorbereitung-2\/trennen-planen-anfasen-von-rohren\/#breadcrumb"},"inLanguage":"de-DE","potentialAction":[{"@type":"ReadAction","target":["https:\/\/www.polysoude.com\/de\/rohrendenvorbereitung-2\/trennen-planen-anfasen-von-rohren\/"]}]},{"@type":"ImageObject","inLanguage":"de-DE","@id":"https:\/\/www.polysoude.com\/de\/rohrendenvorbereitung-2\/trennen-planen-anfasen-von-rohren\/#primaryimage","url":"https:\/\/www.polysoude.com\/wp-content\/uploads\/2019\/06\/cutting-tube-and-pipe-end-preparation_R.jpg","contentUrl":"https:\/\/www.polysoude.com\/wp-content\/uploads\/2019\/06\/cutting-tube-and-pipe-end-preparation_R.jpg","width":500,"height":500},{"@type":"BreadcrumbList","@id":"https:\/\/www.polysoude.com\/de\/rohrendenvorbereitung-2\/trennen-planen-anfasen-von-rohren\/#breadcrumb","itemListElement":[{"@type":"ListItem","position":1,"name":"Home","item":"https:\/\/www.polysoude.com\/de\/homepage\/"},{"@type":"ListItem","position":2,"name":"Rohrendenvorbereitung","item":"https:\/\/www.polysoude.com\/de\/rohrendenvorbereitung-2\/"},{"@type":"ListItem","position":3,"name":"Trennen, Planen und Anfasen von Rohren"}]},{"@type":"WebSite","@id":"https:\/\/www.polysoude.com\/de\/#website","url":"https:\/\/www.polysoude.com\/de\/","name":"Polysoude","description":"The art of welding","publisher":{"@id":"https:\/\/www.polysoude.com\/de\/#organization"},"alternateName":"Polysoude","potentialAction":[{"@type":"SearchAction","target":{"@type":"EntryPoint","urlTemplate":"https:\/\/www.polysoude.com\/de\/?s={search_term_string}"},"query-input":{"@type":"PropertyValueSpecification","valueRequired":true,"valueName":"search_term_string"}}],"inLanguage":"de-DE"},{"@type":"Organization","@id":"https:\/\/www.polysoude.com\/de\/#organization","name":"Polysoude","alternateName":"Polysoude","url":"https:\/\/www.polysoude.com\/de\/","logo":{"@type":"ImageObject","inLanguage":"de-DE","@id":"https:\/\/www.polysoude.com\/de\/#\/schema\/logo\/image\/","url":"https:\/\/www.polysoude.com\/wp-content\/uploads\/2022\/07\/Polysoude_Logo_signature_fond-transparent_600dpi_300mm_RVB-e1658123578778.png","contentUrl":"https:\/\/www.polysoude.com\/wp-content\/uploads\/2022\/07\/Polysoude_Logo_signature_fond-transparent_600dpi_300mm_RVB-e1658123578778.png","width":465,"height":86,"caption":"Polysoude"},"image":{"@id":"https:\/\/www.polysoude.com\/de\/#\/schema\/logo\/image\/"},"sameAs":["https:\/\/www.facebook.com\/Polysoude\/","https:\/\/www.linkedin.com\/company\/polysoude\/","https:\/\/www.instagram.com\/polysoudeglobal\/"]}]}},"_links":{"self":[{"href":"https:\/\/www.polysoude.com\/de\/wp-json\/wp\/v2\/pages\/25270","targetHints":{"allow":["GET"]}}],"collection":[{"href":"https:\/\/www.polysoude.com\/de\/wp-json\/wp\/v2\/pages"}],"about":[{"href":"https:\/\/www.polysoude.com\/de\/wp-json\/wp\/v2\/types\/page"}],"author":[{"embeddable":true,"href":"https:\/\/www.polysoude.com\/de\/wp-json\/wp\/v2\/users\/3"}],"replies":[{"embeddable":true,"href":"https:\/\/www.polysoude.com\/de\/wp-json\/wp\/v2\/comments?post=25270"}],"version-history":[{"count":10,"href":"https:\/\/www.polysoude.com\/de\/wp-json\/wp\/v2\/pages\/25270\/revisions"}],"predecessor-version":[{"id":39561,"href":"https:\/\/www.polysoude.com\/de\/wp-json\/wp\/v2\/pages\/25270\/revisions\/39561"}],"up":[{"embeddable":true,"href":"https:\/\/www.polysoude.com\/de\/wp-json\/wp\/v2\/pages\/25248"}],"wp:featuredmedia":[{"embeddable":true,"href":"https:\/\/www.polysoude.com\/de\/wp-json\/wp\/v2\/media\/25886"}],"wp:attachment":[{"href":"https:\/\/www.polysoude.com\/de\/wp-json\/wp\/v2\/media?parent=25270"}],"curies":[{"name":"wp","href":"https:\/\/api.w.org\/{rel}","templated":true}]}}