{"id":3243,"date":"2016-10-06T10:04:01","date_gmt":"2016-10-06T08:04:01","guid":{"rendered":"http:\/\/www.polysoude.com\/?page_id=3243"},"modified":"2024-07-29T15:08:51","modified_gmt":"2024-07-29T13:08:51","slug":"technische-unterstutzung","status":"publish","type":"page","link":"https:\/\/www.polysoude.com\/de\/dienstleistungen-ersatzteile-miete\/technische-unterstutzung\/","title":{"rendered":"Technische Unterst\u00fctzung"},"content":{"rendered":"\n<h1>\n\t\tUnsere Schwei\u00dfkompetenz &#8211; bei Ihnen vor Ort!\n\t<\/h1>\n\t\t\t\t<img loading=\"lazy\" decoding=\"async\" src=\"https:\/\/www.polysoude.com\/wp-content\/uploads\/2016\/10\/services_welding-expertise-300x251.jpg\" alt=\"services_welding-expertise\" height=\"251\" width=\"300\" title=\"services_welding-expertise\" \/>\n\t<ul>\n<li>25 erstklassige Schwei\u00dffachleute stehen bereit, zu Ihnen zu kommen<\/li>\n<li>Moderne <a href=\"https:\/\/www.polysoude.com\/de\/wig-schweissausruestung\/\">Schwei\u00dfverfahren<\/a><\/li>\n<li>Regelm\u00e4\u00dfig aktualisierte Technologien<\/li>\n<li>Ausgezeichnete L\u00f6sungen f\u00fcr Leistungen der Spitzenklasse<\/li>\n<li>Garantiertes <a href=\"https:\/\/www.polysoude.com\/de\/\">Schwei\u00dfen<\/a> hoher Qualit\u00e4t<\/li>\n<li>Beratung zum Optimieren der Produktivit\u00e4t und Schwei\u00dfqualit\u00e4t<\/li>\n<li>Beratung \u00fcber vorbeugende Wartung und Reparaturen<\/li>\n<li>Fortgeschrittene Bedienerschulung<\/li>\n<li>St\u00f6rungssuche<\/li>\n<\/ul>\n<h1>\n\t\tFernunterst\u00fctzung: Als w\u00e4ren wir direkt bei Ihnen!\n\t<\/h1>\n\t\t\t\t<img loading=\"lazy\" decoding=\"async\" src=\"https:\/\/www.polysoude.com\/wp-content\/uploads\/2016\/10\/services-remote-assistance-en.jpg\" alt=\"services-remote-assistance-en\" height=\"251\" width=\"266\" title=\"services-remote-assistance-en\" \/>\n\t<h4>Wie funktioniert das?<\/h4>\n<p>Wir k\u00f6nnen Ihnen per Telefon oder Internet helfen. Wir haben sogar die M\u00f6glichkeit, \u00fcber das Internet auf den Steuercomputer zuzugreifen, um die POLYSOUDE-Softwareinstallation zu \u00fcberpr\u00fcfen.<\/p>\n<h4>Was sind die Vorteile?<\/h4>\n<ul>\n<li>Sofortige Reaktion minimiert die Stillstandszeit<\/li>\n<li>Effiziente Beratung zu Schwei\u00dfprogrammen<\/li>\n<li>Ferndiagnose und sofortige Fehlersuche<\/li>\n<li>Mehrsprachige Telefonunterst\u00fctzung verf\u00fcgbar<\/li>\n<\/ul>\n\t<h3>BRAUCHEN SIE HILFE?<\/h3>\nRufen Sie uns sofort an: f\u00fcr Deutschland\u00a0 <strong>+49 (0) 7072 60076 0<\/strong><br \/>\nf\u00fcr \u00d6sterreich\u00a0 <strong>+43 (0) 3613 200 36<\/strong> oder f\u00fcr die Schweiz\u00a0 <strong>+41 (0) 43 243 5080<\/strong>\n\n","protected":false},"excerpt":{"rendered":"<p>Unsere Schwei\u00dfkompetenz &#8211; bei Ihnen vor Ort! 25 erstklassige Schwei\u00dffachleute stehen bereit, zu Ihnen zu kommen Moderne Schwei\u00dfverfahren Regelm\u00e4\u00dfig aktualisierte Technologien Ausgezeichnete L\u00f6sungen f\u00fcr Leistungen der Spitzenklasse Garantiertes Schwei\u00dfen hoher Qualit\u00e4t Beratung zum Optimieren der Produktivit\u00e4t und Schwei\u00dfqualit\u00e4t Beratung \u00fcber vorbeugende Wartung und Reparaturen Fortgeschrittene Bedienerschulung St\u00f6rungssuche Fernunterst\u00fctzung: Als w\u00e4ren wir direkt bei Ihnen! Wie [&hellip;]<\/p>\n","protected":false},"author":1,"featured_media":2050,"parent":2224,"menu_order":0,"comment_status":"closed","ping_status":"closed","template":"page-contenu.php","meta":{"_acf_changed":false,"footnotes":""},"class_list":["post-3243","page","type-page","status-publish","has-post-thumbnail","hentry"],"acf":[],"yoast_head":"<!-- This site is optimized with the Yoast SEO plugin v27.3 - https:\/\/yoast.com\/product\/yoast-seo-wordpress\/ -->\n<title>Technische Unterst\u00fctzung | Polysoude<\/title>\n<meta name=\"description\" content=\"Unsere Schwei\u00dfkompetenz - bei Ihnen vor Ort! 25 erstklassige Schwei\u00dffachleute stehen bereit, zu Ihnen zu kommen Moderne Schwei\u00dfverfahren Regelm\u00e4\u00dfig\" \/>\n<meta name=\"robots\" content=\"index, follow, max-snippet:-1, max-image-preview:large, max-video-preview:-1\" \/>\n<link rel=\"canonical\" href=\"https:\/\/www.polysoude.com\/de\/dienstleistungen-ersatzteile-miete\/technische-unterstutzung\/\" \/>\n<meta property=\"og:locale\" content=\"de_DE\" \/>\n<meta property=\"og:type\" content=\"article\" \/>\n<meta property=\"og:title\" content=\"Technische Unterst\u00fctzung | Polysoude\" \/>\n<meta property=\"og:description\" content=\"Unsere Schwei\u00dfkompetenz - bei Ihnen vor Ort! 25 erstklassige Schwei\u00dffachleute stehen bereit, zu Ihnen zu kommen Moderne Schwei\u00dfverfahren Regelm\u00e4\u00dfig\" \/>\n<meta property=\"og:url\" content=\"https:\/\/www.polysoude.com\/de\/dienstleistungen-ersatzteile-miete\/technische-unterstutzung\/\" \/>\n<meta property=\"og:site_name\" content=\"Polysoude\" \/>\n<meta property=\"article:publisher\" content=\"https:\/\/www.facebook.com\/Polysoude\/\" \/>\n<meta property=\"article:modified_time\" content=\"2024-07-29T13:08:51+00:00\" \/>\n<meta property=\"og:image\" content=\"https:\/\/www.polysoude.com\/wp-content\/uploads\/2022\/07\/Polysoude_Logo_signature_fond-transparent_600dpi_300mm_RVB-e1658123578778.png\" \/>\n\t<meta property=\"og:image:width\" content=\"465\" \/>\n\t<meta property=\"og:image:height\" content=\"86\" \/>\n\t<meta property=\"og:image:type\" content=\"image\/png\" \/>\n<meta name=\"twitter:card\" content=\"summary_large_image\" \/>\n<meta name=\"twitter:label1\" content=\"Gesch\u00e4tzte Lesezeit\" \/>\n\t<meta name=\"twitter:data1\" content=\"1 minute\" \/>\n<script type=\"application\/ld+json\" class=\"yoast-schema-graph\">{\"@context\":\"https:\\\/\\\/schema.org\",\"@graph\":[{\"@type\":\"WebPage\",\"@id\":\"https:\\\/\\\/www.polysoude.com\\\/de\\\/dienstleistungen-ersatzteile-miete\\\/technische-unterstutzung\\\/\",\"url\":\"https:\\\/\\\/www.polysoude.com\\\/de\\\/dienstleistungen-ersatzteile-miete\\\/technische-unterstutzung\\\/\",\"name\":\"Technische Unterst\u00fctzung | Polysoude\",\"isPartOf\":{\"@id\":\"https:\\\/\\\/www.polysoude.com\\\/de\\\/#website\"},\"primaryImageOfPage\":{\"@id\":\"https:\\\/\\\/www.polysoude.com\\\/de\\\/dienstleistungen-ersatzteile-miete\\\/technische-unterstutzung\\\/#primaryimage\"},\"image\":{\"@id\":\"https:\\\/\\\/www.polysoude.com\\\/de\\\/dienstleistungen-ersatzteile-miete\\\/technische-unterstutzung\\\/#primaryimage\"},\"thumbnailUrl\":\"https:\\\/\\\/www.polysoude.com\\\/wp-content\\\/uploads\\\/2016\\\/10\\\/services_welding-expertise.jpg\",\"datePublished\":\"2016-10-06T08:04:01+00:00\",\"dateModified\":\"2024-07-29T13:08:51+00:00\",\"description\":\"Unsere Schwei\u00dfkompetenz - bei Ihnen vor Ort! 25 erstklassige Schwei\u00dffachleute stehen bereit, zu Ihnen zu kommen Moderne Schwei\u00dfverfahren Regelm\u00e4\u00dfig\",\"breadcrumb\":{\"@id\":\"https:\\\/\\\/www.polysoude.com\\\/de\\\/dienstleistungen-ersatzteile-miete\\\/technische-unterstutzung\\\/#breadcrumb\"},\"inLanguage\":\"de-DE\",\"potentialAction\":[{\"@type\":\"ReadAction\",\"target\":[\"https:\\\/\\\/www.polysoude.com\\\/de\\\/dienstleistungen-ersatzteile-miete\\\/technische-unterstutzung\\\/\"]}]},{\"@type\":\"ImageObject\",\"inLanguage\":\"de-DE\",\"@id\":\"https:\\\/\\\/www.polysoude.com\\\/de\\\/dienstleistungen-ersatzteile-miete\\\/technische-unterstutzung\\\/#primaryimage\",\"url\":\"https:\\\/\\\/www.polysoude.com\\\/wp-content\\\/uploads\\\/2016\\\/10\\\/services_welding-expertise.jpg\",\"contentUrl\":\"https:\\\/\\\/www.polysoude.com\\\/wp-content\\\/uploads\\\/2016\\\/10\\\/services_welding-expertise.jpg\",\"width\":598,\"height\":500},{\"@type\":\"BreadcrumbList\",\"@id\":\"https:\\\/\\\/www.polysoude.com\\\/de\\\/dienstleistungen-ersatzteile-miete\\\/technische-unterstutzung\\\/#breadcrumb\",\"itemListElement\":[{\"@type\":\"ListItem\",\"position\":1,\"name\":\"Home\",\"item\":\"https:\\\/\\\/www.polysoude.com\\\/de\\\/homepage\\\/\"},{\"@type\":\"ListItem\",\"position\":2,\"name\":\"Dienstleistungen \\\/ Ersatzteile \\\/ Miete\",\"item\":\"https:\\\/\\\/www.polysoude.com\\\/de\\\/dienstleistungen-ersatzteile-miete\\\/\"},{\"@type\":\"ListItem\",\"position\":3,\"name\":\"Technische Unterst\u00fctzung\"}]},{\"@type\":\"WebSite\",\"@id\":\"https:\\\/\\\/www.polysoude.com\\\/de\\\/#website\",\"url\":\"https:\\\/\\\/www.polysoude.com\\\/de\\\/\",\"name\":\"Polysoude\",\"description\":\"The art of welding\",\"publisher\":{\"@id\":\"https:\\\/\\\/www.polysoude.com\\\/de\\\/#organization\"},\"alternateName\":\"Polysoude\",\"potentialAction\":[{\"@type\":\"SearchAction\",\"target\":{\"@type\":\"EntryPoint\",\"urlTemplate\":\"https:\\\/\\\/www.polysoude.com\\\/de\\\/?s={search_term_string}\"},\"query-input\":{\"@type\":\"PropertyValueSpecification\",\"valueRequired\":true,\"valueName\":\"search_term_string\"}}],\"inLanguage\":\"de-DE\"},{\"@type\":\"Organization\",\"@id\":\"https:\\\/\\\/www.polysoude.com\\\/de\\\/#organization\",\"name\":\"Polysoude\",\"alternateName\":\"Polysoude\",\"url\":\"https:\\\/\\\/www.polysoude.com\\\/de\\\/\",\"logo\":{\"@type\":\"ImageObject\",\"inLanguage\":\"de-DE\",\"@id\":\"https:\\\/\\\/www.polysoude.com\\\/de\\\/#\\\/schema\\\/logo\\\/image\\\/\",\"url\":\"https:\\\/\\\/www.polysoude.com\\\/wp-content\\\/uploads\\\/2022\\\/07\\\/Polysoude_Logo_signature_fond-transparent_600dpi_300mm_RVB-e1658123578778.png\",\"contentUrl\":\"https:\\\/\\\/www.polysoude.com\\\/wp-content\\\/uploads\\\/2022\\\/07\\\/Polysoude_Logo_signature_fond-transparent_600dpi_300mm_RVB-e1658123578778.png\",\"width\":465,\"height\":86,\"caption\":\"Polysoude\"},\"image\":{\"@id\":\"https:\\\/\\\/www.polysoude.com\\\/de\\\/#\\\/schema\\\/logo\\\/image\\\/\"},\"sameAs\":[\"https:\\\/\\\/www.facebook.com\\\/Polysoude\\\/\",\"https:\\\/\\\/www.linkedin.com\\\/company\\\/polysoude\\\/\",\"https:\\\/\\\/www.instagram.com\\\/polysoudeglobal\\\/\"]}]}<\/script>\n<!-- \/ Yoast SEO plugin. -->","yoast_head_json":{"title":"Technische Unterst\u00fctzung | Polysoude","description":"Unsere Schwei\u00dfkompetenz - bei Ihnen vor Ort! 25 erstklassige Schwei\u00dffachleute stehen bereit, zu Ihnen zu kommen Moderne Schwei\u00dfverfahren Regelm\u00e4\u00dfig","robots":{"index":"index","follow":"follow","max-snippet":"max-snippet:-1","max-image-preview":"max-image-preview:large","max-video-preview":"max-video-preview:-1"},"canonical":"https:\/\/www.polysoude.com\/de\/dienstleistungen-ersatzteile-miete\/technische-unterstutzung\/","og_locale":"de_DE","og_type":"article","og_title":"Technische Unterst\u00fctzung | Polysoude","og_description":"Unsere Schwei\u00dfkompetenz - bei Ihnen vor Ort! 25 erstklassige Schwei\u00dffachleute stehen bereit, zu Ihnen zu kommen Moderne Schwei\u00dfverfahren Regelm\u00e4\u00dfig","og_url":"https:\/\/www.polysoude.com\/de\/dienstleistungen-ersatzteile-miete\/technische-unterstutzung\/","og_site_name":"Polysoude","article_publisher":"https:\/\/www.facebook.com\/Polysoude\/","article_modified_time":"2024-07-29T13:08:51+00:00","og_image":[{"width":465,"height":86,"url":"https:\/\/www.polysoude.com\/wp-content\/uploads\/2022\/07\/Polysoude_Logo_signature_fond-transparent_600dpi_300mm_RVB-e1658123578778.png","type":"image\/png"}],"twitter_card":"summary_large_image","twitter_misc":{"Gesch\u00e4tzte Lesezeit":"1 minute"},"schema":{"@context":"https:\/\/schema.org","@graph":[{"@type":"WebPage","@id":"https:\/\/www.polysoude.com\/de\/dienstleistungen-ersatzteile-miete\/technische-unterstutzung\/","url":"https:\/\/www.polysoude.com\/de\/dienstleistungen-ersatzteile-miete\/technische-unterstutzung\/","name":"Technische Unterst\u00fctzung | Polysoude","isPartOf":{"@id":"https:\/\/www.polysoude.com\/de\/#website"},"primaryImageOfPage":{"@id":"https:\/\/www.polysoude.com\/de\/dienstleistungen-ersatzteile-miete\/technische-unterstutzung\/#primaryimage"},"image":{"@id":"https:\/\/www.polysoude.com\/de\/dienstleistungen-ersatzteile-miete\/technische-unterstutzung\/#primaryimage"},"thumbnailUrl":"https:\/\/www.polysoude.com\/wp-content\/uploads\/2016\/10\/services_welding-expertise.jpg","datePublished":"2016-10-06T08:04:01+00:00","dateModified":"2024-07-29T13:08:51+00:00","description":"Unsere Schwei\u00dfkompetenz - bei Ihnen vor Ort! 25 erstklassige Schwei\u00dffachleute stehen bereit, zu Ihnen zu kommen Moderne Schwei\u00dfverfahren Regelm\u00e4\u00dfig","breadcrumb":{"@id":"https:\/\/www.polysoude.com\/de\/dienstleistungen-ersatzteile-miete\/technische-unterstutzung\/#breadcrumb"},"inLanguage":"de-DE","potentialAction":[{"@type":"ReadAction","target":["https:\/\/www.polysoude.com\/de\/dienstleistungen-ersatzteile-miete\/technische-unterstutzung\/"]}]},{"@type":"ImageObject","inLanguage":"de-DE","@id":"https:\/\/www.polysoude.com\/de\/dienstleistungen-ersatzteile-miete\/technische-unterstutzung\/#primaryimage","url":"https:\/\/www.polysoude.com\/wp-content\/uploads\/2016\/10\/services_welding-expertise.jpg","contentUrl":"https:\/\/www.polysoude.com\/wp-content\/uploads\/2016\/10\/services_welding-expertise.jpg","width":598,"height":500},{"@type":"BreadcrumbList","@id":"https:\/\/www.polysoude.com\/de\/dienstleistungen-ersatzteile-miete\/technische-unterstutzung\/#breadcrumb","itemListElement":[{"@type":"ListItem","position":1,"name":"Home","item":"https:\/\/www.polysoude.com\/de\/homepage\/"},{"@type":"ListItem","position":2,"name":"Dienstleistungen \/ Ersatzteile \/ Miete","item":"https:\/\/www.polysoude.com\/de\/dienstleistungen-ersatzteile-miete\/"},{"@type":"ListItem","position":3,"name":"Technische Unterst\u00fctzung"}]},{"@type":"WebSite","@id":"https:\/\/www.polysoude.com\/de\/#website","url":"https:\/\/www.polysoude.com\/de\/","name":"Polysoude","description":"The art of welding","publisher":{"@id":"https:\/\/www.polysoude.com\/de\/#organization"},"alternateName":"Polysoude","potentialAction":[{"@type":"SearchAction","target":{"@type":"EntryPoint","urlTemplate":"https:\/\/www.polysoude.com\/de\/?s={search_term_string}"},"query-input":{"@type":"PropertyValueSpecification","valueRequired":true,"valueName":"search_term_string"}}],"inLanguage":"de-DE"},{"@type":"Organization","@id":"https:\/\/www.polysoude.com\/de\/#organization","name":"Polysoude","alternateName":"Polysoude","url":"https:\/\/www.polysoude.com\/de\/","logo":{"@type":"ImageObject","inLanguage":"de-DE","@id":"https:\/\/www.polysoude.com\/de\/#\/schema\/logo\/image\/","url":"https:\/\/www.polysoude.com\/wp-content\/uploads\/2022\/07\/Polysoude_Logo_signature_fond-transparent_600dpi_300mm_RVB-e1658123578778.png","contentUrl":"https:\/\/www.polysoude.com\/wp-content\/uploads\/2022\/07\/Polysoude_Logo_signature_fond-transparent_600dpi_300mm_RVB-e1658123578778.png","width":465,"height":86,"caption":"Polysoude"},"image":{"@id":"https:\/\/www.polysoude.com\/de\/#\/schema\/logo\/image\/"},"sameAs":["https:\/\/www.facebook.com\/Polysoude\/","https:\/\/www.linkedin.com\/company\/polysoude\/","https:\/\/www.instagram.com\/polysoudeglobal\/"]}]}},"_links":{"self":[{"href":"https:\/\/www.polysoude.com\/de\/wp-json\/wp\/v2\/pages\/3243","targetHints":{"allow":["GET"]}}],"collection":[{"href":"https:\/\/www.polysoude.com\/de\/wp-json\/wp\/v2\/pages"}],"about":[{"href":"https:\/\/www.polysoude.com\/de\/wp-json\/wp\/v2\/types\/page"}],"author":[{"embeddable":true,"href":"https:\/\/www.polysoude.com\/de\/wp-json\/wp\/v2\/users\/1"}],"replies":[{"embeddable":true,"href":"https:\/\/www.polysoude.com\/de\/wp-json\/wp\/v2\/comments?post=3243"}],"version-history":[{"count":13,"href":"https:\/\/www.polysoude.com\/de\/wp-json\/wp\/v2\/pages\/3243\/revisions"}],"predecessor-version":[{"id":48471,"href":"https:\/\/www.polysoude.com\/de\/wp-json\/wp\/v2\/pages\/3243\/revisions\/48471"}],"up":[{"embeddable":true,"href":"https:\/\/www.polysoude.com\/de\/wp-json\/wp\/v2\/pages\/2224"}],"wp:featuredmedia":[{"embeddable":true,"href":"https:\/\/www.polysoude.com\/de\/wp-json\/wp\/v2\/media\/2050"}],"wp:attachment":[{"href":"https:\/\/www.polysoude.com\/de\/wp-json\/wp\/v2\/media?parent=3243"}],"curies":[{"name":"wp","href":"https:\/\/api.w.org\/{rel}","templated":true}]}}