{"id":3275,"date":"2016-10-06T10:04:11","date_gmt":"2016-10-06T08:04:11","guid":{"rendered":"http:\/\/www.polysoude.com\/?page_id=3275"},"modified":"2024-07-29T15:10:49","modified_gmt":"2024-07-29T13:10:49","slug":"schulung","status":"publish","type":"page","link":"https:\/\/www.polysoude.com\/de\/dienstleistungen-ersatzteile-miete\/schulung\/","title":{"rendered":"Schulung"},"content":{"rendered":"\n\n\t<h4>Ihr Erfolg ist unser Anliegen&#8230;<\/h4>\n<p>Mit \u00fcber 60 Jahren Erfahrung bei der Entwicklung industrieller WIG- und Plasma &#8211; Schwei\u00df- und Auftragschwei\u00dfanlagen ist die Firma <a href=\"https:\/\/www.polysoude.com\/de\/\">POLYSOUDE<\/a> in der Lage, ihr Know-how und Fachwissen durch eine <strong>Vielfalt an Schulungsprogrammen<\/strong> auf dem Gebiet der Schwei\u00dftechnik weiterzugeben.<\/p>\n<p>Wir k\u00f6nnen Schulungen \u00fcber:<\/p>\n<ul>\n<li>Schwei\u00dfeinrichtungen<\/li>\n<li><a href=\"https:\/\/www.polysoude.com\/de\/wig-schweissausruestung\/\">Schwei\u00dfverfahren<\/a><\/li>\n<li>und zur Wartung von POLYSOUDE-Einrichtungen anbieten.<\/li>\n<\/ul>\n<p>Wir bieten <strong>Benutzer- und Wartungsschulungen<\/strong> f\u00fcr Anf\u00e4nger und fortgeschrittene Techniker an. Auch ma\u00dfgeschneiderte Kundenschulungen haben unsere Schulungsleiter im Angebot. Bei POLYSOUDE haben wir f\u00fcr jeden das Passende!<\/p>\n<p>Die Schulung kann in <strong>vielen Sprachen<\/strong> abgehalten werden, wie etwa Englisch, Franz\u00f6sisch, Deutsch, Italienisch, Chinesisch usw.<\/p>\n\t\t\t\t<img loading=\"lazy\" decoding=\"async\" src=\"https:\/\/www.polysoude.com\/wp-content\/uploads\/2016\/11\/services_training-statistics_de-500x500.jpg\" alt=\"services_training-statistics_de\" height=\"500\" width=\"500\" title=\"services_training-statistics_de\" \/>\n\t\t\t\t<img loading=\"lazy\" decoding=\"async\" src=\"https:\/\/www.polysoude.com\/wp-content\/uploads\/2016\/10\/polysoude_training-300x169.jpg\" alt=\"polysoude_training\" height=\"169\" width=\"300\" title=\"polysoude_training\" \/>\n\t\t\t\t<img loading=\"lazy\" decoding=\"async\" src=\"https:\/\/www.polysoude.com\/wp-content\/uploads\/2016\/10\/polysoude_training2-300x192.jpg\" alt=\"polysoude_training2\" height=\"192\" width=\"300\" title=\"polysoude_training2\" \/>\n\t\t\t\t<img loading=\"lazy\" decoding=\"async\" src=\"https:\/\/www.polysoude.com\/wp-content\/uploads\/2016\/10\/polysoude_on-site_training-300x160.jpg\" alt=\"polysoude_on-site_training\" height=\"160\" width=\"300\" title=\"polysoude_on-site_training\" \/>\n\n","protected":false},"excerpt":{"rendered":"<p>Ihr Erfolg ist unser Anliegen&#8230; Mit \u00fcber 60 Jahren Erfahrung bei der Entwicklung industrieller WIG- und Plasma &#8211; Schwei\u00df- und Auftragschwei\u00dfanlagen ist die Firma POLYSOUDE in der Lage, ihr Know-how und Fachwissen durch eine Vielfalt an Schulungsprogrammen auf dem Gebiet der Schwei\u00dftechnik weiterzugeben. Wir k\u00f6nnen Schulungen \u00fcber: Schwei\u00dfeinrichtungen Schwei\u00dfverfahren und zur Wartung von POLYSOUDE-Einrichtungen anbieten. [&hellip;]<\/p>\n","protected":false},"author":1,"featured_media":2112,"parent":2224,"menu_order":0,"comment_status":"closed","ping_status":"closed","template":"page-contenu.php","meta":{"_acf_changed":false,"footnotes":""},"class_list":["post-3275","page","type-page","status-publish","has-post-thumbnail","hentry"],"acf":[],"yoast_head":"<!-- This site is optimized with the Yoast SEO plugin v27.3 - https:\/\/yoast.com\/product\/yoast-seo-wordpress\/ -->\n<title>Schulung | Polysoude<\/title>\n<meta name=\"description\" content=\"Ihr Erfolg ist unser Anliegen&#8230; Mit \u00fcber 60 Jahren Erfahrung bei der Entwicklung industrieller WIG- und Plasma - Schwei\u00df- und Auftragschwei\u00dfanlagen\" \/>\n<meta name=\"robots\" content=\"index, follow, max-snippet:-1, max-image-preview:large, max-video-preview:-1\" \/>\n<link rel=\"canonical\" href=\"https:\/\/www.polysoude.com\/de\/dienstleistungen-ersatzteile-miete\/schulung\/\" \/>\n<meta property=\"og:locale\" content=\"de_DE\" \/>\n<meta property=\"og:type\" content=\"article\" \/>\n<meta property=\"og:title\" content=\"Schulung | Polysoude\" \/>\n<meta property=\"og:description\" content=\"Ihr Erfolg ist unser Anliegen&#8230; Mit \u00fcber 60 Jahren Erfahrung bei der Entwicklung industrieller WIG- und Plasma - Schwei\u00df- und Auftragschwei\u00dfanlagen\" \/>\n<meta property=\"og:url\" content=\"https:\/\/www.polysoude.com\/de\/dienstleistungen-ersatzteile-miete\/schulung\/\" \/>\n<meta property=\"og:site_name\" content=\"Polysoude\" \/>\n<meta property=\"article:publisher\" content=\"https:\/\/www.facebook.com\/Polysoude\/\" \/>\n<meta property=\"article:modified_time\" content=\"2024-07-29T13:10:49+00:00\" \/>\n<meta property=\"og:image\" content=\"https:\/\/www.polysoude.com\/wp-content\/uploads\/2022\/07\/Polysoude_Logo_signature_fond-transparent_600dpi_300mm_RVB-e1658123578778.png\" \/>\n\t<meta property=\"og:image:width\" content=\"465\" \/>\n\t<meta property=\"og:image:height\" content=\"86\" \/>\n\t<meta property=\"og:image:type\" content=\"image\/png\" \/>\n<meta name=\"twitter:card\" content=\"summary_large_image\" \/>\n<meta name=\"twitter:label1\" content=\"Gesch\u00e4tzte Lesezeit\" \/>\n\t<meta name=\"twitter:data1\" content=\"2 minutes\" \/>\n<script type=\"application\/ld+json\" class=\"yoast-schema-graph\">{\"@context\":\"https:\\\/\\\/schema.org\",\"@graph\":[{\"@type\":\"WebPage\",\"@id\":\"https:\\\/\\\/www.polysoude.com\\\/de\\\/dienstleistungen-ersatzteile-miete\\\/schulung\\\/\",\"url\":\"https:\\\/\\\/www.polysoude.com\\\/de\\\/dienstleistungen-ersatzteile-miete\\\/schulung\\\/\",\"name\":\"Schulung | Polysoude\",\"isPartOf\":{\"@id\":\"https:\\\/\\\/www.polysoude.com\\\/de\\\/#website\"},\"primaryImageOfPage\":{\"@id\":\"https:\\\/\\\/www.polysoude.com\\\/de\\\/dienstleistungen-ersatzteile-miete\\\/schulung\\\/#primaryimage\"},\"image\":{\"@id\":\"https:\\\/\\\/www.polysoude.com\\\/de\\\/dienstleistungen-ersatzteile-miete\\\/schulung\\\/#primaryimage\"},\"thumbnailUrl\":\"https:\\\/\\\/www.polysoude.com\\\/wp-content\\\/uploads\\\/2016\\\/10\\\/polysoude_training.jpg\",\"datePublished\":\"2016-10-06T08:04:11+00:00\",\"dateModified\":\"2024-07-29T13:10:49+00:00\",\"description\":\"Ihr Erfolg ist unser Anliegen&#8230; Mit \u00fcber 60 Jahren Erfahrung bei der Entwicklung industrieller WIG- und Plasma - Schwei\u00df- und Auftragschwei\u00dfanlagen\",\"breadcrumb\":{\"@id\":\"https:\\\/\\\/www.polysoude.com\\\/de\\\/dienstleistungen-ersatzteile-miete\\\/schulung\\\/#breadcrumb\"},\"inLanguage\":\"de-DE\",\"potentialAction\":[{\"@type\":\"ReadAction\",\"target\":[\"https:\\\/\\\/www.polysoude.com\\\/de\\\/dienstleistungen-ersatzteile-miete\\\/schulung\\\/\"]}]},{\"@type\":\"ImageObject\",\"inLanguage\":\"de-DE\",\"@id\":\"https:\\\/\\\/www.polysoude.com\\\/de\\\/dienstleistungen-ersatzteile-miete\\\/schulung\\\/#primaryimage\",\"url\":\"https:\\\/\\\/www.polysoude.com\\\/wp-content\\\/uploads\\\/2016\\\/10\\\/polysoude_training.jpg\",\"contentUrl\":\"https:\\\/\\\/www.polysoude.com\\\/wp-content\\\/uploads\\\/2016\\\/10\\\/polysoude_training.jpg\",\"width\":500,\"height\":281},{\"@type\":\"BreadcrumbList\",\"@id\":\"https:\\\/\\\/www.polysoude.com\\\/de\\\/dienstleistungen-ersatzteile-miete\\\/schulung\\\/#breadcrumb\",\"itemListElement\":[{\"@type\":\"ListItem\",\"position\":1,\"name\":\"Home\",\"item\":\"https:\\\/\\\/www.polysoude.com\\\/de\\\/homepage\\\/\"},{\"@type\":\"ListItem\",\"position\":2,\"name\":\"Dienstleistungen \\\/ Ersatzteile \\\/ Miete\",\"item\":\"https:\\\/\\\/www.polysoude.com\\\/de\\\/dienstleistungen-ersatzteile-miete\\\/\"},{\"@type\":\"ListItem\",\"position\":3,\"name\":\"Schulung\"}]},{\"@type\":\"WebSite\",\"@id\":\"https:\\\/\\\/www.polysoude.com\\\/de\\\/#website\",\"url\":\"https:\\\/\\\/www.polysoude.com\\\/de\\\/\",\"name\":\"Polysoude\",\"description\":\"The art of welding\",\"publisher\":{\"@id\":\"https:\\\/\\\/www.polysoude.com\\\/de\\\/#organization\"},\"alternateName\":\"Polysoude\",\"potentialAction\":[{\"@type\":\"SearchAction\",\"target\":{\"@type\":\"EntryPoint\",\"urlTemplate\":\"https:\\\/\\\/www.polysoude.com\\\/de\\\/?s={search_term_string}\"},\"query-input\":{\"@type\":\"PropertyValueSpecification\",\"valueRequired\":true,\"valueName\":\"search_term_string\"}}],\"inLanguage\":\"de-DE\"},{\"@type\":\"Organization\",\"@id\":\"https:\\\/\\\/www.polysoude.com\\\/de\\\/#organization\",\"name\":\"Polysoude\",\"alternateName\":\"Polysoude\",\"url\":\"https:\\\/\\\/www.polysoude.com\\\/de\\\/\",\"logo\":{\"@type\":\"ImageObject\",\"inLanguage\":\"de-DE\",\"@id\":\"https:\\\/\\\/www.polysoude.com\\\/de\\\/#\\\/schema\\\/logo\\\/image\\\/\",\"url\":\"https:\\\/\\\/www.polysoude.com\\\/wp-content\\\/uploads\\\/2022\\\/07\\\/Polysoude_Logo_signature_fond-transparent_600dpi_300mm_RVB-e1658123578778.png\",\"contentUrl\":\"https:\\\/\\\/www.polysoude.com\\\/wp-content\\\/uploads\\\/2022\\\/07\\\/Polysoude_Logo_signature_fond-transparent_600dpi_300mm_RVB-e1658123578778.png\",\"width\":465,\"height\":86,\"caption\":\"Polysoude\"},\"image\":{\"@id\":\"https:\\\/\\\/www.polysoude.com\\\/de\\\/#\\\/schema\\\/logo\\\/image\\\/\"},\"sameAs\":[\"https:\\\/\\\/www.facebook.com\\\/Polysoude\\\/\",\"https:\\\/\\\/www.linkedin.com\\\/company\\\/polysoude\\\/\",\"https:\\\/\\\/www.instagram.com\\\/polysoudeglobal\\\/\"]}]}<\/script>\n<!-- \/ Yoast SEO plugin. -->","yoast_head_json":{"title":"Schulung | Polysoude","description":"Ihr Erfolg ist unser Anliegen&#8230; Mit \u00fcber 60 Jahren Erfahrung bei der Entwicklung industrieller WIG- und Plasma - Schwei\u00df- und Auftragschwei\u00dfanlagen","robots":{"index":"index","follow":"follow","max-snippet":"max-snippet:-1","max-image-preview":"max-image-preview:large","max-video-preview":"max-video-preview:-1"},"canonical":"https:\/\/www.polysoude.com\/de\/dienstleistungen-ersatzteile-miete\/schulung\/","og_locale":"de_DE","og_type":"article","og_title":"Schulung | Polysoude","og_description":"Ihr Erfolg ist unser Anliegen&#8230; Mit \u00fcber 60 Jahren Erfahrung bei der Entwicklung industrieller WIG- und Plasma - Schwei\u00df- und Auftragschwei\u00dfanlagen","og_url":"https:\/\/www.polysoude.com\/de\/dienstleistungen-ersatzteile-miete\/schulung\/","og_site_name":"Polysoude","article_publisher":"https:\/\/www.facebook.com\/Polysoude\/","article_modified_time":"2024-07-29T13:10:49+00:00","og_image":[{"width":465,"height":86,"url":"https:\/\/www.polysoude.com\/wp-content\/uploads\/2022\/07\/Polysoude_Logo_signature_fond-transparent_600dpi_300mm_RVB-e1658123578778.png","type":"image\/png"}],"twitter_card":"summary_large_image","twitter_misc":{"Gesch\u00e4tzte Lesezeit":"2 minutes"},"schema":{"@context":"https:\/\/schema.org","@graph":[{"@type":"WebPage","@id":"https:\/\/www.polysoude.com\/de\/dienstleistungen-ersatzteile-miete\/schulung\/","url":"https:\/\/www.polysoude.com\/de\/dienstleistungen-ersatzteile-miete\/schulung\/","name":"Schulung | Polysoude","isPartOf":{"@id":"https:\/\/www.polysoude.com\/de\/#website"},"primaryImageOfPage":{"@id":"https:\/\/www.polysoude.com\/de\/dienstleistungen-ersatzteile-miete\/schulung\/#primaryimage"},"image":{"@id":"https:\/\/www.polysoude.com\/de\/dienstleistungen-ersatzteile-miete\/schulung\/#primaryimage"},"thumbnailUrl":"https:\/\/www.polysoude.com\/wp-content\/uploads\/2016\/10\/polysoude_training.jpg","datePublished":"2016-10-06T08:04:11+00:00","dateModified":"2024-07-29T13:10:49+00:00","description":"Ihr Erfolg ist unser Anliegen&#8230; Mit \u00fcber 60 Jahren Erfahrung bei der Entwicklung industrieller WIG- und Plasma - Schwei\u00df- und Auftragschwei\u00dfanlagen","breadcrumb":{"@id":"https:\/\/www.polysoude.com\/de\/dienstleistungen-ersatzteile-miete\/schulung\/#breadcrumb"},"inLanguage":"de-DE","potentialAction":[{"@type":"ReadAction","target":["https:\/\/www.polysoude.com\/de\/dienstleistungen-ersatzteile-miete\/schulung\/"]}]},{"@type":"ImageObject","inLanguage":"de-DE","@id":"https:\/\/www.polysoude.com\/de\/dienstleistungen-ersatzteile-miete\/schulung\/#primaryimage","url":"https:\/\/www.polysoude.com\/wp-content\/uploads\/2016\/10\/polysoude_training.jpg","contentUrl":"https:\/\/www.polysoude.com\/wp-content\/uploads\/2016\/10\/polysoude_training.jpg","width":500,"height":281},{"@type":"BreadcrumbList","@id":"https:\/\/www.polysoude.com\/de\/dienstleistungen-ersatzteile-miete\/schulung\/#breadcrumb","itemListElement":[{"@type":"ListItem","position":1,"name":"Home","item":"https:\/\/www.polysoude.com\/de\/homepage\/"},{"@type":"ListItem","position":2,"name":"Dienstleistungen \/ Ersatzteile \/ Miete","item":"https:\/\/www.polysoude.com\/de\/dienstleistungen-ersatzteile-miete\/"},{"@type":"ListItem","position":3,"name":"Schulung"}]},{"@type":"WebSite","@id":"https:\/\/www.polysoude.com\/de\/#website","url":"https:\/\/www.polysoude.com\/de\/","name":"Polysoude","description":"The art of welding","publisher":{"@id":"https:\/\/www.polysoude.com\/de\/#organization"},"alternateName":"Polysoude","potentialAction":[{"@type":"SearchAction","target":{"@type":"EntryPoint","urlTemplate":"https:\/\/www.polysoude.com\/de\/?s={search_term_string}"},"query-input":{"@type":"PropertyValueSpecification","valueRequired":true,"valueName":"search_term_string"}}],"inLanguage":"de-DE"},{"@type":"Organization","@id":"https:\/\/www.polysoude.com\/de\/#organization","name":"Polysoude","alternateName":"Polysoude","url":"https:\/\/www.polysoude.com\/de\/","logo":{"@type":"ImageObject","inLanguage":"de-DE","@id":"https:\/\/www.polysoude.com\/de\/#\/schema\/logo\/image\/","url":"https:\/\/www.polysoude.com\/wp-content\/uploads\/2022\/07\/Polysoude_Logo_signature_fond-transparent_600dpi_300mm_RVB-e1658123578778.png","contentUrl":"https:\/\/www.polysoude.com\/wp-content\/uploads\/2022\/07\/Polysoude_Logo_signature_fond-transparent_600dpi_300mm_RVB-e1658123578778.png","width":465,"height":86,"caption":"Polysoude"},"image":{"@id":"https:\/\/www.polysoude.com\/de\/#\/schema\/logo\/image\/"},"sameAs":["https:\/\/www.facebook.com\/Polysoude\/","https:\/\/www.linkedin.com\/company\/polysoude\/","https:\/\/www.instagram.com\/polysoudeglobal\/"]}]}},"_links":{"self":[{"href":"https:\/\/www.polysoude.com\/de\/wp-json\/wp\/v2\/pages\/3275","targetHints":{"allow":["GET"]}}],"collection":[{"href":"https:\/\/www.polysoude.com\/de\/wp-json\/wp\/v2\/pages"}],"about":[{"href":"https:\/\/www.polysoude.com\/de\/wp-json\/wp\/v2\/types\/page"}],"author":[{"embeddable":true,"href":"https:\/\/www.polysoude.com\/de\/wp-json\/wp\/v2\/users\/1"}],"replies":[{"embeddable":true,"href":"https:\/\/www.polysoude.com\/de\/wp-json\/wp\/v2\/comments?post=3275"}],"version-history":[{"count":14,"href":"https:\/\/www.polysoude.com\/de\/wp-json\/wp\/v2\/pages\/3275\/revisions"}],"predecessor-version":[{"id":48475,"href":"https:\/\/www.polysoude.com\/de\/wp-json\/wp\/v2\/pages\/3275\/revisions\/48475"}],"up":[{"embeddable":true,"href":"https:\/\/www.polysoude.com\/de\/wp-json\/wp\/v2\/pages\/2224"}],"wp:featuredmedia":[{"embeddable":true,"href":"https:\/\/www.polysoude.com\/de\/wp-json\/wp\/v2\/media\/2112"}],"wp:attachment":[{"href":"https:\/\/www.polysoude.com\/de\/wp-json\/wp\/v2\/media?parent=3275"}],"curies":[{"name":"wp","href":"https:\/\/api.w.org\/{rel}","templated":true}]}}