{"id":3287,"date":"2016-10-06T10:04:33","date_gmt":"2016-10-06T08:04:33","guid":{"rendered":"http:\/\/www.polysoude.com\/?page_id=3287"},"modified":"2024-07-29T15:11:33","modified_gmt":"2024-07-29T13:11:33","slug":"wartungs-kalibrier-reparaturservice","status":"publish","type":"page","link":"https:\/\/www.polysoude.com\/de\/dienstleistungen-ersatzteile-miete\/wartungs-kalibrier-reparaturservice\/","title":{"rendered":"Wartungs-, Kalibrier- &amp; Reparaturservice"},"content":{"rendered":"\n\n\t<p>Der vorbeugende Wartungsplan von <a href=\"https:\/\/www.polysoude.com\/de\/\">POLYSOUDE<\/a> erh\u00f6ht die Produktivit\u00e4tsrate Ihrer Einrichtung und ist eine ideale Art und Weise, Ihre Investitionen zu sch\u00fctzen.<\/p>\n<p>Wartung oder Reparatur kann von unseren Fachleuten bei POLYSOUDE oder vor Ort ausgef\u00fchrt werden, bei Bedarf k\u00f6nnen Stromquellen oder Schwei\u00dfk\u00f6pfe w\u00e4hrend des Verfahrens gemietet werden.<\/p>\n\t<h4>Als Wartungsleistungen stehen zur Verf\u00fcgung:<\/h4>\n<ul>\n<li>Vorbeugende Wartungsprogramme mit <strong>Premium-Service<\/strong><\/li>\n<li><strong>Vollst\u00e4ndige \u00dcberholung<\/strong> Ihrer Einrichtung und Kalibrierung<\/li>\n<li><strong>Beratung<\/strong> zu notwendiger Lagerhaltung an Ersatzteilen und Verbrauchsmaterial, vor Ort beim Kunden<\/li>\n<li>Garantierte <strong>maximale Verf\u00fcgbarkeit<\/strong> Ihrer Einrichtung \u00fcber einen vorausberechneten, kosteng\u00fcnstigen Wartungsplan<\/li>\n<li><strong>Individuell zugeschnittene<\/strong> Wartungs-Serviceleistungen f\u00fcr gezielte Kundenbetreuung<\/li>\n<\/ul>\n\t<h4>Kalibrierung<\/h4>\n<p>POLYSOUDE bietet die Kalibrierung Ihrer Stromquellen. Unter Verwendung unserer nach <strong>BS EN ISO 9001<\/strong> akkreditierten Messger\u00e4te werden Stromquellen nach derselben Zertifizierung kalibriert, wie sie bei der Produktion benutzt wird.<\/p>\n<ul>\n<li>Alle Stromquellen werden \u00fcber den gesamten Strombereich kalibriert, wobei sowohl der Strom- als auch der Spannungsausgang an verschiedenen Punkten gemessen werden.<\/li>\n<li><strong>Regelm\u00e4\u00dfige Pr\u00fcfungen<\/strong> werden an der <a href=\"https:\/\/www.polysoude.com\/de\/orbitalschweissgeraete\/\">Stromquelle<\/a> selbst ausgef\u00fchrt, um sicherzustellen, dass keine \u00e4u\u00dferen Faktoren die Leistung beeinflussen.<\/li>\n<li>Korrekturen und \u00c4nderungen werden nur durch <strong>erfahrene POLYSOUDE-Ingenieure<\/strong> ausgef\u00fchrt, was den Erfolg gew\u00e4hrleistet.<\/li>\n<li>Eine <strong>Kalibrierungsbescheinigung<\/strong> wird f\u00fcr jede Stromquelle erstellt und geliefert.<\/li>\n<\/ul>\n\t<h4>Vorteile unseres Reparaturservice:<\/h4>\n<ul>\n<li>Die Flexibilit\u00e4t, Eins\u00e4tze weltweit, an jedem POLYSOUDE-Standort oder vor Ort anzubieten.<\/li>\n<li>Garantierte Qualit\u00e4tsreparaturen:\n<ul>\n<li>Reparaturen durch den Hersteller<\/li>\n<li>Reparaturen unter Verwendung von ausschlie\u00dflich original POLYSOUDE-Teilen<\/li>\n<li>Pr\u00fcfen der Einrichtung nach Standards der Originalfertigung<\/li>\n<\/ul>\n<\/li>\n<li>Standardservice-Austauschprogramme f\u00fcr elektronische Karten zu reduzierten Kosten<\/li>\n<li>Verf\u00fcgbarkeit von Mieteinrichtungen w\u00e4hrend der Reparaturzeit<\/li>\n<\/ul>\n\t\t\t\t<img loading=\"lazy\" decoding=\"async\" src=\"https:\/\/www.polysoude.com\/wp-content\/uploads\/2016\/10\/services-maintenance-calibration-300x225.jpg\" alt=\"services-maintenance-calibration\" height=\"225\" width=\"300\" title=\"services-maintenance-calibration\" \/>\n\t\t\t\t<img loading=\"lazy\" decoding=\"async\" src=\"https:\/\/www.polysoude.com\/wp-content\/uploads\/2016\/10\/services-calibration-2-300x190.jpg\" alt=\"services-calibration\" height=\"190\" width=\"300\" title=\"services-calibration\" \/>\n\t\t\t\t<img loading=\"lazy\" decoding=\"async\" src=\"https:\/\/www.polysoude.com\/wp-content\/uploads\/2016\/10\/service-repair-300x225.jpg\" alt=\"service-repair\" height=\"225\" width=\"300\" title=\"service-repair\" \/>\n\t<h3>SIE M\u00dcSSEN IHRE AUSR\u00dcSTUNG ZUR\u00dcCKGEBEN?<\/h3>\n<p>\u00d6ffnen und f\u00fcllen Sie das untenstehende Formular aus und wir werden Ihre Anfrage jederzeit und \u00fcberall bearbeiten! (vor dem Absenden sicherstellen, dass alle Pflichtfelder ausgef\u00fcllt sind)<\/p>\n\t\t\t<a href=\"https:\/\/www.polysoude.com\/wp-content\/uploads\/2024\/07\/SAV_FOR_Return-equipment_EN.pdf\" target=\"_blank\" role=\"button\" rel=\"noopener nofollow\">\n\t\t\t\t\t\tR\u00fccksendung von Anlagen (EN)\n\t\t\t\t\t<\/a>\n\t\t\t<a href=\"https:\/\/www.polysoude.com\/wp-content\/uploads\/2024\/07\/SAV_FOR_Return-equipment_FR.pdf\" target=\"_blank\" role=\"button\" rel=\"noopener nofollow\">\n\t\t\t\t\t\tR\u00fccksendung von Anlagen (FR)\n\t\t\t\t\t<\/a>\n\n","protected":false},"excerpt":{"rendered":"<p>Der vorbeugende Wartungsplan von POLYSOUDE erh\u00f6ht die Produktivit\u00e4tsrate Ihrer Einrichtung und ist eine ideale Art und Weise, Ihre Investitionen zu sch\u00fctzen. Wartung oder Reparatur kann von unseren Fachleuten bei POLYSOUDE oder vor Ort ausgef\u00fchrt werden, bei Bedarf k\u00f6nnen Stromquellen oder Schwei\u00dfk\u00f6pfe w\u00e4hrend des Verfahrens gemietet werden. Als Wartungsleistungen stehen zur Verf\u00fcgung: Vorbeugende Wartungsprogramme mit Premium-Service [&hellip;]<\/p>\n","protected":false},"author":1,"featured_media":2157,"parent":2224,"menu_order":0,"comment_status":"closed","ping_status":"closed","template":"page-contenu.php","meta":{"_acf_changed":false,"footnotes":""},"class_list":["post-3287","page","type-page","status-publish","has-post-thumbnail","hentry"],"acf":[],"yoast_head":"<!-- This site is optimized with the Yoast SEO plugin v27.3 - https:\/\/yoast.com\/product\/yoast-seo-wordpress\/ -->\n<title>Wartungs-, Kalibrier- &amp; Reparaturservice | Polysoude<\/title>\n<meta name=\"description\" content=\"Der vorbeugende Wartungsplan von POLYSOUDE erh\u00f6ht die Produktivit\u00e4tsrate Ihrer Einrichtung und ist eine ideale Art und Weise, Ihre Investitionen zu\" \/>\n<meta name=\"robots\" content=\"index, follow, max-snippet:-1, max-image-preview:large, max-video-preview:-1\" \/>\n<link rel=\"canonical\" href=\"https:\/\/www.polysoude.com\/de\/dienstleistungen-ersatzteile-miete\/wartungs-kalibrier-reparaturservice\/\" \/>\n<meta property=\"og:locale\" content=\"de_DE\" \/>\n<meta property=\"og:type\" content=\"article\" \/>\n<meta property=\"og:title\" content=\"Wartungs-, Kalibrier- &amp; Reparaturservice | Polysoude\" \/>\n<meta property=\"og:description\" content=\"Der vorbeugende Wartungsplan von POLYSOUDE erh\u00f6ht die Produktivit\u00e4tsrate Ihrer Einrichtung und ist eine ideale Art und Weise, Ihre Investitionen zu\" \/>\n<meta property=\"og:url\" content=\"https:\/\/www.polysoude.com\/de\/dienstleistungen-ersatzteile-miete\/wartungs-kalibrier-reparaturservice\/\" \/>\n<meta property=\"og:site_name\" content=\"Polysoude\" \/>\n<meta property=\"article:publisher\" content=\"https:\/\/www.facebook.com\/Polysoude\/\" \/>\n<meta property=\"article:modified_time\" content=\"2024-07-29T13:11:33+00:00\" \/>\n<meta property=\"og:image\" content=\"https:\/\/www.polysoude.com\/wp-content\/uploads\/2022\/07\/Polysoude_Logo_signature_fond-transparent_600dpi_300mm_RVB-e1658123578778.png\" \/>\n\t<meta property=\"og:image:width\" content=\"465\" \/>\n\t<meta property=\"og:image:height\" content=\"86\" \/>\n\t<meta property=\"og:image:type\" content=\"image\/png\" \/>\n<meta name=\"twitter:card\" content=\"summary_large_image\" \/>\n<meta name=\"twitter:label1\" content=\"Gesch\u00e4tzte Lesezeit\" \/>\n\t<meta name=\"twitter:data1\" content=\"2 minutes\" \/>\n<script type=\"application\/ld+json\" class=\"yoast-schema-graph\">{\"@context\":\"https:\\\/\\\/schema.org\",\"@graph\":[{\"@type\":\"WebPage\",\"@id\":\"https:\\\/\\\/www.polysoude.com\\\/de\\\/dienstleistungen-ersatzteile-miete\\\/wartungs-kalibrier-reparaturservice\\\/\",\"url\":\"https:\\\/\\\/www.polysoude.com\\\/de\\\/dienstleistungen-ersatzteile-miete\\\/wartungs-kalibrier-reparaturservice\\\/\",\"name\":\"Wartungs-, Kalibrier- &amp; Reparaturservice | Polysoude\",\"isPartOf\":{\"@id\":\"https:\\\/\\\/www.polysoude.com\\\/de\\\/#website\"},\"primaryImageOfPage\":{\"@id\":\"https:\\\/\\\/www.polysoude.com\\\/de\\\/dienstleistungen-ersatzteile-miete\\\/wartungs-kalibrier-reparaturservice\\\/#primaryimage\"},\"image\":{\"@id\":\"https:\\\/\\\/www.polysoude.com\\\/de\\\/dienstleistungen-ersatzteile-miete\\\/wartungs-kalibrier-reparaturservice\\\/#primaryimage\"},\"thumbnailUrl\":\"https:\\\/\\\/www.polysoude.com\\\/wp-content\\\/uploads\\\/2016\\\/10\\\/services-maintenance-calibration.jpg\",\"datePublished\":\"2016-10-06T08:04:33+00:00\",\"dateModified\":\"2024-07-29T13:11:33+00:00\",\"description\":\"Der vorbeugende Wartungsplan von POLYSOUDE erh\u00f6ht die Produktivit\u00e4tsrate Ihrer Einrichtung und ist eine ideale Art und Weise, Ihre Investitionen zu\",\"breadcrumb\":{\"@id\":\"https:\\\/\\\/www.polysoude.com\\\/de\\\/dienstleistungen-ersatzteile-miete\\\/wartungs-kalibrier-reparaturservice\\\/#breadcrumb\"},\"inLanguage\":\"de-DE\",\"potentialAction\":[{\"@type\":\"ReadAction\",\"target\":[\"https:\\\/\\\/www.polysoude.com\\\/de\\\/dienstleistungen-ersatzteile-miete\\\/wartungs-kalibrier-reparaturservice\\\/\"]}]},{\"@type\":\"ImageObject\",\"inLanguage\":\"de-DE\",\"@id\":\"https:\\\/\\\/www.polysoude.com\\\/de\\\/dienstleistungen-ersatzteile-miete\\\/wartungs-kalibrier-reparaturservice\\\/#primaryimage\",\"url\":\"https:\\\/\\\/www.polysoude.com\\\/wp-content\\\/uploads\\\/2016\\\/10\\\/services-maintenance-calibration.jpg\",\"contentUrl\":\"https:\\\/\\\/www.polysoude.com\\\/wp-content\\\/uploads\\\/2016\\\/10\\\/services-maintenance-calibration.jpg\",\"width\":500,\"height\":375},{\"@type\":\"BreadcrumbList\",\"@id\":\"https:\\\/\\\/www.polysoude.com\\\/de\\\/dienstleistungen-ersatzteile-miete\\\/wartungs-kalibrier-reparaturservice\\\/#breadcrumb\",\"itemListElement\":[{\"@type\":\"ListItem\",\"position\":1,\"name\":\"Home\",\"item\":\"https:\\\/\\\/www.polysoude.com\\\/de\\\/homepage\\\/\"},{\"@type\":\"ListItem\",\"position\":2,\"name\":\"Dienstleistungen \\\/ Ersatzteile \\\/ Miete\",\"item\":\"https:\\\/\\\/www.polysoude.com\\\/de\\\/dienstleistungen-ersatzteile-miete\\\/\"},{\"@type\":\"ListItem\",\"position\":3,\"name\":\"Wartungs-, Kalibrier- &amp; Reparaturservice\"}]},{\"@type\":\"WebSite\",\"@id\":\"https:\\\/\\\/www.polysoude.com\\\/de\\\/#website\",\"url\":\"https:\\\/\\\/www.polysoude.com\\\/de\\\/\",\"name\":\"Polysoude\",\"description\":\"The art of welding\",\"publisher\":{\"@id\":\"https:\\\/\\\/www.polysoude.com\\\/de\\\/#organization\"},\"alternateName\":\"Polysoude\",\"potentialAction\":[{\"@type\":\"SearchAction\",\"target\":{\"@type\":\"EntryPoint\",\"urlTemplate\":\"https:\\\/\\\/www.polysoude.com\\\/de\\\/?s={search_term_string}\"},\"query-input\":{\"@type\":\"PropertyValueSpecification\",\"valueRequired\":true,\"valueName\":\"search_term_string\"}}],\"inLanguage\":\"de-DE\"},{\"@type\":\"Organization\",\"@id\":\"https:\\\/\\\/www.polysoude.com\\\/de\\\/#organization\",\"name\":\"Polysoude\",\"alternateName\":\"Polysoude\",\"url\":\"https:\\\/\\\/www.polysoude.com\\\/de\\\/\",\"logo\":{\"@type\":\"ImageObject\",\"inLanguage\":\"de-DE\",\"@id\":\"https:\\\/\\\/www.polysoude.com\\\/de\\\/#\\\/schema\\\/logo\\\/image\\\/\",\"url\":\"https:\\\/\\\/www.polysoude.com\\\/wp-content\\\/uploads\\\/2022\\\/07\\\/Polysoude_Logo_signature_fond-transparent_600dpi_300mm_RVB-e1658123578778.png\",\"contentUrl\":\"https:\\\/\\\/www.polysoude.com\\\/wp-content\\\/uploads\\\/2022\\\/07\\\/Polysoude_Logo_signature_fond-transparent_600dpi_300mm_RVB-e1658123578778.png\",\"width\":465,\"height\":86,\"caption\":\"Polysoude\"},\"image\":{\"@id\":\"https:\\\/\\\/www.polysoude.com\\\/de\\\/#\\\/schema\\\/logo\\\/image\\\/\"},\"sameAs\":[\"https:\\\/\\\/www.facebook.com\\\/Polysoude\\\/\",\"https:\\\/\\\/www.linkedin.com\\\/company\\\/polysoude\\\/\",\"https:\\\/\\\/www.instagram.com\\\/polysoudeglobal\\\/\"]}]}<\/script>\n<!-- \/ Yoast SEO plugin. -->","yoast_head_json":{"title":"Wartungs-, Kalibrier- &amp; Reparaturservice | Polysoude","description":"Der vorbeugende Wartungsplan von POLYSOUDE erh\u00f6ht die Produktivit\u00e4tsrate Ihrer Einrichtung und ist eine ideale Art und Weise, Ihre Investitionen zu","robots":{"index":"index","follow":"follow","max-snippet":"max-snippet:-1","max-image-preview":"max-image-preview:large","max-video-preview":"max-video-preview:-1"},"canonical":"https:\/\/www.polysoude.com\/de\/dienstleistungen-ersatzteile-miete\/wartungs-kalibrier-reparaturservice\/","og_locale":"de_DE","og_type":"article","og_title":"Wartungs-, Kalibrier- &amp; Reparaturservice | Polysoude","og_description":"Der vorbeugende Wartungsplan von POLYSOUDE erh\u00f6ht die Produktivit\u00e4tsrate Ihrer Einrichtung und ist eine ideale Art und Weise, Ihre Investitionen zu","og_url":"https:\/\/www.polysoude.com\/de\/dienstleistungen-ersatzteile-miete\/wartungs-kalibrier-reparaturservice\/","og_site_name":"Polysoude","article_publisher":"https:\/\/www.facebook.com\/Polysoude\/","article_modified_time":"2024-07-29T13:11:33+00:00","og_image":[{"width":465,"height":86,"url":"https:\/\/www.polysoude.com\/wp-content\/uploads\/2022\/07\/Polysoude_Logo_signature_fond-transparent_600dpi_300mm_RVB-e1658123578778.png","type":"image\/png"}],"twitter_card":"summary_large_image","twitter_misc":{"Gesch\u00e4tzte Lesezeit":"2 minutes"},"schema":{"@context":"https:\/\/schema.org","@graph":[{"@type":"WebPage","@id":"https:\/\/www.polysoude.com\/de\/dienstleistungen-ersatzteile-miete\/wartungs-kalibrier-reparaturservice\/","url":"https:\/\/www.polysoude.com\/de\/dienstleistungen-ersatzteile-miete\/wartungs-kalibrier-reparaturservice\/","name":"Wartungs-, Kalibrier- &amp; Reparaturservice | Polysoude","isPartOf":{"@id":"https:\/\/www.polysoude.com\/de\/#website"},"primaryImageOfPage":{"@id":"https:\/\/www.polysoude.com\/de\/dienstleistungen-ersatzteile-miete\/wartungs-kalibrier-reparaturservice\/#primaryimage"},"image":{"@id":"https:\/\/www.polysoude.com\/de\/dienstleistungen-ersatzteile-miete\/wartungs-kalibrier-reparaturservice\/#primaryimage"},"thumbnailUrl":"https:\/\/www.polysoude.com\/wp-content\/uploads\/2016\/10\/services-maintenance-calibration.jpg","datePublished":"2016-10-06T08:04:33+00:00","dateModified":"2024-07-29T13:11:33+00:00","description":"Der vorbeugende Wartungsplan von POLYSOUDE erh\u00f6ht die Produktivit\u00e4tsrate Ihrer Einrichtung und ist eine ideale Art und Weise, Ihre Investitionen zu","breadcrumb":{"@id":"https:\/\/www.polysoude.com\/de\/dienstleistungen-ersatzteile-miete\/wartungs-kalibrier-reparaturservice\/#breadcrumb"},"inLanguage":"de-DE","potentialAction":[{"@type":"ReadAction","target":["https:\/\/www.polysoude.com\/de\/dienstleistungen-ersatzteile-miete\/wartungs-kalibrier-reparaturservice\/"]}]},{"@type":"ImageObject","inLanguage":"de-DE","@id":"https:\/\/www.polysoude.com\/de\/dienstleistungen-ersatzteile-miete\/wartungs-kalibrier-reparaturservice\/#primaryimage","url":"https:\/\/www.polysoude.com\/wp-content\/uploads\/2016\/10\/services-maintenance-calibration.jpg","contentUrl":"https:\/\/www.polysoude.com\/wp-content\/uploads\/2016\/10\/services-maintenance-calibration.jpg","width":500,"height":375},{"@type":"BreadcrumbList","@id":"https:\/\/www.polysoude.com\/de\/dienstleistungen-ersatzteile-miete\/wartungs-kalibrier-reparaturservice\/#breadcrumb","itemListElement":[{"@type":"ListItem","position":1,"name":"Home","item":"https:\/\/www.polysoude.com\/de\/homepage\/"},{"@type":"ListItem","position":2,"name":"Dienstleistungen \/ Ersatzteile \/ Miete","item":"https:\/\/www.polysoude.com\/de\/dienstleistungen-ersatzteile-miete\/"},{"@type":"ListItem","position":3,"name":"Wartungs-, Kalibrier- &amp; Reparaturservice"}]},{"@type":"WebSite","@id":"https:\/\/www.polysoude.com\/de\/#website","url":"https:\/\/www.polysoude.com\/de\/","name":"Polysoude","description":"The art of welding","publisher":{"@id":"https:\/\/www.polysoude.com\/de\/#organization"},"alternateName":"Polysoude","potentialAction":[{"@type":"SearchAction","target":{"@type":"EntryPoint","urlTemplate":"https:\/\/www.polysoude.com\/de\/?s={search_term_string}"},"query-input":{"@type":"PropertyValueSpecification","valueRequired":true,"valueName":"search_term_string"}}],"inLanguage":"de-DE"},{"@type":"Organization","@id":"https:\/\/www.polysoude.com\/de\/#organization","name":"Polysoude","alternateName":"Polysoude","url":"https:\/\/www.polysoude.com\/de\/","logo":{"@type":"ImageObject","inLanguage":"de-DE","@id":"https:\/\/www.polysoude.com\/de\/#\/schema\/logo\/image\/","url":"https:\/\/www.polysoude.com\/wp-content\/uploads\/2022\/07\/Polysoude_Logo_signature_fond-transparent_600dpi_300mm_RVB-e1658123578778.png","contentUrl":"https:\/\/www.polysoude.com\/wp-content\/uploads\/2022\/07\/Polysoude_Logo_signature_fond-transparent_600dpi_300mm_RVB-e1658123578778.png","width":465,"height":86,"caption":"Polysoude"},"image":{"@id":"https:\/\/www.polysoude.com\/de\/#\/schema\/logo\/image\/"},"sameAs":["https:\/\/www.facebook.com\/Polysoude\/","https:\/\/www.linkedin.com\/company\/polysoude\/","https:\/\/www.instagram.com\/polysoudeglobal\/"]}]}},"_links":{"self":[{"href":"https:\/\/www.polysoude.com\/de\/wp-json\/wp\/v2\/pages\/3287","targetHints":{"allow":["GET"]}}],"collection":[{"href":"https:\/\/www.polysoude.com\/de\/wp-json\/wp\/v2\/pages"}],"about":[{"href":"https:\/\/www.polysoude.com\/de\/wp-json\/wp\/v2\/types\/page"}],"author":[{"embeddable":true,"href":"https:\/\/www.polysoude.com\/de\/wp-json\/wp\/v2\/users\/1"}],"replies":[{"embeddable":true,"href":"https:\/\/www.polysoude.com\/de\/wp-json\/wp\/v2\/comments?post=3287"}],"version-history":[{"count":24,"href":"https:\/\/www.polysoude.com\/de\/wp-json\/wp\/v2\/pages\/3287\/revisions"}],"predecessor-version":[{"id":48477,"href":"https:\/\/www.polysoude.com\/de\/wp-json\/wp\/v2\/pages\/3287\/revisions\/48477"}],"up":[{"embeddable":true,"href":"https:\/\/www.polysoude.com\/de\/wp-json\/wp\/v2\/pages\/2224"}],"wp:featuredmedia":[{"embeddable":true,"href":"https:\/\/www.polysoude.com\/de\/wp-json\/wp\/v2\/media\/2157"}],"wp:attachment":[{"href":"https:\/\/www.polysoude.com\/de\/wp-json\/wp\/v2\/media?parent=3287"}],"curies":[{"name":"wp","href":"https:\/\/api.w.org\/{rel}","templated":true}]}}