{"id":3298,"date":"2016-10-06T10:04:42","date_gmt":"2016-10-06T08:04:42","guid":{"rendered":"http:\/\/www.polysoude.com\/?page_id=3298"},"modified":"2024-07-29T15:12:20","modified_gmt":"2024-07-29T13:12:20","slug":"ersatzteile-und-verbrauchsmaterialien","status":"publish","type":"page","link":"https:\/\/www.polysoude.com\/de\/dienstleistungen-ersatzteile-miete\/ersatzteile-und-verbrauchsmaterialien\/","title":{"rendered":"Ersatzteile und Verbrauchsmaterialien"},"content":{"rendered":"\n\n\t\n<h4>Maximale Verf\u00fcgbarkeit:<\/h4>\n<ul>\n<li>\u00dcber 200\u00a0000 Artikel am Lager<\/li>\n<li>9\u00a0000 Artikelnummern am Lager, 30 % innerhalb 24 Std. verf\u00fcgbar<\/li>\n<li>Expresslieferung m\u00f6glich<\/li>\n<li>Ersatzteile vor Ort verf\u00fcgbar, dank Lagerhaltung durch unsere Tochterunternehmen<\/li>\n<li>M\u00f6glichkeit zu Konsignationslagern, erm\u00f6glicht eine Optimierung von Kosten und Reaktionszeit.<\/li>\n<\/ul>\n\n\n<h4>Maximale Qualit\u00e4t<\/h4>\n<ul>\n<li>Genau dieselben Teile, wie sie in der Herstellung eingesetzt werden<\/li>\n<li>Spitzenqualit\u00e4t: lebenslange Garantie f\u00fcr TCIs<\/li>\n<\/ul>\n\t\t\t\t<img loading=\"lazy\" decoding=\"async\" src=\"https:\/\/www.polysoude.com\/wp-content\/uploads\/2016\/10\/zero-downtime_EN.jpg\" alt=\"zero-downtime_en\" height=\"204\" width=\"200\" title=\"zero-downtime_en\" \/>\n\t\t\t\t<img loading=\"lazy\" decoding=\"async\" src=\"https:\/\/www.polysoude.com\/wp-content\/uploads\/2016\/10\/polysoude_spare-consumables.jpg\" alt=\"polysoude_spare-consumables\" height=\"359\" width=\"480\" title=\"polysoude_spare-consumables\" \/>\n\n","protected":false},"excerpt":{"rendered":"<p>Maximale Verf\u00fcgbarkeit: \u00dcber 200\u00a0000 Artikel am Lager 9\u00a0000 Artikelnummern am Lager, 30 % innerhalb 24 Std. verf\u00fcgbar Expresslieferung m\u00f6glich Ersatzteile vor Ort verf\u00fcgbar, dank Lagerhaltung durch unsere Tochterunternehmen M\u00f6glichkeit zu Konsignationslagern, erm\u00f6glicht eine Optimierung von Kosten und Reaktionszeit. Maximale Qualit\u00e4t Genau dieselben Teile, wie sie in der Herstellung eingesetzt werden Spitzenqualit\u00e4t: lebenslange Garantie f\u00fcr TCIs<\/p>\n","protected":false},"author":1,"featured_media":956,"parent":2224,"menu_order":0,"comment_status":"closed","ping_status":"closed","template":"page-contenu.php","meta":{"_acf_changed":false,"footnotes":""},"class_list":["post-3298","page","type-page","status-publish","has-post-thumbnail","hentry"],"acf":[],"yoast_head":"<!-- This site is optimized with the Yoast SEO plugin v27.3 - https:\/\/yoast.com\/product\/yoast-seo-wordpress\/ -->\n<title>Ersatzteile und Verbrauchsmaterialien | Polysoude<\/title>\n<meta name=\"description\" content=\"Maximale Verf\u00fcgbarkeit: \u00dcber 200\u00a0000 Artikel am Lager 9\u00a0000 Artikelnummern am Lager, 30 % innerhalb 24 Std. verf\u00fcgbar Expresslieferung m\u00f6glich Ersatzteile\" \/>\n<meta name=\"robots\" content=\"index, follow, max-snippet:-1, max-image-preview:large, max-video-preview:-1\" \/>\n<link rel=\"canonical\" href=\"https:\/\/www.polysoude.com\/de\/dienstleistungen-ersatzteile-miete\/ersatzteile-und-verbrauchsmaterialien\/\" \/>\n<meta property=\"og:locale\" content=\"de_DE\" \/>\n<meta property=\"og:type\" content=\"article\" \/>\n<meta property=\"og:title\" content=\"Ersatzteile und Verbrauchsmaterialien | Polysoude\" \/>\n<meta property=\"og:description\" content=\"Maximale Verf\u00fcgbarkeit: \u00dcber 200\u00a0000 Artikel am Lager 9\u00a0000 Artikelnummern am Lager, 30 % innerhalb 24 Std. verf\u00fcgbar Expresslieferung m\u00f6glich Ersatzteile\" \/>\n<meta property=\"og:url\" content=\"https:\/\/www.polysoude.com\/de\/dienstleistungen-ersatzteile-miete\/ersatzteile-und-verbrauchsmaterialien\/\" \/>\n<meta property=\"og:site_name\" content=\"Polysoude\" \/>\n<meta property=\"article:publisher\" content=\"https:\/\/www.facebook.com\/Polysoude\/\" \/>\n<meta property=\"article:modified_time\" content=\"2024-07-29T13:12:20+00:00\" \/>\n<meta property=\"og:image\" content=\"https:\/\/www.polysoude.com\/wp-content\/uploads\/2022\/07\/Polysoude_Logo_signature_fond-transparent_600dpi_300mm_RVB-e1658123578778.png\" \/>\n\t<meta property=\"og:image:width\" content=\"465\" \/>\n\t<meta property=\"og:image:height\" content=\"86\" \/>\n\t<meta property=\"og:image:type\" content=\"image\/png\" \/>\n<meta name=\"twitter:card\" content=\"summary_large_image\" \/>\n<script type=\"application\/ld+json\" class=\"yoast-schema-graph\">{\"@context\":\"https:\\\/\\\/schema.org\",\"@graph\":[{\"@type\":\"WebPage\",\"@id\":\"https:\\\/\\\/www.polysoude.com\\\/de\\\/dienstleistungen-ersatzteile-miete\\\/ersatzteile-und-verbrauchsmaterialien\\\/\",\"url\":\"https:\\\/\\\/www.polysoude.com\\\/de\\\/dienstleistungen-ersatzteile-miete\\\/ersatzteile-und-verbrauchsmaterialien\\\/\",\"name\":\"Ersatzteile und Verbrauchsmaterialien | Polysoude\",\"isPartOf\":{\"@id\":\"https:\\\/\\\/www.polysoude.com\\\/de\\\/#website\"},\"primaryImageOfPage\":{\"@id\":\"https:\\\/\\\/www.polysoude.com\\\/de\\\/dienstleistungen-ersatzteile-miete\\\/ersatzteile-und-verbrauchsmaterialien\\\/#primaryimage\"},\"image\":{\"@id\":\"https:\\\/\\\/www.polysoude.com\\\/de\\\/dienstleistungen-ersatzteile-miete\\\/ersatzteile-und-verbrauchsmaterialien\\\/#primaryimage\"},\"thumbnailUrl\":\"https:\\\/\\\/www.polysoude.com\\\/wp-content\\\/uploads\\\/2016\\\/10\\\/polysoude_spare-consumables.jpg\",\"datePublished\":\"2016-10-06T08:04:42+00:00\",\"dateModified\":\"2024-07-29T13:12:20+00:00\",\"description\":\"Maximale Verf\u00fcgbarkeit: \u00dcber 200\u00a0000 Artikel am Lager 9\u00a0000 Artikelnummern am Lager, 30 % innerhalb 24 Std. verf\u00fcgbar Expresslieferung m\u00f6glich Ersatzteile\",\"breadcrumb\":{\"@id\":\"https:\\\/\\\/www.polysoude.com\\\/de\\\/dienstleistungen-ersatzteile-miete\\\/ersatzteile-und-verbrauchsmaterialien\\\/#breadcrumb\"},\"inLanguage\":\"de-DE\",\"potentialAction\":[{\"@type\":\"ReadAction\",\"target\":[\"https:\\\/\\\/www.polysoude.com\\\/de\\\/dienstleistungen-ersatzteile-miete\\\/ersatzteile-und-verbrauchsmaterialien\\\/\"]}]},{\"@type\":\"ImageObject\",\"inLanguage\":\"de-DE\",\"@id\":\"https:\\\/\\\/www.polysoude.com\\\/de\\\/dienstleistungen-ersatzteile-miete\\\/ersatzteile-und-verbrauchsmaterialien\\\/#primaryimage\",\"url\":\"https:\\\/\\\/www.polysoude.com\\\/wp-content\\\/uploads\\\/2016\\\/10\\\/polysoude_spare-consumables.jpg\",\"contentUrl\":\"https:\\\/\\\/www.polysoude.com\\\/wp-content\\\/uploads\\\/2016\\\/10\\\/polysoude_spare-consumables.jpg\",\"width\":480,\"height\":359},{\"@type\":\"BreadcrumbList\",\"@id\":\"https:\\\/\\\/www.polysoude.com\\\/de\\\/dienstleistungen-ersatzteile-miete\\\/ersatzteile-und-verbrauchsmaterialien\\\/#breadcrumb\",\"itemListElement\":[{\"@type\":\"ListItem\",\"position\":1,\"name\":\"Home\",\"item\":\"https:\\\/\\\/www.polysoude.com\\\/de\\\/homepage\\\/\"},{\"@type\":\"ListItem\",\"position\":2,\"name\":\"Dienstleistungen \\\/ Ersatzteile \\\/ Miete\",\"item\":\"https:\\\/\\\/www.polysoude.com\\\/de\\\/dienstleistungen-ersatzteile-miete\\\/\"},{\"@type\":\"ListItem\",\"position\":3,\"name\":\"Ersatzteile und Verbrauchsmaterialien\"}]},{\"@type\":\"WebSite\",\"@id\":\"https:\\\/\\\/www.polysoude.com\\\/de\\\/#website\",\"url\":\"https:\\\/\\\/www.polysoude.com\\\/de\\\/\",\"name\":\"Polysoude\",\"description\":\"The art of welding\",\"publisher\":{\"@id\":\"https:\\\/\\\/www.polysoude.com\\\/de\\\/#organization\"},\"alternateName\":\"Polysoude\",\"potentialAction\":[{\"@type\":\"SearchAction\",\"target\":{\"@type\":\"EntryPoint\",\"urlTemplate\":\"https:\\\/\\\/www.polysoude.com\\\/de\\\/?s={search_term_string}\"},\"query-input\":{\"@type\":\"PropertyValueSpecification\",\"valueRequired\":true,\"valueName\":\"search_term_string\"}}],\"inLanguage\":\"de-DE\"},{\"@type\":\"Organization\",\"@id\":\"https:\\\/\\\/www.polysoude.com\\\/de\\\/#organization\",\"name\":\"Polysoude\",\"alternateName\":\"Polysoude\",\"url\":\"https:\\\/\\\/www.polysoude.com\\\/de\\\/\",\"logo\":{\"@type\":\"ImageObject\",\"inLanguage\":\"de-DE\",\"@id\":\"https:\\\/\\\/www.polysoude.com\\\/de\\\/#\\\/schema\\\/logo\\\/image\\\/\",\"url\":\"https:\\\/\\\/www.polysoude.com\\\/wp-content\\\/uploads\\\/2022\\\/07\\\/Polysoude_Logo_signature_fond-transparent_600dpi_300mm_RVB-e1658123578778.png\",\"contentUrl\":\"https:\\\/\\\/www.polysoude.com\\\/wp-content\\\/uploads\\\/2022\\\/07\\\/Polysoude_Logo_signature_fond-transparent_600dpi_300mm_RVB-e1658123578778.png\",\"width\":465,\"height\":86,\"caption\":\"Polysoude\"},\"image\":{\"@id\":\"https:\\\/\\\/www.polysoude.com\\\/de\\\/#\\\/schema\\\/logo\\\/image\\\/\"},\"sameAs\":[\"https:\\\/\\\/www.facebook.com\\\/Polysoude\\\/\",\"https:\\\/\\\/www.linkedin.com\\\/company\\\/polysoude\\\/\",\"https:\\\/\\\/www.instagram.com\\\/polysoudeglobal\\\/\"]}]}<\/script>\n<!-- \/ Yoast SEO plugin. -->","yoast_head_json":{"title":"Ersatzteile und Verbrauchsmaterialien | Polysoude","description":"Maximale Verf\u00fcgbarkeit: \u00dcber 200\u00a0000 Artikel am Lager 9\u00a0000 Artikelnummern am Lager, 30 % innerhalb 24 Std. verf\u00fcgbar Expresslieferung m\u00f6glich Ersatzteile","robots":{"index":"index","follow":"follow","max-snippet":"max-snippet:-1","max-image-preview":"max-image-preview:large","max-video-preview":"max-video-preview:-1"},"canonical":"https:\/\/www.polysoude.com\/de\/dienstleistungen-ersatzteile-miete\/ersatzteile-und-verbrauchsmaterialien\/","og_locale":"de_DE","og_type":"article","og_title":"Ersatzteile und Verbrauchsmaterialien | Polysoude","og_description":"Maximale Verf\u00fcgbarkeit: \u00dcber 200\u00a0000 Artikel am Lager 9\u00a0000 Artikelnummern am Lager, 30 % innerhalb 24 Std. verf\u00fcgbar Expresslieferung m\u00f6glich Ersatzteile","og_url":"https:\/\/www.polysoude.com\/de\/dienstleistungen-ersatzteile-miete\/ersatzteile-und-verbrauchsmaterialien\/","og_site_name":"Polysoude","article_publisher":"https:\/\/www.facebook.com\/Polysoude\/","article_modified_time":"2024-07-29T13:12:20+00:00","og_image":[{"width":465,"height":86,"url":"https:\/\/www.polysoude.com\/wp-content\/uploads\/2022\/07\/Polysoude_Logo_signature_fond-transparent_600dpi_300mm_RVB-e1658123578778.png","type":"image\/png"}],"twitter_card":"summary_large_image","schema":{"@context":"https:\/\/schema.org","@graph":[{"@type":"WebPage","@id":"https:\/\/www.polysoude.com\/de\/dienstleistungen-ersatzteile-miete\/ersatzteile-und-verbrauchsmaterialien\/","url":"https:\/\/www.polysoude.com\/de\/dienstleistungen-ersatzteile-miete\/ersatzteile-und-verbrauchsmaterialien\/","name":"Ersatzteile und Verbrauchsmaterialien | Polysoude","isPartOf":{"@id":"https:\/\/www.polysoude.com\/de\/#website"},"primaryImageOfPage":{"@id":"https:\/\/www.polysoude.com\/de\/dienstleistungen-ersatzteile-miete\/ersatzteile-und-verbrauchsmaterialien\/#primaryimage"},"image":{"@id":"https:\/\/www.polysoude.com\/de\/dienstleistungen-ersatzteile-miete\/ersatzteile-und-verbrauchsmaterialien\/#primaryimage"},"thumbnailUrl":"https:\/\/www.polysoude.com\/wp-content\/uploads\/2016\/10\/polysoude_spare-consumables.jpg","datePublished":"2016-10-06T08:04:42+00:00","dateModified":"2024-07-29T13:12:20+00:00","description":"Maximale Verf\u00fcgbarkeit: \u00dcber 200\u00a0000 Artikel am Lager 9\u00a0000 Artikelnummern am Lager, 30 % innerhalb 24 Std. verf\u00fcgbar Expresslieferung m\u00f6glich Ersatzteile","breadcrumb":{"@id":"https:\/\/www.polysoude.com\/de\/dienstleistungen-ersatzteile-miete\/ersatzteile-und-verbrauchsmaterialien\/#breadcrumb"},"inLanguage":"de-DE","potentialAction":[{"@type":"ReadAction","target":["https:\/\/www.polysoude.com\/de\/dienstleistungen-ersatzteile-miete\/ersatzteile-und-verbrauchsmaterialien\/"]}]},{"@type":"ImageObject","inLanguage":"de-DE","@id":"https:\/\/www.polysoude.com\/de\/dienstleistungen-ersatzteile-miete\/ersatzteile-und-verbrauchsmaterialien\/#primaryimage","url":"https:\/\/www.polysoude.com\/wp-content\/uploads\/2016\/10\/polysoude_spare-consumables.jpg","contentUrl":"https:\/\/www.polysoude.com\/wp-content\/uploads\/2016\/10\/polysoude_spare-consumables.jpg","width":480,"height":359},{"@type":"BreadcrumbList","@id":"https:\/\/www.polysoude.com\/de\/dienstleistungen-ersatzteile-miete\/ersatzteile-und-verbrauchsmaterialien\/#breadcrumb","itemListElement":[{"@type":"ListItem","position":1,"name":"Home","item":"https:\/\/www.polysoude.com\/de\/homepage\/"},{"@type":"ListItem","position":2,"name":"Dienstleistungen \/ Ersatzteile \/ Miete","item":"https:\/\/www.polysoude.com\/de\/dienstleistungen-ersatzteile-miete\/"},{"@type":"ListItem","position":3,"name":"Ersatzteile und Verbrauchsmaterialien"}]},{"@type":"WebSite","@id":"https:\/\/www.polysoude.com\/de\/#website","url":"https:\/\/www.polysoude.com\/de\/","name":"Polysoude","description":"The art of welding","publisher":{"@id":"https:\/\/www.polysoude.com\/de\/#organization"},"alternateName":"Polysoude","potentialAction":[{"@type":"SearchAction","target":{"@type":"EntryPoint","urlTemplate":"https:\/\/www.polysoude.com\/de\/?s={search_term_string}"},"query-input":{"@type":"PropertyValueSpecification","valueRequired":true,"valueName":"search_term_string"}}],"inLanguage":"de-DE"},{"@type":"Organization","@id":"https:\/\/www.polysoude.com\/de\/#organization","name":"Polysoude","alternateName":"Polysoude","url":"https:\/\/www.polysoude.com\/de\/","logo":{"@type":"ImageObject","inLanguage":"de-DE","@id":"https:\/\/www.polysoude.com\/de\/#\/schema\/logo\/image\/","url":"https:\/\/www.polysoude.com\/wp-content\/uploads\/2022\/07\/Polysoude_Logo_signature_fond-transparent_600dpi_300mm_RVB-e1658123578778.png","contentUrl":"https:\/\/www.polysoude.com\/wp-content\/uploads\/2022\/07\/Polysoude_Logo_signature_fond-transparent_600dpi_300mm_RVB-e1658123578778.png","width":465,"height":86,"caption":"Polysoude"},"image":{"@id":"https:\/\/www.polysoude.com\/de\/#\/schema\/logo\/image\/"},"sameAs":["https:\/\/www.facebook.com\/Polysoude\/","https:\/\/www.linkedin.com\/company\/polysoude\/","https:\/\/www.instagram.com\/polysoudeglobal\/"]}]}},"_links":{"self":[{"href":"https:\/\/www.polysoude.com\/de\/wp-json\/wp\/v2\/pages\/3298","targetHints":{"allow":["GET"]}}],"collection":[{"href":"https:\/\/www.polysoude.com\/de\/wp-json\/wp\/v2\/pages"}],"about":[{"href":"https:\/\/www.polysoude.com\/de\/wp-json\/wp\/v2\/types\/page"}],"author":[{"embeddable":true,"href":"https:\/\/www.polysoude.com\/de\/wp-json\/wp\/v2\/users\/1"}],"replies":[{"embeddable":true,"href":"https:\/\/www.polysoude.com\/de\/wp-json\/wp\/v2\/comments?post=3298"}],"version-history":[{"count":8,"href":"https:\/\/www.polysoude.com\/de\/wp-json\/wp\/v2\/pages\/3298\/revisions"}],"predecessor-version":[{"id":48479,"href":"https:\/\/www.polysoude.com\/de\/wp-json\/wp\/v2\/pages\/3298\/revisions\/48479"}],"up":[{"embeddable":true,"href":"https:\/\/www.polysoude.com\/de\/wp-json\/wp\/v2\/pages\/2224"}],"wp:featuredmedia":[{"embeddable":true,"href":"https:\/\/www.polysoude.com\/de\/wp-json\/wp\/v2\/media\/956"}],"wp:attachment":[{"href":"https:\/\/www.polysoude.com\/de\/wp-json\/wp\/v2\/media?parent=3298"}],"curies":[{"name":"wp","href":"https:\/\/api.w.org\/{rel}","templated":true}]}}