{"id":3303,"date":"2016-10-06T10:04:52","date_gmt":"2016-10-06T08:04:52","guid":{"rendered":"http:\/\/www.polysoude.com\/?page_id=3303"},"modified":"2024-07-29T15:13:30","modified_gmt":"2024-07-29T13:13:30","slug":"mietservice","status":"publish","type":"page","link":"https:\/\/www.polysoude.com\/de\/dienstleistungen-ersatzteile-miete\/mietservice\/","title":{"rendered":"Mietservice"},"content":{"rendered":"\n\n\t<h4>Mieten Sie direkt vom Hersteller<\/h4>\n<p>Unsere Schwei\u00df- und Auftragschwei\u00dfeinrichtungen k\u00f6nnen gemietet werden; was Ihnen <strong>totale Flexibilit\u00e4t<\/strong> bietet:<\/p>\n<ul>\n<li>Mieten statt Kapital zu binden<\/li>\n<li>Mieten f\u00fcr gr\u00f6\u00dfere Anpassungsf\u00e4higkeit<\/li>\n<li>Mieten zum Testen vor dem Kauf<\/li>\n<li>Mieten zur \u00dcberwindung von Produktionsengp\u00e4ssen<\/li>\n<\/ul>\n<p>Wir bieten <strong>auf Ihren Bedarf zugeschnittene<\/strong> Mietarrangements, au\u00dferdem gibt es Sondervereinbarungen f\u00fcr Langzeit-Vermietungen.<\/p>\n<p><strong>Produktpalette:<\/strong><\/p>\n<ul>\n<li>Offene, geschlossene und Rohr-Rohrboden-Schwei\u00dfk\u00f6pfe<\/li>\n<li>Komplette Palette an Stromquellen<\/li>\n<li>Andere Einrichtungen auf Anfrage<\/li>\n<\/ul>\n\t\t\t\t<img loading=\"lazy\" decoding=\"async\" src=\"https:\/\/www.polysoude.com\/wp-content\/uploads\/2016\/10\/services-rental-1-300x270.jpg\" alt=\"services-rental\" height=\"270\" width=\"300\" title=\"services-rental\" \/>\n\n","protected":false},"excerpt":{"rendered":"<p>Mieten Sie direkt vom Hersteller Unsere Schwei\u00df- und Auftragschwei\u00dfeinrichtungen k\u00f6nnen gemietet werden; was Ihnen totale Flexibilit\u00e4t bietet: Mieten statt Kapital zu binden Mieten f\u00fcr gr\u00f6\u00dfere Anpassungsf\u00e4higkeit Mieten zum Testen vor dem Kauf Mieten zur \u00dcberwindung von Produktionsengp\u00e4ssen Wir bieten auf Ihren Bedarf zugeschnittene Mietarrangements, au\u00dferdem gibt es Sondervereinbarungen f\u00fcr Langzeit-Vermietungen. Produktpalette: Offene, geschlossene und Rohr-Rohrboden-Schwei\u00dfk\u00f6pfe [&hellip;]<\/p>\n","protected":false},"author":1,"featured_media":2205,"parent":2224,"menu_order":0,"comment_status":"closed","ping_status":"closed","template":"page-contenu.php","meta":{"_acf_changed":false,"footnotes":""},"class_list":["post-3303","page","type-page","status-publish","has-post-thumbnail","hentry"],"acf":[],"yoast_head":"<!-- This site is optimized with the Yoast SEO plugin v27.3 - https:\/\/yoast.com\/product\/yoast-seo-wordpress\/ -->\n<title>Mietservice | Polysoude<\/title>\n<meta name=\"description\" content=\"Mieten Sie direkt vom Hersteller Unsere Schwei\u00df- und Auftragschwei\u00dfeinrichtungen k\u00f6nnen gemietet werden; was Ihnen totale Flexibilit\u00e4t bietet: Mieten\" \/>\n<meta name=\"robots\" content=\"index, follow, max-snippet:-1, max-image-preview:large, max-video-preview:-1\" \/>\n<link rel=\"canonical\" href=\"https:\/\/www.polysoude.com\/de\/dienstleistungen-ersatzteile-miete\/mietservice\/\" \/>\n<meta property=\"og:locale\" content=\"de_DE\" \/>\n<meta property=\"og:type\" content=\"article\" \/>\n<meta property=\"og:title\" content=\"Mietservice | Polysoude\" \/>\n<meta property=\"og:description\" content=\"Mieten Sie direkt vom Hersteller Unsere Schwei\u00df- und Auftragschwei\u00dfeinrichtungen k\u00f6nnen gemietet werden; was Ihnen totale Flexibilit\u00e4t bietet: Mieten\" \/>\n<meta property=\"og:url\" content=\"https:\/\/www.polysoude.com\/de\/dienstleistungen-ersatzteile-miete\/mietservice\/\" \/>\n<meta property=\"og:site_name\" content=\"Polysoude\" \/>\n<meta property=\"article:publisher\" content=\"https:\/\/www.facebook.com\/Polysoude\/\" \/>\n<meta property=\"article:modified_time\" content=\"2024-07-29T13:13:30+00:00\" \/>\n<meta property=\"og:image\" content=\"https:\/\/www.polysoude.com\/wp-content\/uploads\/2022\/07\/Polysoude_Logo_signature_fond-transparent_600dpi_300mm_RVB-e1658123578778.png\" \/>\n\t<meta property=\"og:image:width\" content=\"465\" \/>\n\t<meta property=\"og:image:height\" content=\"86\" \/>\n\t<meta property=\"og:image:type\" content=\"image\/png\" \/>\n<meta name=\"twitter:card\" content=\"summary_large_image\" \/>\n<script type=\"application\/ld+json\" class=\"yoast-schema-graph\">{\"@context\":\"https:\\\/\\\/schema.org\",\"@graph\":[{\"@type\":\"WebPage\",\"@id\":\"https:\\\/\\\/www.polysoude.com\\\/de\\\/dienstleistungen-ersatzteile-miete\\\/mietservice\\\/\",\"url\":\"https:\\\/\\\/www.polysoude.com\\\/de\\\/dienstleistungen-ersatzteile-miete\\\/mietservice\\\/\",\"name\":\"Mietservice | Polysoude\",\"isPartOf\":{\"@id\":\"https:\\\/\\\/www.polysoude.com\\\/de\\\/#website\"},\"primaryImageOfPage\":{\"@id\":\"https:\\\/\\\/www.polysoude.com\\\/de\\\/dienstleistungen-ersatzteile-miete\\\/mietservice\\\/#primaryimage\"},\"image\":{\"@id\":\"https:\\\/\\\/www.polysoude.com\\\/de\\\/dienstleistungen-ersatzteile-miete\\\/mietservice\\\/#primaryimage\"},\"thumbnailUrl\":\"https:\\\/\\\/www.polysoude.com\\\/wp-content\\\/uploads\\\/2016\\\/10\\\/services-rental-1.jpg\",\"datePublished\":\"2016-10-06T08:04:52+00:00\",\"dateModified\":\"2024-07-29T13:13:30+00:00\",\"description\":\"Mieten Sie direkt vom Hersteller Unsere Schwei\u00df- und Auftragschwei\u00dfeinrichtungen k\u00f6nnen gemietet werden; was Ihnen totale Flexibilit\u00e4t bietet: Mieten\",\"breadcrumb\":{\"@id\":\"https:\\\/\\\/www.polysoude.com\\\/de\\\/dienstleistungen-ersatzteile-miete\\\/mietservice\\\/#breadcrumb\"},\"inLanguage\":\"de-DE\",\"potentialAction\":[{\"@type\":\"ReadAction\",\"target\":[\"https:\\\/\\\/www.polysoude.com\\\/de\\\/dienstleistungen-ersatzteile-miete\\\/mietservice\\\/\"]}]},{\"@type\":\"ImageObject\",\"inLanguage\":\"de-DE\",\"@id\":\"https:\\\/\\\/www.polysoude.com\\\/de\\\/dienstleistungen-ersatzteile-miete\\\/mietservice\\\/#primaryimage\",\"url\":\"https:\\\/\\\/www.polysoude.com\\\/wp-content\\\/uploads\\\/2016\\\/10\\\/services-rental-1.jpg\",\"contentUrl\":\"https:\\\/\\\/www.polysoude.com\\\/wp-content\\\/uploads\\\/2016\\\/10\\\/services-rental-1.jpg\",\"width\":500,\"height\":450},{\"@type\":\"BreadcrumbList\",\"@id\":\"https:\\\/\\\/www.polysoude.com\\\/de\\\/dienstleistungen-ersatzteile-miete\\\/mietservice\\\/#breadcrumb\",\"itemListElement\":[{\"@type\":\"ListItem\",\"position\":1,\"name\":\"Home\",\"item\":\"https:\\\/\\\/www.polysoude.com\\\/de\\\/homepage\\\/\"},{\"@type\":\"ListItem\",\"position\":2,\"name\":\"Dienstleistungen \\\/ Ersatzteile \\\/ Miete\",\"item\":\"https:\\\/\\\/www.polysoude.com\\\/de\\\/dienstleistungen-ersatzteile-miete\\\/\"},{\"@type\":\"ListItem\",\"position\":3,\"name\":\"Mietservice\"}]},{\"@type\":\"WebSite\",\"@id\":\"https:\\\/\\\/www.polysoude.com\\\/de\\\/#website\",\"url\":\"https:\\\/\\\/www.polysoude.com\\\/de\\\/\",\"name\":\"Polysoude\",\"description\":\"The art of welding\",\"publisher\":{\"@id\":\"https:\\\/\\\/www.polysoude.com\\\/de\\\/#organization\"},\"alternateName\":\"Polysoude\",\"potentialAction\":[{\"@type\":\"SearchAction\",\"target\":{\"@type\":\"EntryPoint\",\"urlTemplate\":\"https:\\\/\\\/www.polysoude.com\\\/de\\\/?s={search_term_string}\"},\"query-input\":{\"@type\":\"PropertyValueSpecification\",\"valueRequired\":true,\"valueName\":\"search_term_string\"}}],\"inLanguage\":\"de-DE\"},{\"@type\":\"Organization\",\"@id\":\"https:\\\/\\\/www.polysoude.com\\\/de\\\/#organization\",\"name\":\"Polysoude\",\"alternateName\":\"Polysoude\",\"url\":\"https:\\\/\\\/www.polysoude.com\\\/de\\\/\",\"logo\":{\"@type\":\"ImageObject\",\"inLanguage\":\"de-DE\",\"@id\":\"https:\\\/\\\/www.polysoude.com\\\/de\\\/#\\\/schema\\\/logo\\\/image\\\/\",\"url\":\"https:\\\/\\\/www.polysoude.com\\\/wp-content\\\/uploads\\\/2022\\\/07\\\/Polysoude_Logo_signature_fond-transparent_600dpi_300mm_RVB-e1658123578778.png\",\"contentUrl\":\"https:\\\/\\\/www.polysoude.com\\\/wp-content\\\/uploads\\\/2022\\\/07\\\/Polysoude_Logo_signature_fond-transparent_600dpi_300mm_RVB-e1658123578778.png\",\"width\":465,\"height\":86,\"caption\":\"Polysoude\"},\"image\":{\"@id\":\"https:\\\/\\\/www.polysoude.com\\\/de\\\/#\\\/schema\\\/logo\\\/image\\\/\"},\"sameAs\":[\"https:\\\/\\\/www.facebook.com\\\/Polysoude\\\/\",\"https:\\\/\\\/www.linkedin.com\\\/company\\\/polysoude\\\/\",\"https:\\\/\\\/www.instagram.com\\\/polysoudeglobal\\\/\"]}]}<\/script>\n<!-- \/ Yoast SEO plugin. -->","yoast_head_json":{"title":"Mietservice | Polysoude","description":"Mieten Sie direkt vom Hersteller Unsere Schwei\u00df- und Auftragschwei\u00dfeinrichtungen k\u00f6nnen gemietet werden; was Ihnen totale Flexibilit\u00e4t bietet: Mieten","robots":{"index":"index","follow":"follow","max-snippet":"max-snippet:-1","max-image-preview":"max-image-preview:large","max-video-preview":"max-video-preview:-1"},"canonical":"https:\/\/www.polysoude.com\/de\/dienstleistungen-ersatzteile-miete\/mietservice\/","og_locale":"de_DE","og_type":"article","og_title":"Mietservice | Polysoude","og_description":"Mieten Sie direkt vom Hersteller Unsere Schwei\u00df- und Auftragschwei\u00dfeinrichtungen k\u00f6nnen gemietet werden; was Ihnen totale Flexibilit\u00e4t bietet: Mieten","og_url":"https:\/\/www.polysoude.com\/de\/dienstleistungen-ersatzteile-miete\/mietservice\/","og_site_name":"Polysoude","article_publisher":"https:\/\/www.facebook.com\/Polysoude\/","article_modified_time":"2024-07-29T13:13:30+00:00","og_image":[{"width":465,"height":86,"url":"https:\/\/www.polysoude.com\/wp-content\/uploads\/2022\/07\/Polysoude_Logo_signature_fond-transparent_600dpi_300mm_RVB-e1658123578778.png","type":"image\/png"}],"twitter_card":"summary_large_image","schema":{"@context":"https:\/\/schema.org","@graph":[{"@type":"WebPage","@id":"https:\/\/www.polysoude.com\/de\/dienstleistungen-ersatzteile-miete\/mietservice\/","url":"https:\/\/www.polysoude.com\/de\/dienstleistungen-ersatzteile-miete\/mietservice\/","name":"Mietservice | Polysoude","isPartOf":{"@id":"https:\/\/www.polysoude.com\/de\/#website"},"primaryImageOfPage":{"@id":"https:\/\/www.polysoude.com\/de\/dienstleistungen-ersatzteile-miete\/mietservice\/#primaryimage"},"image":{"@id":"https:\/\/www.polysoude.com\/de\/dienstleistungen-ersatzteile-miete\/mietservice\/#primaryimage"},"thumbnailUrl":"https:\/\/www.polysoude.com\/wp-content\/uploads\/2016\/10\/services-rental-1.jpg","datePublished":"2016-10-06T08:04:52+00:00","dateModified":"2024-07-29T13:13:30+00:00","description":"Mieten Sie direkt vom Hersteller Unsere Schwei\u00df- und Auftragschwei\u00dfeinrichtungen k\u00f6nnen gemietet werden; was Ihnen totale Flexibilit\u00e4t bietet: Mieten","breadcrumb":{"@id":"https:\/\/www.polysoude.com\/de\/dienstleistungen-ersatzteile-miete\/mietservice\/#breadcrumb"},"inLanguage":"de-DE","potentialAction":[{"@type":"ReadAction","target":["https:\/\/www.polysoude.com\/de\/dienstleistungen-ersatzteile-miete\/mietservice\/"]}]},{"@type":"ImageObject","inLanguage":"de-DE","@id":"https:\/\/www.polysoude.com\/de\/dienstleistungen-ersatzteile-miete\/mietservice\/#primaryimage","url":"https:\/\/www.polysoude.com\/wp-content\/uploads\/2016\/10\/services-rental-1.jpg","contentUrl":"https:\/\/www.polysoude.com\/wp-content\/uploads\/2016\/10\/services-rental-1.jpg","width":500,"height":450},{"@type":"BreadcrumbList","@id":"https:\/\/www.polysoude.com\/de\/dienstleistungen-ersatzteile-miete\/mietservice\/#breadcrumb","itemListElement":[{"@type":"ListItem","position":1,"name":"Home","item":"https:\/\/www.polysoude.com\/de\/homepage\/"},{"@type":"ListItem","position":2,"name":"Dienstleistungen \/ Ersatzteile \/ Miete","item":"https:\/\/www.polysoude.com\/de\/dienstleistungen-ersatzteile-miete\/"},{"@type":"ListItem","position":3,"name":"Mietservice"}]},{"@type":"WebSite","@id":"https:\/\/www.polysoude.com\/de\/#website","url":"https:\/\/www.polysoude.com\/de\/","name":"Polysoude","description":"The art of welding","publisher":{"@id":"https:\/\/www.polysoude.com\/de\/#organization"},"alternateName":"Polysoude","potentialAction":[{"@type":"SearchAction","target":{"@type":"EntryPoint","urlTemplate":"https:\/\/www.polysoude.com\/de\/?s={search_term_string}"},"query-input":{"@type":"PropertyValueSpecification","valueRequired":true,"valueName":"search_term_string"}}],"inLanguage":"de-DE"},{"@type":"Organization","@id":"https:\/\/www.polysoude.com\/de\/#organization","name":"Polysoude","alternateName":"Polysoude","url":"https:\/\/www.polysoude.com\/de\/","logo":{"@type":"ImageObject","inLanguage":"de-DE","@id":"https:\/\/www.polysoude.com\/de\/#\/schema\/logo\/image\/","url":"https:\/\/www.polysoude.com\/wp-content\/uploads\/2022\/07\/Polysoude_Logo_signature_fond-transparent_600dpi_300mm_RVB-e1658123578778.png","contentUrl":"https:\/\/www.polysoude.com\/wp-content\/uploads\/2022\/07\/Polysoude_Logo_signature_fond-transparent_600dpi_300mm_RVB-e1658123578778.png","width":465,"height":86,"caption":"Polysoude"},"image":{"@id":"https:\/\/www.polysoude.com\/de\/#\/schema\/logo\/image\/"},"sameAs":["https:\/\/www.facebook.com\/Polysoude\/","https:\/\/www.linkedin.com\/company\/polysoude\/","https:\/\/www.instagram.com\/polysoudeglobal\/"]}]}},"_links":{"self":[{"href":"https:\/\/www.polysoude.com\/de\/wp-json\/wp\/v2\/pages\/3303","targetHints":{"allow":["GET"]}}],"collection":[{"href":"https:\/\/www.polysoude.com\/de\/wp-json\/wp\/v2\/pages"}],"about":[{"href":"https:\/\/www.polysoude.com\/de\/wp-json\/wp\/v2\/types\/page"}],"author":[{"embeddable":true,"href":"https:\/\/www.polysoude.com\/de\/wp-json\/wp\/v2\/users\/1"}],"replies":[{"embeddable":true,"href":"https:\/\/www.polysoude.com\/de\/wp-json\/wp\/v2\/comments?post=3303"}],"version-history":[{"count":8,"href":"https:\/\/www.polysoude.com\/de\/wp-json\/wp\/v2\/pages\/3303\/revisions"}],"predecessor-version":[{"id":48481,"href":"https:\/\/www.polysoude.com\/de\/wp-json\/wp\/v2\/pages\/3303\/revisions\/48481"}],"up":[{"embeddable":true,"href":"https:\/\/www.polysoude.com\/de\/wp-json\/wp\/v2\/pages\/2224"}],"wp:featuredmedia":[{"embeddable":true,"href":"https:\/\/www.polysoude.com\/de\/wp-json\/wp\/v2\/media\/2205"}],"wp:attachment":[{"href":"https:\/\/www.polysoude.com\/de\/wp-json\/wp\/v2\/media?parent=3303"}],"curies":[{"name":"wp","href":"https:\/\/api.w.org\/{rel}","templated":true}]}}