{"id":3310,"date":"2016-10-06T10:05:03","date_gmt":"2016-10-06T08:05:03","guid":{"rendered":"http:\/\/www.polysoude.com\/?page_id=3310"},"modified":"2024-07-29T15:41:41","modified_gmt":"2024-07-29T13:41:41","slug":"nachrusten-und-aufrusten","status":"publish","type":"page","link":"https:\/\/www.polysoude.com\/de\/dienstleistungen-ersatzteile-miete\/nachrusten-und-aufrusten\/","title":{"rendered":"Nachr\u00fcsten und Aufr\u00fcsten"},"content":{"rendered":"\n\n\t<h4>Die Alternative zu einer komplett neuen Einrichtung!<\/h4>\n<p><a href=\"https:\/\/www.polysoude.com\/de\/\">POLYSOUDE<\/a> bietet <strong>einbaubereite modulare Baugruppen<\/strong>, umfassend motorisierte Schlitten, Brenner und Drahtvorsch\u00fcbe, zusammen mit unserer <a href=\"https:\/\/www.polysoude.com\/de\/orbitalschweissgeraete\/\">Stromquelle<\/a> mit numerischer Schwei\u00dfsteuerung. Eine Analyse Ihrer bestehenden Einrichtung durch einen unserer Fachleute k\u00f6nnte der Startpunkt sein, Ihrer Einrichtung <strong>eine neue Lebensspanne und bessere Leistung<\/strong> zu verleihen!<\/p>\n<p>Schritte in einem Nachr\u00fcstprogramm:<\/p>\n<ul>\n<li>Audit Ihrer bestehenden Einrichtung durch unsere Fachleute<\/li>\n<li>Vorbereitung einbaubereiter modularer Baugruppen<\/li>\n<li>schneller Start nach dem Nachr\u00fcsten, um die Stillstandszeit f\u00fcr die Produktion zu begrenzen<\/li>\n<\/ul>\n\n","protected":false},"excerpt":{"rendered":"<p>Die Alternative zu einer komplett neuen Einrichtung! POLYSOUDE bietet einbaubereite modulare Baugruppen, umfassend motorisierte Schlitten, Brenner und Drahtvorsch\u00fcbe, zusammen mit unserer Stromquelle mit numerischer Schwei\u00dfsteuerung. Eine Analyse Ihrer bestehenden Einrichtung durch einen unserer Fachleute k\u00f6nnte der Startpunkt sein, Ihrer Einrichtung eine neue Lebensspanne und bessere Leistung zu verleihen! Schritte in einem Nachr\u00fcstprogramm: Audit Ihrer bestehenden [&hellip;]<\/p>\n","protected":false},"author":1,"featured_media":3928,"parent":2224,"menu_order":0,"comment_status":"closed","ping_status":"closed","template":"page-contenu.php","meta":{"_acf_changed":false,"footnotes":""},"class_list":["post-3310","page","type-page","status-publish","has-post-thumbnail","hentry"],"acf":[],"yoast_head":"<!-- This site is optimized with the Yoast SEO plugin v27.3 - https:\/\/yoast.com\/product\/yoast-seo-wordpress\/ -->\n<title>Nachr\u00fcsten und Aufr\u00fcsten | Polysoude<\/title>\n<meta name=\"description\" content=\"Die Alternative zu einer komplett neuen Einrichtung! POLYSOUDE bietet einbaubereite modulare Baugruppen, umfassend motorisierte Schlitten, Brenner und\" \/>\n<meta name=\"robots\" content=\"index, follow, max-snippet:-1, max-image-preview:large, max-video-preview:-1\" \/>\n<link rel=\"canonical\" href=\"https:\/\/www.polysoude.com\/de\/dienstleistungen-ersatzteile-miete\/nachrusten-und-aufrusten\/\" \/>\n<meta property=\"og:locale\" content=\"de_DE\" \/>\n<meta property=\"og:type\" content=\"article\" \/>\n<meta property=\"og:title\" content=\"Nachr\u00fcsten und Aufr\u00fcsten | Polysoude\" \/>\n<meta property=\"og:description\" content=\"Die Alternative zu einer komplett neuen Einrichtung! POLYSOUDE bietet einbaubereite modulare Baugruppen, umfassend motorisierte Schlitten, Brenner und\" \/>\n<meta property=\"og:url\" content=\"https:\/\/www.polysoude.com\/de\/dienstleistungen-ersatzteile-miete\/nachrusten-und-aufrusten\/\" \/>\n<meta property=\"og:site_name\" content=\"Polysoude\" \/>\n<meta property=\"article:publisher\" content=\"https:\/\/www.facebook.com\/Polysoude\/\" \/>\n<meta property=\"article:modified_time\" content=\"2024-07-29T13:41:41+00:00\" \/>\n<meta property=\"og:image\" content=\"https:\/\/www.polysoude.com\/wp-content\/uploads\/2022\/07\/Polysoude_Logo_signature_fond-transparent_600dpi_300mm_RVB-e1658123578778.png\" \/>\n\t<meta property=\"og:image:width\" content=\"465\" \/>\n\t<meta property=\"og:image:height\" content=\"86\" \/>\n\t<meta property=\"og:image:type\" content=\"image\/png\" \/>\n<meta name=\"twitter:card\" content=\"summary_large_image\" \/>\n<meta name=\"twitter:label1\" content=\"Gesch\u00e4tzte Lesezeit\" \/>\n\t<meta name=\"twitter:data1\" content=\"1 minute\" \/>\n<script type=\"application\/ld+json\" class=\"yoast-schema-graph\">{\"@context\":\"https:\\\/\\\/schema.org\",\"@graph\":[{\"@type\":\"WebPage\",\"@id\":\"https:\\\/\\\/www.polysoude.com\\\/de\\\/dienstleistungen-ersatzteile-miete\\\/nachrusten-und-aufrusten\\\/\",\"url\":\"https:\\\/\\\/www.polysoude.com\\\/de\\\/dienstleistungen-ersatzteile-miete\\\/nachrusten-und-aufrusten\\\/\",\"name\":\"Nachr\u00fcsten und Aufr\u00fcsten | Polysoude\",\"isPartOf\":{\"@id\":\"https:\\\/\\\/www.polysoude.com\\\/de\\\/#website\"},\"primaryImageOfPage\":{\"@id\":\"https:\\\/\\\/www.polysoude.com\\\/de\\\/dienstleistungen-ersatzteile-miete\\\/nachrusten-und-aufrusten\\\/#primaryimage\"},\"image\":{\"@id\":\"https:\\\/\\\/www.polysoude.com\\\/de\\\/dienstleistungen-ersatzteile-miete\\\/nachrusten-und-aufrusten\\\/#primaryimage\"},\"thumbnailUrl\":\"https:\\\/\\\/www.polysoude.com\\\/wp-content\\\/uploads\\\/2016\\\/10\\\/retrofit-couple-1-2.jpg\",\"datePublished\":\"2016-10-06T08:05:03+00:00\",\"dateModified\":\"2024-07-29T13:41:41+00:00\",\"description\":\"Die Alternative zu einer komplett neuen Einrichtung! POLYSOUDE bietet einbaubereite modulare Baugruppen, umfassend motorisierte Schlitten, Brenner und\",\"breadcrumb\":{\"@id\":\"https:\\\/\\\/www.polysoude.com\\\/de\\\/dienstleistungen-ersatzteile-miete\\\/nachrusten-und-aufrusten\\\/#breadcrumb\"},\"inLanguage\":\"de-DE\",\"potentialAction\":[{\"@type\":\"ReadAction\",\"target\":[\"https:\\\/\\\/www.polysoude.com\\\/de\\\/dienstleistungen-ersatzteile-miete\\\/nachrusten-und-aufrusten\\\/\"]}]},{\"@type\":\"ImageObject\",\"inLanguage\":\"de-DE\",\"@id\":\"https:\\\/\\\/www.polysoude.com\\\/de\\\/dienstleistungen-ersatzteile-miete\\\/nachrusten-und-aufrusten\\\/#primaryimage\",\"url\":\"https:\\\/\\\/www.polysoude.com\\\/wp-content\\\/uploads\\\/2016\\\/10\\\/retrofit-couple-1-2.jpg\",\"contentUrl\":\"https:\\\/\\\/www.polysoude.com\\\/wp-content\\\/uploads\\\/2016\\\/10\\\/retrofit-couple-1-2.jpg\",\"width\":1000,\"height\":750},{\"@type\":\"BreadcrumbList\",\"@id\":\"https:\\\/\\\/www.polysoude.com\\\/de\\\/dienstleistungen-ersatzteile-miete\\\/nachrusten-und-aufrusten\\\/#breadcrumb\",\"itemListElement\":[{\"@type\":\"ListItem\",\"position\":1,\"name\":\"Home\",\"item\":\"https:\\\/\\\/www.polysoude.com\\\/de\\\/homepage\\\/\"},{\"@type\":\"ListItem\",\"position\":2,\"name\":\"Dienstleistungen \\\/ Ersatzteile \\\/ Miete\",\"item\":\"https:\\\/\\\/www.polysoude.com\\\/de\\\/dienstleistungen-ersatzteile-miete\\\/\"},{\"@type\":\"ListItem\",\"position\":3,\"name\":\"Nachr\u00fcsten und Aufr\u00fcsten\"}]},{\"@type\":\"WebSite\",\"@id\":\"https:\\\/\\\/www.polysoude.com\\\/de\\\/#website\",\"url\":\"https:\\\/\\\/www.polysoude.com\\\/de\\\/\",\"name\":\"Polysoude\",\"description\":\"The art of welding\",\"publisher\":{\"@id\":\"https:\\\/\\\/www.polysoude.com\\\/de\\\/#organization\"},\"alternateName\":\"Polysoude\",\"potentialAction\":[{\"@type\":\"SearchAction\",\"target\":{\"@type\":\"EntryPoint\",\"urlTemplate\":\"https:\\\/\\\/www.polysoude.com\\\/de\\\/?s={search_term_string}\"},\"query-input\":{\"@type\":\"PropertyValueSpecification\",\"valueRequired\":true,\"valueName\":\"search_term_string\"}}],\"inLanguage\":\"de-DE\"},{\"@type\":\"Organization\",\"@id\":\"https:\\\/\\\/www.polysoude.com\\\/de\\\/#organization\",\"name\":\"Polysoude\",\"alternateName\":\"Polysoude\",\"url\":\"https:\\\/\\\/www.polysoude.com\\\/de\\\/\",\"logo\":{\"@type\":\"ImageObject\",\"inLanguage\":\"de-DE\",\"@id\":\"https:\\\/\\\/www.polysoude.com\\\/de\\\/#\\\/schema\\\/logo\\\/image\\\/\",\"url\":\"https:\\\/\\\/www.polysoude.com\\\/wp-content\\\/uploads\\\/2022\\\/07\\\/Polysoude_Logo_signature_fond-transparent_600dpi_300mm_RVB-e1658123578778.png\",\"contentUrl\":\"https:\\\/\\\/www.polysoude.com\\\/wp-content\\\/uploads\\\/2022\\\/07\\\/Polysoude_Logo_signature_fond-transparent_600dpi_300mm_RVB-e1658123578778.png\",\"width\":465,\"height\":86,\"caption\":\"Polysoude\"},\"image\":{\"@id\":\"https:\\\/\\\/www.polysoude.com\\\/de\\\/#\\\/schema\\\/logo\\\/image\\\/\"},\"sameAs\":[\"https:\\\/\\\/www.facebook.com\\\/Polysoude\\\/\",\"https:\\\/\\\/www.linkedin.com\\\/company\\\/polysoude\\\/\",\"https:\\\/\\\/www.instagram.com\\\/polysoudeglobal\\\/\"]}]}<\/script>\n<!-- \/ Yoast SEO plugin. -->","yoast_head_json":{"title":"Nachr\u00fcsten und Aufr\u00fcsten | Polysoude","description":"Die Alternative zu einer komplett neuen Einrichtung! POLYSOUDE bietet einbaubereite modulare Baugruppen, umfassend motorisierte Schlitten, Brenner und","robots":{"index":"index","follow":"follow","max-snippet":"max-snippet:-1","max-image-preview":"max-image-preview:large","max-video-preview":"max-video-preview:-1"},"canonical":"https:\/\/www.polysoude.com\/de\/dienstleistungen-ersatzteile-miete\/nachrusten-und-aufrusten\/","og_locale":"de_DE","og_type":"article","og_title":"Nachr\u00fcsten und Aufr\u00fcsten | Polysoude","og_description":"Die Alternative zu einer komplett neuen Einrichtung! POLYSOUDE bietet einbaubereite modulare Baugruppen, umfassend motorisierte Schlitten, Brenner und","og_url":"https:\/\/www.polysoude.com\/de\/dienstleistungen-ersatzteile-miete\/nachrusten-und-aufrusten\/","og_site_name":"Polysoude","article_publisher":"https:\/\/www.facebook.com\/Polysoude\/","article_modified_time":"2024-07-29T13:41:41+00:00","og_image":[{"width":465,"height":86,"url":"https:\/\/www.polysoude.com\/wp-content\/uploads\/2022\/07\/Polysoude_Logo_signature_fond-transparent_600dpi_300mm_RVB-e1658123578778.png","type":"image\/png"}],"twitter_card":"summary_large_image","twitter_misc":{"Gesch\u00e4tzte Lesezeit":"1 minute"},"schema":{"@context":"https:\/\/schema.org","@graph":[{"@type":"WebPage","@id":"https:\/\/www.polysoude.com\/de\/dienstleistungen-ersatzteile-miete\/nachrusten-und-aufrusten\/","url":"https:\/\/www.polysoude.com\/de\/dienstleistungen-ersatzteile-miete\/nachrusten-und-aufrusten\/","name":"Nachr\u00fcsten und Aufr\u00fcsten | Polysoude","isPartOf":{"@id":"https:\/\/www.polysoude.com\/de\/#website"},"primaryImageOfPage":{"@id":"https:\/\/www.polysoude.com\/de\/dienstleistungen-ersatzteile-miete\/nachrusten-und-aufrusten\/#primaryimage"},"image":{"@id":"https:\/\/www.polysoude.com\/de\/dienstleistungen-ersatzteile-miete\/nachrusten-und-aufrusten\/#primaryimage"},"thumbnailUrl":"https:\/\/www.polysoude.com\/wp-content\/uploads\/2016\/10\/retrofit-couple-1-2.jpg","datePublished":"2016-10-06T08:05:03+00:00","dateModified":"2024-07-29T13:41:41+00:00","description":"Die Alternative zu einer komplett neuen Einrichtung! POLYSOUDE bietet einbaubereite modulare Baugruppen, umfassend motorisierte Schlitten, Brenner und","breadcrumb":{"@id":"https:\/\/www.polysoude.com\/de\/dienstleistungen-ersatzteile-miete\/nachrusten-und-aufrusten\/#breadcrumb"},"inLanguage":"de-DE","potentialAction":[{"@type":"ReadAction","target":["https:\/\/www.polysoude.com\/de\/dienstleistungen-ersatzteile-miete\/nachrusten-und-aufrusten\/"]}]},{"@type":"ImageObject","inLanguage":"de-DE","@id":"https:\/\/www.polysoude.com\/de\/dienstleistungen-ersatzteile-miete\/nachrusten-und-aufrusten\/#primaryimage","url":"https:\/\/www.polysoude.com\/wp-content\/uploads\/2016\/10\/retrofit-couple-1-2.jpg","contentUrl":"https:\/\/www.polysoude.com\/wp-content\/uploads\/2016\/10\/retrofit-couple-1-2.jpg","width":1000,"height":750},{"@type":"BreadcrumbList","@id":"https:\/\/www.polysoude.com\/de\/dienstleistungen-ersatzteile-miete\/nachrusten-und-aufrusten\/#breadcrumb","itemListElement":[{"@type":"ListItem","position":1,"name":"Home","item":"https:\/\/www.polysoude.com\/de\/homepage\/"},{"@type":"ListItem","position":2,"name":"Dienstleistungen \/ Ersatzteile \/ Miete","item":"https:\/\/www.polysoude.com\/de\/dienstleistungen-ersatzteile-miete\/"},{"@type":"ListItem","position":3,"name":"Nachr\u00fcsten und Aufr\u00fcsten"}]},{"@type":"WebSite","@id":"https:\/\/www.polysoude.com\/de\/#website","url":"https:\/\/www.polysoude.com\/de\/","name":"Polysoude","description":"The art of welding","publisher":{"@id":"https:\/\/www.polysoude.com\/de\/#organization"},"alternateName":"Polysoude","potentialAction":[{"@type":"SearchAction","target":{"@type":"EntryPoint","urlTemplate":"https:\/\/www.polysoude.com\/de\/?s={search_term_string}"},"query-input":{"@type":"PropertyValueSpecification","valueRequired":true,"valueName":"search_term_string"}}],"inLanguage":"de-DE"},{"@type":"Organization","@id":"https:\/\/www.polysoude.com\/de\/#organization","name":"Polysoude","alternateName":"Polysoude","url":"https:\/\/www.polysoude.com\/de\/","logo":{"@type":"ImageObject","inLanguage":"de-DE","@id":"https:\/\/www.polysoude.com\/de\/#\/schema\/logo\/image\/","url":"https:\/\/www.polysoude.com\/wp-content\/uploads\/2022\/07\/Polysoude_Logo_signature_fond-transparent_600dpi_300mm_RVB-e1658123578778.png","contentUrl":"https:\/\/www.polysoude.com\/wp-content\/uploads\/2022\/07\/Polysoude_Logo_signature_fond-transparent_600dpi_300mm_RVB-e1658123578778.png","width":465,"height":86,"caption":"Polysoude"},"image":{"@id":"https:\/\/www.polysoude.com\/de\/#\/schema\/logo\/image\/"},"sameAs":["https:\/\/www.facebook.com\/Polysoude\/","https:\/\/www.linkedin.com\/company\/polysoude\/","https:\/\/www.instagram.com\/polysoudeglobal\/"]}]}},"_links":{"self":[{"href":"https:\/\/www.polysoude.com\/de\/wp-json\/wp\/v2\/pages\/3310","targetHints":{"allow":["GET"]}}],"collection":[{"href":"https:\/\/www.polysoude.com\/de\/wp-json\/wp\/v2\/pages"}],"about":[{"href":"https:\/\/www.polysoude.com\/de\/wp-json\/wp\/v2\/types\/page"}],"author":[{"embeddable":true,"href":"https:\/\/www.polysoude.com\/de\/wp-json\/wp\/v2\/users\/1"}],"replies":[{"embeddable":true,"href":"https:\/\/www.polysoude.com\/de\/wp-json\/wp\/v2\/comments?post=3310"}],"version-history":[{"count":16,"href":"https:\/\/www.polysoude.com\/de\/wp-json\/wp\/v2\/pages\/3310\/revisions"}],"predecessor-version":[{"id":48489,"href":"https:\/\/www.polysoude.com\/de\/wp-json\/wp\/v2\/pages\/3310\/revisions\/48489"}],"up":[{"embeddable":true,"href":"https:\/\/www.polysoude.com\/de\/wp-json\/wp\/v2\/pages\/2224"}],"wp:featuredmedia":[{"embeddable":true,"href":"https:\/\/www.polysoude.com\/de\/wp-json\/wp\/v2\/media\/3928"}],"wp:attachment":[{"href":"https:\/\/www.polysoude.com\/de\/wp-json\/wp\/v2\/media?parent=3310"}],"curies":[{"name":"wp","href":"https:\/\/api.w.org\/{rel}","templated":true}]}}