{"id":37223,"date":"2021-10-28T10:07:57","date_gmt":"2021-10-28T08:07:57","guid":{"rendered":"https:\/\/www.polysoude.com\/polysoude-tutorials-anleitung-zur-videobibliothek\/"},"modified":"2022-06-01T15:49:46","modified_gmt":"2022-06-01T13:49:46","slug":"polysoude-tutorials-anleitung-zur-videobibliothek","status":"publish","type":"page","link":"https:\/\/www.polysoude.com\/de\/polysoude-tutorials-anleitung-zur-videobibliothek\/","title":{"rendered":"Polysoude Tutorials &#8211; Anleitung zur Videobibliothek"},"content":{"rendered":"\n\t\t\t\t<img loading=\"lazy\" decoding=\"async\" src=\"https:\/\/www.polysoude.com\/wp-content\/uploads\/2021\/10\/Banner_Polysoude_Tutorial_Page.png\" alt=\"banner Polysoude Tutorial Page TIG welding tools\" itemprop=\"image\" height=\"2000\" width=\"6000\" title=\"Banner_Polysoude_Tutorial_Page\" onerror=\"this.style.display='none'\"  \/>\n\t<h2>Die folgenden Videos erl\u00e4utern zus\u00e4tzlich zu den Handb\u00fcchern und Teilelisten, wie bestimmte Wartungsarbeiten an unseren Ger\u00e4ten durchgef\u00fchrt werden:<\/h2>\n\t<h2><strong>Mediathek<\/strong><\/h2>\n\t<ul>\n<li><a href=\"#MUIV\"><strong>MU IV<\/strong><\/a>\n<ul>\n<li><a href=\"#MUIV1\">Ersatz der rotierenden Nadel<\/a><\/li>\n<li><a href=\"#MUIV2\">Polygaine-Reparatur<\/a><\/li>\n<\/ul>\n<\/li>\n<li><a href=\"#MW\"><strong>MW<\/strong><\/a>\n<ul>\n<li><a href=\"#MW1\">Wechsel der rotierenden Nadel<\/a><\/li>\n<li><a href=\"#MW2\">Einstellung des Mikroschalters<\/a><\/li>\n<\/ul>\n<\/li>\n<\/ul>\n\t<h3><strong><a id=\"MUIV\"><\/a>MU IV (38\/80\/115\/128)<\/strong><\/h3>\n\t\t\t\t<a href=\"https:\/\/bit.ly\/3mnUFnM\" target=\"_blank\" rel=\"noopener nofollow noreferrer\" itemprop=\"url\">\n\t\t\t\t<img loading=\"lazy\" decoding=\"async\" src=\"https:\/\/www.polysoude.com\/wp-content\/uploads\/2021\/10\/Vignette_MU-300x169.png\" alt=\"Vignette_MU\" itemprop=\"image\" height=\"169\" width=\"300\" title=\"Vignette_MU\" onerror=\"this.style.display='none'\"  \/>\n\t\t\t\t<\/a>\n\t<p><a id=\"MUIV1\"><\/a>Ersatz der rotierenden Nadel<\/p>\n\t\t\t\t<a href=\"https:\/\/bit.ly\/3mlu2ja\" target=\"_blank\" rel=\"noopener nofollow noreferrer\" itemprop=\"url\">\n\t\t\t\t<img loading=\"lazy\" decoding=\"async\" src=\"https:\/\/www.polysoude.com\/wp-content\/uploads\/2021\/10\/Vignette_MU-300x169.png\" alt=\"Vignette_MU\" itemprop=\"image\" height=\"169\" width=\"300\" title=\"Vignette_MU\" onerror=\"this.style.display='none'\"  \/>\n\t\t\t\t<\/a>\n\t<p><a id=\"MUIV2\"><\/a>Polygaine Reparatur<\/p>\n\t<h3><strong><a id=\"MW\"><\/a>MW (40\/65\/115)<\/strong><\/h3>\n\t\t\t\t<a href=\"https:\/\/bit.ly\/3ml8z9W\" target=\"_blank\" rel=\"noopener nofollow noreferrer\" itemprop=\"url\">\n\t\t\t\t<img loading=\"lazy\" decoding=\"async\" src=\"https:\/\/www.polysoude.com\/wp-content\/uploads\/2021\/10\/Vignette_MW-300x169.png\" alt=\"Vignette_MW\" itemprop=\"image\" height=\"169\" width=\"300\" title=\"Vignette_MW\" onerror=\"this.style.display='none'\"  \/>\n\t\t\t\t<\/a>\n\t<p><a id=\"MW1\"><\/a>Drehbarer Nadelwechsel<\/p>\n\t\t\t\t<a href=\"https:\/\/bit.ly\/3jJgGvA\" target=\"_blank\" rel=\"noopener nofollow noreferrer\" itemprop=\"url\">\n\t\t\t\t<img loading=\"lazy\" decoding=\"async\" src=\"https:\/\/www.polysoude.com\/wp-content\/uploads\/2021\/10\/Vignette_MW-300x169.png\" alt=\"Vignette_MW\" itemprop=\"image\" height=\"169\" width=\"300\" title=\"Vignette_MW\" onerror=\"this.style.display='none'\"  \/>\n\t\t\t\t<\/a>\n\t<p><a id=\"MW2\"><\/a>Einstellung des Mikroschalters<\/p>\n\t\t\t\t<img decoding=\"async\" src=\"https:\/\/www.polysoude.com\/wp-content\/plugins\/bb-plugin\/img\/pixel.png\" alt=\"\" itemprop=\"image\" onerror=\"this.style.display='none'\"  \/>\n\t\t\t\t<img decoding=\"async\" src=\"https:\/\/www.polysoude.com\/wp-content\/plugins\/bb-plugin\/img\/pixel.png\" alt=\"\" itemprop=\"image\" onerror=\"this.style.display='none'\"  \/>\n\t<p>Fordern Sie Ihre Polysoude-Produktdokumentation auf unserer <a href=\"https:\/\/www.polysoude.com\/de\/anfrage-dokumentation\/\" target=\"_blank\" rel=\"noopener noreferrer\">Request documentation section<\/a>.<\/p>\n<p>Weitere Antworten auf Ihre Fragen finden Sie in unserem <a href=\"https:\/\/www.polysoude.com\/de\/dienstleistungen-ersatzteile-miete\/\" target=\"_blank\" rel=\"noopener noreferrer\">Abschnitt Dienstleistungen<\/a> oder in der <a href=\"https:\/\/www.polysoude.com\/de\/polysoude-wissenszentrum\/\" target=\"_blank\" rel=\"noopener noreferrer\">Polysoude Knowledge Center<\/a>.<\/p>\n<p>Wenn Sie Hilfe ben\u00f6tigen, z\u00f6gern Sie bitte nicht, das Polysoude-Service-Team zu kontaktieren: <a href=\"mailto:services@polysoude.com\">services@polysoude.com<\/a>.<\/p>\n\t\t\t<a href=\"https:\/\/www.polysoude.com\/de\/\" target=\"_blank\" role=\"button\" rel=\"noopener nofollow noreferrer\">\n\t\t\t\t\t\tZur\u00fcck zu Polysoude Website\n\t\t\t\t\t<\/a>\n","protected":false},"excerpt":{"rendered":"<p>Die folgenden Videos erl\u00e4utern zus\u00e4tzlich zu den Handb\u00fcchern und Teilelisten, wie bestimmte Wartungsarbeiten an unseren Ger\u00e4ten durchgef\u00fchrt werden: Mediathek MU IV Ersatz der rotierenden Nadel Polygaine-Reparatur MW Wechsel der rotierenden Nadel Einstellung des Mikroschalters MU IV (38\/80\/115\/128) Ersatz der rotierenden Nadel Polygaine Reparatur MW (40\/65\/115) Drehbarer Nadelwechsel Einstellung des Mikroschalters Fordern Sie Ihre Polysoude-Produktdokumentation auf [&hellip;]<\/p>\n","protected":false},"author":7,"featured_media":37048,"parent":0,"menu_order":0,"comment_status":"closed","ping_status":"closed","template":"","meta":{"_acf_changed":false,"footnotes":""},"class_list":["post-37223","page","type-page","status-publish","has-post-thumbnail","hentry"],"acf":[],"yoast_head":"<!-- This site is optimized with the Yoast SEO plugin v27.3 - https:\/\/yoast.com\/product\/yoast-seo-wordpress\/ -->\n<title>Polysoude Tutorials - Anleitung zur Videobibliothek | Polysoude<\/title>\n<meta name=\"description\" content=\"Die folgenden Videos erl\u00e4utern zus\u00e4tzlich zu den Handb\u00fcchern und Teilelisten, wie bestimmte Wartungsarbeiten an unseren Ger\u00e4ten durchgef\u00fchrt werden:\" \/>\n<meta name=\"robots\" content=\"index, follow, max-snippet:-1, max-image-preview:large, max-video-preview:-1\" \/>\n<link rel=\"canonical\" href=\"https:\/\/www.polysoude.com\/de\/polysoude-tutorials-anleitung-zur-videobibliothek\/\" \/>\n<meta property=\"og:locale\" content=\"de_DE\" \/>\n<meta property=\"og:type\" content=\"article\" \/>\n<meta property=\"og:title\" content=\"Polysoude Tutorials - Anleitung zur Videobibliothek | Polysoude\" \/>\n<meta property=\"og:description\" content=\"Die folgenden Videos erl\u00e4utern zus\u00e4tzlich zu den Handb\u00fcchern und Teilelisten, wie bestimmte Wartungsarbeiten an unseren Ger\u00e4ten durchgef\u00fchrt werden:\" \/>\n<meta property=\"og:url\" content=\"https:\/\/www.polysoude.com\/de\/polysoude-tutorials-anleitung-zur-videobibliothek\/\" \/>\n<meta property=\"og:site_name\" content=\"Polysoude\" \/>\n<meta property=\"article:publisher\" content=\"https:\/\/www.facebook.com\/Polysoude\/\" \/>\n<meta property=\"article:modified_time\" content=\"2022-06-01T13:49:46+00:00\" \/>\n<meta property=\"og:image\" content=\"https:\/\/www.polysoude.com\/wp-content\/uploads\/2021\/10\/Banner_Polysoude_Tutorial_Page.png\" \/>\n\t<meta property=\"og:image:width\" content=\"6000\" \/>\n\t<meta property=\"og:image:height\" content=\"2000\" \/>\n\t<meta property=\"og:image:type\" content=\"image\/png\" \/>\n<meta name=\"twitter:card\" content=\"summary_large_image\" \/>\n<meta name=\"twitter:label1\" content=\"Gesch\u00e4tzte Lesezeit\" \/>\n\t<meta name=\"twitter:data1\" content=\"1 minute\" \/>\n<script type=\"application\/ld+json\" class=\"yoast-schema-graph\">{\"@context\":\"https:\\\/\\\/schema.org\",\"@graph\":[{\"@type\":\"WebPage\",\"@id\":\"https:\\\/\\\/www.polysoude.com\\\/de\\\/polysoude-tutorials-anleitung-zur-videobibliothek\\\/\",\"url\":\"https:\\\/\\\/www.polysoude.com\\\/de\\\/polysoude-tutorials-anleitung-zur-videobibliothek\\\/\",\"name\":\"Polysoude Tutorials - Anleitung zur Videobibliothek | Polysoude\",\"isPartOf\":{\"@id\":\"https:\\\/\\\/www.polysoude.com\\\/de\\\/#website\"},\"primaryImageOfPage\":{\"@id\":\"https:\\\/\\\/www.polysoude.com\\\/de\\\/polysoude-tutorials-anleitung-zur-videobibliothek\\\/#primaryimage\"},\"image\":{\"@id\":\"https:\\\/\\\/www.polysoude.com\\\/de\\\/polysoude-tutorials-anleitung-zur-videobibliothek\\\/#primaryimage\"},\"thumbnailUrl\":\"https:\\\/\\\/www.polysoude.com\\\/wp-content\\\/uploads\\\/2021\\\/10\\\/Banner_Polysoude_Tutorial_Page.png\",\"datePublished\":\"2021-10-28T08:07:57+00:00\",\"dateModified\":\"2022-06-01T13:49:46+00:00\",\"description\":\"Die folgenden Videos erl\u00e4utern zus\u00e4tzlich zu den Handb\u00fcchern und Teilelisten, wie bestimmte Wartungsarbeiten an unseren Ger\u00e4ten durchgef\u00fchrt werden:\",\"breadcrumb\":{\"@id\":\"https:\\\/\\\/www.polysoude.com\\\/de\\\/polysoude-tutorials-anleitung-zur-videobibliothek\\\/#breadcrumb\"},\"inLanguage\":\"de-DE\",\"potentialAction\":[{\"@type\":\"ReadAction\",\"target\":[\"https:\\\/\\\/www.polysoude.com\\\/de\\\/polysoude-tutorials-anleitung-zur-videobibliothek\\\/\"]}]},{\"@type\":\"ImageObject\",\"inLanguage\":\"de-DE\",\"@id\":\"https:\\\/\\\/www.polysoude.com\\\/de\\\/polysoude-tutorials-anleitung-zur-videobibliothek\\\/#primaryimage\",\"url\":\"https:\\\/\\\/www.polysoude.com\\\/wp-content\\\/uploads\\\/2021\\\/10\\\/Banner_Polysoude_Tutorial_Page.png\",\"contentUrl\":\"https:\\\/\\\/www.polysoude.com\\\/wp-content\\\/uploads\\\/2021\\\/10\\\/Banner_Polysoude_Tutorial_Page.png\",\"width\":2048,\"height\":683,\"caption\":\"banner Polysoude Tutorial Page TIG welding tools\"},{\"@type\":\"BreadcrumbList\",\"@id\":\"https:\\\/\\\/www.polysoude.com\\\/de\\\/polysoude-tutorials-anleitung-zur-videobibliothek\\\/#breadcrumb\",\"itemListElement\":[{\"@type\":\"ListItem\",\"position\":1,\"name\":\"Home\",\"item\":\"https:\\\/\\\/www.polysoude.com\\\/de\\\/homepage\\\/\"},{\"@type\":\"ListItem\",\"position\":2,\"name\":\"Polysoude Tutorials &#8211; Anleitung zur Videobibliothek\"}]},{\"@type\":\"WebSite\",\"@id\":\"https:\\\/\\\/www.polysoude.com\\\/de\\\/#website\",\"url\":\"https:\\\/\\\/www.polysoude.com\\\/de\\\/\",\"name\":\"Polysoude\",\"description\":\"The art of welding\",\"publisher\":{\"@id\":\"https:\\\/\\\/www.polysoude.com\\\/de\\\/#organization\"},\"alternateName\":\"Polysoude\",\"potentialAction\":[{\"@type\":\"SearchAction\",\"target\":{\"@type\":\"EntryPoint\",\"urlTemplate\":\"https:\\\/\\\/www.polysoude.com\\\/de\\\/?s={search_term_string}\"},\"query-input\":{\"@type\":\"PropertyValueSpecification\",\"valueRequired\":true,\"valueName\":\"search_term_string\"}}],\"inLanguage\":\"de-DE\"},{\"@type\":\"Organization\",\"@id\":\"https:\\\/\\\/www.polysoude.com\\\/de\\\/#organization\",\"name\":\"Polysoude\",\"alternateName\":\"Polysoude\",\"url\":\"https:\\\/\\\/www.polysoude.com\\\/de\\\/\",\"logo\":{\"@type\":\"ImageObject\",\"inLanguage\":\"de-DE\",\"@id\":\"https:\\\/\\\/www.polysoude.com\\\/de\\\/#\\\/schema\\\/logo\\\/image\\\/\",\"url\":\"https:\\\/\\\/www.polysoude.com\\\/wp-content\\\/uploads\\\/2022\\\/07\\\/Polysoude_Logo_signature_fond-transparent_600dpi_300mm_RVB-e1658123578778.png\",\"contentUrl\":\"https:\\\/\\\/www.polysoude.com\\\/wp-content\\\/uploads\\\/2022\\\/07\\\/Polysoude_Logo_signature_fond-transparent_600dpi_300mm_RVB-e1658123578778.png\",\"width\":465,\"height\":86,\"caption\":\"Polysoude\"},\"image\":{\"@id\":\"https:\\\/\\\/www.polysoude.com\\\/de\\\/#\\\/schema\\\/logo\\\/image\\\/\"},\"sameAs\":[\"https:\\\/\\\/www.facebook.com\\\/Polysoude\\\/\",\"https:\\\/\\\/www.linkedin.com\\\/company\\\/polysoude\\\/\",\"https:\\\/\\\/www.instagram.com\\\/polysoudeglobal\\\/\"]}]}<\/script>\n<!-- \/ Yoast SEO plugin. -->","yoast_head_json":{"title":"Polysoude Tutorials - Anleitung zur Videobibliothek | Polysoude","description":"Die folgenden Videos erl\u00e4utern zus\u00e4tzlich zu den Handb\u00fcchern und Teilelisten, wie bestimmte Wartungsarbeiten an unseren Ger\u00e4ten durchgef\u00fchrt werden:","robots":{"index":"index","follow":"follow","max-snippet":"max-snippet:-1","max-image-preview":"max-image-preview:large","max-video-preview":"max-video-preview:-1"},"canonical":"https:\/\/www.polysoude.com\/de\/polysoude-tutorials-anleitung-zur-videobibliothek\/","og_locale":"de_DE","og_type":"article","og_title":"Polysoude Tutorials - Anleitung zur Videobibliothek | Polysoude","og_description":"Die folgenden Videos erl\u00e4utern zus\u00e4tzlich zu den Handb\u00fcchern und Teilelisten, wie bestimmte Wartungsarbeiten an unseren Ger\u00e4ten durchgef\u00fchrt werden:","og_url":"https:\/\/www.polysoude.com\/de\/polysoude-tutorials-anleitung-zur-videobibliothek\/","og_site_name":"Polysoude","article_publisher":"https:\/\/www.facebook.com\/Polysoude\/","article_modified_time":"2022-06-01T13:49:46+00:00","og_image":[{"width":6000,"height":2000,"url":"https:\/\/www.polysoude.com\/wp-content\/uploads\/2021\/10\/Banner_Polysoude_Tutorial_Page.png","type":"image\/png"}],"twitter_card":"summary_large_image","twitter_misc":{"Gesch\u00e4tzte Lesezeit":"1 minute"},"schema":{"@context":"https:\/\/schema.org","@graph":[{"@type":"WebPage","@id":"https:\/\/www.polysoude.com\/de\/polysoude-tutorials-anleitung-zur-videobibliothek\/","url":"https:\/\/www.polysoude.com\/de\/polysoude-tutorials-anleitung-zur-videobibliothek\/","name":"Polysoude Tutorials - Anleitung zur Videobibliothek | Polysoude","isPartOf":{"@id":"https:\/\/www.polysoude.com\/de\/#website"},"primaryImageOfPage":{"@id":"https:\/\/www.polysoude.com\/de\/polysoude-tutorials-anleitung-zur-videobibliothek\/#primaryimage"},"image":{"@id":"https:\/\/www.polysoude.com\/de\/polysoude-tutorials-anleitung-zur-videobibliothek\/#primaryimage"},"thumbnailUrl":"https:\/\/www.polysoude.com\/wp-content\/uploads\/2021\/10\/Banner_Polysoude_Tutorial_Page.png","datePublished":"2021-10-28T08:07:57+00:00","dateModified":"2022-06-01T13:49:46+00:00","description":"Die folgenden Videos erl\u00e4utern zus\u00e4tzlich zu den Handb\u00fcchern und Teilelisten, wie bestimmte Wartungsarbeiten an unseren Ger\u00e4ten durchgef\u00fchrt werden:","breadcrumb":{"@id":"https:\/\/www.polysoude.com\/de\/polysoude-tutorials-anleitung-zur-videobibliothek\/#breadcrumb"},"inLanguage":"de-DE","potentialAction":[{"@type":"ReadAction","target":["https:\/\/www.polysoude.com\/de\/polysoude-tutorials-anleitung-zur-videobibliothek\/"]}]},{"@type":"ImageObject","inLanguage":"de-DE","@id":"https:\/\/www.polysoude.com\/de\/polysoude-tutorials-anleitung-zur-videobibliothek\/#primaryimage","url":"https:\/\/www.polysoude.com\/wp-content\/uploads\/2021\/10\/Banner_Polysoude_Tutorial_Page.png","contentUrl":"https:\/\/www.polysoude.com\/wp-content\/uploads\/2021\/10\/Banner_Polysoude_Tutorial_Page.png","width":2048,"height":683,"caption":"banner Polysoude Tutorial Page TIG welding tools"},{"@type":"BreadcrumbList","@id":"https:\/\/www.polysoude.com\/de\/polysoude-tutorials-anleitung-zur-videobibliothek\/#breadcrumb","itemListElement":[{"@type":"ListItem","position":1,"name":"Home","item":"https:\/\/www.polysoude.com\/de\/homepage\/"},{"@type":"ListItem","position":2,"name":"Polysoude Tutorials &#8211; Anleitung zur Videobibliothek"}]},{"@type":"WebSite","@id":"https:\/\/www.polysoude.com\/de\/#website","url":"https:\/\/www.polysoude.com\/de\/","name":"Polysoude","description":"The art of welding","publisher":{"@id":"https:\/\/www.polysoude.com\/de\/#organization"},"alternateName":"Polysoude","potentialAction":[{"@type":"SearchAction","target":{"@type":"EntryPoint","urlTemplate":"https:\/\/www.polysoude.com\/de\/?s={search_term_string}"},"query-input":{"@type":"PropertyValueSpecification","valueRequired":true,"valueName":"search_term_string"}}],"inLanguage":"de-DE"},{"@type":"Organization","@id":"https:\/\/www.polysoude.com\/de\/#organization","name":"Polysoude","alternateName":"Polysoude","url":"https:\/\/www.polysoude.com\/de\/","logo":{"@type":"ImageObject","inLanguage":"de-DE","@id":"https:\/\/www.polysoude.com\/de\/#\/schema\/logo\/image\/","url":"https:\/\/www.polysoude.com\/wp-content\/uploads\/2022\/07\/Polysoude_Logo_signature_fond-transparent_600dpi_300mm_RVB-e1658123578778.png","contentUrl":"https:\/\/www.polysoude.com\/wp-content\/uploads\/2022\/07\/Polysoude_Logo_signature_fond-transparent_600dpi_300mm_RVB-e1658123578778.png","width":465,"height":86,"caption":"Polysoude"},"image":{"@id":"https:\/\/www.polysoude.com\/de\/#\/schema\/logo\/image\/"},"sameAs":["https:\/\/www.facebook.com\/Polysoude\/","https:\/\/www.linkedin.com\/company\/polysoude\/","https:\/\/www.instagram.com\/polysoudeglobal\/"]}]}},"_links":{"self":[{"href":"https:\/\/www.polysoude.com\/de\/wp-json\/wp\/v2\/pages\/37223","targetHints":{"allow":["GET"]}}],"collection":[{"href":"https:\/\/www.polysoude.com\/de\/wp-json\/wp\/v2\/pages"}],"about":[{"href":"https:\/\/www.polysoude.com\/de\/wp-json\/wp\/v2\/types\/page"}],"author":[{"embeddable":true,"href":"https:\/\/www.polysoude.com\/de\/wp-json\/wp\/v2\/users\/7"}],"replies":[{"embeddable":true,"href":"https:\/\/www.polysoude.com\/de\/wp-json\/wp\/v2\/comments?post=37223"}],"version-history":[{"count":2,"href":"https:\/\/www.polysoude.com\/de\/wp-json\/wp\/v2\/pages\/37223\/revisions"}],"predecessor-version":[{"id":40586,"href":"https:\/\/www.polysoude.com\/de\/wp-json\/wp\/v2\/pages\/37223\/revisions\/40586"}],"wp:featuredmedia":[{"embeddable":true,"href":"https:\/\/www.polysoude.com\/de\/wp-json\/wp\/v2\/media\/37048"}],"wp:attachment":[{"href":"https:\/\/www.polysoude.com\/de\/wp-json\/wp\/v2\/media?parent=37223"}],"curies":[{"name":"wp","href":"https:\/\/api.w.org\/{rel}","templated":true}]}}