{"id":406,"date":"2022-04-03T10:01:29","date_gmt":"2022-04-03T08:01:29","guid":{"rendered":"http:\/\/www.polysoude.com\/?page_id=406&#038;lang=de"},"modified":"2022-04-05T17:29:09","modified_gmt":"2022-04-05T15:29:09","slug":"orbitalschweissen-und-automatisiertes-schweissen","status":"publish","type":"page","link":"https:\/\/www.polysoude.com\/de\/orbitalschweissen-und-automatisiertes-schweissen\/","title":{"rendered":"Orbitalschweissen und automatisiertes Schweissen"},"content":{"rendered":"\n\t<h2>Anlagen f\u00fcr das mechanisierte, automatisierte WIG-Schweissen und besonders zum Orbitalschweissen<\/h2>\n<h3>Die Firma POLYSOUDE ist mit einer breiten Palette von intuitiven WIG Schweissger\u00e4ten f\u00fcr das mechanisierte und automatisierte WIG Schwei\u00dfen am internationalen Markt vertreten, wobei stets die neueste Technik zum Einsatz kommt.<\/h3>\n<p>Im Bereich von Orbitalschwei\u00dfsystemen mit WIG Schwei\u00dftechnik geht es um das Herstellen von Rohr-Rohr-Verbindungen, wobei die Rohrdurchmesser bei 1,6 mm beginnen und nach oben hin nicht begrenzt sind. Bei bestimmten Anwendungen, etwa der Reinstgasversorgung f\u00fcr die Halbleiterherstellung, werden besonders hohe Anspr\u00fcche an die Schwei\u00dfverbindung gestellt. Um beim WIG Orbitalschweissen von Rohren das unerw\u00fcnschte Auftreten von Anlauffarben zu verhindern, werden die d\u00fcnnwandigen Rohre ohne Zusatzwerkstoff mit geschlossenen Schwei\u00dfzangen gef\u00fcgt. Bei gr\u00f6\u00dferen Rohrdurchmessern und Wandst\u00e4rken muss mit Zusatzwerkstoff gearbeitet werden, hier kommen Orbitalschwei\u00dfanlagen mit offenen Orbitalschwei\u00dfk\u00f6pfen zum Einsatz. Bei sehr gro\u00dfen Rohrdurchmessern und entsprechenden Wandst\u00e4rken werden schlie\u00dflich Zahnkr\u00e4nze um die Rohre gelegt, auf denen sich so genannte Orbitalschwei\u00dffahrwerke bewegen.<\/p>\n\t\t\t\t<img loading=\"lazy\" decoding=\"async\" src=\"https:\/\/www.polysoude.com\/wp-content\/uploads\/2016\/10\/bandeau-about.jpg\" alt=\"bandeau-about\" itemprop=\"image\" height=\"325\" width=\"1000\" title=\"bandeau-about\" onerror=\"this.style.display='none'\"  \/>\n\t<h4>Rohr-Rohrboden-Verbindungen mit WIG Orbitalschwei\u00dfanlagen<\/h4>\n<p>Das F\u00fcgen von Rohr-Rohrboden-Verbindungen mit WIG Orbitalschwei\u00dfanlagen kommt im Kesselbau und bei der Herstellung von W\u00e4rmetauschern zum Einsatz, hier m\u00fcssen oft mehrere tausend Verbindungen fehlerfrei in einwandfreier Qualit\u00e4t abgeliefert werden. Die dazu verwendeten Orbitalschwei\u00dfk\u00f6pfe gibt es in offener oder geschlossener Bauweise, der Automatisierungsgrad der Orbitalschwei\u00dfsysteme kann den W\u00fcnschen des Anwenders entsprechend gesteigert werden, so dass ein Bediener zum Betreiben mehrerer Schwei\u00dfk\u00f6pfe an einer Orbitalschwei\u00dfmaschine ausreicht, selbst ein vollautomatisches Positionieren der K\u00f6pfe ist m\u00f6glich.<\/p>\n<p>Auch wenn am drehenden Werkst\u00fcck geschwei\u00dft werden soll, sind POLYSOUDE &#8211; Anlagen zum WIG-Schweissen in allen Gr\u00f6\u00dfen und Ausf\u00fchrungen vertreten. Zu den kleineren Werkst\u00fccken geh\u00f6ren Sensorgeh\u00e4use in Tablettengr\u00f6\u00dfe, die mit einer d\u00fcnnen Metallfolie verschlossen werden; bei der Schwei\u00dfung ist der w\u00e4rmeempfindliche Halbleiterkristall wohlgemerkt bereits im Inneren montiert. Zu den gr\u00f6\u00dferen Werkst\u00fccken geh\u00f6ren Rotoren von Gasturbinen mit einer H\u00f6he von 12 m, deren Wellenabschnitte aus unterschiedlichen Legierungen bestehen und durch eine heterogene Engspaltschwei\u00dfung gef\u00fcgt werden.<\/p>\n<h4>POLYSOUDE &#8211; Ihr zuverl\u00e4ssiger Partner im Bereich des WIG Orbitalschweissens \/ bei WIG Orbitalschwei\u00dfsystemen \/ bei allen Arten von Orbitalschwei\u00dfmaschinen \/ bei speziellen Fragen rund um das Orbitalschweissen<\/h4>\n\t<h3>What ist Orbitalschweissen?<\/h3>\n<p><b>Orbitalschwei\u00dfen<\/b>\u00a0ist ein vollmechanisches\u00a0Schutzgasschwei\u00dfverfahren, bei dem der Lichtbogen maschinell ohne Unterbrechung 360 Grad um Rohre oder andere Rundk\u00f6rper herumgef\u00fchrt wird.<\/p>\n<h3>Was ist orbitale WIG-Schwei\u00dfen?<\/h3>\n<p>Das WIG-<a href=\"https:\/\/www.polysoude.com\/de\/wig-schweissausruestung\/\">Schwei\u00dfverfahren<\/a> (Wolfram Inert Gas) wurde in den vierziger Jahren entwickelt. Zun\u00e4chst wurde dies benutzt um korrosionsbest\u00e4ndige Legierungen und Metalle zu <a href=\"https:\/\/www.polysoude.com\/de\/\">schwei\u00dfen<\/a>. Dies war damals schwierig, besonders wenn man Aluminium oder Aluminium-Legierungen schwei\u00dfen musste. Das WIG-Schwei\u00dfen hat sich jetzt weit verbreitet und erm\u00f6glicht es, alle auf dem Markt erh\u00e4ltliche Metalle zu verschwei\u00dfen und zu desoxidieren.<\/p>\n<p>TIG, WIG oder GTAW? Diese drei Abk\u00fcrzungen stehen f\u00fcr dasselbe Verfahren: das WIG-Schwei\u00dfen (Wolfram Inert Gas). Es handelt sich nur um andere sprachliche Formulierungen.<\/p>\n<h3><strong>Wie funktioniert das WIG-Schwei\u00dfen?<\/strong><\/h3>\n<p>Das WIG-Schwei\u00dfen ist ein Lichtbogenschwei\u00dfverfahren, bei dem eine nichtabschmelzende Elektrode benutzt wird.\u00a0Ein Lichtbogen wird zwischen der nichtabschmelzenden Elektrode und dem zu schwei\u00dfenden Werkst\u00fcck gez\u00fcndet. Wenn Zusatzmetall ben\u00f6tigt wird, so wird dieses manuell (Schwei\u00dfstab) oder auf mechanische Weise (Schwei\u00dfdrahtspule) in das Schwei\u00dfbad gef\u00fchrt.<\/p>\n<h3>Was ist WIG Schwei\u00dfen?<\/h3>\n<p>Das Wolfram-Inertgasschwei\u00dfen (WIG) ist ein Schwei\u00dfverfahren mit Schutzgas, bei dem eine nichtabschmelzende Elektrode aus reinem oder legiertem Wolfram verwendet wird. Es ist besonders geeignet, wenn Sie legierte St\u00e4hle oder Leichtmetalle verwenden m\u00f6chten.<\/p>\n<h3>Welche Vorteile hat das WIG-Schwei\u00dfen?<\/h3>\n<ol>\n<li>Alle Metalle, einschlie\u00dflich gasempfindlicher Metalle wie Titan, lassen sich problemlos schwei\u00dfen<\/li>\n<li>Auch f\u00fcr d\u00fcnne Bleche und Rohre geeignet<\/li>\n<li>Das Schwei\u00dfen l\u00e4sst sich auch in Zwangspositionen und beim Wurzelschwei\u00dfen gut handhaben<\/li>\n<li>Hohe Schwei\u00dfnahtqualit\u00e4t<\/li>\n<li>Gute M\u00f6glichkeiten der Mechanisierung beim Rohrschwei\u00dfen (Orbitalschwei\u00dfen)<\/li>\n<li>Gute Reproduzierbarkeit beim mechanischen Schwei\u00dfen (z. B. Rohreinschwei\u00dfungen im W\u00e4rmeaustauschern)<\/li>\n<\/ol>\n<h3>Welches Gas eignen sich f\u00fcr das WIG-Schwei\u00dfen?<\/h3>\n<p>Als Schutzgas beim WIG-Schwei\u00dfen wird ein inertes Gas wie\u00a0Argon\u00a0oder\u00a0Helium\u00a0verwendet, das entweder in reiner Form oder als Gas-Gemisch zum Einsatz kommt. Je nach Anforderung und Rahmenbedingungen ist es auch m\u00f6glich,\u00a0Sauerstoff\u00a0oder\u00a0Stickstoffmonooxid\u00a0beizumischen.<\/p>\n","protected":false},"excerpt":{"rendered":"<p>Anlagen f\u00fcr das mechanisierte, automatisierte WIG-Schweissen und besonders zum Orbitalschweissen Die Firma POLYSOUDE ist mit einer breiten Palette von intuitiven WIG Schweissger\u00e4ten f\u00fcr das mechanisierte und automatisierte WIG Schwei\u00dfen am internationalen Markt vertreten, wobei stets die neueste Technik zum Einsatz kommt. Im Bereich von Orbitalschwei\u00dfsystemen mit WIG Schwei\u00dftechnik geht es um das Herstellen von Rohr-Rohr-Verbindungen, [&hellip;]<\/p>\n","protected":false},"author":1,"featured_media":0,"parent":0,"menu_order":0,"comment_status":"closed","ping_status":"closed","template":"page-parent.php","meta":{"_acf_changed":false,"footnotes":""},"class_list":["post-406","page","type-page","status-publish","hentry"],"acf":[],"yoast_head":"<!-- This site is optimized with the Yoast SEO plugin v27.3 - https:\/\/yoast.com\/product\/yoast-seo-wordpress\/ -->\n<title>WIG Orbitalschwei\u00dfen - Orbitalschwei\u00dfsysteme - Orbitalschwei\u00dfk\u00f6pfe<\/title>\n<meta name=\"description\" content=\"Anlagen f\u00fcr das mechanisierte, automatisierte WIG-Schweissen und besonders zum Orbitalschweissen Die Firma POLYSOUDE ist mit einer breiten Palette von\" \/>\n<meta name=\"robots\" content=\"index, follow, max-snippet:-1, max-image-preview:large, max-video-preview:-1\" \/>\n<link rel=\"canonical\" href=\"https:\/\/www.polysoude.com\/de\/orbitalschweissen-und-automatisiertes-schweissen\/\" \/>\n<meta property=\"og:locale\" content=\"de_DE\" \/>\n<meta property=\"og:type\" content=\"article\" \/>\n<meta property=\"og:title\" content=\"WIG Orbitalschwei\u00dfen - Orbitalschwei\u00dfsysteme - Orbitalschwei\u00dfk\u00f6pfe\" \/>\n<meta property=\"og:description\" content=\"Anlagen f\u00fcr das mechanisierte, automatisierte WIG-Schweissen und besonders zum Orbitalschweissen Die Firma POLYSOUDE ist mit einer breiten Palette von\" \/>\n<meta property=\"og:url\" content=\"https:\/\/www.polysoude.com\/de\/orbitalschweissen-und-automatisiertes-schweissen\/\" \/>\n<meta property=\"og:site_name\" content=\"Polysoude\" \/>\n<meta property=\"article:publisher\" content=\"https:\/\/www.facebook.com\/Polysoude\/\" \/>\n<meta property=\"article:modified_time\" content=\"2022-04-05T15:29:09+00:00\" \/>\n<meta property=\"og:image\" content=\"https:\/\/www.polysoude.com\/wp-content\/uploads\/2016\/10\/bandeau-about.jpg\" \/>\n<meta name=\"twitter:card\" content=\"summary_large_image\" \/>\n<meta name=\"twitter:label1\" content=\"Gesch\u00e4tzte Lesezeit\" \/>\n\t<meta name=\"twitter:data1\" content=\"4 minutes\" \/>\n<script type=\"application\/ld+json\" class=\"yoast-schema-graph\">{\"@context\":\"https:\\\/\\\/schema.org\",\"@graph\":[{\"@type\":\"WebPage\",\"@id\":\"https:\\\/\\\/www.polysoude.com\\\/de\\\/orbitalschweissen-und-automatisiertes-schweissen\\\/\",\"url\":\"https:\\\/\\\/www.polysoude.com\\\/de\\\/orbitalschweissen-und-automatisiertes-schweissen\\\/\",\"name\":\"WIG Orbitalschwei\u00dfen - Orbitalschwei\u00dfsysteme - Orbitalschwei\u00dfk\u00f6pfe\",\"isPartOf\":{\"@id\":\"https:\\\/\\\/www.polysoude.com\\\/de\\\/#website\"},\"primaryImageOfPage\":{\"@id\":\"https:\\\/\\\/www.polysoude.com\\\/de\\\/orbitalschweissen-und-automatisiertes-schweissen\\\/#primaryimage\"},\"image\":{\"@id\":\"https:\\\/\\\/www.polysoude.com\\\/de\\\/orbitalschweissen-und-automatisiertes-schweissen\\\/#primaryimage\"},\"thumbnailUrl\":\"https:\\\/\\\/www.polysoude.com\\\/wp-content\\\/uploads\\\/2016\\\/10\\\/bandeau-about.jpg\",\"datePublished\":\"2022-04-03T08:01:29+00:00\",\"dateModified\":\"2022-04-05T15:29:09+00:00\",\"description\":\"Anlagen f\u00fcr das mechanisierte, automatisierte WIG-Schweissen und besonders zum Orbitalschweissen Die Firma POLYSOUDE ist mit einer breiten Palette von\",\"breadcrumb\":{\"@id\":\"https:\\\/\\\/www.polysoude.com\\\/de\\\/orbitalschweissen-und-automatisiertes-schweissen\\\/#breadcrumb\"},\"inLanguage\":\"de-DE\",\"potentialAction\":[{\"@type\":\"ReadAction\",\"target\":[\"https:\\\/\\\/www.polysoude.com\\\/de\\\/orbitalschweissen-und-automatisiertes-schweissen\\\/\"]}]},{\"@type\":\"ImageObject\",\"inLanguage\":\"de-DE\",\"@id\":\"https:\\\/\\\/www.polysoude.com\\\/de\\\/orbitalschweissen-und-automatisiertes-schweissen\\\/#primaryimage\",\"url\":\"https:\\\/\\\/www.polysoude.com\\\/wp-content\\\/uploads\\\/2016\\\/10\\\/bandeau-about.jpg\",\"contentUrl\":\"https:\\\/\\\/www.polysoude.com\\\/wp-content\\\/uploads\\\/2016\\\/10\\\/bandeau-about.jpg\"},{\"@type\":\"BreadcrumbList\",\"@id\":\"https:\\\/\\\/www.polysoude.com\\\/de\\\/orbitalschweissen-und-automatisiertes-schweissen\\\/#breadcrumb\",\"itemListElement\":[{\"@type\":\"ListItem\",\"position\":1,\"name\":\"Home\",\"item\":\"https:\\\/\\\/www.polysoude.com\\\/de\\\/homepage\\\/\"},{\"@type\":\"ListItem\",\"position\":2,\"name\":\"Orbitalschweissen und automatisiertes Schweissen\"}]},{\"@type\":\"WebSite\",\"@id\":\"https:\\\/\\\/www.polysoude.com\\\/de\\\/#website\",\"url\":\"https:\\\/\\\/www.polysoude.com\\\/de\\\/\",\"name\":\"Polysoude\",\"description\":\"The art of welding\",\"publisher\":{\"@id\":\"https:\\\/\\\/www.polysoude.com\\\/de\\\/#organization\"},\"alternateName\":\"Polysoude\",\"potentialAction\":[{\"@type\":\"SearchAction\",\"target\":{\"@type\":\"EntryPoint\",\"urlTemplate\":\"https:\\\/\\\/www.polysoude.com\\\/de\\\/?s={search_term_string}\"},\"query-input\":{\"@type\":\"PropertyValueSpecification\",\"valueRequired\":true,\"valueName\":\"search_term_string\"}}],\"inLanguage\":\"de-DE\"},{\"@type\":\"Organization\",\"@id\":\"https:\\\/\\\/www.polysoude.com\\\/de\\\/#organization\",\"name\":\"Polysoude\",\"alternateName\":\"Polysoude\",\"url\":\"https:\\\/\\\/www.polysoude.com\\\/de\\\/\",\"logo\":{\"@type\":\"ImageObject\",\"inLanguage\":\"de-DE\",\"@id\":\"https:\\\/\\\/www.polysoude.com\\\/de\\\/#\\\/schema\\\/logo\\\/image\\\/\",\"url\":\"https:\\\/\\\/www.polysoude.com\\\/wp-content\\\/uploads\\\/2022\\\/07\\\/Polysoude_Logo_signature_fond-transparent_600dpi_300mm_RVB-e1658123578778.png\",\"contentUrl\":\"https:\\\/\\\/www.polysoude.com\\\/wp-content\\\/uploads\\\/2022\\\/07\\\/Polysoude_Logo_signature_fond-transparent_600dpi_300mm_RVB-e1658123578778.png\",\"width\":465,\"height\":86,\"caption\":\"Polysoude\"},\"image\":{\"@id\":\"https:\\\/\\\/www.polysoude.com\\\/de\\\/#\\\/schema\\\/logo\\\/image\\\/\"},\"sameAs\":[\"https:\\\/\\\/www.facebook.com\\\/Polysoude\\\/\",\"https:\\\/\\\/www.linkedin.com\\\/company\\\/polysoude\\\/\",\"https:\\\/\\\/www.instagram.com\\\/polysoudeglobal\\\/\"]}]}<\/script>\n<!-- \/ Yoast SEO plugin. -->","yoast_head_json":{"title":"WIG Orbitalschwei\u00dfen - Orbitalschwei\u00dfsysteme - Orbitalschwei\u00dfk\u00f6pfe","description":"Anlagen f\u00fcr das mechanisierte, automatisierte WIG-Schweissen und besonders zum Orbitalschweissen Die Firma POLYSOUDE ist mit einer breiten Palette von","robots":{"index":"index","follow":"follow","max-snippet":"max-snippet:-1","max-image-preview":"max-image-preview:large","max-video-preview":"max-video-preview:-1"},"canonical":"https:\/\/www.polysoude.com\/de\/orbitalschweissen-und-automatisiertes-schweissen\/","og_locale":"de_DE","og_type":"article","og_title":"WIG Orbitalschwei\u00dfen - Orbitalschwei\u00dfsysteme - Orbitalschwei\u00dfk\u00f6pfe","og_description":"Anlagen f\u00fcr das mechanisierte, automatisierte WIG-Schweissen und besonders zum Orbitalschweissen Die Firma POLYSOUDE ist mit einer breiten Palette von","og_url":"https:\/\/www.polysoude.com\/de\/orbitalschweissen-und-automatisiertes-schweissen\/","og_site_name":"Polysoude","article_publisher":"https:\/\/www.facebook.com\/Polysoude\/","article_modified_time":"2022-04-05T15:29:09+00:00","og_image":[{"url":"https:\/\/www.polysoude.com\/wp-content\/uploads\/2016\/10\/bandeau-about.jpg","type":"","width":"","height":""}],"twitter_card":"summary_large_image","twitter_misc":{"Gesch\u00e4tzte Lesezeit":"4 minutes"},"schema":{"@context":"https:\/\/schema.org","@graph":[{"@type":"WebPage","@id":"https:\/\/www.polysoude.com\/de\/orbitalschweissen-und-automatisiertes-schweissen\/","url":"https:\/\/www.polysoude.com\/de\/orbitalschweissen-und-automatisiertes-schweissen\/","name":"WIG Orbitalschwei\u00dfen - Orbitalschwei\u00dfsysteme - Orbitalschwei\u00dfk\u00f6pfe","isPartOf":{"@id":"https:\/\/www.polysoude.com\/de\/#website"},"primaryImageOfPage":{"@id":"https:\/\/www.polysoude.com\/de\/orbitalschweissen-und-automatisiertes-schweissen\/#primaryimage"},"image":{"@id":"https:\/\/www.polysoude.com\/de\/orbitalschweissen-und-automatisiertes-schweissen\/#primaryimage"},"thumbnailUrl":"https:\/\/www.polysoude.com\/wp-content\/uploads\/2016\/10\/bandeau-about.jpg","datePublished":"2022-04-03T08:01:29+00:00","dateModified":"2022-04-05T15:29:09+00:00","description":"Anlagen f\u00fcr das mechanisierte, automatisierte WIG-Schweissen und besonders zum Orbitalschweissen Die Firma POLYSOUDE ist mit einer breiten Palette von","breadcrumb":{"@id":"https:\/\/www.polysoude.com\/de\/orbitalschweissen-und-automatisiertes-schweissen\/#breadcrumb"},"inLanguage":"de-DE","potentialAction":[{"@type":"ReadAction","target":["https:\/\/www.polysoude.com\/de\/orbitalschweissen-und-automatisiertes-schweissen\/"]}]},{"@type":"ImageObject","inLanguage":"de-DE","@id":"https:\/\/www.polysoude.com\/de\/orbitalschweissen-und-automatisiertes-schweissen\/#primaryimage","url":"https:\/\/www.polysoude.com\/wp-content\/uploads\/2016\/10\/bandeau-about.jpg","contentUrl":"https:\/\/www.polysoude.com\/wp-content\/uploads\/2016\/10\/bandeau-about.jpg"},{"@type":"BreadcrumbList","@id":"https:\/\/www.polysoude.com\/de\/orbitalschweissen-und-automatisiertes-schweissen\/#breadcrumb","itemListElement":[{"@type":"ListItem","position":1,"name":"Home","item":"https:\/\/www.polysoude.com\/de\/homepage\/"},{"@type":"ListItem","position":2,"name":"Orbitalschweissen und automatisiertes Schweissen"}]},{"@type":"WebSite","@id":"https:\/\/www.polysoude.com\/de\/#website","url":"https:\/\/www.polysoude.com\/de\/","name":"Polysoude","description":"The art of welding","publisher":{"@id":"https:\/\/www.polysoude.com\/de\/#organization"},"alternateName":"Polysoude","potentialAction":[{"@type":"SearchAction","target":{"@type":"EntryPoint","urlTemplate":"https:\/\/www.polysoude.com\/de\/?s={search_term_string}"},"query-input":{"@type":"PropertyValueSpecification","valueRequired":true,"valueName":"search_term_string"}}],"inLanguage":"de-DE"},{"@type":"Organization","@id":"https:\/\/www.polysoude.com\/de\/#organization","name":"Polysoude","alternateName":"Polysoude","url":"https:\/\/www.polysoude.com\/de\/","logo":{"@type":"ImageObject","inLanguage":"de-DE","@id":"https:\/\/www.polysoude.com\/de\/#\/schema\/logo\/image\/","url":"https:\/\/www.polysoude.com\/wp-content\/uploads\/2022\/07\/Polysoude_Logo_signature_fond-transparent_600dpi_300mm_RVB-e1658123578778.png","contentUrl":"https:\/\/www.polysoude.com\/wp-content\/uploads\/2022\/07\/Polysoude_Logo_signature_fond-transparent_600dpi_300mm_RVB-e1658123578778.png","width":465,"height":86,"caption":"Polysoude"},"image":{"@id":"https:\/\/www.polysoude.com\/de\/#\/schema\/logo\/image\/"},"sameAs":["https:\/\/www.facebook.com\/Polysoude\/","https:\/\/www.linkedin.com\/company\/polysoude\/","https:\/\/www.instagram.com\/polysoudeglobal\/"]}]}},"_links":{"self":[{"href":"https:\/\/www.polysoude.com\/de\/wp-json\/wp\/v2\/pages\/406","targetHints":{"allow":["GET"]}}],"collection":[{"href":"https:\/\/www.polysoude.com\/de\/wp-json\/wp\/v2\/pages"}],"about":[{"href":"https:\/\/www.polysoude.com\/de\/wp-json\/wp\/v2\/types\/page"}],"author":[{"embeddable":true,"href":"https:\/\/www.polysoude.com\/de\/wp-json\/wp\/v2\/users\/1"}],"replies":[{"embeddable":true,"href":"https:\/\/www.polysoude.com\/de\/wp-json\/wp\/v2\/comments?post=406"}],"version-history":[{"count":17,"href":"https:\/\/www.polysoude.com\/de\/wp-json\/wp\/v2\/pages\/406\/revisions"}],"predecessor-version":[{"id":39540,"href":"https:\/\/www.polysoude.com\/de\/wp-json\/wp\/v2\/pages\/406\/revisions\/39540"}],"wp:attachment":[{"href":"https:\/\/www.polysoude.com\/de\/wp-json\/wp\/v2\/media?parent=406"}],"curies":[{"name":"wp","href":"https:\/\/api.w.org\/{rel}","templated":true}]}}