{"id":42156,"date":"2022-10-27T14:14:59","date_gmt":"2022-10-27T12:14:59","guid":{"rendered":"https:\/\/www.polysoude.com\/?page_id=42156"},"modified":"2022-11-23T23:53:26","modified_gmt":"2022-11-23T22:53:26","slug":"orbitalschweissen","status":"publish","type":"page","link":"https:\/\/www.polysoude.com\/de\/orbitalschweissen\/","title":{"rendered":"Orbitalschwei\u00dfen"},"content":{"rendered":"\n\n\t<p>Wenn es beim F\u00fcgen von Rohren auf h\u00f6chste Qualit\u00e4t ankommt, bietet <strong>Orbitalschwei\u00dfen\u00a0<\/strong>alle Voraussetzungen, um diese Forderungen zu erf\u00fcllen. Der Schwei\u00dfbrenner &#8211; in den meisten F\u00e4llen wird das WIG-<a href=\"https:\/\/www.polysoude.com\/de\/wig-schweissausruestung\/\">Schwei\u00dfverfahren<\/a> verwendet (Wolfram-Inertgas) &#8211; wird durch ein mechanisches System um die R\u00f6hren herumgef\u00fchrt, die verbunden werden sollen.<\/p>\n<p>Da die Lichtbogenschwei\u00dfelektrode um das Arbeitsst\u00fcck rotiert oder es umkreist, verbindet sie die Metalle durch <strong>Orbitalschwei\u00dfen<\/strong>\u00a0miteinander. Diese Technik liefert Schwei\u00dfungen mit hoher Wiederholbarkeit und sehr hohen Standards, auch mit un\u00fcblichen Materialien, wie Edelstahl, Titan, Aluminium&#8230; oder dicken Rohren und Rohrw\u00e4nden, von Halbleitern oder der Pharmaindustrie bis zu \u00d6l-, Gas- und Nuklearindustrie.<\/p>\n\t\t\t<a href=\"https:\/\/www.polysoude.com\/de\/sie-haben-eine-frage\/\" target=\"_self\" role=\"button\" rel=\"noopener\">\n\t\t\t\t\t\t\tKontaktieren Sie uns f\u00fcr weitere Informationen\n\t\t\t\t\t<\/a>\n<h2>\n\t\tWas ist Orbitalschwei\u00dfen?\n\t<\/h2>\n\t<p><strong>Orbitalschwei\u00dfen<\/strong>\u00a0ist zu einer gut etablierten Methode f\u00fcr das Zusammenf\u00fcgen von Rohren geworden. Der Schwei\u00dfbrenner wird durch ein mechanisches System rund um die Rohre gef\u00fchrt, die verbunden werden sollen. Der Name Orbitalschwei\u00dfen weist auf die kreisf\u00f6rmige Bahn hin, auf der sich das Schwei\u00dfwerkzeug bewegt. Generell kann man beim <strong>Orbitalschwei\u00dfen<\/strong>\u00a0zwei gro\u00dfe Einsatzgebiete unterscheiden:<\/p>\n<ul>\n<li>Das F\u00fcgen Rohr an Rohr;<\/li>\n<\/ul>\n<p>Diese Anwendung kann alle Rohranforderungen erf\u00fcllen, einschlie\u00dflich Sto\u00dfschwei\u00dfen und <a href=\"https:\/\/www.polysoude.com\/de\/\">Schwei\u00dfen<\/a> von Flanken, B\u00f6gen, T-St\u00fccken und Ventilen.<\/p>\n\t\t\t<a href=\"https:\/\/www.polysoude.com\/de\/orbitalschweissen-und-automatisiertes-schweissen\/orbitalschweissen-rohr-rohrverbindungen-2\/\" target=\"_self\" role=\"button\" rel=\"noopener\">\n\t\t\t\t\t\t\tMehr erfahren\n\t\t\t\t\t<\/a>\n\t<ul>\n<li>Einschwei\u00dfen von Rohren in Rohrb\u00f6den.<\/li>\n<\/ul>\n<p>Die Schwei\u00dfaufgaben des dieses Einsatzgebietes stammen aus dem Kesselbau und der Herstellung von W\u00e4rmetauschern: hier m\u00fcssen die Rohre oder Rohrb\u00fcndel in entsprechend vorbereitete B\u00f6den eingeschwei\u00dft werden.<\/p>\n\t\t\t<a href=\"https:\/\/www.polysoude.com\/de\/orbitalschweissen-und-automatisiertes-schweissen\/orbitalschweissen-rohr-rohrboden-verbindungen\/\" target=\"_self\" role=\"button\" rel=\"noopener\">\n\t\t\t\t\t\t\tMehr erfahren\n\t\t\t\t\t<\/a>\n\t<p>&nbsp;<\/p>\n<p>&nbsp;<\/p>\n<p>&nbsp;<\/p>\n<p>&nbsp;<\/p>\n\t\t\t\t<img loading=\"lazy\" decoding=\"async\" src=\"https:\/\/www.polysoude.com\/wp-content\/uploads\/2022\/09\/MU-IV-TIG-orbital-welding-head-150x150.png\" alt=\"Rohr-zu-Bogen offener Orbitalschwei\u00dfkopf MU IV auf Edelstahlrohr\" itemprop=\"image\" height=\"150\" width=\"150\" title=\"MU-IV-TIG-orbitaler-Schwei\u00dfkopf\" onerror=\"this.style.display='none'\"  \/>\n\t<p>&nbsp;<\/p>\n<p>&nbsp;<\/p>\n\t\t\t\t<img loading=\"lazy\" decoding=\"async\" src=\"https:\/\/www.polysoude.com\/wp-content\/uploads\/2022\/09\/Tubesheet-orbital-welding-head-Polysoude-150x150.png\" alt=\"3 h\u00e4ngende Orbitalschwei\u00dfk\u00f6pfe zum Schwei\u00dfen von Rohren an einem W\u00e4rmetauscher\" itemprop=\"image\" height=\"150\" width=\"150\" title=\"Rohrboden-Orbital-Schwei\u00dfkopf-Polysoude\" onerror=\"this.style.display='none'\"  \/>\n\t<p><strong>Orbitalschwei\u00dfen<\/strong>\u00a0verwendet gew\u00f6hnlich das Verfahren f\u00fcr <strong>WIG-Schwei\u00dfen\u00a0(Wolfram-Inertgas)<\/strong>. \u00a0Ein elektrischer Lichtbogen wird zwischen einer nichtabschmelzenden Wolframelektrode und dem Werkst\u00fcck aufrecht erhalten. W\u00e4hrend die Elektrode der vom Lichtbogen freigesetzten W\u00e4rme widersteht, wird das Werkst\u00fcck teilweise aufgeschmolzen und bildet das Schmelzbad. Das geschmolzene Metall des Werkst\u00fccks und die Elektrode m\u00fcssen vor dem in der Luft enthaltenen Sauerstoff gesch\u00fctzt werden, dazu wird ein Inertgas wie Argon als Schutzgas verwendet. Wenn F\u00fcllmetall erforderlich ist, wird dieses in das Schmelzbad eingebracht, wo es aufgrund der vom elektrischen Lichtbogen ausgehenden Energie schmilzt.<\/p>\n\t\t\t\t<img loading=\"lazy\" decoding=\"async\" src=\"https:\/\/www.polysoude.com\/wp-content\/uploads\/2022\/09\/POLYCAR-TORCH-NG-narrow-groove-welding.png\" alt=\"Orbitalschwei\u00dfkopf Polycar mit engem Spalt auf Kohlenstoffstahlrohr Polysoude\" itemprop=\"image\" height=\"718\" width=\"957\" title=\"POLYCAR-TORCH-NG-Nahtschwei\u00dfung\" onerror=\"this.style.display='none'\"  \/>\n\t<p><strong><a href=\"https:\/\/www.polysoude.com\/de\/warum-ist-es-wichtig-eine-ausbildung-im-orbitalschweissen-zu-absolvieren\/\">Orbitales WIG-Schwei\u00dfen<\/a><\/strong>\u00a0ist von Vorteil, da fast alle Metalle verbunden werden k\u00f6nnen. <strong>WIG-Schwei\u00dfen<\/strong>\u00a0kann mit oder ohne Zusatzdraht durchgef\u00fchrt werden. Wenn Zusatzdraht verwendet wird, k\u00f6nnen dar\u00fcber hinaus auch Werkst\u00fccke, die aus un\u00e4hnlichen Legierungen oder Chargen bestehen, erfolgreich verbunden werden. Durch den Prozess entstehen weder Schwei\u00dfrauch noch Schlacke. \u00a0Das <strong>orbitale WIG-Schwei\u00dfverfahren<\/strong>\u00a0ist sehr stabil und zuverl\u00e4ssig; das Auftreten von Schwei\u00dfdefekten kann auf weniger als 1% reduziert werden und alle Schwei\u00dfpositionen sind m\u00f6glich. Die entscheidenden Schwei\u00dfparameter sind in weiten Grenzen unabh\u00e4ngig voneinander variierbar. \u00a0Schlie\u00dflich h\u00e4ngen Lichtbogenl\u00e4nge und Lichtbogenspannung direkt voneinander ab und lassen sich unabh\u00e4ngig vom Schwei\u00dfstrom automatisch regeln.<\/p>\n<h2>\n\t\tVorteile von Orbitalschwei\u00dfen\n\t<\/h2>\n<h3>\n\t\tGesteigerte Produktivit\u00e4t\n\t<\/h3>\n\t<p>Im Vergleich zu manuellem Schwei\u00dfen garantieren <strong><a href=\"https:\/\/www.polysoude.com\/de\/orbitalschweissgeraete\/\">Orbitalschwei\u00dfger\u00e4te<\/a><\/strong>, dass programmierte Arbeitsabl\u00e4ufe zuverl\u00e4ssig wiederholt werden und zeitaufwendige Reparaturarbeiten damit auf ein Minimum reduziert werden.<\/p>\n<h3>\n\t\tGleichm\u00e4\u00dfig hoher Qualit\u00e4tsstandard der Schwei\u00dfungen \n\t<\/h3>\n\t<p>Generell ist das mechanisierte Schwei\u00dfen dem manuellen Prozess qualitativ \u00fcberlegen. Sobald ein entsprechendes Schwei\u00dfprogramm entwickelt wurde, kann der Schwei\u00dfzyklus ohne Abweichungen und ohne Schwei\u00dfdefekte wiederholt werden.<\/p>\n<h3>\n\t\tQualifizierung des Bedienungspersonals \n\t<\/h3>\n\t<p>Die Technik macht zertifizierte Schwei\u00dfer \u00fcberfl\u00fcssig. \u00a0Nach Schulung kann ein <strong>Orbitalschwei\u00dfger\u00e4t<\/strong>\u00a0von ausgebildeten Mechanikern betrieben werden, um hervorragende Ergebnisse zu erreichen und ein professioneller <strong>Orbitalschwei\u00dfer<\/strong>\u00a0zu werden.<\/p>\n<h3>\n\t\tUmwelt \n\t<\/h3>\n\t<p><strong>Orbitalschwei\u00dfen<\/strong>\u00a0kann auch unter rauen oder abweisenden Umweltbedingungen durchgef\u00fchrt werden; sobald der <strong>Orbitalschwei\u00dfkopf\u00a0positioniert<\/strong> ist, kann die Schwei\u00dfung problemlos aus sicherer Entfernung durchgef\u00fchrt werden.<\/p>\n<h3>\n\t\tVerfolgbarkeit \/ Qualit\u00e4tskontrolle \n\t<\/h3>\n\t<p>Moderne <strong>Orbitalschwei\u00dfmaschinen<\/strong>\u00a0verf\u00fcgen \u00fcber eine Echtzeit\u00fcberwachung der prozessrelevanten Schwei\u00dfparameter; jede Schwei\u00dfung wird vollst\u00e4ndig protokolliert, als Datensatz gespeichert und wahlweise gedruckt. Anspruchsvolle Datenerfassungssysteme arbeiten im Hintergrund, wenn sie direkt mit einem \u00fcbergeordneten Qualit\u00e4tsmangementsystem verbunden sind; automatische Daten\u00fcbertragung erfolgt ohne Unterbrechung des Schwei\u00dfverfahrens.<\/p>\n<p>Alles Wissenswerte finden Sie hier: <a href=\"https:\/\/www.polysoude.com\/de\/anfrage-dokumentation\/\">kostenloser Download unseres gratis Handbuchs \u00fcber Orbitalschwei\u00dfen, das in unserem Download-Abschnitt\u00a0verf\u00fcgbar ist<\/a>.<\/p>\n<h2>\n\t\tBesonderheiten des Orbitalschwei\u00dfens\n\t<\/h2>\n\t<p>Beim WIG-Schwei\u00dfen wird durch eine nichtabschmelzende Wolframelektrode ein Lichtbogen zwischen der Elektrode und dem Werkst\u00fcck erzeugt. \u00a0Durch die Hitze des Lichtbogens verschmelzen die Metalle miteinander.<\/p>\n<h3>\n\t\tSchwei\u00dfstrom\n\t<\/h3>\n\t<p>Es k\u00f6nnen zwei Arten von Strom angewandt werden:<\/p>\n<ul>\n<li>Gleichstrom (DC) &#8211; wird am h\u00e4ufigsten zum Schwei\u00dfen aller Arten von Material verwendet<\/li>\n<li>Wechselstrom (AC) &#8211; wird f\u00fcr das Schwei\u00dfen von Aluminium und Aluminiumlegierungen bevorzugt. \u00a0Die Elektrode ist periodisch positiv oder negativ geladen. W\u00e4hrend der Periode positiver Polarit\u00e4t wird die auf der Oberfl\u00e4che des Werkst\u00fccks haftende Oxidschicht aufgebrochen. W\u00e4hrend der Periode negativer Polarit\u00e4t wird Hitze zum Schmelzen des Aluminiums angewandt.<\/li>\n<\/ul>\n<h3>\n\t\tWolframelektroden\n\t<\/h3>\n\t<p>Wolfram widersteht der Hitze des Lichtbogens und beh\u00e4lt seine H\u00e4rte, auch wenn es rotgl\u00fchend wird.<\/p>\n<h3>\n\t\tElektrodenanschliff \n\t<\/h3>\n\t<p>Ein Elektrodenanschliff wird verwendet, um eine bessere Z\u00fcndung und verbesserte Lichtbogenstabilit\u00e4t zu gew\u00e4hrleisten.<\/p>\n<h3>\n\t\tZusatzdraht\n\t<\/h3>\n\t<p>Dieser kann in das Schmelzbad eingebracht werden, um die Schwei\u00dfnaht zu verst\u00e4rken.<\/p>\n<h3>\n\t\tSchwei\u00dfschutzgase\n\t<\/h3>\n\t<p>Argon ist das am h\u00e4ufigsten in der WIG- Schwei\u00dftechnik eingesetzte Schutzgas. Es bietet eine hervorragende Lichtbogenz\u00fcndung, Lichtbogenstabilit\u00e4t und ist mit allen Arten von Basismaterial kompatibel.<\/p>\n<h3>\n\t\tFormiergas \n\t<\/h3>\n\t<p>Die meisten Anwendungen f\u00fcr orbitales WIG-Schwei\u00dfen\u00a0erfordern eine herausragende Qualit\u00e4t an der Innenseite der Nahtwurzel, die in direkten Kontakt mit dem transportierten Medium kommt. Um die Gefahr einer Oxidation zu vermeiden, wird das hei\u00dfe Metall im Rohr durch Formiergas vor der Atmosph\u00e4re gesch\u00fctzt.<\/p>\n<h3>\n\t\tSchwei\u00dfpositionen \n\t<\/h3>\n\t<p>Beim <strong>Orbitalschwei\u00dfen<\/strong> werden Aufgaben mit R\u00f6hren in einer Vielzahl von Positionen durchgef\u00fchrt. \u00a0Die sich kontinuierlich \u00e4ndernden Situationen: \u00c4nderungen der Schwei\u00dfposition, wechselnde Einfl\u00fcsse von Schwerkraft und dem W\u00e4rmestatus des Werkst\u00fccks m\u00fcssen durch Kontrollieren des Schwei\u00dfbades w\u00e4hrend des gesamten Schwei\u00dfzyklus erfasst werden.<\/p>\n<h3>\n\t\tGepulster Schwei\u00dfstrom\n\t<\/h3>\n\t<p>Die effektivste Art, die Kontrolle \u00fcber das Schwei\u00dfbad zu behalten, ist die Verwendung von gepulstem Schwei\u00dfstrom. \u00a0Dieser wechselt zwischen hoher Intensit\u00e4t, wenn das Schwei\u00dfbad maximal erhitzt ist und geringer Intensit\u00e4t, wenn das Schwei\u00dfbad sich abk\u00fchlt, das Volumen abnimmt und die Auswirkungen der Schwerkraft gemindert werden.<\/p>\n<h3>\n\t\tBereiche\n\t<\/h3>\n\t<p>Der Zyklus f\u00fcr <strong>Orbitalschwei\u00dfen<\/strong>\u00a0wird in Bereiche eingeteilt. \u00a0In jedem Bereich k\u00f6nnen die Parameter f\u00fcr die Schwei\u00dfanwendungen kontrolliert und angepasst werden.<\/p>\n<h3>\n\t\tOrbitales WIG-Schwei\u00dfen &#8211; wenn es prim\u00e4r um Qualit\u00e4t geht\n\t<\/h3>\n\t<p>Wenn hochwertige Schwei\u00dfungen gefordert sind, ist das WIG-Orbitalschwei\u00dfen die ideale Technik f\u00fcr Anwendungen zum Rohr-Rohr- oder Rohr-Rohrboden-Schwei\u00dfen. Mit oder ohne Zusatzdraht ist dies ein stabiles, zuverl\u00e4ssiges Verfahren, das bei einer breiten Palette an Werkstoffen verwendet werden kann.<\/p>\n<h3>\n\t\tTechnologieverwendung f\u00fcr Orbitales WIG-Schwei\u00dfen\n\t<\/h3>\n\t<p>Die Effizienz dieser Technologie basiert auf einer pr\u00e4zisen Programmierm\u00f6glichkeit. Mit der neuesten Generation der Stromquellen von Polysoude, den Smart Welding Stationen, gew\u00e4hrleistet die Entwicklung eines Schwei\u00dfprogramms, das leicht \u00fcber die grafische Bedienerschnittstelle zu erstellen ist, eine hochwertige Schwei\u00dfung durch Automatisierung. Der Schwei\u00dfzyklus kann vom <strong>Orbitalschwei\u00dfer<\/strong>\u00a0so oft wie n\u00f6tig mit demselben Ergebnis wiederholt werden.<\/p>\n<h3>\n\t\tAusr\u00fcstung\n\t<\/h3>\n\t<p>Polysoude bietet eine breite Standardpalette an hochwertigen <strong>Orbitalschwei\u00dfmaschinen<\/strong>\u00a0f\u00fcr orbitales WIG\/GTAW-Schwei\u00dfen sowie automatisierte L\u00f6sungen unter Einbeziehung der neuesten Techniken.\u00a0\u00a0Ein <strong>Orbitalschwei\u00dfger\u00e4t<\/strong>\u00a0besteht aus folgenden Komponenten: einer programmierbaren Schwei\u00dfstromquelle\u00a0und einem Gegenst\u00fcck mit Fernbedienung, das entweder getrennt oder in den Schwei\u00dfkopf\u00a0integriert ist, dem Schwei\u00dfkopf und einer Drahtvorschubbeinrichtung, falls die Anwendung dies erfordert.<\/p>\n\t\t\t<a href=\"https:\/\/www.polysoude.com\/de\/orbitalschweissen-und-automatisiertes-schweissen\/\" target=\"_self\" role=\"button\" rel=\"noopener\">\n\t\t\t\t\t\t\tErfahren Sie mehr \u00fcber Stromquellen\n\t\t\t\t\t<\/a>\n<h2>\n\t\tWer wir sind\n\t<\/h2>\n\tPolysoude ist auf den Entwurf, die Entwicklung und Herstellung innovativer Lichtbogen-Schwei\u00dfl\u00f6sungen spezialisiert. Die Marke steht f\u00fcr weltweit f\u00fchrendes Expertenwissen in 3 Kernbereichen: automatische Systeme f\u00fcr orbitales WIG-Schwei\u00dfen, automatische WIG- und Plasmaschwei\u00dfl\u00f6sungen und WIGer\u2122-<a href=\"https:\/\/www.polysoude.com\/de\/auftragsschweissen\/\">Auftragsschwei\u00dfen<\/a>.<br \/>\nDas seit 1961 in Nantes ans\u00e4ssige Unternehmen stellt eine Vielzahl von Stromquellen und Orbitalschwei\u00dfger\u00e4te sowie eine breite Palette offener und geschlossener <strong>Orbitalschwei\u00dfk\u00f6pfe<\/strong>\u00a0her.<br \/>\nAls intelligentes, werkorientiertes Unternehmen stellt Polysoude heute alle Produkte startklar f\u00fcr Industrie 4.0 her.\n<h3>\n\t\tSchreiben Sie uns an\n\t<\/h3>\n\t<p>Treten Sie unserer Community auf LinkedIn bei: @Polsyoude<\/p>\n<p>Folgen Sie uns in unseren sozialen Netzwerken:<\/p>\n<p>Facebook @polysoude<\/p>\n<p>Instagram @polysoudeglobal<\/p>\n\n","protected":false},"excerpt":{"rendered":"<p>Wenn es beim F\u00fcgen von Rohren auf h\u00f6chste Qualit\u00e4t ankommt, bietet Orbitalschwei\u00dfen\u00a0alle Voraussetzungen, um diese Forderungen zu erf\u00fcllen. Der Schwei\u00dfbrenner &#8211; in den meisten F\u00e4llen wird das WIG-Schwei\u00dfverfahren verwendet (Wolfram-Inertgas) &#8211; wird durch ein mechanisches System um die R\u00f6hren herumgef\u00fchrt, die verbunden werden sollen. Da die Lichtbogenschwei\u00dfelektrode um das Arbeitsst\u00fcck rotiert oder es umkreist, verbindet [&hellip;]<\/p>\n","protected":false},"author":16,"featured_media":0,"parent":0,"menu_order":0,"comment_status":"closed","ping_status":"closed","template":"","meta":{"_acf_changed":false,"footnotes":""},"class_list":["post-42156","page","type-page","status-publish","hentry"],"acf":[],"yoast_head":"<!-- This site is optimized with the Yoast SEO plugin v27.3 - https:\/\/yoast.com\/product\/yoast-seo-wordpress\/ -->\n<title>Orbitalschwei\u00dfen | Polysoude<\/title>\n<meta name=\"description\" content=\"Wenn es beim F\u00fcgen von Rohren auf h\u00f6chste Qualit\u00e4t ankommt, bietet Orbitalschwei\u00dfen\u00a0alle Voraussetzungen, um diese Forderungen zu erf\u00fcllen. Der\" \/>\n<meta name=\"robots\" content=\"index, follow, max-snippet:-1, max-image-preview:large, max-video-preview:-1\" \/>\n<link rel=\"canonical\" href=\"https:\/\/www.polysoude.com\/de\/orbitalschweissen\/\" \/>\n<meta property=\"og:locale\" content=\"de_DE\" \/>\n<meta property=\"og:type\" content=\"article\" \/>\n<meta property=\"og:title\" content=\"Orbitalschwei\u00dfen | Polysoude\" \/>\n<meta property=\"og:description\" content=\"Wenn es beim F\u00fcgen von Rohren auf h\u00f6chste Qualit\u00e4t ankommt, bietet Orbitalschwei\u00dfen\u00a0alle Voraussetzungen, um diese Forderungen zu erf\u00fcllen. Der\" \/>\n<meta property=\"og:url\" content=\"https:\/\/www.polysoude.com\/de\/orbitalschweissen\/\" \/>\n<meta property=\"og:site_name\" content=\"Polysoude\" \/>\n<meta property=\"article:publisher\" content=\"https:\/\/www.facebook.com\/Polysoude\/\" \/>\n<meta property=\"article:modified_time\" content=\"2022-11-23T22:53:26+00:00\" \/>\n<meta property=\"og:image\" content=\"https:\/\/www.polysoude.com\/wp-content\/uploads\/2022\/09\/MU-IV-TIG-orbital-welding-head-150x150.png\" \/>\n<meta name=\"twitter:card\" content=\"summary_large_image\" \/>\n<meta name=\"twitter:label1\" content=\"Gesch\u00e4tzte Lesezeit\" \/>\n\t<meta name=\"twitter:data1\" content=\"7 minutes\" \/>\n<script type=\"application\/ld+json\" class=\"yoast-schema-graph\">{\"@context\":\"https:\\\/\\\/schema.org\",\"@graph\":[{\"@type\":\"WebPage\",\"@id\":\"https:\\\/\\\/www.polysoude.com\\\/de\\\/orbitalschweissen\\\/\",\"url\":\"https:\\\/\\\/www.polysoude.com\\\/de\\\/orbitalschweissen\\\/\",\"name\":\"Orbitalschwei\u00dfen | Polysoude\",\"isPartOf\":{\"@id\":\"https:\\\/\\\/www.polysoude.com\\\/de\\\/#website\"},\"primaryImageOfPage\":{\"@id\":\"https:\\\/\\\/www.polysoude.com\\\/de\\\/orbitalschweissen\\\/#primaryimage\"},\"image\":{\"@id\":\"https:\\\/\\\/www.polysoude.com\\\/de\\\/orbitalschweissen\\\/#primaryimage\"},\"thumbnailUrl\":\"https:\\\/\\\/www.polysoude.com\\\/wp-content\\\/uploads\\\/2022\\\/09\\\/MU-IV-TIG-orbital-welding-head-150x150.png\",\"datePublished\":\"2022-10-27T12:14:59+00:00\",\"dateModified\":\"2022-11-23T22:53:26+00:00\",\"description\":\"Wenn es beim F\u00fcgen von Rohren auf h\u00f6chste Qualit\u00e4t ankommt, bietet Orbitalschwei\u00dfen\u00a0alle Voraussetzungen, um diese Forderungen zu erf\u00fcllen. Der\",\"breadcrumb\":{\"@id\":\"https:\\\/\\\/www.polysoude.com\\\/de\\\/orbitalschweissen\\\/#breadcrumb\"},\"inLanguage\":\"de-DE\",\"potentialAction\":[{\"@type\":\"ReadAction\",\"target\":[\"https:\\\/\\\/www.polysoude.com\\\/de\\\/orbitalschweissen\\\/\"]}]},{\"@type\":\"ImageObject\",\"inLanguage\":\"de-DE\",\"@id\":\"https:\\\/\\\/www.polysoude.com\\\/de\\\/orbitalschweissen\\\/#primaryimage\",\"url\":\"https:\\\/\\\/www.polysoude.com\\\/wp-content\\\/uploads\\\/2022\\\/09\\\/MU-IV-TIG-orbital-welding-head-150x150.png\",\"contentUrl\":\"https:\\\/\\\/www.polysoude.com\\\/wp-content\\\/uploads\\\/2022\\\/09\\\/MU-IV-TIG-orbital-welding-head-150x150.png\"},{\"@type\":\"BreadcrumbList\",\"@id\":\"https:\\\/\\\/www.polysoude.com\\\/de\\\/orbitalschweissen\\\/#breadcrumb\",\"itemListElement\":[{\"@type\":\"ListItem\",\"position\":1,\"name\":\"Home\",\"item\":\"https:\\\/\\\/www.polysoude.com\\\/de\\\/homepage\\\/\"},{\"@type\":\"ListItem\",\"position\":2,\"name\":\"Orbitalschwei\u00dfen\"}]},{\"@type\":\"WebSite\",\"@id\":\"https:\\\/\\\/www.polysoude.com\\\/de\\\/#website\",\"url\":\"https:\\\/\\\/www.polysoude.com\\\/de\\\/\",\"name\":\"Polysoude\",\"description\":\"The art of welding\",\"publisher\":{\"@id\":\"https:\\\/\\\/www.polysoude.com\\\/de\\\/#organization\"},\"alternateName\":\"Polysoude\",\"potentialAction\":[{\"@type\":\"SearchAction\",\"target\":{\"@type\":\"EntryPoint\",\"urlTemplate\":\"https:\\\/\\\/www.polysoude.com\\\/de\\\/?s={search_term_string}\"},\"query-input\":{\"@type\":\"PropertyValueSpecification\",\"valueRequired\":true,\"valueName\":\"search_term_string\"}}],\"inLanguage\":\"de-DE\"},{\"@type\":\"Organization\",\"@id\":\"https:\\\/\\\/www.polysoude.com\\\/de\\\/#organization\",\"name\":\"Polysoude\",\"alternateName\":\"Polysoude\",\"url\":\"https:\\\/\\\/www.polysoude.com\\\/de\\\/\",\"logo\":{\"@type\":\"ImageObject\",\"inLanguage\":\"de-DE\",\"@id\":\"https:\\\/\\\/www.polysoude.com\\\/de\\\/#\\\/schema\\\/logo\\\/image\\\/\",\"url\":\"https:\\\/\\\/www.polysoude.com\\\/wp-content\\\/uploads\\\/2022\\\/07\\\/Polysoude_Logo_signature_fond-transparent_600dpi_300mm_RVB-e1658123578778.png\",\"contentUrl\":\"https:\\\/\\\/www.polysoude.com\\\/wp-content\\\/uploads\\\/2022\\\/07\\\/Polysoude_Logo_signature_fond-transparent_600dpi_300mm_RVB-e1658123578778.png\",\"width\":465,\"height\":86,\"caption\":\"Polysoude\"},\"image\":{\"@id\":\"https:\\\/\\\/www.polysoude.com\\\/de\\\/#\\\/schema\\\/logo\\\/image\\\/\"},\"sameAs\":[\"https:\\\/\\\/www.facebook.com\\\/Polysoude\\\/\",\"https:\\\/\\\/www.linkedin.com\\\/company\\\/polysoude\\\/\",\"https:\\\/\\\/www.instagram.com\\\/polysoudeglobal\\\/\"]}]}<\/script>\n<!-- \/ Yoast SEO plugin. -->","yoast_head_json":{"title":"Orbitalschwei\u00dfen | Polysoude","description":"Wenn es beim F\u00fcgen von Rohren auf h\u00f6chste Qualit\u00e4t ankommt, bietet Orbitalschwei\u00dfen\u00a0alle Voraussetzungen, um diese Forderungen zu erf\u00fcllen. Der","robots":{"index":"index","follow":"follow","max-snippet":"max-snippet:-1","max-image-preview":"max-image-preview:large","max-video-preview":"max-video-preview:-1"},"canonical":"https:\/\/www.polysoude.com\/de\/orbitalschweissen\/","og_locale":"de_DE","og_type":"article","og_title":"Orbitalschwei\u00dfen | Polysoude","og_description":"Wenn es beim F\u00fcgen von Rohren auf h\u00f6chste Qualit\u00e4t ankommt, bietet Orbitalschwei\u00dfen\u00a0alle Voraussetzungen, um diese Forderungen zu erf\u00fcllen. Der","og_url":"https:\/\/www.polysoude.com\/de\/orbitalschweissen\/","og_site_name":"Polysoude","article_publisher":"https:\/\/www.facebook.com\/Polysoude\/","article_modified_time":"2022-11-23T22:53:26+00:00","og_image":[{"url":"https:\/\/www.polysoude.com\/wp-content\/uploads\/2022\/09\/MU-IV-TIG-orbital-welding-head-150x150.png","type":"","width":"","height":""}],"twitter_card":"summary_large_image","twitter_misc":{"Gesch\u00e4tzte Lesezeit":"7 minutes"},"schema":{"@context":"https:\/\/schema.org","@graph":[{"@type":"WebPage","@id":"https:\/\/www.polysoude.com\/de\/orbitalschweissen\/","url":"https:\/\/www.polysoude.com\/de\/orbitalschweissen\/","name":"Orbitalschwei\u00dfen | Polysoude","isPartOf":{"@id":"https:\/\/www.polysoude.com\/de\/#website"},"primaryImageOfPage":{"@id":"https:\/\/www.polysoude.com\/de\/orbitalschweissen\/#primaryimage"},"image":{"@id":"https:\/\/www.polysoude.com\/de\/orbitalschweissen\/#primaryimage"},"thumbnailUrl":"https:\/\/www.polysoude.com\/wp-content\/uploads\/2022\/09\/MU-IV-TIG-orbital-welding-head-150x150.png","datePublished":"2022-10-27T12:14:59+00:00","dateModified":"2022-11-23T22:53:26+00:00","description":"Wenn es beim F\u00fcgen von Rohren auf h\u00f6chste Qualit\u00e4t ankommt, bietet Orbitalschwei\u00dfen\u00a0alle Voraussetzungen, um diese Forderungen zu erf\u00fcllen. Der","breadcrumb":{"@id":"https:\/\/www.polysoude.com\/de\/orbitalschweissen\/#breadcrumb"},"inLanguage":"de-DE","potentialAction":[{"@type":"ReadAction","target":["https:\/\/www.polysoude.com\/de\/orbitalschweissen\/"]}]},{"@type":"ImageObject","inLanguage":"de-DE","@id":"https:\/\/www.polysoude.com\/de\/orbitalschweissen\/#primaryimage","url":"https:\/\/www.polysoude.com\/wp-content\/uploads\/2022\/09\/MU-IV-TIG-orbital-welding-head-150x150.png","contentUrl":"https:\/\/www.polysoude.com\/wp-content\/uploads\/2022\/09\/MU-IV-TIG-orbital-welding-head-150x150.png"},{"@type":"BreadcrumbList","@id":"https:\/\/www.polysoude.com\/de\/orbitalschweissen\/#breadcrumb","itemListElement":[{"@type":"ListItem","position":1,"name":"Home","item":"https:\/\/www.polysoude.com\/de\/homepage\/"},{"@type":"ListItem","position":2,"name":"Orbitalschwei\u00dfen"}]},{"@type":"WebSite","@id":"https:\/\/www.polysoude.com\/de\/#website","url":"https:\/\/www.polysoude.com\/de\/","name":"Polysoude","description":"The art of welding","publisher":{"@id":"https:\/\/www.polysoude.com\/de\/#organization"},"alternateName":"Polysoude","potentialAction":[{"@type":"SearchAction","target":{"@type":"EntryPoint","urlTemplate":"https:\/\/www.polysoude.com\/de\/?s={search_term_string}"},"query-input":{"@type":"PropertyValueSpecification","valueRequired":true,"valueName":"search_term_string"}}],"inLanguage":"de-DE"},{"@type":"Organization","@id":"https:\/\/www.polysoude.com\/de\/#organization","name":"Polysoude","alternateName":"Polysoude","url":"https:\/\/www.polysoude.com\/de\/","logo":{"@type":"ImageObject","inLanguage":"de-DE","@id":"https:\/\/www.polysoude.com\/de\/#\/schema\/logo\/image\/","url":"https:\/\/www.polysoude.com\/wp-content\/uploads\/2022\/07\/Polysoude_Logo_signature_fond-transparent_600dpi_300mm_RVB-e1658123578778.png","contentUrl":"https:\/\/www.polysoude.com\/wp-content\/uploads\/2022\/07\/Polysoude_Logo_signature_fond-transparent_600dpi_300mm_RVB-e1658123578778.png","width":465,"height":86,"caption":"Polysoude"},"image":{"@id":"https:\/\/www.polysoude.com\/de\/#\/schema\/logo\/image\/"},"sameAs":["https:\/\/www.facebook.com\/Polysoude\/","https:\/\/www.linkedin.com\/company\/polysoude\/","https:\/\/www.instagram.com\/polysoudeglobal\/"]}]}},"_links":{"self":[{"href":"https:\/\/www.polysoude.com\/de\/wp-json\/wp\/v2\/pages\/42156","targetHints":{"allow":["GET"]}}],"collection":[{"href":"https:\/\/www.polysoude.com\/de\/wp-json\/wp\/v2\/pages"}],"about":[{"href":"https:\/\/www.polysoude.com\/de\/wp-json\/wp\/v2\/types\/page"}],"author":[{"embeddable":true,"href":"https:\/\/www.polysoude.com\/de\/wp-json\/wp\/v2\/users\/16"}],"replies":[{"embeddable":true,"href":"https:\/\/www.polysoude.com\/de\/wp-json\/wp\/v2\/comments?post=42156"}],"version-history":[{"count":2,"href":"https:\/\/www.polysoude.com\/de\/wp-json\/wp\/v2\/pages\/42156\/revisions"}],"predecessor-version":[{"id":42772,"href":"https:\/\/www.polysoude.com\/de\/wp-json\/wp\/v2\/pages\/42156\/revisions\/42772"}],"wp:attachment":[{"href":"https:\/\/www.polysoude.com\/de\/wp-json\/wp\/v2\/media?parent=42156"}],"curies":[{"name":"wp","href":"https:\/\/api.w.org\/{rel}","templated":true}]}}