{"id":42158,"date":"2022-10-10T14:11:13","date_gmt":"2022-10-10T12:11:13","guid":{"rendered":"https:\/\/www.polysoude.com\/?page_id=42158"},"modified":"2022-11-23T23:56:25","modified_gmt":"2022-11-23T22:56:25","slug":"orbitales-rohrschweissen","status":"publish","type":"page","link":"https:\/\/www.polysoude.com\/de\/orbitales-rohrschweissen\/","title":{"rendered":"Orbitales Rohrschwei\u00dfen"},"content":{"rendered":"\n\n\t<p>Heute bezieht sich <strong>orbitales Rohrschwei\u00dfen\u00a0<\/strong>auf automatisches <a href=\"https:\/\/www.polysoude.com\/de\/\">Schwei\u00dfen<\/a> von Industrierohren mit einer rotierende Elektrode rund um die Leitung (oder das Rohr). Tats\u00e4chlich erfreut es sich gro\u00dfer Beliebtheit und manuelle Schwei\u00dfer begr\u00fc\u00dfen diese Systeme f\u00fcr orbitales Rohrschwei\u00dfen. Dieser kontinuierliche Prozess rund um ein statisches Werkst\u00fcck wird verwendet, um Produktivit\u00e4t, Sicherheit und Projektqualit\u00e4t zu verbessern. Bei gro\u00dfen Projekten wie dem <strong>Schwei\u00dfen von Rohrleitungen<\/strong>\u00a0steigt die Nachfrage nach Auftragnehmern f\u00fcr orbitales Schwei\u00dfen, <strong>WIG-Rohrschwei\u00dfen<\/strong>\u00a0und Rohreinbau jeden Tag. Es folgen die Wissensgrundlagen f\u00fcr <strong>Schwei\u00dfen von Rohr zu Rohr<\/strong>.<\/p>\n\t\t\t<a href=\"https:\/\/www.polysoude.com\/de\/sie-haben-eine-frage\/\" target=\"_self\" role=\"button\" rel=\"noopener\">\n\t\t\t\t\t\t\tKontaktieren Sie uns f\u00fcr weitere Informationen\n\t\t\t\t\t<\/a>\n<h2>\n\t\tOrbitales Schwei\u00dfen von Rohr zu Rohr : Anwendungen und Ger\u00e4te\n\t<\/h2>\n\t\t\t\t<img decoding=\"async\" src=\"https:\/\/www.polysoude.com\/wp-content\/plugins\/bb-plugin\/img\/pixel.png\" alt=\"\" itemprop=\"image\" onerror=\"this.style.display='none'\"  \/>\n\t\t\t\t<img loading=\"lazy\" decoding=\"async\" src=\"https:\/\/www.polysoude.com\/wp-content\/uploads\/2022\/09\/MUIV-Carbon-steel-pipe-welding.png\" alt=\"Orbitales Rohrschwei\u00dfen WIG GTAW offener Schwei\u00dfkopf MU IV auf dickem Kohlenstoffstahlrohr\" itemprop=\"image\" height=\"968\" width=\"1197\" title=\"MUIV-Kohlenstoff-Stahlrohrschwei\u00dfen\" onerror=\"this.style.display='none'\"  \/>\n<h3>\n\t\tAnwendungen \n\t<\/h3>\n\t<p>Anwendungen f\u00fcr das Schwei\u00dfen von Rohr zu Rohr\u00a0mit Zusatzdraht werden im Bereich Energieproduktion (Energieanlagen) und chemische oder petrochemische Industrie h\u00e4ufig nachgefragt, wo eine breite Palette an Basiswerkstoffen verendet wird:<\/p>\n<ul>\n<li>Einfacher Kohlenstoffstahl, wie f\u00fcr das Schwei\u00dfen von Rohrleitungen<\/li>\n<li>Niedrig legierter Chrom- oder Chrom\/Mangan enthaltender Kohlenstoffstahl<\/li>\n<li>Hoch legierter Chromnickelstahl (austenitisch oder mit austenitisch-ferritischer Kristallstruktur)<\/li>\n<li>Nickelbasierte Legierungen (wie etwa Inconel\u00ae-Legierungen oder Hastelloy\u00ae-Legierungen)<\/li>\n<li>Titan und seine Legierungen.<\/li>\n<\/ul>\n<p>Obwohl die Rohrma\u00dfe stark voneinander abweichen, besitzt der Gro\u00dfteil von ihnen einen Durchmesser von 26,9 mm bis 219 mm (\u00be&#8220; und 8&#8243;) und eine Wanddicke von 2,77 mm bis 12,7 mm. Das Schwei\u00dfen solcher Materialien mit mehreren Achsen erfordert eine spezielle Orbital-Rohrschwei\u00dfmaschine\u00a0und intelligentes Management der Schwei\u00dfparameter.<\/p>\n<p>Alles Wissenswerte finden Sie hier: <a href=\"https:\/\/www.polysoude.com\/de\/anfrage-dokumentation\/\">kostenloser Download unseres gratis Handbuchs \u00fcber Orbitalschwei\u00dfen, das in unserem Download-Abschnitt\u00a0verf\u00fcgbar ist<\/a>.<\/p>\n\t\t\t\t<img loading=\"lazy\" decoding=\"async\" src=\"https:\/\/www.polysoude.com\/wp-content\/uploads\/2022\/09\/MUIV-orbital-pipe-welding-with-Wire.png\" alt=\"Orbitales Rohrschwei\u00dfen WIG WTAW offener Schwei\u00dfkopf MU IV an d\u00fcnnem Edelstahlrohr\" itemprop=\"image\" height=\"545\" width=\"1000\" title=\"MUIV-orbitales-Rohrschwei\u00dfen-mit-Draht\" onerror=\"this.style.display='none'\"  \/>\n<h3>\n\t\tSchwei\u00dfen mit Zusatzdraht\n\t<\/h3>\n\t<p>Bei Verfahren f\u00fcr <strong>automatisches Rohrschwei\u00dfen<\/strong>\u00a0kann die Anwendung von Zusatzdraht notwendig werden, wenn:<\/p>\n<ul>\n<li>d\u00fcnnwandige Rohre mit Zusatzdraht verschwei\u00dft werden m\u00fcssen<\/li>\n<li>die zu verschwei\u00dfenden Rohre aus unterschiedlichen Werkstoffen bestehen<\/li>\n<li>die Schwei\u00dfnaht verst\u00e4rkt werden muss<\/li>\n<li>Die Festigkeit und\/oder Korrosionsbest\u00e4ndigkeit k\u00f6nnte durch das Schmelzschwei\u00dfen beeintr\u00e4chtigt werden.<\/li>\n<\/ul>\n\t\t\t\t<img loading=\"lazy\" decoding=\"async\" src=\"https:\/\/www.polysoude.com\/wp-content\/uploads\/2022\/09\/POLYCAR-60_pipeline_1051x889px.png\" alt=\"Rohrleitung Schwei\u00dfen Wagen Typ Orbitalschwei\u00dfen Ausr\u00fcstung Kohlenstoffstahlrohr im Freien W\u00fcste Produktionsst\u00e4tte Polysoude\" itemprop=\"image\" height=\"889\" width=\"1051\" title=\"POLYCAR-60_pipeline_1051x889px\" onerror=\"this.style.display='none'\"  \/>\n<h3>\n\t\tAuswahl des Ger\u00e4ts\n\t<\/h3>\n\t<p>F\u00fcr <strong>orbitales Rohrschwei\u00dfen<\/strong>\u00a0mit Zusatzdraht kann eine <strong>Rohrschwei\u00dfmaschine\u00a0<\/strong>mit 4 oder 6 gesteuerte Achsen verwendet werden: Schwei\u00dfschutzgas, Schwei\u00dfstrom, Brennerdrehbewegung und Drahtf\u00f6rderung und bei 6 Achsen zus\u00e4tzlich AVC und Oszillation.<\/p>\n<p>Bei verminderter Zug\u00e4nglichkeit der Schwei\u00dfzone sollten vorzugsweise <strong>WIG \/ GTAW-Stromquellen<\/strong>\u00a0mit 4 gesteuerte Achsen verwendet werden. Wenn ein einfacher Werkzeugwechsel erforderlich ist, werden die <strong>orbitalen Stromquellen<\/strong>\u00a0mit 6 gesteuerte Achsen empfohlen.<\/p>\n\t\t\t<a href=\"https:\/\/www.polysoude.com\/de\/orbitalschweissen-und-automatisiertes-schweissen\/orbitalschweissen-rohr-rohrverbindungen-2\/\" target=\"_self\" role=\"button\" rel=\"noopener\">\n\t\t\t\t\t\t\tErfahren Sie mehr \u00fcber Rohrschwei\u00dfger\u00e4te unter\n\t\t\t\t\t<\/a>\n<h2>\n\t\tOrbitales Rohrschwei\u00dfen mit Zusatzdraht &#8211; Schwei\u00dfnahtvorbereitung\n\t<\/h2>\n\t\t\t\t<img loading=\"lazy\" decoding=\"async\" src=\"https:\/\/www.polysoude.com\/wp-content\/uploads\/2022\/09\/Weld-pipe-end-preparation-beveling-150x150.png\" alt=\"Schema und Details der V-f\u00f6rmigen Rohrendenvorbereitung f\u00fcr die Orbitalschwei\u00dfanlage WIG WAK\" itemprop=\"image\" height=\"150\" width=\"150\" title=\"Schwei\u00dfen-Rohrende-Vorbereitung-Fasen\" onerror=\"this.style.display='none'\"  \/>\n<h3>\n\t\tVorbereitung \n\t<\/h3>\n\t<p>Vorbereitungen f\u00fcr <strong>orbitales Rohrschwei\u00dfen\u00a0<\/strong>sind immer als Schwei\u00dfverbindung mit hoher Steggenauigkeit konzipiert. (G=0). Bein orbitalen <strong>WIG Rohrschwei\u00dfen<\/strong>\u00a0wird eine J-Nahtvorbereitung, zusammen mit einem Schutz durch Formiergas bevorzugt.<\/p>\n\t\t\t\t<img loading=\"lazy\" decoding=\"async\" src=\"https:\/\/www.polysoude.com\/wp-content\/uploads\/2022\/09\/Positionning-pipe-end-preparation-tig-weld.png\" alt=\"Schema der Vorbereitung des J-f\u00f6rmigen Rohrendes f\u00fcr das Orbitalschwei\u00dfger\u00e4t TIG GTAW\" itemprop=\"image\" height=\"574\" width=\"994\" title=\"Positionierung-Rohrenden-Vorbereitung-Wig-Schwei\u00dfen\" onerror=\"this.style.display='none'\"  \/>\n<h3>\n\t\tPositionierung\n\t<\/h3>\n\t<p>Vor dem Orbitalschwei\u00dfen m\u00fcssen die Rohre positioniert und durch Heftpunkte mit oder ohne Eingang f\u00fcr niedrigen Drahtvorschub fixiert werden. \u00a0Die vorbereiteten Rohrenden m\u00fcssen ohne Spalt zusammenpassen.<\/p>\n\t\t\t\t<img loading=\"lazy\" decoding=\"async\" src=\"https:\/\/www.polysoude.com\/wp-content\/uploads\/2022\/09\/Multi-layer-stringer-pipe-welding.png\" alt=\"Schema der mehrlagigen Stringer-Elektrode Rohr Orbitalschwei\u00dfger\u00e4t WIG GTAW\" itemprop=\"image\" height=\"596\" width=\"596\" title=\"Mehrlagen-Stringer-Rohrschwei\u00dfung\" onerror=\"this.style.display='none'\"  \/>\n\t\t\t\t<img loading=\"lazy\" decoding=\"async\" src=\"https:\/\/www.polysoude.com\/wp-content\/uploads\/2022\/09\/Multilayer_Oscillating-electrode-pipe-welding.png\" alt=\"Schema der mehrschichtigen oszillierenden Elektrode Rohr Orbitalschwei\u00dfen Ausr\u00fcstung WIG GTAW\" itemprop=\"image\" height=\"596\" width=\"596\" title=\"Mehrschichtige_Oszillierende-Elektroden-Rohrschwei\u00dfung\" onerror=\"this.style.display='none'\"  \/>\n<h3>\n\t\tMehrlagenschwei\u00dfung\n\t<\/h3>\n\t<p>Diese Option f\u00fcr\u00a0<strong>Schwei\u00dfen mit Zusatzdraht<\/strong>\u00a0wird verwendet, um dickere Rohre zu verbinden. Es k\u00f6nnen zwei unterschiedliche Methoden angewandt werden:<\/p>\n<ul>\n<li><strong>Strichraupentechnik<\/strong>&#8211; Diese Technik kann von Anlagen mit vier gesteuerten Achsen verwendet werden. \u00a0Dies umfasst das Platzieren enger Schwei\u00dfn\u00e4hte nebeneinander.<\/li>\n<li><strong>AVC und Oszillation<\/strong>&#8211; Ger\u00e4te mit sechs gesteuerten Achsen k\u00f6nnen AVC und Brennerpendelung f\u00fcr die seitliche Bewegung des Brenners nutzen. Durchg\u00e4nge mit Brennerpendelung k\u00f6nnen dann \u00fcbereinander oder nebeneinander gelegt werden.<\/li>\n<li><strong>Elektrodengeometrie<\/strong><\/li>\n<\/ul>\n<p>Da AVC eine pr\u00e4zise Elektrodengeometrie erfordert, muss beim <strong>automatischen orbitalen WIG-Schwei\u00dfen<\/strong>\u00a0sichergestellt werden, dass die Geometrie der verwendeten Wolframelektroden unver\u00e4ndert bleibt. Auch kleine Abweichungen der Form oder Abmessung k\u00f6nnen signifikante \u00c4nderungen der von der AVC-Steuerung als Basiswert verwendeten Lichtbogenspannung mit sich bringen.<\/p>\n<h3>\n\t\tFormiergas \n\t<\/h3>\n\t<p>Verschiedene Arten von Formiergas k\u00f6nnen f\u00fcr unterschiedliche Basismetalle verwendet werden.<\/p>\n<h3>\n\t\tNicht programmierbare Parameter \n\t<\/h3>\n\t<p>Die M\u00f6glichkeit, nicht programmierbare Parameter einzustellen, ist der Schl\u00fcssel f\u00fcr die Effizienz von Orbitalschwei\u00dfen. Zu den Schl\u00fcsselparametern geh\u00f6ren:<\/p>\n<ul>\n<li>Schutzgas: Typ, Reinheit, Durchflussrate<\/li>\n<li>Formiergas: Typ, Reinheit, Durchflussrate<\/li>\n<li>Gaslinsen: Typ und Gr\u00f6\u00dfe<\/li>\n<li>Keramikd\u00fcse: Gr\u00f6\u00dfe, Durchmesser und L\u00e4nge<\/li>\n<li>Elektrode: Typ, Durchmesser, Nahtvorbereitung und \u00dcberstand<\/li>\n<li>Draht: Typ und Durchmesser, Charge, Einlaufwinkel, Auftreffpunkt<\/li>\n<li>Startposition des Schwei\u00dfbrenners<\/li>\n<li>Zwischenlagentemperatur<\/li>\n<li>Position und Anschluss des Erdungskabels<\/li>\n<\/ul>\n<p>Die kombinierten Funktionen von Schwei\u00dfnahtvorbereitung f\u00fcr <strong>orbitales Rohrschwei\u00dfen<\/strong>\u00a0gew\u00e4hrleisten die Wiederholgenauigkeit hochwertiger Schwei\u00dfungen und gesteigerte Produktivit\u00e4t.<\/p>\n<h2>\n\t\tWer wir sind\n\t<\/h2>\n\tPolysoude ist auf den Entwurf, die Entwicklung und Herstellung innovativer Lichtbogen-Schwei\u00dfl\u00f6sungen spezialisiert. Die Marke steht f\u00fcr weltweit f\u00fchrendes Expertenwissen in 3 Kernbereichen: automatische Systeme f\u00fcr <a href=\"https:\/\/www.polysoude.com\/de\/warum-ist-es-wichtig-eine-ausbildung-im-orbitalschweissen-zu-absolvieren\/\">orbitales WIG-Schwei\u00dfen<\/a>, automatische WIG- und Plasmaschwei\u00dfl\u00f6sungen und WIGer\u2122-<a href=\"https:\/\/www.polysoude.com\/de\/auftragsschweissen\/\">Auftragsschwei\u00dfen<\/a>.<br \/>\nDas seit 1961 in Nantes ans\u00e4ssige Unternehmen stellt eine Vielzahl von Stromquellen und <a href=\"https:\/\/www.polysoude.com\/de\/orbitalschweissgeraete\/\">Orbitalschwei\u00dfger\u00e4te<\/a> sowie eine breite Palette offener und geschlossener <strong>Orbitalschwei\u00dfk\u00f6pfe<\/strong>\u00a0her.<br \/>\nAls intelligentes, werkorientiertes Unternehmen stellt Polysoude heute alle Produkte startklar f\u00fcr Industrie 4.0 her.\n<h3>\n\t\tSprechen Sie uns an\n\t<\/h3>\n\t<p>Treten Sie unserer Community auf LinkedIn bei: @Polysoude<\/p>\n<p>Folgen Sie uns in unseren sozialen Netzwerken:<\/p>\n<p>Facebook @polysoude<\/p>\n<p>Instagram @polysoudeglobal<\/p>\n\n","protected":false},"excerpt":{"rendered":"<p>Heute bezieht sich orbitales Rohrschwei\u00dfen\u00a0auf automatisches Schwei\u00dfen von Industrierohren mit einer rotierende Elektrode rund um die Leitung (oder das Rohr). Tats\u00e4chlich erfreut es sich gro\u00dfer Beliebtheit und manuelle Schwei\u00dfer begr\u00fc\u00dfen diese Systeme f\u00fcr orbitales Rohrschwei\u00dfen. Dieser kontinuierliche Prozess rund um ein statisches Werkst\u00fcck wird verwendet, um Produktivit\u00e4t, Sicherheit und Projektqualit\u00e4t zu verbessern. Bei gro\u00dfen Projekten [&hellip;]<\/p>\n","protected":false},"author":16,"featured_media":0,"parent":0,"menu_order":0,"comment_status":"closed","ping_status":"closed","template":"","meta":{"_acf_changed":false,"footnotes":""},"class_list":["post-42158","page","type-page","status-publish","hentry"],"acf":[],"yoast_head":"<!-- This site is optimized with the Yoast SEO plugin v27.3 - https:\/\/yoast.com\/product\/yoast-seo-wordpress\/ -->\n<title>Orbitales Rohrschwei\u00dfen | Polysoude<\/title>\n<meta name=\"description\" content=\"Heute bezieht sich orbitales Rohrschwei\u00dfen\u00a0auf automatisches Schwei\u00dfen von Industrierohren mit einer rotierende Elektrode rund um die Leitung (oder das\" \/>\n<meta name=\"robots\" content=\"index, follow, max-snippet:-1, max-image-preview:large, max-video-preview:-1\" \/>\n<link rel=\"canonical\" href=\"https:\/\/www.polysoude.com\/de\/orbitales-rohrschweissen\/\" \/>\n<meta property=\"og:locale\" content=\"de_DE\" \/>\n<meta property=\"og:type\" content=\"article\" \/>\n<meta property=\"og:title\" content=\"Orbitales Rohrschwei\u00dfen | Polysoude\" \/>\n<meta property=\"og:description\" content=\"Heute bezieht sich orbitales Rohrschwei\u00dfen\u00a0auf automatisches Schwei\u00dfen von Industrierohren mit einer rotierende Elektrode rund um die Leitung (oder das\" \/>\n<meta property=\"og:url\" content=\"https:\/\/www.polysoude.com\/de\/orbitales-rohrschweissen\/\" \/>\n<meta property=\"og:site_name\" content=\"Polysoude\" \/>\n<meta property=\"article:publisher\" content=\"https:\/\/www.facebook.com\/Polysoude\/\" \/>\n<meta property=\"article:modified_time\" content=\"2022-11-23T22:56:25+00:00\" \/>\n<meta property=\"og:image\" content=\"https:\/\/www.polysoude.com\/wp-content\/plugins\/bb-plugin\/img\/pixel.png\" \/>\n<meta name=\"twitter:card\" content=\"summary_large_image\" \/>\n<meta name=\"twitter:label1\" content=\"Gesch\u00e4tzte Lesezeit\" \/>\n\t<meta name=\"twitter:data1\" content=\"4 minutes\" \/>\n<script type=\"application\/ld+json\" class=\"yoast-schema-graph\">{\"@context\":\"https:\\\/\\\/schema.org\",\"@graph\":[{\"@type\":\"WebPage\",\"@id\":\"https:\\\/\\\/www.polysoude.com\\\/de\\\/orbitales-rohrschweissen\\\/\",\"url\":\"https:\\\/\\\/www.polysoude.com\\\/de\\\/orbitales-rohrschweissen\\\/\",\"name\":\"Orbitales Rohrschwei\u00dfen | Polysoude\",\"isPartOf\":{\"@id\":\"https:\\\/\\\/www.polysoude.com\\\/de\\\/#website\"},\"primaryImageOfPage\":{\"@id\":\"https:\\\/\\\/www.polysoude.com\\\/de\\\/orbitales-rohrschweissen\\\/#primaryimage\"},\"image\":{\"@id\":\"https:\\\/\\\/www.polysoude.com\\\/de\\\/orbitales-rohrschweissen\\\/#primaryimage\"},\"thumbnailUrl\":\"https:\\\/\\\/www.polysoude.com\\\/wp-content\\\/plugins\\\/bb-plugin\\\/img\\\/pixel.png\",\"datePublished\":\"2022-10-10T12:11:13+00:00\",\"dateModified\":\"2022-11-23T22:56:25+00:00\",\"description\":\"Heute bezieht sich orbitales Rohrschwei\u00dfen\u00a0auf automatisches Schwei\u00dfen von Industrierohren mit einer rotierende Elektrode rund um die Leitung (oder das\",\"breadcrumb\":{\"@id\":\"https:\\\/\\\/www.polysoude.com\\\/de\\\/orbitales-rohrschweissen\\\/#breadcrumb\"},\"inLanguage\":\"de-DE\",\"potentialAction\":[{\"@type\":\"ReadAction\",\"target\":[\"https:\\\/\\\/www.polysoude.com\\\/de\\\/orbitales-rohrschweissen\\\/\"]}]},{\"@type\":\"ImageObject\",\"inLanguage\":\"de-DE\",\"@id\":\"https:\\\/\\\/www.polysoude.com\\\/de\\\/orbitales-rohrschweissen\\\/#primaryimage\",\"url\":\"https:\\\/\\\/www.polysoude.com\\\/wp-content\\\/plugins\\\/bb-plugin\\\/img\\\/pixel.png\",\"contentUrl\":\"https:\\\/\\\/www.polysoude.com\\\/wp-content\\\/plugins\\\/bb-plugin\\\/img\\\/pixel.png\"},{\"@type\":\"BreadcrumbList\",\"@id\":\"https:\\\/\\\/www.polysoude.com\\\/de\\\/orbitales-rohrschweissen\\\/#breadcrumb\",\"itemListElement\":[{\"@type\":\"ListItem\",\"position\":1,\"name\":\"Home\",\"item\":\"https:\\\/\\\/www.polysoude.com\\\/de\\\/homepage\\\/\"},{\"@type\":\"ListItem\",\"position\":2,\"name\":\"Orbitales Rohrschwei\u00dfen\"}]},{\"@type\":\"WebSite\",\"@id\":\"https:\\\/\\\/www.polysoude.com\\\/de\\\/#website\",\"url\":\"https:\\\/\\\/www.polysoude.com\\\/de\\\/\",\"name\":\"Polysoude\",\"description\":\"The art of welding\",\"publisher\":{\"@id\":\"https:\\\/\\\/www.polysoude.com\\\/de\\\/#organization\"},\"alternateName\":\"Polysoude\",\"potentialAction\":[{\"@type\":\"SearchAction\",\"target\":{\"@type\":\"EntryPoint\",\"urlTemplate\":\"https:\\\/\\\/www.polysoude.com\\\/de\\\/?s={search_term_string}\"},\"query-input\":{\"@type\":\"PropertyValueSpecification\",\"valueRequired\":true,\"valueName\":\"search_term_string\"}}],\"inLanguage\":\"de-DE\"},{\"@type\":\"Organization\",\"@id\":\"https:\\\/\\\/www.polysoude.com\\\/de\\\/#organization\",\"name\":\"Polysoude\",\"alternateName\":\"Polysoude\",\"url\":\"https:\\\/\\\/www.polysoude.com\\\/de\\\/\",\"logo\":{\"@type\":\"ImageObject\",\"inLanguage\":\"de-DE\",\"@id\":\"https:\\\/\\\/www.polysoude.com\\\/de\\\/#\\\/schema\\\/logo\\\/image\\\/\",\"url\":\"https:\\\/\\\/www.polysoude.com\\\/wp-content\\\/uploads\\\/2022\\\/07\\\/Polysoude_Logo_signature_fond-transparent_600dpi_300mm_RVB-e1658123578778.png\",\"contentUrl\":\"https:\\\/\\\/www.polysoude.com\\\/wp-content\\\/uploads\\\/2022\\\/07\\\/Polysoude_Logo_signature_fond-transparent_600dpi_300mm_RVB-e1658123578778.png\",\"width\":465,\"height\":86,\"caption\":\"Polysoude\"},\"image\":{\"@id\":\"https:\\\/\\\/www.polysoude.com\\\/de\\\/#\\\/schema\\\/logo\\\/image\\\/\"},\"sameAs\":[\"https:\\\/\\\/www.facebook.com\\\/Polysoude\\\/\",\"https:\\\/\\\/www.linkedin.com\\\/company\\\/polysoude\\\/\",\"https:\\\/\\\/www.instagram.com\\\/polysoudeglobal\\\/\"]}]}<\/script>\n<!-- \/ Yoast SEO plugin. -->","yoast_head_json":{"title":"Orbitales Rohrschwei\u00dfen | Polysoude","description":"Heute bezieht sich orbitales Rohrschwei\u00dfen\u00a0auf automatisches Schwei\u00dfen von Industrierohren mit einer rotierende Elektrode rund um die Leitung (oder das","robots":{"index":"index","follow":"follow","max-snippet":"max-snippet:-1","max-image-preview":"max-image-preview:large","max-video-preview":"max-video-preview:-1"},"canonical":"https:\/\/www.polysoude.com\/de\/orbitales-rohrschweissen\/","og_locale":"de_DE","og_type":"article","og_title":"Orbitales Rohrschwei\u00dfen | Polysoude","og_description":"Heute bezieht sich orbitales Rohrschwei\u00dfen\u00a0auf automatisches Schwei\u00dfen von Industrierohren mit einer rotierende Elektrode rund um die Leitung (oder das","og_url":"https:\/\/www.polysoude.com\/de\/orbitales-rohrschweissen\/","og_site_name":"Polysoude","article_publisher":"https:\/\/www.facebook.com\/Polysoude\/","article_modified_time":"2022-11-23T22:56:25+00:00","og_image":[{"url":"https:\/\/www.polysoude.com\/wp-content\/plugins\/bb-plugin\/img\/pixel.png","type":"","width":"","height":""}],"twitter_card":"summary_large_image","twitter_misc":{"Gesch\u00e4tzte Lesezeit":"4 minutes"},"schema":{"@context":"https:\/\/schema.org","@graph":[{"@type":"WebPage","@id":"https:\/\/www.polysoude.com\/de\/orbitales-rohrschweissen\/","url":"https:\/\/www.polysoude.com\/de\/orbitales-rohrschweissen\/","name":"Orbitales Rohrschwei\u00dfen | Polysoude","isPartOf":{"@id":"https:\/\/www.polysoude.com\/de\/#website"},"primaryImageOfPage":{"@id":"https:\/\/www.polysoude.com\/de\/orbitales-rohrschweissen\/#primaryimage"},"image":{"@id":"https:\/\/www.polysoude.com\/de\/orbitales-rohrschweissen\/#primaryimage"},"thumbnailUrl":"https:\/\/www.polysoude.com\/wp-content\/plugins\/bb-plugin\/img\/pixel.png","datePublished":"2022-10-10T12:11:13+00:00","dateModified":"2022-11-23T22:56:25+00:00","description":"Heute bezieht sich orbitales Rohrschwei\u00dfen\u00a0auf automatisches Schwei\u00dfen von Industrierohren mit einer rotierende Elektrode rund um die Leitung (oder das","breadcrumb":{"@id":"https:\/\/www.polysoude.com\/de\/orbitales-rohrschweissen\/#breadcrumb"},"inLanguage":"de-DE","potentialAction":[{"@type":"ReadAction","target":["https:\/\/www.polysoude.com\/de\/orbitales-rohrschweissen\/"]}]},{"@type":"ImageObject","inLanguage":"de-DE","@id":"https:\/\/www.polysoude.com\/de\/orbitales-rohrschweissen\/#primaryimage","url":"https:\/\/www.polysoude.com\/wp-content\/plugins\/bb-plugin\/img\/pixel.png","contentUrl":"https:\/\/www.polysoude.com\/wp-content\/plugins\/bb-plugin\/img\/pixel.png"},{"@type":"BreadcrumbList","@id":"https:\/\/www.polysoude.com\/de\/orbitales-rohrschweissen\/#breadcrumb","itemListElement":[{"@type":"ListItem","position":1,"name":"Home","item":"https:\/\/www.polysoude.com\/de\/homepage\/"},{"@type":"ListItem","position":2,"name":"Orbitales Rohrschwei\u00dfen"}]},{"@type":"WebSite","@id":"https:\/\/www.polysoude.com\/de\/#website","url":"https:\/\/www.polysoude.com\/de\/","name":"Polysoude","description":"The art of welding","publisher":{"@id":"https:\/\/www.polysoude.com\/de\/#organization"},"alternateName":"Polysoude","potentialAction":[{"@type":"SearchAction","target":{"@type":"EntryPoint","urlTemplate":"https:\/\/www.polysoude.com\/de\/?s={search_term_string}"},"query-input":{"@type":"PropertyValueSpecification","valueRequired":true,"valueName":"search_term_string"}}],"inLanguage":"de-DE"},{"@type":"Organization","@id":"https:\/\/www.polysoude.com\/de\/#organization","name":"Polysoude","alternateName":"Polysoude","url":"https:\/\/www.polysoude.com\/de\/","logo":{"@type":"ImageObject","inLanguage":"de-DE","@id":"https:\/\/www.polysoude.com\/de\/#\/schema\/logo\/image\/","url":"https:\/\/www.polysoude.com\/wp-content\/uploads\/2022\/07\/Polysoude_Logo_signature_fond-transparent_600dpi_300mm_RVB-e1658123578778.png","contentUrl":"https:\/\/www.polysoude.com\/wp-content\/uploads\/2022\/07\/Polysoude_Logo_signature_fond-transparent_600dpi_300mm_RVB-e1658123578778.png","width":465,"height":86,"caption":"Polysoude"},"image":{"@id":"https:\/\/www.polysoude.com\/de\/#\/schema\/logo\/image\/"},"sameAs":["https:\/\/www.facebook.com\/Polysoude\/","https:\/\/www.linkedin.com\/company\/polysoude\/","https:\/\/www.instagram.com\/polysoudeglobal\/"]}]}},"_links":{"self":[{"href":"https:\/\/www.polysoude.com\/de\/wp-json\/wp\/v2\/pages\/42158","targetHints":{"allow":["GET"]}}],"collection":[{"href":"https:\/\/www.polysoude.com\/de\/wp-json\/wp\/v2\/pages"}],"about":[{"href":"https:\/\/www.polysoude.com\/de\/wp-json\/wp\/v2\/types\/page"}],"author":[{"embeddable":true,"href":"https:\/\/www.polysoude.com\/de\/wp-json\/wp\/v2\/users\/16"}],"replies":[{"embeddable":true,"href":"https:\/\/www.polysoude.com\/de\/wp-json\/wp\/v2\/comments?post=42158"}],"version-history":[{"count":2,"href":"https:\/\/www.polysoude.com\/de\/wp-json\/wp\/v2\/pages\/42158\/revisions"}],"predecessor-version":[{"id":42775,"href":"https:\/\/www.polysoude.com\/de\/wp-json\/wp\/v2\/pages\/42158\/revisions\/42775"}],"wp:attachment":[{"href":"https:\/\/www.polysoude.com\/de\/wp-json\/wp\/v2\/media?parent=42158"}],"curies":[{"name":"wp","href":"https:\/\/api.w.org\/{rel}","templated":true}]}}