{"id":42160,"date":"2022-10-27T14:14:57","date_gmt":"2022-10-27T12:14:57","guid":{"rendered":"https:\/\/www.polysoude.com\/?page_id=42160"},"modified":"2022-11-23T23:59:07","modified_gmt":"2022-11-23T22:59:07","slug":"rohreinschweissen","status":"publish","type":"page","link":"https:\/\/www.polysoude.com\/de\/rohreinschweissen\/","title":{"rendered":"Rohreinschwei\u00dfen"},"content":{"rendered":"\n\n\t\t\t\t<img loading=\"lazy\" decoding=\"async\" src=\"https:\/\/www.polysoude.com\/wp-content\/uploads\/2022\/09\/tubular-heat-exchanger-welding-plate.png\" alt=\"zwei Rohr-Boden Orbitalschwei\u00dfk\u00f6pfe TS 8-75 mit integriertem Drahtvorschub zur Herstellung von W\u00e4rmetauschern aus Edelstahl Polysoude\" itemprop=\"image\" height=\"913\" width=\"900\" title=\"Rohrb\u00fcndel-W\u00e4rmetauscher-Schwei\u00dfplatte\" onerror=\"this.style.display='none'\"  \/>\n\t<p>Heute wird Rohreinschwei\u00dfen zu einem entscheidenden Prozess, da viele Industrieger\u00e4te, wie W\u00e4rmetauscher, Dampfturbinen, Kondensatoren, Luftk\u00fchler bzw. Heizer aus tausenden von Metallrohren bestehen. Diese Rohrkonstruktionen werden gew\u00f6hnlich auf dicken Metallplatten montiert und f\u00fcr optimale Leistung und Langlebigkeit WIG-geschwei\u00dft (GTAW). <strong>Automatisiertes <a href=\"https:\/\/www.polysoude.com\/de\/\">Schwei\u00dfen<\/a> von Rohren an Rohrb\u00f6den<\/strong> hat manuelles Schwei\u00dfen ersetzt und sorgt f\u00fcr gesteigerte Produktivit\u00e4t und Reproduzierbarkeit der Rohr-Rohrboden-Schwei\u00dfverbindungen und nat\u00fcrlich f\u00fcr verk\u00fcrzte Produktionszeiten<strong>Rohrw\u00e4rmetauscher<\/strong>.<\/p>\n\t\t\t<a href=\"https:\/\/www.polysoude.com\/de\/sie-haben-eine-frage\/\" target=\"_self\" role=\"button\" rel=\"noopener\">\n\t\t\t\t\t\t\tKontaktieren Sie uns f\u00fcr weitere Informationen\n\t\t\t\t\t<\/a>\n<h2>\n\t\tRohr-Rohrboden-Orbitalschwei\u00dfen: Anwendungen und Ger\u00e4te\n\t<\/h2>\n<h3>\n\t\tRohreinschwei\u00df-Anwendungen\n\t<\/h3>\n\t<p>Anwendungen f\u00fcr Orbitalschwei\u00dfen von Rohren auf Rohrb\u00f6den werden zur Herstellung von Heizern und Rohrw\u00e4rmetauschern f\u00fcr unterschiedlichste Branchen verwendet. Die schwersten Ger\u00e4te befinden sich jedoch in chemischen und petrochemischen Industrieanlagen.<\/p>\n<p>&nbsp;<\/p>\n<p>Fast alle schwei\u00dfaren Metalle und Legierungen werden f\u00fcr Anwendungen zum Schwei\u00dfen von Rohren auf Rohrb\u00f6den verwendet, aber die Ma\u00dfe der Rohre sind relativ eingeschr\u00e4nkt. Ihr Abmessungsbereich reicht von 12,7 mm bis 101,6 mm, die Wanddicke betr\u00e4gt zwischen 0,5 mm und 5 mm. Die meisten Rohrdurchmesser liegen zwischen 19,05 mm (3\/4&#8243;) und 38,1 mm, bei einer Wanddicke von 1,5 mm bis 3,4 mm.<\/p>\n<p>&nbsp;<\/p>\n<p>Alles Wissenswerte finden Sie hier: kostenloser Download unseres neuen gratis Handbuchs \u00fcber\u00a0<\/p>\n<p>Rohreinschwei\u00dfen und industrielle Rohrw\u00e4rmetauscher ( <a href=\"https:\/\/www.polysoude.com\/de\/neue-kostenloses-handbuch-ueber-das-schweissen-von-kesselrohren-auf-rohrboeden-in-waermetauschern\/\">https:\/\/www.polysoude.com\/de\/neue-kostenloses-handbuch-ueber-das-schweissen-von-kesselrohren-auf-rohrboeden-in-waermetauschern\/<\/a> )<\/p>\n\t\t\t\t<img loading=\"lazy\" decoding=\"async\" src=\"https:\/\/www.polysoude.com\/wp-content\/uploads\/2022\/09\/TS34-tube-to-tubesheet-weld-head-150x150.png\" alt=\"Rohrbodenschwei\u00dfkopf Autogenes Schwei\u00dfen TS-34 Herstellung von W\u00e4rmetauschern aus Edelstahl\" itemprop=\"image\" height=\"150\" width=\"150\" title=\"TS34-Rohr-zu-Rohr-Blech-Schwei\u00dfkopf\" onerror=\"this.style.display='none'\"  \/>\n\t\t\t\t<img loading=\"lazy\" decoding=\"async\" src=\"https:\/\/www.polysoude.com\/wp-content\/uploads\/2022\/09\/TS-8-75-tube-to-tubesheet-weld-head-150x150.png\" alt=\"Automatischer Rohr-Rohrboden Orbitalschwei\u00dfkopf mit Drahtvorschub an einem W\u00e4rmetauscher aus Edelstahl\" itemprop=\"image\" height=\"150\" width=\"150\" title=\"TS-8-75-Rohr-zu-Rohr-Blech-Schwei\u00dfkopf\" onerror=\"this.style.display='none'\"  \/>\n\t\t\t\t<img loading=\"lazy\" decoding=\"async\" src=\"https:\/\/www.polysoude.com\/wp-content\/uploads\/2022\/09\/SPX-compact-tube-to-tubesheet-welding.png\" alt=\"3 Rohr-Boden Orbitalschwei\u00dfk\u00f6pfe ohne Drahtvorschub h\u00e4ngend zum Schwei\u00dfen von Rohren in einer Produktionsst\u00e4tte eines W\u00e4rmetauschers\" itemprop=\"image\" height=\"1177\" width=\"1174\" title=\"SPX-Kompakt-Rohr-zu-Rohr-Blechschwei\u00dfen\" onerror=\"this.style.display='none'\"  \/>\n<h3>\n\t\tGer\u00e4te f\u00fcr Orbitalschwei\u00dfen\n\t<\/h3>\n\t<p>In den meisten F\u00e4llen werden Ger\u00e4te f\u00fcr <strong>automatisiertes Schwei\u00dfen von Rohren an Rohrb\u00f6den<\/strong> strikt an die Anwendung und den gew\u00fcnschten Grad an Automatisierung angepasst:\u00a0<\/p>\n<ol>\n<li> Eine <strong>Rohrboden-Schwei\u00dfmaschine<\/strong> mit drei gesteuerten Achsen (Schwei\u00dfgas, Schwei\u00dfstrom und Brennerrotation) besteht aus einer Stromquelle f\u00fcr den Werkstatteinsatz, einer sogenannten Smart Welding Station und einem <strong>Rohr-Rohr-Rohrboden-Schwei\u00dfkopf<\/strong>, der Schmelzschwei\u00dfen ohne Zusatzdraht ausf\u00fchrt.<\/li>\n<li> Ein Schwei\u00dfger\u00e4t mit vier gesteuerten Achsen (Schwei\u00dfgas, Schwei\u00dfstrom, Brennerrotation, Draht) besteht aus einer Stromquelle f\u00fcr den Werkstatteinsatz und einem offenen Rohr-Rohrboden-Schwei\u00dfkopf. Dieses Ger\u00e4t eignet sich f\u00fcr zweilagige Schwei\u00dfungen; zwei Durchl\u00e4ufe m\u00fcssen in zwei getrennten Schritten eingebracht werden.\u00a0<\/li>\n<li> Ein Schwei\u00dfger\u00e4t, das mit f\u00fcnf gesteuerten Achsen (Schwei\u00dfgas, Schwei\u00dfstrom, Brennerrotation, Draht, AVC) ausgestattet ist, besteht aus einer WIG\/GATW-Stromquelle, welche f\u00fcr die Steuerung von 6 Achsen konzipiert ist, und einem Schwei\u00dfkopf vom Typ TS 8\/75 <strong>Rohr-Rohrboden-Schwei\u00dfkopf<\/strong> mit AVC-Kon\ufb01guration, welche die Verkettung mehrerer Durchg\u00e4nge mit Zusatzdraht erm\u00f6glicht. Das Heben des Brenners zwischen den Durchg\u00e4ngen kann auch programmiert werden und wird ohne Unterbrechung des Schwei\u00dfzyklus durchgef\u00fchrt.<\/li>\n<li> Ein Schwei\u00dfger\u00e4t, die mit f\u00fcnf gesteuerten Achsen (Schwei\u00dfgas, Schwei\u00dfstrom, Brennerrotation, Draht, AVC, Oszillation) ausgestattet ist, besteht aus einer PC Smart Welding Station-Stromquelle und einem <strong>Rohr-Rohrboden-Schwei\u00dfkopf<\/strong> vom Typ SPX Compact dem sogenannten WIG 20\/160. Das Ger\u00e4t erm\u00f6glicht Merhdurchgangsschwei\u00dfen; der Brenner kann in radiale Richtung verschoben werden.<\/li>\n<\/ol>\n\t\t\t<a href=\"https:\/\/www.polysoude.com\/de\/orbitalschweissen-und-automatisiertes-schweissen\/orbitalschweissen-rohr-rohrboden-verbindungen\/\" target=\"_self\" role=\"button\" rel=\"noopener\">\n\t\t\t\t\t\t\tErfahren Sie mehr \u00fcber Ger\u00e4te f\u00fcr das Schwei\u00dfen von Rohren auf Rohrb\u00f6den unter\n\t\t\t\t\t<\/a>\n<h2>\n\t\tSchwei\u00dfnahtvorbereitung Rohr-Rohrboden-Orbitalschwei\u00dfen\n\t<\/h2>\n<h3>\n\t\tGeforderte Rohreigenschaften und Schwei\u00dfnahtvorbereitung\n\t<\/h3>\n\t<p>Beim <strong>Rohr-Rohrboden-Orbital-WIG-Schwei\u00dfen<\/strong> f\u00fchrt Planung zum Erfolg:\u00a0<\/p>\n<ol>\n<li> Die Rohre m\u00fcssen nahtlos sein oder eine gegl\u00e4ttete Schwei\u00dfnaht aufweisen<\/li>\n<li> Schwei\u00dfverbindungen m\u00fcssen J-Nahtvorbereitungen besitzen, die ein zuverl\u00e4ssiges Verschmelzen der Basis der Rohrkante, besonders im Fallnahtbereich, sicherstellt.\u00a0<\/li>\n<li> Wenn gute W\u00e4rmeleitung erforderlich ist, kann das Spiel zwischen dem Rohr und der Bohrung durch eine leichte Aufweitung Rohres beseitigt werden.<\/li>\n<li> Die Kontaktzone zwischen dem Rohr und dem Rohroden muss sauber sein, um die Bildung nicht akzeptabler Schlauchporen zu verhindern.<\/li>\n<li> Vor dem automatisierten Schwei\u00dfen darf niemals eine starke Aufweitung der Rohre im Rohrboden vorgenommen, da dies explosive Entgasungsvorg\u00e4nge verursacht.\u00a0<\/li>\n<\/ol>\n<h4>\n\t\tB\u00fcndige Rohre\n\t<\/h4>\n\t<p>Je nach Anwendung ist <a href=\"https:\/\/www.polysoude.com\/de\/warum-ist-es-wichtig-eine-ausbildung-im-orbitalschweissen-zu-absolvieren\/\">orbitales WIG-Schwei\u00dfen<\/a> b\u00fcndiger Rohre mit oder ohne F\u00fclldraht unter Verwendung verschiedener Schwei\u00dfnahtkonstruktionen m\u00f6glich:\u00a0<\/p>\n<ul>\n<li aria-level=\"1\">Standard-Nahtvorbereitung\u00a0<\/li>\n<li aria-level=\"1\">J-Nahtvorbereitung<\/li>\n<li aria-level=\"1\">V-Nahtvorbereitung\u00a0<\/li>\n<li aria-level=\"1\">Entlastungsspalt<\/li>\n<\/ul>\n\t\t\t\t<img loading=\"lazy\" decoding=\"async\" src=\"https:\/\/www.polysoude.com\/wp-content\/uploads\/2022\/09\/flush-tube-preparation-tubesheet-welding.png\" alt=\"Schema der Vorbereitungen des Rohrbodens f\u00fcr Dichtungs- oder Festigkeitsschwei\u00dfungen mit b\u00fcndigen Rohren\" itemprop=\"image\" height=\"375\" width=\"1028\" title=\"rohrb\u00fcndig-vorbereitung-rohrbogen-schwei\u00dfen\" onerror=\"this.style.display='none'\"  \/>\n<h4>\n\t\tSchwei\u00dfen b\u00fcndiger Rohre ohne Zusatzdraht \n\t<\/h4>\n\t<p>Die h\u00e4ufigste Standard-Nahtverbindung wird f\u00fcr das Schwei\u00dfen b\u00fcndiger Rohre durchgef\u00fchrt. F\u00fcr Anwendungen ohne Zusatzdraht mit einem Rohrdurchmesser zwischen 10 mm und 32 mm werden speziell entwickelte Schwei\u00dfk\u00f6pfe verwendet und der gesamte Schwei\u00dfprozess wird automatisch durchgef\u00fchrt.<\/p>\n<h4>\n\t\tSchwei\u00dfen b\u00fcndiger Rohre mit Zusatzdraht \n\t<\/h4>\n\t<p>Schwei\u00dfger\u00e4te mit vier oder f\u00fcnf gesteuerten Achsen k\u00f6nnen verwendet werden. Die offenen Rohr-Rohrboden-Schwei\u00dfk\u00f6pfe sollten entsprechend konfiguriert werden:\u00a0<\/p>\n<ul>\n<li aria-level=\"1\">Integrierter oder externer Drahtvorschub\u00a0<\/li>\n<li aria-level=\"1\">Mit oder ohne AVC\u00a0<\/li>\n<li aria-level=\"1\">Mit oder ohne Schutzgaskammer<\/li>\n<li aria-level=\"1\">Anstellwinkel 0\u00b0 oder 15\u00b0.<\/li>\n<\/ul>\n<h4>\n\t\tSchwei\u00dfen \u00fcberstehender Rohre\n\t<\/h4>\n\t<p>\u00dcberstehende Rohre werden immer mit Zusatzdraht eingeschwei\u00dft, Schwei\u00dfungen beginnen jedoch immer mit einem Schmelzdurchgang und es k\u00f6nnen verschiedene Schwei\u00dfverbindungen verwendet werden: Standard-Nahtvorbereitung ohne Spalt, J-Nahtvorbereitung oder V-Nahtvorbereitung.<\/p>\n\t\t\t\t<img loading=\"lazy\" decoding=\"async\" src=\"https:\/\/www.polysoude.com\/wp-content\/uploads\/2022\/09\/protruding-tube-preparation-tubesheet-welding.png\" alt=\"Rohrbodenschwei\u00dfschema f\u00fcr die Vorbereitung des Rohrbodens f\u00fcr Dichtungs- oder Festigkeitsschwei\u00dfungen mit vorstehenden Rohren\" itemprop=\"image\" height=\"367\" width=\"1030\" title=\"vorstehendes-rohr-vorbereitung-rohrblech-schwei\u00dfen\" onerror=\"this.style.display='none'\"  \/>\n<h4>\n\t\tSchwei\u00dfen zur\u00fcckgesetzter Rohre\n\t<\/h4>\n\t<p>Schwei\u00dfverbindungskonstruktionen sind: Standard-Nahtvorbereitung ohne Spalt, J-Nahtvorbereitung, V-Nahtvorbereitung, Hinterbodenschwei\u00dfung (h\u00e4ufig in der petrochemischen Industrie verwendet).<\/p>\n\t\t\t\t<img loading=\"lazy\" decoding=\"async\" src=\"https:\/\/www.polysoude.com\/wp-content\/uploads\/2022\/09\/recessed-tube-preparation-tubesheet-welding.png\" alt=\"Rohrbodenschwei\u00dfschema f\u00fcr die Vorbereitung des Rohrbodens f\u00fcr Dichtungs- oder Festigkeitsschwei\u00dfungen mit vertieften Rohren\" itemprop=\"image\" height=\"355\" width=\"1021\" title=\"vertieftes-rohr-vorbereitung-rohrblech-schwei\u00dfen\" onerror=\"this.style.display='none'\"  \/>\n\t\t\t<a href=\"https:\/\/www.polysoude.com\/de\/rohrendenvorbereitung-2\/\" target=\"_self\" role=\"button\" rel=\"noopener\">\n\t\t\t\t\t\t\tErfahren Sie mehr \u00fcber Roheinschwei\u00dfen und Schwei\u00dfnahtvorbereitung unter\n\t\t\t\t\t<\/a>\n<h2>\n\t\tWer wir sind\n\t<\/h2>\n\tPolysoude ist auf den Entwurf, die Entwicklung und Herstellung innovativer Lichtbogen-Schwei\u00dfl\u00f6sungen spezialisiert. Die Marke steht f\u00fcr weltweit f\u00fchrendes Expertenwissen in 3 Kernbereichen: automatische Systeme f\u00fcr orbitales WIG-Schwei\u00dfen, automatische WIG- und Plasmaschwei\u00dfl\u00f6sungen und WIGer\u2122-<a href=\"https:\/\/www.polysoude.com\/de\/auftragsschweissen\/\">Auftragsschwei\u00dfen<\/a>.<br \/>\nDas seit 1961 in Nantes ans\u00e4ssige Unternehmen stellt eine Vielzahl von Stromquellen und <a href=\"https:\/\/www.polysoude.com\/de\/orbitalschweissgeraete\/\">Orbitalschwei\u00dfger\u00e4te<\/a> sowie eine breite Palette offener und geschlossener Schwei\u00dfk\u00f6pfe her <br \/>\nAls intelligentes, werkorientiertes Unternehmen stellt Polysoude heute alle Produkte startklar f\u00fcr Industrie 4.0 her.\n<h3>\n\t\tSprechen Sie uns an\n\t<\/h3>\n\t<p>Treten Sie unserer Community auf LinkedIn bei: @Polsyoude<\/p>\n<p>Folgen Sie uns in unseren sozialen Netzwerken:\u00a0<\/p>\n<p>Facebook @polysoude\u00a0<\/p>\n<p>Instagram @polysoudeglobal <\/p>\n\n","protected":false},"excerpt":{"rendered":"<p>Heute wird Rohreinschwei\u00dfen zu einem entscheidenden Prozess, da viele Industrieger\u00e4te, wie W\u00e4rmetauscher, Dampfturbinen, Kondensatoren, Luftk\u00fchler bzw. Heizer aus tausenden von Metallrohren bestehen. Diese Rohrkonstruktionen werden gew\u00f6hnlich auf dicken Metallplatten montiert und f\u00fcr optimale Leistung und Langlebigkeit WIG-geschwei\u00dft (GTAW). Automatisiertes Schwei\u00dfen von Rohren an Rohrb\u00f6den hat manuelles Schwei\u00dfen ersetzt und sorgt f\u00fcr gesteigerte Produktivit\u00e4t und Reproduzierbarkeit [&hellip;]<\/p>\n","protected":false},"author":16,"featured_media":0,"parent":0,"menu_order":0,"comment_status":"closed","ping_status":"closed","template":"","meta":{"_acf_changed":false,"footnotes":""},"class_list":["post-42160","page","type-page","status-publish","hentry"],"acf":[],"yoast_head":"<!-- This site is optimized with the Yoast SEO plugin v27.3 - https:\/\/yoast.com\/product\/yoast-seo-wordpress\/ -->\n<title>Rohreinschwei\u00dfen | Polysoude<\/title>\n<meta name=\"description\" content=\"Heute wird Rohreinschwei\u00dfen zu einem entscheidenden Prozess, da viele Industrieger\u00e4te, wie W\u00e4rmetauscher, Dampfturbinen, Kondensatoren, Luftk\u00fchler bzw.\" \/>\n<meta name=\"robots\" content=\"index, follow, max-snippet:-1, max-image-preview:large, max-video-preview:-1\" \/>\n<link rel=\"canonical\" href=\"https:\/\/www.polysoude.com\/de\/rohreinschweissen\/\" \/>\n<meta property=\"og:locale\" content=\"de_DE\" \/>\n<meta property=\"og:type\" content=\"article\" \/>\n<meta property=\"og:title\" content=\"Rohreinschwei\u00dfen | Polysoude\" \/>\n<meta property=\"og:description\" content=\"Heute wird Rohreinschwei\u00dfen zu einem entscheidenden Prozess, da viele Industrieger\u00e4te, wie W\u00e4rmetauscher, Dampfturbinen, Kondensatoren, Luftk\u00fchler bzw.\" \/>\n<meta property=\"og:url\" content=\"https:\/\/www.polysoude.com\/de\/rohreinschweissen\/\" \/>\n<meta property=\"og:site_name\" content=\"Polysoude\" \/>\n<meta property=\"article:publisher\" content=\"https:\/\/www.facebook.com\/Polysoude\/\" \/>\n<meta property=\"article:modified_time\" content=\"2022-11-23T22:59:07+00:00\" \/>\n<meta property=\"og:image\" content=\"https:\/\/www.polysoude.com\/wp-content\/uploads\/2022\/09\/tubular-heat-exchanger-welding-plate.png\" \/>\n<meta name=\"twitter:card\" content=\"summary_large_image\" \/>\n<meta name=\"twitter:label1\" content=\"Gesch\u00e4tzte Lesezeit\" \/>\n\t<meta name=\"twitter:data1\" content=\"4 minutes\" \/>\n<script type=\"application\/ld+json\" class=\"yoast-schema-graph\">{\"@context\":\"https:\\\/\\\/schema.org\",\"@graph\":[{\"@type\":\"WebPage\",\"@id\":\"https:\\\/\\\/www.polysoude.com\\\/de\\\/rohreinschweissen\\\/\",\"url\":\"https:\\\/\\\/www.polysoude.com\\\/de\\\/rohreinschweissen\\\/\",\"name\":\"Rohreinschwei\u00dfen | Polysoude\",\"isPartOf\":{\"@id\":\"https:\\\/\\\/www.polysoude.com\\\/de\\\/#website\"},\"primaryImageOfPage\":{\"@id\":\"https:\\\/\\\/www.polysoude.com\\\/de\\\/rohreinschweissen\\\/#primaryimage\"},\"image\":{\"@id\":\"https:\\\/\\\/www.polysoude.com\\\/de\\\/rohreinschweissen\\\/#primaryimage\"},\"thumbnailUrl\":\"https:\\\/\\\/www.polysoude.com\\\/wp-content\\\/uploads\\\/2022\\\/09\\\/tubular-heat-exchanger-welding-plate.png\",\"datePublished\":\"2022-10-27T12:14:57+00:00\",\"dateModified\":\"2022-11-23T22:59:07+00:00\",\"description\":\"Heute wird Rohreinschwei\u00dfen zu einem entscheidenden Prozess, da viele Industrieger\u00e4te, wie W\u00e4rmetauscher, Dampfturbinen, Kondensatoren, Luftk\u00fchler bzw.\",\"breadcrumb\":{\"@id\":\"https:\\\/\\\/www.polysoude.com\\\/de\\\/rohreinschweissen\\\/#breadcrumb\"},\"inLanguage\":\"de-DE\",\"potentialAction\":[{\"@type\":\"ReadAction\",\"target\":[\"https:\\\/\\\/www.polysoude.com\\\/de\\\/rohreinschweissen\\\/\"]}]},{\"@type\":\"ImageObject\",\"inLanguage\":\"de-DE\",\"@id\":\"https:\\\/\\\/www.polysoude.com\\\/de\\\/rohreinschweissen\\\/#primaryimage\",\"url\":\"https:\\\/\\\/www.polysoude.com\\\/wp-content\\\/uploads\\\/2022\\\/09\\\/tubular-heat-exchanger-welding-plate.png\",\"contentUrl\":\"https:\\\/\\\/www.polysoude.com\\\/wp-content\\\/uploads\\\/2022\\\/09\\\/tubular-heat-exchanger-welding-plate.png\"},{\"@type\":\"BreadcrumbList\",\"@id\":\"https:\\\/\\\/www.polysoude.com\\\/de\\\/rohreinschweissen\\\/#breadcrumb\",\"itemListElement\":[{\"@type\":\"ListItem\",\"position\":1,\"name\":\"Home\",\"item\":\"https:\\\/\\\/www.polysoude.com\\\/de\\\/homepage\\\/\"},{\"@type\":\"ListItem\",\"position\":2,\"name\":\"Rohreinschwei\u00dfen\"}]},{\"@type\":\"WebSite\",\"@id\":\"https:\\\/\\\/www.polysoude.com\\\/de\\\/#website\",\"url\":\"https:\\\/\\\/www.polysoude.com\\\/de\\\/\",\"name\":\"Polysoude\",\"description\":\"The art of welding\",\"publisher\":{\"@id\":\"https:\\\/\\\/www.polysoude.com\\\/de\\\/#organization\"},\"alternateName\":\"Polysoude\",\"potentialAction\":[{\"@type\":\"SearchAction\",\"target\":{\"@type\":\"EntryPoint\",\"urlTemplate\":\"https:\\\/\\\/www.polysoude.com\\\/de\\\/?s={search_term_string}\"},\"query-input\":{\"@type\":\"PropertyValueSpecification\",\"valueRequired\":true,\"valueName\":\"search_term_string\"}}],\"inLanguage\":\"de-DE\"},{\"@type\":\"Organization\",\"@id\":\"https:\\\/\\\/www.polysoude.com\\\/de\\\/#organization\",\"name\":\"Polysoude\",\"alternateName\":\"Polysoude\",\"url\":\"https:\\\/\\\/www.polysoude.com\\\/de\\\/\",\"logo\":{\"@type\":\"ImageObject\",\"inLanguage\":\"de-DE\",\"@id\":\"https:\\\/\\\/www.polysoude.com\\\/de\\\/#\\\/schema\\\/logo\\\/image\\\/\",\"url\":\"https:\\\/\\\/www.polysoude.com\\\/wp-content\\\/uploads\\\/2022\\\/07\\\/Polysoude_Logo_signature_fond-transparent_600dpi_300mm_RVB-e1658123578778.png\",\"contentUrl\":\"https:\\\/\\\/www.polysoude.com\\\/wp-content\\\/uploads\\\/2022\\\/07\\\/Polysoude_Logo_signature_fond-transparent_600dpi_300mm_RVB-e1658123578778.png\",\"width\":465,\"height\":86,\"caption\":\"Polysoude\"},\"image\":{\"@id\":\"https:\\\/\\\/www.polysoude.com\\\/de\\\/#\\\/schema\\\/logo\\\/image\\\/\"},\"sameAs\":[\"https:\\\/\\\/www.facebook.com\\\/Polysoude\\\/\",\"https:\\\/\\\/www.linkedin.com\\\/company\\\/polysoude\\\/\",\"https:\\\/\\\/www.instagram.com\\\/polysoudeglobal\\\/\"]}]}<\/script>\n<!-- \/ Yoast SEO plugin. -->","yoast_head_json":{"title":"Rohreinschwei\u00dfen | Polysoude","description":"Heute wird Rohreinschwei\u00dfen zu einem entscheidenden Prozess, da viele Industrieger\u00e4te, wie W\u00e4rmetauscher, Dampfturbinen, Kondensatoren, Luftk\u00fchler bzw.","robots":{"index":"index","follow":"follow","max-snippet":"max-snippet:-1","max-image-preview":"max-image-preview:large","max-video-preview":"max-video-preview:-1"},"canonical":"https:\/\/www.polysoude.com\/de\/rohreinschweissen\/","og_locale":"de_DE","og_type":"article","og_title":"Rohreinschwei\u00dfen | Polysoude","og_description":"Heute wird Rohreinschwei\u00dfen zu einem entscheidenden Prozess, da viele Industrieger\u00e4te, wie W\u00e4rmetauscher, Dampfturbinen, Kondensatoren, Luftk\u00fchler bzw.","og_url":"https:\/\/www.polysoude.com\/de\/rohreinschweissen\/","og_site_name":"Polysoude","article_publisher":"https:\/\/www.facebook.com\/Polysoude\/","article_modified_time":"2022-11-23T22:59:07+00:00","og_image":[{"url":"https:\/\/www.polysoude.com\/wp-content\/uploads\/2022\/09\/tubular-heat-exchanger-welding-plate.png","type":"","width":"","height":""}],"twitter_card":"summary_large_image","twitter_misc":{"Gesch\u00e4tzte Lesezeit":"4 minutes"},"schema":{"@context":"https:\/\/schema.org","@graph":[{"@type":"WebPage","@id":"https:\/\/www.polysoude.com\/de\/rohreinschweissen\/","url":"https:\/\/www.polysoude.com\/de\/rohreinschweissen\/","name":"Rohreinschwei\u00dfen | Polysoude","isPartOf":{"@id":"https:\/\/www.polysoude.com\/de\/#website"},"primaryImageOfPage":{"@id":"https:\/\/www.polysoude.com\/de\/rohreinschweissen\/#primaryimage"},"image":{"@id":"https:\/\/www.polysoude.com\/de\/rohreinschweissen\/#primaryimage"},"thumbnailUrl":"https:\/\/www.polysoude.com\/wp-content\/uploads\/2022\/09\/tubular-heat-exchanger-welding-plate.png","datePublished":"2022-10-27T12:14:57+00:00","dateModified":"2022-11-23T22:59:07+00:00","description":"Heute wird Rohreinschwei\u00dfen zu einem entscheidenden Prozess, da viele Industrieger\u00e4te, wie W\u00e4rmetauscher, Dampfturbinen, Kondensatoren, Luftk\u00fchler bzw.","breadcrumb":{"@id":"https:\/\/www.polysoude.com\/de\/rohreinschweissen\/#breadcrumb"},"inLanguage":"de-DE","potentialAction":[{"@type":"ReadAction","target":["https:\/\/www.polysoude.com\/de\/rohreinschweissen\/"]}]},{"@type":"ImageObject","inLanguage":"de-DE","@id":"https:\/\/www.polysoude.com\/de\/rohreinschweissen\/#primaryimage","url":"https:\/\/www.polysoude.com\/wp-content\/uploads\/2022\/09\/tubular-heat-exchanger-welding-plate.png","contentUrl":"https:\/\/www.polysoude.com\/wp-content\/uploads\/2022\/09\/tubular-heat-exchanger-welding-plate.png"},{"@type":"BreadcrumbList","@id":"https:\/\/www.polysoude.com\/de\/rohreinschweissen\/#breadcrumb","itemListElement":[{"@type":"ListItem","position":1,"name":"Home","item":"https:\/\/www.polysoude.com\/de\/homepage\/"},{"@type":"ListItem","position":2,"name":"Rohreinschwei\u00dfen"}]},{"@type":"WebSite","@id":"https:\/\/www.polysoude.com\/de\/#website","url":"https:\/\/www.polysoude.com\/de\/","name":"Polysoude","description":"The art of welding","publisher":{"@id":"https:\/\/www.polysoude.com\/de\/#organization"},"alternateName":"Polysoude","potentialAction":[{"@type":"SearchAction","target":{"@type":"EntryPoint","urlTemplate":"https:\/\/www.polysoude.com\/de\/?s={search_term_string}"},"query-input":{"@type":"PropertyValueSpecification","valueRequired":true,"valueName":"search_term_string"}}],"inLanguage":"de-DE"},{"@type":"Organization","@id":"https:\/\/www.polysoude.com\/de\/#organization","name":"Polysoude","alternateName":"Polysoude","url":"https:\/\/www.polysoude.com\/de\/","logo":{"@type":"ImageObject","inLanguage":"de-DE","@id":"https:\/\/www.polysoude.com\/de\/#\/schema\/logo\/image\/","url":"https:\/\/www.polysoude.com\/wp-content\/uploads\/2022\/07\/Polysoude_Logo_signature_fond-transparent_600dpi_300mm_RVB-e1658123578778.png","contentUrl":"https:\/\/www.polysoude.com\/wp-content\/uploads\/2022\/07\/Polysoude_Logo_signature_fond-transparent_600dpi_300mm_RVB-e1658123578778.png","width":465,"height":86,"caption":"Polysoude"},"image":{"@id":"https:\/\/www.polysoude.com\/de\/#\/schema\/logo\/image\/"},"sameAs":["https:\/\/www.facebook.com\/Polysoude\/","https:\/\/www.linkedin.com\/company\/polysoude\/","https:\/\/www.instagram.com\/polysoudeglobal\/"]}]}},"_links":{"self":[{"href":"https:\/\/www.polysoude.com\/de\/wp-json\/wp\/v2\/pages\/42160","targetHints":{"allow":["GET"]}}],"collection":[{"href":"https:\/\/www.polysoude.com\/de\/wp-json\/wp\/v2\/pages"}],"about":[{"href":"https:\/\/www.polysoude.com\/de\/wp-json\/wp\/v2\/types\/page"}],"author":[{"embeddable":true,"href":"https:\/\/www.polysoude.com\/de\/wp-json\/wp\/v2\/users\/16"}],"replies":[{"embeddable":true,"href":"https:\/\/www.polysoude.com\/de\/wp-json\/wp\/v2\/comments?post=42160"}],"version-history":[{"count":2,"href":"https:\/\/www.polysoude.com\/de\/wp-json\/wp\/v2\/pages\/42160\/revisions"}],"predecessor-version":[{"id":42776,"href":"https:\/\/www.polysoude.com\/de\/wp-json\/wp\/v2\/pages\/42160\/revisions\/42776"}],"wp:attachment":[{"href":"https:\/\/www.polysoude.com\/de\/wp-json\/wp\/v2\/media?parent=42160"}],"curies":[{"name":"wp","href":"https:\/\/api.w.org\/{rel}","templated":true}]}}