{"id":42162,"date":"2022-10-27T14:14:57","date_gmt":"2022-10-27T12:14:57","guid":{"rendered":"https:\/\/www.polysoude.com\/?page_id=42162"},"modified":"2022-11-24T00:01:07","modified_gmt":"2022-11-23T23:01:07","slug":"orbitalschweissgeraete","status":"publish","type":"page","link":"https:\/\/www.polysoude.com\/de\/orbitalschweissgeraete\/","title":{"rendered":"Orbitalschwei\u00dfger\u00e4te"},"content":{"rendered":"\n\n\t<p>Bei der Auswahl von <strong>Orbitalschwei\u00dfger\u00e4ten<\/strong>\u00a0gibt es viele Dinge, die man zuerst wissen sollte, die sich auf WIG \/ GTAW-<a href=\"https:\/\/www.polysoude.com\/de\/\">Schwei\u00dfen<\/a> beziehen: Welches Ger\u00e4t bietet das beste Orbitalschwei\u00df-Set und wozu wurde es hergestellt. Die Kombination einer orbitalen WIG-<strong>Schwei\u00dfmaschine<\/strong>\u00a0bedeutet, dass eine <strong>Stromquelle<\/strong>\u00a0und ein <strong>Schwei\u00dfkopf<\/strong>\u00a0als Grundstein des orbitalen Schwei\u00dfprozesses gelten.<\/p>\n\t\t\t<a href=\"https:\/\/www.polysoude.com\/de\/sie-haben-eine-frage\/\" target=\"_self\" role=\"button\" rel=\"noopener\">\n\t\t\t\t\t\t\tKontaktieren Sie uns f\u00fcr weitere Informationen\n\t\t\t\t\t<\/a>\n<h2>\n\t\tHardwarekomponenten eines Orbitalschwei\u00dfger\u00e4ts \n\t<\/h2>\n<h3>\n\t\tSchwei\u00dfstromquelle\n\t<\/h3>\n\t<p>Ein <strong>Orbitalschwei\u00dfger\u00e4t<\/strong>\u00a0besteht im Allgemeinen aus einer programmierbaren <strong>Schwei\u00dfstromquelle<\/strong>\u00a0und einem Gegenst\u00fcck mit Fernbedienung, dem <strong>Schwei\u00dfkopf<\/strong>\u00a0und einer Drahtvorschubbeinrichtung, falls die Anwendung dies erfordert.<\/p>\n<h4>\n\t\tProgrammierbare Stromquelle \n\t<\/h4>\n\t<p>Die Orbitalschwei\u00dfstromquelle\u00a0oder Smart Welding Station bei Polysoude besitzt Unterbaugruppen mit jeweils speziellen Funktionen. \u00a0<strong>Leistungsrichter<\/strong>\u00a0liefern den Schwei\u00dfstrom und f\u00fcr Hei\u00dfdrahtschwei\u00dfen den Strom f\u00fcr die Erhitzung des Zusatzdrahtes. <strong>Eine programmierbare Steuereinheit<\/strong>\u00a0basiert auf einem integrierten oder externen PC. \u00a0<strong>Ein K\u00fchlkreislauf <\/strong>f\u00fcr den Brenner und die Schwei\u00df- und Klemmwerkzeuge und schlie\u00dflich zeichnet ein <strong>Datenerfassungssystem<\/strong>\u00a0jede Schwei\u00dfsequenz auf.<\/p>\n<h4>\n\t\tTragbare Stromquellen \n\t<\/h4>\n\t<p><strong>Tragbare Stromquellen <\/strong>k\u00f6nnen vom Bediener selbst an den Arbeitsplatz getragen werden. <strong>Schwei\u00dfstromquellen<\/strong>\u00a0dieser Art k\u00f6nnen bis zu vier Steuerungsachsen bew\u00e4ltigen, z.\u00a0B. k\u00f6nnen vier Ger\u00e4te programmiert und gesteuert werden: der Schutzgasfluss, die Schwei\u00dfstromst\u00e4rken und Pulsraten, die Schwei\u00dfkopfgeschwindigkeit und Drahtvorschubaktionen.<\/p>\n<h4>\n\t\tMittlere mobile Stromquellen\n\t<\/h4>\n\t<p><strong>Mittlere mobile <\/strong><strong>Stromquellen<\/strong>\u00a0werden wegen ihres h\u00f6heren Gewichts auf Gummir\u00e4dern montiert, um sie mobil zu halten<strong>. \u00a0<\/strong>Diese Stromquellen sind f\u00fcr sechs Achsen konzipiert, die dem Schutzgasfluss, den Schwei\u00dfstromintensit\u00e4ten und Pulsraten, der Schwei\u00dfkopfgeschwindigkeit, den Drahtvorschubaktionen und der Lichtbogenh\u00f6hensteuerung zugeordnet werden.<\/p>\n<h4>\n\t\tSchwei\u00dfstromquellen mit voller Gr\u00f6\u00dfe\n\t<\/h4>\n\t<p><strong>Schwei\u00dfstromquellen mit voller Gr\u00f6\u00dfe<\/strong>\u00a0sind f\u00fcr sechs oder mehr Achsen vorgesehen. Schutzgasfluss, Schwei\u00dfstromintensit\u00e4ten und Impulse, Schwei\u00dfkopfgeschwindigkeit, Drahvorschubaktionen, Lichtbogenh\u00f6hensteuerung und Oszillationsvorrichtungen. Es kann eine zweite Schwei\u00dfstromquelle installiert werden, um separat Strom an Hei\u00dfdrahtschwei\u00dfanwendungen zu liefern. Die Schwei\u00dfmaschinen\u00a0sind daf\u00fcr konzipiert, Hilfsachsen zu steuern, die sp\u00e4ter hinzugef\u00fcgt werden k\u00f6nnen, die notwendigen Elektronikbaugruppen sind an leeren Spalten an der Vorderseite der Maschine installiert, um personalisierte L\u00f6sungen zu bieten.<\/p>\n\t\t\t<a href=\"https:\/\/www.polysoude.com\/de\/orbitalschweissen-und-automatisiertes-schweissen\/orbitalschweissen-rohr-rohrverbindungen-2\/\" target=\"_self\" role=\"button\" rel=\"noopener\">\n\t\t\t\t\t\t\tErfahren Sie mehr \u00fcber Stromquellen und Smart Welding Stationen\n\t\t\t\t\t<\/a>\n<h3>\n\t\tOrbitalschwei\u00dfkopf\n\t<\/h3>\n<h4>\n\t\tWIG \/GATE-Schwei\u00dfkopf f\u00fcr Rohr-Rohr-Verschwei\u00dfung\n\t<\/h4>\n\t<ol>\n<li><strong>Ein WIG-Schwei\u00dfkopf mit geschlossener Kammer <\/strong>ist f\u00fcr die Schwei\u00dfung von Rohren ohne Zusatzdraht konzipiert und direkt mit einer entsprechenden Stromquelle Er ist ihn in verschiedenen Gr\u00f6\u00dfen erh\u00e4ltlich mit einer Reihe von Durchmessern zwischen 1,6 mm und 168 mm. \u00a0Geschlossene Orbitalschwei\u00dfk\u00f6pfeliefern beim Schwei\u00dfen von Metallen, die f\u00fcr Oxidation anf\u00e4llig sind, wie Titan oder Zirkon und ihre Legierungen hervorragende Ergebnisse.<\/li>\n<li><strong>Ein offener <\/strong><strong>Schwei\u00dfkopf<\/strong><strong>Typ U<\/strong>\u00a0wurde f\u00fcr <a href=\"https:\/\/www.polysoude.com\/de\/warum-ist-es-wichtig-eine-ausbildung-im-orbitalschweissen-zu-absolvieren\/\">orbitales WIG-Schwei\u00dfen<\/a> mit oder ohne Zusatzdraht konzipiert. \u00a0Die Durchmesser der zu schwei\u00dfenden Rohre liegen zwischen 8mm und 275mm. Sie erfordern eine eigene Schwei\u00dfstromquelle und m\u00fcssen mit dieser verbunden sein.<\/li>\n<li><strong>Ein Fahrwerk-Schwei\u00dfkopf <\/strong>ist ein offener Orbitalschwei\u00dfkopf, der auf Schienen oder Bahnen um die R\u00f6hren herumgef\u00fchrt wird. \u00a0Diese k\u00f6nnen auf jedem Rohr-Au\u00dfendurchmesser von 114 mm aufw\u00e4rts montiert werden. Die Wanddicke der betreffenden Rohre und Rohrleitungen erfordert immer ein Mehrdurchgangsschwei\u00dfen. Das robuste Design der Fahrwerk-Schwei\u00dfk\u00f6pfeerm\u00f6glicht es ihnen, die notwendige Ausr\u00fcstung, wie einen Antriebsmotor, einen Brenner mit AVC und Oszillationsvorrichtung und einen Drahtvorschub oder eine Videokamera zu tragen. Diese Orbitalschwei\u00dffahrwerke k\u00f6nnen je nach Anwendung entweder mit einem Standard-WIG-Schwei\u00dfbrenner oder einem Schmalspaltbrenner ausger\u00fcstet werden, was einen verbesserten Gasschutz nahe am Gasschutz geschlossener Schwei\u00dfbrenner<\/li>\n<\/ol>\n<h4>\n\t\tWIG \/GATE-Schwei\u00dfkopf f\u00fcr Schwei\u00dfen von Rohren auf Rohrb\u00f6den\n\t<\/h4>\n\t<ol>\n<li>\n<ol>\n<li><strong>Ein geschlossener <\/strong><strong>Schwei\u00dfkopf<\/strong><strong>f\u00fcr Rohr-Rohrbodenschwei\u00dfen ohne Zusatzdraht<\/strong>\u00a0ist f\u00fcr die WIG-Schwei\u00dfung (GTAW) von Anwendungen f\u00fcr Rohr-Rohrbodenschwei\u00dfen mit b\u00fcndigen oder leicht \u00fcberstehenden Rohren mir einem Innendurchmesser von mindestens 9,5 mm (3\/8&#8243;) bis 33,7 mm (1 1\/3&#8243;) konzipiert. Die Schwei\u00dfungen finden zum Schutz gegen Oxidation in einer mit Inertgas gef\u00fcllten Schwei\u00dfgaskammer statt.<\/li>\n<li><strong>Ein offener <\/strong><strong>Schwei\u00dfkopf f\u00fcr Rohr-Rohrbodenschwei\u00dfen<\/strong><strong>mit oder ohne Zusatzdraht<\/strong> deckt das gesamte Anwendungsspektrum ab, von Rohren mit einem Innendurchmesser von 10 mm (13\/32&#8243;) bis zu Rohren mit einem maximalen Au\u00dfendurchmesser von 60 mm. Der WIG-Schwei\u00dfbrenner wird um die Rohre herumgef\u00fchrt, die hervorstehend, b\u00fcndig oder zur\u00fcckgesetzt sein k\u00f6nnen. Die offenen Schwei\u00dfk\u00f6pfe sind mit einem WIG-Schwei\u00dfbrenner mit Gasdiffusor ausger\u00fcstet. \u00a0Der Gasschutz kann durch Installation einer Gaskammer verbessert werden. Jeder Schwei\u00dfkopf\u00a0kann mit einer integrierten Drahtvorschubeinheit ausger\u00fcstet werden.<\/li>\n<\/ol>\n<\/li>\n<\/ol>\n\t\t\t<a href=\"https:\/\/www.polysoude.com\/de\/orbitalschweissen-und-automatisiertes-schweissen\/orbitalschweissen-rohr-rohrverbindungen-2\/\" target=\"_self\" role=\"button\" rel=\"noopener\">\n\t\t\t\t\t\t\tErfahren Sie mehr \u00fcber Stromquellen und Smart Welding Stationen\n\t\t\t\t\t<\/a>\n<h2>\n\t\tWer wir sind\n\t<\/h2>\n\tPolysoude ist auf den Entwurf, die Entwicklung und Herstellung innovativer Lichtbogen-Schwei\u00dfl\u00f6sungen spezialisiert. Die Marke steht f\u00fcr weltweit f\u00fchrendes Expertenwissen in 3 Kernbereichen: automatische Systeme f\u00fcr orbitales WIG-Schwei\u00dfen, automatische WIG- und Plasmaschwei\u00dfl\u00f6sungen und WIGer\u2122-<a href=\"https:\/\/www.polysoude.com\/de\/auftragsschweissen\/\">Auftragsschwei\u00dfen<\/a>.<br \/>\nDas seit 1961 in Nantes ans\u00e4ssige Unternehmen stellt eine Vielzahl von Stromquellen und Orbitalschwei\u00dfger\u00e4te sowie eine breite Palette offener und geschlossener <strong>Schwei\u00dfk\u00f6pfe<\/strong>\u00a0her<br \/>\nPolysoude ist ein intelligentes, werkorientiertes Unternehmen, dessen Produkte alle bereit f\u00fcr Industrie 4.0 hergestellt werden.\n<h3>\n\t\tSprechen Sie uns an\n\t<\/h3>\n\t<p>Treten Sie unserer Community auf LinkedIn bei: @Polsyoude<\/p>\n<p>Folgen Sie uns in unseren sozialen Netzwerken:<\/p>\n<p>Facebook @polysoude<\/p>\n<p>Instagram @polysoudeglobal<\/p>\n\n","protected":false},"excerpt":{"rendered":"<p>Bei der Auswahl von Orbitalschwei\u00dfger\u00e4ten\u00a0gibt es viele Dinge, die man zuerst wissen sollte, die sich auf WIG \/ GTAW-Schwei\u00dfen beziehen: Welches Ger\u00e4t bietet das beste Orbitalschwei\u00df-Set und wozu wurde es hergestellt. Die Kombination einer orbitalen WIG-Schwei\u00dfmaschine\u00a0bedeutet, dass eine Stromquelle\u00a0und ein Schwei\u00dfkopf\u00a0als Grundstein des orbitalen Schwei\u00dfprozesses gelten. Kontaktieren Sie uns f\u00fcr weitere Informationen Hardwarekomponenten eines Orbitalschwei\u00dfger\u00e4ts [&hellip;]<\/p>\n","protected":false},"author":16,"featured_media":0,"parent":0,"menu_order":0,"comment_status":"closed","ping_status":"closed","template":"","meta":{"_acf_changed":false,"footnotes":""},"class_list":["post-42162","page","type-page","status-publish","hentry"],"acf":[],"yoast_head":"<!-- This site is optimized with the Yoast SEO plugin v27.3 - https:\/\/yoast.com\/product\/yoast-seo-wordpress\/ -->\n<title>Orbitalschwei\u00dfger\u00e4te | Polysoude<\/title>\n<meta name=\"description\" content=\"Bei der Auswahl von Orbitalschwei\u00dfger\u00e4ten\u00a0gibt es viele Dinge, die man zuerst wissen sollte, die sich auf WIG \/ GTAW-Schwei\u00dfen beziehen: Welches Ger\u00e4t\" \/>\n<meta name=\"robots\" content=\"index, follow, max-snippet:-1, max-image-preview:large, max-video-preview:-1\" \/>\n<link rel=\"canonical\" href=\"https:\/\/www.polysoude.com\/de\/orbitalschweissgeraete\/\" \/>\n<meta property=\"og:locale\" content=\"de_DE\" \/>\n<meta property=\"og:type\" content=\"article\" \/>\n<meta property=\"og:title\" content=\"Orbitalschwei\u00dfger\u00e4te | Polysoude\" \/>\n<meta property=\"og:description\" content=\"Bei der Auswahl von Orbitalschwei\u00dfger\u00e4ten\u00a0gibt es viele Dinge, die man zuerst wissen sollte, die sich auf WIG \/ GTAW-Schwei\u00dfen beziehen: Welches Ger\u00e4t\" \/>\n<meta property=\"og:url\" content=\"https:\/\/www.polysoude.com\/de\/orbitalschweissgeraete\/\" \/>\n<meta property=\"og:site_name\" content=\"Polysoude\" \/>\n<meta property=\"article:publisher\" content=\"https:\/\/www.facebook.com\/Polysoude\/\" \/>\n<meta property=\"article:modified_time\" content=\"2022-11-23T23:01:07+00:00\" \/>\n<meta name=\"twitter:card\" content=\"summary_large_image\" \/>\n<meta name=\"twitter:label1\" content=\"Gesch\u00e4tzte Lesezeit\" \/>\n\t<meta name=\"twitter:data1\" content=\"4 minutes\" \/>\n<script type=\"application\/ld+json\" class=\"yoast-schema-graph\">{\"@context\":\"https:\\\/\\\/schema.org\",\"@graph\":[{\"@type\":\"WebPage\",\"@id\":\"https:\\\/\\\/www.polysoude.com\\\/de\\\/orbitalschweissgeraete\\\/\",\"url\":\"https:\\\/\\\/www.polysoude.com\\\/de\\\/orbitalschweissgeraete\\\/\",\"name\":\"Orbitalschwei\u00dfger\u00e4te | Polysoude\",\"isPartOf\":{\"@id\":\"https:\\\/\\\/www.polysoude.com\\\/de\\\/#website\"},\"datePublished\":\"2022-10-27T12:14:57+00:00\",\"dateModified\":\"2022-11-23T23:01:07+00:00\",\"description\":\"Bei der Auswahl von Orbitalschwei\u00dfger\u00e4ten\u00a0gibt es viele Dinge, die man zuerst wissen sollte, die sich auf WIG \\\/ GTAW-Schwei\u00dfen beziehen: Welches Ger\u00e4t\",\"breadcrumb\":{\"@id\":\"https:\\\/\\\/www.polysoude.com\\\/de\\\/orbitalschweissgeraete\\\/#breadcrumb\"},\"inLanguage\":\"de-DE\",\"potentialAction\":[{\"@type\":\"ReadAction\",\"target\":[\"https:\\\/\\\/www.polysoude.com\\\/de\\\/orbitalschweissgeraete\\\/\"]}]},{\"@type\":\"BreadcrumbList\",\"@id\":\"https:\\\/\\\/www.polysoude.com\\\/de\\\/orbitalschweissgeraete\\\/#breadcrumb\",\"itemListElement\":[{\"@type\":\"ListItem\",\"position\":1,\"name\":\"Home\",\"item\":\"https:\\\/\\\/www.polysoude.com\\\/de\\\/homepage\\\/\"},{\"@type\":\"ListItem\",\"position\":2,\"name\":\"Orbitalschwei\u00dfger\u00e4te\"}]},{\"@type\":\"WebSite\",\"@id\":\"https:\\\/\\\/www.polysoude.com\\\/de\\\/#website\",\"url\":\"https:\\\/\\\/www.polysoude.com\\\/de\\\/\",\"name\":\"Polysoude\",\"description\":\"The art of welding\",\"publisher\":{\"@id\":\"https:\\\/\\\/www.polysoude.com\\\/de\\\/#organization\"},\"alternateName\":\"Polysoude\",\"potentialAction\":[{\"@type\":\"SearchAction\",\"target\":{\"@type\":\"EntryPoint\",\"urlTemplate\":\"https:\\\/\\\/www.polysoude.com\\\/de\\\/?s={search_term_string}\"},\"query-input\":{\"@type\":\"PropertyValueSpecification\",\"valueRequired\":true,\"valueName\":\"search_term_string\"}}],\"inLanguage\":\"de-DE\"},{\"@type\":\"Organization\",\"@id\":\"https:\\\/\\\/www.polysoude.com\\\/de\\\/#organization\",\"name\":\"Polysoude\",\"alternateName\":\"Polysoude\",\"url\":\"https:\\\/\\\/www.polysoude.com\\\/de\\\/\",\"logo\":{\"@type\":\"ImageObject\",\"inLanguage\":\"de-DE\",\"@id\":\"https:\\\/\\\/www.polysoude.com\\\/de\\\/#\\\/schema\\\/logo\\\/image\\\/\",\"url\":\"https:\\\/\\\/www.polysoude.com\\\/wp-content\\\/uploads\\\/2022\\\/07\\\/Polysoude_Logo_signature_fond-transparent_600dpi_300mm_RVB-e1658123578778.png\",\"contentUrl\":\"https:\\\/\\\/www.polysoude.com\\\/wp-content\\\/uploads\\\/2022\\\/07\\\/Polysoude_Logo_signature_fond-transparent_600dpi_300mm_RVB-e1658123578778.png\",\"width\":465,\"height\":86,\"caption\":\"Polysoude\"},\"image\":{\"@id\":\"https:\\\/\\\/www.polysoude.com\\\/de\\\/#\\\/schema\\\/logo\\\/image\\\/\"},\"sameAs\":[\"https:\\\/\\\/www.facebook.com\\\/Polysoude\\\/\",\"https:\\\/\\\/www.linkedin.com\\\/company\\\/polysoude\\\/\",\"https:\\\/\\\/www.instagram.com\\\/polysoudeglobal\\\/\"]}]}<\/script>\n<!-- \/ Yoast SEO plugin. -->","yoast_head_json":{"title":"Orbitalschwei\u00dfger\u00e4te | Polysoude","description":"Bei der Auswahl von Orbitalschwei\u00dfger\u00e4ten\u00a0gibt es viele Dinge, die man zuerst wissen sollte, die sich auf WIG \/ GTAW-Schwei\u00dfen beziehen: Welches Ger\u00e4t","robots":{"index":"index","follow":"follow","max-snippet":"max-snippet:-1","max-image-preview":"max-image-preview:large","max-video-preview":"max-video-preview:-1"},"canonical":"https:\/\/www.polysoude.com\/de\/orbitalschweissgeraete\/","og_locale":"de_DE","og_type":"article","og_title":"Orbitalschwei\u00dfger\u00e4te | Polysoude","og_description":"Bei der Auswahl von Orbitalschwei\u00dfger\u00e4ten\u00a0gibt es viele Dinge, die man zuerst wissen sollte, die sich auf WIG \/ GTAW-Schwei\u00dfen beziehen: Welches Ger\u00e4t","og_url":"https:\/\/www.polysoude.com\/de\/orbitalschweissgeraete\/","og_site_name":"Polysoude","article_publisher":"https:\/\/www.facebook.com\/Polysoude\/","article_modified_time":"2022-11-23T23:01:07+00:00","twitter_card":"summary_large_image","twitter_misc":{"Gesch\u00e4tzte Lesezeit":"4 minutes"},"schema":{"@context":"https:\/\/schema.org","@graph":[{"@type":"WebPage","@id":"https:\/\/www.polysoude.com\/de\/orbitalschweissgeraete\/","url":"https:\/\/www.polysoude.com\/de\/orbitalschweissgeraete\/","name":"Orbitalschwei\u00dfger\u00e4te | Polysoude","isPartOf":{"@id":"https:\/\/www.polysoude.com\/de\/#website"},"datePublished":"2022-10-27T12:14:57+00:00","dateModified":"2022-11-23T23:01:07+00:00","description":"Bei der Auswahl von Orbitalschwei\u00dfger\u00e4ten\u00a0gibt es viele Dinge, die man zuerst wissen sollte, die sich auf WIG \/ GTAW-Schwei\u00dfen beziehen: Welches Ger\u00e4t","breadcrumb":{"@id":"https:\/\/www.polysoude.com\/de\/orbitalschweissgeraete\/#breadcrumb"},"inLanguage":"de-DE","potentialAction":[{"@type":"ReadAction","target":["https:\/\/www.polysoude.com\/de\/orbitalschweissgeraete\/"]}]},{"@type":"BreadcrumbList","@id":"https:\/\/www.polysoude.com\/de\/orbitalschweissgeraete\/#breadcrumb","itemListElement":[{"@type":"ListItem","position":1,"name":"Home","item":"https:\/\/www.polysoude.com\/de\/homepage\/"},{"@type":"ListItem","position":2,"name":"Orbitalschwei\u00dfger\u00e4te"}]},{"@type":"WebSite","@id":"https:\/\/www.polysoude.com\/de\/#website","url":"https:\/\/www.polysoude.com\/de\/","name":"Polysoude","description":"The art of welding","publisher":{"@id":"https:\/\/www.polysoude.com\/de\/#organization"},"alternateName":"Polysoude","potentialAction":[{"@type":"SearchAction","target":{"@type":"EntryPoint","urlTemplate":"https:\/\/www.polysoude.com\/de\/?s={search_term_string}"},"query-input":{"@type":"PropertyValueSpecification","valueRequired":true,"valueName":"search_term_string"}}],"inLanguage":"de-DE"},{"@type":"Organization","@id":"https:\/\/www.polysoude.com\/de\/#organization","name":"Polysoude","alternateName":"Polysoude","url":"https:\/\/www.polysoude.com\/de\/","logo":{"@type":"ImageObject","inLanguage":"de-DE","@id":"https:\/\/www.polysoude.com\/de\/#\/schema\/logo\/image\/","url":"https:\/\/www.polysoude.com\/wp-content\/uploads\/2022\/07\/Polysoude_Logo_signature_fond-transparent_600dpi_300mm_RVB-e1658123578778.png","contentUrl":"https:\/\/www.polysoude.com\/wp-content\/uploads\/2022\/07\/Polysoude_Logo_signature_fond-transparent_600dpi_300mm_RVB-e1658123578778.png","width":465,"height":86,"caption":"Polysoude"},"image":{"@id":"https:\/\/www.polysoude.com\/de\/#\/schema\/logo\/image\/"},"sameAs":["https:\/\/www.facebook.com\/Polysoude\/","https:\/\/www.linkedin.com\/company\/polysoude\/","https:\/\/www.instagram.com\/polysoudeglobal\/"]}]}},"_links":{"self":[{"href":"https:\/\/www.polysoude.com\/de\/wp-json\/wp\/v2\/pages\/42162","targetHints":{"allow":["GET"]}}],"collection":[{"href":"https:\/\/www.polysoude.com\/de\/wp-json\/wp\/v2\/pages"}],"about":[{"href":"https:\/\/www.polysoude.com\/de\/wp-json\/wp\/v2\/types\/page"}],"author":[{"embeddable":true,"href":"https:\/\/www.polysoude.com\/de\/wp-json\/wp\/v2\/users\/16"}],"replies":[{"embeddable":true,"href":"https:\/\/www.polysoude.com\/de\/wp-json\/wp\/v2\/comments?post=42162"}],"version-history":[{"count":2,"href":"https:\/\/www.polysoude.com\/de\/wp-json\/wp\/v2\/pages\/42162\/revisions"}],"predecessor-version":[{"id":42777,"href":"https:\/\/www.polysoude.com\/de\/wp-json\/wp\/v2\/pages\/42162\/revisions\/42777"}],"wp:attachment":[{"href":"https:\/\/www.polysoude.com\/de\/wp-json\/wp\/v2\/media?parent=42162"}],"curies":[{"name":"wp","href":"https:\/\/api.w.org\/{rel}","templated":true}]}}