{"id":42164,"date":"2022-10-27T14:14:57","date_gmt":"2022-10-27T12:14:57","guid":{"rendered":"https:\/\/www.polysoude.com\/?page_id=42164"},"modified":"2022-11-24T00:02:34","modified_gmt":"2022-11-23T23:02:34","slug":"mechanisiertes-schweissen","status":"publish","type":"page","link":"https:\/\/www.polysoude.com\/de\/mechanisiertes-schweissen\/","title":{"rendered":"Mechanisiertes Schwei\u00dfen"},"content":{"rendered":"\n\n\t<p>Die gesamte Palette an Vorteilen in Verbindung mit WIG-<a href=\"https:\/\/www.polysoude.com\/de\/\">Schwei\u00dfen<\/a> hat nicht nur die Automatisierung von Arbeitsabl\u00e4ufen beg\u00fcnstigt, die vorher nur manuell erfolgten, sondern war auch der Ausgangspunkt bez\u00fcglich Anwendungen f\u00fcr immer gr\u00f6\u00dfere Werkst\u00fccke.<\/p>\n<p>Durch die vertrauensvolle Zusammenarbeit mit Kunden, bei der gemeinsam L\u00f6sungsans\u00e4tze schwei\u00dftechnischer Aufgaben erarbeitet werden, hat sich Polysoude zum Marktf\u00fchrer f\u00fcr mechanisierte und <strong>automatisierte WIG-Schwei\u00dfanlagen<\/strong>\u00a0entwickelt.<\/p>\n\t\t\t\t<img loading=\"lazy\" decoding=\"async\" src=\"https:\/\/www.polysoude.com\/wp-content\/uploads\/2022\/09\/tig-gtaw-automated-welding-lathe.jpg\" alt=\"Automatisiertes Schwei\u00dfen des Kopfes eines Kernreaktors mit dem WIG-GTAW-Brenner, \u00dcberdachung eines Superduplex-Kraftwerks\" itemprop=\"image\" height=\"613\" width=\"723\" title=\"tig-gtaw-automatisierte-schwei\u00dflatte\" onerror=\"this.style.display='none'\"  \/>\n\t\tMechanisierte und automatisierte <a href=\"https:\/\/www.polysoude.com\/de\/wig-schweissausruestung\/\">WIG-Schwei\u00dfmaschine<\/a> zum Schwei\u00dfen von Rohren in der Vorfertigung. Diese automatisierte Schwei\u00dfmaschine ist mit einem kippbaren Positionierer, einem Schwei\u00dfbrenner mit HW-Drahtvorschub und WDR-Videosystem, einem Reitstock mit pneumatischer Klemmung und einer Rohrhalterung ausgestattet. Alle Teile der automatisierten WIG-Schwei\u00dfanlage sind auf einem Rahmen montiert, so dass sie leicht in der Werkstatt bewegt werden kann.\n\t\t\t<a href=\"https:\/\/www.polysoude.com\/de\/sie-haben-eine-frage\/\" target=\"_self\" role=\"button\" rel=\"noopener\">\n\t\t\t\t\t\t\tKontaktieren Sie uns f\u00fcr weitere Informationen\n\t\t\t\t\t<\/a>\n<h2>\n\t\tMechanisiertes und automatisiertes WIG-Schwei\u00dfen\n\t<\/h2>\n\t<p>Polysoude produziert mit seinem <strong>mechanisierten und automatisierten WIG-Schwei\u00dfen<\/strong>\u00a0innovative, kundenorientierte L\u00f6sungen. \u00a0Diese Technologie hat die Kraft, Rohre, Leitungen und Rohrbodenanwendungen mit oder ohne Zusatzdraht zu schwei\u00dfen; f\u00e4hig, schweren mechanischen Belastungen zu widerstehen, absorbiert hohe dynamische Belastungen und bietet Korrosionsbest\u00e4ndigkeit.<\/p>\n\t<p>Spezieller Kopf f\u00fcr a<strong>utomatisiertes TIG-Schwei\u00dfen<\/strong>\u00a0zum Schwei\u00dfen der oberen Verbindung des Stangenkontrollmechanismus in der Nuklearindustrie. Diese <strong>automatisierte Schwei\u00dfmaschine<\/strong>\u00a0ist f\u00fcr die Verwendung in der Mitte von sehr hohen Mechanismen, die sich nahe beieinander befinden, konzipiert. Die Maschine wird entlang der Rohre bis in den Bereich, der geschwei\u00dft werden soll, gesenkt. Der Schwei\u00dfzyklus wird von Betreiber automatisch \u00fcber eine Fernbedienung gestartet.<\/p>\n\t\t\t\t<img loading=\"lazy\" decoding=\"async\" src=\"https:\/\/www.polysoude.com\/wp-content\/uploads\/2022\/09\/nuclear-reactor-head-canopy-welding-225x300.png\" alt=\"Automatisiertes Schwei\u00dfen des Kopfes eines Kernreaktors mit dem WIG-GTAW-Brenner, \u00dcberdachung eines Superduplex-Kraftwerks\" itemprop=\"image\" height=\"300\" width=\"225\" title=\"Kernreaktor-Kopfhauben-Schwei\u00dfung\" onerror=\"this.style.display='none'\"  \/>\n\t\tSpezieller automatisierter WIG-Schwei\u00dfkopf zum Schwei\u00dfen der oberen Verbindung des Stabsteuerungsmechanismus in der Nuklearindustrie. Diese automatisierte Schwei\u00dfmaschine ist f\u00fcr den Einsatz in der Mitte von sehr hohen und eng beieinander liegenden Mechanismen konzipiert. Die Maschine wird entlang der Rohre bis zu dem zu schwei\u00dfenden Bereich abgesenkt. Der Schwei\u00dfzyklus wird vom Bediener \u00fcber eine Fernsteuerung automatisch gestartet.\n\t<p>Mechanisiertes und <strong>automatisiertes WIG-Schwei\u00dfen<\/strong>\u00a0ist mit Entwicklungen bei elektronischen Systemen, einen Schritt weitergegangen und war bahnbrechend bei Anwendungen f\u00fcr <strong>mechanisiertes Schwei\u00dfen<\/strong>\u00a0in allen Positionen. Sequenzen f\u00fcr komplexes <strong>mechanisiertes Schwei\u00dfen<\/strong>\u00a0k\u00f6nnen im Voraus programmiert und Schwei\u00dfsequenzen sowie Anweisungen auf einem Computer gespeichert werden. Daten k\u00f6nnen per USB-Stick an bestimmte automatisierte Schwei\u00dfmaschinen\u00a0\u00fcbertragen werden, oder bei anspruchsvollerer Technologie wie der P6-Serie, wird die Programmierung mit der Integration der graphischen\u00a0Benutzerschnittstelle (GUI)\u00a0weiterentwickelt.\u00a0Diese GUI erm\u00f6glicht ein komplettes Schwei\u00dfdatenmanagement und bietet auch zahlreiche Hilfsfunktionen, um die Entwicklung und den Abschluss einer WIG-Schwei\u00dfsequenz zu unterst\u00fctzen, indem eine wiederholbare Kontrolle aller mechanischen und elektromechanischen Parameter von <strong>mechanisiertem Schwei\u00dfen<\/strong>\u00a0garantiert wird.<\/p>\n\t\t\t\t<img loading=\"lazy\" decoding=\"async\" src=\"https:\/\/www.polysoude.com\/wp-content\/uploads\/2022\/09\/user-interface-mechanised-automated-welding-1.png\" alt=\"Plasmaschwei\u00dfen Benutzeroberfl\u00e4che f\u00fcr mechanisiertes automatisiertes Schwei\u00dfen WPS Schwei\u00dfprogramm-Spezifikationen\" itemprop=\"image\" height=\"668\" width=\"1728\" title=\"Benutzerschnittstelle-mechanisiert-automatisiertes-Schwei\u00dfen\" onerror=\"this.style.display='none'\"  \/>\n\t\tVier Bildschirmbeispiele der grafischen Benutzeroberfl\u00e4che f\u00fcr die Programmierung, die Einstellung der Schwei\u00dfparameter, den Start des Schwei\u00dfzyklus und die Schwei\u00dfunterst\u00fctzung einer automatischen WIG-Schwei\u00dfstromquelle.\n\t<p>Der jeweiligen Schwei\u00dfaufgabe und Art der Schwei\u00dfn\u00e4hte entsprechend l\u00e4sst sich die notwendige Bewegung der Werkst\u00fccke durch Einsatz mechanischer Unterbaugruppen (Drehtische, Rollenbockanlagen oder Positioniervorrichtungen) erzeugen, bei technisch noch anspruchsvolleren Anlagen wird der Brenner als Teil eines Schwei\u00dfkopfes um das feststehende Werkst\u00fcck herumgef\u00fchrt (Orbitalschwei\u00dfen).<\/p>\n<p>Qualifizierte Bediener \u00fcbernehmen den Betrieb der <strong>automatisierten WIG-Schwei\u00dfanlagen<\/strong>, aber nach dem Start des Schwei\u00dfzyklus wird das <strong>automatisierte Schwei\u00dfsystem<\/strong> komplett von der einmalig konstruierten <a href=\"https:\/\/www.polysoude.com\/de\/orbitalschweissgeraete\/\">Stromquelle<\/a> kontrolliert und \u00fcberwacht, die alle Funktionen und Bewegungen der Installation initiiert und kontrolliert. Daher sind die Ergebnisse hervorragend und Qualit\u00e4t ist vorbestimmt.<\/p>\n<p>Mit mechanisierten oder<strong> automatisierten WIG-Schwei\u00dfanlagen<\/strong>\u00a0k\u00f6nnen beliebig viele Schwei\u00dfn\u00e4hte dauerhaft reproduzierbar hergestellt werden, wobei jede einzelne Schwei\u00dfverbindung die strengsten Anforderungen f\u00fcr Produktionsziele erf\u00fcllt und dadurch die Produktivit\u00e4t steigert.<\/p>\n\t\t\t<a href=\"https:\/\/www.polysoude.com\/de\/orbitalschweissen-und-automatisiertes-schweissen\/automatisiertes-schweissen\/\" target=\"_self\" role=\"button\" rel=\"noopener\">\n\t\t\t\t\t\t\tErfahren Sie mehr\n\t\t\t\t\t<\/a>\n<h2>\n\t\tWer wir sind\n\t<\/h2>\n\tPolysoude ist auf den Entwurf, die Entwicklung und Herstellung innovativer Lichtbogen-Schwei\u00dfl\u00f6sungen spezialisiert. Die Marke steht f\u00fcr weltweit f\u00fchrendes Expertenwissen in 3 Kernbereichen: automatische Systeme f\u00fcr <a href=\"https:\/\/www.polysoude.com\/de\/warum-ist-es-wichtig-eine-ausbildung-im-orbitalschweissen-zu-absolvieren\/\">orbitales WIG-Schwei\u00dfen<\/a>, automatische WIG- und Plasmaschwei\u00dfl\u00f6sungen und WIGer\u2122-<a href=\"https:\/\/www.polysoude.com\/de\/auftragsschweissen\/\">Auftragsschwei\u00dfen<\/a>.<br \/>\nDas seit 1961 in Nantes ans\u00e4ssige Unternehmen stellt eine Vielzahl von Stromquellen und Orbitalschwei\u00dfger\u00e4ten sowie geschlossener Schwei\u00dfk\u00f6pfe\u00a0her und zeichnet sich im Projektmanagement von <strong>mechanisiertem und automatisiertem WIG-Schwei\u00dfen<\/strong>\u00a0aus.\n<h3>\n\t\tSprechen Sie uns an\n\t<\/h3>\n\t<p>Treten Sie unserer Community auf LinkedIn bei: @Polsyoude<\/p>\n<p>Folgen Sie uns in unseren sozialen Netzwerken:<\/p>\n<p>Facebook @polysoude<\/p>\n<p>Instagram @polysoudeglobal<\/p>\n\n","protected":false},"excerpt":{"rendered":"<p>Die gesamte Palette an Vorteilen in Verbindung mit WIG-Schwei\u00dfen hat nicht nur die Automatisierung von Arbeitsabl\u00e4ufen beg\u00fcnstigt, die vorher nur manuell erfolgten, sondern war auch der Ausgangspunkt bez\u00fcglich Anwendungen f\u00fcr immer gr\u00f6\u00dfere Werkst\u00fccke. Durch die vertrauensvolle Zusammenarbeit mit Kunden, bei der gemeinsam L\u00f6sungsans\u00e4tze schwei\u00dftechnischer Aufgaben erarbeitet werden, hat sich Polysoude zum Marktf\u00fchrer f\u00fcr mechanisierte und [&hellip;]<\/p>\n","protected":false},"author":16,"featured_media":0,"parent":0,"menu_order":0,"comment_status":"closed","ping_status":"closed","template":"","meta":{"_acf_changed":false,"footnotes":""},"class_list":["post-42164","page","type-page","status-publish","hentry"],"acf":[],"yoast_head":"<!-- This site is optimized with the Yoast SEO plugin v27.3 - https:\/\/yoast.com\/product\/yoast-seo-wordpress\/ -->\n<title>Mechanisiertes Schwei\u00dfen | Polysoude<\/title>\n<meta name=\"description\" content=\"Die gesamte Palette an Vorteilen in Verbindung mit WIG-Schwei\u00dfen hat nicht nur die Automatisierung von Arbeitsabl\u00e4ufen beg\u00fcnstigt, die vorher nur manuell\" \/>\n<meta name=\"robots\" content=\"index, follow, max-snippet:-1, max-image-preview:large, max-video-preview:-1\" \/>\n<link rel=\"canonical\" href=\"https:\/\/www.polysoude.com\/de\/mechanisiertes-schweissen\/\" \/>\n<meta property=\"og:locale\" content=\"de_DE\" \/>\n<meta property=\"og:type\" content=\"article\" \/>\n<meta property=\"og:title\" content=\"Mechanisiertes Schwei\u00dfen | Polysoude\" \/>\n<meta property=\"og:description\" content=\"Die gesamte Palette an Vorteilen in Verbindung mit WIG-Schwei\u00dfen hat nicht nur die Automatisierung von Arbeitsabl\u00e4ufen beg\u00fcnstigt, die vorher nur manuell\" \/>\n<meta property=\"og:url\" content=\"https:\/\/www.polysoude.com\/de\/mechanisiertes-schweissen\/\" \/>\n<meta property=\"og:site_name\" content=\"Polysoude\" \/>\n<meta property=\"article:publisher\" content=\"https:\/\/www.facebook.com\/Polysoude\/\" \/>\n<meta property=\"article:modified_time\" content=\"2022-11-23T23:02:34+00:00\" \/>\n<meta property=\"og:image\" content=\"https:\/\/www.polysoude.com\/wp-content\/uploads\/2022\/09\/tig-gtaw-automated-welding-lathe.jpg\" \/>\n<meta name=\"twitter:card\" content=\"summary_large_image\" \/>\n<meta name=\"twitter:label1\" content=\"Gesch\u00e4tzte Lesezeit\" \/>\n\t<meta name=\"twitter:data1\" content=\"4 minutes\" \/>\n<script type=\"application\/ld+json\" class=\"yoast-schema-graph\">{\"@context\":\"https:\\\/\\\/schema.org\",\"@graph\":[{\"@type\":\"WebPage\",\"@id\":\"https:\\\/\\\/www.polysoude.com\\\/de\\\/mechanisiertes-schweissen\\\/\",\"url\":\"https:\\\/\\\/www.polysoude.com\\\/de\\\/mechanisiertes-schweissen\\\/\",\"name\":\"Mechanisiertes Schwei\u00dfen | Polysoude\",\"isPartOf\":{\"@id\":\"https:\\\/\\\/www.polysoude.com\\\/de\\\/#website\"},\"primaryImageOfPage\":{\"@id\":\"https:\\\/\\\/www.polysoude.com\\\/de\\\/mechanisiertes-schweissen\\\/#primaryimage\"},\"image\":{\"@id\":\"https:\\\/\\\/www.polysoude.com\\\/de\\\/mechanisiertes-schweissen\\\/#primaryimage\"},\"thumbnailUrl\":\"https:\\\/\\\/www.polysoude.com\\\/wp-content\\\/uploads\\\/2022\\\/09\\\/tig-gtaw-automated-welding-lathe.jpg\",\"datePublished\":\"2022-10-27T12:14:57+00:00\",\"dateModified\":\"2022-11-23T23:02:34+00:00\",\"description\":\"Die gesamte Palette an Vorteilen in Verbindung mit WIG-Schwei\u00dfen hat nicht nur die Automatisierung von Arbeitsabl\u00e4ufen beg\u00fcnstigt, die vorher nur manuell\",\"breadcrumb\":{\"@id\":\"https:\\\/\\\/www.polysoude.com\\\/de\\\/mechanisiertes-schweissen\\\/#breadcrumb\"},\"inLanguage\":\"de-DE\",\"potentialAction\":[{\"@type\":\"ReadAction\",\"target\":[\"https:\\\/\\\/www.polysoude.com\\\/de\\\/mechanisiertes-schweissen\\\/\"]}]},{\"@type\":\"ImageObject\",\"inLanguage\":\"de-DE\",\"@id\":\"https:\\\/\\\/www.polysoude.com\\\/de\\\/mechanisiertes-schweissen\\\/#primaryimage\",\"url\":\"https:\\\/\\\/www.polysoude.com\\\/wp-content\\\/uploads\\\/2022\\\/09\\\/tig-gtaw-automated-welding-lathe.jpg\",\"contentUrl\":\"https:\\\/\\\/www.polysoude.com\\\/wp-content\\\/uploads\\\/2022\\\/09\\\/tig-gtaw-automated-welding-lathe.jpg\"},{\"@type\":\"BreadcrumbList\",\"@id\":\"https:\\\/\\\/www.polysoude.com\\\/de\\\/mechanisiertes-schweissen\\\/#breadcrumb\",\"itemListElement\":[{\"@type\":\"ListItem\",\"position\":1,\"name\":\"Home\",\"item\":\"https:\\\/\\\/www.polysoude.com\\\/de\\\/homepage\\\/\"},{\"@type\":\"ListItem\",\"position\":2,\"name\":\"Mechanisiertes Schwei\u00dfen\"}]},{\"@type\":\"WebSite\",\"@id\":\"https:\\\/\\\/www.polysoude.com\\\/de\\\/#website\",\"url\":\"https:\\\/\\\/www.polysoude.com\\\/de\\\/\",\"name\":\"Polysoude\",\"description\":\"The art of welding\",\"publisher\":{\"@id\":\"https:\\\/\\\/www.polysoude.com\\\/de\\\/#organization\"},\"alternateName\":\"Polysoude\",\"potentialAction\":[{\"@type\":\"SearchAction\",\"target\":{\"@type\":\"EntryPoint\",\"urlTemplate\":\"https:\\\/\\\/www.polysoude.com\\\/de\\\/?s={search_term_string}\"},\"query-input\":{\"@type\":\"PropertyValueSpecification\",\"valueRequired\":true,\"valueName\":\"search_term_string\"}}],\"inLanguage\":\"de-DE\"},{\"@type\":\"Organization\",\"@id\":\"https:\\\/\\\/www.polysoude.com\\\/de\\\/#organization\",\"name\":\"Polysoude\",\"alternateName\":\"Polysoude\",\"url\":\"https:\\\/\\\/www.polysoude.com\\\/de\\\/\",\"logo\":{\"@type\":\"ImageObject\",\"inLanguage\":\"de-DE\",\"@id\":\"https:\\\/\\\/www.polysoude.com\\\/de\\\/#\\\/schema\\\/logo\\\/image\\\/\",\"url\":\"https:\\\/\\\/www.polysoude.com\\\/wp-content\\\/uploads\\\/2022\\\/07\\\/Polysoude_Logo_signature_fond-transparent_600dpi_300mm_RVB-e1658123578778.png\",\"contentUrl\":\"https:\\\/\\\/www.polysoude.com\\\/wp-content\\\/uploads\\\/2022\\\/07\\\/Polysoude_Logo_signature_fond-transparent_600dpi_300mm_RVB-e1658123578778.png\",\"width\":465,\"height\":86,\"caption\":\"Polysoude\"},\"image\":{\"@id\":\"https:\\\/\\\/www.polysoude.com\\\/de\\\/#\\\/schema\\\/logo\\\/image\\\/\"},\"sameAs\":[\"https:\\\/\\\/www.facebook.com\\\/Polysoude\\\/\",\"https:\\\/\\\/www.linkedin.com\\\/company\\\/polysoude\\\/\",\"https:\\\/\\\/www.instagram.com\\\/polysoudeglobal\\\/\"]}]}<\/script>\n<!-- \/ Yoast SEO plugin. -->","yoast_head_json":{"title":"Mechanisiertes Schwei\u00dfen | Polysoude","description":"Die gesamte Palette an Vorteilen in Verbindung mit WIG-Schwei\u00dfen hat nicht nur die Automatisierung von Arbeitsabl\u00e4ufen beg\u00fcnstigt, die vorher nur manuell","robots":{"index":"index","follow":"follow","max-snippet":"max-snippet:-1","max-image-preview":"max-image-preview:large","max-video-preview":"max-video-preview:-1"},"canonical":"https:\/\/www.polysoude.com\/de\/mechanisiertes-schweissen\/","og_locale":"de_DE","og_type":"article","og_title":"Mechanisiertes Schwei\u00dfen | Polysoude","og_description":"Die gesamte Palette an Vorteilen in Verbindung mit WIG-Schwei\u00dfen hat nicht nur die Automatisierung von Arbeitsabl\u00e4ufen beg\u00fcnstigt, die vorher nur manuell","og_url":"https:\/\/www.polysoude.com\/de\/mechanisiertes-schweissen\/","og_site_name":"Polysoude","article_publisher":"https:\/\/www.facebook.com\/Polysoude\/","article_modified_time":"2022-11-23T23:02:34+00:00","og_image":[{"url":"https:\/\/www.polysoude.com\/wp-content\/uploads\/2022\/09\/tig-gtaw-automated-welding-lathe.jpg","type":"","width":"","height":""}],"twitter_card":"summary_large_image","twitter_misc":{"Gesch\u00e4tzte Lesezeit":"4 minutes"},"schema":{"@context":"https:\/\/schema.org","@graph":[{"@type":"WebPage","@id":"https:\/\/www.polysoude.com\/de\/mechanisiertes-schweissen\/","url":"https:\/\/www.polysoude.com\/de\/mechanisiertes-schweissen\/","name":"Mechanisiertes Schwei\u00dfen | Polysoude","isPartOf":{"@id":"https:\/\/www.polysoude.com\/de\/#website"},"primaryImageOfPage":{"@id":"https:\/\/www.polysoude.com\/de\/mechanisiertes-schweissen\/#primaryimage"},"image":{"@id":"https:\/\/www.polysoude.com\/de\/mechanisiertes-schweissen\/#primaryimage"},"thumbnailUrl":"https:\/\/www.polysoude.com\/wp-content\/uploads\/2022\/09\/tig-gtaw-automated-welding-lathe.jpg","datePublished":"2022-10-27T12:14:57+00:00","dateModified":"2022-11-23T23:02:34+00:00","description":"Die gesamte Palette an Vorteilen in Verbindung mit WIG-Schwei\u00dfen hat nicht nur die Automatisierung von Arbeitsabl\u00e4ufen beg\u00fcnstigt, die vorher nur manuell","breadcrumb":{"@id":"https:\/\/www.polysoude.com\/de\/mechanisiertes-schweissen\/#breadcrumb"},"inLanguage":"de-DE","potentialAction":[{"@type":"ReadAction","target":["https:\/\/www.polysoude.com\/de\/mechanisiertes-schweissen\/"]}]},{"@type":"ImageObject","inLanguage":"de-DE","@id":"https:\/\/www.polysoude.com\/de\/mechanisiertes-schweissen\/#primaryimage","url":"https:\/\/www.polysoude.com\/wp-content\/uploads\/2022\/09\/tig-gtaw-automated-welding-lathe.jpg","contentUrl":"https:\/\/www.polysoude.com\/wp-content\/uploads\/2022\/09\/tig-gtaw-automated-welding-lathe.jpg"},{"@type":"BreadcrumbList","@id":"https:\/\/www.polysoude.com\/de\/mechanisiertes-schweissen\/#breadcrumb","itemListElement":[{"@type":"ListItem","position":1,"name":"Home","item":"https:\/\/www.polysoude.com\/de\/homepage\/"},{"@type":"ListItem","position":2,"name":"Mechanisiertes Schwei\u00dfen"}]},{"@type":"WebSite","@id":"https:\/\/www.polysoude.com\/de\/#website","url":"https:\/\/www.polysoude.com\/de\/","name":"Polysoude","description":"The art of welding","publisher":{"@id":"https:\/\/www.polysoude.com\/de\/#organization"},"alternateName":"Polysoude","potentialAction":[{"@type":"SearchAction","target":{"@type":"EntryPoint","urlTemplate":"https:\/\/www.polysoude.com\/de\/?s={search_term_string}"},"query-input":{"@type":"PropertyValueSpecification","valueRequired":true,"valueName":"search_term_string"}}],"inLanguage":"de-DE"},{"@type":"Organization","@id":"https:\/\/www.polysoude.com\/de\/#organization","name":"Polysoude","alternateName":"Polysoude","url":"https:\/\/www.polysoude.com\/de\/","logo":{"@type":"ImageObject","inLanguage":"de-DE","@id":"https:\/\/www.polysoude.com\/de\/#\/schema\/logo\/image\/","url":"https:\/\/www.polysoude.com\/wp-content\/uploads\/2022\/07\/Polysoude_Logo_signature_fond-transparent_600dpi_300mm_RVB-e1658123578778.png","contentUrl":"https:\/\/www.polysoude.com\/wp-content\/uploads\/2022\/07\/Polysoude_Logo_signature_fond-transparent_600dpi_300mm_RVB-e1658123578778.png","width":465,"height":86,"caption":"Polysoude"},"image":{"@id":"https:\/\/www.polysoude.com\/de\/#\/schema\/logo\/image\/"},"sameAs":["https:\/\/www.facebook.com\/Polysoude\/","https:\/\/www.linkedin.com\/company\/polysoude\/","https:\/\/www.instagram.com\/polysoudeglobal\/"]}]}},"_links":{"self":[{"href":"https:\/\/www.polysoude.com\/de\/wp-json\/wp\/v2\/pages\/42164","targetHints":{"allow":["GET"]}}],"collection":[{"href":"https:\/\/www.polysoude.com\/de\/wp-json\/wp\/v2\/pages"}],"about":[{"href":"https:\/\/www.polysoude.com\/de\/wp-json\/wp\/v2\/types\/page"}],"author":[{"embeddable":true,"href":"https:\/\/www.polysoude.com\/de\/wp-json\/wp\/v2\/users\/16"}],"replies":[{"embeddable":true,"href":"https:\/\/www.polysoude.com\/de\/wp-json\/wp\/v2\/comments?post=42164"}],"version-history":[{"count":2,"href":"https:\/\/www.polysoude.com\/de\/wp-json\/wp\/v2\/pages\/42164\/revisions"}],"predecessor-version":[{"id":42778,"href":"https:\/\/www.polysoude.com\/de\/wp-json\/wp\/v2\/pages\/42164\/revisions\/42778"}],"wp:attachment":[{"href":"https:\/\/www.polysoude.com\/de\/wp-json\/wp\/v2\/media?parent=42164"}],"curies":[{"name":"wp","href":"https:\/\/api.w.org\/{rel}","templated":true}]}}