{"id":42168,"date":"2022-10-27T14:14:55","date_gmt":"2022-10-27T12:14:55","guid":{"rendered":"https:\/\/www.polysoude.com\/?page_id=42168"},"modified":"2022-11-24T00:04:07","modified_gmt":"2022-11-23T23:04:07","slug":"engspaltschweissen","status":"publish","type":"page","link":"https:\/\/www.polysoude.com\/de\/engspaltschweissen\/","title":{"rendered":"Engspaltschwei\u00dfen"},"content":{"rendered":"\n\n\t<p>Warum <strong>Engspaltschwei\u00dfen<\/strong>? Die gesamte Palette an Vorteilen in Verbindung mit WIG-Schwei\u00dfen hat nicht nur die Automatisierung von Arbeitsabl\u00e4ufen beg\u00fcnstigt, die vorher nur manuell erfolgten, sondern war auch der Ausgangspunkt bez\u00fcglich Anwendungen f\u00fcr immer gr\u00f6\u00dfere Werkst\u00fccke.<\/p>\n<p>In der Folge haben viele Varianten oder Entwicklungen in Richtung st\u00e4rkerer Schwei\u00dfstromquellen oder die Einf\u00fchrung zus\u00e4tzlicher Funktionen, wie der Einsatz von Hei\u00dfdraht oder doppeltem Drahtvorschub oder die Schaffung spezieller Werkzeuge, wie Auftragschwei\u00dfen und Schmalspaltbrenner\u00a0das Anwendungsfeld f\u00fcr WIG entschieden erweitert.<\/p>\n<p>Angesichts der zahlreichen relevanten Vorteile im Vergleich zu allen auf dem Markt verf\u00fcgbaren Verfahren ist es heute der Einsatz von WIG f\u00fcr das Schwei\u00dfen von Werkst\u00fccken mit einer Dicke von 30 bis 300 mm nicht mehr unrealistisch.<\/p>\n<p>Der WIG-Schwei\u00dfansatz f\u00fcr dicke Werkst\u00fccke erfordert jedoch einige spezielle Kenntnisse einerseits hinsichtlich der Auswahl und Verwendung von Ger\u00e4ten und andererseits hinsichtlich der Vorbereitung des Werkst\u00fccks und der Entwicklung von Arbeitsabl\u00e4ufen.<\/p>\n\t\t\t<a href=\"https:\/\/www.polysoude.com\/de\/sie-haben-eine-frage\/\" target=\"_self\" role=\"button\" rel=\"noopener\">\n\t\t\t\t\t\t\tKontaktieren Sie uns f\u00fcr weitere Informationen\n\t\t\t\t\t<\/a>\n<h2>\n\t\tEngspaltschwei\u00dfen\n\t<\/h2>\n<h3>\n\t\tEinf\u00fchrung\n\t<\/h3>\n\t<p>In Jahrzehnten des Fortschritts wurde WIG-Schwei\u00dfen zu einem unverzichtbaren Verfahren, das den breitesten Anwendungsbereich und vern\u00fcnftige Betriebseinschr\u00e4nkungen bietet. Das Hei\u00dfdraht-WIG-Verfahren ist effektiv bei der Herstellung von hochwertigen Schwei\u00dfungen in allen Schwei\u00dfpositionen und bildet jetzt die Basis f\u00fcr viele automatische Anwendungen, darunter jene, die immer gr\u00f6\u00dfere Werkst\u00fccke einbeziehen.<\/p>\n<h3>\n\t\tEngspalt\n\t<\/h3>\n\t\t\t\t<img loading=\"lazy\" decoding=\"async\" src=\"https:\/\/www.polysoude.com\/wp-content\/uploads\/2022\/09\/narrow-gap-welding-torch-chamfer-300x209.png\" alt=\"Foto, das die Basis eines Schmalspaltbrenners mit der Drahtf\u00fchrung am Eingang einer engen Kammer zeigt. Die Dicke des Schwei\u00dfbrenners ist gering und der Brenner ist mit einem Schutzgas-Trailer zum Schutz des Schmelzbades vor Oxidation ausgestattet.\" itemprop=\"image\" height=\"209\" width=\"300\" title=\"Engspalt-Schwei\u00dfbrenner-Fase\" onerror=\"this.style.display='none'\"  \/>\n\t\tFoto, das die Basis eines Schmalspaltbrenners mit der Drahtf\u00fchrung am Eingang einer engen Kammer zeigt. Die Dicke des Schwei\u00dfbrenners ist gering und der Brenner ist mit einem Schutzgas-Trailer zum Schutz des Schmelzbades vor Oxidation ausgestattet.\n\t<p><strong>Engspalt-\u00a0oder Schmalspalt-Schwei\u00dfen<\/strong> ist nur eine von vielen Polysoude-Entwicklungen von Spezialwerkzeugen in Form spezieller Schwei\u00dfbrenner, welche die WIG-Hei\u00dfdrahttechnologie verwendet.<\/p>\n<p><strong>Engspaltschwei\u00dfen<\/strong>\u00a0ist jetzt ein gut etabliertes Verfahren, das verwendet wird, um dicke Metallabschnitte, wie dickwandige Rohre und Gef\u00e4\u00dfe von 30 bis 300 mm \u00f6konomischer zu schwei\u00dfen, indem die Effizienz der Abschmelzrate des Hei\u00dfdraht-WIG-Verfahrens erh\u00f6ht wird.<\/p>\n<p>Alles Wissenswerte finden Sie hier: kostenloser <a href=\"https:\/\/www.polysoude.com\/de\/anfrage-dokumentation\/\">Download unseres gratis Handbuchs \u00fcber <strong>WIG- GTAW-Schwei\u00dfen<\/strong> mit engem Spalt &#8211; 56 Seiten Wissensgrundlagen \u00fcber <strong>Engspaltschwei\u00dfen<\/strong><\/a><\/p>\n\t\t\t<a href=\"https:\/\/www.polysoude.com\/de\/orbitalschweissen-und-automatisiertes-schweissen\/automatisiertes-schweissen\/\" target=\"_self\" role=\"button\" rel=\"noopener\">\n\t\t\t\t\t\t\tErfahren Sie mehr \u00fcber  Plasmaschwei\u00dfen\n\t\t\t\t\t<\/a>\n<h3>\n\t\tTechnik\n\t<\/h3>\n\t<p>Eine wesentliche Steigerung der Produktivit\u00e4t kann durch Reduzieren des Fugenvolumens erreicht werden. Die Engspalttechnik macht sich die nach Einbringen jeder Lage auftretende Schrumpfung des Werkst\u00fccks zunutze. Die Verwendung eines kleinen Spalts an der Wurzel und eines engen V-Spalts erm\u00f6glicht das Einf\u00fchren eines Brenners mit flachem Profil (<strong>Schmalspalt<\/strong>), der Strichraupen mit F\u00fcllmetall, die in einem Durchgang pro Schicht eingebracht werden, schwei\u00dfen kann.<\/p>\n\t\t\t\t<img loading=\"lazy\" decoding=\"async\" src=\"https:\/\/www.polysoude.com\/wp-content\/uploads\/2022\/09\/preparation_comparison-conventional-narrow-gap.png\" alt=\"Mehrschichtige Schwei\u00dfverfahren\" itemprop=\"image\" height=\"293\" width=\"1452\" title=\"Vorbereitung_Vergleich-konventionell-schmalspaltig\" onerror=\"this.style.display='none'\"  \/>\n\t\tDarstellungen von <a href=\"https:\/\/www.polysoude.com\/de\/wig-schweissausruestung\/\">Schwei\u00dfverfahren<\/a> f\u00fcr konventionelles Schwei\u00dfen (links) und Schmalspaltschwei\u00dfen (rechts) auf einem Rohr mit \u00d8 168 x 13mm. Die Produktivit\u00e4t steigert sich nur durch die Dicke, wenn mehrere Durchg\u00e4nge pro Lage beim konventionellen Schwei\u00dfen unvermeidlich werden, w\u00e4hrend ein Durchgang beim Engspaltschwei\u00dfen ausreicht\n\t<p>Durch den daraus resultierenden Schrumpfvorgang wird die Fuge \u00fcber jeder Lage nach dem Schwei\u00dfen etwas enger und bildet die Begrenzung f\u00fcr den n\u00e4chsten Durchgang. Mit einem gro\u00dfen Tiefe-Breite-Verh\u00e4ltnis bietet diese Technik \u00f6konomische Vorteile f\u00fcr Werkst\u00fccke mit einer Wanddicke von mindestens 25 mm, Schwei\u00dfn\u00e4hte von unver\u00e4nderlicher Breite k\u00f6nnen f\u00fcr eine Wanddicke bis zu 250 mm erreicht werden.<\/p>\n<p>Dieses Schwei\u00dfverfahren wird haupts\u00e4chlich zum Schwei\u00dfen von Hochdruck- und Hochtemperaturleitungen in mit fossilen oder Kernbrennstoffen betriebenen Kraftwerken verwendet. Nur wenige Unternehmen weltweit k\u00f6nnen die erforderlichen anspruchsvollen Ger\u00e4te und Technologie bieten. Eines davon ist Polysoude.<\/p>\n<h2>\n\t\tWarum WIG-Engspaltschwei\u00dfen?\n\t<\/h2>\n\t<p><strong>WIG-Engspaltschwei\u00dfen<\/strong>\u00a0sollte angesichts der zahlreichen Vorteile im Vergleich zu anderen auf dem Markt verf\u00fcgbaren Verfahren immer in Betracht gezogen werden, wenn Werkst\u00fccke mit einer Dicke von 30 bis 300mm geschwei\u00dft werden.<\/p>\n<p>Das WIG-Schwei\u00dfen dicker Werkst\u00fccke erfordert spezielle Kenntnisse bez\u00fcglich Auswahl und Verwendung von Ger\u00e4ten, der Vorbereitung von Werkst\u00fccken und der Entwicklung von Arbeitstechniken. \u00a0Sobald jedoch bestimmte Voraussetzungen erf\u00fcllt sind, ist die Technik f\u00fcr alle Industriebereiche offen, mit Beispielen im Bereich der Konstruktion von Ger\u00e4ten f\u00fcr Energieanlagen (Wasserkraft, konventionelle fossile Brennstoffe \/ Kernkraft), auf dem petrochemischen und meallverarbeitenden Sektor und der Herstellung oder Reparatur dicker Rohre.<\/p>\n<p>Die Produktivit\u00e4tssteigerungen bei Anwendung des <strong>Schmalspalt<\/strong>-Schwei\u00dfverfahrens sind erheblich. Dar\u00fcber hinaus nehmen sie im Verh\u00e4ltnis zur Dicke, die geschwei\u00dft werden soll, zu: je dicker der Abschnitt, umso profitabler ist der Einsatz von <strong>WIG-Schwei\u00dfen mit engem Spalt (Hei\u00dfdraht)<\/strong>. \u00a0Tests haben gezeigt, dass eine Steigerung der Produktivit\u00e4t zwischen einem konventionellen Spalt und einem <strong>Schmalspalt<\/strong> ab einer Dicke beginnt, bei der mehrere Durchg\u00e4nge pro Schicht Zusatzdraht unvermeidlich sind und einen Rentabilit\u00e4tsfaktor erreicht, der das 3-Fache von konventionellem Schwei\u00dfen auf Schwei\u00dfabschnitten von rund 55 bis 60mm Dicke betr\u00e4gt und bei einer Dicke von mehr als 50mm f\u00fcnfmal h\u00f6her ist.<\/p>\n\t\t\t\t<img loading=\"lazy\" decoding=\"async\" src=\"https:\/\/www.polysoude.com\/wp-content\/uploads\/2022\/09\/hotwire-welding-deposition-rate-productivity.png\" alt=\"Diagramm Hitzdrahtschwei\u00dfen vs. Kaltdrahtschwei\u00dfen beim Engspaltschwei\u00dfen Vergleich der Abschmelzleistung Durchmesser Produktivit\u00e4t\" itemprop=\"image\" height=\"886\" width=\"861\" title=\"hei\u00dfdraht-schwei\u00dfen-abscheidungsrate-produktivit\u00e4t\" onerror=\"this.style.display='none'\"  \/>\n\t\tGrafik, welche die Produktivit\u00e4tssteigerung zwischen WIG\/GTAW-Kaltdraht- und TIG\/GTAW-Hei\u00dfdraht- Schmalspaltschwei\u00dfen zeigt. Bei Hei\u00dfdraht-WIG-Schwei\u00dfen gilt, je gr\u00f6\u00dfer die Dicke der Rohrwand, umso umso gr\u00f6\u00dfer die Produktivit\u00e4tssteigerung (mehr als 3mal \u00fcber eine Dicke von 80mm f\u00fcr einen Rohr-Au\u00dfendurchmesser von 355mm bei Edelstahl)\n<h3>\n\t\tVorteile\n\t<\/h3>\n\t<ul>\n<li>Reduzierter Grad von Fasenwinkeln bedeutet, dass dicke Abschnitte \u00f6konomischer geschnitten werden k\u00f6nnen. \u00a0Ein Standardrohr-Fasenwinkel betr\u00e4gt 37,5 Grad, w\u00e4hrend ein NG-Winkel nur 3 Grad betragen kann<\/li>\n<li>Beim Schwei\u00dfen auftretende Schrumpfungen werden durch reduzierte Schwei\u00dflagen kontrolliert.<\/li>\n<li>Das Verbindungsvolumen ist reduziert.<\/li>\n<li>Eine erh\u00f6hte Rate von Verbindungsfertigstellungen bedeutet reduzierte Schwei\u00dfzeit.<\/li>\n<li>Reduzierte Arbeitskosten.<\/li>\n<li>Der Winkelverzug ist aufgrund fast parallel verlaufender Seitenw\u00e4nde der Verbindung reduziert.<\/li>\n<li>Die geringe W\u00e4rmeeinbringung reduziert die Belastung des Rohrmetalls.<\/li>\n<li>Die metallurgischen Eigenschaften sind konstanter<\/li>\n<li>Reduzierte Kosten f\u00fcr Verbrauchsg\u00fcter. \u00a0F\u00fcr <strong>Engspaltschwei\u00dfensind<\/strong> weniger Schwei\u00dfzusatzstoffe erforderlich, was erhebliche Einsparungen bei den Kosten entsprechender Legierungen bringt.<\/li>\n<\/ul>\n\t\t\t<a href=\"https:\/\/www.polysoude.com\/de\/orbitalschweissen-und-automatisiertes-schweissen\/automatisiertes-schweissen\/\" target=\"_self\" role=\"button\" rel=\"noopener\">\n\t\t\t\t\t\t\tErfahren Sie mehr \u00fcber Engspaltschwei\u00dfen\n\t\t\t\t\t<\/a>\n<h2>\n\t\tEngspaltschwei\u00dfen &#8211; Schwei\u00dfbrenner\n\t<\/h2>\n\t<p>POLYSOUDE stellt eine Reihe von <strong>Engspaltbrennern<\/strong>\u00a0her, die aufgrund des beschr\u00e4nkten Zugangs zur Nahtwurzel unbedingt spezialisiert sein m\u00fcssen.<\/p>\n\t\t\t\t<img loading=\"lazy\" decoding=\"async\" src=\"https:\/\/www.polysoude.com\/wp-content\/uploads\/2022\/09\/narrow-gap-welding-torch-in-chamfer-300x225.png\" alt=\"Engspalt-Schwei\u00dfbrenner Superduplex-Stahl Elektrodenansicht enge Nut mit Hei\u00dfdraht\" itemprop=\"image\" height=\"225\" width=\"300\" title=\"Engspalt-Schwei\u00dfbrenner im Fasenbereich\" onerror=\"this.style.display='none'\"  \/>\n\t\tFoto, das einen Engspaltbrenner zeigt, der f\u00fcr das Einbringen in Wurzellage in einen tiefen Spalt positioniert ist.\n<h3>\n\t\tSchwei\u00dfbrennerdesign\n\t<\/h3>\n\t<p>Das Brennerdesign ist der Schl\u00fcssel zur Entwicklung von \u201eEngspalt&#8220; (NG)- oder Schmalspaltschwei\u00dfen:<\/p>\n<ul>\n<li>Hei\u00dfdraht-Kompatibilit\u00e4t:<\/li>\n<li>Eng<\/li>\n<li>Vollst\u00e4ndig isoliert<\/li>\n<li>Einfaches Ersetzen von Elektroden<\/li>\n<li>0,8 bis 1,2 mm Draht<\/li>\n<li>Video<\/li>\n<li>Robust<\/li>\n<li>Leicht (orbital)<\/li>\n<li>Schutzgasabdeckung f\u00fcr alle Materialien<\/li>\n<li>Vorheizen auf 350\u00b0C<\/li>\n<li>100% Auslastungsgrad &#8211; 350 bis 400A<\/li>\n<\/ul>\n<h3>\n\t\tArten von Schwei\u00dfbrennern\n\t<\/h3>\n\t<p>Jede Brennerart hat eine maximale Spalt-Einf\u00fchrtiefe, welche die Dicke des Werkstoffs, auf dem er verwendet werden kann, bestimmt.<\/p>\n<h3>\n\t\tEngspaltbrenner V2 und -V3\n\t<\/h3>\n\t<p>Die D\u00fcsen werden f\u00fcr eine Dicke bis zu 10mm verwendet, sind isoliert und haben ein Spezialprofil, um Gas effizient zur Wurzel zu leiten und eine zufriedenstellende Schutzgasabdeckung zu bieten. Ab einer Einf\u00fchrtiefe von ca. 45mm werden mit abnehmbaren Schleppgasd\u00fcsen kombiniert, die einen besonderen Schutz des Schwei\u00dfgutes gew\u00e4hrleisten.<\/p>\n<p>F\u00fcr Dicken von 0 bis 150mm, 0 bis 250mm und 0 bis 300mm ist auch eine Serie von Schwei\u00dfbrennern mit Schleppgasd\u00fcsen f\u00fcr alle Durchl\u00e4ufe von der Wurzel bis zur Kappe verf\u00fcgbar (gegebenenfalls abnehmbar). Alle L\u00f6sungen f\u00fcr <strong>Engspaltbrenner<\/strong>\u00a0haben feststehende oder bewegte Elektroden.<\/p>\n\t\t\t<a href=\"https:\/\/www.polysoude.com\/the-importance-of-electrode-preparation-in-orbital-welding\/\" target=\"_self\" role=\"button\" rel=\"noopener\">\n\t\t\t\t\t\t\tErfahren Sie mehr \u00fcber die Wichtigkeit von Elektroden beim WIG-Schwei\u00dfen unter\n\t\t\t\t\t<\/a>\n<h3>\n\t\tNG-7-Schwei\u00dfbrenner\n\t<\/h3>\n\t<p>Diese Schwei\u00dfbrenner haben eine Dicke von 7 mm, was Zugang zu 8,5 &#8211; 9mm breiten Spalten und die Einbringung von schleppend geschwei\u00dften Strichraupen in allen Hei\u00dfdraht-WIG-Positionen erm\u00f6glicht. Das Design garantiert 100% Auslastungsgrad, ohne Ansehen der Tiefe des Spalts in bis auf 350\u00b0C vorgeheizten Umgebungen. Der Elektrodenhalter ist vom Brennergeh\u00e4use isoliert, um Kurzschl\u00fcsse zu vermeiden, falls die D\u00fcse den Spalt ber\u00fchrt.<\/p>\n<h3>\n\t\tNG-OSC Pendelschwei\u00dfbrenner\n\t<\/h3>\n\t\t\t\t<img loading=\"lazy\" decoding=\"async\" src=\"https:\/\/www.polysoude.com\/wp-content\/uploads\/2022\/09\/narrow-gap-welding-tig-torches-1024x731.png\" alt=\"Engspaltschwei\u00dflanzen oszillierende Elektrode Rohrtiefenschwei\u00dfen mit WDR-Kameras\" itemprop=\"image\" height=\"457\" width=\"640\" title=\"engspalt-schwei\u00df-brenner\" onerror=\"this.style.display='none'\"  \/>\n\t\tFoto, das einen Engspaltbrenner zeigt, der mit einem Schutzgas-Trailer und einer bewegten Elektrode und einer Kabelf\u00fchrung ausgestattet ist.\n\t<p>Die Mindestdicke dieser Schwei\u00dfbrenner betr\u00e4gt 10mm. \u00a0Die Elektrode und der Draht sind vom Spalt isoliert, bewegen sich kreisf\u00f6rmig und werden von einem einzigen Motor synchronisiert \u00a0Ein Getriebe erlaubt es, die Amplituden von Draht- und Elektrodenbewegung getrennt zu regulieren. Die Schwei\u00dfbrenner k\u00f6nnen zum Schwei\u00dfen mit einer bewegten Elektrode oder einfach f\u00fcr Strichraupen mit automatischer Elektroden-Vorpositionierung verwendet werden.<\/p>\n<h2>\n\t\tWer wir sind\n\t<\/h2>\n\tPolysoude ist auf den Entwurf, die Entwicklung und Herstellung innovativer Lichtbogen-Schwei\u00dfl\u00f6sungen spezialisiert. Die Marke steht f\u00fcr weltweit f\u00fchrendes Expertenwissen in 3 Kernbereichen: automatische Systeme f\u00fcr <a href=\"https:\/\/www.polysoude.com\/de\/warum-ist-es-wichtig-eine-ausbildung-im-orbitalschweissen-zu-absolvieren\/\">orbitales WIG-Schwei\u00dfen<\/a>, automatisches WIG- und <strong>Engspaltschwei\u00dfen<\/strong>\u00a0und L\u00f6sungen f\u00fcr <a href=\"https:\/\/www.polysoude.com\/de\/plasmaschweissen\/\">Plasmaschwei\u00dfen<\/a> sowie WIGer\u2122 <a href=\"https:\/\/www.polysoude.com\/de\/auftragsschweissen\/\">Auftragsschwei\u00dfen<\/a>.<br \/>\nDas seit 1961 in Nantes ans\u00e4ssige Unternehmen stellt eine Vielzahl von Stromquellen und <a href=\"https:\/\/www.polysoude.com\/de\/orbitalschweissgeraete\/\">Orbitalschwei\u00dfger\u00e4te<\/a> sowie eine breite Palette offener und geschlossener Orbitalschwei\u00dfk\u00f6pfe her.<br \/>\nAls intelligentes, werkorientiertes Unternehmen stellt Polysoude heute alle Produkte startklar f\u00fcr Industrie 4.0 her.\n<h3>\n\t\tSprechen Sie uns an\n\t<\/h3>\n\t<p>Treten Sie unserer Community auf LinkedIn bei: @Polsyoude<\/p>\n<p>Folgen Sie uns in unseren sozialen Netzwerken:<\/p>\n<p>Facebook @polysoude<\/p>\n<p>Instagram @polysoudeglobal<\/p>\n\n","protected":false},"excerpt":{"rendered":"<p>Warum Engspaltschwei\u00dfen? Die gesamte Palette an Vorteilen in Verbindung mit WIG-Schwei\u00dfen hat nicht nur die Automatisierung von Arbeitsabl\u00e4ufen beg\u00fcnstigt, die vorher nur manuell erfolgten, sondern war auch der Ausgangspunkt bez\u00fcglich Anwendungen f\u00fcr immer gr\u00f6\u00dfere Werkst\u00fccke. In der Folge haben viele Varianten oder Entwicklungen in Richtung st\u00e4rkerer Schwei\u00dfstromquellen oder die Einf\u00fchrung zus\u00e4tzlicher Funktionen, wie der Einsatz [&hellip;]<\/p>\n","protected":false},"author":16,"featured_media":0,"parent":0,"menu_order":0,"comment_status":"closed","ping_status":"closed","template":"","meta":{"_acf_changed":false,"footnotes":""},"class_list":["post-42168","page","type-page","status-publish","hentry"],"acf":[],"yoast_head":"<!-- This site is optimized with the Yoast SEO plugin v27.3 - https:\/\/yoast.com\/product\/yoast-seo-wordpress\/ -->\n<title>Engspaltschwei\u00dfen | Polysoude<\/title>\n<meta name=\"description\" content=\"Warum Engspaltschwei\u00dfen? Die gesamte Palette an Vorteilen in Verbindung mit WIG-Schwei\u00dfen hat nicht nur die Automatisierung von Arbeitsabl\u00e4ufen\" \/>\n<meta name=\"robots\" content=\"index, follow, max-snippet:-1, max-image-preview:large, max-video-preview:-1\" \/>\n<link rel=\"canonical\" href=\"https:\/\/www.polysoude.com\/de\/engspaltschweissen\/\" \/>\n<meta property=\"og:locale\" content=\"de_DE\" \/>\n<meta property=\"og:type\" content=\"article\" \/>\n<meta property=\"og:title\" content=\"Engspaltschwei\u00dfen | Polysoude\" \/>\n<meta property=\"og:description\" content=\"Warum Engspaltschwei\u00dfen? Die gesamte Palette an Vorteilen in Verbindung mit WIG-Schwei\u00dfen hat nicht nur die Automatisierung von Arbeitsabl\u00e4ufen\" \/>\n<meta property=\"og:url\" content=\"https:\/\/www.polysoude.com\/de\/engspaltschweissen\/\" \/>\n<meta property=\"og:site_name\" content=\"Polysoude\" \/>\n<meta property=\"article:publisher\" content=\"https:\/\/www.facebook.com\/Polysoude\/\" \/>\n<meta property=\"article:modified_time\" content=\"2022-11-23T23:04:07+00:00\" \/>\n<meta property=\"og:image\" content=\"https:\/\/www.polysoude.com\/wp-content\/uploads\/2022\/09\/narrow-gap-welding-torch-chamfer-300x209.png\" \/>\n<meta name=\"twitter:card\" content=\"summary_large_image\" \/>\n<meta name=\"twitter:label1\" content=\"Gesch\u00e4tzte Lesezeit\" \/>\n\t<meta name=\"twitter:data1\" content=\"7 minutes\" \/>\n<script type=\"application\/ld+json\" class=\"yoast-schema-graph\">{\"@context\":\"https:\\\/\\\/schema.org\",\"@graph\":[{\"@type\":\"WebPage\",\"@id\":\"https:\\\/\\\/www.polysoude.com\\\/de\\\/engspaltschweissen\\\/\",\"url\":\"https:\\\/\\\/www.polysoude.com\\\/de\\\/engspaltschweissen\\\/\",\"name\":\"Engspaltschwei\u00dfen | Polysoude\",\"isPartOf\":{\"@id\":\"https:\\\/\\\/www.polysoude.com\\\/de\\\/#website\"},\"primaryImageOfPage\":{\"@id\":\"https:\\\/\\\/www.polysoude.com\\\/de\\\/engspaltschweissen\\\/#primaryimage\"},\"image\":{\"@id\":\"https:\\\/\\\/www.polysoude.com\\\/de\\\/engspaltschweissen\\\/#primaryimage\"},\"thumbnailUrl\":\"https:\\\/\\\/www.polysoude.com\\\/wp-content\\\/uploads\\\/2022\\\/09\\\/narrow-gap-welding-torch-chamfer-300x209.png\",\"datePublished\":\"2022-10-27T12:14:55+00:00\",\"dateModified\":\"2022-11-23T23:04:07+00:00\",\"description\":\"Warum Engspaltschwei\u00dfen? Die gesamte Palette an Vorteilen in Verbindung mit WIG-Schwei\u00dfen hat nicht nur die Automatisierung von Arbeitsabl\u00e4ufen\",\"breadcrumb\":{\"@id\":\"https:\\\/\\\/www.polysoude.com\\\/de\\\/engspaltschweissen\\\/#breadcrumb\"},\"inLanguage\":\"de-DE\",\"potentialAction\":[{\"@type\":\"ReadAction\",\"target\":[\"https:\\\/\\\/www.polysoude.com\\\/de\\\/engspaltschweissen\\\/\"]}]},{\"@type\":\"ImageObject\",\"inLanguage\":\"de-DE\",\"@id\":\"https:\\\/\\\/www.polysoude.com\\\/de\\\/engspaltschweissen\\\/#primaryimage\",\"url\":\"https:\\\/\\\/www.polysoude.com\\\/wp-content\\\/uploads\\\/2022\\\/09\\\/narrow-gap-welding-torch-chamfer-300x209.png\",\"contentUrl\":\"https:\\\/\\\/www.polysoude.com\\\/wp-content\\\/uploads\\\/2022\\\/09\\\/narrow-gap-welding-torch-chamfer-300x209.png\"},{\"@type\":\"BreadcrumbList\",\"@id\":\"https:\\\/\\\/www.polysoude.com\\\/de\\\/engspaltschweissen\\\/#breadcrumb\",\"itemListElement\":[{\"@type\":\"ListItem\",\"position\":1,\"name\":\"Home\",\"item\":\"https:\\\/\\\/www.polysoude.com\\\/de\\\/homepage\\\/\"},{\"@type\":\"ListItem\",\"position\":2,\"name\":\"Engspaltschwei\u00dfen\"}]},{\"@type\":\"WebSite\",\"@id\":\"https:\\\/\\\/www.polysoude.com\\\/de\\\/#website\",\"url\":\"https:\\\/\\\/www.polysoude.com\\\/de\\\/\",\"name\":\"Polysoude\",\"description\":\"The art of welding\",\"publisher\":{\"@id\":\"https:\\\/\\\/www.polysoude.com\\\/de\\\/#organization\"},\"alternateName\":\"Polysoude\",\"potentialAction\":[{\"@type\":\"SearchAction\",\"target\":{\"@type\":\"EntryPoint\",\"urlTemplate\":\"https:\\\/\\\/www.polysoude.com\\\/de\\\/?s={search_term_string}\"},\"query-input\":{\"@type\":\"PropertyValueSpecification\",\"valueRequired\":true,\"valueName\":\"search_term_string\"}}],\"inLanguage\":\"de-DE\"},{\"@type\":\"Organization\",\"@id\":\"https:\\\/\\\/www.polysoude.com\\\/de\\\/#organization\",\"name\":\"Polysoude\",\"alternateName\":\"Polysoude\",\"url\":\"https:\\\/\\\/www.polysoude.com\\\/de\\\/\",\"logo\":{\"@type\":\"ImageObject\",\"inLanguage\":\"de-DE\",\"@id\":\"https:\\\/\\\/www.polysoude.com\\\/de\\\/#\\\/schema\\\/logo\\\/image\\\/\",\"url\":\"https:\\\/\\\/www.polysoude.com\\\/wp-content\\\/uploads\\\/2022\\\/07\\\/Polysoude_Logo_signature_fond-transparent_600dpi_300mm_RVB-e1658123578778.png\",\"contentUrl\":\"https:\\\/\\\/www.polysoude.com\\\/wp-content\\\/uploads\\\/2022\\\/07\\\/Polysoude_Logo_signature_fond-transparent_600dpi_300mm_RVB-e1658123578778.png\",\"width\":465,\"height\":86,\"caption\":\"Polysoude\"},\"image\":{\"@id\":\"https:\\\/\\\/www.polysoude.com\\\/de\\\/#\\\/schema\\\/logo\\\/image\\\/\"},\"sameAs\":[\"https:\\\/\\\/www.facebook.com\\\/Polysoude\\\/\",\"https:\\\/\\\/www.linkedin.com\\\/company\\\/polysoude\\\/\",\"https:\\\/\\\/www.instagram.com\\\/polysoudeglobal\\\/\"]}]}<\/script>\n<!-- \/ Yoast SEO plugin. -->","yoast_head_json":{"title":"Engspaltschwei\u00dfen | Polysoude","description":"Warum Engspaltschwei\u00dfen? Die gesamte Palette an Vorteilen in Verbindung mit WIG-Schwei\u00dfen hat nicht nur die Automatisierung von Arbeitsabl\u00e4ufen","robots":{"index":"index","follow":"follow","max-snippet":"max-snippet:-1","max-image-preview":"max-image-preview:large","max-video-preview":"max-video-preview:-1"},"canonical":"https:\/\/www.polysoude.com\/de\/engspaltschweissen\/","og_locale":"de_DE","og_type":"article","og_title":"Engspaltschwei\u00dfen | Polysoude","og_description":"Warum Engspaltschwei\u00dfen? Die gesamte Palette an Vorteilen in Verbindung mit WIG-Schwei\u00dfen hat nicht nur die Automatisierung von Arbeitsabl\u00e4ufen","og_url":"https:\/\/www.polysoude.com\/de\/engspaltschweissen\/","og_site_name":"Polysoude","article_publisher":"https:\/\/www.facebook.com\/Polysoude\/","article_modified_time":"2022-11-23T23:04:07+00:00","og_image":[{"url":"https:\/\/www.polysoude.com\/wp-content\/uploads\/2022\/09\/narrow-gap-welding-torch-chamfer-300x209.png","type":"","width":"","height":""}],"twitter_card":"summary_large_image","twitter_misc":{"Gesch\u00e4tzte Lesezeit":"7 minutes"},"schema":{"@context":"https:\/\/schema.org","@graph":[{"@type":"WebPage","@id":"https:\/\/www.polysoude.com\/de\/engspaltschweissen\/","url":"https:\/\/www.polysoude.com\/de\/engspaltschweissen\/","name":"Engspaltschwei\u00dfen | Polysoude","isPartOf":{"@id":"https:\/\/www.polysoude.com\/de\/#website"},"primaryImageOfPage":{"@id":"https:\/\/www.polysoude.com\/de\/engspaltschweissen\/#primaryimage"},"image":{"@id":"https:\/\/www.polysoude.com\/de\/engspaltschweissen\/#primaryimage"},"thumbnailUrl":"https:\/\/www.polysoude.com\/wp-content\/uploads\/2022\/09\/narrow-gap-welding-torch-chamfer-300x209.png","datePublished":"2022-10-27T12:14:55+00:00","dateModified":"2022-11-23T23:04:07+00:00","description":"Warum Engspaltschwei\u00dfen? Die gesamte Palette an Vorteilen in Verbindung mit WIG-Schwei\u00dfen hat nicht nur die Automatisierung von Arbeitsabl\u00e4ufen","breadcrumb":{"@id":"https:\/\/www.polysoude.com\/de\/engspaltschweissen\/#breadcrumb"},"inLanguage":"de-DE","potentialAction":[{"@type":"ReadAction","target":["https:\/\/www.polysoude.com\/de\/engspaltschweissen\/"]}]},{"@type":"ImageObject","inLanguage":"de-DE","@id":"https:\/\/www.polysoude.com\/de\/engspaltschweissen\/#primaryimage","url":"https:\/\/www.polysoude.com\/wp-content\/uploads\/2022\/09\/narrow-gap-welding-torch-chamfer-300x209.png","contentUrl":"https:\/\/www.polysoude.com\/wp-content\/uploads\/2022\/09\/narrow-gap-welding-torch-chamfer-300x209.png"},{"@type":"BreadcrumbList","@id":"https:\/\/www.polysoude.com\/de\/engspaltschweissen\/#breadcrumb","itemListElement":[{"@type":"ListItem","position":1,"name":"Home","item":"https:\/\/www.polysoude.com\/de\/homepage\/"},{"@type":"ListItem","position":2,"name":"Engspaltschwei\u00dfen"}]},{"@type":"WebSite","@id":"https:\/\/www.polysoude.com\/de\/#website","url":"https:\/\/www.polysoude.com\/de\/","name":"Polysoude","description":"The art of welding","publisher":{"@id":"https:\/\/www.polysoude.com\/de\/#organization"},"alternateName":"Polysoude","potentialAction":[{"@type":"SearchAction","target":{"@type":"EntryPoint","urlTemplate":"https:\/\/www.polysoude.com\/de\/?s={search_term_string}"},"query-input":{"@type":"PropertyValueSpecification","valueRequired":true,"valueName":"search_term_string"}}],"inLanguage":"de-DE"},{"@type":"Organization","@id":"https:\/\/www.polysoude.com\/de\/#organization","name":"Polysoude","alternateName":"Polysoude","url":"https:\/\/www.polysoude.com\/de\/","logo":{"@type":"ImageObject","inLanguage":"de-DE","@id":"https:\/\/www.polysoude.com\/de\/#\/schema\/logo\/image\/","url":"https:\/\/www.polysoude.com\/wp-content\/uploads\/2022\/07\/Polysoude_Logo_signature_fond-transparent_600dpi_300mm_RVB-e1658123578778.png","contentUrl":"https:\/\/www.polysoude.com\/wp-content\/uploads\/2022\/07\/Polysoude_Logo_signature_fond-transparent_600dpi_300mm_RVB-e1658123578778.png","width":465,"height":86,"caption":"Polysoude"},"image":{"@id":"https:\/\/www.polysoude.com\/de\/#\/schema\/logo\/image\/"},"sameAs":["https:\/\/www.facebook.com\/Polysoude\/","https:\/\/www.linkedin.com\/company\/polysoude\/","https:\/\/www.instagram.com\/polysoudeglobal\/"]}]}},"_links":{"self":[{"href":"https:\/\/www.polysoude.com\/de\/wp-json\/wp\/v2\/pages\/42168","targetHints":{"allow":["GET"]}}],"collection":[{"href":"https:\/\/www.polysoude.com\/de\/wp-json\/wp\/v2\/pages"}],"about":[{"href":"https:\/\/www.polysoude.com\/de\/wp-json\/wp\/v2\/types\/page"}],"author":[{"embeddable":true,"href":"https:\/\/www.polysoude.com\/de\/wp-json\/wp\/v2\/users\/16"}],"replies":[{"embeddable":true,"href":"https:\/\/www.polysoude.com\/de\/wp-json\/wp\/v2\/comments?post=42168"}],"version-history":[{"count":2,"href":"https:\/\/www.polysoude.com\/de\/wp-json\/wp\/v2\/pages\/42168\/revisions"}],"predecessor-version":[{"id":42779,"href":"https:\/\/www.polysoude.com\/de\/wp-json\/wp\/v2\/pages\/42168\/revisions\/42779"}],"wp:attachment":[{"href":"https:\/\/www.polysoude.com\/de\/wp-json\/wp\/v2\/media?parent=42168"}],"curies":[{"name":"wp","href":"https:\/\/api.w.org\/{rel}","templated":true}]}}