{"id":42172,"date":"2022-10-27T14:14:54","date_gmt":"2022-10-27T12:14:54","guid":{"rendered":"https:\/\/www.polysoude.com\/?page_id=42172"},"modified":"2022-11-24T00:05:53","modified_gmt":"2022-11-23T23:05:53","slug":"auftragsschweissen","status":"publish","type":"page","link":"https:\/\/www.polysoude.com\/de\/auftragsschweissen\/","title":{"rendered":"Auftragsschwei\u00dfen"},"content":{"rendered":"\n\n\t\t\t\t<img loading=\"lazy\" decoding=\"async\" src=\"https:\/\/www.polysoude.com\/wp-content\/uploads\/2022\/09\/flat-TIG-GTAW-weld-overlay-TIGer.png\" alt=\"Bi-Elektrode TIG GTAW Schwei\u00dfung \u00dcberlagerungsplatte Edelstahl Inconel mit Drahtvorschub\" itemprop=\"image\" height=\"744\" width=\"992\" title=\"Flach-TIG-GTAW-Weld-Overlay-TIGer\" onerror=\"this.style.display='none'\"  \/>\n\t<p>Beim <strong>Auftragschwei\u00dfen<\/strong>\u00a0in flacher Position erm\u00f6glichen mehrere Prozesse das Erreichen hoher Produktivit\u00e4t: gepulstes MIG-<a href=\"https:\/\/www.polysoude.com\/de\/\">Schwei\u00dfen<\/a>, Festk\u00f6rperschwei\u00dfen\/Schwei\u00dfen mit Flussmittel oder sogar Varianten mit Folie und <a href=\"https:\/\/www.polysoude.com\/de\/plasmaschweissen\/\">Plasmaschwei\u00dfen<\/a> mit Abschmelzung \u00fcber Zusatzdraht oder Pulver Mehrere besondere Aspekte sprechen jedoch f\u00fcr WIG-Schwei\u00dfen. Tats\u00e4chlich erm\u00f6glicht WIG<sup>er<\/sup>-Technologie, wenn eine signifikante Menge Metall abgeschmolzen werden soll, <strong>Pipe Cladding<\/strong>-Abschmelzraten von 6 kg\/h mit einem einzigen Brenner und bis zu 10 bis 12 kg\/h mit einem Doppelbrenner f\u00fcr flache Auftragschwei\u00dfanwendungen. Sehen wir uns an, welche Aspekte dieser Technologie zu ber\u00fccksichtigen sind:<\/p>\n\t\t\t<a href=\"https:\/\/www.polysoude.com\/de\/sie-haben-eine-frage\/\" target=\"_self\" role=\"button\" rel=\"noopener\">\n\t\t\t\t\t\t\tKontaktieren Sie uns f\u00fcr weitere Informationen\n\t\t\t\t\t<\/a>\n<h2>\n\t\tVorteile von WIG Auftragschwei\u00dfen beim Pipe Cladding \n\t<\/h2>\n\t<p><strong>Auftragschwei\u00dfen<\/strong>\u00a0oder Plattieren umfasst das Abdecken der \u201ebefeuchteten&#8220; Fl\u00e4chen eines Werkst\u00fccks (die aggressiven Medien ausgesetzt sind) mit einer Schutzschicht aus Edelstahl oder einer Nickellegierung.<\/p>\n<p>Der Einsatz von WIG-Schwei\u00dfen in diesem <strong>Auftragsschwei\u00dfverfahren<\/strong>\u00a0hat bestimmte Vorteile:<\/p>\n<ul>\n<li>Die Genauigkeit des Verfahrens beim <strong>Welding Overlay<\/strong> komplexer Werkst\u00fccke, besonders beim <strong>Welding Overlay<\/strong> von Bereichen mit Ecken, Biegungen oder Innen- oder Au\u00dfenkanten, macht manuelle Nachbearbeitung \u00fcberfl\u00fcssig.<\/li>\n<li>Die separate Kontrolle der Lichtbogenenergie und der Menge an abgeschmolzenem Metall ist beim Auftragschwei\u00dfen von Werkst\u00fccken mit schwieriger Geometrie von Vorteil.<\/li>\n<li>Die auf das Werkst\u00fcck \u00fcbertragene Schwei\u00dfenergie wird kontrolliert, indem das Verh\u00e4ltnis von Schwei\u00dfenergie zu Abschmelzrate entsprechend der Typologie des Werkst\u00fccks optimiert wird.<\/li>\n<li>Die Schwei\u00dfsequenzen k\u00f6nnen jederzeit unterbrochen und wieder aufgenommen werden, wodurch Mikrorisse und Krater am Beginn und am Ende von Strichraupen vermieden werden.<\/li>\n<\/ul>\n<p>Beim <strong>WIG-Auftragschwei\u00dfen<\/strong>\u00a0erm\u00f6glicht die pr\u00e4zise Programmierung von Parametern, wie: Auftragschwei\u00dfgeschwindigkeit, Str\u00f6men, Spannungen, Drahtvorschubgeschwindgkeit und Vorw\u00e4rmtemperatur eine bessere Kontrolle der Aufmischrate (gekennzeichnet durch die Mischung von geschmolzenen Schwei\u00dfzusatzstoffen mit Grundstoffen) und garantiert so die richtige chemische Zusammensetzung von Abschmelzungen.<\/p>\n<p>Die Positionsschwei\u00dfm\u00f6glichkeit von WIG-Auftragschwei\u00dfen verleiht dem Bediener eine gr\u00f6\u00dfere Flexibilit\u00e4t und Vielseitigkeit mit dem Werkst\u00fcck, das nicht immer passend f\u00fcr Schwei\u00dfen in flacher Position positioniert werden kann. Beim WIG-<strong>Pipe Cladding\u00a0<\/strong>ist es aufgrund der Flexibilit\u00e4t des Verfahrens m\u00f6glich, mit einem sehr breiten Energiespektrum und Schwei\u00dfstr\u00f6men von 80 bis 450 A zu arbeiten. Leichte Automatisierung erm\u00f6glicht das Arbeiten mit mehreren Brennern oder Dr\u00e4hten, um Produktivit\u00e4t zu erreichen, ohne die Durchf\u00fchrbarkeit und Qualit\u00e4t der Abschmelzung zu beeintr\u00e4chtigen. Beim WIG-Auftragsschwei\u00dfen bleiben alle konventionellen Funktionen, die beim WIG-Schwei\u00dfen verwendet werden, voll funktionsf\u00e4hig (AVC, Oszillation, Synchronisierung von Bewegungen mit den Schwei\u00dfstr\u00f6men usw.)<\/p>\n\t<p>Alles Wissenswerte finden Sie hier: <a href=\"https:\/\/www.polysoude.com\/de\/anfrage-dokumentation\/\">kostenloser \u00a0Download unseres gratis Handbuchs \u00fcber automatisches WIG-Pipe Cladding<\/a><\/p>\n<h3>\n\t\tAuftragsschwei\u00dfen -Technik und Arbeitsabfolge\n\t<\/h3>\n\t<p>Die Beschichtung von Rohren beim <strong>Auftragsschwei\u00dfen<\/strong>\u00a0erfordert das Abschmelzen verschiedener Lagen, gew\u00f6hnlich sind es zwei, aber f\u00fcr Arbeiten wie in der Nuklearindustrie k\u00f6nnen mehr als drei Lagen erforderlich sein.<\/p>\n<h3>\n\t\tKonfiguration von Komponenten\n\t<\/h3>\n\t<p>Die Verwendung von Brennerkonfigurationen mit einem Drahtvorschub vorne oder an der Seite vermeidet, dass Tr\u00e4germaterialien der direkten Einwirkung des Lichtbogens ausgesetzt sind. Diese Anordnung hat dem Vorteil, das Schmelzen von Grundmetall zu reduzieren, da der F\u00fclldraht als Schutzschild zum Auffangen der meisten Hitzeenergie positioniert ist.<\/p>\n<p>Beim <strong>Welding Overlay<\/strong>\u00a0ist Drahtvorschub von der Schwei\u00dfbadseite m\u00f6glich, was die Brennerkonstruktion vereinfacht, denn die Drahtf\u00fchrungselemente verlaufen auf der ganzen L\u00e4nge des Brenners parallel zu seiner L\u00e4ngsachse, bis zu dem Punkt, an dem sie in die Drahtf\u00fchrung eintreten. Der Auftreffwinkel des Zusatzdtrahtes auf dem Schmelzbad beeinflusst die Aufmischung, daher ist es besser, mit Auftreffwinkeln von 60 bis 70\u00b0 zu arbeiten, bei denen die Interaktion zwischen Schwei\u00dfung und Hei\u00dfstrom neutral ist. Weitere Faktoren bei der Beschr\u00e4nkung der Aufmischung sind Schwei\u00df- und Elektrodenposition.<\/p>\n<h3>\n\t\tAnzahl der Lagen\n\t<\/h3>\n\t<p>Lagen werden in mehreren Durchg\u00e4ngen abgeschmolzen, w\u00e4hrend denen die Kontrolle der Abschmelzung entscheidend ist.<\/p>\n<p>Die Aufmischung in der ersten Lage zwischen dem Zusatzdraht und dem Grundmetall l\u00e4sst im Allgemeinen keine Garantie der erwarteten Eigenschaften f\u00fcr die Beschichtung zu. In der Praxis treten zwei Anwendungsf\u00e4lle auf, durch die die Anzahl der Lagen unmittelbar festgelegt werden:<\/p>\n<ol>\n<li>Wenn die Abschmelzlegierung in direkten Kontakt mit dem Grundmetall kommen kann. Z. B. ein St\u00fcck unlegierter Stahl, das mit einer Nickellegierung beschichtet ist.<\/li>\n<li>Aus metallurgischen Gr\u00fcnden muss das Substrat eine Pufferschicht erhalten, durch die die Ferritbildung begrenzt und die Rissanf\u00e4lligkeit gesenkt wird. Folglich muss die zweite Lage (entsprechend dem Abschmelzgrad) mit einer dritten Lage verwendet werden, die dann als reiner Werkstoff angesehen werden kann.<\/li>\n<\/ol>\n<h3>\n\t\tAuftragsschwei\u00dfverfahren, die bei Herstellung und Wartung eingesetzt werden\n\t<\/h3>\n\t<p>Viele industrielle Verfahren verursachen Sch\u00e4den an Rohrleitungen und Armaturen durch den dauernden Angriff korrosiver und schleifender Medien und erh\u00f6hte Prozesstemperaturen und Druck. Um die Standzeit hoch beanspruchter Teile zu erh\u00f6hen, werden ihre Rohroberfl\u00e4chen durch <strong>Auftragschwei\u00dfen<\/strong>\u00a0mit widerstandsf\u00e4higeren Werkstoffen gesch\u00fctzt.<\/p>\n\t\t\t\t<img loading=\"lazy\" decoding=\"async\" src=\"https:\/\/www.polysoude.com\/wp-content\/uploads\/2022\/09\/TIG-weld-overlay-cladded-manifold-150x150.png\" alt=\"Schwei\u00dfauflage innenverkleidetes Zubeh\u00f6r Ventil Schwei\u00dfauflage Inconel WIG GTAW\" itemprop=\"image\" height=\"150\" width=\"150\" title=\"WIG-geschwei\u00dft-\u00fcberzogen-geklebter Verteiler\" onerror=\"this.style.display='none'\"  \/>\n\t<p>Auftragschwei\u00dfen von Rohrleitungen und Armaturen ist gebr\u00e4uchlich in Anwendungen f\u00fcr Gas und \u00d6l, in der petrochemischen Industrie und f\u00fcr Kraftwerkseinrichtungen; in der Luftfahrtindustrie werden Bauteile f\u00fcr Flugzeugmotoren\u00a0auch oft unter Verwendung dieses Verfahrens verst\u00e4rkt.<\/p>\n\t\t\t<a href=\"https:\/\/www.polysoude.com\/de\/auftragschweissen\/auftragschweissen-an-rohren\/\" target=\"_self\" role=\"button\" rel=\"noopener\">\n\t\t\t\t\t\t\tErfahren Sie mehr\n\t\t\t\t\t<\/a>\n<h2>\n\t\tAnwendungen f\u00fcr WIG-Auftragsschwei\u00dfen\n\t<\/h2>\n\t<p><strong>Auftragsschwei\u00dfarbeiten<\/strong> mit dem dem WIG-Verfahren erzielen gute Ergebnisse bei folgenden Anwendungen:<\/p>\n<h3>\n\t\tReparatur von Werkst\u00fccken \n\t<\/h3>\n\t\t\t\t<img loading=\"lazy\" decoding=\"async\" src=\"https:\/\/www.polysoude.com\/wp-content\/uploads\/2022\/09\/external-cladded-cylinder-weld-overlay.png\" alt=\"Schwei\u00dfnaht\u00fcberzug f\u00fcr au\u00dfen ummanteltes Zylinderrohr aus Kohlenstoffstahl\" itemprop=\"image\" height=\"406\" width=\"543\" title=\"Au\u00dfenverkleidete-Zylinder-Wandverkleidung\" onerror=\"this.style.display='none'\"  \/>\n\t<p>Diese betreffen Reparaturen abgenutzter Teile\u00a0(gew\u00f6hnlich Edelstahl) beim Service oder nach einer Herstellungs-Anomalie. \u00a0Die Werkst\u00fccke erfordern m\u00f6glicherweise, dass der gesch\u00e4digte Bereich mit einem spanenden Bearbeitungsverfahren entfernt und durch Auftragschwei\u00dfen mit artgleichem Zusatzwerkstoff ersetzt wird. Das Schwei\u00dfen von Rohren ver\u00e4ndert die metallurgischen Eigenschaften des Grundmaterials nicht wesentlich, erh\u00f6ht aber die Belastung des reparierten Werkst\u00fccks. Reparaturen dieser Art werden h\u00e4ufig an in der Umgebung kerntechnischer Anlagen eingebauten Rohren durchgef\u00fchrt. Die Reparatur von Werkst\u00fccken, die infolge von Bearbeitungsfehlern Unterma\u00df aufweisen, erfolgt ebenfalls durch Auftragschwei\u00dfen.<\/p>\n<h3>\n\t\tPr\u00e4ventives Auftragsschwei\u00dfen f\u00fcr die Herstellung neuer Rohre\n\t<\/h3>\n\t\t\t\t<img loading=\"lazy\" decoding=\"async\" src=\"https:\/\/www.polysoude.com\/wp-content\/uploads\/2022\/09\/flat-TIG-GTAW-weld-overlay-TIGer.png\" alt=\"Bi-Elektrode TIG GTAW Schwei\u00dfung \u00dcberlagerungsplatte Edelstahl Inconel mit Drahtvorschub\" itemprop=\"image\" height=\"744\" width=\"992\" title=\"Flach-TIG-GTAW-Weld-Overlay-TIGer\" onerror=\"this.style.display='none'\"  \/>\n\t<p>Bei der Herstellung von Neuteilen z\u00e4hlt das Beschichten von Ventilsitzen, Stutzen und Nuten zu den klassischen Anwendungsgebieten des Auftragschwei\u00dfens zum Schutz der Rohre vor Korrosion und Abnutzung.\u00a0Pipe Cladding\u00a0wird in Anlagen mit speziellen Hilfsmitteln durchgef\u00fchrt, die eine gr\u00f6\u00dfere Flexibilit\u00e4t f\u00fcr die Durchf\u00fchrung erlauben (rotierende Werkst\u00fccke, W\u00e4rmebehandlung, spanende Endbearbeitung usw.).<\/p>\n<h3>\n\t\tAufbringen von Pufferschichten\n\t<\/h3>\n\t<p>Dies umfasst das Bilden einer Abschmelzung, nicht zum Schutz des Grundmetalls vor einer externen Gefahr, sondern zur Schaffung einer metallurgischen \u00dcbergangszone, um eine heterogene Verbindung herzustellen. Das Aufbringen von Pufferschichten spielt eine entscheidende Rolle bei der mechanischen St\u00e4rke der Schwei\u00dfnaht, sobald die Schwei\u00dfverbindung hergestellt wurde.<\/p>\n\t\t\t<a href=\"https:\/\/www.polysoude.com\/de\/auftragschweissen\/auftragschweissen-von-flanschen-ventilen-und-anderen-werkstucken\/\" target=\"_self\" role=\"button\" rel=\"noopener\">\n\t\t\t\t\t\t\tErfahren Sie mehr\n\t\t\t\t\t<\/a>\n<h2>\n\t\tWer wir sind\n\t<\/h2>\n\tPolysoude ist auf den Entwurf, die Entwicklung und Herstellung innovativer Lichtbogen-Schwei\u00dfl\u00f6sungen spezialisiert. Die Marke steht f\u00fcr weltweit f\u00fchrendes Expertenwissen in 3 Kernbereichen: automatische Systeme f\u00fcr <a href=\"https:\/\/www.polysoude.com\/de\/warum-ist-es-wichtig-eine-ausbildung-im-orbitalschweissen-zu-absolvieren\/\">orbitales WIG-Schwei\u00dfen<\/a>, automatische WIG- und Plasmaschwei\u00dfl\u00f6sungen und WIGer\u2122-Auftragsschwei\u00dfen.<br \/>\nDas seit 1961 in Nantes ans\u00e4ssige Unternehmen stellt eine Vielzahl von Stromquellen und<strong> Auftragschwei\u00dfeinrichtungen<\/strong>\u00a0sowie eine breite Palette offener und geschlossener Orbitalschwei\u00dfk\u00f6pfe her.<br \/>\nAls intelligentes, werkorientiertes Unternehmen stellt Polysoude heute alle Produkte startklar f\u00fcr Industrie 4.0 her.\n<h3>\n\t\tSprechen Sie uns an\n\t<\/h3>\n\t<p>Treten Sie unserer Community auf LinkedIn bei: @Polsyoude<\/p>\n<p>Folgen Sie uns in unseren sozialen Netzwerken:<\/p>\n<p>Facebook @polysoude<\/p>\n<p>Instagram @polysoudeglobal<\/p>\n\n","protected":false},"excerpt":{"rendered":"<p>Beim Auftragschwei\u00dfen\u00a0in flacher Position erm\u00f6glichen mehrere Prozesse das Erreichen hoher Produktivit\u00e4t: gepulstes MIG-Schwei\u00dfen, Festk\u00f6rperschwei\u00dfen\/Schwei\u00dfen mit Flussmittel oder sogar Varianten mit Folie und Plasmaschwei\u00dfen mit Abschmelzung \u00fcber Zusatzdraht oder Pulver Mehrere besondere Aspekte sprechen jedoch f\u00fcr WIG-Schwei\u00dfen. Tats\u00e4chlich erm\u00f6glicht WIGer-Technologie, wenn eine signifikante Menge Metall abgeschmolzen werden soll, Pipe Cladding-Abschmelzraten von 6 kg\/h mit einem einzigen [&hellip;]<\/p>\n","protected":false},"author":16,"featured_media":0,"parent":0,"menu_order":0,"comment_status":"closed","ping_status":"closed","template":"","meta":{"_acf_changed":false,"footnotes":""},"class_list":["post-42172","page","type-page","status-publish","hentry"],"acf":[],"yoast_head":"<!-- This site is optimized with the Yoast SEO plugin v27.3 - https:\/\/yoast.com\/product\/yoast-seo-wordpress\/ -->\n<title>Auftragsschwei\u00dfen | Polysoude<\/title>\n<meta name=\"description\" content=\"Beim Auftragschwei\u00dfen\u00a0in flacher Position erm\u00f6glichen mehrere Prozesse das Erreichen hoher Produktivit\u00e4t: gepulstes MIG-Schwei\u00dfen,\" \/>\n<meta name=\"robots\" content=\"index, follow, max-snippet:-1, max-image-preview:large, max-video-preview:-1\" \/>\n<link rel=\"canonical\" href=\"https:\/\/www.polysoude.com\/de\/auftragsschweissen\/\" \/>\n<meta property=\"og:locale\" content=\"de_DE\" \/>\n<meta property=\"og:type\" content=\"article\" \/>\n<meta property=\"og:title\" content=\"Auftragsschwei\u00dfen | Polysoude\" \/>\n<meta property=\"og:description\" content=\"Beim Auftragschwei\u00dfen\u00a0in flacher Position erm\u00f6glichen mehrere Prozesse das Erreichen hoher Produktivit\u00e4t: gepulstes MIG-Schwei\u00dfen,\" \/>\n<meta property=\"og:url\" content=\"https:\/\/www.polysoude.com\/de\/auftragsschweissen\/\" \/>\n<meta property=\"og:site_name\" content=\"Polysoude\" \/>\n<meta property=\"article:publisher\" content=\"https:\/\/www.facebook.com\/Polysoude\/\" \/>\n<meta property=\"article:modified_time\" content=\"2022-11-23T23:05:53+00:00\" \/>\n<meta property=\"og:image\" content=\"https:\/\/www.polysoude.com\/wp-content\/uploads\/2022\/09\/flat-TIG-GTAW-weld-overlay-TIGer.png\" \/>\n<meta name=\"twitter:card\" content=\"summary_large_image\" \/>\n<meta name=\"twitter:label1\" content=\"Gesch\u00e4tzte Lesezeit\" \/>\n\t<meta name=\"twitter:data1\" content=\"6 minutes\" \/>\n<script type=\"application\/ld+json\" class=\"yoast-schema-graph\">{\"@context\":\"https:\\\/\\\/schema.org\",\"@graph\":[{\"@type\":\"WebPage\",\"@id\":\"https:\\\/\\\/www.polysoude.com\\\/de\\\/auftragsschweissen\\\/\",\"url\":\"https:\\\/\\\/www.polysoude.com\\\/de\\\/auftragsschweissen\\\/\",\"name\":\"Auftragsschwei\u00dfen | Polysoude\",\"isPartOf\":{\"@id\":\"https:\\\/\\\/www.polysoude.com\\\/de\\\/#website\"},\"primaryImageOfPage\":{\"@id\":\"https:\\\/\\\/www.polysoude.com\\\/de\\\/auftragsschweissen\\\/#primaryimage\"},\"image\":{\"@id\":\"https:\\\/\\\/www.polysoude.com\\\/de\\\/auftragsschweissen\\\/#primaryimage\"},\"thumbnailUrl\":\"https:\\\/\\\/www.polysoude.com\\\/wp-content\\\/uploads\\\/2022\\\/09\\\/flat-TIG-GTAW-weld-overlay-TIGer.png\",\"datePublished\":\"2022-10-27T12:14:54+00:00\",\"dateModified\":\"2022-11-23T23:05:53+00:00\",\"description\":\"Beim Auftragschwei\u00dfen\u00a0in flacher Position erm\u00f6glichen mehrere Prozesse das Erreichen hoher Produktivit\u00e4t: gepulstes MIG-Schwei\u00dfen,\",\"breadcrumb\":{\"@id\":\"https:\\\/\\\/www.polysoude.com\\\/de\\\/auftragsschweissen\\\/#breadcrumb\"},\"inLanguage\":\"de-DE\",\"potentialAction\":[{\"@type\":\"ReadAction\",\"target\":[\"https:\\\/\\\/www.polysoude.com\\\/de\\\/auftragsschweissen\\\/\"]}]},{\"@type\":\"ImageObject\",\"inLanguage\":\"de-DE\",\"@id\":\"https:\\\/\\\/www.polysoude.com\\\/de\\\/auftragsschweissen\\\/#primaryimage\",\"url\":\"https:\\\/\\\/www.polysoude.com\\\/wp-content\\\/uploads\\\/2022\\\/09\\\/flat-TIG-GTAW-weld-overlay-TIGer.png\",\"contentUrl\":\"https:\\\/\\\/www.polysoude.com\\\/wp-content\\\/uploads\\\/2022\\\/09\\\/flat-TIG-GTAW-weld-overlay-TIGer.png\"},{\"@type\":\"BreadcrumbList\",\"@id\":\"https:\\\/\\\/www.polysoude.com\\\/de\\\/auftragsschweissen\\\/#breadcrumb\",\"itemListElement\":[{\"@type\":\"ListItem\",\"position\":1,\"name\":\"Home\",\"item\":\"https:\\\/\\\/www.polysoude.com\\\/de\\\/homepage\\\/\"},{\"@type\":\"ListItem\",\"position\":2,\"name\":\"Auftragsschwei\u00dfen\"}]},{\"@type\":\"WebSite\",\"@id\":\"https:\\\/\\\/www.polysoude.com\\\/de\\\/#website\",\"url\":\"https:\\\/\\\/www.polysoude.com\\\/de\\\/\",\"name\":\"Polysoude\",\"description\":\"The art of welding\",\"publisher\":{\"@id\":\"https:\\\/\\\/www.polysoude.com\\\/de\\\/#organization\"},\"alternateName\":\"Polysoude\",\"potentialAction\":[{\"@type\":\"SearchAction\",\"target\":{\"@type\":\"EntryPoint\",\"urlTemplate\":\"https:\\\/\\\/www.polysoude.com\\\/de\\\/?s={search_term_string}\"},\"query-input\":{\"@type\":\"PropertyValueSpecification\",\"valueRequired\":true,\"valueName\":\"search_term_string\"}}],\"inLanguage\":\"de-DE\"},{\"@type\":\"Organization\",\"@id\":\"https:\\\/\\\/www.polysoude.com\\\/de\\\/#organization\",\"name\":\"Polysoude\",\"alternateName\":\"Polysoude\",\"url\":\"https:\\\/\\\/www.polysoude.com\\\/de\\\/\",\"logo\":{\"@type\":\"ImageObject\",\"inLanguage\":\"de-DE\",\"@id\":\"https:\\\/\\\/www.polysoude.com\\\/de\\\/#\\\/schema\\\/logo\\\/image\\\/\",\"url\":\"https:\\\/\\\/www.polysoude.com\\\/wp-content\\\/uploads\\\/2022\\\/07\\\/Polysoude_Logo_signature_fond-transparent_600dpi_300mm_RVB-e1658123578778.png\",\"contentUrl\":\"https:\\\/\\\/www.polysoude.com\\\/wp-content\\\/uploads\\\/2022\\\/07\\\/Polysoude_Logo_signature_fond-transparent_600dpi_300mm_RVB-e1658123578778.png\",\"width\":465,\"height\":86,\"caption\":\"Polysoude\"},\"image\":{\"@id\":\"https:\\\/\\\/www.polysoude.com\\\/de\\\/#\\\/schema\\\/logo\\\/image\\\/\"},\"sameAs\":[\"https:\\\/\\\/www.facebook.com\\\/Polysoude\\\/\",\"https:\\\/\\\/www.linkedin.com\\\/company\\\/polysoude\\\/\",\"https:\\\/\\\/www.instagram.com\\\/polysoudeglobal\\\/\"]}]}<\/script>\n<!-- \/ Yoast SEO plugin. -->","yoast_head_json":{"title":"Auftragsschwei\u00dfen | Polysoude","description":"Beim Auftragschwei\u00dfen\u00a0in flacher Position erm\u00f6glichen mehrere Prozesse das Erreichen hoher Produktivit\u00e4t: gepulstes MIG-Schwei\u00dfen,","robots":{"index":"index","follow":"follow","max-snippet":"max-snippet:-1","max-image-preview":"max-image-preview:large","max-video-preview":"max-video-preview:-1"},"canonical":"https:\/\/www.polysoude.com\/de\/auftragsschweissen\/","og_locale":"de_DE","og_type":"article","og_title":"Auftragsschwei\u00dfen | Polysoude","og_description":"Beim Auftragschwei\u00dfen\u00a0in flacher Position erm\u00f6glichen mehrere Prozesse das Erreichen hoher Produktivit\u00e4t: gepulstes MIG-Schwei\u00dfen,","og_url":"https:\/\/www.polysoude.com\/de\/auftragsschweissen\/","og_site_name":"Polysoude","article_publisher":"https:\/\/www.facebook.com\/Polysoude\/","article_modified_time":"2022-11-23T23:05:53+00:00","og_image":[{"url":"https:\/\/www.polysoude.com\/wp-content\/uploads\/2022\/09\/flat-TIG-GTAW-weld-overlay-TIGer.png","type":"","width":"","height":""}],"twitter_card":"summary_large_image","twitter_misc":{"Gesch\u00e4tzte Lesezeit":"6 minutes"},"schema":{"@context":"https:\/\/schema.org","@graph":[{"@type":"WebPage","@id":"https:\/\/www.polysoude.com\/de\/auftragsschweissen\/","url":"https:\/\/www.polysoude.com\/de\/auftragsschweissen\/","name":"Auftragsschwei\u00dfen | Polysoude","isPartOf":{"@id":"https:\/\/www.polysoude.com\/de\/#website"},"primaryImageOfPage":{"@id":"https:\/\/www.polysoude.com\/de\/auftragsschweissen\/#primaryimage"},"image":{"@id":"https:\/\/www.polysoude.com\/de\/auftragsschweissen\/#primaryimage"},"thumbnailUrl":"https:\/\/www.polysoude.com\/wp-content\/uploads\/2022\/09\/flat-TIG-GTAW-weld-overlay-TIGer.png","datePublished":"2022-10-27T12:14:54+00:00","dateModified":"2022-11-23T23:05:53+00:00","description":"Beim Auftragschwei\u00dfen\u00a0in flacher Position erm\u00f6glichen mehrere Prozesse das Erreichen hoher Produktivit\u00e4t: gepulstes MIG-Schwei\u00dfen,","breadcrumb":{"@id":"https:\/\/www.polysoude.com\/de\/auftragsschweissen\/#breadcrumb"},"inLanguage":"de-DE","potentialAction":[{"@type":"ReadAction","target":["https:\/\/www.polysoude.com\/de\/auftragsschweissen\/"]}]},{"@type":"ImageObject","inLanguage":"de-DE","@id":"https:\/\/www.polysoude.com\/de\/auftragsschweissen\/#primaryimage","url":"https:\/\/www.polysoude.com\/wp-content\/uploads\/2022\/09\/flat-TIG-GTAW-weld-overlay-TIGer.png","contentUrl":"https:\/\/www.polysoude.com\/wp-content\/uploads\/2022\/09\/flat-TIG-GTAW-weld-overlay-TIGer.png"},{"@type":"BreadcrumbList","@id":"https:\/\/www.polysoude.com\/de\/auftragsschweissen\/#breadcrumb","itemListElement":[{"@type":"ListItem","position":1,"name":"Home","item":"https:\/\/www.polysoude.com\/de\/homepage\/"},{"@type":"ListItem","position":2,"name":"Auftragsschwei\u00dfen"}]},{"@type":"WebSite","@id":"https:\/\/www.polysoude.com\/de\/#website","url":"https:\/\/www.polysoude.com\/de\/","name":"Polysoude","description":"The art of welding","publisher":{"@id":"https:\/\/www.polysoude.com\/de\/#organization"},"alternateName":"Polysoude","potentialAction":[{"@type":"SearchAction","target":{"@type":"EntryPoint","urlTemplate":"https:\/\/www.polysoude.com\/de\/?s={search_term_string}"},"query-input":{"@type":"PropertyValueSpecification","valueRequired":true,"valueName":"search_term_string"}}],"inLanguage":"de-DE"},{"@type":"Organization","@id":"https:\/\/www.polysoude.com\/de\/#organization","name":"Polysoude","alternateName":"Polysoude","url":"https:\/\/www.polysoude.com\/de\/","logo":{"@type":"ImageObject","inLanguage":"de-DE","@id":"https:\/\/www.polysoude.com\/de\/#\/schema\/logo\/image\/","url":"https:\/\/www.polysoude.com\/wp-content\/uploads\/2022\/07\/Polysoude_Logo_signature_fond-transparent_600dpi_300mm_RVB-e1658123578778.png","contentUrl":"https:\/\/www.polysoude.com\/wp-content\/uploads\/2022\/07\/Polysoude_Logo_signature_fond-transparent_600dpi_300mm_RVB-e1658123578778.png","width":465,"height":86,"caption":"Polysoude"},"image":{"@id":"https:\/\/www.polysoude.com\/de\/#\/schema\/logo\/image\/"},"sameAs":["https:\/\/www.facebook.com\/Polysoude\/","https:\/\/www.linkedin.com\/company\/polysoude\/","https:\/\/www.instagram.com\/polysoudeglobal\/"]}]}},"_links":{"self":[{"href":"https:\/\/www.polysoude.com\/de\/wp-json\/wp\/v2\/pages\/42172","targetHints":{"allow":["GET"]}}],"collection":[{"href":"https:\/\/www.polysoude.com\/de\/wp-json\/wp\/v2\/pages"}],"about":[{"href":"https:\/\/www.polysoude.com\/de\/wp-json\/wp\/v2\/types\/page"}],"author":[{"embeddable":true,"href":"https:\/\/www.polysoude.com\/de\/wp-json\/wp\/v2\/users\/16"}],"replies":[{"embeddable":true,"href":"https:\/\/www.polysoude.com\/de\/wp-json\/wp\/v2\/comments?post=42172"}],"version-history":[{"count":2,"href":"https:\/\/www.polysoude.com\/de\/wp-json\/wp\/v2\/pages\/42172\/revisions"}],"predecessor-version":[{"id":42780,"href":"https:\/\/www.polysoude.com\/de\/wp-json\/wp\/v2\/pages\/42172\/revisions\/42780"}],"wp:attachment":[{"href":"https:\/\/www.polysoude.com\/de\/wp-json\/wp\/v2\/media?parent=42172"}],"curies":[{"name":"wp","href":"https:\/\/api.w.org\/{rel}","templated":true}]}}