{"id":42174,"date":"2022-10-27T14:14:53","date_gmt":"2022-10-27T12:14:53","guid":{"rendered":"https:\/\/www.polysoude.com\/?page_id=42174"},"modified":"2023-01-20T12:07:02","modified_gmt":"2023-01-20T11:07:02","slug":"rohrverkleidung","status":"publish","type":"page","link":"https:\/\/www.polysoude.com\/de\/rohrverkleidung\/","title":{"rendered":"Rohrverkleidung"},"content":{"rendered":"\n\n\t<p>Mit <strong>Rohrverkleidung\u00a0<\/strong>und Zubeh\u00f6r f\u00fcr <strong>Auftragschwei\u00dfen<\/strong>\u00a0k\u00f6nnen alle Arten von Rohren schnell, hochwertig und mit minimaler bis nicht messbarer Verformung verkleidet werden. Polysoude kann verschiedene Arten von <strong>Auftragschwei\u00dfanlagen\u00a0<\/strong>entwerfen, um Kundenanforderungen zu erf\u00fcllen. Hei\u00dfdraht-WIG-Schwei\u00dfen ist ein Standard bei hochwertigen Auftragschwei\u00dfarbeiten, besonders bei jenen, die komplexe Formen betreffen, bei denen Platzbeschr\u00e4nkungen oder ein h\u00f6herer Grad an Automatisierung erforderlich ist.<\/p>\n\t\t\t<a href=\"https:\/\/www.polysoude.com\/de\/sie-haben-eine-frage\/\" target=\"_self\" role=\"button\" rel=\"noopener\">\n\t\t\t\t\t\t\tKontaktieren Sie uns f\u00fcr weitere Informationen\n\t\t\t\t\t<\/a>\n<h2>\n\t\tAnwendungen f\u00fcr WIG-Auftragsschwei\u00dfen\n\t<\/h2>\n\t<p>Das WIG-Auftragschwei\u00dfen wird erfolgreich bei folgenden Aufgabenstellungen eingesetzt:<\/p>\n<ul>\n<li>Reparatur abgenutzter Teile beim Service oder nach einer Anomalie bei der Herstellung,<\/li>\n<li>Vorbeugendes Auftragschwei\u00dfen f\u00fcr bestimmte Gefahren (Abnutzung, Korrosion usw.),<\/li>\n<li>Aufbringen von Pufferschichten als Teil eines komplexeren Schwei\u00dfverfahrens f\u00fcr heterogene Schwei\u00dfverbindungen.<\/li>\n<\/ul>\n<p>Reparatur von Werkst\u00fccken &#8211; die h\u00e4ufigsten und am leichtesten zu identifizierenden Reparaturen &#8211; betreffen homogene Komponenten mit\u00a0Abnutzungserscheinungen.\u00a0Diese erfordern\u00a0einfach, dass der gesch\u00e4digte Bereich (Rissbildung, Aufh\u00e4rtung, Auswaschung) mit einem spanenden Bearbeitungsverfahren entfernt und durch Auftragschwei\u00dfen mit artgleichem Zusatzwerkstoff ersetzt wird. Meist werden diese Arbeiten auf hochwertigen Werkst\u00fccken aus Edelstahl \u00a0durchgef\u00fchrt. <strong>Das Innenplattieren von Rohren<\/strong> ver\u00e4ndert die metallischen Eigenschaften des Grundmaterials nicht wesentlich, erh\u00f6ht aber die Belastung des reparierten Teils.<\/p>\n\t\t\t\t<img loading=\"lazy\" decoding=\"async\" src=\"https:\/\/www.polysoude.com\/wp-content\/uploads\/2022\/09\/cladding-before-heterogenous-pipe-welding-300x271.png\" alt=\"Rohrplattierschwei\u00dfs\u00e4ule und Ausleger eines Kernreaktorkopfes f\u00fcr WIG GTAW heterogene Schwei\u00df\u00fcberlagerung\" height=\"271\" width=\"300\" title=\"plattieren-vor-heterogenem-Rohrschwei\u00dfen\" \/>\n\t\tAuftragschwei\u00dfanlagen zur Aufbringung von Pufferschichten auf D\u00fcsenendst\u00fccken als Vorbereitung zum heterogenen Schwei\u00dfen in der Nuklearindustrie\n\t<p>Diese Situation ist z.\u00a0B. f\u00fcr Rohre sehr h\u00e4ufig, die in der Umgebung von Atomreaktoren oder in gigantischen Pipelines in der \u00d6l- und Gasindustrie verwendet werden.<\/p>\n\t\t\t<a href=\"https:\/\/www.polysoude.com\/de\/auftragschweissen\/\" target=\"_self\" role=\"button\" rel=\"noopener\">\n\t\t\t\t\t\t\tHier erfahren Sie mehr \u00fcber Rohrverkleidung und Auftragschwei\u00dfen\n\t\t\t\t\t<\/a>\n\t\t\t\t<img loading=\"lazy\" decoding=\"async\" src=\"https:\/\/www.polysoude.com\/wp-content\/uploads\/2022\/09\/Weld-overlay-handbook_Cover-page.png\" alt=\"Handbuch Rohrplattieren Wei\u00dfbuch f\u00fcr automatisiertes WIG-GTW-Schwei\u00dfplattieren mit Auftragschwei\u00dfung\" height=\"454\" width=\"320\" title=\"Weld-overlay-Handbuch_Umschlagsseite\" \/>\n\t\tDeckblatt des Polysoude-Handbuchs \u00fcber das automatische WIG-Auftragschwei\u00dfen. Die Abbildung zeigt flaches Innenplattieren und eine innere Rohrverkleidung.\n<h2>\n\t\tAufmischung\n\t<\/h2>\n\t<p>Die Hauptschwierigkeit bei einer <strong>Rohrverkleidung\u00a0<\/strong>besteht in\u00a0der Kontrolle der Aufmischungsrate, um die chemische Analyse der Abschmelzung zu garantieren. In allgemeinen F\u00e4llen charakterisiert das Aufmischprinzip die nach der Abschmelzung eines Substrats eines anderen Grades erhaltenen Ergebnisse Die f\u00fcr das <strong>Auftragschwei\u00dfen<\/strong>\u00a0verwendeten Legierungen sind nach der Spezifit\u00e4t ihrer chemischen Analyse und ihrer Widerstandsf\u00e4higkeit gegen\u00fcber externen Belastungen aufgelistet. In den meisten F\u00e4llen ist Leistung nur unter Nicht-Aufmischbedingungen garantiert, das hei\u00dft mit einer chemischen Analyse, die der Klassifizierung des Grades entspricht.<\/p>\n<p>Im Rahmen der Schwei\u00dfarbeiten wird jedoch das Zusatzprodukt komplett geschmolzen und auf dem Grundmaterial abgelagert\u00a0(Substrat), das selbst unter der Einwirkung des Lichtbogens geschmolzen wird. Die Mischung von Zusatzdraht und Grundmaterial kennzeichnet die Aufmischrate, die aus dem <strong>Auftragschwei\u00dfen<\/strong>\u00a0entsteht.<\/p>\n\t\t\t\t<img loading=\"lazy\" decoding=\"async\" src=\"https:\/\/www.polysoude.com\/wp-content\/uploads\/2022\/09\/weld-dilution-tig-pipe-cladding.png\" alt=\"prinzipielles schema der schwei\u00dfverd\u00fcnnung tig gtaw rohr plattierung auftragsrate\" height=\"253\" width=\"490\" title=\"Schwei\u00dfverd\u00fcnnung-WIG-Rohrplattierung\" \/>\n\t\tDarstellung einer Auftragschwei\u00dfarbeit in zwei Lagen auf einem Substrat aus unlegiertem Stahl (oder niedriglegiertem Stahl). Der Aufmischungsgrad nimmt bei Auftragschwei\u00dfen ab. In diesem Beispiel erreicht die erste Lage eine Aufmischrate von 12\u00a0%; die zweite Lage nur 2,5\u00a0%.\n\t<p>Die Suche nach einem Kompromiss zwischen dem Schmelzen eines Minimums an Grundmaterial bei gleichzeitiger Gew\u00e4hrleistung der Qualit\u00e4t der Bindung mit der Abschmelzung bleibt die gr\u00f6\u00dfte Schwierigkeit bei der Festlegung von Arbeitsverfahren, um einen Ausgleich zwischen der Kompaktheit und der chemischen Analyse der Abschmelzung zu garantieren. Die prozentuelle Aufmischung spiegelt die Ver\u00e4nderung der chemischen Zusammensetzung der Legierung f\u00fcr das Auftragschwei\u00dfen wider, die aus der Mischung mit dem geschmolzenen Grundmetall oder einer Lage, die bereits abgeschmolzen wurde, entsteht.<\/p>\n<h2>\n\t\tStromquellen f\u00fcr Rohrverkleidung und Ausr\u00fcstung\n\t<\/h2>\n\t<p>WIG-Schwei\u00dfstromquellen sind das Herzst\u00fcck von <strong>Auftragschwei\u00dfanlagen<\/strong>.\u00a0\u00dcber eine Schnittstelle mit dem Bediener sind Polyoudes multifunktionale, computerprogrammierbare Schwei\u00dfstromquellen f\u00fcr die pr\u00e4zise Kontrolle von Stromintensit\u00e4ten und Bewegungen konzipiert. Die Smart Welding Stationen bieten:<\/p>\n<ul>\n<li>Schwei\u00dfstromst\u00e4rken je nach Anforderung der Anwendung zwischen 300 und 550 A bei einer Einschaltdauer von 100 %<\/li>\n<li>Hochleistungs-Programmiersysteme, die f\u00e4hig sind, Anwendungsprogramme mit f\u00fcr <strong>Auftragschwei\u00dfen<\/strong> geeigneten Funktionen zu erstellen<\/li>\n<li>Leistungsreserven zur Steuerung peripherer Einrichtungen, die f\u00fcr automatische Schwei\u00dfsysteme erforderlich sind.<\/li>\n<\/ul>\n<p>Die offene Struktur der PC-Palette an Stromquellen von Polysoude erm\u00f6glicht es, zus\u00e4tzliche Achsen anzupassen und hinzuzuf\u00fcgen, um alle Bewegungen, sowohl lineare als auch kreisf\u00f6rmige, beim automatischen Auftragsschwei\u00dfen zu kontrollieren und programmieren. Das Instrumentierungs- und Steuerungssystem ist daf\u00fcr konzipiert, die Installation durch alle Phasen des automatischen <strong>Auftragschwei\u00dfverfahrens<\/strong>\u00a0zu steuern.<\/p>\n\t\t\t<a href=\"https:\/\/www.polysoude.com\/de\/auftragschweissen\/auftragschweissen-an-rohren\/\" target=\"_self\" role=\"button\" rel=\"noopener\">\n\t\t\t\t\t\t\tErfahren Sie mehr \u00fcber Auftragsschwei\u00dfen von Rohren und Rohrleitungen\n\t\t\t\t\t<\/a>\n\t<p>Die Achsen, die periphere oder externe Ger\u00e4te kontrollieren, beinhalten Leiterplatten f\u00fcr die Steuerung:<\/p>\n<ul>\n<li>Drehtische<\/li>\n<li>Positioniervorrichtungen<\/li>\n<li>Automatentr\u00e4ger<\/li>\n<li>Mit einem drehbaren Kollektor ausgestattete K\u00f6pfe zum <strong>Auftragschwei\u00dfen<\/strong><\/li>\n<li>Schwei\u00dfdatenerfassung im Echtzeitmodus<\/li>\n<li>K\u00fchler<\/li>\n<li>Restsauerstoffmessger\u00e4te<\/li>\n<li>Rotationsz\u00e4hler &#8211; f\u00fcr die Entwicklung von Programmschleifen bei wiederholten Vorg\u00e4ngen, wie Zylinder-Auftragsschwei\u00dfen<\/li>\n<li>AVC-Schlitten &#8211; besteht aus einem angetriebenen Schlitten, einem Messsystem und einer einem geschlossenen Regelkreis<\/li>\n<li>Pendelschlitten &#8211; wird f\u00fcr die Positionierung vor dem Schwei\u00dfen verwendet, pendelt w\u00e4hrend des Schwei\u00dfens oder aktiviert Wiederherstellen\/Versatz (step-over).<\/li>\n<\/ul>\n<p>Andere PCBs, die mit Eingangs- und Ausgangsports ausgestattet sind, k\u00f6nnen als logische Kreisl\u00e4ufe programmiert werden oder den Ger\u00e4tebetrieb aktivieren.<\/p>\n<p>Polysoude kann eine Reihe von Standardger\u00e4ten f\u00fcr eine Vielzahl von Anwendungen empfehlen; Unterst\u00fctzung hinsichtlich der Verwendung von Ger\u00e4ten bieten; oder die <strong>Rohrverkleidungs<\/strong>-Systeme als Antwort auf Kundenanforderungen als Speziall\u00f6sungen entwerfen und bauen.<\/p>\n\t\t\t\t<img loading=\"lazy\" decoding=\"async\" src=\"https:\/\/www.polysoude.com\/wp-content\/uploads\/2022\/09\/pipe-cladding-installation-SPX-valve-225x300.png\" alt=\"Rohrplattierkolonnenausleger des T-St\u00fcck-Kopfes f\u00fcr WIG-GTAW-Auftragschwei\u00dfung\" height=\"300\" width=\"225\" title=\"Rohrverkleidungs-Installation-SPX-Ventil\" \/>\n\t\tAuftragschwei\u00dfanlagen vor Ort. Diese Standardinstallation umfasst Rohrtr\u00e4ger und S\u00e4ule, einen Hochpr\u00e4zisionsschlitten mit b\u00fcrstenloser Motorisierung, einen SPX Kollektorkopf mit einer Lanze zum Auftragschwei\u00dfen. Die Smart Welding Station und die K\u00fchleinheit sind auf einer speziellen Plattform rund um Rohrtr\u00e4ger und S\u00e4ule installiert. Zwei Bediener folgen einem internen Auftragschwei\u00dfvorgang auf einem Ventil f\u00fcr die \u00d6l- und Gasindustrie.\n\t\t\t<a href=\"https:\/\/www.polysoude.com\/de\/auftragschweissen\/auftragschweissen-an-rohren\/\" target=\"_self\" role=\"button\" rel=\"noopener\">\n\t\t\t\t\t\t\tAlles Wissenswerte finden Sie hier: kostenloser\n\t\t\t\t\t<\/a>\n<h2>\n\t\tRohrverkleidung mithilfe von WIGer-Technologie\n\t<\/h2>\n\t<p>Die interne<strong> Rohrverkleidung<\/strong>\u00a0wurde durch die Polysoude WIGer-Technologie deutlich verbessert.<\/p>\n\t\t\t\t<img loading=\"lazy\" decoding=\"async\" src=\"https:\/\/www.polysoude.com\/wp-content\/uploads\/2022\/09\/tig-wed-lance-inside-pipe-cladding-300x300.png\" alt=\"Rohrinnenplattierung mit dreifacher Inconel-Schicht TIG GTAW Schwei\u00dflanze im Inneren des TIGer Modellrohrs\" height=\"300\" width=\"300\" title=\"tig-wed-lanze-innen-rohr-ummantelung\" \/>\n\t\tWIGer-Brenner mit seinen Elektroden, der einen einzigen Doppelkathodenlichtbogen generiert; der Brenner wird in einem Rohr platziert, in dem 3 Lagen des Auftragschwei\u00dfverfahrens gezeigt werden\n\t<p>Der WIG<sup>er<\/sup>-Brenner hat zwei Elektroden, von denen jede \u00a0mit Strom versorgt und positioniert wird, um einen einzigen Doppelkathodenlichtbogen zu generieren. Geringer Bogendruck, kombiniert mit hoher Schwei\u00dfintensit\u00e4t, erh\u00f6ht die Schwei\u00dfgeschwindigkeiten und die Produktivit\u00e4tsraten von <strong>Auftragsschwei\u00dfen<\/strong>.\u00a0Hohe Abschmelzleistungen werden mit einer geringen Aufmischrate zwischen der abgeschmolzenen Legierung und dem Substrat erreicht. Schwei\u00dfparameter k\u00f6nnen angepasst werden, um die Dicke jeder Lage zu optimieren. Glatte Oberfl\u00e4chen der Lagen und zuverl\u00e4ssige metallurgische Bindung werden zwischen Abschmelzung und Substrat erreicht.<\/p>\n<h3>\n\t\tDas Verfahren\n\t<\/h3>\n\t<p>Auftragschwei\u00dfen von zwei Haupttypen von Komponenten ist erforderlich:<\/p>\n<ul>\n<li>Rohrleitung &#8211; 6 bis 12 Meter (erfordert horizontale Installationen)<\/li>\n<li>Rohrkr\u00fcmmer, T-St\u00fccke, Flansche, Armaturen, Abzweigst\u00fccke (erfordern eine vertikale Installation)<\/li>\n<\/ul>\n<h3>\n\t\tHorizontal\n\t<\/h3>\n\t<p>Bis zu 12 Meter lange Stahlrohre k\u00f6nnen horizontal positioniert und um ihre L\u00e4ngsachse rotiert werden. Zwei Doppelkathoden-Brenner mit angebrachten Drahtvorsch\u00fcben sind am Ende einer Schwei\u00dflanze montiert und werden entlang der Innenwand gef\u00fchrt.<strong>\u00a0<\/strong>Der Schwei\u00dfzyklus beginnt mit der Z\u00fcndung des ersten Brenners, die Lanze f\u00fcr <strong>Auftragsschwei\u00dfen<\/strong>\u00a0wird mit kontrollierter Geschwindigkeit zur\u00fcckgezogen, die Positioniervorrichtung dreht das Rohr synchron und eine erste Lage CRA wird im Rohr abgeschmolzen.<strong>\u00a0<\/strong>Der zweite Brenner, der weiter entlang der Schwei\u00dflanze montiert ist, erreicht die erste abgeschmolzene Lage und beginnt mit dem Auftragschwei\u00dfen einer zweiten Lage, sodass zwei Beschichtungslagen in einem einzigen Durchgang abgeschmolzen werden.<\/p>\n<h3>\n\t\tVertikal\n\t<\/h3>\n\t<p>WIGer-Technologie kann bei vertikalen Installationen zum <strong>Auftragsschwei\u00dfen<\/strong>\u00a0k\u00fcrzerer Rohre von bis zu 2 Metern und komplexeren Montagen und Komponenten verwendet werden. Ein Doppelkathoden-Brenner ist auf einer S\u00e4ulen- und Rohrtr\u00e4gervorrichtung montiert; das Werkst\u00fcck ist an einem Rollenbocklager befestigt; die Feinpositionierung und Verschiebung in Richtung verschiedener Achsen wird mit Schlitten durchgef\u00fchrt.<\/p>\n<p>Sowohl bei horizontalen als auch bei vertikalen Installationen kontrolliert die Stromquelle die synchronisierten Bewegungen des Brenners und des Werkst\u00fccks w\u00e4hrend des Schwei\u00dfzyklus.<\/p>\n\t\t\t<a href=\"https:\/\/www.polysoude.com\/de\/auftragschweissen\/auftragschweissen-an-rohren\/\" target=\"_self\" role=\"button\" rel=\"noopener\">\n\t\t\t\t\t\t\tErfahren Sie mehr\n\t\t\t\t\t<\/a>\n<h2>\n\t\tWer wir sind\n\t<\/h2>\n\tPolysoude ist auf den Entwurf, die Entwicklung und Herstellung innovativer Lichtbogen-Schwei\u00dfl\u00f6sungen spezialisiert. Die Marke steht f\u00fcr weltweit f\u00fchrendes Expertenwissen in 3 Kernbereichen: automatische Systeme f\u00fcr orbitales WIG-Schwei\u00dfen, automatische WIG- und Plasmaschwei\u00dfl\u00f6sungen und WIGer\u2122-Auftragsschwei\u00dfen.<br \/>\nDas seit 1961 in Nantes ans\u00e4ssige Unternehmen stellt eine Vielzahl von Stromquellen und Orbitalschwei\u00dfger\u00e4te sowie eine breite Palette offener und geschlossener <strong>Orbitalschwei\u00dfk\u00f6pfe<\/strong>\u00a0her.<br \/>\nAls intelligentes, werkorientiertes Unternehmen stellt Polysoude heute alle Produkte startklar f\u00fcr Industrie 4.0 her.\n<h3>\n\t\tSprechen Sie uns an\n\t<\/h3>\n\t<p>Treten Sie unserer Community auf LinkedIn bei: <a href=\"https:\/\/www.linkedin.com\/company\/polysoude\/\">@Polsyoude<\/a><\/p>\n<p>Folgen Sie uns in unseren sozialen Netzwerken:<\/p>\n<p>Facebook <a href=\"https:\/\/www.facebook.com\/Polysoude\/\">@polysoude<\/a><\/p>\n<p>Instagram <a href=\"https:\/\/www.instagram.com\/polysoudeglobal\/\">@polysoudeglobal<\/a><\/p>\n\n","protected":false},"excerpt":{"rendered":"<p>Mit Rohrverkleidung\u00a0und Zubeh\u00f6r f\u00fcr Auftragschwei\u00dfen\u00a0k\u00f6nnen alle Arten von Rohren schnell, hochwertig und mit minimaler bis nicht messbarer Verformung verkleidet werden. Polysoude kann verschiedene Arten von Auftragschwei\u00dfanlagen\u00a0entwerfen, um Kundenanforderungen zu erf\u00fcllen. Hei\u00dfdraht-WIG-Schwei\u00dfen ist ein Standard bei hochwertigen Auftragschwei\u00dfarbeiten, besonders bei jenen, die komplexe Formen betreffen, bei denen Platzbeschr\u00e4nkungen oder ein h\u00f6herer Grad an Automatisierung erforderlich ist. [&hellip;]<\/p>\n","protected":false},"author":16,"featured_media":0,"parent":0,"menu_order":0,"comment_status":"closed","ping_status":"closed","template":"","meta":{"_acf_changed":false,"footnotes":""},"class_list":["post-42174","page","type-page","status-publish","hentry"],"acf":[],"yoast_head":"<!-- This site is optimized with the Yoast SEO plugin v27.3 - https:\/\/yoast.com\/product\/yoast-seo-wordpress\/ -->\n<title>Rohrverkleidung | Polysoude<\/title>\n<meta name=\"description\" content=\"Mit Rohrverkleidung\u00a0und Zubeh\u00f6r f\u00fcr Auftragschwei\u00dfen\u00a0k\u00f6nnen alle Arten von Rohren schnell, hochwertig und mit minimaler bis nicht messbarer Verformung\" \/>\n<meta name=\"robots\" content=\"index, follow, max-snippet:-1, max-image-preview:large, max-video-preview:-1\" \/>\n<link rel=\"canonical\" href=\"https:\/\/www.polysoude.com\/de\/rohrverkleidung\/\" \/>\n<meta property=\"og:locale\" content=\"de_DE\" \/>\n<meta property=\"og:type\" content=\"article\" \/>\n<meta property=\"og:title\" content=\"Rohrverkleidung | Polysoude\" \/>\n<meta property=\"og:description\" content=\"Mit Rohrverkleidung\u00a0und Zubeh\u00f6r f\u00fcr Auftragschwei\u00dfen\u00a0k\u00f6nnen alle Arten von Rohren schnell, hochwertig und mit minimaler bis nicht messbarer Verformung\" \/>\n<meta property=\"og:url\" content=\"https:\/\/www.polysoude.com\/de\/rohrverkleidung\/\" \/>\n<meta property=\"og:site_name\" content=\"Polysoude\" \/>\n<meta property=\"article:publisher\" content=\"https:\/\/www.facebook.com\/Polysoude\/\" \/>\n<meta property=\"article:modified_time\" content=\"2023-01-20T11:07:02+00:00\" \/>\n<meta property=\"og:image\" content=\"https:\/\/www.polysoude.com\/wp-content\/uploads\/2022\/09\/cladding-before-heterogenous-pipe-welding-300x271.png\" \/>\n<meta name=\"twitter:card\" content=\"summary_large_image\" \/>\n<meta name=\"twitter:label1\" content=\"Gesch\u00e4tzte Lesezeit\" \/>\n\t<meta name=\"twitter:data1\" content=\"7 minutes\" \/>\n<script type=\"application\/ld+json\" class=\"yoast-schema-graph\">{\"@context\":\"https:\\\/\\\/schema.org\",\"@graph\":[{\"@type\":\"WebPage\",\"@id\":\"https:\\\/\\\/www.polysoude.com\\\/de\\\/rohrverkleidung\\\/\",\"url\":\"https:\\\/\\\/www.polysoude.com\\\/de\\\/rohrverkleidung\\\/\",\"name\":\"Rohrverkleidung | Polysoude\",\"isPartOf\":{\"@id\":\"https:\\\/\\\/www.polysoude.com\\\/de\\\/#website\"},\"primaryImageOfPage\":{\"@id\":\"https:\\\/\\\/www.polysoude.com\\\/de\\\/rohrverkleidung\\\/#primaryimage\"},\"image\":{\"@id\":\"https:\\\/\\\/www.polysoude.com\\\/de\\\/rohrverkleidung\\\/#primaryimage\"},\"thumbnailUrl\":\"https:\\\/\\\/www.polysoude.com\\\/wp-content\\\/uploads\\\/2022\\\/09\\\/cladding-before-heterogenous-pipe-welding-300x271.png\",\"datePublished\":\"2022-10-27T12:14:53+00:00\",\"dateModified\":\"2023-01-20T11:07:02+00:00\",\"description\":\"Mit Rohrverkleidung\u00a0und Zubeh\u00f6r f\u00fcr Auftragschwei\u00dfen\u00a0k\u00f6nnen alle Arten von Rohren schnell, hochwertig und mit minimaler bis nicht messbarer Verformung\",\"breadcrumb\":{\"@id\":\"https:\\\/\\\/www.polysoude.com\\\/de\\\/rohrverkleidung\\\/#breadcrumb\"},\"inLanguage\":\"de-DE\",\"potentialAction\":[{\"@type\":\"ReadAction\",\"target\":[\"https:\\\/\\\/www.polysoude.com\\\/de\\\/rohrverkleidung\\\/\"]}]},{\"@type\":\"ImageObject\",\"inLanguage\":\"de-DE\",\"@id\":\"https:\\\/\\\/www.polysoude.com\\\/de\\\/rohrverkleidung\\\/#primaryimage\",\"url\":\"https:\\\/\\\/www.polysoude.com\\\/wp-content\\\/uploads\\\/2022\\\/09\\\/cladding-before-heterogenous-pipe-welding-300x271.png\",\"contentUrl\":\"https:\\\/\\\/www.polysoude.com\\\/wp-content\\\/uploads\\\/2022\\\/09\\\/cladding-before-heterogenous-pipe-welding-300x271.png\"},{\"@type\":\"BreadcrumbList\",\"@id\":\"https:\\\/\\\/www.polysoude.com\\\/de\\\/rohrverkleidung\\\/#breadcrumb\",\"itemListElement\":[{\"@type\":\"ListItem\",\"position\":1,\"name\":\"Home\",\"item\":\"https:\\\/\\\/www.polysoude.com\\\/de\\\/homepage\\\/\"},{\"@type\":\"ListItem\",\"position\":2,\"name\":\"Rohrverkleidung\"}]},{\"@type\":\"WebSite\",\"@id\":\"https:\\\/\\\/www.polysoude.com\\\/de\\\/#website\",\"url\":\"https:\\\/\\\/www.polysoude.com\\\/de\\\/\",\"name\":\"Polysoude\",\"description\":\"The art of welding\",\"publisher\":{\"@id\":\"https:\\\/\\\/www.polysoude.com\\\/de\\\/#organization\"},\"alternateName\":\"Polysoude\",\"potentialAction\":[{\"@type\":\"SearchAction\",\"target\":{\"@type\":\"EntryPoint\",\"urlTemplate\":\"https:\\\/\\\/www.polysoude.com\\\/de\\\/?s={search_term_string}\"},\"query-input\":{\"@type\":\"PropertyValueSpecification\",\"valueRequired\":true,\"valueName\":\"search_term_string\"}}],\"inLanguage\":\"de-DE\"},{\"@type\":\"Organization\",\"@id\":\"https:\\\/\\\/www.polysoude.com\\\/de\\\/#organization\",\"name\":\"Polysoude\",\"alternateName\":\"Polysoude\",\"url\":\"https:\\\/\\\/www.polysoude.com\\\/de\\\/\",\"logo\":{\"@type\":\"ImageObject\",\"inLanguage\":\"de-DE\",\"@id\":\"https:\\\/\\\/www.polysoude.com\\\/de\\\/#\\\/schema\\\/logo\\\/image\\\/\",\"url\":\"https:\\\/\\\/www.polysoude.com\\\/wp-content\\\/uploads\\\/2022\\\/07\\\/Polysoude_Logo_signature_fond-transparent_600dpi_300mm_RVB-e1658123578778.png\",\"contentUrl\":\"https:\\\/\\\/www.polysoude.com\\\/wp-content\\\/uploads\\\/2022\\\/07\\\/Polysoude_Logo_signature_fond-transparent_600dpi_300mm_RVB-e1658123578778.png\",\"width\":465,\"height\":86,\"caption\":\"Polysoude\"},\"image\":{\"@id\":\"https:\\\/\\\/www.polysoude.com\\\/de\\\/#\\\/schema\\\/logo\\\/image\\\/\"},\"sameAs\":[\"https:\\\/\\\/www.facebook.com\\\/Polysoude\\\/\",\"https:\\\/\\\/www.linkedin.com\\\/company\\\/polysoude\\\/\",\"https:\\\/\\\/www.instagram.com\\\/polysoudeglobal\\\/\"]}]}<\/script>\n<!-- \/ Yoast SEO plugin. -->","yoast_head_json":{"title":"Rohrverkleidung | Polysoude","description":"Mit Rohrverkleidung\u00a0und Zubeh\u00f6r f\u00fcr Auftragschwei\u00dfen\u00a0k\u00f6nnen alle Arten von Rohren schnell, hochwertig und mit minimaler bis nicht messbarer Verformung","robots":{"index":"index","follow":"follow","max-snippet":"max-snippet:-1","max-image-preview":"max-image-preview:large","max-video-preview":"max-video-preview:-1"},"canonical":"https:\/\/www.polysoude.com\/de\/rohrverkleidung\/","og_locale":"de_DE","og_type":"article","og_title":"Rohrverkleidung | Polysoude","og_description":"Mit Rohrverkleidung\u00a0und Zubeh\u00f6r f\u00fcr Auftragschwei\u00dfen\u00a0k\u00f6nnen alle Arten von Rohren schnell, hochwertig und mit minimaler bis nicht messbarer Verformung","og_url":"https:\/\/www.polysoude.com\/de\/rohrverkleidung\/","og_site_name":"Polysoude","article_publisher":"https:\/\/www.facebook.com\/Polysoude\/","article_modified_time":"2023-01-20T11:07:02+00:00","og_image":[{"url":"https:\/\/www.polysoude.com\/wp-content\/uploads\/2022\/09\/cladding-before-heterogenous-pipe-welding-300x271.png","type":"","width":"","height":""}],"twitter_card":"summary_large_image","twitter_misc":{"Gesch\u00e4tzte Lesezeit":"7 minutes"},"schema":{"@context":"https:\/\/schema.org","@graph":[{"@type":"WebPage","@id":"https:\/\/www.polysoude.com\/de\/rohrverkleidung\/","url":"https:\/\/www.polysoude.com\/de\/rohrverkleidung\/","name":"Rohrverkleidung | Polysoude","isPartOf":{"@id":"https:\/\/www.polysoude.com\/de\/#website"},"primaryImageOfPage":{"@id":"https:\/\/www.polysoude.com\/de\/rohrverkleidung\/#primaryimage"},"image":{"@id":"https:\/\/www.polysoude.com\/de\/rohrverkleidung\/#primaryimage"},"thumbnailUrl":"https:\/\/www.polysoude.com\/wp-content\/uploads\/2022\/09\/cladding-before-heterogenous-pipe-welding-300x271.png","datePublished":"2022-10-27T12:14:53+00:00","dateModified":"2023-01-20T11:07:02+00:00","description":"Mit Rohrverkleidung\u00a0und Zubeh\u00f6r f\u00fcr Auftragschwei\u00dfen\u00a0k\u00f6nnen alle Arten von Rohren schnell, hochwertig und mit minimaler bis nicht messbarer Verformung","breadcrumb":{"@id":"https:\/\/www.polysoude.com\/de\/rohrverkleidung\/#breadcrumb"},"inLanguage":"de-DE","potentialAction":[{"@type":"ReadAction","target":["https:\/\/www.polysoude.com\/de\/rohrverkleidung\/"]}]},{"@type":"ImageObject","inLanguage":"de-DE","@id":"https:\/\/www.polysoude.com\/de\/rohrverkleidung\/#primaryimage","url":"https:\/\/www.polysoude.com\/wp-content\/uploads\/2022\/09\/cladding-before-heterogenous-pipe-welding-300x271.png","contentUrl":"https:\/\/www.polysoude.com\/wp-content\/uploads\/2022\/09\/cladding-before-heterogenous-pipe-welding-300x271.png"},{"@type":"BreadcrumbList","@id":"https:\/\/www.polysoude.com\/de\/rohrverkleidung\/#breadcrumb","itemListElement":[{"@type":"ListItem","position":1,"name":"Home","item":"https:\/\/www.polysoude.com\/de\/homepage\/"},{"@type":"ListItem","position":2,"name":"Rohrverkleidung"}]},{"@type":"WebSite","@id":"https:\/\/www.polysoude.com\/de\/#website","url":"https:\/\/www.polysoude.com\/de\/","name":"Polysoude","description":"The art of welding","publisher":{"@id":"https:\/\/www.polysoude.com\/de\/#organization"},"alternateName":"Polysoude","potentialAction":[{"@type":"SearchAction","target":{"@type":"EntryPoint","urlTemplate":"https:\/\/www.polysoude.com\/de\/?s={search_term_string}"},"query-input":{"@type":"PropertyValueSpecification","valueRequired":true,"valueName":"search_term_string"}}],"inLanguage":"de-DE"},{"@type":"Organization","@id":"https:\/\/www.polysoude.com\/de\/#organization","name":"Polysoude","alternateName":"Polysoude","url":"https:\/\/www.polysoude.com\/de\/","logo":{"@type":"ImageObject","inLanguage":"de-DE","@id":"https:\/\/www.polysoude.com\/de\/#\/schema\/logo\/image\/","url":"https:\/\/www.polysoude.com\/wp-content\/uploads\/2022\/07\/Polysoude_Logo_signature_fond-transparent_600dpi_300mm_RVB-e1658123578778.png","contentUrl":"https:\/\/www.polysoude.com\/wp-content\/uploads\/2022\/07\/Polysoude_Logo_signature_fond-transparent_600dpi_300mm_RVB-e1658123578778.png","width":465,"height":86,"caption":"Polysoude"},"image":{"@id":"https:\/\/www.polysoude.com\/de\/#\/schema\/logo\/image\/"},"sameAs":["https:\/\/www.facebook.com\/Polysoude\/","https:\/\/www.linkedin.com\/company\/polysoude\/","https:\/\/www.instagram.com\/polysoudeglobal\/"]}]}},"_links":{"self":[{"href":"https:\/\/www.polysoude.com\/de\/wp-json\/wp\/v2\/pages\/42174","targetHints":{"allow":["GET"]}}],"collection":[{"href":"https:\/\/www.polysoude.com\/de\/wp-json\/wp\/v2\/pages"}],"about":[{"href":"https:\/\/www.polysoude.com\/de\/wp-json\/wp\/v2\/types\/page"}],"author":[{"embeddable":true,"href":"https:\/\/www.polysoude.com\/de\/wp-json\/wp\/v2\/users\/16"}],"replies":[{"embeddable":true,"href":"https:\/\/www.polysoude.com\/de\/wp-json\/wp\/v2\/comments?post=42174"}],"version-history":[{"count":2,"href":"https:\/\/www.polysoude.com\/de\/wp-json\/wp\/v2\/pages\/42174\/revisions"}],"predecessor-version":[{"id":43126,"href":"https:\/\/www.polysoude.com\/de\/wp-json\/wp\/v2\/pages\/42174\/revisions\/43126"}],"wp:attachment":[{"href":"https:\/\/www.polysoude.com\/de\/wp-json\/wp\/v2\/media?parent=42174"}],"curies":[{"name":"wp","href":"https:\/\/api.w.org\/{rel}","templated":true}]}}