{"id":42176,"date":"2022-10-27T14:14:53","date_gmt":"2022-10-27T12:14:53","guid":{"rendered":"https:\/\/www.polysoude.com\/?page_id=42176"},"modified":"2022-11-23T23:50:08","modified_gmt":"2022-11-23T22:50:08","slug":"warum-ist-es-wichtig-eine-ausbildung-im-orbitalschweissen-zu-absolvieren","status":"publish","type":"page","link":"https:\/\/www.polysoude.com\/de\/warum-ist-es-wichtig-eine-ausbildung-im-orbitalschweissen-zu-absolvieren\/","title":{"rendered":"Warum ist es wichtig, eine Ausbildung im Orbitalschwei\u00dfen zu absolvieren?"},"content":{"rendered":"\n\n\t<p>Unter den verschiedenen industriellen <a href=\"https:\/\/www.polysoude.com\/de\/wig-schweissausruestung\/\">Schwei\u00dfverfahren<\/a> hat sich das <strong>WIG-Orbitalschwei\u00dfen<\/strong> \u00a0(Tungsten Inert Gas) nach und nach als unverzichtbares und effizientes Verfahren in den Spitzenindustrien durchgesetzt.<\/p>\n<p><strong>Die Teilnahme an einer Ausbildung im\u00a0Orbitalschwei\u00dfen<\/strong>\u00a0stellt sicher, dass Sie auf die Zukunft des WIG-Schwei\u00dfens im industriellen Bereich vorbereitet sind.<\/p>\n\t\t\t<a href=\"https:\/\/www.polysoude.com\/de\/sie-haben-eine-frage\/\" target=\"_self\" role=\"button\" rel=\"noopener\">\n\t\t\t\t\t\t\tKontaktieren Sie uns f\u00fcr weitere Informationen\n\t\t\t\t\t<\/a>\n<h2>\n\t\tWas ist Orbitalschwei\u00dfen ?\n\t<\/h2>\n\t<p>Wenn es gilt, Schwei\u00dfn\u00e4hte mit einem hohen Qualit\u00e4tsniveau herzustellen, ist das <strong>Orbitalschwei\u00dfen<\/strong>\u00a0die ideale Technik. Normalerweise dreht sich beim <strong>WIG-Orbitalverfahren<\/strong> der Schwei\u00dfbrenner um die zu schwei\u00dfenden Rohre. Die Bezeichnung <strong>Orbitalschwei\u00dfen<\/strong> kommt also von dieser kreisf\u00f6rmigen Bewegung der Schwei\u00dfvorrichtung um das zu schwei\u00dfende Werkst\u00fcck.<\/p>\n<h3>\n\t\tWarum ist das WIG-Orbitalschwei\u00dfen heutzutage unumg\u00e4nglich ?\n\t<\/h3>\n\t<p>Das <strong>Orbitalschwei\u00dfverfahren<\/strong> bietet eine Vielzahl von Vorteilen, die Industriepartner \u00fcberzeugen k\u00f6nnen. Hier einige Beispiele:<\/p>\n<ul>\n<li><strong>H\u00f6here Produktivit\u00e4t als beim Handschwei\u00dfen<\/strong> : Die Schwei\u00dfsequenzen werden in einer best\u00e4ndigen und ergonomischen Weise wiederholt: Wartungsarbeiten werden auf ein Minimum an Zeit reduziert, ohne dass die Erm\u00fcdung der Schwei\u00dfer oder die Schwere der Aufgabe eine Rolle spielen.<\/li>\n<li><strong>Kompetenzniveau<\/strong> : <strong>Die <a href=\"https:\/\/www.polysoude.com\/de\/orbitalschweissgeraete\/\">Orbitalschwei\u00dfger\u00e4te<\/a><\/strong> k\u00f6nnen von Bedienern bedient werden, die zuvor <strong>eine Ausbildung im Orbitalschwei\u00dfen absolviert haben<\/strong>. Dies f\u00fchrt zu einer Senkung der Arbeitskosten, da sie in der Regel deutlich niedrigere L\u00f6hne erhalten und auf dem Arbeitsmarkt leichter zu rekrutieren sind.<\/li>\n<li><strong>Arbeitsumgebung<\/strong> : Begrenzter oder schwer zug\u00e4nglicher Raum, mangelnde Sichtbarkeit, Strahlenbelastung: Sobald der Schwei\u00dfkopf positioniert ist, kann die Schwei\u00dfung durchaus ferngesteuert durchgef\u00fchrt werden.<\/li>\n<\/ul>\n\t\t\t<a href=\"https:\/\/www.polysoude.com\/de\/orbitalschweissen-und-automatisiertes-schweissen\/orbitalschweissen-rohr-rohrverbindungen-2\/\" target=\"_self\" role=\"button\" rel=\"noopener\">\n\t\t\t\t\t\t\tUm mehr dazu zu erfahren\n\t\t\t\t\t<\/a>\n\t<ul>\n<li><strong>R\u00fcckverfolgbarkeit &#8211; Qualit\u00e4tskontrolle<\/strong> : Bei einer Orbitalschwei\u00dfanlage k\u00f6nnen die Schwei\u00dfparameter kontrolliert und in einem ausdruckbaren Schwei\u00dfprotokoll zusammengestellt werden. Hochentwickelte Datenerfassungsger\u00e4te arbeiten parallel dazu. Sie k\u00f6nnen direkt mit einem anderen Qualit\u00e4tskontrollsystem verbunden werden und so eine automatische Daten\u00fcbertragung ohne Unterbrechung des Schwei\u00dfzyklus erm\u00f6glichen.<\/li>\n<\/ul>\n\t\t\t\t<img loading=\"lazy\" decoding=\"async\" src=\"https:\/\/www.polysoude.com\/wp-content\/uploads\/2022\/09\/Orbital-welding-remote-training-1000x325.jpg\" alt=\"operator training staff remotely for orbital welding machine repair\" itemprop=\"image\" height=\"208\" width=\"640\" title=\"Orbital-welding-remote-training\" onerror=\"this.style.display='none'\"  \/>\n<h2>\n\t\tIn welchen Branchen werden Bediener ben\u00f6tigt, die im WIG-Orbitalschwei\u00dfen ausgebildet wurden ?\n\t<\/h2>\n\t<p>Das WIG-<a href=\"https:\/\/www.polysoude.com\/de\/\">Schwei\u00dfen<\/a>\u00a0wird in den folgenden Branchen zum Hauptverfahren:<\/p>\n<ul>\n<li><strong>In der Luftfahrtindustrie<\/strong> : Sie war die erste Branche, die die Wichtigkeit des<strong> orbitalen WIG-Schwei\u00dfverfahrens<\/strong> erkannte. Mehr als 1500 Schwei\u00dfn\u00e4hte sind erforderlich, um den Hochdruckkreislauf eines einzigen Flugzeugs herzustellen.<\/li>\n<li><strong>In der Lebensmittelindustrie<\/strong> : In der Lebensmittelindustrie m\u00fcssen Rohre verwendet werden, die strengen Gesundheitsnormen entsprechen. Die Schwei\u00dfn\u00e4hte m\u00fcssen vollst\u00e4ndig durchdrungen sein und jeder noch so kleine Fehler kann eine Gefahrenquelle darstellen, da er das Wachstum von pathogenen Bakterien beg\u00fcnstigt. Aus diesem Grund zwingen die aktuellen Normen und Spezifikationen die Akteure in der Lebensmittelindustrie zunehmend dazu, das <strong>orbitale WIG-Schwei\u00dfverfahren<\/strong> anzuwenden.<\/li>\n<li><strong>Bei der Herstellung von Halbleitermaterialien<\/strong> : Das ultrahochreine Gas, das bei der Herstellung von Halbleiterbauteilen verwendet wird, muss durch elektropolierte Rohre aus Edelstahl geleitet werden, ohne verunreinigt zu werden. Die Abnahmekriterien f\u00fcr die Anlagen sind \u00e4u\u00dferst streng. Nur Techniker, die mit zuverl\u00e4ssigen <strong>Orbitalschwei\u00dfger\u00e4ten<\/strong> arbeiten, k\u00f6nnen diese Aufgabe erfolgreich bew\u00e4ltigen.<\/li>\n<\/ul>\n<ul>\n<li><strong>In der Chemiebranche<\/strong> : In der Chemiebranche besteht ein gro\u00dfer Bedarf an <strong>WIG-Schwei\u00dfen<\/strong>. Dies liegt daran, dass eine Produktionseinheit aus edlen Metallen und Legierungen besteht. Von der Qualit\u00e4t der Schwei\u00dfn\u00e4hte h\u00e4ngt oft die Betriebsdauer der Anlagen ab. Die strenge Kontrolle des Schwei\u00dfprozesses f\u00fchrt daher zwangsl\u00e4ufig \u00fcber die Automatisierung des Schwei\u00dfens. Der Einsatz des <strong>Orbitalschwei\u00dfens<\/strong> ergibt sich von selbst und wird im \u00dcbrigen in der Regel von den Auftraggebern vorgeschrieben.<\/li>\n<li>In den W\u00e4rme- und Kernkraftwerken : Um die hohe Sicherheit von W\u00e4rmekraftwerken und Kernreaktoren zu gew\u00e4hrleisten, werden alle Kategorien von <strong>WIG-Schwei\u00dfanwendungen<\/strong> eingesetzt. Die Schwei\u00dftechniken und die Qualit\u00e4t der Schwei\u00dfn\u00e4hte unterliegen in der Regel der \u00dcberwachung durch Beh\u00f6rden und\/oder externe Stellen. Die Ausr\u00fcstung f\u00fcr das <strong>Orbitalschwei\u00dfen<\/strong>, liefert die geforderten Dokumentationen und R\u00fcckverfolgbarkeitselemente.<\/li>\n<\/ul>\n\t\t\t\t<img loading=\"lazy\" decoding=\"async\" src=\"https:\/\/www.polysoude.com\/wp-content\/uploads\/2022\/09\/Orbital-welding-product-maintenance-training-650x300.png\" alt=\"techncian maintainng orbital welding power source workshop\" itemprop=\"image\" height=\"295\" width=\"640\" title=\"Orbital-welding-product-maintenance-training\" onerror=\"this.style.display='none'\"  \/>\n<h2>\n\t\tWarum ist es wichtig, eine Ausbildung im Orbitalschwei\u00dfen zu absolvieren?\n\t<\/h2>\n\t<p>Wie wir sehen k\u00f6nnen, wird das WIG-Orbitalschwei\u00dfen\u00a0in verschiedenen Industriezweigen immer h\u00e4ufiger eingesetzt und nachgefragt. Die Anzahl der Personen, die \u00fcber die Kenntnisse zur Bedienung dieser speziellen WIG-Schwei\u00dfanlagen verf\u00fcgen, ist jedoch niedriger als die Nachfrage. Eine Ausbildung in der Bedienung von Orbitalschwei\u00dfanlagen bedeutet daher, dass man sicher sein kann, diese hohe Nachfrage zu befriedigen.<\/p>\n<h3>F\u00fcr Unternehmen<\/h3>\n<ul>\n<li><strong>Ein Gewinn f\u00fcr alle Beteiligten : <\/strong>Die Teilnahme an einer <strong>Berufsausbildung<\/strong> wird oft als Zwang angesehen, bietet jedoch zahlreiche Vorteile. Nach der Einstellung eines Mitarbeiters muss die Zeit ber\u00fccksichtigt werden, in der sich der neue Mitarbeiter an die Besonderheiten des Unternehmens und des Berufs anpassen muss. Wenn man einem Mitarbeiter die M\u00f6glichkeit gibt, sich weiterzubilden, ist dieser Zeitaufwand nicht mehr notwendig. \u00dcber die <strong>Berufsausbildung<\/strong> seiner Mitarbeiter verschafft sich das Unternehmen einen klaren Vorteil, um sich auf einem immer st\u00e4rker umk\u00e4mpften Markt zu positionieren.<\/li>\n<li><strong>F\u00f6rderung des Arbeitsumfelds : <\/strong>Indem das Unternehmen die Karriere seiner Mitarbeiter f\u00f6rdert, gibt es ihnen das Gef\u00fchl, dass sie in ihrem beruflichen Werdegang unterst\u00fctzt werden. Die Mitarbeiter sind nun selbstbewusst, engagiert und motiviert und stimulieren schlie\u00dflich ein dynamisches Arbeitsklima innerhalb der Teams.<\/li>\n<li><strong>Eine erh\u00f6hte Wettbewerbsf\u00e4higkeit :<\/strong> Mit qualifizierten Mitarbeitern f\u00fcr das <strong>WIG-Orbitalschwei\u00dfen<\/strong>\u00a0ist das Unternehmen nun besser in der Lage, die Bed\u00fcrfnisse und Erwartungen des Marktes und seiner Kunden zu erf\u00fcllen und sich dem Wettbewerb zu stellen. Die F\u00f6rderung der\u00a0<strong>Berufsausbildung\u00a0<\/strong>von Mitarbeitern verbessert die Wettbewerbsf\u00e4higkeit des Unternehmens.<\/li>\n<\/ul>\n<h3>F\u00fcr die Arbeitnehmer<\/h3>\n<ul>\n<li><strong>Sich durch ihre neuen Fachkenntnisse und Kompetenzen anpassen<\/strong><em><i> : <\/i><\/em>F\u00fcr einen Mitarbeiter bedeutet die Ausbildung zum <strong>Orbitalschwei\u00dfen<\/strong> in erster Linie, dass er die f\u00fcr seinen Beruf erforderlichen Fachkenntnisse und Kompetenzen erwirbt. Sie erm\u00f6glicht es ihm, sich besser an die Entwicklungen in seiner beruflichen T\u00e4tigkeit anzupassen und sogar in seiner Branche aufzusteigen oder vielseitiger zu werden.<\/li>\n<li><strong>Eine positive Wahrnehmung :<\/strong> Der zweite wichtige Aspekt der <strong>Berufsausbildung<\/strong>\u00a0ist die Wahrnehmung, die der Mitarbeiter von sich selbst und von seinem Unternehmen hat. Durch die Erweiterung seiner Kompetenzen f\u00fchlt sich der Mitarbeiter bei der Ausf\u00fchrung seiner Arbeit und in der Position, die er innehat, sicherer.<\/li>\n<\/ul>\n<h3>Eine Ausbildung im\u00a0Orbitalschwei\u00dfen absolvieren, die notwendige Erg\u00e4nzung zur Polysoude-Ausr\u00fcstung.<\/h3>\n<p>Polysoude liegt die st\u00e4ndige Zufriedenheit seiner Kunden am Herzen. Diese Zufriedenheit wird durch unsere Dienstleistungsl\u00f6sungen erreicht, die mit unseren Ausr\u00fcstungen verbunden sind. Im Rahmen dieser Dienstleistungen bietet Polysoude Schulungen f\u00fcr die Verwendung von Schwei\u00dfger\u00e4ten und die Wartung von <strong>Orbitalschwei\u00dfanlagen<\/strong> an.<\/p>\n<h2>\n\t\tWarum sollte man bei Polysoude eine Ausbildung im Orbitalschwei\u00dfen absolvieren?\n\t<\/h2>\n\t<p>Niemand anders als Polysoude ist kompetenter und eher in der Lage, Sie an unseren Maschinen auszubilden. Polysoude verf\u00fcgt n\u00e4mlich \u00fcber eine Gruppe von Ausbildern, deren Kernkompetenz das Schwei\u00dfen mit unseren Schwei\u00dfmaschinen ist.<\/p>\n<p>Unsere Schulungen im WIG-Orbitalschwei\u00dfen\u00a0werden an unserem Polysoude-Standort in Nantes in einem unserer professionellen Schulungsr\u00e4ume angeboten, aber auch direkt bei unseren Kunden oder als Fernschulung \u00fcber unser sicheres Fernwartungssystem.<\/p>\n<p>Sie sind in Themenbereiche unterteilt, die mit unserem Maschinenbestand zusammenh\u00e4ngen und in unserem Schulungskatalog zu finden sind.<\/p>\n\t\t\t\t<img loading=\"lazy\" decoding=\"async\" src=\"https:\/\/www.polysoude.com\/wp-content\/uploads\/2022\/09\/training-customers-polysoude-orbital-welding-500x500.jpg\" alt=\"teacher preenting usage of orbital welding toche and machine \" itemprop=\"image\" height=\"500\" width=\"500\" title=\"training-customers-polysoude-orbital-welding\" onerror=\"this.style.display='none'\"  \/>\n\t\t\t\t<img loading=\"lazy\" decoding=\"async\" src=\"https:\/\/www.polysoude.com\/wp-content\/uploads\/2022\/09\/Orbital-welding-training-and-certification-500x500.jpg\" alt=\"manager training students to use orbital welding machines and power source\" itemprop=\"image\" height=\"500\" width=\"500\" title=\"Orbital-welding-training-and-certification\" onerror=\"this.style.display='none'\"  \/>\n<h3>\n\t\tKontinuierliche Verbesserung und p\u00e4dagogisches Engineering\n\t<\/h3>\n\t<p>Polysoude strukturiert, professionalisiert und verbessert seine Ausbildungsleistungen tagt\u00e4glich. Die Erlangung der <strong><b>Qualiopi<\/b><\/strong>-Zertifizierung belegt die Investition unserer Teams in die Qualit\u00e4t unserer Ausbildungsleistungen, die den Anforderungen des vom franz\u00f6sischen Arbeitsministerium herausgegebenen nationalen Qualit\u00e4tsreferenzsystems entsprechen.<\/p>\n\t\t\t<a href=\"https:\/\/www.polysoude.com\/de\/dienstleistungen-ersatzteile-miete\/schulung\/\" target=\"_self\" role=\"button\" rel=\"noopener\">\n\t\t\t\t\t\t\tUm mehr dazu zu erfahren\n\t\t\t\t\t<\/a>\n<h3>\n\t\tUm mit uns in Kontakt zu treten\n\t<\/h3>\n\t<p>Treten Sie unserer Community auf LinkedIn bei: @Polsyoude<\/p>\n<p>Folgen Sie uns in den sozialen Netzwerken:<\/p>\n<p>Facebook @polysoude<\/p>\n<p>Instagram @polysoudeglobal<\/p>\n\n","protected":false},"excerpt":{"rendered":"<p>Unter den verschiedenen industriellen Schwei\u00dfverfahren hat sich das WIG-Orbitalschwei\u00dfen \u00a0(Tungsten Inert Gas) nach und nach als unverzichtbares und effizientes Verfahren in den Spitzenindustrien durchgesetzt. Die Teilnahme an einer Ausbildung im\u00a0Orbitalschwei\u00dfen\u00a0stellt sicher, dass Sie auf die Zukunft des WIG-Schwei\u00dfens im industriellen Bereich vorbereitet sind. Kontaktieren Sie uns f\u00fcr weitere Informationen Was ist Orbitalschwei\u00dfen ? Wenn es [&hellip;]<\/p>\n","protected":false},"author":16,"featured_media":0,"parent":0,"menu_order":0,"comment_status":"closed","ping_status":"closed","template":"","meta":{"_acf_changed":false,"footnotes":""},"class_list":["post-42176","page","type-page","status-publish","hentry"],"acf":[],"yoast_head":"<!-- This site is optimized with the Yoast SEO plugin v27.3 - https:\/\/yoast.com\/product\/yoast-seo-wordpress\/ -->\n<title>Warum ist es wichtig, eine Ausbildung im Orbitalschwei\u00dfen zu absolvieren? | Polysoude<\/title>\n<meta name=\"description\" content=\"Unter den verschiedenen industriellen Schwei\u00dfverfahren hat sich das WIG-Orbitalschwei\u00dfen \u00a0(Tungsten Inert Gas) nach und nach als unverzichtbares und\" \/>\n<meta name=\"robots\" content=\"index, follow, max-snippet:-1, max-image-preview:large, max-video-preview:-1\" \/>\n<link rel=\"canonical\" href=\"https:\/\/www.polysoude.com\/de\/warum-ist-es-wichtig-eine-ausbildung-im-orbitalschweissen-zu-absolvieren\/\" \/>\n<meta property=\"og:locale\" content=\"de_DE\" \/>\n<meta property=\"og:type\" content=\"article\" \/>\n<meta property=\"og:title\" content=\"Warum ist es wichtig, eine Ausbildung im Orbitalschwei\u00dfen zu absolvieren? | Polysoude\" \/>\n<meta property=\"og:description\" content=\"Unter den verschiedenen industriellen Schwei\u00dfverfahren hat sich das WIG-Orbitalschwei\u00dfen \u00a0(Tungsten Inert Gas) nach und nach als unverzichtbares und\" \/>\n<meta property=\"og:url\" content=\"https:\/\/www.polysoude.com\/de\/warum-ist-es-wichtig-eine-ausbildung-im-orbitalschweissen-zu-absolvieren\/\" \/>\n<meta property=\"og:site_name\" content=\"Polysoude\" \/>\n<meta property=\"article:publisher\" content=\"https:\/\/www.facebook.com\/Polysoude\/\" \/>\n<meta property=\"article:modified_time\" content=\"2022-11-23T22:50:08+00:00\" \/>\n<meta property=\"og:image\" content=\"https:\/\/www.polysoude.com\/wp-content\/uploads\/2022\/09\/Orbital-welding-remote-training-1000x325.jpg\" \/>\n<meta name=\"twitter:card\" content=\"summary_large_image\" \/>\n<meta name=\"twitter:label1\" content=\"Gesch\u00e4tzte Lesezeit\" \/>\n\t<meta name=\"twitter:data1\" content=\"6 minutes\" \/>\n<script type=\"application\/ld+json\" class=\"yoast-schema-graph\">{\"@context\":\"https:\\\/\\\/schema.org\",\"@graph\":[{\"@type\":\"WebPage\",\"@id\":\"https:\\\/\\\/www.polysoude.com\\\/de\\\/warum-ist-es-wichtig-eine-ausbildung-im-orbitalschweissen-zu-absolvieren\\\/\",\"url\":\"https:\\\/\\\/www.polysoude.com\\\/de\\\/warum-ist-es-wichtig-eine-ausbildung-im-orbitalschweissen-zu-absolvieren\\\/\",\"name\":\"Warum ist es wichtig, eine Ausbildung im Orbitalschwei\u00dfen zu absolvieren? | Polysoude\",\"isPartOf\":{\"@id\":\"https:\\\/\\\/www.polysoude.com\\\/de\\\/#website\"},\"primaryImageOfPage\":{\"@id\":\"https:\\\/\\\/www.polysoude.com\\\/de\\\/warum-ist-es-wichtig-eine-ausbildung-im-orbitalschweissen-zu-absolvieren\\\/#primaryimage\"},\"image\":{\"@id\":\"https:\\\/\\\/www.polysoude.com\\\/de\\\/warum-ist-es-wichtig-eine-ausbildung-im-orbitalschweissen-zu-absolvieren\\\/#primaryimage\"},\"thumbnailUrl\":\"https:\\\/\\\/www.polysoude.com\\\/wp-content\\\/uploads\\\/2022\\\/09\\\/Orbital-welding-remote-training-1000x325.jpg\",\"datePublished\":\"2022-10-27T12:14:53+00:00\",\"dateModified\":\"2022-11-23T22:50:08+00:00\",\"description\":\"Unter den verschiedenen industriellen Schwei\u00dfverfahren hat sich das WIG-Orbitalschwei\u00dfen \u00a0(Tungsten Inert Gas) nach und nach als unverzichtbares und\",\"breadcrumb\":{\"@id\":\"https:\\\/\\\/www.polysoude.com\\\/de\\\/warum-ist-es-wichtig-eine-ausbildung-im-orbitalschweissen-zu-absolvieren\\\/#breadcrumb\"},\"inLanguage\":\"de-DE\",\"potentialAction\":[{\"@type\":\"ReadAction\",\"target\":[\"https:\\\/\\\/www.polysoude.com\\\/de\\\/warum-ist-es-wichtig-eine-ausbildung-im-orbitalschweissen-zu-absolvieren\\\/\"]}]},{\"@type\":\"ImageObject\",\"inLanguage\":\"de-DE\",\"@id\":\"https:\\\/\\\/www.polysoude.com\\\/de\\\/warum-ist-es-wichtig-eine-ausbildung-im-orbitalschweissen-zu-absolvieren\\\/#primaryimage\",\"url\":\"https:\\\/\\\/www.polysoude.com\\\/wp-content\\\/uploads\\\/2022\\\/09\\\/Orbital-welding-remote-training-1000x325.jpg\",\"contentUrl\":\"https:\\\/\\\/www.polysoude.com\\\/wp-content\\\/uploads\\\/2022\\\/09\\\/Orbital-welding-remote-training-1000x325.jpg\"},{\"@type\":\"BreadcrumbList\",\"@id\":\"https:\\\/\\\/www.polysoude.com\\\/de\\\/warum-ist-es-wichtig-eine-ausbildung-im-orbitalschweissen-zu-absolvieren\\\/#breadcrumb\",\"itemListElement\":[{\"@type\":\"ListItem\",\"position\":1,\"name\":\"Home\",\"item\":\"https:\\\/\\\/www.polysoude.com\\\/de\\\/homepage\\\/\"},{\"@type\":\"ListItem\",\"position\":2,\"name\":\"Warum ist es wichtig, eine Ausbildung im Orbitalschwei\u00dfen zu absolvieren?\"}]},{\"@type\":\"WebSite\",\"@id\":\"https:\\\/\\\/www.polysoude.com\\\/de\\\/#website\",\"url\":\"https:\\\/\\\/www.polysoude.com\\\/de\\\/\",\"name\":\"Polysoude\",\"description\":\"The art of welding\",\"publisher\":{\"@id\":\"https:\\\/\\\/www.polysoude.com\\\/de\\\/#organization\"},\"alternateName\":\"Polysoude\",\"potentialAction\":[{\"@type\":\"SearchAction\",\"target\":{\"@type\":\"EntryPoint\",\"urlTemplate\":\"https:\\\/\\\/www.polysoude.com\\\/de\\\/?s={search_term_string}\"},\"query-input\":{\"@type\":\"PropertyValueSpecification\",\"valueRequired\":true,\"valueName\":\"search_term_string\"}}],\"inLanguage\":\"de-DE\"},{\"@type\":\"Organization\",\"@id\":\"https:\\\/\\\/www.polysoude.com\\\/de\\\/#organization\",\"name\":\"Polysoude\",\"alternateName\":\"Polysoude\",\"url\":\"https:\\\/\\\/www.polysoude.com\\\/de\\\/\",\"logo\":{\"@type\":\"ImageObject\",\"inLanguage\":\"de-DE\",\"@id\":\"https:\\\/\\\/www.polysoude.com\\\/de\\\/#\\\/schema\\\/logo\\\/image\\\/\",\"url\":\"https:\\\/\\\/www.polysoude.com\\\/wp-content\\\/uploads\\\/2022\\\/07\\\/Polysoude_Logo_signature_fond-transparent_600dpi_300mm_RVB-e1658123578778.png\",\"contentUrl\":\"https:\\\/\\\/www.polysoude.com\\\/wp-content\\\/uploads\\\/2022\\\/07\\\/Polysoude_Logo_signature_fond-transparent_600dpi_300mm_RVB-e1658123578778.png\",\"width\":465,\"height\":86,\"caption\":\"Polysoude\"},\"image\":{\"@id\":\"https:\\\/\\\/www.polysoude.com\\\/de\\\/#\\\/schema\\\/logo\\\/image\\\/\"},\"sameAs\":[\"https:\\\/\\\/www.facebook.com\\\/Polysoude\\\/\",\"https:\\\/\\\/www.linkedin.com\\\/company\\\/polysoude\\\/\",\"https:\\\/\\\/www.instagram.com\\\/polysoudeglobal\\\/\"]}]}<\/script>\n<!-- \/ Yoast SEO plugin. -->","yoast_head_json":{"title":"Warum ist es wichtig, eine Ausbildung im Orbitalschwei\u00dfen zu absolvieren? | Polysoude","description":"Unter den verschiedenen industriellen Schwei\u00dfverfahren hat sich das WIG-Orbitalschwei\u00dfen \u00a0(Tungsten Inert Gas) nach und nach als unverzichtbares und","robots":{"index":"index","follow":"follow","max-snippet":"max-snippet:-1","max-image-preview":"max-image-preview:large","max-video-preview":"max-video-preview:-1"},"canonical":"https:\/\/www.polysoude.com\/de\/warum-ist-es-wichtig-eine-ausbildung-im-orbitalschweissen-zu-absolvieren\/","og_locale":"de_DE","og_type":"article","og_title":"Warum ist es wichtig, eine Ausbildung im Orbitalschwei\u00dfen zu absolvieren? | Polysoude","og_description":"Unter den verschiedenen industriellen Schwei\u00dfverfahren hat sich das WIG-Orbitalschwei\u00dfen \u00a0(Tungsten Inert Gas) nach und nach als unverzichtbares und","og_url":"https:\/\/www.polysoude.com\/de\/warum-ist-es-wichtig-eine-ausbildung-im-orbitalschweissen-zu-absolvieren\/","og_site_name":"Polysoude","article_publisher":"https:\/\/www.facebook.com\/Polysoude\/","article_modified_time":"2022-11-23T22:50:08+00:00","og_image":[{"url":"https:\/\/www.polysoude.com\/wp-content\/uploads\/2022\/09\/Orbital-welding-remote-training-1000x325.jpg","type":"","width":"","height":""}],"twitter_card":"summary_large_image","twitter_misc":{"Gesch\u00e4tzte Lesezeit":"6 minutes"},"schema":{"@context":"https:\/\/schema.org","@graph":[{"@type":"WebPage","@id":"https:\/\/www.polysoude.com\/de\/warum-ist-es-wichtig-eine-ausbildung-im-orbitalschweissen-zu-absolvieren\/","url":"https:\/\/www.polysoude.com\/de\/warum-ist-es-wichtig-eine-ausbildung-im-orbitalschweissen-zu-absolvieren\/","name":"Warum ist es wichtig, eine Ausbildung im Orbitalschwei\u00dfen zu absolvieren? | Polysoude","isPartOf":{"@id":"https:\/\/www.polysoude.com\/de\/#website"},"primaryImageOfPage":{"@id":"https:\/\/www.polysoude.com\/de\/warum-ist-es-wichtig-eine-ausbildung-im-orbitalschweissen-zu-absolvieren\/#primaryimage"},"image":{"@id":"https:\/\/www.polysoude.com\/de\/warum-ist-es-wichtig-eine-ausbildung-im-orbitalschweissen-zu-absolvieren\/#primaryimage"},"thumbnailUrl":"https:\/\/www.polysoude.com\/wp-content\/uploads\/2022\/09\/Orbital-welding-remote-training-1000x325.jpg","datePublished":"2022-10-27T12:14:53+00:00","dateModified":"2022-11-23T22:50:08+00:00","description":"Unter den verschiedenen industriellen Schwei\u00dfverfahren hat sich das WIG-Orbitalschwei\u00dfen \u00a0(Tungsten Inert Gas) nach und nach als unverzichtbares und","breadcrumb":{"@id":"https:\/\/www.polysoude.com\/de\/warum-ist-es-wichtig-eine-ausbildung-im-orbitalschweissen-zu-absolvieren\/#breadcrumb"},"inLanguage":"de-DE","potentialAction":[{"@type":"ReadAction","target":["https:\/\/www.polysoude.com\/de\/warum-ist-es-wichtig-eine-ausbildung-im-orbitalschweissen-zu-absolvieren\/"]}]},{"@type":"ImageObject","inLanguage":"de-DE","@id":"https:\/\/www.polysoude.com\/de\/warum-ist-es-wichtig-eine-ausbildung-im-orbitalschweissen-zu-absolvieren\/#primaryimage","url":"https:\/\/www.polysoude.com\/wp-content\/uploads\/2022\/09\/Orbital-welding-remote-training-1000x325.jpg","contentUrl":"https:\/\/www.polysoude.com\/wp-content\/uploads\/2022\/09\/Orbital-welding-remote-training-1000x325.jpg"},{"@type":"BreadcrumbList","@id":"https:\/\/www.polysoude.com\/de\/warum-ist-es-wichtig-eine-ausbildung-im-orbitalschweissen-zu-absolvieren\/#breadcrumb","itemListElement":[{"@type":"ListItem","position":1,"name":"Home","item":"https:\/\/www.polysoude.com\/de\/homepage\/"},{"@type":"ListItem","position":2,"name":"Warum ist es wichtig, eine Ausbildung im Orbitalschwei\u00dfen zu absolvieren?"}]},{"@type":"WebSite","@id":"https:\/\/www.polysoude.com\/de\/#website","url":"https:\/\/www.polysoude.com\/de\/","name":"Polysoude","description":"The art of welding","publisher":{"@id":"https:\/\/www.polysoude.com\/de\/#organization"},"alternateName":"Polysoude","potentialAction":[{"@type":"SearchAction","target":{"@type":"EntryPoint","urlTemplate":"https:\/\/www.polysoude.com\/de\/?s={search_term_string}"},"query-input":{"@type":"PropertyValueSpecification","valueRequired":true,"valueName":"search_term_string"}}],"inLanguage":"de-DE"},{"@type":"Organization","@id":"https:\/\/www.polysoude.com\/de\/#organization","name":"Polysoude","alternateName":"Polysoude","url":"https:\/\/www.polysoude.com\/de\/","logo":{"@type":"ImageObject","inLanguage":"de-DE","@id":"https:\/\/www.polysoude.com\/de\/#\/schema\/logo\/image\/","url":"https:\/\/www.polysoude.com\/wp-content\/uploads\/2022\/07\/Polysoude_Logo_signature_fond-transparent_600dpi_300mm_RVB-e1658123578778.png","contentUrl":"https:\/\/www.polysoude.com\/wp-content\/uploads\/2022\/07\/Polysoude_Logo_signature_fond-transparent_600dpi_300mm_RVB-e1658123578778.png","width":465,"height":86,"caption":"Polysoude"},"image":{"@id":"https:\/\/www.polysoude.com\/de\/#\/schema\/logo\/image\/"},"sameAs":["https:\/\/www.facebook.com\/Polysoude\/","https:\/\/www.linkedin.com\/company\/polysoude\/","https:\/\/www.instagram.com\/polysoudeglobal\/"]}]}},"_links":{"self":[{"href":"https:\/\/www.polysoude.com\/de\/wp-json\/wp\/v2\/pages\/42176","targetHints":{"allow":["GET"]}}],"collection":[{"href":"https:\/\/www.polysoude.com\/de\/wp-json\/wp\/v2\/pages"}],"about":[{"href":"https:\/\/www.polysoude.com\/de\/wp-json\/wp\/v2\/types\/page"}],"author":[{"embeddable":true,"href":"https:\/\/www.polysoude.com\/de\/wp-json\/wp\/v2\/users\/16"}],"replies":[{"embeddable":true,"href":"https:\/\/www.polysoude.com\/de\/wp-json\/wp\/v2\/comments?post=42176"}],"version-history":[{"count":3,"href":"https:\/\/www.polysoude.com\/de\/wp-json\/wp\/v2\/pages\/42176\/revisions"}],"predecessor-version":[{"id":42771,"href":"https:\/\/www.polysoude.com\/de\/wp-json\/wp\/v2\/pages\/42176\/revisions\/42771"}],"wp:attachment":[{"href":"https:\/\/www.polysoude.com\/de\/wp-json\/wp\/v2\/media?parent=42176"}],"curies":[{"name":"wp","href":"https:\/\/api.w.org\/{rel}","templated":true}]}}