{"id":438,"date":"2023-02-20T09:01:38","date_gmt":"2023-02-20T08:01:38","guid":{"rendered":"http:\/\/www.polysoude.com\/?page_id=438&#038;lang=de"},"modified":"2025-10-27T14:51:16","modified_gmt":"2025-10-27T13:51:16","slug":"orbitalschweissen-rohr-rohrverbindungen","status":"publish","type":"page","link":"https:\/\/www.polysoude.com\/de\/orbitalschweissen-und-automatisiertes-schweissen\/orbitalschweissen-rohr-rohrverbindungen\/","title":{"rendered":"Orbitalschwei\u00dfen: Rohr-Rohrverbindungen"},"content":{"rendered":"\r\n<h4><strong>Ein breites Sortiment f\u00fcr alle Durchmesser, Wandst\u00e4rken und Werkst\u00fcckgeometrien<\/strong><\/h4>\r\n<p>Polysoude bietet modulare Schwei\u00dfk\u00f6pfe und Werkzeuge an, die sich leicht an verschiedene Anwendungen zum <a href=\"https:\/\/www.polysoude.com\/de\/\">Schwei\u00dfen<\/a> von Rohren anpassen lassen und den steigenden Qualit\u00e4tsanforderungen bei oft schwer zu schwei\u00dfenden Materialien gerecht werden. Nur das automatisierte Orbitalschwei\u00dfen garantiert das Schwei\u00dfen mit kontrolliertem und begrenztem W\u00e4rmeeintrag, um die Materialeigenschaften zu respektieren. Polysoude-Schwei\u00dfsysteme sind in der Lage, qualitativ hochwertige Schwei\u00dfn\u00e4hte bei hohen Produktionsraten und unter schwierigen Umgebungsbedingungen herzustellen.<\/p>\r\n<h2>EXPERTENGESPR\u00c4CHE &#8211; Lesen Sie mehr \u00fcber unsere Leidenschaft f\u00fcrs Schwei\u00dfen:<\/h2>\r\n<p><a role=\"button\" href=\"https:\/\/www.polysoude.com\/de\/orbitalschweissen-und-automatisiertes-schweissen\/reinraum-schweissen-wie-man-hoch-und-ultrareine-rohre-schweisst\/\" target=\"_blank\" rel=\"noopener noreferrer\"> Schwei\u00dfen im Reinraum <\/a> <a role=\"button\" href=\"https:\/\/www.polysoude.com\/de\/?page_id=29444\" target=\"_blank\" rel=\"noopener noreferrer\"> Rohrendenvorbereitung <\/a> <a role=\"button\" href=\"https:\/\/www.polysoude.com\/de\/whatever-super-hyper-or-lean-duplex-polysoude-excel-in-all-stainless-steel-grades-welding\/\" target=\"_blank\" rel=\"noopener noreferrer\"> Super oder Hyperduplex ? <\/a><\/p>\r\n","protected":false},"excerpt":{"rendered":"<p>Ein breites Sortiment f\u00fcr alle Durchmesser, Wandst\u00e4rken und Werkst\u00fcckgeometrien Polysoude bietet modulare Schwei\u00dfk\u00f6pfe und Werkzeuge an, die sich leicht an verschiedene Anwendungen zum Schwei\u00dfen von Rohren anpassen lassen und den steigenden Qualit\u00e4tsanforderungen bei oft schwer zu schwei\u00dfenden Materialien gerecht werden. Nur das automatisierte Orbitalschwei\u00dfen garantiert das Schwei\u00dfen mit kontrolliertem und begrenztem W\u00e4rmeeintrag, um die Materialeigenschaften [&hellip;]<\/p>\n","protected":false},"author":1,"featured_media":26349,"parent":406,"menu_order":0,"comment_status":"closed","ping_status":"closed","template":"page-metier.php","meta":{"_acf_changed":false,"footnotes":""},"class_list":["post-438","page","type-page","status-publish","has-post-thumbnail","hentry"],"acf":[],"yoast_head":"<!-- This site is optimized with the Yoast SEO plugin v27.3 - https:\/\/yoast.com\/product\/yoast-seo-wordpress\/ -->\n<title>Pipe Welding, TIG pipe Welding, Pipeline Welding<\/title>\n<meta name=\"description\" content=\"Ein breites Sortiment f\u00fcr alle Durchmesser, Wandst\u00e4rken und Werkst\u00fcckgeometrien Polysoude bietet modulare Schwei\u00dfk\u00f6pfe und Werkzeuge an, die sich leicht\" \/>\n<meta name=\"robots\" content=\"index, follow, max-snippet:-1, max-image-preview:large, max-video-preview:-1\" \/>\n<link rel=\"canonical\" href=\"https:\/\/www.polysoude.com\/de\/orbitalschweissen-und-automatisiertes-schweissen\/orbitalschweissen-rohr-rohrverbindungen\/\" \/>\n<meta property=\"og:locale\" content=\"de_DE\" \/>\n<meta property=\"og:type\" content=\"article\" \/>\n<meta property=\"og:title\" content=\"Pipe Welding, TIG pipe Welding, Pipeline Welding\" \/>\n<meta property=\"og:description\" content=\"Ein breites Sortiment f\u00fcr alle Durchmesser, Wandst\u00e4rken und Werkst\u00fcckgeometrien Polysoude bietet modulare Schwei\u00dfk\u00f6pfe und Werkzeuge an, die sich leicht\" \/>\n<meta property=\"og:url\" content=\"https:\/\/www.polysoude.com\/de\/orbitalschweissen-und-automatisiertes-schweissen\/orbitalschweissen-rohr-rohrverbindungen\/\" \/>\n<meta property=\"og:site_name\" content=\"Polysoude\" \/>\n<meta property=\"article:publisher\" content=\"https:\/\/www.facebook.com\/Polysoude\/\" \/>\n<meta property=\"article:modified_time\" content=\"2025-10-27T13:51:16+00:00\" \/>\n<meta property=\"og:image\" content=\"https:\/\/www.polysoude.com\/wp-content\/uploads\/2019\/07\/closed-chamber-welding-heads_2019_500x500.jpg\" \/>\n\t<meta property=\"og:image:width\" content=\"500\" \/>\n\t<meta property=\"og:image:height\" content=\"500\" \/>\n\t<meta property=\"og:image:type\" content=\"image\/jpeg\" \/>\n<meta name=\"twitter:card\" content=\"summary_large_image\" \/>\n<meta name=\"twitter:label1\" content=\"Gesch\u00e4tzte Lesezeit\" \/>\n\t<meta name=\"twitter:data1\" content=\"1 minute\" \/>\n<script type=\"application\/ld+json\" class=\"yoast-schema-graph\">{\"@context\":\"https:\\\/\\\/schema.org\",\"@graph\":[{\"@type\":\"WebPage\",\"@id\":\"https:\\\/\\\/www.polysoude.com\\\/de\\\/orbitalschweissen-und-automatisiertes-schweissen\\\/orbitalschweissen-rohr-rohrverbindungen\\\/\",\"url\":\"https:\\\/\\\/www.polysoude.com\\\/de\\\/orbitalschweissen-und-automatisiertes-schweissen\\\/orbitalschweissen-rohr-rohrverbindungen\\\/\",\"name\":\"Pipe Welding, TIG pipe Welding, Pipeline Welding\",\"isPartOf\":{\"@id\":\"https:\\\/\\\/www.polysoude.com\\\/de\\\/#website\"},\"primaryImageOfPage\":{\"@id\":\"https:\\\/\\\/www.polysoude.com\\\/de\\\/orbitalschweissen-und-automatisiertes-schweissen\\\/orbitalschweissen-rohr-rohrverbindungen\\\/#primaryimage\"},\"image\":{\"@id\":\"https:\\\/\\\/www.polysoude.com\\\/de\\\/orbitalschweissen-und-automatisiertes-schweissen\\\/orbitalschweissen-rohr-rohrverbindungen\\\/#primaryimage\"},\"thumbnailUrl\":\"https:\\\/\\\/www.polysoude.com\\\/wp-content\\\/uploads\\\/2019\\\/07\\\/closed-chamber-welding-heads_2019_500x500.jpg\",\"datePublished\":\"2023-02-20T08:01:38+00:00\",\"dateModified\":\"2025-10-27T13:51:16+00:00\",\"description\":\"Ein breites Sortiment f\u00fcr alle Durchmesser, Wandst\u00e4rken und Werkst\u00fcckgeometrien Polysoude bietet modulare Schwei\u00dfk\u00f6pfe und Werkzeuge an, die sich leicht\",\"breadcrumb\":{\"@id\":\"https:\\\/\\\/www.polysoude.com\\\/de\\\/orbitalschweissen-und-automatisiertes-schweissen\\\/orbitalschweissen-rohr-rohrverbindungen\\\/#breadcrumb\"},\"inLanguage\":\"de-DE\",\"potentialAction\":[{\"@type\":\"ReadAction\",\"target\":[\"https:\\\/\\\/www.polysoude.com\\\/de\\\/orbitalschweissen-und-automatisiertes-schweissen\\\/orbitalschweissen-rohr-rohrverbindungen\\\/\"]}]},{\"@type\":\"ImageObject\",\"inLanguage\":\"de-DE\",\"@id\":\"https:\\\/\\\/www.polysoude.com\\\/de\\\/orbitalschweissen-und-automatisiertes-schweissen\\\/orbitalschweissen-rohr-rohrverbindungen\\\/#primaryimage\",\"url\":\"https:\\\/\\\/www.polysoude.com\\\/wp-content\\\/uploads\\\/2019\\\/07\\\/closed-chamber-welding-heads_2019_500x500.jpg\",\"contentUrl\":\"https:\\\/\\\/www.polysoude.com\\\/wp-content\\\/uploads\\\/2019\\\/07\\\/closed-chamber-welding-heads_2019_500x500.jpg\",\"width\":500,\"height\":500},{\"@type\":\"BreadcrumbList\",\"@id\":\"https:\\\/\\\/www.polysoude.com\\\/de\\\/orbitalschweissen-und-automatisiertes-schweissen\\\/orbitalschweissen-rohr-rohrverbindungen\\\/#breadcrumb\",\"itemListElement\":[{\"@type\":\"ListItem\",\"position\":1,\"name\":\"Home\",\"item\":\"https:\\\/\\\/www.polysoude.com\\\/de\\\/homepage\\\/\"},{\"@type\":\"ListItem\",\"position\":2,\"name\":\"Orbitalschweissen und automatisiertes Schweissen\",\"item\":\"https:\\\/\\\/www.polysoude.com\\\/de\\\/orbitalschweissen-und-automatisiertes-schweissen\\\/\"},{\"@type\":\"ListItem\",\"position\":3,\"name\":\"Orbitalschwei\u00dfen: Rohr-Rohrverbindungen\"}]},{\"@type\":\"WebSite\",\"@id\":\"https:\\\/\\\/www.polysoude.com\\\/de\\\/#website\",\"url\":\"https:\\\/\\\/www.polysoude.com\\\/de\\\/\",\"name\":\"Polysoude\",\"description\":\"The art of welding\",\"publisher\":{\"@id\":\"https:\\\/\\\/www.polysoude.com\\\/de\\\/#organization\"},\"alternateName\":\"Polysoude\",\"potentialAction\":[{\"@type\":\"SearchAction\",\"target\":{\"@type\":\"EntryPoint\",\"urlTemplate\":\"https:\\\/\\\/www.polysoude.com\\\/de\\\/?s={search_term_string}\"},\"query-input\":{\"@type\":\"PropertyValueSpecification\",\"valueRequired\":true,\"valueName\":\"search_term_string\"}}],\"inLanguage\":\"de-DE\"},{\"@type\":\"Organization\",\"@id\":\"https:\\\/\\\/www.polysoude.com\\\/de\\\/#organization\",\"name\":\"Polysoude\",\"alternateName\":\"Polysoude\",\"url\":\"https:\\\/\\\/www.polysoude.com\\\/de\\\/\",\"logo\":{\"@type\":\"ImageObject\",\"inLanguage\":\"de-DE\",\"@id\":\"https:\\\/\\\/www.polysoude.com\\\/de\\\/#\\\/schema\\\/logo\\\/image\\\/\",\"url\":\"https:\\\/\\\/www.polysoude.com\\\/wp-content\\\/uploads\\\/2022\\\/07\\\/Polysoude_Logo_signature_fond-transparent_600dpi_300mm_RVB-e1658123578778.png\",\"contentUrl\":\"https:\\\/\\\/www.polysoude.com\\\/wp-content\\\/uploads\\\/2022\\\/07\\\/Polysoude_Logo_signature_fond-transparent_600dpi_300mm_RVB-e1658123578778.png\",\"width\":465,\"height\":86,\"caption\":\"Polysoude\"},\"image\":{\"@id\":\"https:\\\/\\\/www.polysoude.com\\\/de\\\/#\\\/schema\\\/logo\\\/image\\\/\"},\"sameAs\":[\"https:\\\/\\\/www.facebook.com\\\/Polysoude\\\/\",\"https:\\\/\\\/www.linkedin.com\\\/company\\\/polysoude\\\/\",\"https:\\\/\\\/www.instagram.com\\\/polysoudeglobal\\\/\"]}]}<\/script>\n<!-- \/ Yoast SEO plugin. -->","yoast_head_json":{"title":"Pipe Welding, TIG pipe Welding, Pipeline Welding","description":"Ein breites Sortiment f\u00fcr alle Durchmesser, Wandst\u00e4rken und Werkst\u00fcckgeometrien Polysoude bietet modulare Schwei\u00dfk\u00f6pfe und Werkzeuge an, die sich leicht","robots":{"index":"index","follow":"follow","max-snippet":"max-snippet:-1","max-image-preview":"max-image-preview:large","max-video-preview":"max-video-preview:-1"},"canonical":"https:\/\/www.polysoude.com\/de\/orbitalschweissen-und-automatisiertes-schweissen\/orbitalschweissen-rohr-rohrverbindungen\/","og_locale":"de_DE","og_type":"article","og_title":"Pipe Welding, TIG pipe Welding, Pipeline Welding","og_description":"Ein breites Sortiment f\u00fcr alle Durchmesser, Wandst\u00e4rken und Werkst\u00fcckgeometrien Polysoude bietet modulare Schwei\u00dfk\u00f6pfe und Werkzeuge an, die sich leicht","og_url":"https:\/\/www.polysoude.com\/de\/orbitalschweissen-und-automatisiertes-schweissen\/orbitalschweissen-rohr-rohrverbindungen\/","og_site_name":"Polysoude","article_publisher":"https:\/\/www.facebook.com\/Polysoude\/","article_modified_time":"2025-10-27T13:51:16+00:00","og_image":[{"width":500,"height":500,"url":"https:\/\/www.polysoude.com\/wp-content\/uploads\/2019\/07\/closed-chamber-welding-heads_2019_500x500.jpg","type":"image\/jpeg"}],"twitter_card":"summary_large_image","twitter_misc":{"Gesch\u00e4tzte Lesezeit":"1 minute"},"schema":{"@context":"https:\/\/schema.org","@graph":[{"@type":"WebPage","@id":"https:\/\/www.polysoude.com\/de\/orbitalschweissen-und-automatisiertes-schweissen\/orbitalschweissen-rohr-rohrverbindungen\/","url":"https:\/\/www.polysoude.com\/de\/orbitalschweissen-und-automatisiertes-schweissen\/orbitalschweissen-rohr-rohrverbindungen\/","name":"Pipe Welding, TIG pipe Welding, Pipeline Welding","isPartOf":{"@id":"https:\/\/www.polysoude.com\/de\/#website"},"primaryImageOfPage":{"@id":"https:\/\/www.polysoude.com\/de\/orbitalschweissen-und-automatisiertes-schweissen\/orbitalschweissen-rohr-rohrverbindungen\/#primaryimage"},"image":{"@id":"https:\/\/www.polysoude.com\/de\/orbitalschweissen-und-automatisiertes-schweissen\/orbitalschweissen-rohr-rohrverbindungen\/#primaryimage"},"thumbnailUrl":"https:\/\/www.polysoude.com\/wp-content\/uploads\/2019\/07\/closed-chamber-welding-heads_2019_500x500.jpg","datePublished":"2023-02-20T08:01:38+00:00","dateModified":"2025-10-27T13:51:16+00:00","description":"Ein breites Sortiment f\u00fcr alle Durchmesser, Wandst\u00e4rken und Werkst\u00fcckgeometrien Polysoude bietet modulare Schwei\u00dfk\u00f6pfe und Werkzeuge an, die sich leicht","breadcrumb":{"@id":"https:\/\/www.polysoude.com\/de\/orbitalschweissen-und-automatisiertes-schweissen\/orbitalschweissen-rohr-rohrverbindungen\/#breadcrumb"},"inLanguage":"de-DE","potentialAction":[{"@type":"ReadAction","target":["https:\/\/www.polysoude.com\/de\/orbitalschweissen-und-automatisiertes-schweissen\/orbitalschweissen-rohr-rohrverbindungen\/"]}]},{"@type":"ImageObject","inLanguage":"de-DE","@id":"https:\/\/www.polysoude.com\/de\/orbitalschweissen-und-automatisiertes-schweissen\/orbitalschweissen-rohr-rohrverbindungen\/#primaryimage","url":"https:\/\/www.polysoude.com\/wp-content\/uploads\/2019\/07\/closed-chamber-welding-heads_2019_500x500.jpg","contentUrl":"https:\/\/www.polysoude.com\/wp-content\/uploads\/2019\/07\/closed-chamber-welding-heads_2019_500x500.jpg","width":500,"height":500},{"@type":"BreadcrumbList","@id":"https:\/\/www.polysoude.com\/de\/orbitalschweissen-und-automatisiertes-schweissen\/orbitalschweissen-rohr-rohrverbindungen\/#breadcrumb","itemListElement":[{"@type":"ListItem","position":1,"name":"Home","item":"https:\/\/www.polysoude.com\/de\/homepage\/"},{"@type":"ListItem","position":2,"name":"Orbitalschweissen und automatisiertes Schweissen","item":"https:\/\/www.polysoude.com\/de\/orbitalschweissen-und-automatisiertes-schweissen\/"},{"@type":"ListItem","position":3,"name":"Orbitalschwei\u00dfen: Rohr-Rohrverbindungen"}]},{"@type":"WebSite","@id":"https:\/\/www.polysoude.com\/de\/#website","url":"https:\/\/www.polysoude.com\/de\/","name":"Polysoude","description":"The art of welding","publisher":{"@id":"https:\/\/www.polysoude.com\/de\/#organization"},"alternateName":"Polysoude","potentialAction":[{"@type":"SearchAction","target":{"@type":"EntryPoint","urlTemplate":"https:\/\/www.polysoude.com\/de\/?s={search_term_string}"},"query-input":{"@type":"PropertyValueSpecification","valueRequired":true,"valueName":"search_term_string"}}],"inLanguage":"de-DE"},{"@type":"Organization","@id":"https:\/\/www.polysoude.com\/de\/#organization","name":"Polysoude","alternateName":"Polysoude","url":"https:\/\/www.polysoude.com\/de\/","logo":{"@type":"ImageObject","inLanguage":"de-DE","@id":"https:\/\/www.polysoude.com\/de\/#\/schema\/logo\/image\/","url":"https:\/\/www.polysoude.com\/wp-content\/uploads\/2022\/07\/Polysoude_Logo_signature_fond-transparent_600dpi_300mm_RVB-e1658123578778.png","contentUrl":"https:\/\/www.polysoude.com\/wp-content\/uploads\/2022\/07\/Polysoude_Logo_signature_fond-transparent_600dpi_300mm_RVB-e1658123578778.png","width":465,"height":86,"caption":"Polysoude"},"image":{"@id":"https:\/\/www.polysoude.com\/de\/#\/schema\/logo\/image\/"},"sameAs":["https:\/\/www.facebook.com\/Polysoude\/","https:\/\/www.linkedin.com\/company\/polysoude\/","https:\/\/www.instagram.com\/polysoudeglobal\/"]}]}},"_links":{"self":[{"href":"https:\/\/www.polysoude.com\/de\/wp-json\/wp\/v2\/pages\/438","targetHints":{"allow":["GET"]}}],"collection":[{"href":"https:\/\/www.polysoude.com\/de\/wp-json\/wp\/v2\/pages"}],"about":[{"href":"https:\/\/www.polysoude.com\/de\/wp-json\/wp\/v2\/types\/page"}],"author":[{"embeddable":true,"href":"https:\/\/www.polysoude.com\/de\/wp-json\/wp\/v2\/users\/1"}],"replies":[{"embeddable":true,"href":"https:\/\/www.polysoude.com\/de\/wp-json\/wp\/v2\/comments?post=438"}],"version-history":[{"count":21,"href":"https:\/\/www.polysoude.com\/de\/wp-json\/wp\/v2\/pages\/438\/revisions"}],"predecessor-version":[{"id":43639,"href":"https:\/\/www.polysoude.com\/de\/wp-json\/wp\/v2\/pages\/438\/revisions\/43639"}],"up":[{"embeddable":true,"href":"https:\/\/www.polysoude.com\/de\/wp-json\/wp\/v2\/pages\/406"}],"wp:featuredmedia":[{"embeddable":true,"href":"https:\/\/www.polysoude.com\/de\/wp-json\/wp\/v2\/media\/26349"}],"wp:attachment":[{"href":"https:\/\/www.polysoude.com\/de\/wp-json\/wp\/v2\/media?parent=438"}],"curies":[{"name":"wp","href":"https:\/\/api.w.org\/{rel}","templated":true}]}}