{"id":4654,"date":"2022-04-03T10:02:58","date_gmt":"2022-04-03T08:02:58","guid":{"rendered":"http:\/\/www.polysoude.com\/?page_id=4654"},"modified":"2023-02-23T16:56:23","modified_gmt":"2023-02-23T15:56:23","slug":"orbitalschweissen-rohr-rohrboden-verbindungen","status":"publish","type":"page","link":"https:\/\/www.polysoude.com\/de\/orbitalschweissen-und-automatisiertes-schweissen\/orbitalschweissen-rohr-rohrboden-verbindungen\/","title":{"rendered":"Orbitalschwei\u00dfen: Rohr-Rohrboden-Verbindungen"},"content":{"rendered":"\n\n\t\n\t<h4><strong>Automatisierung f\u00fcr h\u00f6here Produktivit\u00e4t<\/strong><\/h4>\n<p>Kessel und W\u00e4rmetauscher werden in allen Industriezweigen eingesetzt, vor allem in der chemischen und petrochemischen Industrie, in Raffinerien und in Kraftwerken.<\/p>\n<p><a href=\"https:\/\/www.polysoude.com\/de\/\">POLYSOUDE<\/a> bietet Rohr-Boden-Schwei\u00dfk\u00f6pfe mit oder ohne Zusatzdraht und einem kontinuierlich rotierenden Brenner an. Die hohe Einschaltdauer wird durch Wasserk\u00fchlung erreicht. Optionales Zubeh\u00f6r f\u00fcr Anwendungen mit Innenbohrung, R\u00fcckwand\/Doppelplatte ist erh\u00e4ltlich.<\/p>\n\n","protected":false},"excerpt":{"rendered":"<p>Automatisierung f\u00fcr h\u00f6here Produktivit\u00e4t Kessel und W\u00e4rmetauscher werden in allen Industriezweigen eingesetzt, vor allem in der chemischen und petrochemischen Industrie, in Raffinerien und in Kraftwerken. POLYSOUDE bietet Rohr-Boden-Schwei\u00dfk\u00f6pfe mit oder ohne Zusatzdraht und einem kontinuierlich rotierenden Brenner an. Die hohe Einschaltdauer wird durch Wasserk\u00fchlung erreicht. Optionales Zubeh\u00f6r f\u00fcr Anwendungen mit Innenbohrung, R\u00fcckwand\/Doppelplatte ist erh\u00e4ltlich.<\/p>\n","protected":false},"author":1,"featured_media":25817,"parent":406,"menu_order":0,"comment_status":"closed","ping_status":"closed","template":"page-metier.php","meta":{"_acf_changed":false,"footnotes":""},"class_list":["post-4654","page","type-page","status-publish","has-post-thumbnail","hentry"],"acf":[],"yoast_head":"<!-- This site is optimized with the Yoast SEO plugin v27.3 - https:\/\/yoast.com\/product\/yoast-seo-wordpress\/ -->\n<title>Orbitalschwei\u00dfen: Rohr-Rohrboden-Verbindungen | Polysoude<\/title>\n<meta name=\"description\" content=\"Automatisierung f\u00fcr h\u00f6here Produktivit\u00e4t Kessel und W\u00e4rmetauscher werden in allen Industriezweigen eingesetzt, vor allem in der chemischen und\" \/>\n<meta name=\"robots\" content=\"index, follow, max-snippet:-1, max-image-preview:large, max-video-preview:-1\" \/>\n<link rel=\"canonical\" href=\"https:\/\/www.polysoude.com\/de\/orbitalschweissen-und-automatisiertes-schweissen\/orbitalschweissen-rohr-rohrboden-verbindungen\/\" \/>\n<meta property=\"og:locale\" content=\"de_DE\" \/>\n<meta property=\"og:type\" content=\"article\" \/>\n<meta property=\"og:title\" content=\"Orbitalschwei\u00dfen: Rohr-Rohrboden-Verbindungen | Polysoude\" \/>\n<meta property=\"og:description\" content=\"Automatisierung f\u00fcr h\u00f6here Produktivit\u00e4t Kessel und W\u00e4rmetauscher werden in allen Industriezweigen eingesetzt, vor allem in der chemischen und\" \/>\n<meta property=\"og:url\" content=\"https:\/\/www.polysoude.com\/de\/orbitalschweissen-und-automatisiertes-schweissen\/orbitalschweissen-rohr-rohrboden-verbindungen\/\" \/>\n<meta property=\"og:site_name\" content=\"Polysoude\" \/>\n<meta property=\"article:publisher\" content=\"https:\/\/www.facebook.com\/Polysoude\/\" \/>\n<meta property=\"article:modified_time\" content=\"2023-02-23T15:56:23+00:00\" \/>\n<meta property=\"og:image\" content=\"https:\/\/www.polysoude.com\/wp-content\/uploads\/2022\/07\/Polysoude_Logo_signature_fond-transparent_600dpi_300mm_RVB-e1658123578778.png\" \/>\n\t<meta property=\"og:image:width\" content=\"465\" \/>\n\t<meta property=\"og:image:height\" content=\"86\" \/>\n\t<meta property=\"og:image:type\" content=\"image\/png\" \/>\n<meta name=\"twitter:card\" content=\"summary_large_image\" \/>\n<meta name=\"twitter:label1\" content=\"Gesch\u00e4tzte Lesezeit\" \/>\n\t<meta name=\"twitter:data1\" content=\"1 minute\" \/>\n<script type=\"application\/ld+json\" class=\"yoast-schema-graph\">{\"@context\":\"https:\\\/\\\/schema.org\",\"@graph\":[{\"@type\":\"WebPage\",\"@id\":\"https:\\\/\\\/www.polysoude.com\\\/de\\\/orbitalschweissen-und-automatisiertes-schweissen\\\/orbitalschweissen-rohr-rohrboden-verbindungen\\\/\",\"url\":\"https:\\\/\\\/www.polysoude.com\\\/de\\\/orbitalschweissen-und-automatisiertes-schweissen\\\/orbitalschweissen-rohr-rohrboden-verbindungen\\\/\",\"name\":\"Orbitalschwei\u00dfen: Rohr-Rohrboden-Verbindungen | Polysoude\",\"isPartOf\":{\"@id\":\"https:\\\/\\\/www.polysoude.com\\\/de\\\/#website\"},\"primaryImageOfPage\":{\"@id\":\"https:\\\/\\\/www.polysoude.com\\\/de\\\/orbitalschweissen-und-automatisiertes-schweissen\\\/orbitalschweissen-rohr-rohrboden-verbindungen\\\/#primaryimage\"},\"image\":{\"@id\":\"https:\\\/\\\/www.polysoude.com\\\/de\\\/orbitalschweissen-und-automatisiertes-schweissen\\\/orbitalschweissen-rohr-rohrboden-verbindungen\\\/#primaryimage\"},\"thumbnailUrl\":\"https:\\\/\\\/www.polysoude.com\\\/wp-content\\\/uploads\\\/2019\\\/06\\\/tube-to-tubesheet-welding-heads_2019_500x500.jpg\",\"datePublished\":\"2022-04-03T08:02:58+00:00\",\"dateModified\":\"2023-02-23T15:56:23+00:00\",\"description\":\"Automatisierung f\u00fcr h\u00f6here Produktivit\u00e4t Kessel und W\u00e4rmetauscher werden in allen Industriezweigen eingesetzt, vor allem in der chemischen und\",\"breadcrumb\":{\"@id\":\"https:\\\/\\\/www.polysoude.com\\\/de\\\/orbitalschweissen-und-automatisiertes-schweissen\\\/orbitalschweissen-rohr-rohrboden-verbindungen\\\/#breadcrumb\"},\"inLanguage\":\"de-DE\",\"potentialAction\":[{\"@type\":\"ReadAction\",\"target\":[\"https:\\\/\\\/www.polysoude.com\\\/de\\\/orbitalschweissen-und-automatisiertes-schweissen\\\/orbitalschweissen-rohr-rohrboden-verbindungen\\\/\"]}]},{\"@type\":\"ImageObject\",\"inLanguage\":\"de-DE\",\"@id\":\"https:\\\/\\\/www.polysoude.com\\\/de\\\/orbitalschweissen-und-automatisiertes-schweissen\\\/orbitalschweissen-rohr-rohrboden-verbindungen\\\/#primaryimage\",\"url\":\"https:\\\/\\\/www.polysoude.com\\\/wp-content\\\/uploads\\\/2019\\\/06\\\/tube-to-tubesheet-welding-heads_2019_500x500.jpg\",\"contentUrl\":\"https:\\\/\\\/www.polysoude.com\\\/wp-content\\\/uploads\\\/2019\\\/06\\\/tube-to-tubesheet-welding-heads_2019_500x500.jpg\",\"width\":500,\"height\":500},{\"@type\":\"BreadcrumbList\",\"@id\":\"https:\\\/\\\/www.polysoude.com\\\/de\\\/orbitalschweissen-und-automatisiertes-schweissen\\\/orbitalschweissen-rohr-rohrboden-verbindungen\\\/#breadcrumb\",\"itemListElement\":[{\"@type\":\"ListItem\",\"position\":1,\"name\":\"Home\",\"item\":\"https:\\\/\\\/www.polysoude.com\\\/de\\\/homepage\\\/\"},{\"@type\":\"ListItem\",\"position\":2,\"name\":\"Orbitalschweissen und automatisiertes Schweissen\",\"item\":\"https:\\\/\\\/www.polysoude.com\\\/de\\\/orbitalschweissen-und-automatisiertes-schweissen\\\/\"},{\"@type\":\"ListItem\",\"position\":3,\"name\":\"Orbitalschwei\u00dfen: Rohr-Rohrboden-Verbindungen\"}]},{\"@type\":\"WebSite\",\"@id\":\"https:\\\/\\\/www.polysoude.com\\\/de\\\/#website\",\"url\":\"https:\\\/\\\/www.polysoude.com\\\/de\\\/\",\"name\":\"Polysoude\",\"description\":\"The art of welding\",\"publisher\":{\"@id\":\"https:\\\/\\\/www.polysoude.com\\\/de\\\/#organization\"},\"alternateName\":\"Polysoude\",\"potentialAction\":[{\"@type\":\"SearchAction\",\"target\":{\"@type\":\"EntryPoint\",\"urlTemplate\":\"https:\\\/\\\/www.polysoude.com\\\/de\\\/?s={search_term_string}\"},\"query-input\":{\"@type\":\"PropertyValueSpecification\",\"valueRequired\":true,\"valueName\":\"search_term_string\"}}],\"inLanguage\":\"de-DE\"},{\"@type\":\"Organization\",\"@id\":\"https:\\\/\\\/www.polysoude.com\\\/de\\\/#organization\",\"name\":\"Polysoude\",\"alternateName\":\"Polysoude\",\"url\":\"https:\\\/\\\/www.polysoude.com\\\/de\\\/\",\"logo\":{\"@type\":\"ImageObject\",\"inLanguage\":\"de-DE\",\"@id\":\"https:\\\/\\\/www.polysoude.com\\\/de\\\/#\\\/schema\\\/logo\\\/image\\\/\",\"url\":\"https:\\\/\\\/www.polysoude.com\\\/wp-content\\\/uploads\\\/2022\\\/07\\\/Polysoude_Logo_signature_fond-transparent_600dpi_300mm_RVB-e1658123578778.png\",\"contentUrl\":\"https:\\\/\\\/www.polysoude.com\\\/wp-content\\\/uploads\\\/2022\\\/07\\\/Polysoude_Logo_signature_fond-transparent_600dpi_300mm_RVB-e1658123578778.png\",\"width\":465,\"height\":86,\"caption\":\"Polysoude\"},\"image\":{\"@id\":\"https:\\\/\\\/www.polysoude.com\\\/de\\\/#\\\/schema\\\/logo\\\/image\\\/\"},\"sameAs\":[\"https:\\\/\\\/www.facebook.com\\\/Polysoude\\\/\",\"https:\\\/\\\/www.linkedin.com\\\/company\\\/polysoude\\\/\",\"https:\\\/\\\/www.instagram.com\\\/polysoudeglobal\\\/\"]}]}<\/script>\n<!-- \/ Yoast SEO plugin. -->","yoast_head_json":{"title":"Orbitalschwei\u00dfen: Rohr-Rohrboden-Verbindungen | Polysoude","description":"Automatisierung f\u00fcr h\u00f6here Produktivit\u00e4t Kessel und W\u00e4rmetauscher werden in allen Industriezweigen eingesetzt, vor allem in der chemischen und","robots":{"index":"index","follow":"follow","max-snippet":"max-snippet:-1","max-image-preview":"max-image-preview:large","max-video-preview":"max-video-preview:-1"},"canonical":"https:\/\/www.polysoude.com\/de\/orbitalschweissen-und-automatisiertes-schweissen\/orbitalschweissen-rohr-rohrboden-verbindungen\/","og_locale":"de_DE","og_type":"article","og_title":"Orbitalschwei\u00dfen: Rohr-Rohrboden-Verbindungen | Polysoude","og_description":"Automatisierung f\u00fcr h\u00f6here Produktivit\u00e4t Kessel und W\u00e4rmetauscher werden in allen Industriezweigen eingesetzt, vor allem in der chemischen und","og_url":"https:\/\/www.polysoude.com\/de\/orbitalschweissen-und-automatisiertes-schweissen\/orbitalschweissen-rohr-rohrboden-verbindungen\/","og_site_name":"Polysoude","article_publisher":"https:\/\/www.facebook.com\/Polysoude\/","article_modified_time":"2023-02-23T15:56:23+00:00","og_image":[{"width":465,"height":86,"url":"https:\/\/www.polysoude.com\/wp-content\/uploads\/2022\/07\/Polysoude_Logo_signature_fond-transparent_600dpi_300mm_RVB-e1658123578778.png","type":"image\/png"}],"twitter_card":"summary_large_image","twitter_misc":{"Gesch\u00e4tzte Lesezeit":"1 minute"},"schema":{"@context":"https:\/\/schema.org","@graph":[{"@type":"WebPage","@id":"https:\/\/www.polysoude.com\/de\/orbitalschweissen-und-automatisiertes-schweissen\/orbitalschweissen-rohr-rohrboden-verbindungen\/","url":"https:\/\/www.polysoude.com\/de\/orbitalschweissen-und-automatisiertes-schweissen\/orbitalschweissen-rohr-rohrboden-verbindungen\/","name":"Orbitalschwei\u00dfen: Rohr-Rohrboden-Verbindungen | Polysoude","isPartOf":{"@id":"https:\/\/www.polysoude.com\/de\/#website"},"primaryImageOfPage":{"@id":"https:\/\/www.polysoude.com\/de\/orbitalschweissen-und-automatisiertes-schweissen\/orbitalschweissen-rohr-rohrboden-verbindungen\/#primaryimage"},"image":{"@id":"https:\/\/www.polysoude.com\/de\/orbitalschweissen-und-automatisiertes-schweissen\/orbitalschweissen-rohr-rohrboden-verbindungen\/#primaryimage"},"thumbnailUrl":"https:\/\/www.polysoude.com\/wp-content\/uploads\/2019\/06\/tube-to-tubesheet-welding-heads_2019_500x500.jpg","datePublished":"2022-04-03T08:02:58+00:00","dateModified":"2023-02-23T15:56:23+00:00","description":"Automatisierung f\u00fcr h\u00f6here Produktivit\u00e4t Kessel und W\u00e4rmetauscher werden in allen Industriezweigen eingesetzt, vor allem in der chemischen und","breadcrumb":{"@id":"https:\/\/www.polysoude.com\/de\/orbitalschweissen-und-automatisiertes-schweissen\/orbitalschweissen-rohr-rohrboden-verbindungen\/#breadcrumb"},"inLanguage":"de-DE","potentialAction":[{"@type":"ReadAction","target":["https:\/\/www.polysoude.com\/de\/orbitalschweissen-und-automatisiertes-schweissen\/orbitalschweissen-rohr-rohrboden-verbindungen\/"]}]},{"@type":"ImageObject","inLanguage":"de-DE","@id":"https:\/\/www.polysoude.com\/de\/orbitalschweissen-und-automatisiertes-schweissen\/orbitalschweissen-rohr-rohrboden-verbindungen\/#primaryimage","url":"https:\/\/www.polysoude.com\/wp-content\/uploads\/2019\/06\/tube-to-tubesheet-welding-heads_2019_500x500.jpg","contentUrl":"https:\/\/www.polysoude.com\/wp-content\/uploads\/2019\/06\/tube-to-tubesheet-welding-heads_2019_500x500.jpg","width":500,"height":500},{"@type":"BreadcrumbList","@id":"https:\/\/www.polysoude.com\/de\/orbitalschweissen-und-automatisiertes-schweissen\/orbitalschweissen-rohr-rohrboden-verbindungen\/#breadcrumb","itemListElement":[{"@type":"ListItem","position":1,"name":"Home","item":"https:\/\/www.polysoude.com\/de\/homepage\/"},{"@type":"ListItem","position":2,"name":"Orbitalschweissen und automatisiertes Schweissen","item":"https:\/\/www.polysoude.com\/de\/orbitalschweissen-und-automatisiertes-schweissen\/"},{"@type":"ListItem","position":3,"name":"Orbitalschwei\u00dfen: Rohr-Rohrboden-Verbindungen"}]},{"@type":"WebSite","@id":"https:\/\/www.polysoude.com\/de\/#website","url":"https:\/\/www.polysoude.com\/de\/","name":"Polysoude","description":"The art of welding","publisher":{"@id":"https:\/\/www.polysoude.com\/de\/#organization"},"alternateName":"Polysoude","potentialAction":[{"@type":"SearchAction","target":{"@type":"EntryPoint","urlTemplate":"https:\/\/www.polysoude.com\/de\/?s={search_term_string}"},"query-input":{"@type":"PropertyValueSpecification","valueRequired":true,"valueName":"search_term_string"}}],"inLanguage":"de-DE"},{"@type":"Organization","@id":"https:\/\/www.polysoude.com\/de\/#organization","name":"Polysoude","alternateName":"Polysoude","url":"https:\/\/www.polysoude.com\/de\/","logo":{"@type":"ImageObject","inLanguage":"de-DE","@id":"https:\/\/www.polysoude.com\/de\/#\/schema\/logo\/image\/","url":"https:\/\/www.polysoude.com\/wp-content\/uploads\/2022\/07\/Polysoude_Logo_signature_fond-transparent_600dpi_300mm_RVB-e1658123578778.png","contentUrl":"https:\/\/www.polysoude.com\/wp-content\/uploads\/2022\/07\/Polysoude_Logo_signature_fond-transparent_600dpi_300mm_RVB-e1658123578778.png","width":465,"height":86,"caption":"Polysoude"},"image":{"@id":"https:\/\/www.polysoude.com\/de\/#\/schema\/logo\/image\/"},"sameAs":["https:\/\/www.facebook.com\/Polysoude\/","https:\/\/www.linkedin.com\/company\/polysoude\/","https:\/\/www.instagram.com\/polysoudeglobal\/"]}]}},"_links":{"self":[{"href":"https:\/\/www.polysoude.com\/de\/wp-json\/wp\/v2\/pages\/4654","targetHints":{"allow":["GET"]}}],"collection":[{"href":"https:\/\/www.polysoude.com\/de\/wp-json\/wp\/v2\/pages"}],"about":[{"href":"https:\/\/www.polysoude.com\/de\/wp-json\/wp\/v2\/types\/page"}],"author":[{"embeddable":true,"href":"https:\/\/www.polysoude.com\/de\/wp-json\/wp\/v2\/users\/1"}],"replies":[{"embeddable":true,"href":"https:\/\/www.polysoude.com\/de\/wp-json\/wp\/v2\/comments?post=4654"}],"version-history":[{"count":14,"href":"https:\/\/www.polysoude.com\/de\/wp-json\/wp\/v2\/pages\/4654\/revisions"}],"predecessor-version":[{"id":43641,"href":"https:\/\/www.polysoude.com\/de\/wp-json\/wp\/v2\/pages\/4654\/revisions\/43641"}],"up":[{"embeddable":true,"href":"https:\/\/www.polysoude.com\/de\/wp-json\/wp\/v2\/pages\/406"}],"wp:featuredmedia":[{"embeddable":true,"href":"https:\/\/www.polysoude.com\/de\/wp-json\/wp\/v2\/media\/25817"}],"wp:attachment":[{"href":"https:\/\/www.polysoude.com\/de\/wp-json\/wp\/v2\/media?parent=4654"}],"curies":[{"name":"wp","href":"https:\/\/api.w.org\/{rel}","templated":true}]}}