{"id":4701,"date":"2022-04-03T10:03:06","date_gmt":"2022-04-03T08:03:06","guid":{"rendered":"http:\/\/www.polysoude.com\/?page_id=4701"},"modified":"2023-01-20T11:56:09","modified_gmt":"2023-01-20T10:56:09","slug":"automatisiertes-schweissen","status":"publish","type":"page","link":"https:\/\/www.polysoude.com\/de\/orbitalschweissen-und-automatisiertes-schweissen\/automatisiertes-schweissen\/","title":{"rendered":"Automatisiertes Schwei\u00dfen"},"content":{"rendered":"<p>&nbsp;<\/p>\n<h4><strong>Schl\u00fcsselfertige L\u00f6sungen f\u00fcr komplexe Schwei\u00dfaufgaben<\/strong><\/h4>\n<p>Aufgrund ihrer technischen Spitzenleistungen erfreuen sich die kundenspezifisch konzipierten Anlagen von POLYSOUDE beim automatisierten <a href=\"https:\/\/www.polysoude.com\/de\/\">Schwei\u00dfen<\/a> und bei orbital automatisiertem Schwei\u00dfen gro\u00dfer Beliebtheit, sie werden weltweit von f\u00fchrenden Unternehmen eingesetzt.<\/p>\n<p>POLYSOUDE verf\u00fcgt \u00fcber das Know-How und die notwendigen Komponenten, um bei mechanisierten oder automatisierten Schwei\u00dfprozessen das jeweils optimale Verfahren einzusetzen und passende Anlagen in Form schl\u00fcsselfertiger L\u00f6sungen zu liefern.<\/p>\n<ul>\n<li>WIG-Hei\u00df-\/Kaltdraht-Schwei\u00dfen konventionell oder mit Engspalttechnik, <a href=\"https:\/\/www.polysoude.com\/de\/plasmaschweissen\/\">Plasmaschwei\u00dfen<\/a> und Verfahrenskombinationen<\/li>\n<li>F\u00fcgen schwer schwei\u00dfbarer Werkstoffe: hochfeste und hochwarmfeste St\u00e4hle, Nickelbasis-Legierungen, Leichtmetalle wie z.B. Aluminium, Sondermetalle wie Titan und Zirkonium etc.<\/li>\n<\/ul>\n","protected":false},"excerpt":{"rendered":"<p>&nbsp; Schl\u00fcsselfertige L\u00f6sungen f\u00fcr komplexe Schwei\u00dfaufgaben Aufgrund ihrer technischen Spitzenleistungen erfreuen sich die kundenspezifisch konzipierten Anlagen von POLYSOUDE beim automatisierten Schwei\u00dfen und bei orbital automatisiertem Schwei\u00dfen gro\u00dfer Beliebtheit, sie werden weltweit von f\u00fchrenden Unternehmen eingesetzt. POLYSOUDE verf\u00fcgt \u00fcber das Know-How und die notwendigen Komponenten, um bei mechanisierten oder automatisierten Schwei\u00dfprozessen das jeweils optimale Verfahren einzusetzen [&hellip;]<\/p>\n","protected":false},"author":1,"featured_media":25844,"parent":406,"menu_order":0,"comment_status":"closed","ping_status":"closed","template":"page-metier.php","meta":{"_acf_changed":false,"footnotes":""},"class_list":["post-4701","page","type-page","status-publish","has-post-thumbnail","hentry"],"acf":[],"yoast_head":"<!-- This site is optimized with the Yoast SEO plugin v27.3 - https:\/\/yoast.com\/product\/yoast-seo-wordpress\/ -->\n<title>Orbital Automatisiertes Schwei\u00dfen Automatisiertes Schwei\u00dfen<\/title>\n<meta name=\"description\" content=\"&nbsp; Schl\u00fcsselfertige L\u00f6sungen f\u00fcr komplexe Schwei\u00dfaufgaben Aufgrund ihrer technischen Spitzenleistungen erfreuen sich die kundenspezifisch konzipierten\" \/>\n<meta name=\"robots\" content=\"index, follow, max-snippet:-1, max-image-preview:large, max-video-preview:-1\" \/>\n<link rel=\"canonical\" href=\"https:\/\/www.polysoude.com\/de\/orbitalschweissen-und-automatisiertes-schweissen\/automatisiertes-schweissen\/\" \/>\n<meta property=\"og:locale\" content=\"de_DE\" \/>\n<meta property=\"og:type\" content=\"article\" \/>\n<meta property=\"og:title\" content=\"Orbital Automatisiertes Schwei\u00dfen Automatisiertes Schwei\u00dfen\" \/>\n<meta property=\"og:description\" content=\"&nbsp; Schl\u00fcsselfertige L\u00f6sungen f\u00fcr komplexe Schwei\u00dfaufgaben Aufgrund ihrer technischen Spitzenleistungen erfreuen sich die kundenspezifisch konzipierten\" \/>\n<meta property=\"og:url\" content=\"https:\/\/www.polysoude.com\/de\/orbitalschweissen-und-automatisiertes-schweissen\/automatisiertes-schweissen\/\" \/>\n<meta property=\"og:site_name\" content=\"Polysoude\" \/>\n<meta property=\"article:publisher\" content=\"https:\/\/www.facebook.com\/Polysoude\/\" \/>\n<meta property=\"article:modified_time\" content=\"2023-01-20T10:56:09+00:00\" \/>\n<meta property=\"og:image\" content=\"https:\/\/www.polysoude.com\/wp-content\/uploads\/2022\/07\/Polysoude_Logo_signature_fond-transparent_600dpi_300mm_RVB-e1658123578778.png\" \/>\n<meta name=\"twitter:card\" content=\"summary_large_image\" \/>\n<meta name=\"twitter:label1\" content=\"Gesch\u00e4tzte Lesezeit\" \/>\n\t<meta name=\"twitter:data1\" content=\"1 minute\" \/>\n<script type=\"application\/ld+json\" class=\"yoast-schema-graph\">{\"@context\":\"https:\\\/\\\/schema.org\",\"@graph\":[{\"@type\":\"WebPage\",\"@id\":\"https:\\\/\\\/www.polysoude.com\\\/de\\\/orbitalschweissen-und-automatisiertes-schweissen\\\/automatisiertes-schweissen\\\/\",\"url\":\"https:\\\/\\\/www.polysoude.com\\\/de\\\/orbitalschweissen-und-automatisiertes-schweissen\\\/automatisiertes-schweissen\\\/\",\"name\":\"Orbital Automatisiertes Schwei\u00dfen Automatisiertes Schwei\u00dfen\",\"isPartOf\":{\"@id\":\"https:\\\/\\\/www.polysoude.com\\\/de\\\/#website\"},\"primaryImageOfPage\":{\"@id\":\"https:\\\/\\\/www.polysoude.com\\\/de\\\/orbitalschweissen-und-automatisiertes-schweissen\\\/automatisiertes-schweissen\\\/#primaryimage\"},\"image\":{\"@id\":\"https:\\\/\\\/www.polysoude.com\\\/de\\\/orbitalschweissen-und-automatisiertes-schweissen\\\/automatisiertes-schweissen\\\/#primaryimage\"},\"thumbnailUrl\":\"https:\\\/\\\/www.polysoude.com\\\/wp-content\\\/uploads\\\/2019\\\/06\\\/welding-manipulators-and-peripherals_2019_500x500.jpg\",\"datePublished\":\"2022-04-03T08:03:06+00:00\",\"dateModified\":\"2023-01-20T10:56:09+00:00\",\"description\":\"&nbsp; Schl\u00fcsselfertige L\u00f6sungen f\u00fcr komplexe Schwei\u00dfaufgaben Aufgrund ihrer technischen Spitzenleistungen erfreuen sich die kundenspezifisch konzipierten\",\"breadcrumb\":{\"@id\":\"https:\\\/\\\/www.polysoude.com\\\/de\\\/orbitalschweissen-und-automatisiertes-schweissen\\\/automatisiertes-schweissen\\\/#breadcrumb\"},\"inLanguage\":\"de-DE\",\"potentialAction\":[{\"@type\":\"ReadAction\",\"target\":[\"https:\\\/\\\/www.polysoude.com\\\/de\\\/orbitalschweissen-und-automatisiertes-schweissen\\\/automatisiertes-schweissen\\\/\"]}]},{\"@type\":\"ImageObject\",\"inLanguage\":\"de-DE\",\"@id\":\"https:\\\/\\\/www.polysoude.com\\\/de\\\/orbitalschweissen-und-automatisiertes-schweissen\\\/automatisiertes-schweissen\\\/#primaryimage\",\"url\":\"https:\\\/\\\/www.polysoude.com\\\/wp-content\\\/uploads\\\/2019\\\/06\\\/welding-manipulators-and-peripherals_2019_500x500.jpg\",\"contentUrl\":\"https:\\\/\\\/www.polysoude.com\\\/wp-content\\\/uploads\\\/2019\\\/06\\\/welding-manipulators-and-peripherals_2019_500x500.jpg\",\"width\":500,\"height\":500},{\"@type\":\"BreadcrumbList\",\"@id\":\"https:\\\/\\\/www.polysoude.com\\\/de\\\/orbitalschweissen-und-automatisiertes-schweissen\\\/automatisiertes-schweissen\\\/#breadcrumb\",\"itemListElement\":[{\"@type\":\"ListItem\",\"position\":1,\"name\":\"Home\",\"item\":\"https:\\\/\\\/www.polysoude.com\\\/de\\\/homepage\\\/\"},{\"@type\":\"ListItem\",\"position\":2,\"name\":\"Orbitalschweissen und automatisiertes Schweissen\",\"item\":\"https:\\\/\\\/www.polysoude.com\\\/de\\\/orbitalschweissen-und-automatisiertes-schweissen\\\/\"},{\"@type\":\"ListItem\",\"position\":3,\"name\":\"Automatisiertes Schwei\u00dfen\"}]},{\"@type\":\"WebSite\",\"@id\":\"https:\\\/\\\/www.polysoude.com\\\/de\\\/#website\",\"url\":\"https:\\\/\\\/www.polysoude.com\\\/de\\\/\",\"name\":\"Polysoude\",\"description\":\"The art of welding\",\"publisher\":{\"@id\":\"https:\\\/\\\/www.polysoude.com\\\/de\\\/#organization\"},\"alternateName\":\"Polysoude\",\"potentialAction\":[{\"@type\":\"SearchAction\",\"target\":{\"@type\":\"EntryPoint\",\"urlTemplate\":\"https:\\\/\\\/www.polysoude.com\\\/de\\\/?s={search_term_string}\"},\"query-input\":{\"@type\":\"PropertyValueSpecification\",\"valueRequired\":true,\"valueName\":\"search_term_string\"}}],\"inLanguage\":\"de-DE\"},{\"@type\":\"Organization\",\"@id\":\"https:\\\/\\\/www.polysoude.com\\\/de\\\/#organization\",\"name\":\"Polysoude\",\"alternateName\":\"Polysoude\",\"url\":\"https:\\\/\\\/www.polysoude.com\\\/de\\\/\",\"logo\":{\"@type\":\"ImageObject\",\"inLanguage\":\"de-DE\",\"@id\":\"https:\\\/\\\/www.polysoude.com\\\/de\\\/#\\\/schema\\\/logo\\\/image\\\/\",\"url\":\"https:\\\/\\\/www.polysoude.com\\\/wp-content\\\/uploads\\\/2022\\\/07\\\/Polysoude_Logo_signature_fond-transparent_600dpi_300mm_RVB-e1658123578778.png\",\"contentUrl\":\"https:\\\/\\\/www.polysoude.com\\\/wp-content\\\/uploads\\\/2022\\\/07\\\/Polysoude_Logo_signature_fond-transparent_600dpi_300mm_RVB-e1658123578778.png\",\"width\":465,\"height\":86,\"caption\":\"Polysoude\"},\"image\":{\"@id\":\"https:\\\/\\\/www.polysoude.com\\\/de\\\/#\\\/schema\\\/logo\\\/image\\\/\"},\"sameAs\":[\"https:\\\/\\\/www.facebook.com\\\/Polysoude\\\/\",\"https:\\\/\\\/www.linkedin.com\\\/company\\\/polysoude\\\/\",\"https:\\\/\\\/www.instagram.com\\\/polysoudeglobal\\\/\"]}]}<\/script>\n<!-- \/ Yoast SEO plugin. -->","yoast_head_json":{"title":"Orbital Automatisiertes Schwei\u00dfen Automatisiertes Schwei\u00dfen","description":"&nbsp; Schl\u00fcsselfertige L\u00f6sungen f\u00fcr komplexe Schwei\u00dfaufgaben Aufgrund ihrer technischen Spitzenleistungen erfreuen sich die kundenspezifisch konzipierten","robots":{"index":"index","follow":"follow","max-snippet":"max-snippet:-1","max-image-preview":"max-image-preview:large","max-video-preview":"max-video-preview:-1"},"canonical":"https:\/\/www.polysoude.com\/de\/orbitalschweissen-und-automatisiertes-schweissen\/automatisiertes-schweissen\/","og_locale":"de_DE","og_type":"article","og_title":"Orbital Automatisiertes Schwei\u00dfen Automatisiertes Schwei\u00dfen","og_description":"&nbsp; Schl\u00fcsselfertige L\u00f6sungen f\u00fcr komplexe Schwei\u00dfaufgaben Aufgrund ihrer technischen Spitzenleistungen erfreuen sich die kundenspezifisch konzipierten","og_url":"https:\/\/www.polysoude.com\/de\/orbitalschweissen-und-automatisiertes-schweissen\/automatisiertes-schweissen\/","og_site_name":"Polysoude","article_publisher":"https:\/\/www.facebook.com\/Polysoude\/","article_modified_time":"2023-01-20T10:56:09+00:00","og_image":[{"url":"https:\/\/www.polysoude.com\/wp-content\/uploads\/2022\/07\/Polysoude_Logo_signature_fond-transparent_600dpi_300mm_RVB-e1658123578778.png","type":"","width":"","height":""}],"twitter_card":"summary_large_image","twitter_misc":{"Gesch\u00e4tzte Lesezeit":"1 minute"},"schema":{"@context":"https:\/\/schema.org","@graph":[{"@type":"WebPage","@id":"https:\/\/www.polysoude.com\/de\/orbitalschweissen-und-automatisiertes-schweissen\/automatisiertes-schweissen\/","url":"https:\/\/www.polysoude.com\/de\/orbitalschweissen-und-automatisiertes-schweissen\/automatisiertes-schweissen\/","name":"Orbital Automatisiertes Schwei\u00dfen Automatisiertes Schwei\u00dfen","isPartOf":{"@id":"https:\/\/www.polysoude.com\/de\/#website"},"primaryImageOfPage":{"@id":"https:\/\/www.polysoude.com\/de\/orbitalschweissen-und-automatisiertes-schweissen\/automatisiertes-schweissen\/#primaryimage"},"image":{"@id":"https:\/\/www.polysoude.com\/de\/orbitalschweissen-und-automatisiertes-schweissen\/automatisiertes-schweissen\/#primaryimage"},"thumbnailUrl":"https:\/\/www.polysoude.com\/wp-content\/uploads\/2019\/06\/welding-manipulators-and-peripherals_2019_500x500.jpg","datePublished":"2022-04-03T08:03:06+00:00","dateModified":"2023-01-20T10:56:09+00:00","description":"&nbsp; Schl\u00fcsselfertige L\u00f6sungen f\u00fcr komplexe Schwei\u00dfaufgaben Aufgrund ihrer technischen Spitzenleistungen erfreuen sich die kundenspezifisch konzipierten","breadcrumb":{"@id":"https:\/\/www.polysoude.com\/de\/orbitalschweissen-und-automatisiertes-schweissen\/automatisiertes-schweissen\/#breadcrumb"},"inLanguage":"de-DE","potentialAction":[{"@type":"ReadAction","target":["https:\/\/www.polysoude.com\/de\/orbitalschweissen-und-automatisiertes-schweissen\/automatisiertes-schweissen\/"]}]},{"@type":"ImageObject","inLanguage":"de-DE","@id":"https:\/\/www.polysoude.com\/de\/orbitalschweissen-und-automatisiertes-schweissen\/automatisiertes-schweissen\/#primaryimage","url":"https:\/\/www.polysoude.com\/wp-content\/uploads\/2019\/06\/welding-manipulators-and-peripherals_2019_500x500.jpg","contentUrl":"https:\/\/www.polysoude.com\/wp-content\/uploads\/2019\/06\/welding-manipulators-and-peripherals_2019_500x500.jpg","width":500,"height":500},{"@type":"BreadcrumbList","@id":"https:\/\/www.polysoude.com\/de\/orbitalschweissen-und-automatisiertes-schweissen\/automatisiertes-schweissen\/#breadcrumb","itemListElement":[{"@type":"ListItem","position":1,"name":"Home","item":"https:\/\/www.polysoude.com\/de\/homepage\/"},{"@type":"ListItem","position":2,"name":"Orbitalschweissen und automatisiertes Schweissen","item":"https:\/\/www.polysoude.com\/de\/orbitalschweissen-und-automatisiertes-schweissen\/"},{"@type":"ListItem","position":3,"name":"Automatisiertes Schwei\u00dfen"}]},{"@type":"WebSite","@id":"https:\/\/www.polysoude.com\/de\/#website","url":"https:\/\/www.polysoude.com\/de\/","name":"Polysoude","description":"The art of welding","publisher":{"@id":"https:\/\/www.polysoude.com\/de\/#organization"},"alternateName":"Polysoude","potentialAction":[{"@type":"SearchAction","target":{"@type":"EntryPoint","urlTemplate":"https:\/\/www.polysoude.com\/de\/?s={search_term_string}"},"query-input":{"@type":"PropertyValueSpecification","valueRequired":true,"valueName":"search_term_string"}}],"inLanguage":"de-DE"},{"@type":"Organization","@id":"https:\/\/www.polysoude.com\/de\/#organization","name":"Polysoude","alternateName":"Polysoude","url":"https:\/\/www.polysoude.com\/de\/","logo":{"@type":"ImageObject","inLanguage":"de-DE","@id":"https:\/\/www.polysoude.com\/de\/#\/schema\/logo\/image\/","url":"https:\/\/www.polysoude.com\/wp-content\/uploads\/2022\/07\/Polysoude_Logo_signature_fond-transparent_600dpi_300mm_RVB-e1658123578778.png","contentUrl":"https:\/\/www.polysoude.com\/wp-content\/uploads\/2022\/07\/Polysoude_Logo_signature_fond-transparent_600dpi_300mm_RVB-e1658123578778.png","width":465,"height":86,"caption":"Polysoude"},"image":{"@id":"https:\/\/www.polysoude.com\/de\/#\/schema\/logo\/image\/"},"sameAs":["https:\/\/www.facebook.com\/Polysoude\/","https:\/\/www.linkedin.com\/company\/polysoude\/","https:\/\/www.instagram.com\/polysoudeglobal\/"]}]}},"_links":{"self":[{"href":"https:\/\/www.polysoude.com\/de\/wp-json\/wp\/v2\/pages\/4701","targetHints":{"allow":["GET"]}}],"collection":[{"href":"https:\/\/www.polysoude.com\/de\/wp-json\/wp\/v2\/pages"}],"about":[{"href":"https:\/\/www.polysoude.com\/de\/wp-json\/wp\/v2\/types\/page"}],"author":[{"embeddable":true,"href":"https:\/\/www.polysoude.com\/de\/wp-json\/wp\/v2\/users\/1"}],"replies":[{"embeddable":true,"href":"https:\/\/www.polysoude.com\/de\/wp-json\/wp\/v2\/comments?post=4701"}],"version-history":[{"count":14,"href":"https:\/\/www.polysoude.com\/de\/wp-json\/wp\/v2\/pages\/4701\/revisions"}],"predecessor-version":[{"id":43123,"href":"https:\/\/www.polysoude.com\/de\/wp-json\/wp\/v2\/pages\/4701\/revisions\/43123"}],"up":[{"embeddable":true,"href":"https:\/\/www.polysoude.com\/de\/wp-json\/wp\/v2\/pages\/406"}],"wp:featuredmedia":[{"embeddable":true,"href":"https:\/\/www.polysoude.com\/de\/wp-json\/wp\/v2\/media\/25844"}],"wp:attachment":[{"href":"https:\/\/www.polysoude.com\/de\/wp-json\/wp\/v2\/media?parent=4701"}],"curies":[{"name":"wp","href":"https:\/\/api.w.org\/{rel}","templated":true}]}}