{"id":4847,"date":"2022-04-03T10:02:00","date_gmt":"2022-04-03T08:02:00","guid":{"rendered":"http:\/\/www.polysoude.com\/?page_id=4847"},"modified":"2022-04-05T17:39:20","modified_gmt":"2022-04-05T15:39:20","slug":"auftragschweissen","status":"publish","type":"page","link":"https:\/\/www.polysoude.com\/de\/auftragschweissen\/","title":{"rendered":"Auftragschweissen"},"content":{"rendered":"\n\t<h2><b>Anlagen f\u00fcr das automatisierte Auftragschweissen in Fertigung und Instandsetzung<\/b><\/h2>\n<h3><b>Kompromisslos<\/b><b>\u00a0b<\/b><b>is<\/b><b>\u00a0z<\/b><b>ur Perfektion<\/b><\/h3>\n<p>W\u00e4hrend des Betriebes sind Rohrleitungen und Armaturen h\u00e4ufig starkem Verschlei\u00df ausgesetzt. Bei der \u00d6l- und Gasf\u00f6rderung werden korrosive Angriffe von den sauren Bestandteilen der gef\u00f6rderten Medien verursacht, aus dem Bohrloch mitgerissene Gesteinsbrocken \u00fcben dar\u00fcber hinaus eine stark erodierende Wirkung aus. In den Anlagen der chemischen Industrie sind es oft die Prozesse oder Reagenzien selbst, die in Verbindung mit wechselnden hohen Temperaturen und Dr\u00fccken eine nachhaltige Sch\u00e4digung der Werkstoffe verursachen.<\/p>\n\t\t\t\t<img loading=\"lazy\" decoding=\"async\" src=\"https:\/\/www.polysoude.com\/wp-content\/uploads\/2016\/10\/cladding_tig-tiger.jpg\" alt=\"cladding_tig-tiger\" itemprop=\"image\" height=\"325\" width=\"1000\" title=\"cladding_tig-tiger\" onerror=\"this.style.display='none'\"  \/>\n\t<h3>Was ist <b>Auftragschwei\u00dfen?<\/b><\/h3>\n<p>Als\u00a0<b>Auftragschwei\u00dfen<\/b>\u00a0oder\u00a0<b>Cladding<\/b>\u00a0nach DIN 8580\u00a0<b>Beschichten durch <a href=\"https:\/\/www.polysoude.com\/de\/\">Schwei\u00dfen<\/a><\/b>\u00a0wird das\u00a0Schwei\u00dfen\u00a0bezeichnet, wenn dabei ausschlie\u00dflich durch den\u00a0Schwei\u00dfzusatzwerkstoff\u00a0(Draht oder Pulver) ein Volumenaufbau, meist in Form einer Deckschicht, stattfindet. Es z\u00e4hlt somit zum\u00a0Beschichten.<\/p>\n<h3>Was bedeutet beschichten durch schweissen?<\/h3>\n<p>Plattieren nennt man das Auftragschwei\u00dfen von Beschichtungen, die eine gew\u00fcnschte Best\u00e4ndigkeit gegen chemischen Angriff aufweisen, gegen die der Grundwerkstoff nicht resistent ist. Hier h\u00e4ngt der Plattierungswerkstoff von der jeweils wirkenden Chemikalie ab.<\/p>\n<h3>Was ist WIG-Schweissen?<\/h3>\n<p>Das WIG-Schwei\u00dfen ist das sicherste und sauberste <a href=\"https:\/\/www.polysoude.com\/de\/wig-schweissausruestung\/\">Schwei\u00dfverfahren<\/a>, jedoch auch das Aufwendigste.\u00a0Durch Teilmechanisierung kann die Schwei\u00dfzeit auf die H\u00e4lfte reduziert werden.\u00a0Dieses Verfahren eignet sich gut f\u00fcr das <a href=\"https:\/\/www.polysoude.com\/de\/auftragsschweissen\/\">Auftragsschwei\u00dfen<\/a>, wo verschlissenes Material am Werkst\u00fcck durch das Auftragen von Schwei\u00dfn\u00e4hten aufgef\u00fcllt und mittels verschiedener Spanverfahren nachbearbeitet wird.<\/p>\n<h3>Warum braucht man Auftragschwei\u00dfen?<\/h3>\n<p>Auftragschwei\u00dfen, auch Cladding genannt, ist ein effizientes und wirtschaftliches Verfahren, um Metallkomponenten durch Auftragen eines Schwei\u00dfzusatzes zu reparieren oder vor Abrieb und Korrosion zu sch\u00fctzen. Dabei werden Bauteile, die aus preiswerten Stahlsorten bestehen, mit Speziallegierungen wie Alloy 50 und 625, CrMo 910 oder Inconel 625 \u00fcberzogen. <strong>Die Kombination aus dem g\u00fcnstigen Grundwerkstoff Stahl und den hochwertigen Schutzschichten schafft deutliche Kostenvorteile.<\/strong><\/p>\n\t<p>Bei der Instandsetzung der Komponenten muss verschlissener oder fehlender Werkstoff erg\u00e4nzt werden, das geschieht vorzugsweise durch Auftragschwei\u00dfen. Dabei \u00fcbersteigen die Kosten der Instandsetzung den Wert eines Neuteils h\u00e4ufig um ein Vielfaches; wenn das ben\u00f6tigte Teil allerdings nicht oder nicht innerhalb der vorgesehenen Frist lieferbar ist und die Ausfallzeit der Anlage auf ein Minimum beschr\u00e4nkt werden soll, kann eine Reparatur trotz allem wirtschaftlich sinnvoll sein. Weiterhin ist zu bedenken, dass die Lebensdauer fachm\u00e4nnisch instand gesetzter Bauteile dem Originalteil gleichkommt oder sogar \u00fcberschreitet.<\/p>\n<ul>\n<li>Technisch eleganter und insgesamt kosteng\u00fcnstiger ist es nat\u00fcrlich, den zu erwartenden Verschlei\u00df bereits bei der Konzeption der Bauteile zu ber\u00fccksichtigen und aufw\u00e4ndige Instandsetzungen und damit verbundene Ausfallzeiten von vornherein zu vermeiden.<\/li>\n<li>Die Bauteile werden in diesem Fall aus Werkstoffen gefertigt, die zwar den hohen mechanischen Beanspruchungen standhalten, aber keine ausreichende Verschlei\u00dfbest\u00e4ndigkeit aufweisen. Diese wird dann durch gezieltes Aufbringen verschlei\u00dfbest\u00e4ndiger Schichten an den gef\u00e4hrdeten Stellen hergestellt. Die Menge der zum Verschlei\u00dfschutz eingesetzten teuren Legierungen kann so auf das absolut notwendige Minimum beschr\u00e4nkt werden, was mit bedeutenden wirtschaftlichen Vorteilen verbunden ist.<\/li>\n<\/ul>\n\t<ul>\n<li>Das WIG-Verfahren weist aus technischer Sicht viele Eigenschaften auf, die f\u00fcr das Auftragschwei\u00dfen unumg\u00e4nglich sind: leichte Mechanisier- bzw. Automatisierbarkeit f\u00fcr hohe Produktivit\u00e4t, individuelle Parametereinstellung f\u00fcr geringen Aufmischungsgrad, w\u00e4hlbare Schichtst\u00e4rke und hohe Oberfl\u00e4cheng\u00fcte f\u00fcr ein konturgenaues Depot ohne die Notwendigkeit mechanischer Nacharbeit. Das aus wirtschaftlichen \u00dcberlegungen gegen das Verfahren sprechende Argument der eher als m\u00e4\u00dfig einzustufenden Abschmelzleistung konnte von Polysoude durch die Entwicklung der TIG<sup>er<\/sup> Technologie entkr\u00e4ftet werden. Das WIG-Schwei\u00dfen wurde hier so modifiziert, dass zwei Lichtb\u00f6gen gleichzeitig zum Einsatz kommen, so dass sowohl Abschmelzleistung als auch Schwei\u00dfgeschwindigkeit bedeutend gesteigert werden k\u00f6nnen, ohne bez\u00fcglich der sprichw\u00f6rtlichen Qualit\u00e4t der WIG-Schwei\u00dfung Einbu\u00dfen zu erleiden.<\/li>\n<li>Die St\u00e4rke der auftraggeschwei\u00dften Schichten liegt \u00fcblicherweise bei 1,5 mm bis 3 mm, der geforderte niedrige Aufmischungsgrad wird i. A. in der zweiten Lage erreicht. Der Einsatz der TIG<sup>er<\/sup> Technologie erlaubt beherrschbare Schwei\u00dfgeschwindigkeiten von 500 bis zu 1.000 mm\/min und Abschmelzleistungen zwischen 2,5 und 6,0 kg\/h.<\/li>\n<\/ul>\n<p>&nbsp;<\/p>\n","protected":false},"excerpt":{"rendered":"<p>Anlagen f\u00fcr das automatisierte Auftragschweissen in Fertigung und Instandsetzung Kompromisslos\u00a0bis\u00a0zur Perfektion W\u00e4hrend des Betriebes sind Rohrleitungen und Armaturen h\u00e4ufig starkem Verschlei\u00df ausgesetzt. Bei der \u00d6l- und Gasf\u00f6rderung werden korrosive Angriffe von den sauren Bestandteilen der gef\u00f6rderten Medien verursacht, aus dem Bohrloch mitgerissene Gesteinsbrocken \u00fcben dar\u00fcber hinaus eine stark erodierende Wirkung aus. In den Anlagen der [&hellip;]<\/p>\n","protected":false},"author":1,"featured_media":0,"parent":0,"menu_order":0,"comment_status":"closed","ping_status":"closed","template":"page-parent.php","meta":{"_acf_changed":false,"footnotes":""},"class_list":["post-4847","page","type-page","status-publish","hentry"],"acf":[],"yoast_head":"<!-- This site is optimized with the Yoast SEO plugin v27.3 - https:\/\/yoast.com\/product\/yoast-seo-wordpress\/ -->\n<title>Auftragschwei\u00dfen : Polysoude<\/title>\n<meta name=\"description\" content=\"Anlagen f\u00fcr das automatisierte Auftragschweissen in Fertigung und Instandsetzung Kompromisslos\u00a0bis\u00a0zur Perfektion W\u00e4hrend des Betriebes sind Rohrleitungen\" \/>\n<meta name=\"robots\" content=\"index, follow, max-snippet:-1, max-image-preview:large, max-video-preview:-1\" \/>\n<link rel=\"canonical\" href=\"https:\/\/www.polysoude.com\/de\/auftragschweissen\/\" \/>\n<meta property=\"og:locale\" content=\"de_DE\" \/>\n<meta property=\"og:type\" content=\"article\" \/>\n<meta property=\"og:title\" content=\"Auftragschwei\u00dfen : Polysoude\" \/>\n<meta property=\"og:description\" content=\"Anlagen f\u00fcr das automatisierte Auftragschweissen in Fertigung und Instandsetzung Kompromisslos\u00a0bis\u00a0zur Perfektion W\u00e4hrend des Betriebes sind Rohrleitungen\" \/>\n<meta property=\"og:url\" content=\"https:\/\/www.polysoude.com\/de\/auftragschweissen\/\" \/>\n<meta property=\"og:site_name\" content=\"Polysoude\" \/>\n<meta property=\"article:publisher\" content=\"https:\/\/www.facebook.com\/Polysoude\/\" \/>\n<meta property=\"article:modified_time\" content=\"2022-04-05T15:39:20+00:00\" \/>\n<meta property=\"og:image\" content=\"https:\/\/www.polysoude.com\/wp-content\/uploads\/2016\/10\/cladding_tig-tiger.jpg\" \/>\n<meta name=\"twitter:card\" content=\"summary_large_image\" \/>\n<meta name=\"twitter:label1\" content=\"Gesch\u00e4tzte Lesezeit\" \/>\n\t<meta name=\"twitter:data1\" content=\"3 minutes\" \/>\n<script type=\"application\/ld+json\" class=\"yoast-schema-graph\">{\"@context\":\"https:\\\/\\\/schema.org\",\"@graph\":[{\"@type\":\"WebPage\",\"@id\":\"https:\\\/\\\/www.polysoude.com\\\/de\\\/auftragschweissen\\\/\",\"url\":\"https:\\\/\\\/www.polysoude.com\\\/de\\\/auftragschweissen\\\/\",\"name\":\"Auftragschwei\u00dfen : Polysoude\",\"isPartOf\":{\"@id\":\"https:\\\/\\\/www.polysoude.com\\\/de\\\/#website\"},\"primaryImageOfPage\":{\"@id\":\"https:\\\/\\\/www.polysoude.com\\\/de\\\/auftragschweissen\\\/#primaryimage\"},\"image\":{\"@id\":\"https:\\\/\\\/www.polysoude.com\\\/de\\\/auftragschweissen\\\/#primaryimage\"},\"thumbnailUrl\":\"https:\\\/\\\/www.polysoude.com\\\/wp-content\\\/uploads\\\/2016\\\/10\\\/cladding_tig-tiger.jpg\",\"datePublished\":\"2022-04-03T08:02:00+00:00\",\"dateModified\":\"2022-04-05T15:39:20+00:00\",\"description\":\"Anlagen f\u00fcr das automatisierte Auftragschweissen in Fertigung und Instandsetzung Kompromisslos\u00a0bis\u00a0zur Perfektion W\u00e4hrend des Betriebes sind Rohrleitungen\",\"breadcrumb\":{\"@id\":\"https:\\\/\\\/www.polysoude.com\\\/de\\\/auftragschweissen\\\/#breadcrumb\"},\"inLanguage\":\"de-DE\",\"potentialAction\":[{\"@type\":\"ReadAction\",\"target\":[\"https:\\\/\\\/www.polysoude.com\\\/de\\\/auftragschweissen\\\/\"]}]},{\"@type\":\"ImageObject\",\"inLanguage\":\"de-DE\",\"@id\":\"https:\\\/\\\/www.polysoude.com\\\/de\\\/auftragschweissen\\\/#primaryimage\",\"url\":\"https:\\\/\\\/www.polysoude.com\\\/wp-content\\\/uploads\\\/2016\\\/10\\\/cladding_tig-tiger.jpg\",\"contentUrl\":\"https:\\\/\\\/www.polysoude.com\\\/wp-content\\\/uploads\\\/2016\\\/10\\\/cladding_tig-tiger.jpg\"},{\"@type\":\"BreadcrumbList\",\"@id\":\"https:\\\/\\\/www.polysoude.com\\\/de\\\/auftragschweissen\\\/#breadcrumb\",\"itemListElement\":[{\"@type\":\"ListItem\",\"position\":1,\"name\":\"Home\",\"item\":\"https:\\\/\\\/www.polysoude.com\\\/de\\\/homepage\\\/\"},{\"@type\":\"ListItem\",\"position\":2,\"name\":\"Auftragschweissen\"}]},{\"@type\":\"WebSite\",\"@id\":\"https:\\\/\\\/www.polysoude.com\\\/de\\\/#website\",\"url\":\"https:\\\/\\\/www.polysoude.com\\\/de\\\/\",\"name\":\"Polysoude\",\"description\":\"The art of welding\",\"publisher\":{\"@id\":\"https:\\\/\\\/www.polysoude.com\\\/de\\\/#organization\"},\"alternateName\":\"Polysoude\",\"potentialAction\":[{\"@type\":\"SearchAction\",\"target\":{\"@type\":\"EntryPoint\",\"urlTemplate\":\"https:\\\/\\\/www.polysoude.com\\\/de\\\/?s={search_term_string}\"},\"query-input\":{\"@type\":\"PropertyValueSpecification\",\"valueRequired\":true,\"valueName\":\"search_term_string\"}}],\"inLanguage\":\"de-DE\"},{\"@type\":\"Organization\",\"@id\":\"https:\\\/\\\/www.polysoude.com\\\/de\\\/#organization\",\"name\":\"Polysoude\",\"alternateName\":\"Polysoude\",\"url\":\"https:\\\/\\\/www.polysoude.com\\\/de\\\/\",\"logo\":{\"@type\":\"ImageObject\",\"inLanguage\":\"de-DE\",\"@id\":\"https:\\\/\\\/www.polysoude.com\\\/de\\\/#\\\/schema\\\/logo\\\/image\\\/\",\"url\":\"https:\\\/\\\/www.polysoude.com\\\/wp-content\\\/uploads\\\/2022\\\/07\\\/Polysoude_Logo_signature_fond-transparent_600dpi_300mm_RVB-e1658123578778.png\",\"contentUrl\":\"https:\\\/\\\/www.polysoude.com\\\/wp-content\\\/uploads\\\/2022\\\/07\\\/Polysoude_Logo_signature_fond-transparent_600dpi_300mm_RVB-e1658123578778.png\",\"width\":465,\"height\":86,\"caption\":\"Polysoude\"},\"image\":{\"@id\":\"https:\\\/\\\/www.polysoude.com\\\/de\\\/#\\\/schema\\\/logo\\\/image\\\/\"},\"sameAs\":[\"https:\\\/\\\/www.facebook.com\\\/Polysoude\\\/\",\"https:\\\/\\\/www.linkedin.com\\\/company\\\/polysoude\\\/\",\"https:\\\/\\\/www.instagram.com\\\/polysoudeglobal\\\/\"]}]}<\/script>\n<!-- \/ Yoast SEO plugin. -->","yoast_head_json":{"title":"Auftragschwei\u00dfen : Polysoude","description":"Anlagen f\u00fcr das automatisierte Auftragschweissen in Fertigung und Instandsetzung Kompromisslos\u00a0bis\u00a0zur Perfektion W\u00e4hrend des Betriebes sind Rohrleitungen","robots":{"index":"index","follow":"follow","max-snippet":"max-snippet:-1","max-image-preview":"max-image-preview:large","max-video-preview":"max-video-preview:-1"},"canonical":"https:\/\/www.polysoude.com\/de\/auftragschweissen\/","og_locale":"de_DE","og_type":"article","og_title":"Auftragschwei\u00dfen : Polysoude","og_description":"Anlagen f\u00fcr das automatisierte Auftragschweissen in Fertigung und Instandsetzung Kompromisslos\u00a0bis\u00a0zur Perfektion W\u00e4hrend des Betriebes sind Rohrleitungen","og_url":"https:\/\/www.polysoude.com\/de\/auftragschweissen\/","og_site_name":"Polysoude","article_publisher":"https:\/\/www.facebook.com\/Polysoude\/","article_modified_time":"2022-04-05T15:39:20+00:00","og_image":[{"url":"https:\/\/www.polysoude.com\/wp-content\/uploads\/2016\/10\/cladding_tig-tiger.jpg","type":"","width":"","height":""}],"twitter_card":"summary_large_image","twitter_misc":{"Gesch\u00e4tzte Lesezeit":"3 minutes"},"schema":{"@context":"https:\/\/schema.org","@graph":[{"@type":"WebPage","@id":"https:\/\/www.polysoude.com\/de\/auftragschweissen\/","url":"https:\/\/www.polysoude.com\/de\/auftragschweissen\/","name":"Auftragschwei\u00dfen : Polysoude","isPartOf":{"@id":"https:\/\/www.polysoude.com\/de\/#website"},"primaryImageOfPage":{"@id":"https:\/\/www.polysoude.com\/de\/auftragschweissen\/#primaryimage"},"image":{"@id":"https:\/\/www.polysoude.com\/de\/auftragschweissen\/#primaryimage"},"thumbnailUrl":"https:\/\/www.polysoude.com\/wp-content\/uploads\/2016\/10\/cladding_tig-tiger.jpg","datePublished":"2022-04-03T08:02:00+00:00","dateModified":"2022-04-05T15:39:20+00:00","description":"Anlagen f\u00fcr das automatisierte Auftragschweissen in Fertigung und Instandsetzung Kompromisslos\u00a0bis\u00a0zur Perfektion W\u00e4hrend des Betriebes sind Rohrleitungen","breadcrumb":{"@id":"https:\/\/www.polysoude.com\/de\/auftragschweissen\/#breadcrumb"},"inLanguage":"de-DE","potentialAction":[{"@type":"ReadAction","target":["https:\/\/www.polysoude.com\/de\/auftragschweissen\/"]}]},{"@type":"ImageObject","inLanguage":"de-DE","@id":"https:\/\/www.polysoude.com\/de\/auftragschweissen\/#primaryimage","url":"https:\/\/www.polysoude.com\/wp-content\/uploads\/2016\/10\/cladding_tig-tiger.jpg","contentUrl":"https:\/\/www.polysoude.com\/wp-content\/uploads\/2016\/10\/cladding_tig-tiger.jpg"},{"@type":"BreadcrumbList","@id":"https:\/\/www.polysoude.com\/de\/auftragschweissen\/#breadcrumb","itemListElement":[{"@type":"ListItem","position":1,"name":"Home","item":"https:\/\/www.polysoude.com\/de\/homepage\/"},{"@type":"ListItem","position":2,"name":"Auftragschweissen"}]},{"@type":"WebSite","@id":"https:\/\/www.polysoude.com\/de\/#website","url":"https:\/\/www.polysoude.com\/de\/","name":"Polysoude","description":"The art of welding","publisher":{"@id":"https:\/\/www.polysoude.com\/de\/#organization"},"alternateName":"Polysoude","potentialAction":[{"@type":"SearchAction","target":{"@type":"EntryPoint","urlTemplate":"https:\/\/www.polysoude.com\/de\/?s={search_term_string}"},"query-input":{"@type":"PropertyValueSpecification","valueRequired":true,"valueName":"search_term_string"}}],"inLanguage":"de-DE"},{"@type":"Organization","@id":"https:\/\/www.polysoude.com\/de\/#organization","name":"Polysoude","alternateName":"Polysoude","url":"https:\/\/www.polysoude.com\/de\/","logo":{"@type":"ImageObject","inLanguage":"de-DE","@id":"https:\/\/www.polysoude.com\/de\/#\/schema\/logo\/image\/","url":"https:\/\/www.polysoude.com\/wp-content\/uploads\/2022\/07\/Polysoude_Logo_signature_fond-transparent_600dpi_300mm_RVB-e1658123578778.png","contentUrl":"https:\/\/www.polysoude.com\/wp-content\/uploads\/2022\/07\/Polysoude_Logo_signature_fond-transparent_600dpi_300mm_RVB-e1658123578778.png","width":465,"height":86,"caption":"Polysoude"},"image":{"@id":"https:\/\/www.polysoude.com\/de\/#\/schema\/logo\/image\/"},"sameAs":["https:\/\/www.facebook.com\/Polysoude\/","https:\/\/www.linkedin.com\/company\/polysoude\/","https:\/\/www.instagram.com\/polysoudeglobal\/"]}]}},"_links":{"self":[{"href":"https:\/\/www.polysoude.com\/de\/wp-json\/wp\/v2\/pages\/4847","targetHints":{"allow":["GET"]}}],"collection":[{"href":"https:\/\/www.polysoude.com\/de\/wp-json\/wp\/v2\/pages"}],"about":[{"href":"https:\/\/www.polysoude.com\/de\/wp-json\/wp\/v2\/types\/page"}],"author":[{"embeddable":true,"href":"https:\/\/www.polysoude.com\/de\/wp-json\/wp\/v2\/users\/1"}],"replies":[{"embeddable":true,"href":"https:\/\/www.polysoude.com\/de\/wp-json\/wp\/v2\/comments?post=4847"}],"version-history":[{"count":18,"href":"https:\/\/www.polysoude.com\/de\/wp-json\/wp\/v2\/pages\/4847\/revisions"}],"predecessor-version":[{"id":39542,"href":"https:\/\/www.polysoude.com\/de\/wp-json\/wp\/v2\/pages\/4847\/revisions\/39542"}],"wp:attachment":[{"href":"https:\/\/www.polysoude.com\/de\/wp-json\/wp\/v2\/media?parent=4847"}],"curies":[{"name":"wp","href":"https:\/\/api.w.org\/{rel}","templated":true}]}}