{"id":4854,"date":"2022-04-03T10:03:20","date_gmt":"2022-04-03T08:03:20","guid":{"rendered":"http:\/\/www.polysoude.com\/?page_id=4854"},"modified":"2019-01-23T18:02:34","modified_gmt":"2019-01-23T17:02:34","slug":"auftragschweissen-an-rohren","status":"publish","type":"page","link":"https:\/\/www.polysoude.com\/de\/auftragschweissen\/auftragschweissen-an-rohren\/","title":{"rendered":"Auftragschwei\u00dfen an Rohren"},"content":{"rendered":"\n\t<h4><b>WIG \/ TIG<sup>er<\/sup> Auftragschwei\u00dfen von CRA-Rohren<\/b><\/h4>\n<p>Um die geforderte Verschlei\u00dffestigkeit zu gew\u00e4hrleisten, werden Rohre aus preisg\u00fcnstigem C-Mn-Stahl an der Innenseite mit korrosionsbest\u00e4ndigen Legierungen CRA (corrosion-resistant Alloy) beschichtet. Eine besonders gute Verbindung zwischen \u00e4u\u00dferem Substrat und innerem Depot wird erreicht, wenn die Beschichtung durch WIG Auftragschwei\u00dfen oder, bei erh\u00f6hter Produktivit\u00e4t, durch Auftragschwei\u00dfen mit der TIG<sup>er<\/sup> Technologie erfolgt. Auf diese Weise entstandene CRA-Rohre mit metallurgischer Bindung erf\u00fcllen h\u00f6chste Qualit\u00e4tsanspr\u00fcche.<\/p>\n<p>&nbsp;<\/p>\n","protected":false},"excerpt":{"rendered":"<p>WIG \/ TIGer Auftragschwei\u00dfen von CRA-Rohren Um die geforderte Verschlei\u00dffestigkeit zu gew\u00e4hrleisten, werden Rohre aus preisg\u00fcnstigem C-Mn-Stahl an der Innenseite mit korrosionsbest\u00e4ndigen Legierungen CRA (corrosion-resistant Alloy) beschichtet. Eine besonders gute Verbindung zwischen \u00e4u\u00dferem Substrat und innerem Depot wird erreicht, wenn die Beschichtung durch WIG Auftragschwei\u00dfen oder, bei erh\u00f6hter Produktivit\u00e4t, durch Auftragschwei\u00dfen mit der TIGer Technologie [&hellip;]<\/p>\n","protected":false},"author":1,"featured_media":8116,"parent":4847,"menu_order":0,"comment_status":"closed","ping_status":"closed","template":"page-metier.php","meta":{"_acf_changed":false,"footnotes":""},"class_list":["post-4854","page","type-page","status-publish","has-post-thumbnail","hentry"],"acf":[],"yoast_head":"<!-- This site is optimized with the Yoast SEO plugin v27.3 - https:\/\/yoast.com\/product\/yoast-seo-wordpress\/ -->\n<title>Auftragschwei\u00dfen an Rohren | Polysoude<\/title>\n<meta name=\"description\" content=\"WIG \/ TIGer Auftragschwei\u00dfen von CRA-Rohren Um die geforderte Verschlei\u00dffestigkeit zu gew\u00e4hrleisten, werden Rohre aus preisg\u00fcnstigem C-Mn-Stahl an der\" \/>\n<meta name=\"robots\" content=\"index, follow, max-snippet:-1, max-image-preview:large, max-video-preview:-1\" \/>\n<link rel=\"canonical\" href=\"https:\/\/www.polysoude.com\/de\/auftragschweissen\/auftragschweissen-an-rohren\/\" \/>\n<meta property=\"og:locale\" content=\"de_DE\" \/>\n<meta property=\"og:type\" content=\"article\" \/>\n<meta property=\"og:title\" content=\"Auftragschwei\u00dfen an Rohren | Polysoude\" \/>\n<meta property=\"og:description\" content=\"WIG \/ TIGer Auftragschwei\u00dfen von CRA-Rohren Um die geforderte Verschlei\u00dffestigkeit zu gew\u00e4hrleisten, werden Rohre aus preisg\u00fcnstigem C-Mn-Stahl an der\" \/>\n<meta property=\"og:url\" content=\"https:\/\/www.polysoude.com\/de\/auftragschweissen\/auftragschweissen-an-rohren\/\" \/>\n<meta property=\"og:site_name\" content=\"Polysoude\" \/>\n<meta property=\"article:publisher\" content=\"https:\/\/www.facebook.com\/Polysoude\/\" \/>\n<meta property=\"og:image\" content=\"https:\/\/www.polysoude.com\/wp-content\/uploads\/2022\/07\/Polysoude_Logo_signature_fond-transparent_600dpi_300mm_RVB-e1658123578778.png\" \/>\n\t<meta property=\"og:image:width\" content=\"465\" \/>\n\t<meta property=\"og:image:height\" content=\"86\" \/>\n\t<meta property=\"og:image:type\" content=\"image\/png\" \/>\n<meta name=\"twitter:card\" content=\"summary_large_image\" \/>\n<script type=\"application\/ld+json\" class=\"yoast-schema-graph\">{\"@context\":\"https:\\\/\\\/schema.org\",\"@graph\":[{\"@type\":\"WebPage\",\"@id\":\"https:\\\/\\\/www.polysoude.com\\\/de\\\/auftragschweissen\\\/auftragschweissen-an-rohren\\\/\",\"url\":\"https:\\\/\\\/www.polysoude.com\\\/de\\\/auftragschweissen\\\/auftragschweissen-an-rohren\\\/\",\"name\":\"Auftragschwei\u00dfen an Rohren | Polysoude\",\"isPartOf\":{\"@id\":\"https:\\\/\\\/www.polysoude.com\\\/de\\\/#website\"},\"primaryImageOfPage\":{\"@id\":\"https:\\\/\\\/www.polysoude.com\\\/de\\\/auftragschweissen\\\/auftragschweissen-an-rohren\\\/#primaryimage\"},\"image\":{\"@id\":\"https:\\\/\\\/www.polysoude.com\\\/de\\\/auftragschweissen\\\/auftragschweissen-an-rohren\\\/#primaryimage\"},\"thumbnailUrl\":\"https:\\\/\\\/www.polysoude.com\\\/wp-content\\\/uploads\\\/2017\\\/02\\\/prod_tig-hw-twin-torch.jpg\",\"datePublished\":\"2022-04-03T08:03:20+00:00\",\"description\":\"WIG \\\/ TIGer Auftragschwei\u00dfen von CRA-Rohren Um die geforderte Verschlei\u00dffestigkeit zu gew\u00e4hrleisten, werden Rohre aus preisg\u00fcnstigem C-Mn-Stahl an der\",\"breadcrumb\":{\"@id\":\"https:\\\/\\\/www.polysoude.com\\\/de\\\/auftragschweissen\\\/auftragschweissen-an-rohren\\\/#breadcrumb\"},\"inLanguage\":\"de-DE\",\"potentialAction\":[{\"@type\":\"ReadAction\",\"target\":[\"https:\\\/\\\/www.polysoude.com\\\/de\\\/auftragschweissen\\\/auftragschweissen-an-rohren\\\/\"]}]},{\"@type\":\"ImageObject\",\"inLanguage\":\"de-DE\",\"@id\":\"https:\\\/\\\/www.polysoude.com\\\/de\\\/auftragschweissen\\\/auftragschweissen-an-rohren\\\/#primaryimage\",\"url\":\"https:\\\/\\\/www.polysoude.com\\\/wp-content\\\/uploads\\\/2017\\\/02\\\/prod_tig-hw-twin-torch.jpg\",\"contentUrl\":\"https:\\\/\\\/www.polysoude.com\\\/wp-content\\\/uploads\\\/2017\\\/02\\\/prod_tig-hw-twin-torch.jpg\",\"width\":500,\"height\":500},{\"@type\":\"BreadcrumbList\",\"@id\":\"https:\\\/\\\/www.polysoude.com\\\/de\\\/auftragschweissen\\\/auftragschweissen-an-rohren\\\/#breadcrumb\",\"itemListElement\":[{\"@type\":\"ListItem\",\"position\":1,\"name\":\"Home\",\"item\":\"https:\\\/\\\/www.polysoude.com\\\/de\\\/homepage\\\/\"},{\"@type\":\"ListItem\",\"position\":2,\"name\":\"Auftragschweissen\",\"item\":\"https:\\\/\\\/www.polysoude.com\\\/de\\\/auftragschweissen\\\/\"},{\"@type\":\"ListItem\",\"position\":3,\"name\":\"Auftragschwei\u00dfen an Rohren\"}]},{\"@type\":\"WebSite\",\"@id\":\"https:\\\/\\\/www.polysoude.com\\\/de\\\/#website\",\"url\":\"https:\\\/\\\/www.polysoude.com\\\/de\\\/\",\"name\":\"Polysoude\",\"description\":\"The art of welding\",\"publisher\":{\"@id\":\"https:\\\/\\\/www.polysoude.com\\\/de\\\/#organization\"},\"alternateName\":\"Polysoude\",\"potentialAction\":[{\"@type\":\"SearchAction\",\"target\":{\"@type\":\"EntryPoint\",\"urlTemplate\":\"https:\\\/\\\/www.polysoude.com\\\/de\\\/?s={search_term_string}\"},\"query-input\":{\"@type\":\"PropertyValueSpecification\",\"valueRequired\":true,\"valueName\":\"search_term_string\"}}],\"inLanguage\":\"de-DE\"},{\"@type\":\"Organization\",\"@id\":\"https:\\\/\\\/www.polysoude.com\\\/de\\\/#organization\",\"name\":\"Polysoude\",\"alternateName\":\"Polysoude\",\"url\":\"https:\\\/\\\/www.polysoude.com\\\/de\\\/\",\"logo\":{\"@type\":\"ImageObject\",\"inLanguage\":\"de-DE\",\"@id\":\"https:\\\/\\\/www.polysoude.com\\\/de\\\/#\\\/schema\\\/logo\\\/image\\\/\",\"url\":\"https:\\\/\\\/www.polysoude.com\\\/wp-content\\\/uploads\\\/2022\\\/07\\\/Polysoude_Logo_signature_fond-transparent_600dpi_300mm_RVB-e1658123578778.png\",\"contentUrl\":\"https:\\\/\\\/www.polysoude.com\\\/wp-content\\\/uploads\\\/2022\\\/07\\\/Polysoude_Logo_signature_fond-transparent_600dpi_300mm_RVB-e1658123578778.png\",\"width\":465,\"height\":86,\"caption\":\"Polysoude\"},\"image\":{\"@id\":\"https:\\\/\\\/www.polysoude.com\\\/de\\\/#\\\/schema\\\/logo\\\/image\\\/\"},\"sameAs\":[\"https:\\\/\\\/www.facebook.com\\\/Polysoude\\\/\",\"https:\\\/\\\/www.linkedin.com\\\/company\\\/polysoude\\\/\",\"https:\\\/\\\/www.instagram.com\\\/polysoudeglobal\\\/\"]}]}<\/script>\n<!-- \/ Yoast SEO plugin. -->","yoast_head_json":{"title":"Auftragschwei\u00dfen an Rohren | Polysoude","description":"WIG \/ TIGer Auftragschwei\u00dfen von CRA-Rohren Um die geforderte Verschlei\u00dffestigkeit zu gew\u00e4hrleisten, werden Rohre aus preisg\u00fcnstigem C-Mn-Stahl an der","robots":{"index":"index","follow":"follow","max-snippet":"max-snippet:-1","max-image-preview":"max-image-preview:large","max-video-preview":"max-video-preview:-1"},"canonical":"https:\/\/www.polysoude.com\/de\/auftragschweissen\/auftragschweissen-an-rohren\/","og_locale":"de_DE","og_type":"article","og_title":"Auftragschwei\u00dfen an Rohren | Polysoude","og_description":"WIG \/ TIGer Auftragschwei\u00dfen von CRA-Rohren Um die geforderte Verschlei\u00dffestigkeit zu gew\u00e4hrleisten, werden Rohre aus preisg\u00fcnstigem C-Mn-Stahl an der","og_url":"https:\/\/www.polysoude.com\/de\/auftragschweissen\/auftragschweissen-an-rohren\/","og_site_name":"Polysoude","article_publisher":"https:\/\/www.facebook.com\/Polysoude\/","og_image":[{"width":465,"height":86,"url":"https:\/\/www.polysoude.com\/wp-content\/uploads\/2022\/07\/Polysoude_Logo_signature_fond-transparent_600dpi_300mm_RVB-e1658123578778.png","type":"image\/png"}],"twitter_card":"summary_large_image","schema":{"@context":"https:\/\/schema.org","@graph":[{"@type":"WebPage","@id":"https:\/\/www.polysoude.com\/de\/auftragschweissen\/auftragschweissen-an-rohren\/","url":"https:\/\/www.polysoude.com\/de\/auftragschweissen\/auftragschweissen-an-rohren\/","name":"Auftragschwei\u00dfen an Rohren | Polysoude","isPartOf":{"@id":"https:\/\/www.polysoude.com\/de\/#website"},"primaryImageOfPage":{"@id":"https:\/\/www.polysoude.com\/de\/auftragschweissen\/auftragschweissen-an-rohren\/#primaryimage"},"image":{"@id":"https:\/\/www.polysoude.com\/de\/auftragschweissen\/auftragschweissen-an-rohren\/#primaryimage"},"thumbnailUrl":"https:\/\/www.polysoude.com\/wp-content\/uploads\/2017\/02\/prod_tig-hw-twin-torch.jpg","datePublished":"2022-04-03T08:03:20+00:00","description":"WIG \/ TIGer Auftragschwei\u00dfen von CRA-Rohren Um die geforderte Verschlei\u00dffestigkeit zu gew\u00e4hrleisten, werden Rohre aus preisg\u00fcnstigem C-Mn-Stahl an der","breadcrumb":{"@id":"https:\/\/www.polysoude.com\/de\/auftragschweissen\/auftragschweissen-an-rohren\/#breadcrumb"},"inLanguage":"de-DE","potentialAction":[{"@type":"ReadAction","target":["https:\/\/www.polysoude.com\/de\/auftragschweissen\/auftragschweissen-an-rohren\/"]}]},{"@type":"ImageObject","inLanguage":"de-DE","@id":"https:\/\/www.polysoude.com\/de\/auftragschweissen\/auftragschweissen-an-rohren\/#primaryimage","url":"https:\/\/www.polysoude.com\/wp-content\/uploads\/2017\/02\/prod_tig-hw-twin-torch.jpg","contentUrl":"https:\/\/www.polysoude.com\/wp-content\/uploads\/2017\/02\/prod_tig-hw-twin-torch.jpg","width":500,"height":500},{"@type":"BreadcrumbList","@id":"https:\/\/www.polysoude.com\/de\/auftragschweissen\/auftragschweissen-an-rohren\/#breadcrumb","itemListElement":[{"@type":"ListItem","position":1,"name":"Home","item":"https:\/\/www.polysoude.com\/de\/homepage\/"},{"@type":"ListItem","position":2,"name":"Auftragschweissen","item":"https:\/\/www.polysoude.com\/de\/auftragschweissen\/"},{"@type":"ListItem","position":3,"name":"Auftragschwei\u00dfen an Rohren"}]},{"@type":"WebSite","@id":"https:\/\/www.polysoude.com\/de\/#website","url":"https:\/\/www.polysoude.com\/de\/","name":"Polysoude","description":"The art of welding","publisher":{"@id":"https:\/\/www.polysoude.com\/de\/#organization"},"alternateName":"Polysoude","potentialAction":[{"@type":"SearchAction","target":{"@type":"EntryPoint","urlTemplate":"https:\/\/www.polysoude.com\/de\/?s={search_term_string}"},"query-input":{"@type":"PropertyValueSpecification","valueRequired":true,"valueName":"search_term_string"}}],"inLanguage":"de-DE"},{"@type":"Organization","@id":"https:\/\/www.polysoude.com\/de\/#organization","name":"Polysoude","alternateName":"Polysoude","url":"https:\/\/www.polysoude.com\/de\/","logo":{"@type":"ImageObject","inLanguage":"de-DE","@id":"https:\/\/www.polysoude.com\/de\/#\/schema\/logo\/image\/","url":"https:\/\/www.polysoude.com\/wp-content\/uploads\/2022\/07\/Polysoude_Logo_signature_fond-transparent_600dpi_300mm_RVB-e1658123578778.png","contentUrl":"https:\/\/www.polysoude.com\/wp-content\/uploads\/2022\/07\/Polysoude_Logo_signature_fond-transparent_600dpi_300mm_RVB-e1658123578778.png","width":465,"height":86,"caption":"Polysoude"},"image":{"@id":"https:\/\/www.polysoude.com\/de\/#\/schema\/logo\/image\/"},"sameAs":["https:\/\/www.facebook.com\/Polysoude\/","https:\/\/www.linkedin.com\/company\/polysoude\/","https:\/\/www.instagram.com\/polysoudeglobal\/"]}]}},"_links":{"self":[{"href":"https:\/\/www.polysoude.com\/de\/wp-json\/wp\/v2\/pages\/4854","targetHints":{"allow":["GET"]}}],"collection":[{"href":"https:\/\/www.polysoude.com\/de\/wp-json\/wp\/v2\/pages"}],"about":[{"href":"https:\/\/www.polysoude.com\/de\/wp-json\/wp\/v2\/types\/page"}],"author":[{"embeddable":true,"href":"https:\/\/www.polysoude.com\/de\/wp-json\/wp\/v2\/users\/1"}],"replies":[{"embeddable":true,"href":"https:\/\/www.polysoude.com\/de\/wp-json\/wp\/v2\/comments?post=4854"}],"version-history":[{"count":14,"href":"https:\/\/www.polysoude.com\/de\/wp-json\/wp\/v2\/pages\/4854\/revisions"}],"predecessor-version":[{"id":22895,"href":"https:\/\/www.polysoude.com\/de\/wp-json\/wp\/v2\/pages\/4854\/revisions\/22895"}],"up":[{"embeddable":true,"href":"https:\/\/www.polysoude.com\/de\/wp-json\/wp\/v2\/pages\/4847"}],"wp:featuredmedia":[{"embeddable":true,"href":"https:\/\/www.polysoude.com\/de\/wp-json\/wp\/v2\/media\/8116"}],"wp:attachment":[{"href":"https:\/\/www.polysoude.com\/de\/wp-json\/wp\/v2\/media?parent=4854"}],"curies":[{"name":"wp","href":"https:\/\/api.w.org\/{rel}","templated":true}]}}