{"id":4896,"date":"2016-10-06T10:03:38","date_gmt":"2016-10-06T08:03:38","guid":{"rendered":"http:\/\/www.polysoude.com\/?page_id=4896"},"modified":"2018-04-05T10:28:54","modified_gmt":"2018-04-05T08:28:54","slug":"auftragschweissen-von-flanschen-ventilen-und-anderen-werkstucken","status":"publish","type":"page","link":"https:\/\/www.polysoude.com\/de\/auftragschweissen\/auftragschweissen-von-flanschen-ventilen-und-anderen-werkstucken\/","title":{"rendered":"Auftragschwei\u00dfen von Flanschen, Ventilen und anderen Werkst\u00fccken"},"content":{"rendered":"<p>&nbsp;<\/p>\n<h4>Auftragschwei\u00dfen an unbewegten Werkst\u00fccken mit komplexer Geometrie<\/h4>\n<p>Bei Werkst\u00fccken, die aufgrund ihres Gewichts, ihres Volumens oder aus anderen Gr\u00fcnden station\u00e4r bleiben, muss der Brenner so von der Anlage gef\u00fchrt werden, dass er alle in Frage kommenden Konturen nachfahren kann. Lineare Bewegungen in X-, Y- und Z-Achse werden dann von einem Automatentr\u00e4ger ausgef\u00fchrt, der gegebenenfalls mit zus\u00e4tzlichen Bewegungsschlitten ausgestattet wird. F\u00fcr die Rotationsbewegungen sorgt ein endlos drehbarer Kollektorschwei\u00dfkopf, zum Beschichten tiefer Bohrungen wird der Brenner dann auf eine Schwei\u00dflanze montiert. Alle Bewegungsachsen werden zentral gesteuert und \u00fcberwacht.<\/p>\n","protected":false},"excerpt":{"rendered":"<p>&nbsp; Auftragschwei\u00dfen an unbewegten Werkst\u00fccken mit komplexer Geometrie Bei Werkst\u00fccken, die aufgrund ihres Gewichts, ihres Volumens oder aus anderen Gr\u00fcnden station\u00e4r bleiben, muss der Brenner so von der Anlage gef\u00fchrt werden, dass er alle in Frage kommenden Konturen nachfahren kann. Lineare Bewegungen in X-, Y- und Z-Achse werden dann von einem Automatentr\u00e4ger ausgef\u00fchrt, der gegebenenfalls [&hellip;]<\/p>\n","protected":false},"author":1,"featured_media":6621,"parent":4847,"menu_order":0,"comment_status":"closed","ping_status":"closed","template":"page-metier.php","meta":{"_acf_changed":false,"footnotes":""},"class_list":["post-4896","page","type-page","status-publish","has-post-thumbnail","hentry"],"acf":[],"yoast_head":"<!-- This site is optimized with the Yoast SEO plugin v27.3 - https:\/\/yoast.com\/product\/yoast-seo-wordpress\/ -->\n<title>Auftragschwei\u00dfen von Flanschen, Ventilen und anderen Werkst\u00fccken | Polysoude<\/title>\n<meta name=\"description\" content=\"&nbsp; Auftragschwei\u00dfen an unbewegten Werkst\u00fccken mit komplexer Geometrie Bei Werkst\u00fccken, die aufgrund ihres Gewichts, ihres Volumens oder aus anderen\" \/>\n<meta name=\"robots\" content=\"index, follow, max-snippet:-1, max-image-preview:large, max-video-preview:-1\" \/>\n<link rel=\"canonical\" href=\"https:\/\/www.polysoude.com\/de\/auftragschweissen\/auftragschweissen-von-flanschen-ventilen-und-anderen-werkstucken\/\" \/>\n<meta property=\"og:locale\" content=\"de_DE\" \/>\n<meta property=\"og:type\" content=\"article\" \/>\n<meta property=\"og:title\" content=\"Auftragschwei\u00dfen von Flanschen, Ventilen und anderen Werkst\u00fccken | Polysoude\" \/>\n<meta property=\"og:description\" content=\"&nbsp; Auftragschwei\u00dfen an unbewegten Werkst\u00fccken mit komplexer Geometrie Bei Werkst\u00fccken, die aufgrund ihres Gewichts, ihres Volumens oder aus anderen\" \/>\n<meta property=\"og:url\" content=\"https:\/\/www.polysoude.com\/de\/auftragschweissen\/auftragschweissen-von-flanschen-ventilen-und-anderen-werkstucken\/\" \/>\n<meta property=\"og:site_name\" content=\"Polysoude\" \/>\n<meta property=\"article:publisher\" content=\"https:\/\/www.facebook.com\/Polysoude\/\" \/>\n<meta property=\"article:modified_time\" content=\"2018-04-05T08:28:54+00:00\" \/>\n<meta property=\"og:image\" content=\"https:\/\/www.polysoude.com\/wp-content\/uploads\/2022\/07\/Polysoude_Logo_signature_fond-transparent_600dpi_300mm_RVB-e1658123578778.png\" \/>\n\t<meta property=\"og:image:width\" content=\"465\" \/>\n\t<meta property=\"og:image:height\" content=\"86\" \/>\n\t<meta property=\"og:image:type\" content=\"image\/png\" \/>\n<meta name=\"twitter:card\" content=\"summary_large_image\" \/>\n<script type=\"application\/ld+json\" class=\"yoast-schema-graph\">{\"@context\":\"https:\\\/\\\/schema.org\",\"@graph\":[{\"@type\":\"WebPage\",\"@id\":\"https:\\\/\\\/www.polysoude.com\\\/de\\\/auftragschweissen\\\/auftragschweissen-von-flanschen-ventilen-und-anderen-werkstucken\\\/\",\"url\":\"https:\\\/\\\/www.polysoude.com\\\/de\\\/auftragschweissen\\\/auftragschweissen-von-flanschen-ventilen-und-anderen-werkstucken\\\/\",\"name\":\"Auftragschwei\u00dfen von Flanschen, Ventilen und anderen Werkst\u00fccken | Polysoude\",\"isPartOf\":{\"@id\":\"https:\\\/\\\/www.polysoude.com\\\/de\\\/#website\"},\"primaryImageOfPage\":{\"@id\":\"https:\\\/\\\/www.polysoude.com\\\/de\\\/auftragschweissen\\\/auftragschweissen-von-flanschen-ventilen-und-anderen-werkstucken\\\/#primaryimage\"},\"image\":{\"@id\":\"https:\\\/\\\/www.polysoude.com\\\/de\\\/auftragschweissen\\\/auftragschweissen-von-flanschen-ventilen-und-anderen-werkstucken\\\/#primaryimage\"},\"thumbnailUrl\":\"https:\\\/\\\/www.polysoude.com\\\/wp-content\\\/uploads\\\/2016\\\/11\\\/prod_mso-tig-hw-torch.jpg\",\"datePublished\":\"2016-10-06T08:03:38+00:00\",\"dateModified\":\"2018-04-05T08:28:54+00:00\",\"description\":\"&nbsp; Auftragschwei\u00dfen an unbewegten Werkst\u00fccken mit komplexer Geometrie Bei Werkst\u00fccken, die aufgrund ihres Gewichts, ihres Volumens oder aus anderen\",\"breadcrumb\":{\"@id\":\"https:\\\/\\\/www.polysoude.com\\\/de\\\/auftragschweissen\\\/auftragschweissen-von-flanschen-ventilen-und-anderen-werkstucken\\\/#breadcrumb\"},\"inLanguage\":\"de-DE\",\"potentialAction\":[{\"@type\":\"ReadAction\",\"target\":[\"https:\\\/\\\/www.polysoude.com\\\/de\\\/auftragschweissen\\\/auftragschweissen-von-flanschen-ventilen-und-anderen-werkstucken\\\/\"]}]},{\"@type\":\"ImageObject\",\"inLanguage\":\"de-DE\",\"@id\":\"https:\\\/\\\/www.polysoude.com\\\/de\\\/auftragschweissen\\\/auftragschweissen-von-flanschen-ventilen-und-anderen-werkstucken\\\/#primaryimage\",\"url\":\"https:\\\/\\\/www.polysoude.com\\\/wp-content\\\/uploads\\\/2016\\\/11\\\/prod_mso-tig-hw-torch.jpg\",\"contentUrl\":\"https:\\\/\\\/www.polysoude.com\\\/wp-content\\\/uploads\\\/2016\\\/11\\\/prod_mso-tig-hw-torch.jpg\",\"width\":500,\"height\":500},{\"@type\":\"BreadcrumbList\",\"@id\":\"https:\\\/\\\/www.polysoude.com\\\/de\\\/auftragschweissen\\\/auftragschweissen-von-flanschen-ventilen-und-anderen-werkstucken\\\/#breadcrumb\",\"itemListElement\":[{\"@type\":\"ListItem\",\"position\":1,\"name\":\"Home\",\"item\":\"https:\\\/\\\/www.polysoude.com\\\/de\\\/homepage\\\/\"},{\"@type\":\"ListItem\",\"position\":2,\"name\":\"Auftragschweissen\",\"item\":\"https:\\\/\\\/www.polysoude.com\\\/de\\\/auftragschweissen\\\/\"},{\"@type\":\"ListItem\",\"position\":3,\"name\":\"Auftragschwei\u00dfen von Flanschen, Ventilen und anderen Werkst\u00fccken\"}]},{\"@type\":\"WebSite\",\"@id\":\"https:\\\/\\\/www.polysoude.com\\\/de\\\/#website\",\"url\":\"https:\\\/\\\/www.polysoude.com\\\/de\\\/\",\"name\":\"Polysoude\",\"description\":\"The art of welding\",\"publisher\":{\"@id\":\"https:\\\/\\\/www.polysoude.com\\\/de\\\/#organization\"},\"alternateName\":\"Polysoude\",\"potentialAction\":[{\"@type\":\"SearchAction\",\"target\":{\"@type\":\"EntryPoint\",\"urlTemplate\":\"https:\\\/\\\/www.polysoude.com\\\/de\\\/?s={search_term_string}\"},\"query-input\":{\"@type\":\"PropertyValueSpecification\",\"valueRequired\":true,\"valueName\":\"search_term_string\"}}],\"inLanguage\":\"de-DE\"},{\"@type\":\"Organization\",\"@id\":\"https:\\\/\\\/www.polysoude.com\\\/de\\\/#organization\",\"name\":\"Polysoude\",\"alternateName\":\"Polysoude\",\"url\":\"https:\\\/\\\/www.polysoude.com\\\/de\\\/\",\"logo\":{\"@type\":\"ImageObject\",\"inLanguage\":\"de-DE\",\"@id\":\"https:\\\/\\\/www.polysoude.com\\\/de\\\/#\\\/schema\\\/logo\\\/image\\\/\",\"url\":\"https:\\\/\\\/www.polysoude.com\\\/wp-content\\\/uploads\\\/2022\\\/07\\\/Polysoude_Logo_signature_fond-transparent_600dpi_300mm_RVB-e1658123578778.png\",\"contentUrl\":\"https:\\\/\\\/www.polysoude.com\\\/wp-content\\\/uploads\\\/2022\\\/07\\\/Polysoude_Logo_signature_fond-transparent_600dpi_300mm_RVB-e1658123578778.png\",\"width\":465,\"height\":86,\"caption\":\"Polysoude\"},\"image\":{\"@id\":\"https:\\\/\\\/www.polysoude.com\\\/de\\\/#\\\/schema\\\/logo\\\/image\\\/\"},\"sameAs\":[\"https:\\\/\\\/www.facebook.com\\\/Polysoude\\\/\",\"https:\\\/\\\/www.linkedin.com\\\/company\\\/polysoude\\\/\",\"https:\\\/\\\/www.instagram.com\\\/polysoudeglobal\\\/\"]}]}<\/script>\n<!-- \/ Yoast SEO plugin. -->","yoast_head_json":{"title":"Auftragschwei\u00dfen von Flanschen, Ventilen und anderen Werkst\u00fccken | Polysoude","description":"&nbsp; Auftragschwei\u00dfen an unbewegten Werkst\u00fccken mit komplexer Geometrie Bei Werkst\u00fccken, die aufgrund ihres Gewichts, ihres Volumens oder aus anderen","robots":{"index":"index","follow":"follow","max-snippet":"max-snippet:-1","max-image-preview":"max-image-preview:large","max-video-preview":"max-video-preview:-1"},"canonical":"https:\/\/www.polysoude.com\/de\/auftragschweissen\/auftragschweissen-von-flanschen-ventilen-und-anderen-werkstucken\/","og_locale":"de_DE","og_type":"article","og_title":"Auftragschwei\u00dfen von Flanschen, Ventilen und anderen Werkst\u00fccken | Polysoude","og_description":"&nbsp; Auftragschwei\u00dfen an unbewegten Werkst\u00fccken mit komplexer Geometrie Bei Werkst\u00fccken, die aufgrund ihres Gewichts, ihres Volumens oder aus anderen","og_url":"https:\/\/www.polysoude.com\/de\/auftragschweissen\/auftragschweissen-von-flanschen-ventilen-und-anderen-werkstucken\/","og_site_name":"Polysoude","article_publisher":"https:\/\/www.facebook.com\/Polysoude\/","article_modified_time":"2018-04-05T08:28:54+00:00","og_image":[{"width":465,"height":86,"url":"https:\/\/www.polysoude.com\/wp-content\/uploads\/2022\/07\/Polysoude_Logo_signature_fond-transparent_600dpi_300mm_RVB-e1658123578778.png","type":"image\/png"}],"twitter_card":"summary_large_image","schema":{"@context":"https:\/\/schema.org","@graph":[{"@type":"WebPage","@id":"https:\/\/www.polysoude.com\/de\/auftragschweissen\/auftragschweissen-von-flanschen-ventilen-und-anderen-werkstucken\/","url":"https:\/\/www.polysoude.com\/de\/auftragschweissen\/auftragschweissen-von-flanschen-ventilen-und-anderen-werkstucken\/","name":"Auftragschwei\u00dfen von Flanschen, Ventilen und anderen Werkst\u00fccken | Polysoude","isPartOf":{"@id":"https:\/\/www.polysoude.com\/de\/#website"},"primaryImageOfPage":{"@id":"https:\/\/www.polysoude.com\/de\/auftragschweissen\/auftragschweissen-von-flanschen-ventilen-und-anderen-werkstucken\/#primaryimage"},"image":{"@id":"https:\/\/www.polysoude.com\/de\/auftragschweissen\/auftragschweissen-von-flanschen-ventilen-und-anderen-werkstucken\/#primaryimage"},"thumbnailUrl":"https:\/\/www.polysoude.com\/wp-content\/uploads\/2016\/11\/prod_mso-tig-hw-torch.jpg","datePublished":"2016-10-06T08:03:38+00:00","dateModified":"2018-04-05T08:28:54+00:00","description":"&nbsp; Auftragschwei\u00dfen an unbewegten Werkst\u00fccken mit komplexer Geometrie Bei Werkst\u00fccken, die aufgrund ihres Gewichts, ihres Volumens oder aus anderen","breadcrumb":{"@id":"https:\/\/www.polysoude.com\/de\/auftragschweissen\/auftragschweissen-von-flanschen-ventilen-und-anderen-werkstucken\/#breadcrumb"},"inLanguage":"de-DE","potentialAction":[{"@type":"ReadAction","target":["https:\/\/www.polysoude.com\/de\/auftragschweissen\/auftragschweissen-von-flanschen-ventilen-und-anderen-werkstucken\/"]}]},{"@type":"ImageObject","inLanguage":"de-DE","@id":"https:\/\/www.polysoude.com\/de\/auftragschweissen\/auftragschweissen-von-flanschen-ventilen-und-anderen-werkstucken\/#primaryimage","url":"https:\/\/www.polysoude.com\/wp-content\/uploads\/2016\/11\/prod_mso-tig-hw-torch.jpg","contentUrl":"https:\/\/www.polysoude.com\/wp-content\/uploads\/2016\/11\/prod_mso-tig-hw-torch.jpg","width":500,"height":500},{"@type":"BreadcrumbList","@id":"https:\/\/www.polysoude.com\/de\/auftragschweissen\/auftragschweissen-von-flanschen-ventilen-und-anderen-werkstucken\/#breadcrumb","itemListElement":[{"@type":"ListItem","position":1,"name":"Home","item":"https:\/\/www.polysoude.com\/de\/homepage\/"},{"@type":"ListItem","position":2,"name":"Auftragschweissen","item":"https:\/\/www.polysoude.com\/de\/auftragschweissen\/"},{"@type":"ListItem","position":3,"name":"Auftragschwei\u00dfen von Flanschen, Ventilen und anderen Werkst\u00fccken"}]},{"@type":"WebSite","@id":"https:\/\/www.polysoude.com\/de\/#website","url":"https:\/\/www.polysoude.com\/de\/","name":"Polysoude","description":"The art of welding","publisher":{"@id":"https:\/\/www.polysoude.com\/de\/#organization"},"alternateName":"Polysoude","potentialAction":[{"@type":"SearchAction","target":{"@type":"EntryPoint","urlTemplate":"https:\/\/www.polysoude.com\/de\/?s={search_term_string}"},"query-input":{"@type":"PropertyValueSpecification","valueRequired":true,"valueName":"search_term_string"}}],"inLanguage":"de-DE"},{"@type":"Organization","@id":"https:\/\/www.polysoude.com\/de\/#organization","name":"Polysoude","alternateName":"Polysoude","url":"https:\/\/www.polysoude.com\/de\/","logo":{"@type":"ImageObject","inLanguage":"de-DE","@id":"https:\/\/www.polysoude.com\/de\/#\/schema\/logo\/image\/","url":"https:\/\/www.polysoude.com\/wp-content\/uploads\/2022\/07\/Polysoude_Logo_signature_fond-transparent_600dpi_300mm_RVB-e1658123578778.png","contentUrl":"https:\/\/www.polysoude.com\/wp-content\/uploads\/2022\/07\/Polysoude_Logo_signature_fond-transparent_600dpi_300mm_RVB-e1658123578778.png","width":465,"height":86,"caption":"Polysoude"},"image":{"@id":"https:\/\/www.polysoude.com\/de\/#\/schema\/logo\/image\/"},"sameAs":["https:\/\/www.facebook.com\/Polysoude\/","https:\/\/www.linkedin.com\/company\/polysoude\/","https:\/\/www.instagram.com\/polysoudeglobal\/"]}]}},"_links":{"self":[{"href":"https:\/\/www.polysoude.com\/de\/wp-json\/wp\/v2\/pages\/4896","targetHints":{"allow":["GET"]}}],"collection":[{"href":"https:\/\/www.polysoude.com\/de\/wp-json\/wp\/v2\/pages"}],"about":[{"href":"https:\/\/www.polysoude.com\/de\/wp-json\/wp\/v2\/types\/page"}],"author":[{"embeddable":true,"href":"https:\/\/www.polysoude.com\/de\/wp-json\/wp\/v2\/users\/1"}],"replies":[{"embeddable":true,"href":"https:\/\/www.polysoude.com\/de\/wp-json\/wp\/v2\/comments?post=4896"}],"version-history":[{"count":12,"href":"https:\/\/www.polysoude.com\/de\/wp-json\/wp\/v2\/pages\/4896\/revisions"}],"predecessor-version":[{"id":9057,"href":"https:\/\/www.polysoude.com\/de\/wp-json\/wp\/v2\/pages\/4896\/revisions\/9057"}],"up":[{"embeddable":true,"href":"https:\/\/www.polysoude.com\/de\/wp-json\/wp\/v2\/pages\/4847"}],"wp:featuredmedia":[{"embeddable":true,"href":"https:\/\/www.polysoude.com\/de\/wp-json\/wp\/v2\/media\/6621"}],"wp:attachment":[{"href":"https:\/\/www.polysoude.com\/de\/wp-json\/wp\/v2\/media?parent=4896"}],"curies":[{"name":"wp","href":"https:\/\/api.w.org\/{rel}","templated":true}]}}