{"id":8612,"date":"2016-10-07T14:19:48","date_gmt":"2016-10-07T12:19:48","guid":{"rendered":"http:\/\/www.polysoude.com\/legal-information\/"},"modified":"2022-03-11T14:16:14","modified_gmt":"2022-03-11T13:16:14","slug":"legal-information","status":"publish","type":"page","link":"https:\/\/www.polysoude.com\/de\/legal-information\/","title":{"rendered":"Impressum"},"content":{"rendered":"\n\t<h3>Diese Website wird ver\u00f6ffentlicht durch:<\/h3>\n<h4>Eingetragener Firmenname:<\/h4>\n<p><a href=\"https:\/\/www.polysoude.com\/de\/\">POLYSOUDE<\/a> SAS<\/p>\n<h4>Adresse des Firmensitzes:<\/h4>\nPOLYSOUDE SAS<br \/>\n2 rue Paul Beaup\u00e8re<br \/>\n44300 NANTES<br \/>\nFrance\n<p>Handelsregister-Nr.: Nantes B 858 800 931 \u2013 Handelsgericht NANTES<\/p>\n<h4>Verantwortlich im Sinne der Datenschtuz-Grundverordnung:<\/h4>\n<p>Maria Francheteau, Manager \u00d6ffentlichkeitsarbeit<\/p>\n<p>Tel.: +33 (2) 40 68 57 34<\/p>\n<h4>Website gef\u00fchrt durch:<\/h4>\n<p>Datacampus, Poitiers, Frankreich<\/p>\n\t<h3>Urheberrecht<\/h3>\n<p>Die Firma POLYSOUDE (im Folgenden als &#8222;POLYSOUDE&#8220; oder &#8222;wir&#8220; bezeichnet) gew\u00e4hrt Besuchern und Nutzern Zugang zu dieser Website, wobei die folgenden Regeln gelten und davon ausgegangen wird, dass Sie als Besucher oder Nutzer diese anerkennen. POLYSOUDE gew\u00e4hrt Ihnen ein nicht \u00fcbertragbares und nicht exklusives Recht, diese Website im Rahmen einer ausschlie\u00dflich pers\u00f6nlichen Verwendung zu besuchen, zu nutzen und Inhalte herunter zu laden. Wir behalten uns vor, alle oder einzelne der auf dieser Website angebotenen Inhalte jederzeit zu erweitern, zu entfernen oder zu \u00e4ndern und die Zugangsrechte zu widerrufen. S\u00e4mtliche mit dieser Website verbundenen Inhalte und Merkmale wie z.B. Gestaltung, Darstellung und Struktur, um nur einige zu nennen, sowie Informationen und Daten, die im Zusammenhang mit oder als geistiges Eigentum von POLYSOUDE ver\u00f6ffentlicht werden, stehen unter dem uneingeschr\u00e4nkten Schutz aller anwendbaren Vorschriften und Gesetzte zur Wahrung der Urheberrechte.<\/p>\n<p>POLYSOUDE beh\u00e4lt sich alle diese Website betreffenden Rechte vor, wobei besonders auf die Urheberrechte verwiesen werden soll. Auf dieser Website wiedergegebene Warenzeichen, Gebrauchsmuster, Dienstleistungsmarken, Handelsnamen und Markenzeichen sowie Firmenlogos und nicht zuletzt der POLYSOUDE Firmenname selbst sind eingetragene oder nicht eingetragene Schutzmarken, deren Verwertungsrechte entweder bei POLYSOUDE selbst liegen oder f\u00fcr die der jeweilige Rechteinhaber POLYSOUDE die Verwendung auf dieser Website gestattet hat. In keinem Fall kann ein Besucher aus einer hier erfolgten Ver\u00f6ffentlichung das Recht ableiten, Schutzmarken usw. zu nutzen, wenn er nicht \u00fcber eine schriftliche Erlaubnis der Firma POLYSOUDE bzw. des betroffenen Rechteinhabers verf\u00fcgt. Die auf dieser Website zur Verf\u00fcgung gestellten Inhalte bleiben uneingeschr\u00e4nktes Eigentum von POLYSOUDE und\/oder dem entsprechenden Rechteinhaber; Besuchern und Nutzern ist es nicht m\u00f6glich, Rechte irgendwelcher Art daran durch Herunterladen oder Drucken oder andere Methoden zu erlangen.<\/p>\n<p>Um einen gr\u00f6\u00dftm\u00f6glichen Nutzen zu gew\u00e4hrleisten, stellt POLYSOUDE Links zu Websites anderer Anbieter zur Verf\u00fcgung; Websites anderer Anbieter k\u00f6nnen ebenfalls mit oder ohne Wissen von POLYSOUDE zu dieser Website verlinkt sein. POLYSOUDE \u00fcbernimmt keine Verantwortung f\u00fcr die in der einen oder anderen Richtung verlinkten Websites; das Bestehen eines Links bedeutet nicht, dass POLYSOUDE als Sponsor, Lizenzgeber, Lizenznehmer oder in anderer Weise mit der verlinkten Website oder deren Eigent\u00fcmer verbunden ist oder diesem die Erlaubnis erteilt hat, Warenzeichen, Gebrauchsmuster, Dienstleistungsmarken, Handelsnamen und Markenzeichen sowie Firmenlogos oder andere urheberrechtlich gesch\u00fctzte Inhalte zu benutzen.<\/p>\n<p>Die mit dieser Website verbundenen Rechte und Pflichten unterliegen der franz\u00f6sischen Gesetzgebung, es f\u00e4llt ausschlie\u00dflich in die Zust\u00e4ndigkeit der franz\u00f6sischen Gerichtsbarkeit, \u00fcber sich diesbez\u00fcglich ergebende Streitf\u00e4lle und Unstimmigkeiten zu urteilen.<\/p>\n\t<h3>Achtung der Privatsph\u00e4re und Schutz personenbezogener Daten<\/h3>\n<p>Die Achtung der Privatsph\u00e4re und die Sicherheit personenbezogener Daten genie\u00dfen bei POLYSOUDE einen hohen Stellenwert. Es geh\u00f6rt zur Firmenpolitik von POLYSOUDE, die Privatsph\u00e4re der Besucher und Nutzer dieser Website zu achten und zu sch\u00fctzen. Wir werden auf keinen Fall r\u00fcckverfolgbare Daten unserer Kunden oder anderer Besucher unserer Website an Dritte weitergeben, ohne daf\u00fcr vorher \u00fcber eine schriftliche Genehmigung des Betroffenen zu verf\u00fcgen.<\/p>\n<h4>Unternehmensethik bez\u00fcglich der Verwendung erhobener Daten<\/h4>\n<p>POLYSOUDE erhebt bestimmte Daten von den Besuchern der Website. An bestimmten Stellen der Website, vornehmlich bei der Bestellannahme und dem Kundensupport, ben\u00f6tigen wir Angaben, die es uns erlauben, die Nutzung der Website zu verbessern, die \u00dcbermittlung technischer Informationen zu erm\u00f6glichen und die Vorg\u00e4nge anschlie\u00dfend zu bearbeiten. Sobald die erbetenen Informationen \u00fcber das zur Bearbeitung der Anfrage notwendige Ma\u00df hinausgehen, werden Sie dar\u00fcber informiert und es liegt v\u00f6llig in Ihrer Hand, diesbez\u00fcglich zu antworten oder nicht. In jedem Fall erteilen Sie uns durch die Anerkennung der Regeln zur Benutzung der Website stillschweigend die Genehmigung, diese Daten zu erheben. Dabei handelt es sich insbesondere um Ihren Namen, die E-Mailadresse, die Telefonverbindung, die Postadresse, Ihr Gesch\u00e4ftsfeld, kundenspezifische Daten und Ihre Kundennummer sowie weitere personenbezogene Angaben, die zur Registrierung oder Erbringung unserer Dienstleistungen und zur Wahrnehmung unserer Angebote erforderlich sind.<\/p>\n<p>Gegebenenfalls k\u00f6nnen die von Ihnen \u00fcber diese Website erhobenen Daten von POLYSOUDE f\u00fcr folgende Zwecke eingesetzt werden:<\/p>\n<ul>\n<li>Die ordnungsgem\u00e4\u00dfe Durchf\u00fchrung, wenn Sie unsere Dienstleistungen in Anspruch nehmen wollen oder einen Auftrag erteilt haben<\/li>\n<li>Die Gew\u00e4hrung von technischer Unterst\u00fctzung im Online-Sektor und die damit verbundenen Verwaltungsaufgaben<\/li>\n<li>Die Bearbeitung Ihrer Unterlagen, falls Sie sich Online auf eine von POLYSOUDE ausgeschriebene Stelle beworben haben.<\/li>\n<\/ul>\n<p>Wir setzen die von Ihnen erhobenen personenbezogenen Daten ebenfalls im Rahmen von gesch\u00e4ftlichen Verhandlungen und sonstiger Kommunikation mit Ihnen ein, also bei E-Mailverkehr mit Ihnen oder wenn Sie von POLYSOUDE bereitgestellte Internetangebote oder Plattformen nutzen, sowie im Zusammenhang mit von uns ins Netz gestellten virtuellen Arbeitsr\u00e4umen oder Kooperationstools. Das ist notwendig, um die Verf\u00fcgbarkeit solcher Einrichtungen zu erm\u00f6glichen, den ordnungsgem\u00e4\u00dfen Gebrauch zu \u00fcberwachen und zu sichern und die Integrit\u00e4t des zugeh\u00f6rigen IT-Systems mit den gespeicherten vertraulichen Informationen zu gew\u00e4hrleisten.<\/p>\n<p><strong>Erfassung weiterer personenbezogener Daten<\/strong><\/p>\n<p>Einige der auf unseren Servern gespeicherten personenbezogenen Daten werden von Ihnen selbst zur Verf\u00fcgung gestellt, wenn Sie die entsprechenden Online-Formulare ausf\u00fcllen, andere Daten werden ohne Ihr Zutun ermittelt.<\/p>\n<p>Um das Surfen effizienter zu gestalten und zu Zwecken der statistischen Auswertung erhebt POLYSOUDE von den Besuchern der Website folgende Daten:<\/p>\n<ul>\n<li>IP-Adresse: Jedem Rechner wird vom Internetprovider eine IP-Adresse zugewiesen, die notwendig ist, um einen Internetzugang zu erhalten<\/li>\n<li>Das Datum und die Zeit des Besuches und die angesurften Seiten<\/li>\n<li>Das Betriebssystem des jeweiligen Rechners sowie den eingesetzten Internetbrowser<\/li>\n<li>Die Anmeldedaten, wenn Bereiche mit einer Zugangsbeschr\u00e4nkung angesurft werden<\/li>\n<li>Den Surfverlauf bei den Websites der Firmengruppe und die Verweildauer<\/li>\n<\/ul>\n<p>Die erhobenen Daten werden sp\u00e4testens nach einer Dauer von 5 Jahren nach dem letzten Kontakt gel\u00f6scht.<\/p>\n<p>Wir raten Ihnen, sich auch \u00fcber die Eigenschaften und den Einsatz von Cookies zu informieren, wie es im n\u00e4chsten Absatz beschrieben wird.<\/p>\n\t\t\t<a href=\"#\" id=\"fl-accordion--label-0\" tabindex=\"0\" aria-controls=\"fl-accordion--panel-0\">Weitere Informationen zu Cookies<\/a>\n\t\t\t\t\t\t\t<a href=\"#\" id=\"fl-accordion--icon-0\" tabindex=\"0\" aria-controls=\"fl-accordion--panel-0\"><i>Expand<\/i><\/a>\n\t\t<p>Wenn Sie unsere Website nutzen, k\u00f6nnen durch den Einsatz von Cookies personenbezogene Daten erhoben werden. Dies ist nur mit gesonderter Zustimmung m\u00f6glich. Darin werden Informationen \u00fcber Ihre Nutzung und die besuchten Seiten gespeichert. Dies k\u00f6nnen technische Informationen \u00fcber Ihr Ger\u00e4t und Ihre Internetverbindung wie Betriebssystem, Browserversion, IP-Adresse, Cookies und eindeutige Identifikatoren sein. Wenn Sie unsere Website besuchen, auf der unsere Dienstleistungen und Produkte vorgestellt werden, k\u00f6nnen verschiedene Techniken eingesetzt werden, um Sie zu erkennen und mehr \u00fcber unsere Benutzer zu erfahren. Dies kann direkt oder unter Verwendung von Technologien von Drittanbietern erfolgen.<\/p>\n\t<h4>Transfer personenbezogener Daten in Gebiete, die nicht zum Wirtschaftsraum der Europ\u00e4ischen Union geh\u00f6ren<\/h4>\n<p>Um eine nachhaltige Nutzung unserer Internetangebote einschlie\u00dflich der bereitgestellten Plattformen, virtuellen Arbeitsr\u00e4ume und Kooperationstools zu erm\u00f6glichen, ist es notwendig, zu Identifikationszwecken personenbezogene Daten (Vorname, Familienname, E-Mailadresse) und f\u00fcr das Hosting und die Verwaltung allgemeine Daten (Nachrichten, Anh\u00e4nge) in Gebiete au\u00dferhalb des Wirtschaftsraumes der Europ\u00e4ischen Union zu transferieren. Hierzu geh\u00f6ren auch die Vereinigten Staaten von Amerika, deren Gesetzgebung sich bez\u00fcglich der Verarbeitung personenbezogenen Daten von der in der Europ\u00e4ischen Union praktizierten unterscheidet.<\/p>\n<p>Bei einem Transfer personenbezogener Daten in die Vereinigten Staaten von Amerika verf\u00e4hrt POLYSOUDE gem\u00e4\u00df der von der Europ\u00e4ischen Kommission f\u00fcr Standardvertragsklauseln verabschiedeten Richtlinie 2010\/87\/EU.<\/p>\n<h4>Vertrauliche Behandlung erhobener Daten<\/h4>\n<p>POLYSOUDE setzt die Sie betreffenden personenbezogenen Daten ausschlie\u00dflich f\u00fcr die vorgenannten Zwecke ein. Die uns von Ihnen zur Verf\u00fcgung gestellten Informationen werden als absolut vertraulich angesehen, sie werden ausschlie\u00dflich im Zusammenhang mit Ihrer Verbindung als Kunde zu POLYSOUDE und\/oder den zur Firmengruppe geh\u00f6renden Partnergesellschaften verwendet. Die genannten Daten werden niemals ver\u00f6ffentlicht, verkauft oder an Dritte zu Werbe- oder Akquisitionszwecken weitergegeben.<\/p>\n<h4>Die Ihnen bez\u00fcglich personenbezogener Daten zustehenden Rechte<\/h4>\n<p>Entsprechend dem franz\u00f6sischen Gesetz Nr. 2004-801 vom 6. August 2004 bez\u00fcglich des Schutzes nat\u00fcrlicher Personen im Zusammenhang mit der Verarbeitung personenbezogener Daten, welches mit einer \u00c4nderung des Gesetzes Nr. 78-17 vom 6. Januar 1978 zur informellen Selbstbestimmung verbunden ist, steht Ihnen das Recht zu, die Sie betreffenden personenbezogenen Daten einzusehen, zu berichtigen, zu \u00e4ndern oder l\u00f6schen zu lassen.<\/p>\n<p>Falls Sie w\u00fcnschen, dass an personenbezogenen Daten, die Sie uns zur Verf\u00fcgung gestellt haben, \u00c4nderungen vorgenommen werden sollen oder diese zu l\u00f6schen sind, brauchen Sie nur eine entsprechende Anfrage an POLYSOUDE zu richten. Sie haben auch die M\u00f6glichkeit, ein grunds\u00e4tzliches Verbot der Verarbeitung Ihrer personenbezogenen Daten zu erteilen, wenn Sie daf\u00fcr einen triftigen Grund geltend machen k\u00f6nnen.<\/p>\n<p>Um zu veranlassen, dass an den von Ihnen erhobenen personenbezogenen Daten \u00c4nderungen vorgenommen werden sollen oder diese zu berichtigen oder zu l\u00f6schen sind oder Sie ein grunds\u00e4tzliches Verbot der Verarbeitung Ihrer personenbezogenen Daten erteilen wollen, schicken Sie bitte eine diesbez\u00fcgliche Nachricht an folgende Adresse:<\/p>\n<ul>\n<li>Auf dem Postweg: POLYSOUDE \u2013 Communications Department \u2013 2, rue Paul Beaup\u00e8re \u2013 44300 Nantes \u2013 Frankreich<\/li>\n<li>Per E-mail: gdpr.req@polysoude.com<\/li>\n<\/ul>\n<h4>Vornahme von \u00c4nderungen<\/h4>\n<p>POLYSOUDE beh\u00e4lt sich das Recht vor, die vorliegenden Bestimmungen jederzeit zu \u00e4ndern oder zu erweitern. Diesbez\u00fcgliche Updates werden auf der Homepage der Website bekannt gegeben, daher wird allen Nutzern angeraten, zu Beginn eines jeden Besuches der POLYSOUDE Website die Bestimmungen erneut zur Kenntnis zu nehmen. Alle in diesem Zusammenhang durchgef\u00fchrten \u00c4nderungen oder Erweiterungen erlangen ihre G\u00fcltigkeit mit der Ver\u00f6ffentlichung auf der Website.<\/p>\n","protected":false},"excerpt":{"rendered":"<p>Diese Website wird ver\u00f6ffentlicht durch: Eingetragener Firmenname: POLYSOUDE SAS Adresse des Firmensitzes: POLYSOUDE SAS 2 rue Paul Beaup\u00e8re 44300 NANTES France Handelsregister-Nr.: Nantes B 858 800 931 \u2013 Handelsgericht NANTES Verantwortlich im Sinne der Datenschtuz-Grundverordnung: Maria Francheteau, Manager \u00d6ffentlichkeitsarbeit Tel.: +33 (2) 40 68 57 34 Website gef\u00fchrt durch: Datacampus, Poitiers, Frankreich Urheberrecht Die Firma [&hellip;]<\/p>\n","protected":false},"author":1,"featured_media":0,"parent":0,"menu_order":0,"comment_status":"closed","ping_status":"closed","template":"","meta":{"_acf_changed":false,"footnotes":""},"class_list":["post-8612","page","type-page","status-publish","hentry"],"acf":[],"yoast_head":"<!-- This site is optimized with the Yoast SEO plugin v27.3 - https:\/\/yoast.com\/product\/yoast-seo-wordpress\/ -->\n<title>Impressum | Polysoude<\/title>\n<meta name=\"description\" content=\"Diese Website wird ver\u00f6ffentlicht durch: Eingetragener Firmenname: POLYSOUDE SAS Adresse des Firmensitzes: POLYSOUDE SAS 2 rue Paul Beaup\u00e8re 44300 NANTES\" \/>\n<meta name=\"robots\" content=\"index, follow, max-snippet:-1, max-image-preview:large, max-video-preview:-1\" \/>\n<link rel=\"canonical\" href=\"https:\/\/www.polysoude.com\/de\/legal-information\/\" \/>\n<meta property=\"og:locale\" content=\"de_DE\" \/>\n<meta property=\"og:type\" content=\"article\" \/>\n<meta property=\"og:title\" content=\"Impressum | Polysoude\" \/>\n<meta property=\"og:description\" content=\"Diese Website wird ver\u00f6ffentlicht durch: Eingetragener Firmenname: POLYSOUDE SAS Adresse des Firmensitzes: POLYSOUDE SAS 2 rue Paul Beaup\u00e8re 44300 NANTES\" \/>\n<meta property=\"og:url\" content=\"https:\/\/www.polysoude.com\/de\/legal-information\/\" \/>\n<meta property=\"og:site_name\" content=\"Polysoude\" \/>\n<meta property=\"article:publisher\" content=\"https:\/\/www.facebook.com\/Polysoude\/\" \/>\n<meta property=\"article:modified_time\" content=\"2022-03-11T13:16:14+00:00\" \/>\n<meta property=\"og:image\" content=\"https:\/\/www.polysoude.com\/wp-content\/uploads\/2022\/07\/Polysoude_Logo_signature_fond-transparent_600dpi_300mm_RVB-e1658123578778.png\" \/>\n\t<meta property=\"og:image:width\" content=\"465\" \/>\n\t<meta property=\"og:image:height\" content=\"86\" \/>\n\t<meta property=\"og:image:type\" content=\"image\/png\" \/>\n<meta name=\"twitter:card\" content=\"summary_large_image\" \/>\n<meta name=\"twitter:label1\" content=\"Gesch\u00e4tzte Lesezeit\" \/>\n\t<meta name=\"twitter:data1\" content=\"8 minutes\" \/>\n<script type=\"application\/ld+json\" class=\"yoast-schema-graph\">{\"@context\":\"https:\\\/\\\/schema.org\",\"@graph\":[{\"@type\":\"WebPage\",\"@id\":\"https:\\\/\\\/www.polysoude.com\\\/de\\\/legal-information\\\/\",\"url\":\"https:\\\/\\\/www.polysoude.com\\\/de\\\/legal-information\\\/\",\"name\":\"Impressum | Polysoude\",\"isPartOf\":{\"@id\":\"https:\\\/\\\/www.polysoude.com\\\/de\\\/#website\"},\"datePublished\":\"2016-10-07T12:19:48+00:00\",\"dateModified\":\"2022-03-11T13:16:14+00:00\",\"description\":\"Diese Website wird ver\u00f6ffentlicht durch: Eingetragener Firmenname: POLYSOUDE SAS Adresse des Firmensitzes: POLYSOUDE SAS 2 rue Paul Beaup\u00e8re 44300 NANTES\",\"breadcrumb\":{\"@id\":\"https:\\\/\\\/www.polysoude.com\\\/de\\\/legal-information\\\/#breadcrumb\"},\"inLanguage\":\"de-DE\",\"potentialAction\":[{\"@type\":\"ReadAction\",\"target\":[\"https:\\\/\\\/www.polysoude.com\\\/de\\\/legal-information\\\/\"]}]},{\"@type\":\"BreadcrumbList\",\"@id\":\"https:\\\/\\\/www.polysoude.com\\\/de\\\/legal-information\\\/#breadcrumb\",\"itemListElement\":[{\"@type\":\"ListItem\",\"position\":1,\"name\":\"Home\",\"item\":\"https:\\\/\\\/www.polysoude.com\\\/de\\\/homepage\\\/\"},{\"@type\":\"ListItem\",\"position\":2,\"name\":\"Impressum\"}]},{\"@type\":\"WebSite\",\"@id\":\"https:\\\/\\\/www.polysoude.com\\\/de\\\/#website\",\"url\":\"https:\\\/\\\/www.polysoude.com\\\/de\\\/\",\"name\":\"Polysoude\",\"description\":\"The art of welding\",\"publisher\":{\"@id\":\"https:\\\/\\\/www.polysoude.com\\\/de\\\/#organization\"},\"alternateName\":\"Polysoude\",\"potentialAction\":[{\"@type\":\"SearchAction\",\"target\":{\"@type\":\"EntryPoint\",\"urlTemplate\":\"https:\\\/\\\/www.polysoude.com\\\/de\\\/?s={search_term_string}\"},\"query-input\":{\"@type\":\"PropertyValueSpecification\",\"valueRequired\":true,\"valueName\":\"search_term_string\"}}],\"inLanguage\":\"de-DE\"},{\"@type\":\"Organization\",\"@id\":\"https:\\\/\\\/www.polysoude.com\\\/de\\\/#organization\",\"name\":\"Polysoude\",\"alternateName\":\"Polysoude\",\"url\":\"https:\\\/\\\/www.polysoude.com\\\/de\\\/\",\"logo\":{\"@type\":\"ImageObject\",\"inLanguage\":\"de-DE\",\"@id\":\"https:\\\/\\\/www.polysoude.com\\\/de\\\/#\\\/schema\\\/logo\\\/image\\\/\",\"url\":\"https:\\\/\\\/www.polysoude.com\\\/wp-content\\\/uploads\\\/2022\\\/07\\\/Polysoude_Logo_signature_fond-transparent_600dpi_300mm_RVB-e1658123578778.png\",\"contentUrl\":\"https:\\\/\\\/www.polysoude.com\\\/wp-content\\\/uploads\\\/2022\\\/07\\\/Polysoude_Logo_signature_fond-transparent_600dpi_300mm_RVB-e1658123578778.png\",\"width\":465,\"height\":86,\"caption\":\"Polysoude\"},\"image\":{\"@id\":\"https:\\\/\\\/www.polysoude.com\\\/de\\\/#\\\/schema\\\/logo\\\/image\\\/\"},\"sameAs\":[\"https:\\\/\\\/www.facebook.com\\\/Polysoude\\\/\",\"https:\\\/\\\/www.linkedin.com\\\/company\\\/polysoude\\\/\",\"https:\\\/\\\/www.instagram.com\\\/polysoudeglobal\\\/\"]}]}<\/script>\n<!-- \/ Yoast SEO plugin. -->","yoast_head_json":{"title":"Impressum | Polysoude","description":"Diese Website wird ver\u00f6ffentlicht durch: Eingetragener Firmenname: POLYSOUDE SAS Adresse des Firmensitzes: POLYSOUDE SAS 2 rue Paul Beaup\u00e8re 44300 NANTES","robots":{"index":"index","follow":"follow","max-snippet":"max-snippet:-1","max-image-preview":"max-image-preview:large","max-video-preview":"max-video-preview:-1"},"canonical":"https:\/\/www.polysoude.com\/de\/legal-information\/","og_locale":"de_DE","og_type":"article","og_title":"Impressum | Polysoude","og_description":"Diese Website wird ver\u00f6ffentlicht durch: Eingetragener Firmenname: POLYSOUDE SAS Adresse des Firmensitzes: POLYSOUDE SAS 2 rue Paul Beaup\u00e8re 44300 NANTES","og_url":"https:\/\/www.polysoude.com\/de\/legal-information\/","og_site_name":"Polysoude","article_publisher":"https:\/\/www.facebook.com\/Polysoude\/","article_modified_time":"2022-03-11T13:16:14+00:00","og_image":[{"width":465,"height":86,"url":"https:\/\/www.polysoude.com\/wp-content\/uploads\/2022\/07\/Polysoude_Logo_signature_fond-transparent_600dpi_300mm_RVB-e1658123578778.png","type":"image\/png"}],"twitter_card":"summary_large_image","twitter_misc":{"Gesch\u00e4tzte Lesezeit":"8 minutes"},"schema":{"@context":"https:\/\/schema.org","@graph":[{"@type":"WebPage","@id":"https:\/\/www.polysoude.com\/de\/legal-information\/","url":"https:\/\/www.polysoude.com\/de\/legal-information\/","name":"Impressum | Polysoude","isPartOf":{"@id":"https:\/\/www.polysoude.com\/de\/#website"},"datePublished":"2016-10-07T12:19:48+00:00","dateModified":"2022-03-11T13:16:14+00:00","description":"Diese Website wird ver\u00f6ffentlicht durch: Eingetragener Firmenname: POLYSOUDE SAS Adresse des Firmensitzes: POLYSOUDE SAS 2 rue Paul Beaup\u00e8re 44300 NANTES","breadcrumb":{"@id":"https:\/\/www.polysoude.com\/de\/legal-information\/#breadcrumb"},"inLanguage":"de-DE","potentialAction":[{"@type":"ReadAction","target":["https:\/\/www.polysoude.com\/de\/legal-information\/"]}]},{"@type":"BreadcrumbList","@id":"https:\/\/www.polysoude.com\/de\/legal-information\/#breadcrumb","itemListElement":[{"@type":"ListItem","position":1,"name":"Home","item":"https:\/\/www.polysoude.com\/de\/homepage\/"},{"@type":"ListItem","position":2,"name":"Impressum"}]},{"@type":"WebSite","@id":"https:\/\/www.polysoude.com\/de\/#website","url":"https:\/\/www.polysoude.com\/de\/","name":"Polysoude","description":"The art of welding","publisher":{"@id":"https:\/\/www.polysoude.com\/de\/#organization"},"alternateName":"Polysoude","potentialAction":[{"@type":"SearchAction","target":{"@type":"EntryPoint","urlTemplate":"https:\/\/www.polysoude.com\/de\/?s={search_term_string}"},"query-input":{"@type":"PropertyValueSpecification","valueRequired":true,"valueName":"search_term_string"}}],"inLanguage":"de-DE"},{"@type":"Organization","@id":"https:\/\/www.polysoude.com\/de\/#organization","name":"Polysoude","alternateName":"Polysoude","url":"https:\/\/www.polysoude.com\/de\/","logo":{"@type":"ImageObject","inLanguage":"de-DE","@id":"https:\/\/www.polysoude.com\/de\/#\/schema\/logo\/image\/","url":"https:\/\/www.polysoude.com\/wp-content\/uploads\/2022\/07\/Polysoude_Logo_signature_fond-transparent_600dpi_300mm_RVB-e1658123578778.png","contentUrl":"https:\/\/www.polysoude.com\/wp-content\/uploads\/2022\/07\/Polysoude_Logo_signature_fond-transparent_600dpi_300mm_RVB-e1658123578778.png","width":465,"height":86,"caption":"Polysoude"},"image":{"@id":"https:\/\/www.polysoude.com\/de\/#\/schema\/logo\/image\/"},"sameAs":["https:\/\/www.facebook.com\/Polysoude\/","https:\/\/www.linkedin.com\/company\/polysoude\/","https:\/\/www.instagram.com\/polysoudeglobal\/"]}]}},"_links":{"self":[{"href":"https:\/\/www.polysoude.com\/de\/wp-json\/wp\/v2\/pages\/8612","targetHints":{"allow":["GET"]}}],"collection":[{"href":"https:\/\/www.polysoude.com\/de\/wp-json\/wp\/v2\/pages"}],"about":[{"href":"https:\/\/www.polysoude.com\/de\/wp-json\/wp\/v2\/types\/page"}],"author":[{"embeddable":true,"href":"https:\/\/www.polysoude.com\/de\/wp-json\/wp\/v2\/users\/1"}],"replies":[{"embeddable":true,"href":"https:\/\/www.polysoude.com\/de\/wp-json\/wp\/v2\/comments?post=8612"}],"version-history":[{"count":7,"href":"https:\/\/www.polysoude.com\/de\/wp-json\/wp\/v2\/pages\/8612\/revisions"}],"predecessor-version":[{"id":38698,"href":"https:\/\/www.polysoude.com\/de\/wp-json\/wp\/v2\/pages\/8612\/revisions\/38698"}],"wp:attachment":[{"href":"https:\/\/www.polysoude.com\/de\/wp-json\/wp\/v2\/media?parent=8612"}],"curies":[{"name":"wp","href":"https:\/\/api.w.org\/{rel}","templated":true}]}}