{"id":14618,"date":"2018-02-08T14:00:04","date_gmt":"2018-02-08T13:00:04","guid":{"rendered":"http:\/\/www.polysoude.com\/acerca-de-polysoude\/job-opportunities\/"},"modified":"2026-03-17T08:34:04","modified_gmt":"2026-03-17T07:34:04","slug":"ofertas-de-trabajo","status":"publish","type":"page","link":"https:\/\/www.polysoude.com\/es\/acerca-de-polysoude-2\/ofertas-de-trabajo\/","title":{"rendered":"Ofertas de trabajo"},"content":{"rendered":"\n<figure itemscope itemtype=\"https:\/\/schema.org\/ImageObject\">\n\t\t\t\t<img decoding=\"async\" src=\"https:\/\/www.polysoude.com\/wp-content\/uploads\/2016\/10\/shutterstock_400222735.jpg\" alt=\"shutterstock_400222735\" height=\"325\" width=\"1000\" title=\"shutterstock_400222735\" onerror=\"this.style.display='none'\" loading=\"lazy\" \/>\n\t<\/figure>\n\t<p><strong>Para reforzar nuestros equipos, ofrecemos los siguientes puestos:<\/strong><\/p>\n<p>&nbsp;<\/p>\n\t<h2>\u00bfQuiere ver un poco m\u00e1s?<\/h2>\n<h2>\n\t\t\t\u00bfQuiere ver un poco m\u00e1s?\t<\/h2>\n\t<p>\u00a1Fiesta por todo lo alto! \u00a1La semana pasada, encendimos la escena corporativa con una fiesta de verano inolvidable que tuvo a todo el mundo hablando! ????????<\/p>\n<p>El tema del Polysoude Challenge 2 fue &#8220;Countries &amp; Colors&#8221;: \u00a1la ocasi\u00f3n perfecta para disfrazarse y crear esp\u00edritu de equipo con estimulantes juegos y momentos llenos de risas!<\/p>\n<p>Pero no se trata solo de diversi\u00f3n. En nuestra empresa somos conscientes de la importancia de fomentar un ambiente de trabajo vibrante. Las fiestas de verano crean v\u00ednculos, suben la moral y cultivan un sentimiento de &#8220;camarader\u00eda&#8221; entre nuestro excepcional personal y nuestros talentos.<\/p>\n<p>Conoce mejor a nuestros bellos talentos y profesionales de primera categor\u00eda en el v\u00eddeo que encontrar\u00e1s aqu\u00ed ????: <strong><a href=\"https:\/\/www.youtube.com\/embed\/UASdKTQo7kA\">v\u00eddeo del d\u00eda del personal<\/a><\/strong><\/p>\n\t\t<iframe loading=\"lazy\" title=\"Why Our Corporate Summer Party Was an Absolute Blast! Polysoude Chalenge 2\" width=\"640\" height=\"360\" src=\"https:\/\/www.youtube.com\/embed\/UASdKTQo7kA?feature=oembed\" frameborder=\"0\" allow=\"accelerometer; autoplay; clipboard-write; encrypted-media; gyroscope; picture-in-picture; web-share\" referrerpolicy=\"strict-origin-when-cross-origin\" allowfullscreen><\/iframe>\t\n\t<p>Para aplicar o para solicitudes espont\u00e1neas, escriba a nuestro Departamento de Recursos Humanos:<\/p>\n<p>E-mail : <a href=\"mailto:recrutement@polysoude.com\">recrutement@polysoude.com<\/a><\/p>\n\n","protected":false},"excerpt":{"rendered":"<p>Para reforzar nuestros equipos, ofrecemos los siguientes puestos: &nbsp; \u00bfQuiere ver un poco m\u00e1s? \u00bfQuiere ver un poco m\u00e1s? \u00a1Fiesta por todo lo alto! \u00a1La semana pasada, encendimos la escena corporativa con una fiesta de verano inolvidable que tuvo a todo el mundo hablando! ???????? El tema del Polysoude Challenge 2 fue &#8220;Countries &amp; Colors&#8221;: [&hellip;]<\/p>\n","protected":false},"author":3,"featured_media":8457,"parent":2547,"menu_order":5,"comment_status":"closed","ping_status":"closed","template":"page-contenu.php","meta":{"_acf_changed":false,"footnotes":""},"class_list":["post-14618","page","type-page","status-publish","has-post-thumbnail","hentry"],"acf":[],"yoast_head":"<!-- This site is optimized with the Yoast SEO plugin v27.3 - https:\/\/yoast.com\/product\/yoast-seo-wordpress\/ -->\n<title>Ofertas de trabajo | Polysoude<\/title>\n<meta name=\"description\" content=\"Para reforzar nuestros equipos, ofrecemos los siguientes puestos: &nbsp; \u00bfQuiere ver un poco m\u00e1s? \u00bfQuiere ver un poco m\u00e1s? \u00a1Fiesta por todo lo alto! \u00a1La\" \/>\n<meta name=\"robots\" content=\"index, follow, max-snippet:-1, max-image-preview:large, max-video-preview:-1\" \/>\n<link rel=\"canonical\" href=\"https:\/\/www.polysoude.com\/es\/acerca-de-polysoude-2\/ofertas-de-trabajo\/\" \/>\n<meta property=\"og:locale\" content=\"es_ES\" \/>\n<meta property=\"og:type\" content=\"article\" \/>\n<meta property=\"og:title\" content=\"Ofertas de trabajo | Polysoude\" \/>\n<meta property=\"og:description\" content=\"Para reforzar nuestros equipos, ofrecemos los siguientes puestos: &nbsp; \u00bfQuiere ver un poco m\u00e1s? \u00bfQuiere ver un poco m\u00e1s? \u00a1Fiesta por todo lo alto! \u00a1La\" \/>\n<meta property=\"og:url\" content=\"https:\/\/www.polysoude.com\/es\/acerca-de-polysoude-2\/ofertas-de-trabajo\/\" \/>\n<meta property=\"og:site_name\" content=\"Polysoude\" \/>\n<meta property=\"article:publisher\" content=\"https:\/\/www.facebook.com\/Polysoude\/\" \/>\n<meta property=\"article:modified_time\" content=\"2026-03-17T07:34:04+00:00\" \/>\n<meta property=\"og:image\" content=\"https:\/\/www.polysoude.com\/wp-content\/uploads\/2022\/07\/Polysoude_Logo_signature_fond-transparent_600dpi_300mm_RVB-e1658123578778.png\" \/>\n\t<meta property=\"og:image:width\" content=\"465\" \/>\n\t<meta property=\"og:image:height\" content=\"86\" \/>\n\t<meta property=\"og:image:type\" content=\"image\/png\" \/>\n<meta name=\"twitter:card\" content=\"summary_large_image\" \/>\n<meta name=\"twitter:label1\" content=\"Tiempo de lectura\" \/>\n\t<meta name=\"twitter:data1\" content=\"1 minute\" \/>\n<script type=\"application\/ld+json\" class=\"yoast-schema-graph\">{\"@context\":\"https:\\\/\\\/schema.org\",\"@graph\":[{\"@type\":\"WebPage\",\"@id\":\"https:\\\/\\\/www.polysoude.com\\\/es\\\/acerca-de-polysoude-2\\\/ofertas-de-trabajo\\\/\",\"url\":\"https:\\\/\\\/www.polysoude.com\\\/es\\\/acerca-de-polysoude-2\\\/ofertas-de-trabajo\\\/\",\"name\":\"Ofertas de trabajo | Polysoude\",\"isPartOf\":{\"@id\":\"https:\\\/\\\/www.polysoude.com\\\/es\\\/#website\"},\"primaryImageOfPage\":{\"@id\":\"https:\\\/\\\/www.polysoude.com\\\/es\\\/acerca-de-polysoude-2\\\/ofertas-de-trabajo\\\/#primaryimage\"},\"image\":{\"@id\":\"https:\\\/\\\/www.polysoude.com\\\/es\\\/acerca-de-polysoude-2\\\/ofertas-de-trabajo\\\/#primaryimage\"},\"thumbnailUrl\":\"https:\\\/\\\/www.polysoude.com\\\/wp-content\\\/uploads\\\/2016\\\/10\\\/about-job-offers_500px.jpg\",\"datePublished\":\"2018-02-08T13:00:04+00:00\",\"dateModified\":\"2026-03-17T07:34:04+00:00\",\"description\":\"Para reforzar nuestros equipos, ofrecemos los siguientes puestos: &nbsp; \u00bfQuiere ver un poco m\u00e1s? \u00bfQuiere ver un poco m\u00e1s? \u00a1Fiesta por todo lo alto! \u00a1La\",\"breadcrumb\":{\"@id\":\"https:\\\/\\\/www.polysoude.com\\\/es\\\/acerca-de-polysoude-2\\\/ofertas-de-trabajo\\\/#breadcrumb\"},\"inLanguage\":\"es-ES\",\"potentialAction\":[{\"@type\":\"ReadAction\",\"target\":[\"https:\\\/\\\/www.polysoude.com\\\/es\\\/acerca-de-polysoude-2\\\/ofertas-de-trabajo\\\/\"]}]},{\"@type\":\"ImageObject\",\"inLanguage\":\"es-ES\",\"@id\":\"https:\\\/\\\/www.polysoude.com\\\/es\\\/acerca-de-polysoude-2\\\/ofertas-de-trabajo\\\/#primaryimage\",\"url\":\"https:\\\/\\\/www.polysoude.com\\\/wp-content\\\/uploads\\\/2016\\\/10\\\/about-job-offers_500px.jpg\",\"contentUrl\":\"https:\\\/\\\/www.polysoude.com\\\/wp-content\\\/uploads\\\/2016\\\/10\\\/about-job-offers_500px.jpg\",\"width\":500,\"height\":500},{\"@type\":\"BreadcrumbList\",\"@id\":\"https:\\\/\\\/www.polysoude.com\\\/es\\\/acerca-de-polysoude-2\\\/ofertas-de-trabajo\\\/#breadcrumb\",\"itemListElement\":[{\"@type\":\"ListItem\",\"position\":1,\"name\":\"Home\",\"item\":\"https:\\\/\\\/www.polysoude.com\\\/es\\\/homepage\\\/\"},{\"@type\":\"ListItem\",\"position\":2,\"name\":\"Acerca de Polysoude\",\"item\":\"https:\\\/\\\/www.polysoude.com\\\/es\\\/acerca-de-polysoude-2\\\/\"},{\"@type\":\"ListItem\",\"position\":3,\"name\":\"Ofertas de trabajo\"}]},{\"@type\":\"WebSite\",\"@id\":\"https:\\\/\\\/www.polysoude.com\\\/es\\\/#website\",\"url\":\"https:\\\/\\\/www.polysoude.com\\\/es\\\/\",\"name\":\"Polysoude\",\"description\":\"The art of welding\",\"publisher\":{\"@id\":\"https:\\\/\\\/www.polysoude.com\\\/es\\\/#organization\"},\"alternateName\":\"Polysoude\",\"potentialAction\":[{\"@type\":\"SearchAction\",\"target\":{\"@type\":\"EntryPoint\",\"urlTemplate\":\"https:\\\/\\\/www.polysoude.com\\\/es\\\/?s={search_term_string}\"},\"query-input\":{\"@type\":\"PropertyValueSpecification\",\"valueRequired\":true,\"valueName\":\"search_term_string\"}}],\"inLanguage\":\"es-ES\"},{\"@type\":\"Organization\",\"@id\":\"https:\\\/\\\/www.polysoude.com\\\/es\\\/#organization\",\"name\":\"Polysoude\",\"alternateName\":\"Polysoude\",\"url\":\"https:\\\/\\\/www.polysoude.com\\\/es\\\/\",\"logo\":{\"@type\":\"ImageObject\",\"inLanguage\":\"es-ES\",\"@id\":\"https:\\\/\\\/www.polysoude.com\\\/es\\\/#\\\/schema\\\/logo\\\/image\\\/\",\"url\":\"https:\\\/\\\/www.polysoude.com\\\/wp-content\\\/uploads\\\/2022\\\/07\\\/Polysoude_Logo_signature_fond-transparent_600dpi_300mm_RVB-e1658123578778.png\",\"contentUrl\":\"https:\\\/\\\/www.polysoude.com\\\/wp-content\\\/uploads\\\/2022\\\/07\\\/Polysoude_Logo_signature_fond-transparent_600dpi_300mm_RVB-e1658123578778.png\",\"width\":465,\"height\":86,\"caption\":\"Polysoude\"},\"image\":{\"@id\":\"https:\\\/\\\/www.polysoude.com\\\/es\\\/#\\\/schema\\\/logo\\\/image\\\/\"},\"sameAs\":[\"https:\\\/\\\/www.facebook.com\\\/Polysoude\\\/\",\"https:\\\/\\\/www.linkedin.com\\\/company\\\/polysoude\\\/\",\"https:\\\/\\\/www.instagram.com\\\/polysoudeglobal\\\/\"]}]}<\/script>\n<!-- \/ Yoast SEO plugin. -->","yoast_head_json":{"title":"Ofertas de trabajo | Polysoude","description":"Para reforzar nuestros equipos, ofrecemos los siguientes puestos: &nbsp; \u00bfQuiere ver un poco m\u00e1s? \u00bfQuiere ver un poco m\u00e1s? \u00a1Fiesta por todo lo alto! \u00a1La","robots":{"index":"index","follow":"follow","max-snippet":"max-snippet:-1","max-image-preview":"max-image-preview:large","max-video-preview":"max-video-preview:-1"},"canonical":"https:\/\/www.polysoude.com\/es\/acerca-de-polysoude-2\/ofertas-de-trabajo\/","og_locale":"es_ES","og_type":"article","og_title":"Ofertas de trabajo | Polysoude","og_description":"Para reforzar nuestros equipos, ofrecemos los siguientes puestos: &nbsp; \u00bfQuiere ver un poco m\u00e1s? \u00bfQuiere ver un poco m\u00e1s? \u00a1Fiesta por todo lo alto! \u00a1La","og_url":"https:\/\/www.polysoude.com\/es\/acerca-de-polysoude-2\/ofertas-de-trabajo\/","og_site_name":"Polysoude","article_publisher":"https:\/\/www.facebook.com\/Polysoude\/","article_modified_time":"2026-03-17T07:34:04+00:00","og_image":[{"width":465,"height":86,"url":"https:\/\/www.polysoude.com\/wp-content\/uploads\/2022\/07\/Polysoude_Logo_signature_fond-transparent_600dpi_300mm_RVB-e1658123578778.png","type":"image\/png"}],"twitter_card":"summary_large_image","twitter_misc":{"Tiempo de lectura":"1 minute"},"schema":{"@context":"https:\/\/schema.org","@graph":[{"@type":"WebPage","@id":"https:\/\/www.polysoude.com\/es\/acerca-de-polysoude-2\/ofertas-de-trabajo\/","url":"https:\/\/www.polysoude.com\/es\/acerca-de-polysoude-2\/ofertas-de-trabajo\/","name":"Ofertas de trabajo | Polysoude","isPartOf":{"@id":"https:\/\/www.polysoude.com\/es\/#website"},"primaryImageOfPage":{"@id":"https:\/\/www.polysoude.com\/es\/acerca-de-polysoude-2\/ofertas-de-trabajo\/#primaryimage"},"image":{"@id":"https:\/\/www.polysoude.com\/es\/acerca-de-polysoude-2\/ofertas-de-trabajo\/#primaryimage"},"thumbnailUrl":"https:\/\/www.polysoude.com\/wp-content\/uploads\/2016\/10\/about-job-offers_500px.jpg","datePublished":"2018-02-08T13:00:04+00:00","dateModified":"2026-03-17T07:34:04+00:00","description":"Para reforzar nuestros equipos, ofrecemos los siguientes puestos: &nbsp; \u00bfQuiere ver un poco m\u00e1s? \u00bfQuiere ver un poco m\u00e1s? \u00a1Fiesta por todo lo alto! \u00a1La","breadcrumb":{"@id":"https:\/\/www.polysoude.com\/es\/acerca-de-polysoude-2\/ofertas-de-trabajo\/#breadcrumb"},"inLanguage":"es-ES","potentialAction":[{"@type":"ReadAction","target":["https:\/\/www.polysoude.com\/es\/acerca-de-polysoude-2\/ofertas-de-trabajo\/"]}]},{"@type":"ImageObject","inLanguage":"es-ES","@id":"https:\/\/www.polysoude.com\/es\/acerca-de-polysoude-2\/ofertas-de-trabajo\/#primaryimage","url":"https:\/\/www.polysoude.com\/wp-content\/uploads\/2016\/10\/about-job-offers_500px.jpg","contentUrl":"https:\/\/www.polysoude.com\/wp-content\/uploads\/2016\/10\/about-job-offers_500px.jpg","width":500,"height":500},{"@type":"BreadcrumbList","@id":"https:\/\/www.polysoude.com\/es\/acerca-de-polysoude-2\/ofertas-de-trabajo\/#breadcrumb","itemListElement":[{"@type":"ListItem","position":1,"name":"Home","item":"https:\/\/www.polysoude.com\/es\/homepage\/"},{"@type":"ListItem","position":2,"name":"Acerca de Polysoude","item":"https:\/\/www.polysoude.com\/es\/acerca-de-polysoude-2\/"},{"@type":"ListItem","position":3,"name":"Ofertas de trabajo"}]},{"@type":"WebSite","@id":"https:\/\/www.polysoude.com\/es\/#website","url":"https:\/\/www.polysoude.com\/es\/","name":"Polysoude","description":"The art of welding","publisher":{"@id":"https:\/\/www.polysoude.com\/es\/#organization"},"alternateName":"Polysoude","potentialAction":[{"@type":"SearchAction","target":{"@type":"EntryPoint","urlTemplate":"https:\/\/www.polysoude.com\/es\/?s={search_term_string}"},"query-input":{"@type":"PropertyValueSpecification","valueRequired":true,"valueName":"search_term_string"}}],"inLanguage":"es-ES"},{"@type":"Organization","@id":"https:\/\/www.polysoude.com\/es\/#organization","name":"Polysoude","alternateName":"Polysoude","url":"https:\/\/www.polysoude.com\/es\/","logo":{"@type":"ImageObject","inLanguage":"es-ES","@id":"https:\/\/www.polysoude.com\/es\/#\/schema\/logo\/image\/","url":"https:\/\/www.polysoude.com\/wp-content\/uploads\/2022\/07\/Polysoude_Logo_signature_fond-transparent_600dpi_300mm_RVB-e1658123578778.png","contentUrl":"https:\/\/www.polysoude.com\/wp-content\/uploads\/2022\/07\/Polysoude_Logo_signature_fond-transparent_600dpi_300mm_RVB-e1658123578778.png","width":465,"height":86,"caption":"Polysoude"},"image":{"@id":"https:\/\/www.polysoude.com\/es\/#\/schema\/logo\/image\/"},"sameAs":["https:\/\/www.facebook.com\/Polysoude\/","https:\/\/www.linkedin.com\/company\/polysoude\/","https:\/\/www.instagram.com\/polysoudeglobal\/"]}]}},"_links":{"self":[{"href":"https:\/\/www.polysoude.com\/es\/wp-json\/wp\/v2\/pages\/14618","targetHints":{"allow":["GET"]}}],"collection":[{"href":"https:\/\/www.polysoude.com\/es\/wp-json\/wp\/v2\/pages"}],"about":[{"href":"https:\/\/www.polysoude.com\/es\/wp-json\/wp\/v2\/types\/page"}],"author":[{"embeddable":true,"href":"https:\/\/www.polysoude.com\/es\/wp-json\/wp\/v2\/users\/3"}],"replies":[{"embeddable":true,"href":"https:\/\/www.polysoude.com\/es\/wp-json\/wp\/v2\/comments?post=14618"}],"version-history":[{"count":4,"href":"https:\/\/www.polysoude.com\/es\/wp-json\/wp\/v2\/pages\/14618\/revisions"}],"predecessor-version":[{"id":52793,"href":"https:\/\/www.polysoude.com\/es\/wp-json\/wp\/v2\/pages\/14618\/revisions\/52793"}],"up":[{"embeddable":true,"href":"https:\/\/www.polysoude.com\/es\/wp-json\/wp\/v2\/pages\/2547"}],"wp:featuredmedia":[{"embeddable":true,"href":"https:\/\/www.polysoude.com\/es\/wp-json\/wp\/v2\/media\/8457"}],"wp:attachment":[{"href":"https:\/\/www.polysoude.com\/es\/wp-json\/wp\/v2\/media?parent=14618"}],"curies":[{"name":"wp","href":"https:\/\/api.w.org\/{rel}","templated":true}]}}