{"id":2257,"date":"2016-10-06T10:02:13","date_gmt":"2016-10-06T08:02:13","guid":{"rendered":"http:\/\/www.polysoude.com\/?page_id=2257&#038;lang=es"},"modified":"2019-10-10T10:05:26","modified_gmt":"2019-10-10T08:05:26","slug":"servicios-alquileres-piezas-de-recambio","status":"publish","type":"page","link":"https:\/\/www.polysoude.com\/es\/servicios-alquileres-piezas-de-recambio\/","title":{"rendered":"Servicios \/ Alquileres \/ Piezas de recambio"},"content":{"rendered":"\n\t\t\t<img decoding=\"async\" src=\"https:\/\/www.polysoude.com\/wp-content\/uploads\/2016\/10\/Capture-carte_fin.jpg\" alt=\"\" \/>\t\t\t\n\t\t\t\t<h2>M\u00e1s de 250 expertos en todo el mundo a su servicio<\/h2>\n\t\t\t<img decoding=\"async\" src=\"https:\/\/www.polysoude.com\/wp-content\/uploads\/2016\/10\/polysoude_applications-and-after-sales-department_fin.jpg\" alt=\"\" \/>\t\t\t\n\t\t\t\t<h2>Servicio Central de Atenci\u00f3n al Cliente con m\u00e1s de<br \/>\n25 t\u00e9cnicos de soldadura y servicio postventa en todo el mundo<\/h2>\n\t\t\t<img decoding=\"async\" src=\"https:\/\/www.polysoude.com\/wp-content\/uploads\/2016\/10\/services_intro_technology-centers.jpg\" alt=\"\" \/>\t\t\t\n\t\t\t\t<h2>Centros de Tecnolog\u00eda en Francia, Suiza, China, Rusia, Estados Unidos, India \u2026<\/h2>\n\t<h3>Recurra a nuestros servicios all\u00e1 donde los necesite \u2013<\/h3>\n<h3>\u00a1sin interrumpir la producci\u00f3n!<\/h3>\n<p><strong>Asesoramiento, asistencia, formaci\u00f3n y alquiler de material\u2026<\/strong><\/p>\n<p>Los servicios que ofrece POLYSOUDE tienen como base las <strong>aptitudes t\u00e9cnicas<\/strong> y la capacidad para responder a las <strong>necesidades de los clientes<\/strong>. Ofrecemos servicios en todos los niveles, con la \u00fanica finalidad de garantizar la disponibilidad del material de los clientes y mantener por tanto su productividad.<\/p>\n\t\n\t<p>Estos son tan solo algunos de nuestros servicios:<\/p>\n<ul>\n<li><a href=\"https:\/\/www.polysoude.com\/es\/servicios-alquileres-piezas-de-recambio\/formacion\/\">Formaci\u00f3n personalizada y programas de apoyo profesional<\/a><\/li>\n<li><a href=\"https:\/\/www.polysoude.com\/es\/servicios-alquileres-piezas-de-recambio\/formacion\/\">Apoyo durante todo el inicio de la producci\u00f3n<\/a><\/li>\n<li><a href=\"https:\/\/www.polysoude.com\/es\/servicios-alquileres-piezas-de-recambio\/formacion\/\">Desarrollo de los par\u00e1metros de soldadura<\/a><\/li>\n<li><a href=\"https:\/\/www.polysoude.com\/es\/servicios-alquileres-piezas-de-recambio\/piezas-de-recambio-y-consumibles\/\">Gran stock de piezas de recambio, a disponibilidad inmediata<\/a><\/li>\n<li><a href=\"https:\/\/www.polysoude.com\/es\/servicios-alquileres-piezas-de-recambio\/servicio-de-mantenimiento-calibrado-y-reparacion\/\">Mantenimiento preventivo<\/a><\/li>\n<li><a href=\"https:\/\/www.polysoude.com\/es\/servicios-alquileres-piezas-de-recambio\/asistencia-tecnica\/\">Servicio posventa de respuesta inmediata<\/a><\/li>\n<li><a href=\"https:\/\/www.polysoude.com\/es\/servicios-alquileres-piezas-de-recambio\/servicio-de-alquiler\/\">Alquiler de material para superar el rendimiento de la producci\u00f3n o para probar nuevos productos<\/a><\/li>\n<li><a href=\"https:\/\/www.polysoude.com\/es\/servicios-alquileres-piezas-de-recambio\/reajustes-y-mejoras\/\">Reajuste de las instalaciones existentes<\/a><\/li>\n<li><a href=\"https:\/\/www.polysoude.com\/es\/servicios-alquileres-piezas-de-recambio\/servicio-de-mantenimiento-calibrado-y-reparacion\/\">Apoyo t\u00e9cnico profesional durante toda la vida \u00fatil de su equipo para garantizar el beneficio m\u00e1ximo de su equipo.<\/a><\/li>\n<\/ul>\n\t<h3>\u00a1Polysoude esta a su lado, est\u00e9 donde est\u00e9!<\/h3>\n<p>&nbsp;<\/p>\n","protected":false},"excerpt":{"rendered":"<p>M\u00e1s de 250 expertos en todo el mundo a su servicio Servicio Central de Atenci\u00f3n al Cliente con m\u00e1s de 25 t\u00e9cnicos de soldadura y servicio postventa en todo el mundo Centros de Tecnolog\u00eda en Francia, Suiza, China, Rusia, Estados Unidos, India \u2026 Recurra a nuestros servicios all\u00e1 donde los necesite \u2013 \u00a1sin interrumpir la [&hellip;]<\/p>\n","protected":false},"author":7,"featured_media":0,"parent":0,"menu_order":0,"comment_status":"closed","ping_status":"closed","template":"page-parent.php","meta":{"_acf_changed":false,"footnotes":""},"class_list":["post-2257","page","type-page","status-publish","hentry"],"acf":[],"yoast_head":"<!-- This site is optimized with the Yoast SEO plugin v27.3 - https:\/\/yoast.com\/product\/yoast-seo-wordpress\/ -->\n<title>Servicios \/ Alquileres \/ Piezas de recambio | Polysoude<\/title>\n<meta name=\"description\" content=\"Advice, assistance, training and rental of equipment... We provide services at every level, with the sole aim of guaranteeing the availability of customer equipment, thereby maintaining your productivity.\" \/>\n<meta name=\"robots\" content=\"index, follow, max-snippet:-1, max-image-preview:large, max-video-preview:-1\" \/>\n<link rel=\"canonical\" href=\"https:\/\/www.polysoude.com\/es\/servicios-alquileres-piezas-de-recambio\/\" \/>\n<meta property=\"og:locale\" content=\"es_ES\" \/>\n<meta property=\"og:type\" content=\"article\" \/>\n<meta property=\"og:title\" content=\"Servicios \/ Alquileres \/ Piezas de recambio | Polysoude\" \/>\n<meta property=\"og:description\" content=\"Advice, assistance, training and rental of equipment... We provide services at every level, with the sole aim of guaranteeing the availability of customer equipment, thereby maintaining your productivity.\" \/>\n<meta property=\"og:url\" content=\"https:\/\/www.polysoude.com\/es\/servicios-alquileres-piezas-de-recambio\/\" \/>\n<meta property=\"og:site_name\" content=\"Polysoude\" \/>\n<meta property=\"article:publisher\" content=\"https:\/\/www.facebook.com\/Polysoude\/\" \/>\n<meta property=\"article:modified_time\" content=\"2019-10-10T08:05:26+00:00\" \/>\n<meta property=\"og:image\" content=\"https:\/\/www.polysoude.com\/wp-content\/uploads\/2016\/10\/Capture-carte_fin.jpg\" \/>\n<meta name=\"twitter:card\" content=\"summary_large_image\" \/>\n<meta name=\"twitter:label1\" content=\"Tiempo de lectura\" \/>\n\t<meta name=\"twitter:data1\" content=\"1 minute\" \/>\n<script type=\"application\/ld+json\" class=\"yoast-schema-graph\">{\"@context\":\"https:\\\/\\\/schema.org\",\"@graph\":[{\"@type\":\"WebPage\",\"@id\":\"https:\\\/\\\/www.polysoude.com\\\/es\\\/servicios-alquileres-piezas-de-recambio\\\/\",\"url\":\"https:\\\/\\\/www.polysoude.com\\\/es\\\/servicios-alquileres-piezas-de-recambio\\\/\",\"name\":\"Servicios \\\/ Alquileres \\\/ Piezas de recambio | Polysoude\",\"isPartOf\":{\"@id\":\"https:\\\/\\\/www.polysoude.com\\\/es\\\/#website\"},\"primaryImageOfPage\":{\"@id\":\"https:\\\/\\\/www.polysoude.com\\\/es\\\/servicios-alquileres-piezas-de-recambio\\\/#primaryimage\"},\"image\":{\"@id\":\"https:\\\/\\\/www.polysoude.com\\\/es\\\/servicios-alquileres-piezas-de-recambio\\\/#primaryimage\"},\"thumbnailUrl\":\"https:\\\/\\\/www.polysoude.com\\\/wp-content\\\/uploads\\\/2016\\\/10\\\/Capture-carte_fin.jpg\",\"datePublished\":\"2016-10-06T08:02:13+00:00\",\"dateModified\":\"2019-10-10T08:05:26+00:00\",\"description\":\"Advice, assistance, training and rental of equipment... We provide services at every level, with the sole aim of guaranteeing the availability of customer equipment, thereby maintaining your productivity.\",\"breadcrumb\":{\"@id\":\"https:\\\/\\\/www.polysoude.com\\\/es\\\/servicios-alquileres-piezas-de-recambio\\\/#breadcrumb\"},\"inLanguage\":\"es-ES\",\"potentialAction\":[{\"@type\":\"ReadAction\",\"target\":[\"https:\\\/\\\/www.polysoude.com\\\/es\\\/servicios-alquileres-piezas-de-recambio\\\/\"]}]},{\"@type\":\"ImageObject\",\"inLanguage\":\"es-ES\",\"@id\":\"https:\\\/\\\/www.polysoude.com\\\/es\\\/servicios-alquileres-piezas-de-recambio\\\/#primaryimage\",\"url\":\"https:\\\/\\\/www.polysoude.com\\\/wp-content\\\/uploads\\\/2016\\\/10\\\/Capture-carte_fin.jpg\",\"contentUrl\":\"https:\\\/\\\/www.polysoude.com\\\/wp-content\\\/uploads\\\/2016\\\/10\\\/Capture-carte_fin.jpg\"},{\"@type\":\"BreadcrumbList\",\"@id\":\"https:\\\/\\\/www.polysoude.com\\\/es\\\/servicios-alquileres-piezas-de-recambio\\\/#breadcrumb\",\"itemListElement\":[{\"@type\":\"ListItem\",\"position\":1,\"name\":\"Home\",\"item\":\"https:\\\/\\\/www.polysoude.com\\\/es\\\/homepage\\\/\"},{\"@type\":\"ListItem\",\"position\":2,\"name\":\"Servicios \\\/ Alquileres \\\/ Piezas de recambio\"}]},{\"@type\":\"WebSite\",\"@id\":\"https:\\\/\\\/www.polysoude.com\\\/es\\\/#website\",\"url\":\"https:\\\/\\\/www.polysoude.com\\\/es\\\/\",\"name\":\"Polysoude\",\"description\":\"The art of welding\",\"publisher\":{\"@id\":\"https:\\\/\\\/www.polysoude.com\\\/es\\\/#organization\"},\"alternateName\":\"Polysoude\",\"potentialAction\":[{\"@type\":\"SearchAction\",\"target\":{\"@type\":\"EntryPoint\",\"urlTemplate\":\"https:\\\/\\\/www.polysoude.com\\\/es\\\/?s={search_term_string}\"},\"query-input\":{\"@type\":\"PropertyValueSpecification\",\"valueRequired\":true,\"valueName\":\"search_term_string\"}}],\"inLanguage\":\"es-ES\"},{\"@type\":\"Organization\",\"@id\":\"https:\\\/\\\/www.polysoude.com\\\/es\\\/#organization\",\"name\":\"Polysoude\",\"alternateName\":\"Polysoude\",\"url\":\"https:\\\/\\\/www.polysoude.com\\\/es\\\/\",\"logo\":{\"@type\":\"ImageObject\",\"inLanguage\":\"es-ES\",\"@id\":\"https:\\\/\\\/www.polysoude.com\\\/es\\\/#\\\/schema\\\/logo\\\/image\\\/\",\"url\":\"https:\\\/\\\/www.polysoude.com\\\/wp-content\\\/uploads\\\/2022\\\/07\\\/Polysoude_Logo_signature_fond-transparent_600dpi_300mm_RVB-e1658123578778.png\",\"contentUrl\":\"https:\\\/\\\/www.polysoude.com\\\/wp-content\\\/uploads\\\/2022\\\/07\\\/Polysoude_Logo_signature_fond-transparent_600dpi_300mm_RVB-e1658123578778.png\",\"width\":465,\"height\":86,\"caption\":\"Polysoude\"},\"image\":{\"@id\":\"https:\\\/\\\/www.polysoude.com\\\/es\\\/#\\\/schema\\\/logo\\\/image\\\/\"},\"sameAs\":[\"https:\\\/\\\/www.facebook.com\\\/Polysoude\\\/\",\"https:\\\/\\\/www.linkedin.com\\\/company\\\/polysoude\\\/\",\"https:\\\/\\\/www.instagram.com\\\/polysoudeglobal\\\/\"]}]}<\/script>\n<!-- \/ Yoast SEO plugin. -->","yoast_head_json":{"title":"Servicios \/ Alquileres \/ Piezas de recambio | Polysoude","description":"Advice, assistance, training and rental of equipment... We provide services at every level, with the sole aim of guaranteeing the availability of customer equipment, thereby maintaining your productivity.","robots":{"index":"index","follow":"follow","max-snippet":"max-snippet:-1","max-image-preview":"max-image-preview:large","max-video-preview":"max-video-preview:-1"},"canonical":"https:\/\/www.polysoude.com\/es\/servicios-alquileres-piezas-de-recambio\/","og_locale":"es_ES","og_type":"article","og_title":"Servicios \/ Alquileres \/ Piezas de recambio | Polysoude","og_description":"Advice, assistance, training and rental of equipment... We provide services at every level, with the sole aim of guaranteeing the availability of customer equipment, thereby maintaining your productivity.","og_url":"https:\/\/www.polysoude.com\/es\/servicios-alquileres-piezas-de-recambio\/","og_site_name":"Polysoude","article_publisher":"https:\/\/www.facebook.com\/Polysoude\/","article_modified_time":"2019-10-10T08:05:26+00:00","og_image":[{"url":"https:\/\/www.polysoude.com\/wp-content\/uploads\/2016\/10\/Capture-carte_fin.jpg","type":"","width":"","height":""}],"twitter_card":"summary_large_image","twitter_misc":{"Tiempo de lectura":"1 minute"},"schema":{"@context":"https:\/\/schema.org","@graph":[{"@type":"WebPage","@id":"https:\/\/www.polysoude.com\/es\/servicios-alquileres-piezas-de-recambio\/","url":"https:\/\/www.polysoude.com\/es\/servicios-alquileres-piezas-de-recambio\/","name":"Servicios \/ Alquileres \/ Piezas de recambio | Polysoude","isPartOf":{"@id":"https:\/\/www.polysoude.com\/es\/#website"},"primaryImageOfPage":{"@id":"https:\/\/www.polysoude.com\/es\/servicios-alquileres-piezas-de-recambio\/#primaryimage"},"image":{"@id":"https:\/\/www.polysoude.com\/es\/servicios-alquileres-piezas-de-recambio\/#primaryimage"},"thumbnailUrl":"https:\/\/www.polysoude.com\/wp-content\/uploads\/2016\/10\/Capture-carte_fin.jpg","datePublished":"2016-10-06T08:02:13+00:00","dateModified":"2019-10-10T08:05:26+00:00","description":"Advice, assistance, training and rental of equipment... We provide services at every level, with the sole aim of guaranteeing the availability of customer equipment, thereby maintaining your productivity.","breadcrumb":{"@id":"https:\/\/www.polysoude.com\/es\/servicios-alquileres-piezas-de-recambio\/#breadcrumb"},"inLanguage":"es-ES","potentialAction":[{"@type":"ReadAction","target":["https:\/\/www.polysoude.com\/es\/servicios-alquileres-piezas-de-recambio\/"]}]},{"@type":"ImageObject","inLanguage":"es-ES","@id":"https:\/\/www.polysoude.com\/es\/servicios-alquileres-piezas-de-recambio\/#primaryimage","url":"https:\/\/www.polysoude.com\/wp-content\/uploads\/2016\/10\/Capture-carte_fin.jpg","contentUrl":"https:\/\/www.polysoude.com\/wp-content\/uploads\/2016\/10\/Capture-carte_fin.jpg"},{"@type":"BreadcrumbList","@id":"https:\/\/www.polysoude.com\/es\/servicios-alquileres-piezas-de-recambio\/#breadcrumb","itemListElement":[{"@type":"ListItem","position":1,"name":"Home","item":"https:\/\/www.polysoude.com\/es\/homepage\/"},{"@type":"ListItem","position":2,"name":"Servicios \/ Alquileres \/ Piezas de recambio"}]},{"@type":"WebSite","@id":"https:\/\/www.polysoude.com\/es\/#website","url":"https:\/\/www.polysoude.com\/es\/","name":"Polysoude","description":"The art of welding","publisher":{"@id":"https:\/\/www.polysoude.com\/es\/#organization"},"alternateName":"Polysoude","potentialAction":[{"@type":"SearchAction","target":{"@type":"EntryPoint","urlTemplate":"https:\/\/www.polysoude.com\/es\/?s={search_term_string}"},"query-input":{"@type":"PropertyValueSpecification","valueRequired":true,"valueName":"search_term_string"}}],"inLanguage":"es-ES"},{"@type":"Organization","@id":"https:\/\/www.polysoude.com\/es\/#organization","name":"Polysoude","alternateName":"Polysoude","url":"https:\/\/www.polysoude.com\/es\/","logo":{"@type":"ImageObject","inLanguage":"es-ES","@id":"https:\/\/www.polysoude.com\/es\/#\/schema\/logo\/image\/","url":"https:\/\/www.polysoude.com\/wp-content\/uploads\/2022\/07\/Polysoude_Logo_signature_fond-transparent_600dpi_300mm_RVB-e1658123578778.png","contentUrl":"https:\/\/www.polysoude.com\/wp-content\/uploads\/2022\/07\/Polysoude_Logo_signature_fond-transparent_600dpi_300mm_RVB-e1658123578778.png","width":465,"height":86,"caption":"Polysoude"},"image":{"@id":"https:\/\/www.polysoude.com\/es\/#\/schema\/logo\/image\/"},"sameAs":["https:\/\/www.facebook.com\/Polysoude\/","https:\/\/www.linkedin.com\/company\/polysoude\/","https:\/\/www.instagram.com\/polysoudeglobal\/"]}]}},"_links":{"self":[{"href":"https:\/\/www.polysoude.com\/es\/wp-json\/wp\/v2\/pages\/2257","targetHints":{"allow":["GET"]}}],"collection":[{"href":"https:\/\/www.polysoude.com\/es\/wp-json\/wp\/v2\/pages"}],"about":[{"href":"https:\/\/www.polysoude.com\/es\/wp-json\/wp\/v2\/types\/page"}],"author":[{"embeddable":true,"href":"https:\/\/www.polysoude.com\/es\/wp-json\/wp\/v2\/users\/7"}],"replies":[{"embeddable":true,"href":"https:\/\/www.polysoude.com\/es\/wp-json\/wp\/v2\/comments?post=2257"}],"version-history":[{"count":27,"href":"https:\/\/www.polysoude.com\/es\/wp-json\/wp\/v2\/pages\/2257\/revisions"}],"predecessor-version":[{"id":27346,"href":"https:\/\/www.polysoude.com\/es\/wp-json\/wp\/v2\/pages\/2257\/revisions\/27346"}],"wp:attachment":[{"href":"https:\/\/www.polysoude.com\/es\/wp-json\/wp\/v2\/media?parent=2257"}],"curies":[{"name":"wp","href":"https:\/\/api.w.org\/{rel}","templated":true}]}}