{"id":23149,"date":"2023-11-13T14:26:00","date_gmt":"2023-11-13T13:26:00","guid":{"rendered":"http:\/\/www.polysoude.com\/?page_id=23149"},"modified":"2023-11-13T14:26:00","modified_gmt":"2023-11-13T13:26:00","slug":"ofertas-de-trabajo-2","status":"publish","type":"page","link":"https:\/\/www.polysoude.com\/es\/acerca-de-polysoude-2\/ofertas-de-trabajo-2\/","title":{"rendered":"Ofertas de trabajo"},"content":{"rendered":"\n\n\t\t\t\t<img loading=\"lazy\" decoding=\"async\" src=\"https:\/\/www.polysoude.com\/wp-content\/uploads\/2016\/10\/shutterstock_400222735.jpg\" alt=\"shutterstock_400222735\" height=\"325\" width=\"1000\" title=\"shutterstock_400222735\" \/>\n\t<p><strong>Para reforzar nuestros equipos, ofrecemos los siguientes puestos:<\/strong><\/p>\n<p>&nbsp;<\/p>\n\t<h3>Gestor de grandes cuentas<\/h3>\n<p><strong>Lugar de trabajo: Espa\u00f1a<\/strong><\/p>\n<p>&nbsp;<\/p>\n\t\t\t<a href=\"https:\/\/www.polysoude.com\/wp-content\/uploads\/2023\/11\/Key-Account-Manager-2023.docx\" target=\"_self\" role=\"button\" rel=\"noopener\">\n\t\t\t\t\t\tDescripci\u00f3n del puesto\n\t\t\t\t\t<\/a>\n\t<p>Para aplicar o para solicitudes espont\u00e1neas, escriba a nuestro Departamento de Recursos Humanos:<\/p>\n<p>E-mail : <a href=\"mailto:recrutement@polysoude.com\">recrutement@polysoude.com<\/a><\/p>\n\n","protected":false},"excerpt":{"rendered":"<p>Para reforzar nuestros equipos, ofrecemos los siguientes puestos: &nbsp; Gestor de grandes cuentas Lugar de trabajo: Espa\u00f1a &nbsp; Descripci\u00f3n del puesto Para aplicar o para solicitudes espont\u00e1neas, escriba a nuestro Departamento de Recursos Humanos: E-mail : recrutement@polysoude.com<\/p>\n","protected":false},"author":7,"featured_media":8457,"parent":2547,"menu_order":5,"comment_status":"closed","ping_status":"closed","template":"page-contenu.php","meta":{"_acf_changed":false,"footnotes":""},"class_list":["post-23149","page","type-page","status-publish","has-post-thumbnail","hentry"],"acf":[],"yoast_head":"<!-- This site is optimized with the Yoast SEO plugin v27.3 - https:\/\/yoast.com\/product\/yoast-seo-wordpress\/ -->\n<title>Ofertas de trabajo | Polysoude<\/title>\n<meta name=\"description\" content=\"Para reforzar nuestros equipos, ofrecemos los siguientes puestos: &nbsp; Gestor de grandes cuentas Lugar de trabajo: Espa\u00f1a &nbsp; Descripci\u00f3n del puesto\" \/>\n<meta name=\"robots\" content=\"index, follow, max-snippet:-1, max-image-preview:large, max-video-preview:-1\" \/>\n<link rel=\"canonical\" href=\"https:\/\/www.polysoude.com\/es\/acerca-de-polysoude-2\/ofertas-de-trabajo-2\/\" \/>\n<meta property=\"og:locale\" content=\"es_ES\" \/>\n<meta property=\"og:type\" content=\"article\" \/>\n<meta property=\"og:title\" content=\"Ofertas de trabajo | Polysoude\" \/>\n<meta property=\"og:description\" content=\"Para reforzar nuestros equipos, ofrecemos los siguientes puestos: &nbsp; Gestor de grandes cuentas Lugar de trabajo: Espa\u00f1a &nbsp; Descripci\u00f3n del puesto\" \/>\n<meta property=\"og:url\" content=\"https:\/\/www.polysoude.com\/es\/acerca-de-polysoude-2\/ofertas-de-trabajo-2\/\" \/>\n<meta property=\"og:site_name\" content=\"Polysoude\" \/>\n<meta property=\"article:publisher\" content=\"https:\/\/www.facebook.com\/Polysoude\/\" \/>\n<meta property=\"og:image\" content=\"https:\/\/www.polysoude.com\/wp-content\/uploads\/2016\/10\/about-job-offers_500px.jpg\" \/>\n\t<meta property=\"og:image:width\" content=\"500\" \/>\n\t<meta property=\"og:image:height\" content=\"500\" \/>\n\t<meta property=\"og:image:type\" content=\"image\/jpeg\" \/>\n<meta name=\"twitter:card\" content=\"summary_large_image\" \/>\n<script type=\"application\/ld+json\" class=\"yoast-schema-graph\">{\"@context\":\"https:\\\/\\\/schema.org\",\"@graph\":[{\"@type\":\"WebPage\",\"@id\":\"https:\\\/\\\/www.polysoude.com\\\/es\\\/acerca-de-polysoude-2\\\/ofertas-de-trabajo-2\\\/\",\"url\":\"https:\\\/\\\/www.polysoude.com\\\/es\\\/acerca-de-polysoude-2\\\/ofertas-de-trabajo-2\\\/\",\"name\":\"Ofertas de trabajo | Polysoude\",\"isPartOf\":{\"@id\":\"https:\\\/\\\/www.polysoude.com\\\/es\\\/#website\"},\"primaryImageOfPage\":{\"@id\":\"https:\\\/\\\/www.polysoude.com\\\/es\\\/acerca-de-polysoude-2\\\/ofertas-de-trabajo-2\\\/#primaryimage\"},\"image\":{\"@id\":\"https:\\\/\\\/www.polysoude.com\\\/es\\\/acerca-de-polysoude-2\\\/ofertas-de-trabajo-2\\\/#primaryimage\"},\"thumbnailUrl\":\"https:\\\/\\\/www.polysoude.com\\\/wp-content\\\/uploads\\\/2016\\\/10\\\/about-job-offers_500px.jpg\",\"datePublished\":\"2023-11-13T13:26:00+00:00\",\"description\":\"Para reforzar nuestros equipos, ofrecemos los siguientes puestos: &nbsp; Gestor de grandes cuentas Lugar de trabajo: Espa\u00f1a &nbsp; Descripci\u00f3n del puesto\",\"breadcrumb\":{\"@id\":\"https:\\\/\\\/www.polysoude.com\\\/es\\\/acerca-de-polysoude-2\\\/ofertas-de-trabajo-2\\\/#breadcrumb\"},\"inLanguage\":\"es-ES\",\"potentialAction\":[{\"@type\":\"ReadAction\",\"target\":[\"https:\\\/\\\/www.polysoude.com\\\/es\\\/acerca-de-polysoude-2\\\/ofertas-de-trabajo-2\\\/\"]}]},{\"@type\":\"ImageObject\",\"inLanguage\":\"es-ES\",\"@id\":\"https:\\\/\\\/www.polysoude.com\\\/es\\\/acerca-de-polysoude-2\\\/ofertas-de-trabajo-2\\\/#primaryimage\",\"url\":\"https:\\\/\\\/www.polysoude.com\\\/wp-content\\\/uploads\\\/2016\\\/10\\\/about-job-offers_500px.jpg\",\"contentUrl\":\"https:\\\/\\\/www.polysoude.com\\\/wp-content\\\/uploads\\\/2016\\\/10\\\/about-job-offers_500px.jpg\",\"width\":500,\"height\":500},{\"@type\":\"BreadcrumbList\",\"@id\":\"https:\\\/\\\/www.polysoude.com\\\/es\\\/acerca-de-polysoude-2\\\/ofertas-de-trabajo-2\\\/#breadcrumb\",\"itemListElement\":[{\"@type\":\"ListItem\",\"position\":1,\"name\":\"Home\",\"item\":\"https:\\\/\\\/www.polysoude.com\\\/es\\\/homepage\\\/\"},{\"@type\":\"ListItem\",\"position\":2,\"name\":\"Acerca de Polysoude\",\"item\":\"https:\\\/\\\/www.polysoude.com\\\/es\\\/acerca-de-polysoude-2\\\/\"},{\"@type\":\"ListItem\",\"position\":3,\"name\":\"Ofertas de trabajo\"}]},{\"@type\":\"WebSite\",\"@id\":\"https:\\\/\\\/www.polysoude.com\\\/es\\\/#website\",\"url\":\"https:\\\/\\\/www.polysoude.com\\\/es\\\/\",\"name\":\"Polysoude\",\"description\":\"The art of welding\",\"publisher\":{\"@id\":\"https:\\\/\\\/www.polysoude.com\\\/es\\\/#organization\"},\"alternateName\":\"Polysoude\",\"potentialAction\":[{\"@type\":\"SearchAction\",\"target\":{\"@type\":\"EntryPoint\",\"urlTemplate\":\"https:\\\/\\\/www.polysoude.com\\\/es\\\/?s={search_term_string}\"},\"query-input\":{\"@type\":\"PropertyValueSpecification\",\"valueRequired\":true,\"valueName\":\"search_term_string\"}}],\"inLanguage\":\"es-ES\"},{\"@type\":\"Organization\",\"@id\":\"https:\\\/\\\/www.polysoude.com\\\/es\\\/#organization\",\"name\":\"Polysoude\",\"alternateName\":\"Polysoude\",\"url\":\"https:\\\/\\\/www.polysoude.com\\\/es\\\/\",\"logo\":{\"@type\":\"ImageObject\",\"inLanguage\":\"es-ES\",\"@id\":\"https:\\\/\\\/www.polysoude.com\\\/es\\\/#\\\/schema\\\/logo\\\/image\\\/\",\"url\":\"https:\\\/\\\/www.polysoude.com\\\/wp-content\\\/uploads\\\/2022\\\/07\\\/Polysoude_Logo_signature_fond-transparent_600dpi_300mm_RVB-e1658123578778.png\",\"contentUrl\":\"https:\\\/\\\/www.polysoude.com\\\/wp-content\\\/uploads\\\/2022\\\/07\\\/Polysoude_Logo_signature_fond-transparent_600dpi_300mm_RVB-e1658123578778.png\",\"width\":465,\"height\":86,\"caption\":\"Polysoude\"},\"image\":{\"@id\":\"https:\\\/\\\/www.polysoude.com\\\/es\\\/#\\\/schema\\\/logo\\\/image\\\/\"},\"sameAs\":[\"https:\\\/\\\/www.facebook.com\\\/Polysoude\\\/\",\"https:\\\/\\\/www.linkedin.com\\\/company\\\/polysoude\\\/\",\"https:\\\/\\\/www.instagram.com\\\/polysoudeglobal\\\/\"]}]}<\/script>\n<!-- \/ Yoast SEO plugin. -->","yoast_head_json":{"title":"Ofertas de trabajo | Polysoude","description":"Para reforzar nuestros equipos, ofrecemos los siguientes puestos: &nbsp; Gestor de grandes cuentas Lugar de trabajo: Espa\u00f1a &nbsp; Descripci\u00f3n del puesto","robots":{"index":"index","follow":"follow","max-snippet":"max-snippet:-1","max-image-preview":"max-image-preview:large","max-video-preview":"max-video-preview:-1"},"canonical":"https:\/\/www.polysoude.com\/es\/acerca-de-polysoude-2\/ofertas-de-trabajo-2\/","og_locale":"es_ES","og_type":"article","og_title":"Ofertas de trabajo | Polysoude","og_description":"Para reforzar nuestros equipos, ofrecemos los siguientes puestos: &nbsp; Gestor de grandes cuentas Lugar de trabajo: Espa\u00f1a &nbsp; Descripci\u00f3n del puesto","og_url":"https:\/\/www.polysoude.com\/es\/acerca-de-polysoude-2\/ofertas-de-trabajo-2\/","og_site_name":"Polysoude","article_publisher":"https:\/\/www.facebook.com\/Polysoude\/","og_image":[{"width":500,"height":500,"url":"https:\/\/www.polysoude.com\/wp-content\/uploads\/2016\/10\/about-job-offers_500px.jpg","type":"image\/jpeg"}],"twitter_card":"summary_large_image","schema":{"@context":"https:\/\/schema.org","@graph":[{"@type":"WebPage","@id":"https:\/\/www.polysoude.com\/es\/acerca-de-polysoude-2\/ofertas-de-trabajo-2\/","url":"https:\/\/www.polysoude.com\/es\/acerca-de-polysoude-2\/ofertas-de-trabajo-2\/","name":"Ofertas de trabajo | Polysoude","isPartOf":{"@id":"https:\/\/www.polysoude.com\/es\/#website"},"primaryImageOfPage":{"@id":"https:\/\/www.polysoude.com\/es\/acerca-de-polysoude-2\/ofertas-de-trabajo-2\/#primaryimage"},"image":{"@id":"https:\/\/www.polysoude.com\/es\/acerca-de-polysoude-2\/ofertas-de-trabajo-2\/#primaryimage"},"thumbnailUrl":"https:\/\/www.polysoude.com\/wp-content\/uploads\/2016\/10\/about-job-offers_500px.jpg","datePublished":"2023-11-13T13:26:00+00:00","description":"Para reforzar nuestros equipos, ofrecemos los siguientes puestos: &nbsp; Gestor de grandes cuentas Lugar de trabajo: Espa\u00f1a &nbsp; Descripci\u00f3n del puesto","breadcrumb":{"@id":"https:\/\/www.polysoude.com\/es\/acerca-de-polysoude-2\/ofertas-de-trabajo-2\/#breadcrumb"},"inLanguage":"es-ES","potentialAction":[{"@type":"ReadAction","target":["https:\/\/www.polysoude.com\/es\/acerca-de-polysoude-2\/ofertas-de-trabajo-2\/"]}]},{"@type":"ImageObject","inLanguage":"es-ES","@id":"https:\/\/www.polysoude.com\/es\/acerca-de-polysoude-2\/ofertas-de-trabajo-2\/#primaryimage","url":"https:\/\/www.polysoude.com\/wp-content\/uploads\/2016\/10\/about-job-offers_500px.jpg","contentUrl":"https:\/\/www.polysoude.com\/wp-content\/uploads\/2016\/10\/about-job-offers_500px.jpg","width":500,"height":500},{"@type":"BreadcrumbList","@id":"https:\/\/www.polysoude.com\/es\/acerca-de-polysoude-2\/ofertas-de-trabajo-2\/#breadcrumb","itemListElement":[{"@type":"ListItem","position":1,"name":"Home","item":"https:\/\/www.polysoude.com\/es\/homepage\/"},{"@type":"ListItem","position":2,"name":"Acerca de Polysoude","item":"https:\/\/www.polysoude.com\/es\/acerca-de-polysoude-2\/"},{"@type":"ListItem","position":3,"name":"Ofertas de trabajo"}]},{"@type":"WebSite","@id":"https:\/\/www.polysoude.com\/es\/#website","url":"https:\/\/www.polysoude.com\/es\/","name":"Polysoude","description":"The art of welding","publisher":{"@id":"https:\/\/www.polysoude.com\/es\/#organization"},"alternateName":"Polysoude","potentialAction":[{"@type":"SearchAction","target":{"@type":"EntryPoint","urlTemplate":"https:\/\/www.polysoude.com\/es\/?s={search_term_string}"},"query-input":{"@type":"PropertyValueSpecification","valueRequired":true,"valueName":"search_term_string"}}],"inLanguage":"es-ES"},{"@type":"Organization","@id":"https:\/\/www.polysoude.com\/es\/#organization","name":"Polysoude","alternateName":"Polysoude","url":"https:\/\/www.polysoude.com\/es\/","logo":{"@type":"ImageObject","inLanguage":"es-ES","@id":"https:\/\/www.polysoude.com\/es\/#\/schema\/logo\/image\/","url":"https:\/\/www.polysoude.com\/wp-content\/uploads\/2022\/07\/Polysoude_Logo_signature_fond-transparent_600dpi_300mm_RVB-e1658123578778.png","contentUrl":"https:\/\/www.polysoude.com\/wp-content\/uploads\/2022\/07\/Polysoude_Logo_signature_fond-transparent_600dpi_300mm_RVB-e1658123578778.png","width":465,"height":86,"caption":"Polysoude"},"image":{"@id":"https:\/\/www.polysoude.com\/es\/#\/schema\/logo\/image\/"},"sameAs":["https:\/\/www.facebook.com\/Polysoude\/","https:\/\/www.linkedin.com\/company\/polysoude\/","https:\/\/www.instagram.com\/polysoudeglobal\/"]}]}},"_links":{"self":[{"href":"https:\/\/www.polysoude.com\/es\/wp-json\/wp\/v2\/pages\/23149","targetHints":{"allow":["GET"]}}],"collection":[{"href":"https:\/\/www.polysoude.com\/es\/wp-json\/wp\/v2\/pages"}],"about":[{"href":"https:\/\/www.polysoude.com\/es\/wp-json\/wp\/v2\/types\/page"}],"author":[{"embeddable":true,"href":"https:\/\/www.polysoude.com\/es\/wp-json\/wp\/v2\/users\/7"}],"replies":[{"embeddable":true,"href":"https:\/\/www.polysoude.com\/es\/wp-json\/wp\/v2\/comments?post=23149"}],"version-history":[{"count":1,"href":"https:\/\/www.polysoude.com\/es\/wp-json\/wp\/v2\/pages\/23149\/revisions"}],"predecessor-version":[{"id":46514,"href":"https:\/\/www.polysoude.com\/es\/wp-json\/wp\/v2\/pages\/23149\/revisions\/46514"}],"up":[{"embeddable":true,"href":"https:\/\/www.polysoude.com\/es\/wp-json\/wp\/v2\/pages\/2547"}],"wp:featuredmedia":[{"embeddable":true,"href":"https:\/\/www.polysoude.com\/es\/wp-json\/wp\/v2\/media\/8457"}],"wp:attachment":[{"href":"https:\/\/www.polysoude.com\/es\/wp-json\/wp\/v2\/media?parent=23149"}],"curies":[{"name":"wp","href":"https:\/\/api.w.org\/{rel}","templated":true}]}}