{"id":25304,"date":"2019-05-14T09:56:26","date_gmt":"2019-05-14T07:56:26","guid":{"rendered":"https:\/\/www.polysoude.com\/?page_id=25304"},"modified":"2020-07-08T16:34:07","modified_gmt":"2020-07-08T14:34:07","slug":"corte-revestimiento-y-biselado-de-tubos","status":"publish","type":"page","link":"https:\/\/www.polysoude.com\/es\/preparacion-de-tubos\/corte-revestimiento-y-biselado-de-tubos\/","title":{"rendered":"Corte, revestimiento y biselado de tubos"},"content":{"rendered":"\r\n<p><b>As tube end preparation is such a critical step prior to welding, POLYSOUDE together with PROTEM offers a wide range of portable equipment for the precise machining of tubes and pipes, facilitating such operations as cutting, facing and beveling, thereby guaranteeing perfect and qualitative welds. <\/b><\/p>\r\n<p><b>Cutting, Facing and Beveling: <\/b><\/p>\r\n<p>There are various methods of cutting and preparing tube and pipe ends for further processes. In any cutting procedure, all aspects of obtaining a high quality weld must be considered:<\/p>\r\n<ul>\r\n<li>No contamination of the inner diameter (including carbon contamination)<\/li>\r\n<li>No heat affected zones<\/li>\r\n<li>No surface damage<\/li>\r\n<\/ul>\r\n<p>Protem\u2019s innovative range of equipment includes: OD and ID mounted machines, beveling machines, orbital cutting machines, equipment for facing, squaring and counterboring&#8230; all of which maintain excellent accuracy and quality. The machines are suitable for preparations prior to welding work carried out using manual or automated processes. Typical joining applications include: tube to tube, tube to elbow, tube to flange, tube to tubesheet, waterwall cutout windows, membrane panels&#8230;<\/p>\r\n<p>Polsoude\u2019s cutting, facing and beveling technologies benefit from fast sequencing, versatility to perform on most materials and anti-contamination features.<\/p>\r\n","protected":false},"excerpt":{"rendered":"<p>As tube end preparation is such a critical step prior to welding, POLYSOUDE together with PROTEM offers a wide range of portable equipment for the precise machining of tubes and pipes, facilitating such operations as cutting, facing and beveling, thereby guaranteeing perfect and qualitative welds. Cutting, Facing and Beveling: There are various methods of cutting [&hellip;]<\/p>\n","protected":false},"author":3,"featured_media":25890,"parent":30348,"menu_order":0,"comment_status":"closed","ping_status":"closed","template":"page-metier.php","meta":{"_acf_changed":false,"footnotes":""},"class_list":["post-25304","page","type-page","status-publish","has-post-thumbnail","hentry"],"acf":[],"yoast_head":"<!-- This site is optimized with the Yoast SEO plugin v27.3 - https:\/\/yoast.com\/product\/yoast-seo-wordpress\/ -->\n<title>Corte, revestimiento y biselado de tubos y tuber\u00edas<\/title>\n<meta name=\"description\" content=\"Una soldadura de buena calidad requiere una excelente preparaci\u00f3n del tubo. Dado que la preparaci\u00f3n de los extremos de los tubos es un paso esencial antes de soldar, POLYSOUDE ofrece una amplia gama de equipos port\u00e1tiles para el mecanizado preciso de los tubos, facilitando las operaciones de corte, revestimiento y biselado, garantizando as\u00ed soldaduras perfectas. y calidad. Corte, revestimiento y biselado: existen diferentes m\u00e9todos para cortar y preparar los extremos del tubo para su posterior procesamiento.\" \/>\n<meta name=\"robots\" content=\"index, follow, max-snippet:-1, max-image-preview:large, max-video-preview:-1\" \/>\n<link rel=\"canonical\" href=\"https:\/\/www.polysoude.com\/es\/preparacion-de-tubos\/corte-revestimiento-y-biselado-de-tubos\/\" \/>\n<meta property=\"og:locale\" content=\"es_ES\" \/>\n<meta property=\"og:type\" content=\"article\" \/>\n<meta property=\"og:title\" content=\"Corte, revestimiento y biselado de tubos y tuber\u00edas\" \/>\n<meta property=\"og:description\" content=\"Una soldadura de buena calidad requiere una excelente preparaci\u00f3n del tubo. Dado que la preparaci\u00f3n de los extremos de los tubos es un paso esencial antes de soldar, POLYSOUDE ofrece una amplia gama de equipos port\u00e1tiles para el mecanizado preciso de los tubos, facilitando las operaciones de corte, revestimiento y biselado, garantizando as\u00ed soldaduras perfectas. y calidad. Corte, revestimiento y biselado: existen diferentes m\u00e9todos para cortar y preparar los extremos del tubo para su posterior procesamiento.\" \/>\n<meta property=\"og:url\" content=\"https:\/\/www.polysoude.com\/es\/preparacion-de-tubos\/corte-revestimiento-y-biselado-de-tubos\/\" \/>\n<meta property=\"og:site_name\" content=\"Polysoude\" \/>\n<meta property=\"article:publisher\" content=\"https:\/\/www.facebook.com\/Polysoude\/\" \/>\n<meta property=\"article:modified_time\" content=\"2020-07-08T14:34:07+00:00\" \/>\n<meta property=\"og:image\" content=\"https:\/\/www.polysoude.com\/wp-content\/uploads\/2019\/06\/cutting-tube-and-pipe-end-preparation_R.jpg\" \/>\n\t<meta property=\"og:image:width\" content=\"500\" \/>\n\t<meta property=\"og:image:height\" content=\"500\" \/>\n\t<meta property=\"og:image:type\" content=\"image\/jpeg\" \/>\n<meta name=\"twitter:card\" content=\"summary_large_image\" \/>\n<meta name=\"twitter:label1\" content=\"Tiempo de lectura\" \/>\n\t<meta name=\"twitter:data1\" content=\"1 minute\" \/>\n<script type=\"application\/ld+json\" class=\"yoast-schema-graph\">{\"@context\":\"https:\\\/\\\/schema.org\",\"@graph\":[{\"@type\":\"WebPage\",\"@id\":\"https:\\\/\\\/www.polysoude.com\\\/es\\\/preparacion-de-tubos\\\/corte-revestimiento-y-biselado-de-tubos\\\/\",\"url\":\"https:\\\/\\\/www.polysoude.com\\\/es\\\/preparacion-de-tubos\\\/corte-revestimiento-y-biselado-de-tubos\\\/\",\"name\":\"Corte, revestimiento y biselado de tubos y tuber\u00edas\",\"isPartOf\":{\"@id\":\"https:\\\/\\\/www.polysoude.com\\\/es\\\/#website\"},\"primaryImageOfPage\":{\"@id\":\"https:\\\/\\\/www.polysoude.com\\\/es\\\/preparacion-de-tubos\\\/corte-revestimiento-y-biselado-de-tubos\\\/#primaryimage\"},\"image\":{\"@id\":\"https:\\\/\\\/www.polysoude.com\\\/es\\\/preparacion-de-tubos\\\/corte-revestimiento-y-biselado-de-tubos\\\/#primaryimage\"},\"thumbnailUrl\":\"https:\\\/\\\/www.polysoude.com\\\/wp-content\\\/uploads\\\/2019\\\/06\\\/cutting-tube-and-pipe-end-preparation_R.jpg\",\"datePublished\":\"2019-05-14T07:56:26+00:00\",\"dateModified\":\"2020-07-08T14:34:07+00:00\",\"description\":\"Una soldadura de buena calidad requiere una excelente preparaci\u00f3n del tubo. Dado que la preparaci\u00f3n de los extremos de los tubos es un paso esencial antes de soldar, POLYSOUDE ofrece una amplia gama de equipos port\u00e1tiles para el mecanizado preciso de los tubos, facilitando las operaciones de corte, revestimiento y biselado, garantizando as\u00ed soldaduras perfectas. y calidad. Corte, revestimiento y biselado: existen diferentes m\u00e9todos para cortar y preparar los extremos del tubo para su posterior procesamiento.\",\"breadcrumb\":{\"@id\":\"https:\\\/\\\/www.polysoude.com\\\/es\\\/preparacion-de-tubos\\\/corte-revestimiento-y-biselado-de-tubos\\\/#breadcrumb\"},\"inLanguage\":\"es-ES\",\"potentialAction\":[{\"@type\":\"ReadAction\",\"target\":[\"https:\\\/\\\/www.polysoude.com\\\/es\\\/preparacion-de-tubos\\\/corte-revestimiento-y-biselado-de-tubos\\\/\"]}]},{\"@type\":\"ImageObject\",\"inLanguage\":\"es-ES\",\"@id\":\"https:\\\/\\\/www.polysoude.com\\\/es\\\/preparacion-de-tubos\\\/corte-revestimiento-y-biselado-de-tubos\\\/#primaryimage\",\"url\":\"https:\\\/\\\/www.polysoude.com\\\/wp-content\\\/uploads\\\/2019\\\/06\\\/cutting-tube-and-pipe-end-preparation_R.jpg\",\"contentUrl\":\"https:\\\/\\\/www.polysoude.com\\\/wp-content\\\/uploads\\\/2019\\\/06\\\/cutting-tube-and-pipe-end-preparation_R.jpg\",\"width\":500,\"height\":500},{\"@type\":\"BreadcrumbList\",\"@id\":\"https:\\\/\\\/www.polysoude.com\\\/es\\\/preparacion-de-tubos\\\/corte-revestimiento-y-biselado-de-tubos\\\/#breadcrumb\",\"itemListElement\":[{\"@type\":\"ListItem\",\"position\":1,\"name\":\"Home\",\"item\":\"https:\\\/\\\/www.polysoude.com\\\/es\\\/homepage\\\/\"},{\"@type\":\"ListItem\",\"position\":2,\"name\":\"Preparaci\u00f3n de Tubos\",\"item\":\"https:\\\/\\\/www.polysoude.com\\\/es\\\/preparacion-de-tubos\\\/\"},{\"@type\":\"ListItem\",\"position\":3,\"name\":\"Corte, revestimiento y biselado de tubos\"}]},{\"@type\":\"WebSite\",\"@id\":\"https:\\\/\\\/www.polysoude.com\\\/es\\\/#website\",\"url\":\"https:\\\/\\\/www.polysoude.com\\\/es\\\/\",\"name\":\"Polysoude\",\"description\":\"The art of welding\",\"publisher\":{\"@id\":\"https:\\\/\\\/www.polysoude.com\\\/es\\\/#organization\"},\"alternateName\":\"Polysoude\",\"potentialAction\":[{\"@type\":\"SearchAction\",\"target\":{\"@type\":\"EntryPoint\",\"urlTemplate\":\"https:\\\/\\\/www.polysoude.com\\\/es\\\/?s={search_term_string}\"},\"query-input\":{\"@type\":\"PropertyValueSpecification\",\"valueRequired\":true,\"valueName\":\"search_term_string\"}}],\"inLanguage\":\"es-ES\"},{\"@type\":\"Organization\",\"@id\":\"https:\\\/\\\/www.polysoude.com\\\/es\\\/#organization\",\"name\":\"Polysoude\",\"alternateName\":\"Polysoude\",\"url\":\"https:\\\/\\\/www.polysoude.com\\\/es\\\/\",\"logo\":{\"@type\":\"ImageObject\",\"inLanguage\":\"es-ES\",\"@id\":\"https:\\\/\\\/www.polysoude.com\\\/es\\\/#\\\/schema\\\/logo\\\/image\\\/\",\"url\":\"https:\\\/\\\/www.polysoude.com\\\/wp-content\\\/uploads\\\/2022\\\/07\\\/Polysoude_Logo_signature_fond-transparent_600dpi_300mm_RVB-e1658123578778.png\",\"contentUrl\":\"https:\\\/\\\/www.polysoude.com\\\/wp-content\\\/uploads\\\/2022\\\/07\\\/Polysoude_Logo_signature_fond-transparent_600dpi_300mm_RVB-e1658123578778.png\",\"width\":465,\"height\":86,\"caption\":\"Polysoude\"},\"image\":{\"@id\":\"https:\\\/\\\/www.polysoude.com\\\/es\\\/#\\\/schema\\\/logo\\\/image\\\/\"},\"sameAs\":[\"https:\\\/\\\/www.facebook.com\\\/Polysoude\\\/\",\"https:\\\/\\\/www.linkedin.com\\\/company\\\/polysoude\\\/\",\"https:\\\/\\\/www.instagram.com\\\/polysoudeglobal\\\/\"]}]}<\/script>\n<!-- \/ Yoast SEO plugin. -->","yoast_head_json":{"title":"Corte, revestimiento y biselado de tubos y tuber\u00edas","description":"Una soldadura de buena calidad requiere una excelente preparaci\u00f3n del tubo. Dado que la preparaci\u00f3n de los extremos de los tubos es un paso esencial antes de soldar, POLYSOUDE ofrece una amplia gama de equipos port\u00e1tiles para el mecanizado preciso de los tubos, facilitando las operaciones de corte, revestimiento y biselado, garantizando as\u00ed soldaduras perfectas. y calidad. Corte, revestimiento y biselado: existen diferentes m\u00e9todos para cortar y preparar los extremos del tubo para su posterior procesamiento.","robots":{"index":"index","follow":"follow","max-snippet":"max-snippet:-1","max-image-preview":"max-image-preview:large","max-video-preview":"max-video-preview:-1"},"canonical":"https:\/\/www.polysoude.com\/es\/preparacion-de-tubos\/corte-revestimiento-y-biselado-de-tubos\/","og_locale":"es_ES","og_type":"article","og_title":"Corte, revestimiento y biselado de tubos y tuber\u00edas","og_description":"Una soldadura de buena calidad requiere una excelente preparaci\u00f3n del tubo. Dado que la preparaci\u00f3n de los extremos de los tubos es un paso esencial antes de soldar, POLYSOUDE ofrece una amplia gama de equipos port\u00e1tiles para el mecanizado preciso de los tubos, facilitando las operaciones de corte, revestimiento y biselado, garantizando as\u00ed soldaduras perfectas. y calidad. Corte, revestimiento y biselado: existen diferentes m\u00e9todos para cortar y preparar los extremos del tubo para su posterior procesamiento.","og_url":"https:\/\/www.polysoude.com\/es\/preparacion-de-tubos\/corte-revestimiento-y-biselado-de-tubos\/","og_site_name":"Polysoude","article_publisher":"https:\/\/www.facebook.com\/Polysoude\/","article_modified_time":"2020-07-08T14:34:07+00:00","og_image":[{"width":500,"height":500,"url":"https:\/\/www.polysoude.com\/wp-content\/uploads\/2019\/06\/cutting-tube-and-pipe-end-preparation_R.jpg","type":"image\/jpeg"}],"twitter_card":"summary_large_image","twitter_misc":{"Tiempo de lectura":"1 minute"},"schema":{"@context":"https:\/\/schema.org","@graph":[{"@type":"WebPage","@id":"https:\/\/www.polysoude.com\/es\/preparacion-de-tubos\/corte-revestimiento-y-biselado-de-tubos\/","url":"https:\/\/www.polysoude.com\/es\/preparacion-de-tubos\/corte-revestimiento-y-biselado-de-tubos\/","name":"Corte, revestimiento y biselado de tubos y tuber\u00edas","isPartOf":{"@id":"https:\/\/www.polysoude.com\/es\/#website"},"primaryImageOfPage":{"@id":"https:\/\/www.polysoude.com\/es\/preparacion-de-tubos\/corte-revestimiento-y-biselado-de-tubos\/#primaryimage"},"image":{"@id":"https:\/\/www.polysoude.com\/es\/preparacion-de-tubos\/corte-revestimiento-y-biselado-de-tubos\/#primaryimage"},"thumbnailUrl":"https:\/\/www.polysoude.com\/wp-content\/uploads\/2019\/06\/cutting-tube-and-pipe-end-preparation_R.jpg","datePublished":"2019-05-14T07:56:26+00:00","dateModified":"2020-07-08T14:34:07+00:00","description":"Una soldadura de buena calidad requiere una excelente preparaci\u00f3n del tubo. Dado que la preparaci\u00f3n de los extremos de los tubos es un paso esencial antes de soldar, POLYSOUDE ofrece una amplia gama de equipos port\u00e1tiles para el mecanizado preciso de los tubos, facilitando las operaciones de corte, revestimiento y biselado, garantizando as\u00ed soldaduras perfectas. y calidad. Corte, revestimiento y biselado: existen diferentes m\u00e9todos para cortar y preparar los extremos del tubo para su posterior procesamiento.","breadcrumb":{"@id":"https:\/\/www.polysoude.com\/es\/preparacion-de-tubos\/corte-revestimiento-y-biselado-de-tubos\/#breadcrumb"},"inLanguage":"es-ES","potentialAction":[{"@type":"ReadAction","target":["https:\/\/www.polysoude.com\/es\/preparacion-de-tubos\/corte-revestimiento-y-biselado-de-tubos\/"]}]},{"@type":"ImageObject","inLanguage":"es-ES","@id":"https:\/\/www.polysoude.com\/es\/preparacion-de-tubos\/corte-revestimiento-y-biselado-de-tubos\/#primaryimage","url":"https:\/\/www.polysoude.com\/wp-content\/uploads\/2019\/06\/cutting-tube-and-pipe-end-preparation_R.jpg","contentUrl":"https:\/\/www.polysoude.com\/wp-content\/uploads\/2019\/06\/cutting-tube-and-pipe-end-preparation_R.jpg","width":500,"height":500},{"@type":"BreadcrumbList","@id":"https:\/\/www.polysoude.com\/es\/preparacion-de-tubos\/corte-revestimiento-y-biselado-de-tubos\/#breadcrumb","itemListElement":[{"@type":"ListItem","position":1,"name":"Home","item":"https:\/\/www.polysoude.com\/es\/homepage\/"},{"@type":"ListItem","position":2,"name":"Preparaci\u00f3n de Tubos","item":"https:\/\/www.polysoude.com\/es\/preparacion-de-tubos\/"},{"@type":"ListItem","position":3,"name":"Corte, revestimiento y biselado de tubos"}]},{"@type":"WebSite","@id":"https:\/\/www.polysoude.com\/es\/#website","url":"https:\/\/www.polysoude.com\/es\/","name":"Polysoude","description":"The art of welding","publisher":{"@id":"https:\/\/www.polysoude.com\/es\/#organization"},"alternateName":"Polysoude","potentialAction":[{"@type":"SearchAction","target":{"@type":"EntryPoint","urlTemplate":"https:\/\/www.polysoude.com\/es\/?s={search_term_string}"},"query-input":{"@type":"PropertyValueSpecification","valueRequired":true,"valueName":"search_term_string"}}],"inLanguage":"es-ES"},{"@type":"Organization","@id":"https:\/\/www.polysoude.com\/es\/#organization","name":"Polysoude","alternateName":"Polysoude","url":"https:\/\/www.polysoude.com\/es\/","logo":{"@type":"ImageObject","inLanguage":"es-ES","@id":"https:\/\/www.polysoude.com\/es\/#\/schema\/logo\/image\/","url":"https:\/\/www.polysoude.com\/wp-content\/uploads\/2022\/07\/Polysoude_Logo_signature_fond-transparent_600dpi_300mm_RVB-e1658123578778.png","contentUrl":"https:\/\/www.polysoude.com\/wp-content\/uploads\/2022\/07\/Polysoude_Logo_signature_fond-transparent_600dpi_300mm_RVB-e1658123578778.png","width":465,"height":86,"caption":"Polysoude"},"image":{"@id":"https:\/\/www.polysoude.com\/es\/#\/schema\/logo\/image\/"},"sameAs":["https:\/\/www.facebook.com\/Polysoude\/","https:\/\/www.linkedin.com\/company\/polysoude\/","https:\/\/www.instagram.com\/polysoudeglobal\/"]}]}},"_links":{"self":[{"href":"https:\/\/www.polysoude.com\/es\/wp-json\/wp\/v2\/pages\/25304","targetHints":{"allow":["GET"]}}],"collection":[{"href":"https:\/\/www.polysoude.com\/es\/wp-json\/wp\/v2\/pages"}],"about":[{"href":"https:\/\/www.polysoude.com\/es\/wp-json\/wp\/v2\/types\/page"}],"author":[{"embeddable":true,"href":"https:\/\/www.polysoude.com\/es\/wp-json\/wp\/v2\/users\/3"}],"replies":[{"embeddable":true,"href":"https:\/\/www.polysoude.com\/es\/wp-json\/wp\/v2\/comments?post=25304"}],"version-history":[{"count":3,"href":"https:\/\/www.polysoude.com\/es\/wp-json\/wp\/v2\/pages\/25304\/revisions"}],"predecessor-version":[{"id":30352,"href":"https:\/\/www.polysoude.com\/es\/wp-json\/wp\/v2\/pages\/25304\/revisions\/30352"}],"up":[{"embeddable":true,"href":"https:\/\/www.polysoude.com\/es\/wp-json\/wp\/v2\/pages\/30348"}],"wp:featuredmedia":[{"embeddable":true,"href":"https:\/\/www.polysoude.com\/es\/wp-json\/wp\/v2\/media\/25890"}],"wp:attachment":[{"href":"https:\/\/www.polysoude.com\/es\/wp-json\/wp\/v2\/media?parent=25304"}],"curies":[{"name":"wp","href":"https:\/\/api.w.org\/{rel}","templated":true}]}}