{"id":2551,"date":"2016-10-06T10:05:18","date_gmt":"2016-10-06T08:05:18","guid":{"rendered":"http:\/\/www.polysoude.com\/acerca-de-polysoude\/about-us\/?lang=es"},"modified":"2023-07-31T12:16:06","modified_gmt":"2023-07-31T10:16:06","slug":"presentacion-de-la-empresa","status":"publish","type":"page","link":"https:\/\/www.polysoude.com\/es\/acerca-de-polysoude-2\/presentacion-de-la-empresa\/","title":{"rendered":"Presentaci\u00f3n de la empresa"},"content":{"rendered":"\n\n\t<h2>POLYSOUDE\u00a0dise\u00f1a, fabrica y comercializa todo tipo de equipos que utilizan un proceso<br \/>\nde soldadura por arco TIG:<\/h2>\n<p>&nbsp;<\/p>\n<ul>\n<li>La soldadura orbital: tubo sobre tubo, tubo sobre placa de tubos de cualquier tama\u00f1o y espesor<\/li>\n<li>Soldadura automatizada: TIG con hilo cliente o fr\u00edo &#8211; Plasma<\/li>\n<li>Recubrimiento de soldadura con solapamiento: TIG o TIG<sup>er<\/sup> con hilo caliente o fr\u00edo<\/li>\n<li>Servicios asociados<\/li>\n<\/ul>\n\t\t\t\t<img loading=\"lazy\" decoding=\"async\" src=\"https:\/\/www.polysoude.com\/wp-content\/uploads\/2016\/10\/about-polysoude-entrance.jpg\" alt=\"About Polysoude entrance\" height=\"675\" width=\"900\" title=\"about-polysoude-entrance\" \/>\n\t<p>&nbsp;<\/p>\n<p>Los resultados son <strong>soluciones innovadoras y t\u00e9cnicamente probadas<\/strong> de alta calidad y valor a\u00f1adido en respuesta a las peticiones del sector de la fabricaci\u00f3n. La compa\u00f1\u00eda siempre est\u00e1 a la vanguardia de la I + D: gracias a la combinaci\u00f3n de <strong>experiencia, conocimientos t\u00e9cnicos y creatividad<\/strong> de nuestros expertos, desarrollamos soluciones altamente ingeniosas, como la tecnolog\u00eda de superposici\u00f3n de soldadura (Cladding Overlay) bi-c\u00e1todo TIG<sup>er<\/sup>.<\/p>\n<p>&nbsp;<\/p>\n\t<p>Nuestros productos se utilizan dentro de los sectores industriales que requieren los m\u00e1s altos niveles de control de calidad, tales como:<\/p>\n<ul>\n<li>Alta pureza (industria qu\u00edmica, agroalimentaria, farmac\u00e9utica, semiconductores, tratamiento del agua)<\/li>\n<li>Intercambiadores t\u00e9rmicos (construcci\u00f3n de calderas, transferencia t\u00e9rmica)<\/li>\n<li>Generaci\u00f3n de energ\u00eda (combustibles f\u00f3siles, energ\u00eda nuclear, energ\u00edas renovables)<\/li>\n<li>Petr\u00f3leo y gas (exploraci\u00f3n, transformaci\u00f3n, transporte)<\/li>\n<li>Transporte (aeroespacial, autom\u00f3vil, naval, ferrocarril)<\/li>\n<li>Producci\u00f3n de peque\u00f1a y mediana escala (microelectr\u00f3nica, etc.)<\/li>\n<\/ul>\n\t<h4>Por delante del sector, pero cercano y a mano &#8211; cuando se trata de entender los problemas de los fabricantes&#8230;<\/h4>\n<p>POLYSOUDE tiene un \u00fanico objetivo: <strong>optimizar la productividad y la calidad<\/strong> de los productos de sus clientes mediante el desarrollo de soluciones nuevas y dise\u00f1adas a medida para resolver sus problemas m\u00e1s espec\u00edficos. Somos capaces de comprometernos con esta premisa mediante la realizaci\u00f3n de <strong>estudios puntuales a fondo de las necesidades espec\u00edficas de los clientes, bas\u00e1ndonos en nuestro <\/strong><strong>conocimiento de los temas y en nuestras competencias<\/strong>. Esto nos permite contribuir al desarrollo del valor a\u00f1adido industrial de nuestros clientes mediante la mejora continuada de sus t\u00e9cnicas de soldadura en cualquier forma posible.<\/p>\n\n\t<h4>Cultivando una vocaci\u00f3n de servicio<\/h4>\n<p>Adem\u00e1s de nuestras innovaciones tecnol\u00f3gicas, mantenemos un <strong>contacto cercano con nuestros clientes<\/strong>, tanto desde el punto de vista geogr\u00e1fico como cultural. En nuestro compromiso por perseguir la excelencia, les escuchamos, analizamos sus necesidades y les <strong>ofrecemos una amplia gama de servicios<\/strong> que incluyen formaci\u00f3n y asesoramiento.<\/p>\n\t<h4>Mirando hacia atr\u00e1s, a la riqueza de la historia<\/h4>\n<p>Desde hace ya m\u00e1s de 50 a\u00f1os, POLYSOUDE ha evolucionado para permitir a sus clientes disfrutar de su rica experiencia y aumentar su presencia por el mundo. Estos son algunos de los acontecimientos m\u00e1s importantes:<\/p>\n<ul>\n<li><strong>1961<\/strong>\u00a0&#8211; Creaci\u00f3n de POLYSOUDE, marcando el inicio del dise\u00f1o y fabricaci\u00f3n de equipos de soldadura orbital.<\/li>\n<li><strong>1979<\/strong> &#8211; Adquisici\u00f3n por parte del grupo alem\u00e1n MESSER (empresa filial de HOECHST)<\/li>\n<li><strong>1993<\/strong> &#8211; Adquisici\u00f3n de ASTRO ARC Inc. para la formaci\u00f3n de ASTRO ARC POLYSOUDE Inc. permitiendo as\u00ed la representaci\u00f3n en los EE.\u00a0UU.<\/li>\n<li><strong>1996<\/strong> &#8211; Apertura de nuestra oficina de POLYSOUDE en el Reino Unido<\/li>\n<li><strong>1998<\/strong> &#8211; Polysoude se convierte en miembro del grupo GWT<\/li>\n<li><strong>2000<\/strong> &#8211; Apertura de nuestra oficina de POLYSOUDE en Benelux<\/li>\n<li><strong>2004<\/strong> &#8211; Apertura de nuestra filial en China &#8211; POLYSOUDE SHANGHAI Co. Ltd<\/li>\n<li><strong>2005<\/strong> &#8211; Apertura de nuestra filial en Austria &#8211; POLYSOUDE AUSTRIA GmbH<\/li>\n<li><strong>2006<\/strong> &#8211; Apertura de nuestra filial en Rusia &#8211; POLYSOUDE WT 000 en Mosc\u00fa<\/li>\n<li><strong>2006<\/strong> &#8211; Apertura de nuestra filial en Suiza &#8211; POLYSOUDE SWITZERLAND Ltd<\/li>\n<li><strong>2007<\/strong> &#8211; Apertura de nuestra filial en Italia &#8211; POLYSOUDE ITALIA S.R.L.<\/li>\n<li><strong>2008<\/strong> &#8211; Apertura de nuestra oficina de POLYSOUDE en la Rep\u00fablica Checa<\/li>\n<li><strong>2008<\/strong> &#8211; Certificaci\u00f3n ISO 9001: 2000<\/li>\n<li><strong>2009<\/strong> &#8211; Apertura de nuestra oficina en la India &#8211; POLYSOUDE INDIA<\/li>\n<li><strong>2011<\/strong> &#8211; Apertura de nuestra filial en Alemania &#8211; POLYSOUDE DEUTSCHLAND GmbH<\/li>\n<li><strong>2013<\/strong> &#8211; Apertura de nuestra oficina en\u00a0Espa\u00f1a &#8211; POLYSOUDE IBERIA<\/li>\n<li><strong>2013<\/strong> &#8211; Apertura de nuestro centro de tecnolog\u00eda de Soldadura PTW en Rusia<\/li>\n<li><strong>2013<\/strong> &#8211; Desarrollo de Polysoude en la tecnolog\u00eda \u00fanica de soldadura TIG<sup>er<\/sup><\/li>\n<li><strong>2014<\/strong> &#8211; Apertura de nuestro centro de tecnolog\u00eda en Suiza<\/li>\n<li><strong>2015<\/strong> &#8211; Primer sistema de soldadura por recubrimiento SPX TIGer de rotaci\u00f3n continua y con control digital.<\/li>\n<li><strong>2015<\/strong> &#8211; Certificaci\u00f3n ISO 9001 : 2008<\/li>\n<li><strong>2017<\/strong> &#8211; Desarrollo de la supervisi\u00f3n por v\u00eddeo con sensor WDR para la soldadura y el recubrimiento de la soldadura.<\/li>\n<li><strong>2018<\/strong> &#8211; Lanzamiento de la l\u00ednea de productos PolyClad, soluciones de recubrimiento de soldaduras.<\/li>\n<li><strong>2018<\/strong> &#8211; Certificaci\u00f3n ISO 9001 : 2015<\/li>\n<li><strong>2019<\/strong> &#8211; Industria 4.0: Dise\u00f1ando estaciones de soldadura inteligentes m\u00e1s comunicativas y m\u00e1s inteligentes.<\/li>\n<li><strong>2019<\/strong> &#8211; Asociaci\u00f3n con PROTEM<\/li>\n<li><strong>2020<\/strong> &#8211; Apertura de nuestra filial holandesa &#8211; POLYSOUDE BENELUX B.V.<\/li>\n<li><strong>2021<\/strong> &#8211; Certificaci\u00f3n ISO 9001 por 15\u00ba a\u00f1o consecutivo<\/li>\n<\/ul>\n\t\t\t\t<img loading=\"lazy\" decoding=\"async\" src=\"https:\/\/www.polysoude.com\/wp-content\/uploads\/2016\/10\/polysoude-former-baco-building.jpg\" alt=\"&quot;BACO&quot; antiguo sitio Polysoude\" height=\"254\" width=\"250\" title=\"polysoude-former-baco-building\" \/>\n\t\t&#8220;BACO&#8221; antiguo sitio Polysoude\n\t<h4>Polysoude &#8211; miembro del grupo GWT<\/h4>\n<p>El grupo GWT Group se especializa en soluciones de soldadura orbital, automotizada y robotizada. Cubre todas las competencias t\u00e9cnicas solicitadas y tiene su propia red mundial de ventas y servicios.<\/p>\n\t\t\t\t<img loading=\"lazy\" decoding=\"async\" src=\"https:\/\/www.polysoude.com\/wp-content\/uploads\/2023\/07\/global-welding-logo_rot-grau-300x254.png\" alt=\"global welding logo_rot-grau\" height=\"254\" width=\"300\" title=\"global welding logo_rot-grau\" \/>\n\t\t\t\t<img loading=\"lazy\" decoding=\"async\" src=\"https:\/\/www.polysoude.com\/wp-content\/uploads\/2016\/10\/logo-polysoude-small.jpg\" alt=\"logo-polysoude-small\" height=\"30\" width=\"268\" title=\"logo-polysoude-small\" \/>\n\t\t\t\t<img loading=\"lazy\" decoding=\"async\" src=\"https:\/\/www.polysoude.com\/wp-content\/uploads\/2016\/10\/logo-igm_small.jpg\" alt=\"logo-igm_small\" height=\"41\" width=\"94\" title=\"logo-igm_small\" \/>\n\t\t\t\t<img loading=\"lazy\" decoding=\"async\" src=\"https:\/\/www.polysoude.com\/wp-content\/uploads\/2016\/10\/logo-oxytechnik_small.jpg\" alt=\"logo-oxytechnik_small\" height=\"77\" width=\"211\" title=\"logo-oxytechnik_small\" \/>\n\t\t\t\t<img loading=\"lazy\" decoding=\"async\" src=\"https:\/\/www.polysoude.com\/wp-content\/uploads\/2023\/07\/Logo_GBT_5.png\" alt=\"Logo_GBT_5\" height=\"65\" width=\"95\" title=\"Logo_GBT_5\" \/>\n\t\t\t\t<img loading=\"lazy\" decoding=\"async\" src=\"https:\/\/www.polysoude.com\/wp-content\/uploads\/2016\/10\/group-pic-polysoude-150x150.jpg\" alt=\"group-pic-polysoude\" height=\"150\" width=\"150\" title=\"group-pic-polysoude\" \/>\n\t\t\t\t<img loading=\"lazy\" decoding=\"async\" src=\"https:\/\/www.polysoude.com\/wp-content\/uploads\/2016\/10\/group-pic-igm-150x150.jpg\" alt=\"group-pic-igm\" height=\"150\" width=\"150\" title=\"group-pic-igm\" \/>\n\t\t\t\t<img loading=\"lazy\" decoding=\"async\" src=\"https:\/\/www.polysoude.com\/wp-content\/uploads\/2016\/10\/group-pic-oxytechnik-150x150.jpg\" alt=\"group-pic-oxytechnik\" height=\"150\" width=\"150\" title=\"group-pic-oxytechnik\" \/>\n\t\t\t\t<img loading=\"lazy\" decoding=\"async\" src=\"https:\/\/www.polysoude.com\/wp-content\/uploads\/2016\/10\/group-pic-gbt-150x150.jpg\" alt=\"group-pic-gbt\" height=\"150\" width=\"150\" title=\"group-pic-gbt\" \/>\n\t<p>L\u00edder en soldadura orbital y automatizada y recargues de soldadura mediante los procesos TIG, TIG<sup>er<\/sup> y Plasma.<\/p>\n\t<p>Experto en c\u00e9lulas de soldadura compactas, sistemas personalizados de soldadura robotizada, biseladoras y l\u00edneas de fabricaci\u00f3n flexibles.<\/p>\n\t<p>Habilidad y rendimiento en la producci\u00f3n, combinando corte y soldadura.<\/p>\n\t<p>Maestro de la tecnolog\u00eda electro beam y la automatizaci\u00f3n relacionada.<\/p>\n\t<p><strong>Grupo GWT: todas las competencias combinadas en el campo de la soldadura autom\u00e1tizada y del recargue de soldadura<\/strong><\/p>\n\n","protected":false},"excerpt":{"rendered":"<p>POLYSOUDE\u00a0dise\u00f1a, fabrica y comercializa todo tipo de equipos que utilizan un proceso de soldadura por arco TIG: &nbsp; La soldadura orbital: tubo sobre tubo, tubo sobre placa de tubos de cualquier tama\u00f1o y espesor Soldadura automatizada: TIG con hilo cliente o fr\u00edo &#8211; Plasma Recubrimiento de soldadura con solapamiento: TIG o TIGer con hilo caliente [&hellip;]<\/p>\n","protected":false},"author":1,"featured_media":686,"parent":2547,"menu_order":0,"comment_status":"closed","ping_status":"closed","template":"page-contenu.php","meta":{"_acf_changed":false,"footnotes":""},"class_list":["post-2551","page","type-page","status-publish","has-post-thumbnail","hentry"],"acf":[],"yoast_head":"<!-- This site is optimized with the Yoast SEO plugin v27.3 - https:\/\/yoast.com\/product\/yoast-seo-wordpress\/ -->\n<title>Presentaci\u00f3n de la empresa | Polysoude<\/title>\n<meta name=\"description\" content=\"POLYSOUDE\u00a0dise\u00f1a, fabrica y comercializa todo tipo de equipos que utilizan un proceso de soldadura por arco TIG: &nbsp; La soldadura orbital: tubo sobre\" \/>\n<meta name=\"robots\" content=\"index, follow, max-snippet:-1, max-image-preview:large, max-video-preview:-1\" \/>\n<link rel=\"canonical\" href=\"https:\/\/www.polysoude.com\/es\/acerca-de-polysoude-2\/presentacion-de-la-empresa\/\" \/>\n<meta property=\"og:locale\" content=\"es_ES\" \/>\n<meta property=\"og:type\" content=\"article\" \/>\n<meta property=\"og:title\" content=\"Presentaci\u00f3n de la empresa | Polysoude\" \/>\n<meta property=\"og:description\" content=\"POLYSOUDE\u00a0dise\u00f1a, fabrica y comercializa todo tipo de equipos que utilizan un proceso de soldadura por arco TIG: &nbsp; La soldadura orbital: tubo sobre\" \/>\n<meta property=\"og:url\" content=\"https:\/\/www.polysoude.com\/es\/acerca-de-polysoude-2\/presentacion-de-la-empresa\/\" \/>\n<meta property=\"og:site_name\" content=\"Polysoude\" \/>\n<meta property=\"article:publisher\" content=\"https:\/\/www.facebook.com\/Polysoude\/\" \/>\n<meta property=\"article:modified_time\" content=\"2023-07-31T10:16:06+00:00\" \/>\n<meta property=\"og:image\" content=\"https:\/\/www.polysoude.com\/wp-content\/uploads\/2022\/07\/Polysoude_Logo_signature_fond-transparent_600dpi_300mm_RVB-e1658123578778.png\" \/>\n\t<meta property=\"og:image:width\" content=\"465\" \/>\n\t<meta property=\"og:image:height\" content=\"86\" \/>\n\t<meta property=\"og:image:type\" content=\"image\/png\" \/>\n<meta name=\"twitter:card\" content=\"summary_large_image\" \/>\n<meta name=\"twitter:label1\" content=\"Tiempo de lectura\" \/>\n\t<meta name=\"twitter:data1\" content=\"4 minutes\" \/>\n<script type=\"application\/ld+json\" class=\"yoast-schema-graph\">{\"@context\":\"https:\\\/\\\/schema.org\",\"@graph\":[{\"@type\":\"WebPage\",\"@id\":\"https:\\\/\\\/www.polysoude.com\\\/es\\\/acerca-de-polysoude-2\\\/presentacion-de-la-empresa\\\/\",\"url\":\"https:\\\/\\\/www.polysoude.com\\\/es\\\/acerca-de-polysoude-2\\\/presentacion-de-la-empresa\\\/\",\"name\":\"Presentaci\u00f3n de la empresa | Polysoude\",\"isPartOf\":{\"@id\":\"https:\\\/\\\/www.polysoude.com\\\/es\\\/#website\"},\"primaryImageOfPage\":{\"@id\":\"https:\\\/\\\/www.polysoude.com\\\/es\\\/acerca-de-polysoude-2\\\/presentacion-de-la-empresa\\\/#primaryimage\"},\"image\":{\"@id\":\"https:\\\/\\\/www.polysoude.com\\\/es\\\/acerca-de-polysoude-2\\\/presentacion-de-la-empresa\\\/#primaryimage\"},\"thumbnailUrl\":\"https:\\\/\\\/www.polysoude.com\\\/wp-content\\\/uploads\\\/2016\\\/10\\\/about-polysoude-entrance.jpg\",\"datePublished\":\"2016-10-06T08:05:18+00:00\",\"dateModified\":\"2023-07-31T10:16:06+00:00\",\"description\":\"POLYSOUDE\u00a0dise\u00f1a, fabrica y comercializa todo tipo de equipos que utilizan un proceso de soldadura por arco TIG: &nbsp; La soldadura orbital: tubo sobre\",\"breadcrumb\":{\"@id\":\"https:\\\/\\\/www.polysoude.com\\\/es\\\/acerca-de-polysoude-2\\\/presentacion-de-la-empresa\\\/#breadcrumb\"},\"inLanguage\":\"es-ES\",\"potentialAction\":[{\"@type\":\"ReadAction\",\"target\":[\"https:\\\/\\\/www.polysoude.com\\\/es\\\/acerca-de-polysoude-2\\\/presentacion-de-la-empresa\\\/\"]}]},{\"@type\":\"ImageObject\",\"inLanguage\":\"es-ES\",\"@id\":\"https:\\\/\\\/www.polysoude.com\\\/es\\\/acerca-de-polysoude-2\\\/presentacion-de-la-empresa\\\/#primaryimage\",\"url\":\"https:\\\/\\\/www.polysoude.com\\\/wp-content\\\/uploads\\\/2016\\\/10\\\/about-polysoude-entrance.jpg\",\"contentUrl\":\"https:\\\/\\\/www.polysoude.com\\\/wp-content\\\/uploads\\\/2016\\\/10\\\/about-polysoude-entrance.jpg\",\"width\":900,\"height\":675,\"caption\":\"About Polysoude entrance\"},{\"@type\":\"BreadcrumbList\",\"@id\":\"https:\\\/\\\/www.polysoude.com\\\/es\\\/acerca-de-polysoude-2\\\/presentacion-de-la-empresa\\\/#breadcrumb\",\"itemListElement\":[{\"@type\":\"ListItem\",\"position\":1,\"name\":\"Home\",\"item\":\"https:\\\/\\\/www.polysoude.com\\\/es\\\/homepage\\\/\"},{\"@type\":\"ListItem\",\"position\":2,\"name\":\"Acerca de Polysoude\",\"item\":\"https:\\\/\\\/www.polysoude.com\\\/es\\\/acerca-de-polysoude-2\\\/\"},{\"@type\":\"ListItem\",\"position\":3,\"name\":\"Presentaci\u00f3n de la empresa\"}]},{\"@type\":\"WebSite\",\"@id\":\"https:\\\/\\\/www.polysoude.com\\\/es\\\/#website\",\"url\":\"https:\\\/\\\/www.polysoude.com\\\/es\\\/\",\"name\":\"Polysoude\",\"description\":\"The art of welding\",\"publisher\":{\"@id\":\"https:\\\/\\\/www.polysoude.com\\\/es\\\/#organization\"},\"alternateName\":\"Polysoude\",\"potentialAction\":[{\"@type\":\"SearchAction\",\"target\":{\"@type\":\"EntryPoint\",\"urlTemplate\":\"https:\\\/\\\/www.polysoude.com\\\/es\\\/?s={search_term_string}\"},\"query-input\":{\"@type\":\"PropertyValueSpecification\",\"valueRequired\":true,\"valueName\":\"search_term_string\"}}],\"inLanguage\":\"es-ES\"},{\"@type\":\"Organization\",\"@id\":\"https:\\\/\\\/www.polysoude.com\\\/es\\\/#organization\",\"name\":\"Polysoude\",\"alternateName\":\"Polysoude\",\"url\":\"https:\\\/\\\/www.polysoude.com\\\/es\\\/\",\"logo\":{\"@type\":\"ImageObject\",\"inLanguage\":\"es-ES\",\"@id\":\"https:\\\/\\\/www.polysoude.com\\\/es\\\/#\\\/schema\\\/logo\\\/image\\\/\",\"url\":\"https:\\\/\\\/www.polysoude.com\\\/wp-content\\\/uploads\\\/2022\\\/07\\\/Polysoude_Logo_signature_fond-transparent_600dpi_300mm_RVB-e1658123578778.png\",\"contentUrl\":\"https:\\\/\\\/www.polysoude.com\\\/wp-content\\\/uploads\\\/2022\\\/07\\\/Polysoude_Logo_signature_fond-transparent_600dpi_300mm_RVB-e1658123578778.png\",\"width\":465,\"height\":86,\"caption\":\"Polysoude\"},\"image\":{\"@id\":\"https:\\\/\\\/www.polysoude.com\\\/es\\\/#\\\/schema\\\/logo\\\/image\\\/\"},\"sameAs\":[\"https:\\\/\\\/www.facebook.com\\\/Polysoude\\\/\",\"https:\\\/\\\/www.linkedin.com\\\/company\\\/polysoude\\\/\",\"https:\\\/\\\/www.instagram.com\\\/polysoudeglobal\\\/\"]}]}<\/script>\n<!-- \/ Yoast SEO plugin. -->","yoast_head_json":{"title":"Presentaci\u00f3n de la empresa | Polysoude","description":"POLYSOUDE\u00a0dise\u00f1a, fabrica y comercializa todo tipo de equipos que utilizan un proceso de soldadura por arco TIG: &nbsp; La soldadura orbital: tubo sobre","robots":{"index":"index","follow":"follow","max-snippet":"max-snippet:-1","max-image-preview":"max-image-preview:large","max-video-preview":"max-video-preview:-1"},"canonical":"https:\/\/www.polysoude.com\/es\/acerca-de-polysoude-2\/presentacion-de-la-empresa\/","og_locale":"es_ES","og_type":"article","og_title":"Presentaci\u00f3n de la empresa | Polysoude","og_description":"POLYSOUDE\u00a0dise\u00f1a, fabrica y comercializa todo tipo de equipos que utilizan un proceso de soldadura por arco TIG: &nbsp; La soldadura orbital: tubo sobre","og_url":"https:\/\/www.polysoude.com\/es\/acerca-de-polysoude-2\/presentacion-de-la-empresa\/","og_site_name":"Polysoude","article_publisher":"https:\/\/www.facebook.com\/Polysoude\/","article_modified_time":"2023-07-31T10:16:06+00:00","og_image":[{"width":465,"height":86,"url":"https:\/\/www.polysoude.com\/wp-content\/uploads\/2022\/07\/Polysoude_Logo_signature_fond-transparent_600dpi_300mm_RVB-e1658123578778.png","type":"image\/png"}],"twitter_card":"summary_large_image","twitter_misc":{"Tiempo de lectura":"4 minutes"},"schema":{"@context":"https:\/\/schema.org","@graph":[{"@type":"WebPage","@id":"https:\/\/www.polysoude.com\/es\/acerca-de-polysoude-2\/presentacion-de-la-empresa\/","url":"https:\/\/www.polysoude.com\/es\/acerca-de-polysoude-2\/presentacion-de-la-empresa\/","name":"Presentaci\u00f3n de la empresa | Polysoude","isPartOf":{"@id":"https:\/\/www.polysoude.com\/es\/#website"},"primaryImageOfPage":{"@id":"https:\/\/www.polysoude.com\/es\/acerca-de-polysoude-2\/presentacion-de-la-empresa\/#primaryimage"},"image":{"@id":"https:\/\/www.polysoude.com\/es\/acerca-de-polysoude-2\/presentacion-de-la-empresa\/#primaryimage"},"thumbnailUrl":"https:\/\/www.polysoude.com\/wp-content\/uploads\/2016\/10\/about-polysoude-entrance.jpg","datePublished":"2016-10-06T08:05:18+00:00","dateModified":"2023-07-31T10:16:06+00:00","description":"POLYSOUDE\u00a0dise\u00f1a, fabrica y comercializa todo tipo de equipos que utilizan un proceso de soldadura por arco TIG: &nbsp; La soldadura orbital: tubo sobre","breadcrumb":{"@id":"https:\/\/www.polysoude.com\/es\/acerca-de-polysoude-2\/presentacion-de-la-empresa\/#breadcrumb"},"inLanguage":"es-ES","potentialAction":[{"@type":"ReadAction","target":["https:\/\/www.polysoude.com\/es\/acerca-de-polysoude-2\/presentacion-de-la-empresa\/"]}]},{"@type":"ImageObject","inLanguage":"es-ES","@id":"https:\/\/www.polysoude.com\/es\/acerca-de-polysoude-2\/presentacion-de-la-empresa\/#primaryimage","url":"https:\/\/www.polysoude.com\/wp-content\/uploads\/2016\/10\/about-polysoude-entrance.jpg","contentUrl":"https:\/\/www.polysoude.com\/wp-content\/uploads\/2016\/10\/about-polysoude-entrance.jpg","width":900,"height":675,"caption":"About Polysoude entrance"},{"@type":"BreadcrumbList","@id":"https:\/\/www.polysoude.com\/es\/acerca-de-polysoude-2\/presentacion-de-la-empresa\/#breadcrumb","itemListElement":[{"@type":"ListItem","position":1,"name":"Home","item":"https:\/\/www.polysoude.com\/es\/homepage\/"},{"@type":"ListItem","position":2,"name":"Acerca de Polysoude","item":"https:\/\/www.polysoude.com\/es\/acerca-de-polysoude-2\/"},{"@type":"ListItem","position":3,"name":"Presentaci\u00f3n de la empresa"}]},{"@type":"WebSite","@id":"https:\/\/www.polysoude.com\/es\/#website","url":"https:\/\/www.polysoude.com\/es\/","name":"Polysoude","description":"The art of welding","publisher":{"@id":"https:\/\/www.polysoude.com\/es\/#organization"},"alternateName":"Polysoude","potentialAction":[{"@type":"SearchAction","target":{"@type":"EntryPoint","urlTemplate":"https:\/\/www.polysoude.com\/es\/?s={search_term_string}"},"query-input":{"@type":"PropertyValueSpecification","valueRequired":true,"valueName":"search_term_string"}}],"inLanguage":"es-ES"},{"@type":"Organization","@id":"https:\/\/www.polysoude.com\/es\/#organization","name":"Polysoude","alternateName":"Polysoude","url":"https:\/\/www.polysoude.com\/es\/","logo":{"@type":"ImageObject","inLanguage":"es-ES","@id":"https:\/\/www.polysoude.com\/es\/#\/schema\/logo\/image\/","url":"https:\/\/www.polysoude.com\/wp-content\/uploads\/2022\/07\/Polysoude_Logo_signature_fond-transparent_600dpi_300mm_RVB-e1658123578778.png","contentUrl":"https:\/\/www.polysoude.com\/wp-content\/uploads\/2022\/07\/Polysoude_Logo_signature_fond-transparent_600dpi_300mm_RVB-e1658123578778.png","width":465,"height":86,"caption":"Polysoude"},"image":{"@id":"https:\/\/www.polysoude.com\/es\/#\/schema\/logo\/image\/"},"sameAs":["https:\/\/www.facebook.com\/Polysoude\/","https:\/\/www.linkedin.com\/company\/polysoude\/","https:\/\/www.instagram.com\/polysoudeglobal\/"]}]}},"_links":{"self":[{"href":"https:\/\/www.polysoude.com\/es\/wp-json\/wp\/v2\/pages\/2551","targetHints":{"allow":["GET"]}}],"collection":[{"href":"https:\/\/www.polysoude.com\/es\/wp-json\/wp\/v2\/pages"}],"about":[{"href":"https:\/\/www.polysoude.com\/es\/wp-json\/wp\/v2\/types\/page"}],"author":[{"embeddable":true,"href":"https:\/\/www.polysoude.com\/es\/wp-json\/wp\/v2\/users\/1"}],"replies":[{"embeddable":true,"href":"https:\/\/www.polysoude.com\/es\/wp-json\/wp\/v2\/comments?post=2551"}],"version-history":[{"count":30,"href":"https:\/\/www.polysoude.com\/es\/wp-json\/wp\/v2\/pages\/2551\/revisions"}],"predecessor-version":[{"id":45497,"href":"https:\/\/www.polysoude.com\/es\/wp-json\/wp\/v2\/pages\/2551\/revisions\/45497"}],"up":[{"embeddable":true,"href":"https:\/\/www.polysoude.com\/es\/wp-json\/wp\/v2\/pages\/2547"}],"wp:featuredmedia":[{"embeddable":true,"href":"https:\/\/www.polysoude.com\/es\/wp-json\/wp\/v2\/media\/686"}],"wp:attachment":[{"href":"https:\/\/www.polysoude.com\/es\/wp-json\/wp\/v2\/media?parent=2551"}],"curies":[{"name":"wp","href":"https:\/\/api.w.org\/{rel}","templated":true}]}}