{"id":2559,"date":"2016-10-06T10:05:50","date_gmt":"2016-10-06T08:05:50","guid":{"rendered":"http:\/\/www.polysoude.com\/acerca-de-polysoude\/innovations\/?lang=es"},"modified":"2019-09-06T15:41:23","modified_gmt":"2019-09-06T13:41:23","slug":"innovations","status":"publish","type":"page","link":"https:\/\/www.polysoude.com\/es\/acerca-de-polysoude-2\/innovations\/","title":{"rendered":"Innovaci\u00f3n"},"content":{"rendered":"\n\t<h4>Promoviendo la I+D<\/h4>\n<p>Hemos recopilado una gran cantidad de conocimientos t\u00e9cnicos durante los \u00faltimos 50 a\u00f1os, como una comprensi\u00f3n completa de los procesos de soldadura, el dise\u00f1o y la ingenier\u00eda mec\u00e1nica de herramientas y conocimientos electr\u00f3nicos y el desarrollo de software. Los ingenieros y t\u00e9cnicos de nuestra oficina t\u00e9cnica han aumentado nuestra capacidad de innovaci\u00f3n, y se puede ver en nuestras soluciones que tienen cada vez m\u00e1s \u00e9xito, son m\u00e1s fiables y m\u00e1s f\u00e1ciles de utilizar.<\/p>\n\t\t\t\t<img loading=\"lazy\" decoding=\"async\" src=\"https:\/\/www.polysoude.com\/wp-content\/uploads\/2016\/10\/about_innov_ng-welding.jpg\" alt=\"Polysoude Narrow Groove welding\" itemprop=\"image\" height=\"2258\" width=\"1500\" title=\"about_innov_ng-welding\" onerror=\"this.style.display='none'\"  \/>\n\t\t\t\t<img loading=\"lazy\" decoding=\"async\" src=\"https:\/\/www.polysoude.com\/wp-content\/uploads\/2016\/10\/about_innov_tiger.jpg\" alt=\"TIGer weld overlay cladding\" itemprop=\"image\" height=\"1479\" width=\"1500\" title=\"about_innov_tiger\" onerror=\"this.style.display='none'\"  \/>\n\t<h4>Un paso m\u00e1s en su compromiso con el desarrollo de calidad<\/h4>\n<p>POLYSOUDE ha obtenido la calificaci\u00f3n <strong>ISO 9001<\/strong> en abril de 2006. Este certificado define estrictamente el enfoque que hemos adoptado hacia la mejora continua de nuestros sistemas de calidad, nuestros productos y los servicios que ofrecemos a nuestros clientes. Tambi\u00e9n se aplica a las herramientas de calidad que hemos instalado para cubrir nuestras necesidades espec\u00edficas, tales como nuestra Intranet, TDMS, CAD, CAM, ERP y CRM.<\/p>\n\t\t\t\t<img loading=\"lazy\" decoding=\"async\" src=\"https:\/\/www.polysoude.com\/wp-content\/uploads\/2016\/10\/about_innov_certification_iso-9001.jpg\" alt=\"about_innov_certification_iso-9001\" itemprop=\"image\" height=\"219\" width=\"433\" title=\"about_innov_certification_iso-9001\" onerror=\"this.style.display='none'\"  \/>\n\t<h4>\u00daltimos logros<\/h4>\n<p>La invenci\u00f3n ic\u00f3nica de POLYSOUDE, <strong>tecnolog\u00eda TIG<sup>er<\/sup><\/strong>, es el resultado de otro desarrollo tecnol\u00f3gico en 2013. Representa una variante del principio de soldadura TIG con hilo caliente. Una importante investigaci\u00f3n nos ha permitido definir la combinaci\u00f3n de condiciones de funcionamiento \u00f3ptima y el dise\u00f1o de la antorcha necesario para obtener las mejores prestaciones. El principio b\u00e1sico implica la uni\u00f3n de dos arcos TIG, dispuestos y controlados, para ser combinados en un \u00fanico arco con el valor calor\u00edfico de la combinaci\u00f3n de ambas potencias, pero con caracter\u00edsticas que no son frecuentes para semejantes intensidades. De hecho, dependiendo de la posici\u00f3n de los dos electrodos, es posible reducir considerablemente la fusi\u00f3n del metal de la base para llegar a \u00edndices de diluci\u00f3n que hacen que TIG<sup>er<\/sup> se adapten perfectamente al uso en aplicaciones de tratamiento de superficies.<\/p>\n","protected":false},"excerpt":{"rendered":"<p>Promoviendo la I+D Hemos recopilado una gran cantidad de conocimientos t\u00e9cnicos durante los \u00faltimos 50 a\u00f1os, como una comprensi\u00f3n completa de los procesos de soldadura, el dise\u00f1o y la ingenier\u00eda mec\u00e1nica de herramientas y conocimientos electr\u00f3nicos y el desarrollo de software. Los ingenieros y t\u00e9cnicos de nuestra oficina t\u00e9cnica han aumentado nuestra capacidad de innovaci\u00f3n, [&hellip;]<\/p>\n","protected":false},"author":1,"featured_media":8440,"parent":2547,"menu_order":0,"comment_status":"closed","ping_status":"closed","template":"page-contenu.php","meta":{"_acf_changed":false,"footnotes":""},"class_list":["post-2559","page","type-page","status-publish","has-post-thumbnail","hentry"],"acf":[],"yoast_head":"<!-- This site is optimized with the Yoast SEO plugin v27.3 - https:\/\/yoast.com\/product\/yoast-seo-wordpress\/ -->\n<title>Innovaci\u00f3n | Polysoude<\/title>\n<meta name=\"description\" content=\"Promoviendo la I+D Hemos recopilado una gran cantidad de conocimientos t\u00e9cnicos durante los \u00faltimos 50 a\u00f1os, como una comprensi\u00f3n completa de los procesos\" \/>\n<meta name=\"robots\" content=\"index, follow, max-snippet:-1, max-image-preview:large, max-video-preview:-1\" \/>\n<link rel=\"canonical\" href=\"https:\/\/www.polysoude.com\/es\/acerca-de-polysoude-2\/innovations\/\" \/>\n<meta property=\"og:locale\" content=\"es_ES\" \/>\n<meta property=\"og:type\" content=\"article\" \/>\n<meta property=\"og:title\" content=\"Innovaci\u00f3n | Polysoude\" \/>\n<meta property=\"og:description\" content=\"Promoviendo la I+D Hemos recopilado una gran cantidad de conocimientos t\u00e9cnicos durante los \u00faltimos 50 a\u00f1os, como una comprensi\u00f3n completa de los procesos\" \/>\n<meta property=\"og:url\" content=\"https:\/\/www.polysoude.com\/es\/acerca-de-polysoude-2\/innovations\/\" \/>\n<meta property=\"og:site_name\" content=\"Polysoude\" \/>\n<meta property=\"article:publisher\" content=\"https:\/\/www.facebook.com\/Polysoude\/\" \/>\n<meta property=\"article:modified_time\" content=\"2019-09-06T13:41:23+00:00\" \/>\n<meta property=\"og:image\" content=\"https:\/\/www.polysoude.com\/wp-content\/uploads\/2022\/07\/Polysoude_Logo_signature_fond-transparent_600dpi_300mm_RVB-e1658123578778.png\" \/>\n\t<meta property=\"og:image:width\" content=\"465\" \/>\n\t<meta property=\"og:image:height\" content=\"86\" \/>\n\t<meta property=\"og:image:type\" content=\"image\/png\" \/>\n<meta name=\"twitter:card\" content=\"summary_large_image\" \/>\n<meta name=\"twitter:label1\" content=\"Tiempo de lectura\" \/>\n\t<meta name=\"twitter:data1\" content=\"2 minutes\" \/>\n<script type=\"application\/ld+json\" class=\"yoast-schema-graph\">{\"@context\":\"https:\\\/\\\/schema.org\",\"@graph\":[{\"@type\":\"WebPage\",\"@id\":\"https:\\\/\\\/www.polysoude.com\\\/es\\\/acerca-de-polysoude-2\\\/innovations\\\/\",\"url\":\"https:\\\/\\\/www.polysoude.com\\\/es\\\/acerca-de-polysoude-2\\\/innovations\\\/\",\"name\":\"Innovaci\u00f3n | Polysoude\",\"isPartOf\":{\"@id\":\"https:\\\/\\\/www.polysoude.com\\\/es\\\/#website\"},\"primaryImageOfPage\":{\"@id\":\"https:\\\/\\\/www.polysoude.com\\\/es\\\/acerca-de-polysoude-2\\\/innovations\\\/#primaryimage\"},\"image\":{\"@id\":\"https:\\\/\\\/www.polysoude.com\\\/es\\\/acerca-de-polysoude-2\\\/innovations\\\/#primaryimage\"},\"thumbnailUrl\":\"https:\\\/\\\/www.polysoude.com\\\/wp-content\\\/uploads\\\/2016\\\/10\\\/innovation-tiger_500px.jpg\",\"datePublished\":\"2016-10-06T08:05:50+00:00\",\"dateModified\":\"2019-09-06T13:41:23+00:00\",\"description\":\"Promoviendo la I+D Hemos recopilado una gran cantidad de conocimientos t\u00e9cnicos durante los \u00faltimos 50 a\u00f1os, como una comprensi\u00f3n completa de los procesos\",\"breadcrumb\":{\"@id\":\"https:\\\/\\\/www.polysoude.com\\\/es\\\/acerca-de-polysoude-2\\\/innovations\\\/#breadcrumb\"},\"inLanguage\":\"es-ES\",\"potentialAction\":[{\"@type\":\"ReadAction\",\"target\":[\"https:\\\/\\\/www.polysoude.com\\\/es\\\/acerca-de-polysoude-2\\\/innovations\\\/\"]}]},{\"@type\":\"ImageObject\",\"inLanguage\":\"es-ES\",\"@id\":\"https:\\\/\\\/www.polysoude.com\\\/es\\\/acerca-de-polysoude-2\\\/innovations\\\/#primaryimage\",\"url\":\"https:\\\/\\\/www.polysoude.com\\\/wp-content\\\/uploads\\\/2016\\\/10\\\/innovation-tiger_500px.jpg\",\"contentUrl\":\"https:\\\/\\\/www.polysoude.com\\\/wp-content\\\/uploads\\\/2016\\\/10\\\/innovation-tiger_500px.jpg\",\"width\":500,\"height\":500},{\"@type\":\"BreadcrumbList\",\"@id\":\"https:\\\/\\\/www.polysoude.com\\\/es\\\/acerca-de-polysoude-2\\\/innovations\\\/#breadcrumb\",\"itemListElement\":[{\"@type\":\"ListItem\",\"position\":1,\"name\":\"Home\",\"item\":\"https:\\\/\\\/www.polysoude.com\\\/es\\\/homepage\\\/\"},{\"@type\":\"ListItem\",\"position\":2,\"name\":\"Acerca de Polysoude\",\"item\":\"https:\\\/\\\/www.polysoude.com\\\/es\\\/acerca-de-polysoude-2\\\/\"},{\"@type\":\"ListItem\",\"position\":3,\"name\":\"Innovaci\u00f3n\"}]},{\"@type\":\"WebSite\",\"@id\":\"https:\\\/\\\/www.polysoude.com\\\/es\\\/#website\",\"url\":\"https:\\\/\\\/www.polysoude.com\\\/es\\\/\",\"name\":\"Polysoude\",\"description\":\"The art of welding\",\"publisher\":{\"@id\":\"https:\\\/\\\/www.polysoude.com\\\/es\\\/#organization\"},\"alternateName\":\"Polysoude\",\"potentialAction\":[{\"@type\":\"SearchAction\",\"target\":{\"@type\":\"EntryPoint\",\"urlTemplate\":\"https:\\\/\\\/www.polysoude.com\\\/es\\\/?s={search_term_string}\"},\"query-input\":{\"@type\":\"PropertyValueSpecification\",\"valueRequired\":true,\"valueName\":\"search_term_string\"}}],\"inLanguage\":\"es-ES\"},{\"@type\":\"Organization\",\"@id\":\"https:\\\/\\\/www.polysoude.com\\\/es\\\/#organization\",\"name\":\"Polysoude\",\"alternateName\":\"Polysoude\",\"url\":\"https:\\\/\\\/www.polysoude.com\\\/es\\\/\",\"logo\":{\"@type\":\"ImageObject\",\"inLanguage\":\"es-ES\",\"@id\":\"https:\\\/\\\/www.polysoude.com\\\/es\\\/#\\\/schema\\\/logo\\\/image\\\/\",\"url\":\"https:\\\/\\\/www.polysoude.com\\\/wp-content\\\/uploads\\\/2022\\\/07\\\/Polysoude_Logo_signature_fond-transparent_600dpi_300mm_RVB-e1658123578778.png\",\"contentUrl\":\"https:\\\/\\\/www.polysoude.com\\\/wp-content\\\/uploads\\\/2022\\\/07\\\/Polysoude_Logo_signature_fond-transparent_600dpi_300mm_RVB-e1658123578778.png\",\"width\":465,\"height\":86,\"caption\":\"Polysoude\"},\"image\":{\"@id\":\"https:\\\/\\\/www.polysoude.com\\\/es\\\/#\\\/schema\\\/logo\\\/image\\\/\"},\"sameAs\":[\"https:\\\/\\\/www.facebook.com\\\/Polysoude\\\/\",\"https:\\\/\\\/www.linkedin.com\\\/company\\\/polysoude\\\/\",\"https:\\\/\\\/www.instagram.com\\\/polysoudeglobal\\\/\"]}]}<\/script>\n<!-- \/ Yoast SEO plugin. -->","yoast_head_json":{"title":"Innovaci\u00f3n | Polysoude","description":"Promoviendo la I+D Hemos recopilado una gran cantidad de conocimientos t\u00e9cnicos durante los \u00faltimos 50 a\u00f1os, como una comprensi\u00f3n completa de los procesos","robots":{"index":"index","follow":"follow","max-snippet":"max-snippet:-1","max-image-preview":"max-image-preview:large","max-video-preview":"max-video-preview:-1"},"canonical":"https:\/\/www.polysoude.com\/es\/acerca-de-polysoude-2\/innovations\/","og_locale":"es_ES","og_type":"article","og_title":"Innovaci\u00f3n | Polysoude","og_description":"Promoviendo la I+D Hemos recopilado una gran cantidad de conocimientos t\u00e9cnicos durante los \u00faltimos 50 a\u00f1os, como una comprensi\u00f3n completa de los procesos","og_url":"https:\/\/www.polysoude.com\/es\/acerca-de-polysoude-2\/innovations\/","og_site_name":"Polysoude","article_publisher":"https:\/\/www.facebook.com\/Polysoude\/","article_modified_time":"2019-09-06T13:41:23+00:00","og_image":[{"width":465,"height":86,"url":"https:\/\/www.polysoude.com\/wp-content\/uploads\/2022\/07\/Polysoude_Logo_signature_fond-transparent_600dpi_300mm_RVB-e1658123578778.png","type":"image\/png"}],"twitter_card":"summary_large_image","twitter_misc":{"Tiempo de lectura":"2 minutes"},"schema":{"@context":"https:\/\/schema.org","@graph":[{"@type":"WebPage","@id":"https:\/\/www.polysoude.com\/es\/acerca-de-polysoude-2\/innovations\/","url":"https:\/\/www.polysoude.com\/es\/acerca-de-polysoude-2\/innovations\/","name":"Innovaci\u00f3n | Polysoude","isPartOf":{"@id":"https:\/\/www.polysoude.com\/es\/#website"},"primaryImageOfPage":{"@id":"https:\/\/www.polysoude.com\/es\/acerca-de-polysoude-2\/innovations\/#primaryimage"},"image":{"@id":"https:\/\/www.polysoude.com\/es\/acerca-de-polysoude-2\/innovations\/#primaryimage"},"thumbnailUrl":"https:\/\/www.polysoude.com\/wp-content\/uploads\/2016\/10\/innovation-tiger_500px.jpg","datePublished":"2016-10-06T08:05:50+00:00","dateModified":"2019-09-06T13:41:23+00:00","description":"Promoviendo la I+D Hemos recopilado una gran cantidad de conocimientos t\u00e9cnicos durante los \u00faltimos 50 a\u00f1os, como una comprensi\u00f3n completa de los procesos","breadcrumb":{"@id":"https:\/\/www.polysoude.com\/es\/acerca-de-polysoude-2\/innovations\/#breadcrumb"},"inLanguage":"es-ES","potentialAction":[{"@type":"ReadAction","target":["https:\/\/www.polysoude.com\/es\/acerca-de-polysoude-2\/innovations\/"]}]},{"@type":"ImageObject","inLanguage":"es-ES","@id":"https:\/\/www.polysoude.com\/es\/acerca-de-polysoude-2\/innovations\/#primaryimage","url":"https:\/\/www.polysoude.com\/wp-content\/uploads\/2016\/10\/innovation-tiger_500px.jpg","contentUrl":"https:\/\/www.polysoude.com\/wp-content\/uploads\/2016\/10\/innovation-tiger_500px.jpg","width":500,"height":500},{"@type":"BreadcrumbList","@id":"https:\/\/www.polysoude.com\/es\/acerca-de-polysoude-2\/innovations\/#breadcrumb","itemListElement":[{"@type":"ListItem","position":1,"name":"Home","item":"https:\/\/www.polysoude.com\/es\/homepage\/"},{"@type":"ListItem","position":2,"name":"Acerca de Polysoude","item":"https:\/\/www.polysoude.com\/es\/acerca-de-polysoude-2\/"},{"@type":"ListItem","position":3,"name":"Innovaci\u00f3n"}]},{"@type":"WebSite","@id":"https:\/\/www.polysoude.com\/es\/#website","url":"https:\/\/www.polysoude.com\/es\/","name":"Polysoude","description":"The art of welding","publisher":{"@id":"https:\/\/www.polysoude.com\/es\/#organization"},"alternateName":"Polysoude","potentialAction":[{"@type":"SearchAction","target":{"@type":"EntryPoint","urlTemplate":"https:\/\/www.polysoude.com\/es\/?s={search_term_string}"},"query-input":{"@type":"PropertyValueSpecification","valueRequired":true,"valueName":"search_term_string"}}],"inLanguage":"es-ES"},{"@type":"Organization","@id":"https:\/\/www.polysoude.com\/es\/#organization","name":"Polysoude","alternateName":"Polysoude","url":"https:\/\/www.polysoude.com\/es\/","logo":{"@type":"ImageObject","inLanguage":"es-ES","@id":"https:\/\/www.polysoude.com\/es\/#\/schema\/logo\/image\/","url":"https:\/\/www.polysoude.com\/wp-content\/uploads\/2022\/07\/Polysoude_Logo_signature_fond-transparent_600dpi_300mm_RVB-e1658123578778.png","contentUrl":"https:\/\/www.polysoude.com\/wp-content\/uploads\/2022\/07\/Polysoude_Logo_signature_fond-transparent_600dpi_300mm_RVB-e1658123578778.png","width":465,"height":86,"caption":"Polysoude"},"image":{"@id":"https:\/\/www.polysoude.com\/es\/#\/schema\/logo\/image\/"},"sameAs":["https:\/\/www.facebook.com\/Polysoude\/","https:\/\/www.linkedin.com\/company\/polysoude\/","https:\/\/www.instagram.com\/polysoudeglobal\/"]}]}},"_links":{"self":[{"href":"https:\/\/www.polysoude.com\/es\/wp-json\/wp\/v2\/pages\/2559","targetHints":{"allow":["GET"]}}],"collection":[{"href":"https:\/\/www.polysoude.com\/es\/wp-json\/wp\/v2\/pages"}],"about":[{"href":"https:\/\/www.polysoude.com\/es\/wp-json\/wp\/v2\/types\/page"}],"author":[{"embeddable":true,"href":"https:\/\/www.polysoude.com\/es\/wp-json\/wp\/v2\/users\/1"}],"replies":[{"embeddable":true,"href":"https:\/\/www.polysoude.com\/es\/wp-json\/wp\/v2\/comments?post=2559"}],"version-history":[{"count":9,"href":"https:\/\/www.polysoude.com\/es\/wp-json\/wp\/v2\/pages\/2559\/revisions"}],"predecessor-version":[{"id":26896,"href":"https:\/\/www.polysoude.com\/es\/wp-json\/wp\/v2\/pages\/2559\/revisions\/26896"}],"up":[{"embeddable":true,"href":"https:\/\/www.polysoude.com\/es\/wp-json\/wp\/v2\/pages\/2547"}],"wp:featuredmedia":[{"embeddable":true,"href":"https:\/\/www.polysoude.com\/es\/wp-json\/wp\/v2\/media\/8440"}],"wp:attachment":[{"href":"https:\/\/www.polysoude.com\/es\/wp-json\/wp\/v2\/media?parent=2559"}],"curies":[{"name":"wp","href":"https:\/\/api.w.org\/{rel}","templated":true}]}}