{"id":2643,"date":"2016-10-06T10:04:33","date_gmt":"2016-10-06T08:04:33","guid":{"rendered":"http:\/\/www.polysoude.com\/servicios-alquileres-piezas-de-recambio\/maintenance-calibration-repair-services\/?lang=es"},"modified":"2024-07-29T15:59:04","modified_gmt":"2024-07-29T13:59:04","slug":"servicio-de-mantenimiento-calibrado-y-reparacion","status":"publish","type":"page","link":"https:\/\/www.polysoude.com\/es\/servicios-alquileres-piezas-de-recambio\/servicio-de-mantenimiento-calibrado-y-reparacion\/","title":{"rendered":"Servicio de mantenimiento, calibrado y reparaci\u00f3n"},"content":{"rendered":"\n\n\tEl plan de mantenimiento preventivo de POLYSOUDE aumentar\u00e1 la productividad de su equipamiento y es un modo ideal para proteger sus inversiones.<br \/>\nEl mantenimiento y las reparaciones pueden ser realizadas por expertos, en las instalaciones de POLYSOUDE o sobre el terreno, y si es necesario, se puede alquilar las fuentes de energ\u00eda o los cabezales de soldadura durante el proceso.\n\t<h4>Servicios de mantenimiento disponibles:<\/h4>\n<ul>\n<li>Programas de mantenimiento preventivo con<strong> servicio Premium<\/strong><\/li>\n<li><strong>Revisi\u00f3n completa<\/strong> de su equipo y calibraci\u00f3n<\/li>\n<li><strong>Asesoramiento<\/strong> sobre las necesidades de stock de piezas de recambio y consumibles ofrecido en las instalaciones del cliente<\/li>\n<li><strong>M\u00e1xima disponibilidad<\/strong> garantizada de su equipo, por medio de un plan de mantenimiento predictivo de bajo coste<\/li>\n<li>Servicios de mantenimiento<strong> dise\u00f1ados individualmente<\/strong> para la atenci\u00f3n personalizada del cliente<\/li>\n<\/ul>\n\t<h4>Calibrado<\/h4>\n<p>POLYSOUDE ofrece el calibrado de sus fuentes de energ\u00eda. Gracias a nuestros instrumentos de medida, acreditados por <strong>EN ISO 9001<\/strong>, las fuentes de energ\u00eda son calibradas siguiendo la misma certificaci\u00f3n empleada en la producci\u00f3n.<\/p>\n<ul>\n<li>Todas las fuentes de energ\u00eda est\u00e1n calibradas para <strong>todo el intervalo de corriente<\/strong>, midiendo la salida de amperaje y de voltaje en varios puntos.<\/li>\n<li>Se realizan <strong>pruebas con regularidad<\/strong> en la propia fuente de energ\u00eda para garantizar que no haya factores externos que afecten al rendimiento.<\/li>\n<li>Las correcciones y modificaciones solo son realizadas por <strong>ingenieros expertos de POLYSOUDE<\/strong>, y por tanto el \u00e9xito est\u00e1 garantizado.<\/li>\n<li>Para cada fuente de energ\u00eda, se establece y se emite un <strong>certificado de calibrado<\/strong>.<\/li>\n<\/ul>\n\t<h4>Ventajas de nuestro servicio de reparaci\u00f3n:<\/h4>\n<ul>\n<li>La flexibilidad de ofrecer una intervenci\u00f3n en un \u00e1mbito global, en cualquier centro de POLYSOUDE o sobre el terreno.<\/li>\n<li>Reparaciones de calidad garantizada:\n<ul>\n<li>Reparaciones realizadas por el fabricante<\/li>\n<li>Reparaciones con piezas originales de Polysoude<\/li>\n<li>Pruebas del equipo de acuerdo con los est\u00e1ndares de fabricaci\u00f3n originales<\/li>\n<\/ul>\n<\/li>\n<li>Los programas de intercambio de tarjetas electr\u00f3nicas a bajo coste<\/li>\n<li>Disponibilidad de material de alquiler durante la reparaci\u00f3n<\/li>\n<\/ul>\n\t\t\t\t<img loading=\"lazy\" decoding=\"async\" src=\"https:\/\/www.polysoude.com\/wp-content\/uploads\/2016\/10\/services-maintenance-calibration-300x225.jpg\" alt=\"services-maintenance-calibration\" height=\"225\" width=\"300\" title=\"services-maintenance-calibration\" \/>\n\t\t\t\t<img loading=\"lazy\" decoding=\"async\" src=\"https:\/\/www.polysoude.com\/wp-content\/uploads\/2016\/10\/services-calibration-2-300x190.jpg\" alt=\"services-calibration\" height=\"190\" width=\"300\" title=\"services-calibration\" \/>\n\t\t\t\t<img loading=\"lazy\" decoding=\"async\" src=\"https:\/\/www.polysoude.com\/wp-content\/uploads\/2016\/10\/service-repair-300x225.jpg\" alt=\"service-repair\" height=\"225\" width=\"300\" title=\"service-repair\" \/>\n\t<h3>\u00bfNECESITA DEVOLVER SU EQUIPO?<\/h3>\n<p>Abra y rellene el siguiente formulario y procederemos a su solicitud en todo momento, dondequiera que se encuentre! (antes de enviarlo, aseg\u00farese de que todos los campos son obligatorios)<\/p>\n\t\t\t<a href=\"https:\/\/www.polysoude.com\/wp-content\/uploads\/2024\/07\/SAV_FOR_Return-equipment_EN.pdf\" target=\"_blank\" role=\"button\" rel=\"noopener nofollow\">\n\t\t\t\t\t\tFormulario de devoluci\u00f3n del equipo (EN)\n\t\t\t\t\t<\/a>\n\t\t\t<a href=\"https:\/\/www.polysoude.com\/wp-content\/uploads\/2024\/07\/SAV_FOR_Return-equipment_FR.pdf\" target=\"_blank\" role=\"button\" rel=\"noopener nofollow\">\n\t\t\t\t\t\tFormulario de devoluci\u00f3n del equipo (FR)\n\t\t\t\t\t<\/a>\n\n","protected":false},"excerpt":{"rendered":"<p>El plan de mantenimiento preventivo de POLYSOUDE aumentar\u00e1 la productividad de su equipamiento y es un modo ideal para proteger sus inversiones. El mantenimiento y las reparaciones pueden ser realizadas por expertos, en las instalaciones de POLYSOUDE o sobre el terreno, y si es necesario, se puede alquilar las fuentes de energ\u00eda o los cabezales [&hellip;]<\/p>\n","protected":false},"author":1,"featured_media":2160,"parent":2257,"menu_order":0,"comment_status":"closed","ping_status":"closed","template":"page-contenu.php","meta":{"_acf_changed":false,"footnotes":""},"class_list":["post-2643","page","type-page","status-publish","has-post-thumbnail","hentry"],"acf":[],"yoast_head":"<!-- This site is optimized with the Yoast SEO plugin v27.3 - https:\/\/yoast.com\/product\/yoast-seo-wordpress\/ -->\n<title>Servicio de mantenimiento, calibrado y reparaci\u00f3n | Polysoude<\/title>\n<meta name=\"description\" content=\"El plan de mantenimiento preventivo de POLYSOUDE aumentar\u00e1 la productividad de su equipamiento y es un modo ideal para proteger sus inversiones. El\" \/>\n<meta name=\"robots\" content=\"index, follow, max-snippet:-1, max-image-preview:large, max-video-preview:-1\" \/>\n<link rel=\"canonical\" href=\"https:\/\/www.polysoude.com\/es\/servicios-alquileres-piezas-de-recambio\/servicio-de-mantenimiento-calibrado-y-reparacion\/\" \/>\n<meta property=\"og:locale\" content=\"es_ES\" \/>\n<meta property=\"og:type\" content=\"article\" \/>\n<meta property=\"og:title\" content=\"Servicio de mantenimiento, calibrado y reparaci\u00f3n | Polysoude\" \/>\n<meta property=\"og:description\" content=\"El plan de mantenimiento preventivo de POLYSOUDE aumentar\u00e1 la productividad de su equipamiento y es un modo ideal para proteger sus inversiones. El\" \/>\n<meta property=\"og:url\" content=\"https:\/\/www.polysoude.com\/es\/servicios-alquileres-piezas-de-recambio\/servicio-de-mantenimiento-calibrado-y-reparacion\/\" \/>\n<meta property=\"og:site_name\" content=\"Polysoude\" \/>\n<meta property=\"article:publisher\" content=\"https:\/\/www.facebook.com\/Polysoude\/\" \/>\n<meta property=\"article:modified_time\" content=\"2024-07-29T13:59:04+00:00\" \/>\n<meta property=\"og:image\" content=\"https:\/\/www.polysoude.com\/wp-content\/uploads\/2022\/07\/Polysoude_Logo_signature_fond-transparent_600dpi_300mm_RVB-e1658123578778.png\" \/>\n\t<meta property=\"og:image:width\" content=\"465\" \/>\n\t<meta property=\"og:image:height\" content=\"86\" \/>\n\t<meta property=\"og:image:type\" content=\"image\/png\" \/>\n<meta name=\"twitter:card\" content=\"summary_large_image\" \/>\n<meta name=\"twitter:label1\" content=\"Tiempo de lectura\" \/>\n\t<meta name=\"twitter:data1\" content=\"2 minutes\" \/>\n<script type=\"application\/ld+json\" class=\"yoast-schema-graph\">{\"@context\":\"https:\\\/\\\/schema.org\",\"@graph\":[{\"@type\":\"WebPage\",\"@id\":\"https:\\\/\\\/www.polysoude.com\\\/es\\\/servicios-alquileres-piezas-de-recambio\\\/servicio-de-mantenimiento-calibrado-y-reparacion\\\/\",\"url\":\"https:\\\/\\\/www.polysoude.com\\\/es\\\/servicios-alquileres-piezas-de-recambio\\\/servicio-de-mantenimiento-calibrado-y-reparacion\\\/\",\"name\":\"Servicio de mantenimiento, calibrado y reparaci\u00f3n | Polysoude\",\"isPartOf\":{\"@id\":\"https:\\\/\\\/www.polysoude.com\\\/es\\\/#website\"},\"primaryImageOfPage\":{\"@id\":\"https:\\\/\\\/www.polysoude.com\\\/es\\\/servicios-alquileres-piezas-de-recambio\\\/servicio-de-mantenimiento-calibrado-y-reparacion\\\/#primaryimage\"},\"image\":{\"@id\":\"https:\\\/\\\/www.polysoude.com\\\/es\\\/servicios-alquileres-piezas-de-recambio\\\/servicio-de-mantenimiento-calibrado-y-reparacion\\\/#primaryimage\"},\"thumbnailUrl\":\"https:\\\/\\\/www.polysoude.com\\\/wp-content\\\/uploads\\\/2016\\\/10\\\/services-maintenance-calibration.jpg\",\"datePublished\":\"2016-10-06T08:04:33+00:00\",\"dateModified\":\"2024-07-29T13:59:04+00:00\",\"description\":\"El plan de mantenimiento preventivo de POLYSOUDE aumentar\u00e1 la productividad de su equipamiento y es un modo ideal para proteger sus inversiones. El\",\"breadcrumb\":{\"@id\":\"https:\\\/\\\/www.polysoude.com\\\/es\\\/servicios-alquileres-piezas-de-recambio\\\/servicio-de-mantenimiento-calibrado-y-reparacion\\\/#breadcrumb\"},\"inLanguage\":\"es-ES\",\"potentialAction\":[{\"@type\":\"ReadAction\",\"target\":[\"https:\\\/\\\/www.polysoude.com\\\/es\\\/servicios-alquileres-piezas-de-recambio\\\/servicio-de-mantenimiento-calibrado-y-reparacion\\\/\"]}]},{\"@type\":\"ImageObject\",\"inLanguage\":\"es-ES\",\"@id\":\"https:\\\/\\\/www.polysoude.com\\\/es\\\/servicios-alquileres-piezas-de-recambio\\\/servicio-de-mantenimiento-calibrado-y-reparacion\\\/#primaryimage\",\"url\":\"https:\\\/\\\/www.polysoude.com\\\/wp-content\\\/uploads\\\/2016\\\/10\\\/services-maintenance-calibration.jpg\",\"contentUrl\":\"https:\\\/\\\/www.polysoude.com\\\/wp-content\\\/uploads\\\/2016\\\/10\\\/services-maintenance-calibration.jpg\",\"width\":500,\"height\":375},{\"@type\":\"BreadcrumbList\",\"@id\":\"https:\\\/\\\/www.polysoude.com\\\/es\\\/servicios-alquileres-piezas-de-recambio\\\/servicio-de-mantenimiento-calibrado-y-reparacion\\\/#breadcrumb\",\"itemListElement\":[{\"@type\":\"ListItem\",\"position\":1,\"name\":\"Home\",\"item\":\"https:\\\/\\\/www.polysoude.com\\\/es\\\/homepage\\\/\"},{\"@type\":\"ListItem\",\"position\":2,\"name\":\"Servicios \\\/ Alquileres \\\/ Piezas de recambio\",\"item\":\"https:\\\/\\\/www.polysoude.com\\\/es\\\/servicios-alquileres-piezas-de-recambio\\\/\"},{\"@type\":\"ListItem\",\"position\":3,\"name\":\"Servicio de mantenimiento, calibrado y reparaci\u00f3n\"}]},{\"@type\":\"WebSite\",\"@id\":\"https:\\\/\\\/www.polysoude.com\\\/es\\\/#website\",\"url\":\"https:\\\/\\\/www.polysoude.com\\\/es\\\/\",\"name\":\"Polysoude\",\"description\":\"The art of welding\",\"publisher\":{\"@id\":\"https:\\\/\\\/www.polysoude.com\\\/es\\\/#organization\"},\"alternateName\":\"Polysoude\",\"potentialAction\":[{\"@type\":\"SearchAction\",\"target\":{\"@type\":\"EntryPoint\",\"urlTemplate\":\"https:\\\/\\\/www.polysoude.com\\\/es\\\/?s={search_term_string}\"},\"query-input\":{\"@type\":\"PropertyValueSpecification\",\"valueRequired\":true,\"valueName\":\"search_term_string\"}}],\"inLanguage\":\"es-ES\"},{\"@type\":\"Organization\",\"@id\":\"https:\\\/\\\/www.polysoude.com\\\/es\\\/#organization\",\"name\":\"Polysoude\",\"alternateName\":\"Polysoude\",\"url\":\"https:\\\/\\\/www.polysoude.com\\\/es\\\/\",\"logo\":{\"@type\":\"ImageObject\",\"inLanguage\":\"es-ES\",\"@id\":\"https:\\\/\\\/www.polysoude.com\\\/es\\\/#\\\/schema\\\/logo\\\/image\\\/\",\"url\":\"https:\\\/\\\/www.polysoude.com\\\/wp-content\\\/uploads\\\/2022\\\/07\\\/Polysoude_Logo_signature_fond-transparent_600dpi_300mm_RVB-e1658123578778.png\",\"contentUrl\":\"https:\\\/\\\/www.polysoude.com\\\/wp-content\\\/uploads\\\/2022\\\/07\\\/Polysoude_Logo_signature_fond-transparent_600dpi_300mm_RVB-e1658123578778.png\",\"width\":465,\"height\":86,\"caption\":\"Polysoude\"},\"image\":{\"@id\":\"https:\\\/\\\/www.polysoude.com\\\/es\\\/#\\\/schema\\\/logo\\\/image\\\/\"},\"sameAs\":[\"https:\\\/\\\/www.facebook.com\\\/Polysoude\\\/\",\"https:\\\/\\\/www.linkedin.com\\\/company\\\/polysoude\\\/\",\"https:\\\/\\\/www.instagram.com\\\/polysoudeglobal\\\/\"]}]}<\/script>\n<!-- \/ Yoast SEO plugin. -->","yoast_head_json":{"title":"Servicio de mantenimiento, calibrado y reparaci\u00f3n | Polysoude","description":"El plan de mantenimiento preventivo de POLYSOUDE aumentar\u00e1 la productividad de su equipamiento y es un modo ideal para proteger sus inversiones. El","robots":{"index":"index","follow":"follow","max-snippet":"max-snippet:-1","max-image-preview":"max-image-preview:large","max-video-preview":"max-video-preview:-1"},"canonical":"https:\/\/www.polysoude.com\/es\/servicios-alquileres-piezas-de-recambio\/servicio-de-mantenimiento-calibrado-y-reparacion\/","og_locale":"es_ES","og_type":"article","og_title":"Servicio de mantenimiento, calibrado y reparaci\u00f3n | Polysoude","og_description":"El plan de mantenimiento preventivo de POLYSOUDE aumentar\u00e1 la productividad de su equipamiento y es un modo ideal para proteger sus inversiones. El","og_url":"https:\/\/www.polysoude.com\/es\/servicios-alquileres-piezas-de-recambio\/servicio-de-mantenimiento-calibrado-y-reparacion\/","og_site_name":"Polysoude","article_publisher":"https:\/\/www.facebook.com\/Polysoude\/","article_modified_time":"2024-07-29T13:59:04+00:00","og_image":[{"width":465,"height":86,"url":"https:\/\/www.polysoude.com\/wp-content\/uploads\/2022\/07\/Polysoude_Logo_signature_fond-transparent_600dpi_300mm_RVB-e1658123578778.png","type":"image\/png"}],"twitter_card":"summary_large_image","twitter_misc":{"Tiempo de lectura":"2 minutes"},"schema":{"@context":"https:\/\/schema.org","@graph":[{"@type":"WebPage","@id":"https:\/\/www.polysoude.com\/es\/servicios-alquileres-piezas-de-recambio\/servicio-de-mantenimiento-calibrado-y-reparacion\/","url":"https:\/\/www.polysoude.com\/es\/servicios-alquileres-piezas-de-recambio\/servicio-de-mantenimiento-calibrado-y-reparacion\/","name":"Servicio de mantenimiento, calibrado y reparaci\u00f3n | Polysoude","isPartOf":{"@id":"https:\/\/www.polysoude.com\/es\/#website"},"primaryImageOfPage":{"@id":"https:\/\/www.polysoude.com\/es\/servicios-alquileres-piezas-de-recambio\/servicio-de-mantenimiento-calibrado-y-reparacion\/#primaryimage"},"image":{"@id":"https:\/\/www.polysoude.com\/es\/servicios-alquileres-piezas-de-recambio\/servicio-de-mantenimiento-calibrado-y-reparacion\/#primaryimage"},"thumbnailUrl":"https:\/\/www.polysoude.com\/wp-content\/uploads\/2016\/10\/services-maintenance-calibration.jpg","datePublished":"2016-10-06T08:04:33+00:00","dateModified":"2024-07-29T13:59:04+00:00","description":"El plan de mantenimiento preventivo de POLYSOUDE aumentar\u00e1 la productividad de su equipamiento y es un modo ideal para proteger sus inversiones. El","breadcrumb":{"@id":"https:\/\/www.polysoude.com\/es\/servicios-alquileres-piezas-de-recambio\/servicio-de-mantenimiento-calibrado-y-reparacion\/#breadcrumb"},"inLanguage":"es-ES","potentialAction":[{"@type":"ReadAction","target":["https:\/\/www.polysoude.com\/es\/servicios-alquileres-piezas-de-recambio\/servicio-de-mantenimiento-calibrado-y-reparacion\/"]}]},{"@type":"ImageObject","inLanguage":"es-ES","@id":"https:\/\/www.polysoude.com\/es\/servicios-alquileres-piezas-de-recambio\/servicio-de-mantenimiento-calibrado-y-reparacion\/#primaryimage","url":"https:\/\/www.polysoude.com\/wp-content\/uploads\/2016\/10\/services-maintenance-calibration.jpg","contentUrl":"https:\/\/www.polysoude.com\/wp-content\/uploads\/2016\/10\/services-maintenance-calibration.jpg","width":500,"height":375},{"@type":"BreadcrumbList","@id":"https:\/\/www.polysoude.com\/es\/servicios-alquileres-piezas-de-recambio\/servicio-de-mantenimiento-calibrado-y-reparacion\/#breadcrumb","itemListElement":[{"@type":"ListItem","position":1,"name":"Home","item":"https:\/\/www.polysoude.com\/es\/homepage\/"},{"@type":"ListItem","position":2,"name":"Servicios \/ Alquileres \/ Piezas de recambio","item":"https:\/\/www.polysoude.com\/es\/servicios-alquileres-piezas-de-recambio\/"},{"@type":"ListItem","position":3,"name":"Servicio de mantenimiento, calibrado y reparaci\u00f3n"}]},{"@type":"WebSite","@id":"https:\/\/www.polysoude.com\/es\/#website","url":"https:\/\/www.polysoude.com\/es\/","name":"Polysoude","description":"The art of welding","publisher":{"@id":"https:\/\/www.polysoude.com\/es\/#organization"},"alternateName":"Polysoude","potentialAction":[{"@type":"SearchAction","target":{"@type":"EntryPoint","urlTemplate":"https:\/\/www.polysoude.com\/es\/?s={search_term_string}"},"query-input":{"@type":"PropertyValueSpecification","valueRequired":true,"valueName":"search_term_string"}}],"inLanguage":"es-ES"},{"@type":"Organization","@id":"https:\/\/www.polysoude.com\/es\/#organization","name":"Polysoude","alternateName":"Polysoude","url":"https:\/\/www.polysoude.com\/es\/","logo":{"@type":"ImageObject","inLanguage":"es-ES","@id":"https:\/\/www.polysoude.com\/es\/#\/schema\/logo\/image\/","url":"https:\/\/www.polysoude.com\/wp-content\/uploads\/2022\/07\/Polysoude_Logo_signature_fond-transparent_600dpi_300mm_RVB-e1658123578778.png","contentUrl":"https:\/\/www.polysoude.com\/wp-content\/uploads\/2022\/07\/Polysoude_Logo_signature_fond-transparent_600dpi_300mm_RVB-e1658123578778.png","width":465,"height":86,"caption":"Polysoude"},"image":{"@id":"https:\/\/www.polysoude.com\/es\/#\/schema\/logo\/image\/"},"sameAs":["https:\/\/www.facebook.com\/Polysoude\/","https:\/\/www.linkedin.com\/company\/polysoude\/","https:\/\/www.instagram.com\/polysoudeglobal\/"]}]}},"_links":{"self":[{"href":"https:\/\/www.polysoude.com\/es\/wp-json\/wp\/v2\/pages\/2643","targetHints":{"allow":["GET"]}}],"collection":[{"href":"https:\/\/www.polysoude.com\/es\/wp-json\/wp\/v2\/pages"}],"about":[{"href":"https:\/\/www.polysoude.com\/es\/wp-json\/wp\/v2\/types\/page"}],"author":[{"embeddable":true,"href":"https:\/\/www.polysoude.com\/es\/wp-json\/wp\/v2\/users\/1"}],"replies":[{"embeddable":true,"href":"https:\/\/www.polysoude.com\/es\/wp-json\/wp\/v2\/comments?post=2643"}],"version-history":[{"count":22,"href":"https:\/\/www.polysoude.com\/es\/wp-json\/wp\/v2\/pages\/2643\/revisions"}],"predecessor-version":[{"id":48507,"href":"https:\/\/www.polysoude.com\/es\/wp-json\/wp\/v2\/pages\/2643\/revisions\/48507"}],"up":[{"embeddable":true,"href":"https:\/\/www.polysoude.com\/es\/wp-json\/wp\/v2\/pages\/2257"}],"wp:featuredmedia":[{"embeddable":true,"href":"https:\/\/www.polysoude.com\/es\/wp-json\/wp\/v2\/media\/2160"}],"wp:attachment":[{"href":"https:\/\/www.polysoude.com\/es\/wp-json\/wp\/v2\/media?parent=2643"}],"curies":[{"name":"wp","href":"https:\/\/api.w.org\/{rel}","templated":true}]}}