{"id":2653,"date":"2016-10-06T10:05:03","date_gmt":"2016-10-06T08:05:03","guid":{"rendered":"http:\/\/www.polysoude.com\/servicios-alquileres-piezas-de-recambio\/retrofit-and-upgrade\/?lang=es"},"modified":"2024-07-29T16:01:59","modified_gmt":"2024-07-29T14:01:59","slug":"reajustes-y-mejoras","status":"publish","type":"page","link":"https:\/\/www.polysoude.com\/es\/servicios-alquileres-piezas-de-recambio\/reajustes-y-mejoras\/","title":{"rendered":"Reajustes y mejoras"},"content":{"rendered":"\n\n\t<h4>\u00a1La alternativa a unas instalaciones completamente nuevas!<\/h4>\n<p>POLYSOUDE ofrece <strong>conjuntos modulares listos para instalar<\/strong> que incluyen correderos motorizados, antorchas y alimentadores de hilo, junto con nuestra fuente de energ\u00eda con control num\u00e9rico para soldadura. \u00a1Uno de nuestros expertos analizar\u00e1 su equipamiento actual como un punto de partida para <strong>prolongar su vida \u00fatil y mejorar su rendimiento<\/strong>!<\/p>\n<p>Etapas de un programa de reajuste:<\/p>\n<ul>\n<li>auditor\u00eda de su equipo existente por nuestros expertos<\/li>\n<li>preparaci\u00f3n de los conjuntos modulares listos para instalar<\/li>\n<li>inicio r\u00e1pido despu\u00e9s del reajuste para limitar el tiempo de inactividad de la producci\u00f3n<\/li>\n<\/ul>\n\n","protected":false},"excerpt":{"rendered":"<p>\u00a1La alternativa a unas instalaciones completamente nuevas! POLYSOUDE ofrece conjuntos modulares listos para instalar que incluyen correderos motorizados, antorchas y alimentadores de hilo, junto con nuestra fuente de energ\u00eda con control num\u00e9rico para soldadura. \u00a1Uno de nuestros expertos analizar\u00e1 su equipamiento actual como un punto de partida para prolongar su vida \u00fatil y mejorar su [&hellip;]<\/p>\n","protected":false},"author":1,"featured_media":3932,"parent":2257,"menu_order":0,"comment_status":"closed","ping_status":"closed","template":"page-contenu.php","meta":{"_acf_changed":false,"footnotes":""},"class_list":["post-2653","page","type-page","status-publish","has-post-thumbnail","hentry"],"acf":[],"yoast_head":"<!-- This site is optimized with the Yoast SEO plugin v27.3 - https:\/\/yoast.com\/product\/yoast-seo-wordpress\/ -->\n<title>Reajustes y mejoras | Polysoude<\/title>\n<meta name=\"description\" content=\"\u00a1La alternativa a unas instalaciones completamente nuevas! POLYSOUDE ofrece conjuntos modulares listos para instalar que incluyen correderos motorizados,\" \/>\n<meta name=\"robots\" content=\"index, follow, max-snippet:-1, max-image-preview:large, max-video-preview:-1\" \/>\n<link rel=\"canonical\" href=\"https:\/\/www.polysoude.com\/es\/servicios-alquileres-piezas-de-recambio\/reajustes-y-mejoras\/\" \/>\n<meta property=\"og:locale\" content=\"es_ES\" \/>\n<meta property=\"og:type\" content=\"article\" \/>\n<meta property=\"og:title\" content=\"Reajustes y mejoras | Polysoude\" \/>\n<meta property=\"og:description\" content=\"\u00a1La alternativa a unas instalaciones completamente nuevas! POLYSOUDE ofrece conjuntos modulares listos para instalar que incluyen correderos motorizados,\" \/>\n<meta property=\"og:url\" content=\"https:\/\/www.polysoude.com\/es\/servicios-alquileres-piezas-de-recambio\/reajustes-y-mejoras\/\" \/>\n<meta property=\"og:site_name\" content=\"Polysoude\" \/>\n<meta property=\"article:publisher\" content=\"https:\/\/www.facebook.com\/Polysoude\/\" \/>\n<meta property=\"article:modified_time\" content=\"2024-07-29T14:01:59+00:00\" \/>\n<meta property=\"og:image\" content=\"https:\/\/www.polysoude.com\/wp-content\/uploads\/2022\/07\/Polysoude_Logo_signature_fond-transparent_600dpi_300mm_RVB-e1658123578778.png\" \/>\n\t<meta property=\"og:image:width\" content=\"465\" \/>\n\t<meta property=\"og:image:height\" content=\"86\" \/>\n\t<meta property=\"og:image:type\" content=\"image\/png\" \/>\n<meta name=\"twitter:card\" content=\"summary_large_image\" \/>\n<meta name=\"twitter:label1\" content=\"Tiempo de lectura\" \/>\n\t<meta name=\"twitter:data1\" content=\"1 minute\" \/>\n<script type=\"application\/ld+json\" class=\"yoast-schema-graph\">{\"@context\":\"https:\\\/\\\/schema.org\",\"@graph\":[{\"@type\":\"WebPage\",\"@id\":\"https:\\\/\\\/www.polysoude.com\\\/es\\\/servicios-alquileres-piezas-de-recambio\\\/reajustes-y-mejoras\\\/\",\"url\":\"https:\\\/\\\/www.polysoude.com\\\/es\\\/servicios-alquileres-piezas-de-recambio\\\/reajustes-y-mejoras\\\/\",\"name\":\"Reajustes y mejoras | Polysoude\",\"isPartOf\":{\"@id\":\"https:\\\/\\\/www.polysoude.com\\\/es\\\/#website\"},\"primaryImageOfPage\":{\"@id\":\"https:\\\/\\\/www.polysoude.com\\\/es\\\/servicios-alquileres-piezas-de-recambio\\\/reajustes-y-mejoras\\\/#primaryimage\"},\"image\":{\"@id\":\"https:\\\/\\\/www.polysoude.com\\\/es\\\/servicios-alquileres-piezas-de-recambio\\\/reajustes-y-mejoras\\\/#primaryimage\"},\"thumbnailUrl\":\"https:\\\/\\\/www.polysoude.com\\\/wp-content\\\/uploads\\\/2016\\\/10\\\/retrofit-couple-1-2.jpg\",\"datePublished\":\"2016-10-06T08:05:03+00:00\",\"dateModified\":\"2024-07-29T14:01:59+00:00\",\"description\":\"\u00a1La alternativa a unas instalaciones completamente nuevas! POLYSOUDE ofrece conjuntos modulares listos para instalar que incluyen correderos motorizados,\",\"breadcrumb\":{\"@id\":\"https:\\\/\\\/www.polysoude.com\\\/es\\\/servicios-alquileres-piezas-de-recambio\\\/reajustes-y-mejoras\\\/#breadcrumb\"},\"inLanguage\":\"es-ES\",\"potentialAction\":[{\"@type\":\"ReadAction\",\"target\":[\"https:\\\/\\\/www.polysoude.com\\\/es\\\/servicios-alquileres-piezas-de-recambio\\\/reajustes-y-mejoras\\\/\"]}]},{\"@type\":\"ImageObject\",\"inLanguage\":\"es-ES\",\"@id\":\"https:\\\/\\\/www.polysoude.com\\\/es\\\/servicios-alquileres-piezas-de-recambio\\\/reajustes-y-mejoras\\\/#primaryimage\",\"url\":\"https:\\\/\\\/www.polysoude.com\\\/wp-content\\\/uploads\\\/2016\\\/10\\\/retrofit-couple-1-2.jpg\",\"contentUrl\":\"https:\\\/\\\/www.polysoude.com\\\/wp-content\\\/uploads\\\/2016\\\/10\\\/retrofit-couple-1-2.jpg\",\"width\":1000,\"height\":750},{\"@type\":\"BreadcrumbList\",\"@id\":\"https:\\\/\\\/www.polysoude.com\\\/es\\\/servicios-alquileres-piezas-de-recambio\\\/reajustes-y-mejoras\\\/#breadcrumb\",\"itemListElement\":[{\"@type\":\"ListItem\",\"position\":1,\"name\":\"Home\",\"item\":\"https:\\\/\\\/www.polysoude.com\\\/es\\\/homepage\\\/\"},{\"@type\":\"ListItem\",\"position\":2,\"name\":\"Servicios \\\/ Alquileres \\\/ Piezas de recambio\",\"item\":\"https:\\\/\\\/www.polysoude.com\\\/es\\\/servicios-alquileres-piezas-de-recambio\\\/\"},{\"@type\":\"ListItem\",\"position\":3,\"name\":\"Reajustes y mejoras\"}]},{\"@type\":\"WebSite\",\"@id\":\"https:\\\/\\\/www.polysoude.com\\\/es\\\/#website\",\"url\":\"https:\\\/\\\/www.polysoude.com\\\/es\\\/\",\"name\":\"Polysoude\",\"description\":\"The art of welding\",\"publisher\":{\"@id\":\"https:\\\/\\\/www.polysoude.com\\\/es\\\/#organization\"},\"alternateName\":\"Polysoude\",\"potentialAction\":[{\"@type\":\"SearchAction\",\"target\":{\"@type\":\"EntryPoint\",\"urlTemplate\":\"https:\\\/\\\/www.polysoude.com\\\/es\\\/?s={search_term_string}\"},\"query-input\":{\"@type\":\"PropertyValueSpecification\",\"valueRequired\":true,\"valueName\":\"search_term_string\"}}],\"inLanguage\":\"es-ES\"},{\"@type\":\"Organization\",\"@id\":\"https:\\\/\\\/www.polysoude.com\\\/es\\\/#organization\",\"name\":\"Polysoude\",\"alternateName\":\"Polysoude\",\"url\":\"https:\\\/\\\/www.polysoude.com\\\/es\\\/\",\"logo\":{\"@type\":\"ImageObject\",\"inLanguage\":\"es-ES\",\"@id\":\"https:\\\/\\\/www.polysoude.com\\\/es\\\/#\\\/schema\\\/logo\\\/image\\\/\",\"url\":\"https:\\\/\\\/www.polysoude.com\\\/wp-content\\\/uploads\\\/2022\\\/07\\\/Polysoude_Logo_signature_fond-transparent_600dpi_300mm_RVB-e1658123578778.png\",\"contentUrl\":\"https:\\\/\\\/www.polysoude.com\\\/wp-content\\\/uploads\\\/2022\\\/07\\\/Polysoude_Logo_signature_fond-transparent_600dpi_300mm_RVB-e1658123578778.png\",\"width\":465,\"height\":86,\"caption\":\"Polysoude\"},\"image\":{\"@id\":\"https:\\\/\\\/www.polysoude.com\\\/es\\\/#\\\/schema\\\/logo\\\/image\\\/\"},\"sameAs\":[\"https:\\\/\\\/www.facebook.com\\\/Polysoude\\\/\",\"https:\\\/\\\/www.linkedin.com\\\/company\\\/polysoude\\\/\",\"https:\\\/\\\/www.instagram.com\\\/polysoudeglobal\\\/\"]}]}<\/script>\n<!-- \/ Yoast SEO plugin. -->","yoast_head_json":{"title":"Reajustes y mejoras | Polysoude","description":"\u00a1La alternativa a unas instalaciones completamente nuevas! POLYSOUDE ofrece conjuntos modulares listos para instalar que incluyen correderos motorizados,","robots":{"index":"index","follow":"follow","max-snippet":"max-snippet:-1","max-image-preview":"max-image-preview:large","max-video-preview":"max-video-preview:-1"},"canonical":"https:\/\/www.polysoude.com\/es\/servicios-alquileres-piezas-de-recambio\/reajustes-y-mejoras\/","og_locale":"es_ES","og_type":"article","og_title":"Reajustes y mejoras | Polysoude","og_description":"\u00a1La alternativa a unas instalaciones completamente nuevas! POLYSOUDE ofrece conjuntos modulares listos para instalar que incluyen correderos motorizados,","og_url":"https:\/\/www.polysoude.com\/es\/servicios-alquileres-piezas-de-recambio\/reajustes-y-mejoras\/","og_site_name":"Polysoude","article_publisher":"https:\/\/www.facebook.com\/Polysoude\/","article_modified_time":"2024-07-29T14:01:59+00:00","og_image":[{"width":465,"height":86,"url":"https:\/\/www.polysoude.com\/wp-content\/uploads\/2022\/07\/Polysoude_Logo_signature_fond-transparent_600dpi_300mm_RVB-e1658123578778.png","type":"image\/png"}],"twitter_card":"summary_large_image","twitter_misc":{"Tiempo de lectura":"1 minute"},"schema":{"@context":"https:\/\/schema.org","@graph":[{"@type":"WebPage","@id":"https:\/\/www.polysoude.com\/es\/servicios-alquileres-piezas-de-recambio\/reajustes-y-mejoras\/","url":"https:\/\/www.polysoude.com\/es\/servicios-alquileres-piezas-de-recambio\/reajustes-y-mejoras\/","name":"Reajustes y mejoras | Polysoude","isPartOf":{"@id":"https:\/\/www.polysoude.com\/es\/#website"},"primaryImageOfPage":{"@id":"https:\/\/www.polysoude.com\/es\/servicios-alquileres-piezas-de-recambio\/reajustes-y-mejoras\/#primaryimage"},"image":{"@id":"https:\/\/www.polysoude.com\/es\/servicios-alquileres-piezas-de-recambio\/reajustes-y-mejoras\/#primaryimage"},"thumbnailUrl":"https:\/\/www.polysoude.com\/wp-content\/uploads\/2016\/10\/retrofit-couple-1-2.jpg","datePublished":"2016-10-06T08:05:03+00:00","dateModified":"2024-07-29T14:01:59+00:00","description":"\u00a1La alternativa a unas instalaciones completamente nuevas! POLYSOUDE ofrece conjuntos modulares listos para instalar que incluyen correderos motorizados,","breadcrumb":{"@id":"https:\/\/www.polysoude.com\/es\/servicios-alquileres-piezas-de-recambio\/reajustes-y-mejoras\/#breadcrumb"},"inLanguage":"es-ES","potentialAction":[{"@type":"ReadAction","target":["https:\/\/www.polysoude.com\/es\/servicios-alquileres-piezas-de-recambio\/reajustes-y-mejoras\/"]}]},{"@type":"ImageObject","inLanguage":"es-ES","@id":"https:\/\/www.polysoude.com\/es\/servicios-alquileres-piezas-de-recambio\/reajustes-y-mejoras\/#primaryimage","url":"https:\/\/www.polysoude.com\/wp-content\/uploads\/2016\/10\/retrofit-couple-1-2.jpg","contentUrl":"https:\/\/www.polysoude.com\/wp-content\/uploads\/2016\/10\/retrofit-couple-1-2.jpg","width":1000,"height":750},{"@type":"BreadcrumbList","@id":"https:\/\/www.polysoude.com\/es\/servicios-alquileres-piezas-de-recambio\/reajustes-y-mejoras\/#breadcrumb","itemListElement":[{"@type":"ListItem","position":1,"name":"Home","item":"https:\/\/www.polysoude.com\/es\/homepage\/"},{"@type":"ListItem","position":2,"name":"Servicios \/ Alquileres \/ Piezas de recambio","item":"https:\/\/www.polysoude.com\/es\/servicios-alquileres-piezas-de-recambio\/"},{"@type":"ListItem","position":3,"name":"Reajustes y mejoras"}]},{"@type":"WebSite","@id":"https:\/\/www.polysoude.com\/es\/#website","url":"https:\/\/www.polysoude.com\/es\/","name":"Polysoude","description":"The art of welding","publisher":{"@id":"https:\/\/www.polysoude.com\/es\/#organization"},"alternateName":"Polysoude","potentialAction":[{"@type":"SearchAction","target":{"@type":"EntryPoint","urlTemplate":"https:\/\/www.polysoude.com\/es\/?s={search_term_string}"},"query-input":{"@type":"PropertyValueSpecification","valueRequired":true,"valueName":"search_term_string"}}],"inLanguage":"es-ES"},{"@type":"Organization","@id":"https:\/\/www.polysoude.com\/es\/#organization","name":"Polysoude","alternateName":"Polysoude","url":"https:\/\/www.polysoude.com\/es\/","logo":{"@type":"ImageObject","inLanguage":"es-ES","@id":"https:\/\/www.polysoude.com\/es\/#\/schema\/logo\/image\/","url":"https:\/\/www.polysoude.com\/wp-content\/uploads\/2022\/07\/Polysoude_Logo_signature_fond-transparent_600dpi_300mm_RVB-e1658123578778.png","contentUrl":"https:\/\/www.polysoude.com\/wp-content\/uploads\/2022\/07\/Polysoude_Logo_signature_fond-transparent_600dpi_300mm_RVB-e1658123578778.png","width":465,"height":86,"caption":"Polysoude"},"image":{"@id":"https:\/\/www.polysoude.com\/es\/#\/schema\/logo\/image\/"},"sameAs":["https:\/\/www.facebook.com\/Polysoude\/","https:\/\/www.linkedin.com\/company\/polysoude\/","https:\/\/www.instagram.com\/polysoudeglobal\/"]}]}},"_links":{"self":[{"href":"https:\/\/www.polysoude.com\/es\/wp-json\/wp\/v2\/pages\/2653","targetHints":{"allow":["GET"]}}],"collection":[{"href":"https:\/\/www.polysoude.com\/es\/wp-json\/wp\/v2\/pages"}],"about":[{"href":"https:\/\/www.polysoude.com\/es\/wp-json\/wp\/v2\/types\/page"}],"author":[{"embeddable":true,"href":"https:\/\/www.polysoude.com\/es\/wp-json\/wp\/v2\/users\/1"}],"replies":[{"embeddable":true,"href":"https:\/\/www.polysoude.com\/es\/wp-json\/wp\/v2\/comments?post=2653"}],"version-history":[{"count":8,"href":"https:\/\/www.polysoude.com\/es\/wp-json\/wp\/v2\/pages\/2653\/revisions"}],"predecessor-version":[{"id":48511,"href":"https:\/\/www.polysoude.com\/es\/wp-json\/wp\/v2\/pages\/2653\/revisions\/48511"}],"up":[{"embeddable":true,"href":"https:\/\/www.polysoude.com\/es\/wp-json\/wp\/v2\/pages\/2257"}],"wp:featuredmedia":[{"embeddable":true,"href":"https:\/\/www.polysoude.com\/es\/wp-json\/wp\/v2\/media\/3932"}],"wp:attachment":[{"href":"https:\/\/www.polysoude.com\/es\/wp-json\/wp\/v2\/media?parent=2653"}],"curies":[{"name":"wp","href":"https:\/\/api.w.org\/{rel}","templated":true}]}}