{"id":2657,"date":"2016-10-06T10:04:42","date_gmt":"2016-10-06T08:04:42","guid":{"rendered":"http:\/\/www.polysoude.com\/servicios-alquileres-piezas-de-recambio\/spare-parts-and-consumables\/?lang=es"},"modified":"2024-07-29T16:00:09","modified_gmt":"2024-07-29T14:00:09","slug":"piezas-de-recambio-y-consumibles","status":"publish","type":"page","link":"https:\/\/www.polysoude.com\/es\/servicios-alquileres-piezas-de-recambio\/piezas-de-recambio-y-consumibles\/","title":{"rendered":"Piezas de recambio y consumibles"},"content":{"rendered":"\n\n\t\n<h4>Disponibilidad m\u00e1xima:<\/h4>\n<ul>\n<li>M\u00e1s de 200\u00a0000 art\u00edculos en stock<\/li>\n<li>9000 referencias de piezas en stock, el 30% est\u00e1 disponible en 24h<\/li>\n<li>Posibilidad de env\u00edo expr\u00e9s<\/li>\n<li>Disponibilidad localizada de las piezas de recambio, debido al stock de nuestras empresas filiales<\/li>\n<li>Posibilidad de consignar stocks sobre el terreno para permitir la optimizaci\u00f3n de los costes y del tiempo de respuesta&#8230;<\/li>\n<\/ul>\n\n\n<h4>M\u00e1xima calidad<\/h4>\n<ul>\n<li>Exactamente las mismas piezas que las que se utilizan en la fabricaci\u00f3n<\/li>\n<li>M\u00e1xima calidad: TCI garantizada durante toda la vida \u00fatil<\/li>\n<\/ul>\n\t\t\t100%\n\t\t\t\t\t\t\tdisponible para evitar las paradas de producci\u00f3n\n\t\t\t\t<img loading=\"lazy\" decoding=\"async\" src=\"https:\/\/www.polysoude.com\/wp-content\/uploads\/2016\/10\/polysoude_spare-consumables.jpg\" alt=\"polysoude_spare-consumables\" height=\"359\" width=\"480\" title=\"polysoude_spare-consumables\" \/>\n\n","protected":false},"excerpt":{"rendered":"<p>Disponibilidad m\u00e1xima: M\u00e1s de 200\u00a0000 art\u00edculos en stock 9000 referencias de piezas en stock, el 30% est\u00e1 disponible en 24h Posibilidad de env\u00edo expr\u00e9s Disponibilidad localizada de las piezas de recambio, debido al stock de nuestras empresas filiales Posibilidad de consignar stocks sobre el terreno para permitir la optimizaci\u00f3n de los costes y del tiempo [&hellip;]<\/p>\n","protected":false},"author":1,"featured_media":959,"parent":2257,"menu_order":0,"comment_status":"closed","ping_status":"closed","template":"page-contenu.php","meta":{"_acf_changed":false,"footnotes":""},"class_list":["post-2657","page","type-page","status-publish","has-post-thumbnail","hentry"],"acf":[],"yoast_head":"<!-- This site is optimized with the Yoast SEO plugin v27.3 - https:\/\/yoast.com\/product\/yoast-seo-wordpress\/ -->\n<title>Piezas de recambio y consumibles | Polysoude<\/title>\n<meta name=\"description\" content=\"Disponibilidad m\u00e1xima: M\u00e1s de 200\u00a0000 art\u00edculos en stock 9000 referencias de piezas en stock, el 30% est\u00e1 disponible en 24h Posibilidad de env\u00edo expr\u00e9s\" \/>\n<meta name=\"robots\" content=\"index, follow, max-snippet:-1, max-image-preview:large, max-video-preview:-1\" \/>\n<link rel=\"canonical\" href=\"https:\/\/www.polysoude.com\/es\/servicios-alquileres-piezas-de-recambio\/piezas-de-recambio-y-consumibles\/\" \/>\n<meta property=\"og:locale\" content=\"es_ES\" \/>\n<meta property=\"og:type\" content=\"article\" \/>\n<meta property=\"og:title\" content=\"Piezas de recambio y consumibles | Polysoude\" \/>\n<meta property=\"og:description\" content=\"Disponibilidad m\u00e1xima: M\u00e1s de 200\u00a0000 art\u00edculos en stock 9000 referencias de piezas en stock, el 30% est\u00e1 disponible en 24h Posibilidad de env\u00edo expr\u00e9s\" \/>\n<meta property=\"og:url\" content=\"https:\/\/www.polysoude.com\/es\/servicios-alquileres-piezas-de-recambio\/piezas-de-recambio-y-consumibles\/\" \/>\n<meta property=\"og:site_name\" content=\"Polysoude\" \/>\n<meta property=\"article:publisher\" content=\"https:\/\/www.facebook.com\/Polysoude\/\" \/>\n<meta property=\"article:modified_time\" content=\"2024-07-29T14:00:09+00:00\" \/>\n<meta property=\"og:image\" content=\"https:\/\/www.polysoude.com\/wp-content\/uploads\/2022\/07\/Polysoude_Logo_signature_fond-transparent_600dpi_300mm_RVB-e1658123578778.png\" \/>\n\t<meta property=\"og:image:width\" content=\"465\" \/>\n\t<meta property=\"og:image:height\" content=\"86\" \/>\n\t<meta property=\"og:image:type\" content=\"image\/png\" \/>\n<meta name=\"twitter:card\" content=\"summary_large_image\" \/>\n<script type=\"application\/ld+json\" class=\"yoast-schema-graph\">{\"@context\":\"https:\\\/\\\/schema.org\",\"@graph\":[{\"@type\":\"WebPage\",\"@id\":\"https:\\\/\\\/www.polysoude.com\\\/es\\\/servicios-alquileres-piezas-de-recambio\\\/piezas-de-recambio-y-consumibles\\\/\",\"url\":\"https:\\\/\\\/www.polysoude.com\\\/es\\\/servicios-alquileres-piezas-de-recambio\\\/piezas-de-recambio-y-consumibles\\\/\",\"name\":\"Piezas de recambio y consumibles | Polysoude\",\"isPartOf\":{\"@id\":\"https:\\\/\\\/www.polysoude.com\\\/es\\\/#website\"},\"primaryImageOfPage\":{\"@id\":\"https:\\\/\\\/www.polysoude.com\\\/es\\\/servicios-alquileres-piezas-de-recambio\\\/piezas-de-recambio-y-consumibles\\\/#primaryimage\"},\"image\":{\"@id\":\"https:\\\/\\\/www.polysoude.com\\\/es\\\/servicios-alquileres-piezas-de-recambio\\\/piezas-de-recambio-y-consumibles\\\/#primaryimage\"},\"thumbnailUrl\":\"https:\\\/\\\/www.polysoude.com\\\/wp-content\\\/uploads\\\/2016\\\/10\\\/polysoude_spare-consumables.jpg\",\"datePublished\":\"2016-10-06T08:04:42+00:00\",\"dateModified\":\"2024-07-29T14:00:09+00:00\",\"description\":\"Disponibilidad m\u00e1xima: M\u00e1s de 200\u00a0000 art\u00edculos en stock 9000 referencias de piezas en stock, el 30% est\u00e1 disponible en 24h Posibilidad de env\u00edo expr\u00e9s\",\"breadcrumb\":{\"@id\":\"https:\\\/\\\/www.polysoude.com\\\/es\\\/servicios-alquileres-piezas-de-recambio\\\/piezas-de-recambio-y-consumibles\\\/#breadcrumb\"},\"inLanguage\":\"es-ES\",\"potentialAction\":[{\"@type\":\"ReadAction\",\"target\":[\"https:\\\/\\\/www.polysoude.com\\\/es\\\/servicios-alquileres-piezas-de-recambio\\\/piezas-de-recambio-y-consumibles\\\/\"]}]},{\"@type\":\"ImageObject\",\"inLanguage\":\"es-ES\",\"@id\":\"https:\\\/\\\/www.polysoude.com\\\/es\\\/servicios-alquileres-piezas-de-recambio\\\/piezas-de-recambio-y-consumibles\\\/#primaryimage\",\"url\":\"https:\\\/\\\/www.polysoude.com\\\/wp-content\\\/uploads\\\/2016\\\/10\\\/polysoude_spare-consumables.jpg\",\"contentUrl\":\"https:\\\/\\\/www.polysoude.com\\\/wp-content\\\/uploads\\\/2016\\\/10\\\/polysoude_spare-consumables.jpg\",\"width\":480,\"height\":359},{\"@type\":\"BreadcrumbList\",\"@id\":\"https:\\\/\\\/www.polysoude.com\\\/es\\\/servicios-alquileres-piezas-de-recambio\\\/piezas-de-recambio-y-consumibles\\\/#breadcrumb\",\"itemListElement\":[{\"@type\":\"ListItem\",\"position\":1,\"name\":\"Home\",\"item\":\"https:\\\/\\\/www.polysoude.com\\\/es\\\/homepage\\\/\"},{\"@type\":\"ListItem\",\"position\":2,\"name\":\"Servicios \\\/ Alquileres \\\/ Piezas de recambio\",\"item\":\"https:\\\/\\\/www.polysoude.com\\\/es\\\/servicios-alquileres-piezas-de-recambio\\\/\"},{\"@type\":\"ListItem\",\"position\":3,\"name\":\"Piezas de recambio y consumibles\"}]},{\"@type\":\"WebSite\",\"@id\":\"https:\\\/\\\/www.polysoude.com\\\/es\\\/#website\",\"url\":\"https:\\\/\\\/www.polysoude.com\\\/es\\\/\",\"name\":\"Polysoude\",\"description\":\"The art of welding\",\"publisher\":{\"@id\":\"https:\\\/\\\/www.polysoude.com\\\/es\\\/#organization\"},\"alternateName\":\"Polysoude\",\"potentialAction\":[{\"@type\":\"SearchAction\",\"target\":{\"@type\":\"EntryPoint\",\"urlTemplate\":\"https:\\\/\\\/www.polysoude.com\\\/es\\\/?s={search_term_string}\"},\"query-input\":{\"@type\":\"PropertyValueSpecification\",\"valueRequired\":true,\"valueName\":\"search_term_string\"}}],\"inLanguage\":\"es-ES\"},{\"@type\":\"Organization\",\"@id\":\"https:\\\/\\\/www.polysoude.com\\\/es\\\/#organization\",\"name\":\"Polysoude\",\"alternateName\":\"Polysoude\",\"url\":\"https:\\\/\\\/www.polysoude.com\\\/es\\\/\",\"logo\":{\"@type\":\"ImageObject\",\"inLanguage\":\"es-ES\",\"@id\":\"https:\\\/\\\/www.polysoude.com\\\/es\\\/#\\\/schema\\\/logo\\\/image\\\/\",\"url\":\"https:\\\/\\\/www.polysoude.com\\\/wp-content\\\/uploads\\\/2022\\\/07\\\/Polysoude_Logo_signature_fond-transparent_600dpi_300mm_RVB-e1658123578778.png\",\"contentUrl\":\"https:\\\/\\\/www.polysoude.com\\\/wp-content\\\/uploads\\\/2022\\\/07\\\/Polysoude_Logo_signature_fond-transparent_600dpi_300mm_RVB-e1658123578778.png\",\"width\":465,\"height\":86,\"caption\":\"Polysoude\"},\"image\":{\"@id\":\"https:\\\/\\\/www.polysoude.com\\\/es\\\/#\\\/schema\\\/logo\\\/image\\\/\"},\"sameAs\":[\"https:\\\/\\\/www.facebook.com\\\/Polysoude\\\/\",\"https:\\\/\\\/www.linkedin.com\\\/company\\\/polysoude\\\/\",\"https:\\\/\\\/www.instagram.com\\\/polysoudeglobal\\\/\"]}]}<\/script>\n<!-- \/ Yoast SEO plugin. -->","yoast_head_json":{"title":"Piezas de recambio y consumibles | Polysoude","description":"Disponibilidad m\u00e1xima: M\u00e1s de 200\u00a0000 art\u00edculos en stock 9000 referencias de piezas en stock, el 30% est\u00e1 disponible en 24h Posibilidad de env\u00edo expr\u00e9s","robots":{"index":"index","follow":"follow","max-snippet":"max-snippet:-1","max-image-preview":"max-image-preview:large","max-video-preview":"max-video-preview:-1"},"canonical":"https:\/\/www.polysoude.com\/es\/servicios-alquileres-piezas-de-recambio\/piezas-de-recambio-y-consumibles\/","og_locale":"es_ES","og_type":"article","og_title":"Piezas de recambio y consumibles | Polysoude","og_description":"Disponibilidad m\u00e1xima: M\u00e1s de 200\u00a0000 art\u00edculos en stock 9000 referencias de piezas en stock, el 30% est\u00e1 disponible en 24h Posibilidad de env\u00edo expr\u00e9s","og_url":"https:\/\/www.polysoude.com\/es\/servicios-alquileres-piezas-de-recambio\/piezas-de-recambio-y-consumibles\/","og_site_name":"Polysoude","article_publisher":"https:\/\/www.facebook.com\/Polysoude\/","article_modified_time":"2024-07-29T14:00:09+00:00","og_image":[{"width":465,"height":86,"url":"https:\/\/www.polysoude.com\/wp-content\/uploads\/2022\/07\/Polysoude_Logo_signature_fond-transparent_600dpi_300mm_RVB-e1658123578778.png","type":"image\/png"}],"twitter_card":"summary_large_image","schema":{"@context":"https:\/\/schema.org","@graph":[{"@type":"WebPage","@id":"https:\/\/www.polysoude.com\/es\/servicios-alquileres-piezas-de-recambio\/piezas-de-recambio-y-consumibles\/","url":"https:\/\/www.polysoude.com\/es\/servicios-alquileres-piezas-de-recambio\/piezas-de-recambio-y-consumibles\/","name":"Piezas de recambio y consumibles | Polysoude","isPartOf":{"@id":"https:\/\/www.polysoude.com\/es\/#website"},"primaryImageOfPage":{"@id":"https:\/\/www.polysoude.com\/es\/servicios-alquileres-piezas-de-recambio\/piezas-de-recambio-y-consumibles\/#primaryimage"},"image":{"@id":"https:\/\/www.polysoude.com\/es\/servicios-alquileres-piezas-de-recambio\/piezas-de-recambio-y-consumibles\/#primaryimage"},"thumbnailUrl":"https:\/\/www.polysoude.com\/wp-content\/uploads\/2016\/10\/polysoude_spare-consumables.jpg","datePublished":"2016-10-06T08:04:42+00:00","dateModified":"2024-07-29T14:00:09+00:00","description":"Disponibilidad m\u00e1xima: M\u00e1s de 200\u00a0000 art\u00edculos en stock 9000 referencias de piezas en stock, el 30% est\u00e1 disponible en 24h Posibilidad de env\u00edo expr\u00e9s","breadcrumb":{"@id":"https:\/\/www.polysoude.com\/es\/servicios-alquileres-piezas-de-recambio\/piezas-de-recambio-y-consumibles\/#breadcrumb"},"inLanguage":"es-ES","potentialAction":[{"@type":"ReadAction","target":["https:\/\/www.polysoude.com\/es\/servicios-alquileres-piezas-de-recambio\/piezas-de-recambio-y-consumibles\/"]}]},{"@type":"ImageObject","inLanguage":"es-ES","@id":"https:\/\/www.polysoude.com\/es\/servicios-alquileres-piezas-de-recambio\/piezas-de-recambio-y-consumibles\/#primaryimage","url":"https:\/\/www.polysoude.com\/wp-content\/uploads\/2016\/10\/polysoude_spare-consumables.jpg","contentUrl":"https:\/\/www.polysoude.com\/wp-content\/uploads\/2016\/10\/polysoude_spare-consumables.jpg","width":480,"height":359},{"@type":"BreadcrumbList","@id":"https:\/\/www.polysoude.com\/es\/servicios-alquileres-piezas-de-recambio\/piezas-de-recambio-y-consumibles\/#breadcrumb","itemListElement":[{"@type":"ListItem","position":1,"name":"Home","item":"https:\/\/www.polysoude.com\/es\/homepage\/"},{"@type":"ListItem","position":2,"name":"Servicios \/ Alquileres \/ Piezas de recambio","item":"https:\/\/www.polysoude.com\/es\/servicios-alquileres-piezas-de-recambio\/"},{"@type":"ListItem","position":3,"name":"Piezas de recambio y consumibles"}]},{"@type":"WebSite","@id":"https:\/\/www.polysoude.com\/es\/#website","url":"https:\/\/www.polysoude.com\/es\/","name":"Polysoude","description":"The art of welding","publisher":{"@id":"https:\/\/www.polysoude.com\/es\/#organization"},"alternateName":"Polysoude","potentialAction":[{"@type":"SearchAction","target":{"@type":"EntryPoint","urlTemplate":"https:\/\/www.polysoude.com\/es\/?s={search_term_string}"},"query-input":{"@type":"PropertyValueSpecification","valueRequired":true,"valueName":"search_term_string"}}],"inLanguage":"es-ES"},{"@type":"Organization","@id":"https:\/\/www.polysoude.com\/es\/#organization","name":"Polysoude","alternateName":"Polysoude","url":"https:\/\/www.polysoude.com\/es\/","logo":{"@type":"ImageObject","inLanguage":"es-ES","@id":"https:\/\/www.polysoude.com\/es\/#\/schema\/logo\/image\/","url":"https:\/\/www.polysoude.com\/wp-content\/uploads\/2022\/07\/Polysoude_Logo_signature_fond-transparent_600dpi_300mm_RVB-e1658123578778.png","contentUrl":"https:\/\/www.polysoude.com\/wp-content\/uploads\/2022\/07\/Polysoude_Logo_signature_fond-transparent_600dpi_300mm_RVB-e1658123578778.png","width":465,"height":86,"caption":"Polysoude"},"image":{"@id":"https:\/\/www.polysoude.com\/es\/#\/schema\/logo\/image\/"},"sameAs":["https:\/\/www.facebook.com\/Polysoude\/","https:\/\/www.linkedin.com\/company\/polysoude\/","https:\/\/www.instagram.com\/polysoudeglobal\/"]}]}},"_links":{"self":[{"href":"https:\/\/www.polysoude.com\/es\/wp-json\/wp\/v2\/pages\/2657","targetHints":{"allow":["GET"]}}],"collection":[{"href":"https:\/\/www.polysoude.com\/es\/wp-json\/wp\/v2\/pages"}],"about":[{"href":"https:\/\/www.polysoude.com\/es\/wp-json\/wp\/v2\/types\/page"}],"author":[{"embeddable":true,"href":"https:\/\/www.polysoude.com\/es\/wp-json\/wp\/v2\/users\/1"}],"replies":[{"embeddable":true,"href":"https:\/\/www.polysoude.com\/es\/wp-json\/wp\/v2\/comments?post=2657"}],"version-history":[{"count":12,"href":"https:\/\/www.polysoude.com\/es\/wp-json\/wp\/v2\/pages\/2657\/revisions"}],"predecessor-version":[{"id":48509,"href":"https:\/\/www.polysoude.com\/es\/wp-json\/wp\/v2\/pages\/2657\/revisions\/48509"}],"up":[{"embeddable":true,"href":"https:\/\/www.polysoude.com\/es\/wp-json\/wp\/v2\/pages\/2257"}],"wp:featuredmedia":[{"embeddable":true,"href":"https:\/\/www.polysoude.com\/es\/wp-json\/wp\/v2\/media\/959"}],"wp:attachment":[{"href":"https:\/\/www.polysoude.com\/es\/wp-json\/wp\/v2\/media?parent=2657"}],"curies":[{"name":"wp","href":"https:\/\/api.w.org\/{rel}","templated":true}]}}