{"id":2662,"date":"2016-10-06T10:04:01","date_gmt":"2016-10-06T08:04:01","guid":{"rendered":"http:\/\/www.polysoude.com\/servicios-alquileres-piezas-de-recambio\/technical-assistance\/?lang=es"},"modified":"2024-07-29T15:57:39","modified_gmt":"2024-07-29T13:57:39","slug":"asistencia-tecnica","status":"publish","type":"page","link":"https:\/\/www.polysoude.com\/es\/servicios-alquileres-piezas-de-recambio\/asistencia-tecnica\/","title":{"rendered":"Asistencia t\u00e9cnica"},"content":{"rendered":"\n<h1>\n\t\tNuestra experiencia en soldadura    &#8211;  \u00a1Con usted, junto a usted!\n\t<\/h1>\n\t\t\t\t<img loading=\"lazy\" decoding=\"async\" src=\"https:\/\/www.polysoude.com\/wp-content\/uploads\/2016\/10\/services_welding-expertise-300x251.jpg\" alt=\"services_welding-expertise\" height=\"251\" width=\"300\" title=\"services_welding-expertise\" \/>\n\t<h4>Lo que podemos ofrecer:<\/h4>\n<ul>\n<li>25 grandes expertos en soldadura disponibles para desplazarse a sus instalaciones<\/li>\n<li>Los m\u00e9todos tecnol\u00f3gicos m\u00e1s modernos de soldadura<\/li>\n<li>Tecnolog\u00edas actualizadas con regularidad<\/li>\n<li>Soldadura de alta calidad garantizada<\/li>\n<li>Asesoramiento para optimizar la productividad y la calidad de la soldadura<\/li>\n<li>Asesoramiento sobre el mantenimiento preventivo y las reparaciones<\/li>\n<li>Formaci\u00f3n avanzada de los operadores<\/li>\n<li>Reparaci\u00f3n<\/li>\n<\/ul>\n<h1>\n\t\tApoyo a distancia: \u00a1Como si estuvi\u00e9ramos junto a usted! \n\t<\/h1>\n\t\t\t\t<img loading=\"lazy\" decoding=\"async\" src=\"https:\/\/www.polysoude.com\/wp-content\/uploads\/2016\/10\/services-remote-assistance-en.jpg\" alt=\"services-remote-assistance-en\" height=\"251\" width=\"266\" title=\"services-remote-assistance-en\" \/>\n\t<h4>\u00bfC\u00f3mo funciona?<\/h4>\n<p>Podemos ayudarle por tel\u00e9fono o a trav\u00e9s de Internet. Podemos incluso acceder al ordenador de control a trav\u00e9s de Internet a fin de comprobar la configuraci\u00f3n del software de Polysoude.<\/p>\n<p>&nbsp;<\/p>\n<h4>\u00bfCu\u00e1les son las ventajas?<\/h4>\n<ul>\n<li>Respuesta inmediata que minimiza el tiempo de parada<\/li>\n<li>Asesoramiento eficaz sobre los programas de soldadura<\/li>\n<li>Diagn\u00f3stico remoto y reparaci\u00f3n inmediata de aver\u00edas<\/li>\n<li>Asistencia telef\u00f3nica disponible en varios idiomas<\/li>\n<\/ul>\n\n","protected":false},"excerpt":{"rendered":"<p>Nuestra experiencia en soldadura &#8211; \u00a1Con usted, junto a usted! Lo que podemos ofrecer: 25 grandes expertos en soldadura disponibles para desplazarse a sus instalaciones Los m\u00e9todos tecnol\u00f3gicos m\u00e1s modernos de soldadura Tecnolog\u00edas actualizadas con regularidad Soldadura de alta calidad garantizada Asesoramiento para optimizar la productividad y la calidad de la soldadura Asesoramiento sobre el [&hellip;]<\/p>\n","protected":false},"author":1,"featured_media":2053,"parent":2257,"menu_order":0,"comment_status":"closed","ping_status":"closed","template":"page-contenu.php","meta":{"_acf_changed":false,"footnotes":""},"class_list":["post-2662","page","type-page","status-publish","has-post-thumbnail","hentry"],"acf":[],"yoast_head":"<!-- This site is optimized with the Yoast SEO plugin v27.3 - https:\/\/yoast.com\/product\/yoast-seo-wordpress\/ -->\n<title>Asistencia t\u00e9cnica | Polysoude<\/title>\n<meta name=\"description\" content=\"Nuestra experiencia en soldadura - \u00a1Con usted, junto a usted! Lo que podemos ofrecer: 25 grandes expertos en soldadura disponibles para desplazarse a sus\" \/>\n<meta name=\"robots\" content=\"index, follow, max-snippet:-1, max-image-preview:large, max-video-preview:-1\" \/>\n<link rel=\"canonical\" href=\"https:\/\/www.polysoude.com\/es\/servicios-alquileres-piezas-de-recambio\/asistencia-tecnica\/\" \/>\n<meta property=\"og:locale\" content=\"es_ES\" \/>\n<meta property=\"og:type\" content=\"article\" \/>\n<meta property=\"og:title\" content=\"Asistencia t\u00e9cnica | Polysoude\" \/>\n<meta property=\"og:description\" content=\"Nuestra experiencia en soldadura - \u00a1Con usted, junto a usted! Lo que podemos ofrecer: 25 grandes expertos en soldadura disponibles para desplazarse a sus\" \/>\n<meta property=\"og:url\" content=\"https:\/\/www.polysoude.com\/es\/servicios-alquileres-piezas-de-recambio\/asistencia-tecnica\/\" \/>\n<meta property=\"og:site_name\" content=\"Polysoude\" \/>\n<meta property=\"article:publisher\" content=\"https:\/\/www.facebook.com\/Polysoude\/\" \/>\n<meta property=\"article:modified_time\" content=\"2024-07-29T13:57:39+00:00\" \/>\n<meta property=\"og:image\" content=\"https:\/\/www.polysoude.com\/wp-content\/uploads\/2022\/07\/Polysoude_Logo_signature_fond-transparent_600dpi_300mm_RVB-e1658123578778.png\" \/>\n\t<meta property=\"og:image:width\" content=\"465\" \/>\n\t<meta property=\"og:image:height\" content=\"86\" \/>\n\t<meta property=\"og:image:type\" content=\"image\/png\" \/>\n<meta name=\"twitter:card\" content=\"summary_large_image\" \/>\n<meta name=\"twitter:label1\" content=\"Tiempo de lectura\" \/>\n\t<meta name=\"twitter:data1\" content=\"2 minutes\" \/>\n<script type=\"application\/ld+json\" class=\"yoast-schema-graph\">{\"@context\":\"https:\\\/\\\/schema.org\",\"@graph\":[{\"@type\":\"WebPage\",\"@id\":\"https:\\\/\\\/www.polysoude.com\\\/es\\\/servicios-alquileres-piezas-de-recambio\\\/asistencia-tecnica\\\/\",\"url\":\"https:\\\/\\\/www.polysoude.com\\\/es\\\/servicios-alquileres-piezas-de-recambio\\\/asistencia-tecnica\\\/\",\"name\":\"Asistencia t\u00e9cnica | Polysoude\",\"isPartOf\":{\"@id\":\"https:\\\/\\\/www.polysoude.com\\\/es\\\/#website\"},\"primaryImageOfPage\":{\"@id\":\"https:\\\/\\\/www.polysoude.com\\\/es\\\/servicios-alquileres-piezas-de-recambio\\\/asistencia-tecnica\\\/#primaryimage\"},\"image\":{\"@id\":\"https:\\\/\\\/www.polysoude.com\\\/es\\\/servicios-alquileres-piezas-de-recambio\\\/asistencia-tecnica\\\/#primaryimage\"},\"thumbnailUrl\":\"https:\\\/\\\/www.polysoude.com\\\/wp-content\\\/uploads\\\/2016\\\/10\\\/services_welding-expertise.jpg\",\"datePublished\":\"2016-10-06T08:04:01+00:00\",\"dateModified\":\"2024-07-29T13:57:39+00:00\",\"description\":\"Nuestra experiencia en soldadura - \u00a1Con usted, junto a usted! Lo que podemos ofrecer: 25 grandes expertos en soldadura disponibles para desplazarse a sus\",\"breadcrumb\":{\"@id\":\"https:\\\/\\\/www.polysoude.com\\\/es\\\/servicios-alquileres-piezas-de-recambio\\\/asistencia-tecnica\\\/#breadcrumb\"},\"inLanguage\":\"es-ES\",\"potentialAction\":[{\"@type\":\"ReadAction\",\"target\":[\"https:\\\/\\\/www.polysoude.com\\\/es\\\/servicios-alquileres-piezas-de-recambio\\\/asistencia-tecnica\\\/\"]}]},{\"@type\":\"ImageObject\",\"inLanguage\":\"es-ES\",\"@id\":\"https:\\\/\\\/www.polysoude.com\\\/es\\\/servicios-alquileres-piezas-de-recambio\\\/asistencia-tecnica\\\/#primaryimage\",\"url\":\"https:\\\/\\\/www.polysoude.com\\\/wp-content\\\/uploads\\\/2016\\\/10\\\/services_welding-expertise.jpg\",\"contentUrl\":\"https:\\\/\\\/www.polysoude.com\\\/wp-content\\\/uploads\\\/2016\\\/10\\\/services_welding-expertise.jpg\",\"width\":598,\"height\":500},{\"@type\":\"BreadcrumbList\",\"@id\":\"https:\\\/\\\/www.polysoude.com\\\/es\\\/servicios-alquileres-piezas-de-recambio\\\/asistencia-tecnica\\\/#breadcrumb\",\"itemListElement\":[{\"@type\":\"ListItem\",\"position\":1,\"name\":\"Home\",\"item\":\"https:\\\/\\\/www.polysoude.com\\\/es\\\/homepage\\\/\"},{\"@type\":\"ListItem\",\"position\":2,\"name\":\"Servicios \\\/ Alquileres \\\/ Piezas de recambio\",\"item\":\"https:\\\/\\\/www.polysoude.com\\\/es\\\/servicios-alquileres-piezas-de-recambio\\\/\"},{\"@type\":\"ListItem\",\"position\":3,\"name\":\"Asistencia t\u00e9cnica\"}]},{\"@type\":\"WebSite\",\"@id\":\"https:\\\/\\\/www.polysoude.com\\\/es\\\/#website\",\"url\":\"https:\\\/\\\/www.polysoude.com\\\/es\\\/\",\"name\":\"Polysoude\",\"description\":\"The art of welding\",\"publisher\":{\"@id\":\"https:\\\/\\\/www.polysoude.com\\\/es\\\/#organization\"},\"alternateName\":\"Polysoude\",\"potentialAction\":[{\"@type\":\"SearchAction\",\"target\":{\"@type\":\"EntryPoint\",\"urlTemplate\":\"https:\\\/\\\/www.polysoude.com\\\/es\\\/?s={search_term_string}\"},\"query-input\":{\"@type\":\"PropertyValueSpecification\",\"valueRequired\":true,\"valueName\":\"search_term_string\"}}],\"inLanguage\":\"es-ES\"},{\"@type\":\"Organization\",\"@id\":\"https:\\\/\\\/www.polysoude.com\\\/es\\\/#organization\",\"name\":\"Polysoude\",\"alternateName\":\"Polysoude\",\"url\":\"https:\\\/\\\/www.polysoude.com\\\/es\\\/\",\"logo\":{\"@type\":\"ImageObject\",\"inLanguage\":\"es-ES\",\"@id\":\"https:\\\/\\\/www.polysoude.com\\\/es\\\/#\\\/schema\\\/logo\\\/image\\\/\",\"url\":\"https:\\\/\\\/www.polysoude.com\\\/wp-content\\\/uploads\\\/2022\\\/07\\\/Polysoude_Logo_signature_fond-transparent_600dpi_300mm_RVB-e1658123578778.png\",\"contentUrl\":\"https:\\\/\\\/www.polysoude.com\\\/wp-content\\\/uploads\\\/2022\\\/07\\\/Polysoude_Logo_signature_fond-transparent_600dpi_300mm_RVB-e1658123578778.png\",\"width\":465,\"height\":86,\"caption\":\"Polysoude\"},\"image\":{\"@id\":\"https:\\\/\\\/www.polysoude.com\\\/es\\\/#\\\/schema\\\/logo\\\/image\\\/\"},\"sameAs\":[\"https:\\\/\\\/www.facebook.com\\\/Polysoude\\\/\",\"https:\\\/\\\/www.linkedin.com\\\/company\\\/polysoude\\\/\",\"https:\\\/\\\/www.instagram.com\\\/polysoudeglobal\\\/\"]}]}<\/script>\n<!-- \/ Yoast SEO plugin. -->","yoast_head_json":{"title":"Asistencia t\u00e9cnica | Polysoude","description":"Nuestra experiencia en soldadura - \u00a1Con usted, junto a usted! Lo que podemos ofrecer: 25 grandes expertos en soldadura disponibles para desplazarse a sus","robots":{"index":"index","follow":"follow","max-snippet":"max-snippet:-1","max-image-preview":"max-image-preview:large","max-video-preview":"max-video-preview:-1"},"canonical":"https:\/\/www.polysoude.com\/es\/servicios-alquileres-piezas-de-recambio\/asistencia-tecnica\/","og_locale":"es_ES","og_type":"article","og_title":"Asistencia t\u00e9cnica | Polysoude","og_description":"Nuestra experiencia en soldadura - \u00a1Con usted, junto a usted! Lo que podemos ofrecer: 25 grandes expertos en soldadura disponibles para desplazarse a sus","og_url":"https:\/\/www.polysoude.com\/es\/servicios-alquileres-piezas-de-recambio\/asistencia-tecnica\/","og_site_name":"Polysoude","article_publisher":"https:\/\/www.facebook.com\/Polysoude\/","article_modified_time":"2024-07-29T13:57:39+00:00","og_image":[{"width":465,"height":86,"url":"https:\/\/www.polysoude.com\/wp-content\/uploads\/2022\/07\/Polysoude_Logo_signature_fond-transparent_600dpi_300mm_RVB-e1658123578778.png","type":"image\/png"}],"twitter_card":"summary_large_image","twitter_misc":{"Tiempo de lectura":"2 minutes"},"schema":{"@context":"https:\/\/schema.org","@graph":[{"@type":"WebPage","@id":"https:\/\/www.polysoude.com\/es\/servicios-alquileres-piezas-de-recambio\/asistencia-tecnica\/","url":"https:\/\/www.polysoude.com\/es\/servicios-alquileres-piezas-de-recambio\/asistencia-tecnica\/","name":"Asistencia t\u00e9cnica | Polysoude","isPartOf":{"@id":"https:\/\/www.polysoude.com\/es\/#website"},"primaryImageOfPage":{"@id":"https:\/\/www.polysoude.com\/es\/servicios-alquileres-piezas-de-recambio\/asistencia-tecnica\/#primaryimage"},"image":{"@id":"https:\/\/www.polysoude.com\/es\/servicios-alquileres-piezas-de-recambio\/asistencia-tecnica\/#primaryimage"},"thumbnailUrl":"https:\/\/www.polysoude.com\/wp-content\/uploads\/2016\/10\/services_welding-expertise.jpg","datePublished":"2016-10-06T08:04:01+00:00","dateModified":"2024-07-29T13:57:39+00:00","description":"Nuestra experiencia en soldadura - \u00a1Con usted, junto a usted! Lo que podemos ofrecer: 25 grandes expertos en soldadura disponibles para desplazarse a sus","breadcrumb":{"@id":"https:\/\/www.polysoude.com\/es\/servicios-alquileres-piezas-de-recambio\/asistencia-tecnica\/#breadcrumb"},"inLanguage":"es-ES","potentialAction":[{"@type":"ReadAction","target":["https:\/\/www.polysoude.com\/es\/servicios-alquileres-piezas-de-recambio\/asistencia-tecnica\/"]}]},{"@type":"ImageObject","inLanguage":"es-ES","@id":"https:\/\/www.polysoude.com\/es\/servicios-alquileres-piezas-de-recambio\/asistencia-tecnica\/#primaryimage","url":"https:\/\/www.polysoude.com\/wp-content\/uploads\/2016\/10\/services_welding-expertise.jpg","contentUrl":"https:\/\/www.polysoude.com\/wp-content\/uploads\/2016\/10\/services_welding-expertise.jpg","width":598,"height":500},{"@type":"BreadcrumbList","@id":"https:\/\/www.polysoude.com\/es\/servicios-alquileres-piezas-de-recambio\/asistencia-tecnica\/#breadcrumb","itemListElement":[{"@type":"ListItem","position":1,"name":"Home","item":"https:\/\/www.polysoude.com\/es\/homepage\/"},{"@type":"ListItem","position":2,"name":"Servicios \/ Alquileres \/ Piezas de recambio","item":"https:\/\/www.polysoude.com\/es\/servicios-alquileres-piezas-de-recambio\/"},{"@type":"ListItem","position":3,"name":"Asistencia t\u00e9cnica"}]},{"@type":"WebSite","@id":"https:\/\/www.polysoude.com\/es\/#website","url":"https:\/\/www.polysoude.com\/es\/","name":"Polysoude","description":"The art of welding","publisher":{"@id":"https:\/\/www.polysoude.com\/es\/#organization"},"alternateName":"Polysoude","potentialAction":[{"@type":"SearchAction","target":{"@type":"EntryPoint","urlTemplate":"https:\/\/www.polysoude.com\/es\/?s={search_term_string}"},"query-input":{"@type":"PropertyValueSpecification","valueRequired":true,"valueName":"search_term_string"}}],"inLanguage":"es-ES"},{"@type":"Organization","@id":"https:\/\/www.polysoude.com\/es\/#organization","name":"Polysoude","alternateName":"Polysoude","url":"https:\/\/www.polysoude.com\/es\/","logo":{"@type":"ImageObject","inLanguage":"es-ES","@id":"https:\/\/www.polysoude.com\/es\/#\/schema\/logo\/image\/","url":"https:\/\/www.polysoude.com\/wp-content\/uploads\/2022\/07\/Polysoude_Logo_signature_fond-transparent_600dpi_300mm_RVB-e1658123578778.png","contentUrl":"https:\/\/www.polysoude.com\/wp-content\/uploads\/2022\/07\/Polysoude_Logo_signature_fond-transparent_600dpi_300mm_RVB-e1658123578778.png","width":465,"height":86,"caption":"Polysoude"},"image":{"@id":"https:\/\/www.polysoude.com\/es\/#\/schema\/logo\/image\/"},"sameAs":["https:\/\/www.facebook.com\/Polysoude\/","https:\/\/www.linkedin.com\/company\/polysoude\/","https:\/\/www.instagram.com\/polysoudeglobal\/"]}]}},"_links":{"self":[{"href":"https:\/\/www.polysoude.com\/es\/wp-json\/wp\/v2\/pages\/2662","targetHints":{"allow":["GET"]}}],"collection":[{"href":"https:\/\/www.polysoude.com\/es\/wp-json\/wp\/v2\/pages"}],"about":[{"href":"https:\/\/www.polysoude.com\/es\/wp-json\/wp\/v2\/types\/page"}],"author":[{"embeddable":true,"href":"https:\/\/www.polysoude.com\/es\/wp-json\/wp\/v2\/users\/1"}],"replies":[{"embeddable":true,"href":"https:\/\/www.polysoude.com\/es\/wp-json\/wp\/v2\/comments?post=2662"}],"version-history":[{"count":15,"href":"https:\/\/www.polysoude.com\/es\/wp-json\/wp\/v2\/pages\/2662\/revisions"}],"predecessor-version":[{"id":48503,"href":"https:\/\/www.polysoude.com\/es\/wp-json\/wp\/v2\/pages\/2662\/revisions\/48503"}],"up":[{"embeddable":true,"href":"https:\/\/www.polysoude.com\/es\/wp-json\/wp\/v2\/pages\/2257"}],"wp:featuredmedia":[{"embeddable":true,"href":"https:\/\/www.polysoude.com\/es\/wp-json\/wp\/v2\/media\/2053"}],"wp:attachment":[{"href":"https:\/\/www.polysoude.com\/es\/wp-json\/wp\/v2\/media?parent=2662"}],"curies":[{"name":"wp","href":"https:\/\/api.w.org\/{rel}","templated":true}]}}