{"id":2667,"date":"2016-10-06T10:04:11","date_gmt":"2016-10-06T08:04:11","guid":{"rendered":"http:\/\/www.polysoude.com\/servicios-alquileres-piezas-de-recambio\/training\/?lang=es"},"modified":"2024-07-29T15:58:27","modified_gmt":"2024-07-29T13:58:27","slug":"formacion","status":"publish","type":"page","link":"https:\/\/www.polysoude.com\/es\/servicios-alquileres-piezas-de-recambio\/formacion\/","title":{"rendered":"Formaci\u00f3n"},"content":{"rendered":"\n\n\t<h4>Su \u00e9xito es asunto nuestro&#8230;<\/h4>\nCon m\u00e1s de 60 a\u00f1os de experiencia en el dise\u00f1o de instalaciones de soldadura industrial y de recubrimiento TIG y Plasma, POLYSOUDE es capaz de compartir sus conocimientos y sus competencias a trav\u00e9s de <strong>numerosos programas de formaci\u00f3n<\/strong> en el \u00e1mbito de la soldadura.<br \/>\nOfrecemos formaci\u00f3n para :\n<ul>\n<li>los equipamientos de soldadura<\/li>\n<li>los procedimientos de soldadura<\/li>\n<li>el mantenimiento del equipamiento de Polysoude.<\/li>\n<\/ul>\n<p>Ofrecemos <strong>formaci\u00f3n para el uso y el mantenimiento<\/strong> para t\u00e9cnicos principiantes y avanzados. <strong>Formaci\u00f3n personalizada<\/strong> tambi\u00e9n puede ser impartida por nuestros formadores. \u00a1En POLYSOUDE tenemos una f\u00f3rmula adaptada para cada necesidad!<\/p>\n<p>La formaci\u00f3n puede ser impartida en <strong>varios idiomas<\/strong> como el ingl\u00e9s, franc\u00e9s, alem\u00e1n, italiano, chino, etc.<\/p>\n\t\t\t\t<img loading=\"lazy\" decoding=\"async\" src=\"https:\/\/www.polysoude.com\/wp-content\/uploads\/2016\/11\/Bonhomme-training-services_ES1-1.png\" alt=\"training services\" height=\"1001\" width=\"1500\" title=\"bonhomme-training-services_es1\" \/>\n\t\t\t\t<img loading=\"lazy\" decoding=\"async\" src=\"https:\/\/www.polysoude.com\/wp-content\/uploads\/2016\/10\/polysoude_training-300x169.jpg\" alt=\"polysoude_training\" height=\"169\" width=\"300\" title=\"polysoude_training\" \/>\n\t\t\t\t<img loading=\"lazy\" decoding=\"async\" src=\"https:\/\/www.polysoude.com\/wp-content\/uploads\/2016\/10\/polysoude_training2-300x192.jpg\" alt=\"polysoude_training2\" height=\"192\" width=\"300\" title=\"polysoude_training2\" \/>\n\t\t\t\t<img loading=\"lazy\" decoding=\"async\" src=\"https:\/\/www.polysoude.com\/wp-content\/uploads\/2016\/10\/polysoude_on-site_training-300x160.jpg\" alt=\"polysoude_on-site_training\" height=\"160\" width=\"300\" title=\"polysoude_on-site_training\" \/>\n\n","protected":false},"excerpt":{"rendered":"<p>Su \u00e9xito es asunto nuestro&#8230; Con m\u00e1s de 60 a\u00f1os de experiencia en el dise\u00f1o de instalaciones de soldadura industrial y de recubrimiento TIG y Plasma, POLYSOUDE es capaz de compartir sus conocimientos y sus competencias a trav\u00e9s de numerosos programas de formaci\u00f3n en el \u00e1mbito de la soldadura. Ofrecemos formaci\u00f3n para : los equipamientos [&hellip;]<\/p>\n","protected":false},"author":1,"featured_media":2115,"parent":2257,"menu_order":0,"comment_status":"closed","ping_status":"closed","template":"page-contenu.php","meta":{"_acf_changed":false,"footnotes":""},"class_list":["post-2667","page","type-page","status-publish","has-post-thumbnail","hentry"],"acf":[],"yoast_head":"<!-- This site is optimized with the Yoast SEO plugin v27.3 - https:\/\/yoast.com\/product\/yoast-seo-wordpress\/ -->\n<title>Formaci\u00f3n | Polysoude<\/title>\n<meta name=\"description\" content=\"Su \u00e9xito es asunto nuestro&#8230; Con m\u00e1s de 60 a\u00f1os de experiencia en el dise\u00f1o de instalaciones de soldadura industrial y de recubrimiento TIG y Plasma,\" \/>\n<meta name=\"robots\" content=\"index, follow, max-snippet:-1, max-image-preview:large, max-video-preview:-1\" \/>\n<link rel=\"canonical\" href=\"https:\/\/www.polysoude.com\/es\/servicios-alquileres-piezas-de-recambio\/formacion\/\" \/>\n<meta property=\"og:locale\" content=\"es_ES\" \/>\n<meta property=\"og:type\" content=\"article\" \/>\n<meta property=\"og:title\" content=\"Formaci\u00f3n | Polysoude\" \/>\n<meta property=\"og:description\" content=\"Su \u00e9xito es asunto nuestro&#8230; Con m\u00e1s de 60 a\u00f1os de experiencia en el dise\u00f1o de instalaciones de soldadura industrial y de recubrimiento TIG y Plasma,\" \/>\n<meta property=\"og:url\" content=\"https:\/\/www.polysoude.com\/es\/servicios-alquileres-piezas-de-recambio\/formacion\/\" \/>\n<meta property=\"og:site_name\" content=\"Polysoude\" \/>\n<meta property=\"article:publisher\" content=\"https:\/\/www.facebook.com\/Polysoude\/\" \/>\n<meta property=\"article:modified_time\" content=\"2024-07-29T13:58:27+00:00\" \/>\n<meta property=\"og:image\" content=\"https:\/\/www.polysoude.com\/wp-content\/uploads\/2022\/07\/Polysoude_Logo_signature_fond-transparent_600dpi_300mm_RVB-e1658123578778.png\" \/>\n\t<meta property=\"og:image:width\" content=\"465\" \/>\n\t<meta property=\"og:image:height\" content=\"86\" \/>\n\t<meta property=\"og:image:type\" content=\"image\/png\" \/>\n<meta name=\"twitter:card\" content=\"summary_large_image\" \/>\n<meta name=\"twitter:label1\" content=\"Tiempo de lectura\" \/>\n\t<meta name=\"twitter:data1\" content=\"1 minute\" \/>\n<script type=\"application\/ld+json\" class=\"yoast-schema-graph\">{\"@context\":\"https:\\\/\\\/schema.org\",\"@graph\":[{\"@type\":\"WebPage\",\"@id\":\"https:\\\/\\\/www.polysoude.com\\\/es\\\/servicios-alquileres-piezas-de-recambio\\\/formacion\\\/\",\"url\":\"https:\\\/\\\/www.polysoude.com\\\/es\\\/servicios-alquileres-piezas-de-recambio\\\/formacion\\\/\",\"name\":\"Formaci\u00f3n | Polysoude\",\"isPartOf\":{\"@id\":\"https:\\\/\\\/www.polysoude.com\\\/es\\\/#website\"},\"primaryImageOfPage\":{\"@id\":\"https:\\\/\\\/www.polysoude.com\\\/es\\\/servicios-alquileres-piezas-de-recambio\\\/formacion\\\/#primaryimage\"},\"image\":{\"@id\":\"https:\\\/\\\/www.polysoude.com\\\/es\\\/servicios-alquileres-piezas-de-recambio\\\/formacion\\\/#primaryimage\"},\"thumbnailUrl\":\"https:\\\/\\\/www.polysoude.com\\\/wp-content\\\/uploads\\\/2016\\\/10\\\/polysoude_training.jpg\",\"datePublished\":\"2016-10-06T08:04:11+00:00\",\"dateModified\":\"2024-07-29T13:58:27+00:00\",\"description\":\"Su \u00e9xito es asunto nuestro&#8230; Con m\u00e1s de 60 a\u00f1os de experiencia en el dise\u00f1o de instalaciones de soldadura industrial y de recubrimiento TIG y Plasma,\",\"breadcrumb\":{\"@id\":\"https:\\\/\\\/www.polysoude.com\\\/es\\\/servicios-alquileres-piezas-de-recambio\\\/formacion\\\/#breadcrumb\"},\"inLanguage\":\"es-ES\",\"potentialAction\":[{\"@type\":\"ReadAction\",\"target\":[\"https:\\\/\\\/www.polysoude.com\\\/es\\\/servicios-alquileres-piezas-de-recambio\\\/formacion\\\/\"]}]},{\"@type\":\"ImageObject\",\"inLanguage\":\"es-ES\",\"@id\":\"https:\\\/\\\/www.polysoude.com\\\/es\\\/servicios-alquileres-piezas-de-recambio\\\/formacion\\\/#primaryimage\",\"url\":\"https:\\\/\\\/www.polysoude.com\\\/wp-content\\\/uploads\\\/2016\\\/10\\\/polysoude_training.jpg\",\"contentUrl\":\"https:\\\/\\\/www.polysoude.com\\\/wp-content\\\/uploads\\\/2016\\\/10\\\/polysoude_training.jpg\",\"width\":500,\"height\":281},{\"@type\":\"BreadcrumbList\",\"@id\":\"https:\\\/\\\/www.polysoude.com\\\/es\\\/servicios-alquileres-piezas-de-recambio\\\/formacion\\\/#breadcrumb\",\"itemListElement\":[{\"@type\":\"ListItem\",\"position\":1,\"name\":\"Home\",\"item\":\"https:\\\/\\\/www.polysoude.com\\\/es\\\/homepage\\\/\"},{\"@type\":\"ListItem\",\"position\":2,\"name\":\"Servicios \\\/ Alquileres \\\/ Piezas de recambio\",\"item\":\"https:\\\/\\\/www.polysoude.com\\\/es\\\/servicios-alquileres-piezas-de-recambio\\\/\"},{\"@type\":\"ListItem\",\"position\":3,\"name\":\"Formaci\u00f3n\"}]},{\"@type\":\"WebSite\",\"@id\":\"https:\\\/\\\/www.polysoude.com\\\/es\\\/#website\",\"url\":\"https:\\\/\\\/www.polysoude.com\\\/es\\\/\",\"name\":\"Polysoude\",\"description\":\"The art of welding\",\"publisher\":{\"@id\":\"https:\\\/\\\/www.polysoude.com\\\/es\\\/#organization\"},\"alternateName\":\"Polysoude\",\"potentialAction\":[{\"@type\":\"SearchAction\",\"target\":{\"@type\":\"EntryPoint\",\"urlTemplate\":\"https:\\\/\\\/www.polysoude.com\\\/es\\\/?s={search_term_string}\"},\"query-input\":{\"@type\":\"PropertyValueSpecification\",\"valueRequired\":true,\"valueName\":\"search_term_string\"}}],\"inLanguage\":\"es-ES\"},{\"@type\":\"Organization\",\"@id\":\"https:\\\/\\\/www.polysoude.com\\\/es\\\/#organization\",\"name\":\"Polysoude\",\"alternateName\":\"Polysoude\",\"url\":\"https:\\\/\\\/www.polysoude.com\\\/es\\\/\",\"logo\":{\"@type\":\"ImageObject\",\"inLanguage\":\"es-ES\",\"@id\":\"https:\\\/\\\/www.polysoude.com\\\/es\\\/#\\\/schema\\\/logo\\\/image\\\/\",\"url\":\"https:\\\/\\\/www.polysoude.com\\\/wp-content\\\/uploads\\\/2022\\\/07\\\/Polysoude_Logo_signature_fond-transparent_600dpi_300mm_RVB-e1658123578778.png\",\"contentUrl\":\"https:\\\/\\\/www.polysoude.com\\\/wp-content\\\/uploads\\\/2022\\\/07\\\/Polysoude_Logo_signature_fond-transparent_600dpi_300mm_RVB-e1658123578778.png\",\"width\":465,\"height\":86,\"caption\":\"Polysoude\"},\"image\":{\"@id\":\"https:\\\/\\\/www.polysoude.com\\\/es\\\/#\\\/schema\\\/logo\\\/image\\\/\"},\"sameAs\":[\"https:\\\/\\\/www.facebook.com\\\/Polysoude\\\/\",\"https:\\\/\\\/www.linkedin.com\\\/company\\\/polysoude\\\/\",\"https:\\\/\\\/www.instagram.com\\\/polysoudeglobal\\\/\"]}]}<\/script>\n<!-- \/ Yoast SEO plugin. -->","yoast_head_json":{"title":"Formaci\u00f3n | Polysoude","description":"Su \u00e9xito es asunto nuestro&#8230; Con m\u00e1s de 60 a\u00f1os de experiencia en el dise\u00f1o de instalaciones de soldadura industrial y de recubrimiento TIG y Plasma,","robots":{"index":"index","follow":"follow","max-snippet":"max-snippet:-1","max-image-preview":"max-image-preview:large","max-video-preview":"max-video-preview:-1"},"canonical":"https:\/\/www.polysoude.com\/es\/servicios-alquileres-piezas-de-recambio\/formacion\/","og_locale":"es_ES","og_type":"article","og_title":"Formaci\u00f3n | Polysoude","og_description":"Su \u00e9xito es asunto nuestro&#8230; Con m\u00e1s de 60 a\u00f1os de experiencia en el dise\u00f1o de instalaciones de soldadura industrial y de recubrimiento TIG y Plasma,","og_url":"https:\/\/www.polysoude.com\/es\/servicios-alquileres-piezas-de-recambio\/formacion\/","og_site_name":"Polysoude","article_publisher":"https:\/\/www.facebook.com\/Polysoude\/","article_modified_time":"2024-07-29T13:58:27+00:00","og_image":[{"width":465,"height":86,"url":"https:\/\/www.polysoude.com\/wp-content\/uploads\/2022\/07\/Polysoude_Logo_signature_fond-transparent_600dpi_300mm_RVB-e1658123578778.png","type":"image\/png"}],"twitter_card":"summary_large_image","twitter_misc":{"Tiempo de lectura":"1 minute"},"schema":{"@context":"https:\/\/schema.org","@graph":[{"@type":"WebPage","@id":"https:\/\/www.polysoude.com\/es\/servicios-alquileres-piezas-de-recambio\/formacion\/","url":"https:\/\/www.polysoude.com\/es\/servicios-alquileres-piezas-de-recambio\/formacion\/","name":"Formaci\u00f3n | Polysoude","isPartOf":{"@id":"https:\/\/www.polysoude.com\/es\/#website"},"primaryImageOfPage":{"@id":"https:\/\/www.polysoude.com\/es\/servicios-alquileres-piezas-de-recambio\/formacion\/#primaryimage"},"image":{"@id":"https:\/\/www.polysoude.com\/es\/servicios-alquileres-piezas-de-recambio\/formacion\/#primaryimage"},"thumbnailUrl":"https:\/\/www.polysoude.com\/wp-content\/uploads\/2016\/10\/polysoude_training.jpg","datePublished":"2016-10-06T08:04:11+00:00","dateModified":"2024-07-29T13:58:27+00:00","description":"Su \u00e9xito es asunto nuestro&#8230; Con m\u00e1s de 60 a\u00f1os de experiencia en el dise\u00f1o de instalaciones de soldadura industrial y de recubrimiento TIG y Plasma,","breadcrumb":{"@id":"https:\/\/www.polysoude.com\/es\/servicios-alquileres-piezas-de-recambio\/formacion\/#breadcrumb"},"inLanguage":"es-ES","potentialAction":[{"@type":"ReadAction","target":["https:\/\/www.polysoude.com\/es\/servicios-alquileres-piezas-de-recambio\/formacion\/"]}]},{"@type":"ImageObject","inLanguage":"es-ES","@id":"https:\/\/www.polysoude.com\/es\/servicios-alquileres-piezas-de-recambio\/formacion\/#primaryimage","url":"https:\/\/www.polysoude.com\/wp-content\/uploads\/2016\/10\/polysoude_training.jpg","contentUrl":"https:\/\/www.polysoude.com\/wp-content\/uploads\/2016\/10\/polysoude_training.jpg","width":500,"height":281},{"@type":"BreadcrumbList","@id":"https:\/\/www.polysoude.com\/es\/servicios-alquileres-piezas-de-recambio\/formacion\/#breadcrumb","itemListElement":[{"@type":"ListItem","position":1,"name":"Home","item":"https:\/\/www.polysoude.com\/es\/homepage\/"},{"@type":"ListItem","position":2,"name":"Servicios \/ Alquileres \/ Piezas de recambio","item":"https:\/\/www.polysoude.com\/es\/servicios-alquileres-piezas-de-recambio\/"},{"@type":"ListItem","position":3,"name":"Formaci\u00f3n"}]},{"@type":"WebSite","@id":"https:\/\/www.polysoude.com\/es\/#website","url":"https:\/\/www.polysoude.com\/es\/","name":"Polysoude","description":"The art of welding","publisher":{"@id":"https:\/\/www.polysoude.com\/es\/#organization"},"alternateName":"Polysoude","potentialAction":[{"@type":"SearchAction","target":{"@type":"EntryPoint","urlTemplate":"https:\/\/www.polysoude.com\/es\/?s={search_term_string}"},"query-input":{"@type":"PropertyValueSpecification","valueRequired":true,"valueName":"search_term_string"}}],"inLanguage":"es-ES"},{"@type":"Organization","@id":"https:\/\/www.polysoude.com\/es\/#organization","name":"Polysoude","alternateName":"Polysoude","url":"https:\/\/www.polysoude.com\/es\/","logo":{"@type":"ImageObject","inLanguage":"es-ES","@id":"https:\/\/www.polysoude.com\/es\/#\/schema\/logo\/image\/","url":"https:\/\/www.polysoude.com\/wp-content\/uploads\/2022\/07\/Polysoude_Logo_signature_fond-transparent_600dpi_300mm_RVB-e1658123578778.png","contentUrl":"https:\/\/www.polysoude.com\/wp-content\/uploads\/2022\/07\/Polysoude_Logo_signature_fond-transparent_600dpi_300mm_RVB-e1658123578778.png","width":465,"height":86,"caption":"Polysoude"},"image":{"@id":"https:\/\/www.polysoude.com\/es\/#\/schema\/logo\/image\/"},"sameAs":["https:\/\/www.facebook.com\/Polysoude\/","https:\/\/www.linkedin.com\/company\/polysoude\/","https:\/\/www.instagram.com\/polysoudeglobal\/"]}]}},"_links":{"self":[{"href":"https:\/\/www.polysoude.com\/es\/wp-json\/wp\/v2\/pages\/2667","targetHints":{"allow":["GET"]}}],"collection":[{"href":"https:\/\/www.polysoude.com\/es\/wp-json\/wp\/v2\/pages"}],"about":[{"href":"https:\/\/www.polysoude.com\/es\/wp-json\/wp\/v2\/types\/page"}],"author":[{"embeddable":true,"href":"https:\/\/www.polysoude.com\/es\/wp-json\/wp\/v2\/users\/1"}],"replies":[{"embeddable":true,"href":"https:\/\/www.polysoude.com\/es\/wp-json\/wp\/v2\/comments?post=2667"}],"version-history":[{"count":16,"href":"https:\/\/www.polysoude.com\/es\/wp-json\/wp\/v2\/pages\/2667\/revisions"}],"predecessor-version":[{"id":48505,"href":"https:\/\/www.polysoude.com\/es\/wp-json\/wp\/v2\/pages\/2667\/revisions\/48505"}],"up":[{"embeddable":true,"href":"https:\/\/www.polysoude.com\/es\/wp-json\/wp\/v2\/pages\/2257"}],"wp:featuredmedia":[{"embeddable":true,"href":"https:\/\/www.polysoude.com\/es\/wp-json\/wp\/v2\/media\/2115"}],"wp:attachment":[{"href":"https:\/\/www.polysoude.com\/es\/wp-json\/wp\/v2\/media?parent=2667"}],"curies":[{"name":"wp","href":"https:\/\/api.w.org\/{rel}","templated":true}]}}