{"id":2896,"date":"2022-04-03T10:01:29","date_gmt":"2022-04-03T08:01:29","guid":{"rendered":"http:\/\/www.polysoude.com\/?page_id=2896"},"modified":"2019-07-24T11:58:24","modified_gmt":"2019-07-24T09:58:24","slug":"soldadura-orbital-y-automotizada","status":"publish","type":"page","link":"https:\/\/www.polysoude.com\/es\/soldadura-orbital-y-automotizada\/","title":{"rendered":"Soldadura orbital y automatizada"},"content":{"rendered":"<h3>Los procesos de soldadura orbital TIG en las soluciones de automatizaci\u00f3n en evoluci\u00f3n \u2013 \u00a1Imagine la soldadura perfecta!<\/h3>\n<p>POLYSOUDE proporciona una amplia gama est\u00e1ndar de equipos de soldadura orbital, para la soldadura TIG orbital\/GTAW, as\u00ed como soluciones automatizadas que integran las \u00faltimas tecnolog\u00edas.\n<\/p>\n<p>Dos de cada tres usuarios en todo el mundo recurren a las soluciones de POLYSOUDE, que garantizan la mayor calidad de soldadura y la m\u00e1xima productividad. POLYSOUDE ha fabricado una gama completa de cabezales de soldadura abiertos y cerrados y\u00a0 fuentes de energ\u00eda para soldadura orbital, dedicadas a aplicaciones generales, como:<\/p>\n<ul>\n<li>soldadura de tubo a tubo<\/li>\n<li>soldadura de tubo a placa<\/li>\n<li>paredes de todos los grosores, de fino a grueso<\/li>\n<li>herramientas de soldadura para todo tipo de piezas<\/li>\n<\/ul>\n<p>Los cabezales de soldadura modulares y las herramientas se adaptan f\u00e1cilmente a las aplicaciones generales que incluyen una amplia gama de di\u00e1metros, grosores de pared y geometr\u00edas de piezas.<\/p>\n<p>\t\t\t\t<img decoding=\"async\" src=\"https:\/\/www.polysoude.com\/wp-content\/uploads\/2016\/10\/banner_orbital-automated-welding.jpg\" alt=\"Polysoude - Orbital and automated welding\" \/><\/p>\n<p>Las <strong>instalaciones de soldadura orbital<\/strong> se componen generalmente del siguiente equipamiento:<\/p>\n<ul>\n<li>una fuente de energ\u00eda programable con control remoto<\/li>\n<li>un cabezal de soldadura<\/li>\n<li>un dispositivo alimentador de hilo, si la aplicaci\u00f3n lo requiere<\/li>\n<\/ul>\n<p>Adem\u00e1s de su gama de material de soldadura orbital, POLYSOUDE proporciona <strong>instalaciones completamente automatizadas<\/strong> para combinaciones de procesos de soldadura TIG\/GTAW,hilo fr\u00edo\/caliente, proceso Plasma y dem\u00e1s para responder a todos sus requisitos.Solamente la soldadura automatizada puede garantizar calor limitado durante la soldadura para conservar las propiedades del material.<br \/>\nLas soluciones de material de POLYSOUDE junto con nuestros servicios amplios de soldadura son la garant\u00eda de que se conseguir\u00e1n sus objetivos de producci\u00f3n.Las instalaciones especializadas est\u00e1n dise\u00f1adas acorde a las necesidades del cliente. Generalmente consisten en:<\/p>\n<ul>\n<li>una fuente de energ\u00eda para soldadura<\/li>\n<li>piezas o herramientas de manipulaci\u00f3n de la antorcha como posicionadores o soluciones robot<\/li>\n<\/ul>\n<p>Todas estas instalaciones pueden ser completadas con sistemas de adquisici\u00f3n de datos y de v\u00eddeo.<\/p>\n","protected":false},"excerpt":{"rendered":"<p>Los procesos de soldadura orbital TIG en las soluciones de automatizaci\u00f3n en evoluci\u00f3n \u2013 \u00a1Imagine la soldadura perfecta! POLYSOUDE proporciona una amplia gama est\u00e1ndar de equipos de soldadura orbital, para la soldadura TIG orbital\/GTAW, as\u00ed como soluciones automatizadas que integran las \u00faltimas tecnolog\u00edas. Dos de cada tres usuarios en todo el mundo recurren a las [&hellip;]<\/p>\n","protected":false},"author":1,"featured_media":0,"parent":0,"menu_order":0,"comment_status":"closed","ping_status":"closed","template":"page-parent.php","meta":{"_acf_changed":false,"footnotes":""},"class_list":["post-2896","page","type-page","status-publish","hentry"],"acf":[],"yoast_head":"<!-- This site is optimized with the Yoast SEO plugin v27.3 - https:\/\/yoast.com\/product\/yoast-seo-wordpress\/ -->\n<title>Orbital TIG Welding Machine &amp; Equipment, Tube &amp; Pipe Welding<\/title>\n<meta name=\"description\" content=\"Los procesos de soldadura orbital TIG en las soluciones de automatizaci\u00f3n en evoluci\u00f3n \u2013 \u00a1Imagine la soldadura perfecta! POLYSOUDE proporciona una amplia\" \/>\n<meta name=\"robots\" content=\"index, follow, max-snippet:-1, max-image-preview:large, max-video-preview:-1\" \/>\n<link rel=\"canonical\" href=\"https:\/\/www.polysoude.com\/es\/soldadura-orbital-y-automotizada\/\" \/>\n<meta property=\"og:locale\" content=\"es_ES\" \/>\n<meta property=\"og:type\" content=\"article\" \/>\n<meta property=\"og:title\" content=\"Orbital TIG Welding Machine &amp; Equipment, Tube &amp; Pipe Welding\" \/>\n<meta property=\"og:description\" content=\"Los procesos de soldadura orbital TIG en las soluciones de automatizaci\u00f3n en evoluci\u00f3n \u2013 \u00a1Imagine la soldadura perfecta! POLYSOUDE proporciona una amplia\" \/>\n<meta property=\"og:url\" content=\"https:\/\/www.polysoude.com\/es\/soldadura-orbital-y-automotizada\/\" \/>\n<meta property=\"og:site_name\" content=\"Polysoude\" \/>\n<meta property=\"article:publisher\" content=\"https:\/\/www.facebook.com\/Polysoude\/\" \/>\n<meta property=\"og:image\" content=\"https:\/\/www.polysoude.com\/wp-content\/uploads\/2016\/10\/banner_orbital-automated-welding.jpg\" \/>\n<meta name=\"twitter:card\" content=\"summary_large_image\" \/>\n<meta name=\"twitter:label1\" content=\"Tiempo de lectura\" \/>\n\t<meta name=\"twitter:data1\" content=\"2 minutes\" \/>\n<script type=\"application\/ld+json\" class=\"yoast-schema-graph\">{\"@context\":\"https:\\\/\\\/schema.org\",\"@graph\":[{\"@type\":\"WebPage\",\"@id\":\"https:\\\/\\\/www.polysoude.com\\\/es\\\/soldadura-orbital-y-automotizada\\\/\",\"url\":\"https:\\\/\\\/www.polysoude.com\\\/es\\\/soldadura-orbital-y-automotizada\\\/\",\"name\":\"Orbital TIG Welding Machine & Equipment, Tube & Pipe Welding\",\"isPartOf\":{\"@id\":\"https:\\\/\\\/www.polysoude.com\\\/es\\\/#website\"},\"primaryImageOfPage\":{\"@id\":\"https:\\\/\\\/www.polysoude.com\\\/es\\\/soldadura-orbital-y-automotizada\\\/#primaryimage\"},\"image\":{\"@id\":\"https:\\\/\\\/www.polysoude.com\\\/es\\\/soldadura-orbital-y-automotizada\\\/#primaryimage\"},\"thumbnailUrl\":\"https:\\\/\\\/www.polysoude.com\\\/wp-content\\\/uploads\\\/2016\\\/10\\\/banner_orbital-automated-welding.jpg\",\"datePublished\":\"2022-04-03T08:01:29+00:00\",\"description\":\"Los procesos de soldadura orbital TIG en las soluciones de automatizaci\u00f3n en evoluci\u00f3n \u2013 \u00a1Imagine la soldadura perfecta! POLYSOUDE proporciona una amplia\",\"breadcrumb\":{\"@id\":\"https:\\\/\\\/www.polysoude.com\\\/es\\\/soldadura-orbital-y-automotizada\\\/#breadcrumb\"},\"inLanguage\":\"es-ES\",\"potentialAction\":[{\"@type\":\"ReadAction\",\"target\":[\"https:\\\/\\\/www.polysoude.com\\\/es\\\/soldadura-orbital-y-automotizada\\\/\"]}]},{\"@type\":\"ImageObject\",\"inLanguage\":\"es-ES\",\"@id\":\"https:\\\/\\\/www.polysoude.com\\\/es\\\/soldadura-orbital-y-automotizada\\\/#primaryimage\",\"url\":\"https:\\\/\\\/www.polysoude.com\\\/wp-content\\\/uploads\\\/2016\\\/10\\\/banner_orbital-automated-welding.jpg\",\"contentUrl\":\"https:\\\/\\\/www.polysoude.com\\\/wp-content\\\/uploads\\\/2016\\\/10\\\/banner_orbital-automated-welding.jpg\"},{\"@type\":\"BreadcrumbList\",\"@id\":\"https:\\\/\\\/www.polysoude.com\\\/es\\\/soldadura-orbital-y-automotizada\\\/#breadcrumb\",\"itemListElement\":[{\"@type\":\"ListItem\",\"position\":1,\"name\":\"Home\",\"item\":\"https:\\\/\\\/www.polysoude.com\\\/es\\\/homepage\\\/\"},{\"@type\":\"ListItem\",\"position\":2,\"name\":\"Soldadura orbital y automatizada\"}]},{\"@type\":\"WebSite\",\"@id\":\"https:\\\/\\\/www.polysoude.com\\\/es\\\/#website\",\"url\":\"https:\\\/\\\/www.polysoude.com\\\/es\\\/\",\"name\":\"Polysoude\",\"description\":\"The art of welding\",\"publisher\":{\"@id\":\"https:\\\/\\\/www.polysoude.com\\\/es\\\/#organization\"},\"alternateName\":\"Polysoude\",\"potentialAction\":[{\"@type\":\"SearchAction\",\"target\":{\"@type\":\"EntryPoint\",\"urlTemplate\":\"https:\\\/\\\/www.polysoude.com\\\/es\\\/?s={search_term_string}\"},\"query-input\":{\"@type\":\"PropertyValueSpecification\",\"valueRequired\":true,\"valueName\":\"search_term_string\"}}],\"inLanguage\":\"es-ES\"},{\"@type\":\"Organization\",\"@id\":\"https:\\\/\\\/www.polysoude.com\\\/es\\\/#organization\",\"name\":\"Polysoude\",\"alternateName\":\"Polysoude\",\"url\":\"https:\\\/\\\/www.polysoude.com\\\/es\\\/\",\"logo\":{\"@type\":\"ImageObject\",\"inLanguage\":\"es-ES\",\"@id\":\"https:\\\/\\\/www.polysoude.com\\\/es\\\/#\\\/schema\\\/logo\\\/image\\\/\",\"url\":\"https:\\\/\\\/www.polysoude.com\\\/wp-content\\\/uploads\\\/2022\\\/07\\\/Polysoude_Logo_signature_fond-transparent_600dpi_300mm_RVB-e1658123578778.png\",\"contentUrl\":\"https:\\\/\\\/www.polysoude.com\\\/wp-content\\\/uploads\\\/2022\\\/07\\\/Polysoude_Logo_signature_fond-transparent_600dpi_300mm_RVB-e1658123578778.png\",\"width\":465,\"height\":86,\"caption\":\"Polysoude\"},\"image\":{\"@id\":\"https:\\\/\\\/www.polysoude.com\\\/es\\\/#\\\/schema\\\/logo\\\/image\\\/\"},\"sameAs\":[\"https:\\\/\\\/www.facebook.com\\\/Polysoude\\\/\",\"https:\\\/\\\/www.linkedin.com\\\/company\\\/polysoude\\\/\",\"https:\\\/\\\/www.instagram.com\\\/polysoudeglobal\\\/\"]}]}<\/script>\n<!-- \/ Yoast SEO plugin. -->","yoast_head_json":{"title":"Orbital TIG Welding Machine & Equipment, Tube & Pipe Welding","description":"Los procesos de soldadura orbital TIG en las soluciones de automatizaci\u00f3n en evoluci\u00f3n \u2013 \u00a1Imagine la soldadura perfecta! POLYSOUDE proporciona una amplia","robots":{"index":"index","follow":"follow","max-snippet":"max-snippet:-1","max-image-preview":"max-image-preview:large","max-video-preview":"max-video-preview:-1"},"canonical":"https:\/\/www.polysoude.com\/es\/soldadura-orbital-y-automotizada\/","og_locale":"es_ES","og_type":"article","og_title":"Orbital TIG Welding Machine & Equipment, Tube & Pipe Welding","og_description":"Los procesos de soldadura orbital TIG en las soluciones de automatizaci\u00f3n en evoluci\u00f3n \u2013 \u00a1Imagine la soldadura perfecta! POLYSOUDE proporciona una amplia","og_url":"https:\/\/www.polysoude.com\/es\/soldadura-orbital-y-automotizada\/","og_site_name":"Polysoude","article_publisher":"https:\/\/www.facebook.com\/Polysoude\/","og_image":[{"url":"https:\/\/www.polysoude.com\/wp-content\/uploads\/2016\/10\/banner_orbital-automated-welding.jpg","type":"","width":"","height":""}],"twitter_card":"summary_large_image","twitter_misc":{"Tiempo de lectura":"2 minutes"},"schema":{"@context":"https:\/\/schema.org","@graph":[{"@type":"WebPage","@id":"https:\/\/www.polysoude.com\/es\/soldadura-orbital-y-automotizada\/","url":"https:\/\/www.polysoude.com\/es\/soldadura-orbital-y-automotizada\/","name":"Orbital TIG Welding Machine & Equipment, Tube & Pipe Welding","isPartOf":{"@id":"https:\/\/www.polysoude.com\/es\/#website"},"primaryImageOfPage":{"@id":"https:\/\/www.polysoude.com\/es\/soldadura-orbital-y-automotizada\/#primaryimage"},"image":{"@id":"https:\/\/www.polysoude.com\/es\/soldadura-orbital-y-automotizada\/#primaryimage"},"thumbnailUrl":"https:\/\/www.polysoude.com\/wp-content\/uploads\/2016\/10\/banner_orbital-automated-welding.jpg","datePublished":"2022-04-03T08:01:29+00:00","description":"Los procesos de soldadura orbital TIG en las soluciones de automatizaci\u00f3n en evoluci\u00f3n \u2013 \u00a1Imagine la soldadura perfecta! POLYSOUDE proporciona una amplia","breadcrumb":{"@id":"https:\/\/www.polysoude.com\/es\/soldadura-orbital-y-automotizada\/#breadcrumb"},"inLanguage":"es-ES","potentialAction":[{"@type":"ReadAction","target":["https:\/\/www.polysoude.com\/es\/soldadura-orbital-y-automotizada\/"]}]},{"@type":"ImageObject","inLanguage":"es-ES","@id":"https:\/\/www.polysoude.com\/es\/soldadura-orbital-y-automotizada\/#primaryimage","url":"https:\/\/www.polysoude.com\/wp-content\/uploads\/2016\/10\/banner_orbital-automated-welding.jpg","contentUrl":"https:\/\/www.polysoude.com\/wp-content\/uploads\/2016\/10\/banner_orbital-automated-welding.jpg"},{"@type":"BreadcrumbList","@id":"https:\/\/www.polysoude.com\/es\/soldadura-orbital-y-automotizada\/#breadcrumb","itemListElement":[{"@type":"ListItem","position":1,"name":"Home","item":"https:\/\/www.polysoude.com\/es\/homepage\/"},{"@type":"ListItem","position":2,"name":"Soldadura orbital y automatizada"}]},{"@type":"WebSite","@id":"https:\/\/www.polysoude.com\/es\/#website","url":"https:\/\/www.polysoude.com\/es\/","name":"Polysoude","description":"The art of welding","publisher":{"@id":"https:\/\/www.polysoude.com\/es\/#organization"},"alternateName":"Polysoude","potentialAction":[{"@type":"SearchAction","target":{"@type":"EntryPoint","urlTemplate":"https:\/\/www.polysoude.com\/es\/?s={search_term_string}"},"query-input":{"@type":"PropertyValueSpecification","valueRequired":true,"valueName":"search_term_string"}}],"inLanguage":"es-ES"},{"@type":"Organization","@id":"https:\/\/www.polysoude.com\/es\/#organization","name":"Polysoude","alternateName":"Polysoude","url":"https:\/\/www.polysoude.com\/es\/","logo":{"@type":"ImageObject","inLanguage":"es-ES","@id":"https:\/\/www.polysoude.com\/es\/#\/schema\/logo\/image\/","url":"https:\/\/www.polysoude.com\/wp-content\/uploads\/2022\/07\/Polysoude_Logo_signature_fond-transparent_600dpi_300mm_RVB-e1658123578778.png","contentUrl":"https:\/\/www.polysoude.com\/wp-content\/uploads\/2022\/07\/Polysoude_Logo_signature_fond-transparent_600dpi_300mm_RVB-e1658123578778.png","width":465,"height":86,"caption":"Polysoude"},"image":{"@id":"https:\/\/www.polysoude.com\/es\/#\/schema\/logo\/image\/"},"sameAs":["https:\/\/www.facebook.com\/Polysoude\/","https:\/\/www.linkedin.com\/company\/polysoude\/","https:\/\/www.instagram.com\/polysoudeglobal\/"]}]}},"_links":{"self":[{"href":"https:\/\/www.polysoude.com\/es\/wp-json\/wp\/v2\/pages\/2896","targetHints":{"allow":["GET"]}}],"collection":[{"href":"https:\/\/www.polysoude.com\/es\/wp-json\/wp\/v2\/pages"}],"about":[{"href":"https:\/\/www.polysoude.com\/es\/wp-json\/wp\/v2\/types\/page"}],"author":[{"embeddable":true,"href":"https:\/\/www.polysoude.com\/es\/wp-json\/wp\/v2\/users\/1"}],"replies":[{"embeddable":true,"href":"https:\/\/www.polysoude.com\/es\/wp-json\/wp\/v2\/comments?post=2896"}],"version-history":[{"count":16,"href":"https:\/\/www.polysoude.com\/es\/wp-json\/wp\/v2\/pages\/2896\/revisions"}],"predecessor-version":[{"id":26319,"href":"https:\/\/www.polysoude.com\/es\/wp-json\/wp\/v2\/pages\/2896\/revisions\/26319"}],"wp:attachment":[{"href":"https:\/\/www.polysoude.com\/es\/wp-json\/wp\/v2\/media?parent=2896"}],"curies":[{"name":"wp","href":"https:\/\/api.w.org\/{rel}","templated":true}]}}