{"id":2905,"date":"2023-02-20T09:01:38","date_gmt":"2023-02-20T08:01:38","guid":{"rendered":"http:\/\/www.polysoude.com\/?page_id=2905"},"modified":"2021-02-15T12:11:49","modified_gmt":"2021-02-15T11:11:49","slug":"soldadura-orbital-de-tubos-y-tuberias-2","status":"publish","type":"page","link":"https:\/\/www.polysoude.com\/es\/soldadura-orbital-y-automotizada\/soldadura-orbital-de-tubos-y-tuberias-2\/","title":{"rendered":"Soldadura orbital de tubos y tuber\u00edas"},"content":{"rendered":"\n\t<h4><strong>Una amplia gama para todos los di\u00e1metros, espesores de pared y geometr\u00edas de piezas<\/strong><\/h4>\n<p>Polysoude ofrece cabezales y herramientas de soldadura modulares que se adaptan f\u00e1cilmente a las distintas aplicaciones de soldadura de tubos y tuber\u00edas y responden a las crecientes exigencias de calidad de los materiales que suelen ser dif\u00edciles de soldar. S\u00f3lo la soldadura orbital automatizada garantiza una soldadura con aporte de calor controlado y limitado para respetar las propiedades del material. Las estaciones de soldadura inteligente de Polysoude son capaces de producir soldaduras de alta calidad a altos ritmos de producci\u00f3n, en condiciones ambientales severas.<\/p>\n<h2>\n\t\tPRUEBAS PERICCIALES &#8211; Leer m\u00e1s sobre nuestra pasi\u00f3n por la soldadura:\n\t<\/h2>\n\t\t\t<a href=\"https:\/\/www.polysoude.com\/es\/soudage-orbital-et-automatique\/soudage-haute-purete-comment-souder-des-tubes-de-haute-purete-salle-blanche-polysoude\/\" target=\"_blank\" role=\"button\" rel=\"noopener noreferrer\">\n\t\t\t\t\t\t\tSoldadura de Alta Pureza\n\t\t\t\t\t<\/a>\n\t\t\t<a href=\"https:\/\/www.polysoude.com\/es\/preparation-de-tubes\/\" target=\"_blank\" role=\"button\" rel=\"noopener noreferrer\">\n\t\t\t\t\t\t\tPreparaci\u00f3n del tubo \n\t\t\t\t\t<\/a>\n\t\t\t<a href=\"https:\/\/www.polysoude.com\/es\/quil-sagisse-de-super-hyper-ou-lean-duplex-polysoude-excelle-dans-toutes-les-nuances-daciers-inoxydables\/\" target=\"_blank\" role=\"button\" rel=\"noopener noreferrer\">\n\t\t\t\t\t\t\t\u00bfSuper o Hyper Duplex?\n\t\t\t\t\t<\/a>\n","protected":false},"excerpt":{"rendered":"<p>Una amplia gama para todos los di\u00e1metros, espesores de pared y geometr\u00edas de piezas Polysoude ofrece cabezales y herramientas de soldadura modulares que se adaptan f\u00e1cilmente a las distintas aplicaciones de soldadura de tubos y tuber\u00edas y responden a las crecientes exigencias de calidad de los materiales que suelen ser dif\u00edciles de soldar. S\u00f3lo la [&hellip;]<\/p>\n","protected":false},"author":1,"featured_media":26353,"parent":2896,"menu_order":0,"comment_status":"closed","ping_status":"closed","template":"page-metier.php","meta":{"_acf_changed":false,"footnotes":""},"class_list":["post-2905","page","type-page","status-publish","has-post-thumbnail","hentry"],"acf":[],"yoast_head":"<!-- This site is optimized with the Yoast SEO plugin v27.3 - https:\/\/yoast.com\/product\/yoast-seo-wordpress\/ -->\n<title>Pipe Welding, TIG pipe Welding, Pipeline Welding<\/title>\n<meta name=\"description\" content=\"Una amplia gama para todos los di\u00e1metros, espesores de pared y geometr\u00edas de piezas Polysoude ofrece cabezales y herramientas de soldadura modulares que\" \/>\n<meta name=\"robots\" content=\"index, follow, max-snippet:-1, max-image-preview:large, max-video-preview:-1\" \/>\n<link rel=\"canonical\" href=\"https:\/\/www.polysoude.com\/es\/soldadura-orbital-y-automotizada\/soldadura-orbital-de-tubos-y-tuberias-2\/\" \/>\n<meta property=\"og:locale\" content=\"es_ES\" \/>\n<meta property=\"og:type\" content=\"article\" \/>\n<meta property=\"og:title\" content=\"Pipe Welding, TIG pipe Welding, Pipeline Welding\" \/>\n<meta property=\"og:description\" content=\"Una amplia gama para todos los di\u00e1metros, espesores de pared y geometr\u00edas de piezas Polysoude ofrece cabezales y herramientas de soldadura modulares que\" \/>\n<meta property=\"og:url\" content=\"https:\/\/www.polysoude.com\/es\/soldadura-orbital-y-automotizada\/soldadura-orbital-de-tubos-y-tuberias-2\/\" \/>\n<meta property=\"og:site_name\" content=\"Polysoude\" \/>\n<meta property=\"article:publisher\" content=\"https:\/\/www.facebook.com\/Polysoude\/\" \/>\n<meta property=\"og:image\" content=\"https:\/\/www.polysoude.com\/wp-content\/uploads\/2019\/07\/closed-chamber-welding-heads_2019_500x500.jpg\" \/>\n\t<meta property=\"og:image:width\" content=\"500\" \/>\n\t<meta property=\"og:image:height\" content=\"500\" \/>\n\t<meta property=\"og:image:type\" content=\"image\/jpeg\" \/>\n<meta name=\"twitter:card\" content=\"summary_large_image\" \/>\n<meta name=\"twitter:label1\" content=\"Tiempo de lectura\" \/>\n\t<meta name=\"twitter:data1\" content=\"1 minute\" \/>\n<script type=\"application\/ld+json\" class=\"yoast-schema-graph\">{\"@context\":\"https:\\\/\\\/schema.org\",\"@graph\":[{\"@type\":\"WebPage\",\"@id\":\"https:\\\/\\\/www.polysoude.com\\\/es\\\/soldadura-orbital-y-automotizada\\\/soldadura-orbital-de-tubos-y-tuberias-2\\\/\",\"url\":\"https:\\\/\\\/www.polysoude.com\\\/es\\\/soldadura-orbital-y-automotizada\\\/soldadura-orbital-de-tubos-y-tuberias-2\\\/\",\"name\":\"Pipe Welding, TIG pipe Welding, Pipeline Welding\",\"isPartOf\":{\"@id\":\"https:\\\/\\\/www.polysoude.com\\\/es\\\/#website\"},\"primaryImageOfPage\":{\"@id\":\"https:\\\/\\\/www.polysoude.com\\\/es\\\/soldadura-orbital-y-automotizada\\\/soldadura-orbital-de-tubos-y-tuberias-2\\\/#primaryimage\"},\"image\":{\"@id\":\"https:\\\/\\\/www.polysoude.com\\\/es\\\/soldadura-orbital-y-automotizada\\\/soldadura-orbital-de-tubos-y-tuberias-2\\\/#primaryimage\"},\"thumbnailUrl\":\"https:\\\/\\\/www.polysoude.com\\\/wp-content\\\/uploads\\\/2019\\\/07\\\/closed-chamber-welding-heads_2019_500x500.jpg\",\"datePublished\":\"2023-02-20T08:01:38+00:00\",\"description\":\"Una amplia gama para todos los di\u00e1metros, espesores de pared y geometr\u00edas de piezas Polysoude ofrece cabezales y herramientas de soldadura modulares que\",\"breadcrumb\":{\"@id\":\"https:\\\/\\\/www.polysoude.com\\\/es\\\/soldadura-orbital-y-automotizada\\\/soldadura-orbital-de-tubos-y-tuberias-2\\\/#breadcrumb\"},\"inLanguage\":\"es-ES\",\"potentialAction\":[{\"@type\":\"ReadAction\",\"target\":[\"https:\\\/\\\/www.polysoude.com\\\/es\\\/soldadura-orbital-y-automotizada\\\/soldadura-orbital-de-tubos-y-tuberias-2\\\/\"]}]},{\"@type\":\"ImageObject\",\"inLanguage\":\"es-ES\",\"@id\":\"https:\\\/\\\/www.polysoude.com\\\/es\\\/soldadura-orbital-y-automotizada\\\/soldadura-orbital-de-tubos-y-tuberias-2\\\/#primaryimage\",\"url\":\"https:\\\/\\\/www.polysoude.com\\\/wp-content\\\/uploads\\\/2019\\\/07\\\/closed-chamber-welding-heads_2019_500x500.jpg\",\"contentUrl\":\"https:\\\/\\\/www.polysoude.com\\\/wp-content\\\/uploads\\\/2019\\\/07\\\/closed-chamber-welding-heads_2019_500x500.jpg\",\"width\":500,\"height\":500},{\"@type\":\"BreadcrumbList\",\"@id\":\"https:\\\/\\\/www.polysoude.com\\\/es\\\/soldadura-orbital-y-automotizada\\\/soldadura-orbital-de-tubos-y-tuberias-2\\\/#breadcrumb\",\"itemListElement\":[{\"@type\":\"ListItem\",\"position\":1,\"name\":\"Home\",\"item\":\"https:\\\/\\\/www.polysoude.com\\\/es\\\/homepage\\\/\"},{\"@type\":\"ListItem\",\"position\":2,\"name\":\"Soldadura orbital y automatizada\",\"item\":\"https:\\\/\\\/www.polysoude.com\\\/es\\\/soldadura-orbital-y-automotizada\\\/\"},{\"@type\":\"ListItem\",\"position\":3,\"name\":\"Soldadura orbital de tubos y tuber\u00edas\"}]},{\"@type\":\"WebSite\",\"@id\":\"https:\\\/\\\/www.polysoude.com\\\/es\\\/#website\",\"url\":\"https:\\\/\\\/www.polysoude.com\\\/es\\\/\",\"name\":\"Polysoude\",\"description\":\"The art of welding\",\"publisher\":{\"@id\":\"https:\\\/\\\/www.polysoude.com\\\/es\\\/#organization\"},\"alternateName\":\"Polysoude\",\"potentialAction\":[{\"@type\":\"SearchAction\",\"target\":{\"@type\":\"EntryPoint\",\"urlTemplate\":\"https:\\\/\\\/www.polysoude.com\\\/es\\\/?s={search_term_string}\"},\"query-input\":{\"@type\":\"PropertyValueSpecification\",\"valueRequired\":true,\"valueName\":\"search_term_string\"}}],\"inLanguage\":\"es-ES\"},{\"@type\":\"Organization\",\"@id\":\"https:\\\/\\\/www.polysoude.com\\\/es\\\/#organization\",\"name\":\"Polysoude\",\"alternateName\":\"Polysoude\",\"url\":\"https:\\\/\\\/www.polysoude.com\\\/es\\\/\",\"logo\":{\"@type\":\"ImageObject\",\"inLanguage\":\"es-ES\",\"@id\":\"https:\\\/\\\/www.polysoude.com\\\/es\\\/#\\\/schema\\\/logo\\\/image\\\/\",\"url\":\"https:\\\/\\\/www.polysoude.com\\\/wp-content\\\/uploads\\\/2022\\\/07\\\/Polysoude_Logo_signature_fond-transparent_600dpi_300mm_RVB-e1658123578778.png\",\"contentUrl\":\"https:\\\/\\\/www.polysoude.com\\\/wp-content\\\/uploads\\\/2022\\\/07\\\/Polysoude_Logo_signature_fond-transparent_600dpi_300mm_RVB-e1658123578778.png\",\"width\":465,\"height\":86,\"caption\":\"Polysoude\"},\"image\":{\"@id\":\"https:\\\/\\\/www.polysoude.com\\\/es\\\/#\\\/schema\\\/logo\\\/image\\\/\"},\"sameAs\":[\"https:\\\/\\\/www.facebook.com\\\/Polysoude\\\/\",\"https:\\\/\\\/www.linkedin.com\\\/company\\\/polysoude\\\/\",\"https:\\\/\\\/www.instagram.com\\\/polysoudeglobal\\\/\"]}]}<\/script>\n<!-- \/ Yoast SEO plugin. -->","yoast_head_json":{"title":"Pipe Welding, TIG pipe Welding, Pipeline Welding","description":"Una amplia gama para todos los di\u00e1metros, espesores de pared y geometr\u00edas de piezas Polysoude ofrece cabezales y herramientas de soldadura modulares que","robots":{"index":"index","follow":"follow","max-snippet":"max-snippet:-1","max-image-preview":"max-image-preview:large","max-video-preview":"max-video-preview:-1"},"canonical":"https:\/\/www.polysoude.com\/es\/soldadura-orbital-y-automotizada\/soldadura-orbital-de-tubos-y-tuberias-2\/","og_locale":"es_ES","og_type":"article","og_title":"Pipe Welding, TIG pipe Welding, Pipeline Welding","og_description":"Una amplia gama para todos los di\u00e1metros, espesores de pared y geometr\u00edas de piezas Polysoude ofrece cabezales y herramientas de soldadura modulares que","og_url":"https:\/\/www.polysoude.com\/es\/soldadura-orbital-y-automotizada\/soldadura-orbital-de-tubos-y-tuberias-2\/","og_site_name":"Polysoude","article_publisher":"https:\/\/www.facebook.com\/Polysoude\/","og_image":[{"width":500,"height":500,"url":"https:\/\/www.polysoude.com\/wp-content\/uploads\/2019\/07\/closed-chamber-welding-heads_2019_500x500.jpg","type":"image\/jpeg"}],"twitter_card":"summary_large_image","twitter_misc":{"Tiempo de lectura":"1 minute"},"schema":{"@context":"https:\/\/schema.org","@graph":[{"@type":"WebPage","@id":"https:\/\/www.polysoude.com\/es\/soldadura-orbital-y-automotizada\/soldadura-orbital-de-tubos-y-tuberias-2\/","url":"https:\/\/www.polysoude.com\/es\/soldadura-orbital-y-automotizada\/soldadura-orbital-de-tubos-y-tuberias-2\/","name":"Pipe Welding, TIG pipe Welding, Pipeline Welding","isPartOf":{"@id":"https:\/\/www.polysoude.com\/es\/#website"},"primaryImageOfPage":{"@id":"https:\/\/www.polysoude.com\/es\/soldadura-orbital-y-automotizada\/soldadura-orbital-de-tubos-y-tuberias-2\/#primaryimage"},"image":{"@id":"https:\/\/www.polysoude.com\/es\/soldadura-orbital-y-automotizada\/soldadura-orbital-de-tubos-y-tuberias-2\/#primaryimage"},"thumbnailUrl":"https:\/\/www.polysoude.com\/wp-content\/uploads\/2019\/07\/closed-chamber-welding-heads_2019_500x500.jpg","datePublished":"2023-02-20T08:01:38+00:00","description":"Una amplia gama para todos los di\u00e1metros, espesores de pared y geometr\u00edas de piezas Polysoude ofrece cabezales y herramientas de soldadura modulares que","breadcrumb":{"@id":"https:\/\/www.polysoude.com\/es\/soldadura-orbital-y-automotizada\/soldadura-orbital-de-tubos-y-tuberias-2\/#breadcrumb"},"inLanguage":"es-ES","potentialAction":[{"@type":"ReadAction","target":["https:\/\/www.polysoude.com\/es\/soldadura-orbital-y-automotizada\/soldadura-orbital-de-tubos-y-tuberias-2\/"]}]},{"@type":"ImageObject","inLanguage":"es-ES","@id":"https:\/\/www.polysoude.com\/es\/soldadura-orbital-y-automotizada\/soldadura-orbital-de-tubos-y-tuberias-2\/#primaryimage","url":"https:\/\/www.polysoude.com\/wp-content\/uploads\/2019\/07\/closed-chamber-welding-heads_2019_500x500.jpg","contentUrl":"https:\/\/www.polysoude.com\/wp-content\/uploads\/2019\/07\/closed-chamber-welding-heads_2019_500x500.jpg","width":500,"height":500},{"@type":"BreadcrumbList","@id":"https:\/\/www.polysoude.com\/es\/soldadura-orbital-y-automotizada\/soldadura-orbital-de-tubos-y-tuberias-2\/#breadcrumb","itemListElement":[{"@type":"ListItem","position":1,"name":"Home","item":"https:\/\/www.polysoude.com\/es\/homepage\/"},{"@type":"ListItem","position":2,"name":"Soldadura orbital y automatizada","item":"https:\/\/www.polysoude.com\/es\/soldadura-orbital-y-automotizada\/"},{"@type":"ListItem","position":3,"name":"Soldadura orbital de tubos y tuber\u00edas"}]},{"@type":"WebSite","@id":"https:\/\/www.polysoude.com\/es\/#website","url":"https:\/\/www.polysoude.com\/es\/","name":"Polysoude","description":"The art of welding","publisher":{"@id":"https:\/\/www.polysoude.com\/es\/#organization"},"alternateName":"Polysoude","potentialAction":[{"@type":"SearchAction","target":{"@type":"EntryPoint","urlTemplate":"https:\/\/www.polysoude.com\/es\/?s={search_term_string}"},"query-input":{"@type":"PropertyValueSpecification","valueRequired":true,"valueName":"search_term_string"}}],"inLanguage":"es-ES"},{"@type":"Organization","@id":"https:\/\/www.polysoude.com\/es\/#organization","name":"Polysoude","alternateName":"Polysoude","url":"https:\/\/www.polysoude.com\/es\/","logo":{"@type":"ImageObject","inLanguage":"es-ES","@id":"https:\/\/www.polysoude.com\/es\/#\/schema\/logo\/image\/","url":"https:\/\/www.polysoude.com\/wp-content\/uploads\/2022\/07\/Polysoude_Logo_signature_fond-transparent_600dpi_300mm_RVB-e1658123578778.png","contentUrl":"https:\/\/www.polysoude.com\/wp-content\/uploads\/2022\/07\/Polysoude_Logo_signature_fond-transparent_600dpi_300mm_RVB-e1658123578778.png","width":465,"height":86,"caption":"Polysoude"},"image":{"@id":"https:\/\/www.polysoude.com\/es\/#\/schema\/logo\/image\/"},"sameAs":["https:\/\/www.facebook.com\/Polysoude\/","https:\/\/www.linkedin.com\/company\/polysoude\/","https:\/\/www.instagram.com\/polysoudeglobal\/"]}]}},"_links":{"self":[{"href":"https:\/\/www.polysoude.com\/es\/wp-json\/wp\/v2\/pages\/2905","targetHints":{"allow":["GET"]}}],"collection":[{"href":"https:\/\/www.polysoude.com\/es\/wp-json\/wp\/v2\/pages"}],"about":[{"href":"https:\/\/www.polysoude.com\/es\/wp-json\/wp\/v2\/types\/page"}],"author":[{"embeddable":true,"href":"https:\/\/www.polysoude.com\/es\/wp-json\/wp\/v2\/users\/1"}],"replies":[{"embeddable":true,"href":"https:\/\/www.polysoude.com\/es\/wp-json\/wp\/v2\/comments?post=2905"}],"version-history":[{"count":23,"href":"https:\/\/www.polysoude.com\/es\/wp-json\/wp\/v2\/pages\/2905\/revisions"}],"predecessor-version":[{"id":33079,"href":"https:\/\/www.polysoude.com\/es\/wp-json\/wp\/v2\/pages\/2905\/revisions\/33079"}],"up":[{"embeddable":true,"href":"https:\/\/www.polysoude.com\/es\/wp-json\/wp\/v2\/pages\/2896"}],"wp:featuredmedia":[{"embeddable":true,"href":"https:\/\/www.polysoude.com\/es\/wp-json\/wp\/v2\/media\/26353"}],"wp:attachment":[{"href":"https:\/\/www.polysoude.com\/es\/wp-json\/wp\/v2\/media?parent=2905"}],"curies":[{"name":"wp","href":"https:\/\/api.w.org\/{rel}","templated":true}]}}