{"id":2913,"date":"2022-04-03T10:02:58","date_gmt":"2022-04-03T08:02:58","guid":{"rendered":"http:\/\/www.polysoude.com\/?page_id=2913"},"modified":"2017-01-27T13:57:23","modified_gmt":"2017-01-27T12:57:23","slug":"soldadura-orbital-de-tubo-a-placa","status":"publish","type":"page","link":"https:\/\/www.polysoude.com\/es\/soldadura-orbital-y-automotizada\/soldadura-orbital-de-tubo-a-placa\/","title":{"rendered":"Soldadura orbital de tubo a placa"},"content":{"rendered":"<h3><\/h3>\n<h4><strong>Automatizaci\u00f3n para una productividad avanzada<\/strong><\/h4>\n<p>Las calderas y los intercambiadores de calor son utilizados en todo tipo de industrias y se encuentran principalmente en las industrias qu\u00edmica y petroqu\u00edmicas refiner\u00edas y en las centrales de energ\u00eda el\u00e9ctrica.<br \/>\nPOLYSOUDE proporciona cabezales de soldadura de tubo a placa con o sin hilo de relleno y una antorcha de rotaci\u00f3n continua. El ciclo intenso se consigue gracias a la refrigeraci\u00f3n por agua. Se ofrecen accesorios opcionales para la perforaci\u00f3n interna y aplicaciones de placa trasera\/doble.<\/p>\n","protected":false},"excerpt":{"rendered":"<p>Automatizaci\u00f3n para una productividad avanzada Las calderas y los intercambiadores de calor son utilizados en todo tipo de industrias y se encuentran principalmente en las industrias qu\u00edmica y petroqu\u00edmicas refiner\u00edas y en las centrales de energ\u00eda el\u00e9ctrica. POLYSOUDE proporciona cabezales de soldadura de tubo a placa con o sin hilo de relleno y una antorcha [&hellip;]<\/p>\n","protected":false},"author":1,"featured_media":25821,"parent":2896,"menu_order":0,"comment_status":"closed","ping_status":"closed","template":"page-metier.php","meta":{"_acf_changed":false,"footnotes":""},"class_list":["post-2913","page","type-page","status-publish","has-post-thumbnail","hentry"],"acf":[],"yoast_head":"<!-- This site is optimized with the Yoast SEO plugin v27.3 - https:\/\/yoast.com\/product\/yoast-seo-wordpress\/ -->\n<title>Soldadura orbital de tubo a placa | Polysoude<\/title>\n<meta name=\"description\" content=\"Automatizaci\u00f3n para una productividad avanzada Las calderas y los intercambiadores de calor son utilizados en todo tipo de industrias y se encuentran\" \/>\n<meta name=\"robots\" content=\"index, follow, max-snippet:-1, max-image-preview:large, max-video-preview:-1\" \/>\n<link rel=\"canonical\" href=\"https:\/\/www.polysoude.com\/es\/soldadura-orbital-y-automotizada\/soldadura-orbital-de-tubo-a-placa\/\" \/>\n<meta property=\"og:locale\" content=\"es_ES\" \/>\n<meta property=\"og:type\" content=\"article\" \/>\n<meta property=\"og:title\" content=\"Soldadura orbital de tubo a placa | Polysoude\" \/>\n<meta property=\"og:description\" content=\"Automatizaci\u00f3n para una productividad avanzada Las calderas y los intercambiadores de calor son utilizados en todo tipo de industrias y se encuentran\" \/>\n<meta property=\"og:url\" content=\"https:\/\/www.polysoude.com\/es\/soldadura-orbital-y-automotizada\/soldadura-orbital-de-tubo-a-placa\/\" \/>\n<meta property=\"og:site_name\" content=\"Polysoude\" \/>\n<meta property=\"article:publisher\" content=\"https:\/\/www.facebook.com\/Polysoude\/\" \/>\n<meta property=\"og:image\" content=\"https:\/\/www.polysoude.com\/wp-content\/uploads\/2022\/07\/Polysoude_Logo_signature_fond-transparent_600dpi_300mm_RVB-e1658123578778.png\" \/>\n\t<meta property=\"og:image:width\" content=\"465\" \/>\n\t<meta property=\"og:image:height\" content=\"86\" \/>\n\t<meta property=\"og:image:type\" content=\"image\/png\" \/>\n<meta name=\"twitter:card\" content=\"summary_large_image\" \/>\n<script type=\"application\/ld+json\" class=\"yoast-schema-graph\">{\"@context\":\"https:\\\/\\\/schema.org\",\"@graph\":[{\"@type\":\"WebPage\",\"@id\":\"https:\\\/\\\/www.polysoude.com\\\/es\\\/soldadura-orbital-y-automotizada\\\/soldadura-orbital-de-tubo-a-placa\\\/\",\"url\":\"https:\\\/\\\/www.polysoude.com\\\/es\\\/soldadura-orbital-y-automotizada\\\/soldadura-orbital-de-tubo-a-placa\\\/\",\"name\":\"Soldadura orbital de tubo a placa | Polysoude\",\"isPartOf\":{\"@id\":\"https:\\\/\\\/www.polysoude.com\\\/es\\\/#website\"},\"primaryImageOfPage\":{\"@id\":\"https:\\\/\\\/www.polysoude.com\\\/es\\\/soldadura-orbital-y-automotizada\\\/soldadura-orbital-de-tubo-a-placa\\\/#primaryimage\"},\"image\":{\"@id\":\"https:\\\/\\\/www.polysoude.com\\\/es\\\/soldadura-orbital-y-automotizada\\\/soldadura-orbital-de-tubo-a-placa\\\/#primaryimage\"},\"thumbnailUrl\":\"https:\\\/\\\/www.polysoude.com\\\/wp-content\\\/uploads\\\/2019\\\/06\\\/tube-to-tubesheet-welding-heads_2019_500x500.jpg\",\"datePublished\":\"2022-04-03T08:02:58+00:00\",\"description\":\"Automatizaci\u00f3n para una productividad avanzada Las calderas y los intercambiadores de calor son utilizados en todo tipo de industrias y se encuentran\",\"breadcrumb\":{\"@id\":\"https:\\\/\\\/www.polysoude.com\\\/es\\\/soldadura-orbital-y-automotizada\\\/soldadura-orbital-de-tubo-a-placa\\\/#breadcrumb\"},\"inLanguage\":\"es-ES\",\"potentialAction\":[{\"@type\":\"ReadAction\",\"target\":[\"https:\\\/\\\/www.polysoude.com\\\/es\\\/soldadura-orbital-y-automotizada\\\/soldadura-orbital-de-tubo-a-placa\\\/\"]}]},{\"@type\":\"ImageObject\",\"inLanguage\":\"es-ES\",\"@id\":\"https:\\\/\\\/www.polysoude.com\\\/es\\\/soldadura-orbital-y-automotizada\\\/soldadura-orbital-de-tubo-a-placa\\\/#primaryimage\",\"url\":\"https:\\\/\\\/www.polysoude.com\\\/wp-content\\\/uploads\\\/2019\\\/06\\\/tube-to-tubesheet-welding-heads_2019_500x500.jpg\",\"contentUrl\":\"https:\\\/\\\/www.polysoude.com\\\/wp-content\\\/uploads\\\/2019\\\/06\\\/tube-to-tubesheet-welding-heads_2019_500x500.jpg\",\"width\":500,\"height\":500},{\"@type\":\"BreadcrumbList\",\"@id\":\"https:\\\/\\\/www.polysoude.com\\\/es\\\/soldadura-orbital-y-automotizada\\\/soldadura-orbital-de-tubo-a-placa\\\/#breadcrumb\",\"itemListElement\":[{\"@type\":\"ListItem\",\"position\":1,\"name\":\"Home\",\"item\":\"https:\\\/\\\/www.polysoude.com\\\/es\\\/homepage\\\/\"},{\"@type\":\"ListItem\",\"position\":2,\"name\":\"Soldadura orbital y automatizada\",\"item\":\"https:\\\/\\\/www.polysoude.com\\\/es\\\/soldadura-orbital-y-automotizada\\\/\"},{\"@type\":\"ListItem\",\"position\":3,\"name\":\"Soldadura orbital de tubo a placa\"}]},{\"@type\":\"WebSite\",\"@id\":\"https:\\\/\\\/www.polysoude.com\\\/es\\\/#website\",\"url\":\"https:\\\/\\\/www.polysoude.com\\\/es\\\/\",\"name\":\"Polysoude\",\"description\":\"The art of welding\",\"publisher\":{\"@id\":\"https:\\\/\\\/www.polysoude.com\\\/es\\\/#organization\"},\"alternateName\":\"Polysoude\",\"potentialAction\":[{\"@type\":\"SearchAction\",\"target\":{\"@type\":\"EntryPoint\",\"urlTemplate\":\"https:\\\/\\\/www.polysoude.com\\\/es\\\/?s={search_term_string}\"},\"query-input\":{\"@type\":\"PropertyValueSpecification\",\"valueRequired\":true,\"valueName\":\"search_term_string\"}}],\"inLanguage\":\"es-ES\"},{\"@type\":\"Organization\",\"@id\":\"https:\\\/\\\/www.polysoude.com\\\/es\\\/#organization\",\"name\":\"Polysoude\",\"alternateName\":\"Polysoude\",\"url\":\"https:\\\/\\\/www.polysoude.com\\\/es\\\/\",\"logo\":{\"@type\":\"ImageObject\",\"inLanguage\":\"es-ES\",\"@id\":\"https:\\\/\\\/www.polysoude.com\\\/es\\\/#\\\/schema\\\/logo\\\/image\\\/\",\"url\":\"https:\\\/\\\/www.polysoude.com\\\/wp-content\\\/uploads\\\/2022\\\/07\\\/Polysoude_Logo_signature_fond-transparent_600dpi_300mm_RVB-e1658123578778.png\",\"contentUrl\":\"https:\\\/\\\/www.polysoude.com\\\/wp-content\\\/uploads\\\/2022\\\/07\\\/Polysoude_Logo_signature_fond-transparent_600dpi_300mm_RVB-e1658123578778.png\",\"width\":465,\"height\":86,\"caption\":\"Polysoude\"},\"image\":{\"@id\":\"https:\\\/\\\/www.polysoude.com\\\/es\\\/#\\\/schema\\\/logo\\\/image\\\/\"},\"sameAs\":[\"https:\\\/\\\/www.facebook.com\\\/Polysoude\\\/\",\"https:\\\/\\\/www.linkedin.com\\\/company\\\/polysoude\\\/\",\"https:\\\/\\\/www.instagram.com\\\/polysoudeglobal\\\/\"]}]}<\/script>\n<!-- \/ Yoast SEO plugin. -->","yoast_head_json":{"title":"Soldadura orbital de tubo a placa | Polysoude","description":"Automatizaci\u00f3n para una productividad avanzada Las calderas y los intercambiadores de calor son utilizados en todo tipo de industrias y se encuentran","robots":{"index":"index","follow":"follow","max-snippet":"max-snippet:-1","max-image-preview":"max-image-preview:large","max-video-preview":"max-video-preview:-1"},"canonical":"https:\/\/www.polysoude.com\/es\/soldadura-orbital-y-automotizada\/soldadura-orbital-de-tubo-a-placa\/","og_locale":"es_ES","og_type":"article","og_title":"Soldadura orbital de tubo a placa | Polysoude","og_description":"Automatizaci\u00f3n para una productividad avanzada Las calderas y los intercambiadores de calor son utilizados en todo tipo de industrias y se encuentran","og_url":"https:\/\/www.polysoude.com\/es\/soldadura-orbital-y-automotizada\/soldadura-orbital-de-tubo-a-placa\/","og_site_name":"Polysoude","article_publisher":"https:\/\/www.facebook.com\/Polysoude\/","og_image":[{"width":465,"height":86,"url":"https:\/\/www.polysoude.com\/wp-content\/uploads\/2022\/07\/Polysoude_Logo_signature_fond-transparent_600dpi_300mm_RVB-e1658123578778.png","type":"image\/png"}],"twitter_card":"summary_large_image","schema":{"@context":"https:\/\/schema.org","@graph":[{"@type":"WebPage","@id":"https:\/\/www.polysoude.com\/es\/soldadura-orbital-y-automotizada\/soldadura-orbital-de-tubo-a-placa\/","url":"https:\/\/www.polysoude.com\/es\/soldadura-orbital-y-automotizada\/soldadura-orbital-de-tubo-a-placa\/","name":"Soldadura orbital de tubo a placa | Polysoude","isPartOf":{"@id":"https:\/\/www.polysoude.com\/es\/#website"},"primaryImageOfPage":{"@id":"https:\/\/www.polysoude.com\/es\/soldadura-orbital-y-automotizada\/soldadura-orbital-de-tubo-a-placa\/#primaryimage"},"image":{"@id":"https:\/\/www.polysoude.com\/es\/soldadura-orbital-y-automotizada\/soldadura-orbital-de-tubo-a-placa\/#primaryimage"},"thumbnailUrl":"https:\/\/www.polysoude.com\/wp-content\/uploads\/2019\/06\/tube-to-tubesheet-welding-heads_2019_500x500.jpg","datePublished":"2022-04-03T08:02:58+00:00","description":"Automatizaci\u00f3n para una productividad avanzada Las calderas y los intercambiadores de calor son utilizados en todo tipo de industrias y se encuentran","breadcrumb":{"@id":"https:\/\/www.polysoude.com\/es\/soldadura-orbital-y-automotizada\/soldadura-orbital-de-tubo-a-placa\/#breadcrumb"},"inLanguage":"es-ES","potentialAction":[{"@type":"ReadAction","target":["https:\/\/www.polysoude.com\/es\/soldadura-orbital-y-automotizada\/soldadura-orbital-de-tubo-a-placa\/"]}]},{"@type":"ImageObject","inLanguage":"es-ES","@id":"https:\/\/www.polysoude.com\/es\/soldadura-orbital-y-automotizada\/soldadura-orbital-de-tubo-a-placa\/#primaryimage","url":"https:\/\/www.polysoude.com\/wp-content\/uploads\/2019\/06\/tube-to-tubesheet-welding-heads_2019_500x500.jpg","contentUrl":"https:\/\/www.polysoude.com\/wp-content\/uploads\/2019\/06\/tube-to-tubesheet-welding-heads_2019_500x500.jpg","width":500,"height":500},{"@type":"BreadcrumbList","@id":"https:\/\/www.polysoude.com\/es\/soldadura-orbital-y-automotizada\/soldadura-orbital-de-tubo-a-placa\/#breadcrumb","itemListElement":[{"@type":"ListItem","position":1,"name":"Home","item":"https:\/\/www.polysoude.com\/es\/homepage\/"},{"@type":"ListItem","position":2,"name":"Soldadura orbital y automatizada","item":"https:\/\/www.polysoude.com\/es\/soldadura-orbital-y-automotizada\/"},{"@type":"ListItem","position":3,"name":"Soldadura orbital de tubo a placa"}]},{"@type":"WebSite","@id":"https:\/\/www.polysoude.com\/es\/#website","url":"https:\/\/www.polysoude.com\/es\/","name":"Polysoude","description":"The art of welding","publisher":{"@id":"https:\/\/www.polysoude.com\/es\/#organization"},"alternateName":"Polysoude","potentialAction":[{"@type":"SearchAction","target":{"@type":"EntryPoint","urlTemplate":"https:\/\/www.polysoude.com\/es\/?s={search_term_string}"},"query-input":{"@type":"PropertyValueSpecification","valueRequired":true,"valueName":"search_term_string"}}],"inLanguage":"es-ES"},{"@type":"Organization","@id":"https:\/\/www.polysoude.com\/es\/#organization","name":"Polysoude","alternateName":"Polysoude","url":"https:\/\/www.polysoude.com\/es\/","logo":{"@type":"ImageObject","inLanguage":"es-ES","@id":"https:\/\/www.polysoude.com\/es\/#\/schema\/logo\/image\/","url":"https:\/\/www.polysoude.com\/wp-content\/uploads\/2022\/07\/Polysoude_Logo_signature_fond-transparent_600dpi_300mm_RVB-e1658123578778.png","contentUrl":"https:\/\/www.polysoude.com\/wp-content\/uploads\/2022\/07\/Polysoude_Logo_signature_fond-transparent_600dpi_300mm_RVB-e1658123578778.png","width":465,"height":86,"caption":"Polysoude"},"image":{"@id":"https:\/\/www.polysoude.com\/es\/#\/schema\/logo\/image\/"},"sameAs":["https:\/\/www.facebook.com\/Polysoude\/","https:\/\/www.linkedin.com\/company\/polysoude\/","https:\/\/www.instagram.com\/polysoudeglobal\/"]}]}},"_links":{"self":[{"href":"https:\/\/www.polysoude.com\/es\/wp-json\/wp\/v2\/pages\/2913","targetHints":{"allow":["GET"]}}],"collection":[{"href":"https:\/\/www.polysoude.com\/es\/wp-json\/wp\/v2\/pages"}],"about":[{"href":"https:\/\/www.polysoude.com\/es\/wp-json\/wp\/v2\/types\/page"}],"author":[{"embeddable":true,"href":"https:\/\/www.polysoude.com\/es\/wp-json\/wp\/v2\/users\/1"}],"replies":[{"embeddable":true,"href":"https:\/\/www.polysoude.com\/es\/wp-json\/wp\/v2\/comments?post=2913"}],"version-history":[{"count":17,"href":"https:\/\/www.polysoude.com\/es\/wp-json\/wp\/v2\/pages\/2913\/revisions"}],"predecessor-version":[{"id":6976,"href":"https:\/\/www.polysoude.com\/es\/wp-json\/wp\/v2\/pages\/2913\/revisions\/6976"}],"up":[{"embeddable":true,"href":"https:\/\/www.polysoude.com\/es\/wp-json\/wp\/v2\/pages\/2896"}],"wp:featuredmedia":[{"embeddable":true,"href":"https:\/\/www.polysoude.com\/es\/wp-json\/wp\/v2\/media\/25821"}],"wp:attachment":[{"href":"https:\/\/www.polysoude.com\/es\/wp-json\/wp\/v2\/media?parent=2913"}],"curies":[{"name":"wp","href":"https:\/\/api.w.org\/{rel}","templated":true}]}}