{"id":30348,"date":"2022-04-03T09:56:00","date_gmt":"2022-04-03T07:56:00","guid":{"rendered":"https:\/\/www.polysoude.com\/preparacion-de-tubos\/"},"modified":"2021-04-29T14:07:43","modified_gmt":"2021-04-29T12:07:43","slug":"preparacion-de-tubos","status":"publish","type":"page","link":"https:\/\/www.polysoude.com\/es\/preparacion-de-tubos\/","title":{"rendered":"Preparaci\u00f3n de Tubos"},"content":{"rendered":"\n\t<h2>LA SOLDADURA PERFECTA SE CONSIGUE CON UNA PREPARACI\u00d3N PERFECTA <\/h2>\n<h3><strong>\u00bfQu\u00e9 es la preparaci\u00f3n del extremo de un tubo o una tuber\u00eda?<\/strong><\/h3>\n<p>La preparaci\u00f3n del extremo de los tubos es un proceso cr\u00edtico, que es clave para crear juntas soldadas perfectas en los tubos. La preparaci\u00f3n puede incluir: cortar, encarar, cuadrar, biselar o rebajar, pero cada operaci\u00f3n debe realizarse con regularidad y precisi\u00f3n, de modo que la preparaci\u00f3n del tubo sea de calidad id\u00e9ntica y constante y, sobre todo, \u00a1repetible! Una preparaci\u00f3n precisa de los tubos:<\/p>\n<ul>\n<li>Garantiza la alineaci\u00f3n perfecta de los tubos a soldar<\/li>\n<li>Realiza soldaduras sin fugas<\/li>\n<li>Reduce el riesgo de contaminaci\u00f3n al crear un sellado \u00f3ptimo. Por lo tanto, las tecnolog\u00edas de soldadura automatizadas dependen de la calidad y el cuidado invertido en la preparaci\u00f3n de los extremos de los tubos.<\/li>\n<\/ul>\n<p><strong>\u00a1Una soldadura de buena calidad requiere una excelente preparaci\u00f3n del tubo!<\/strong><\/p>\n\t<h3><strong>\u00bfPor qu\u00e9 elegir el equipo Polysoude?<\/strong><\/h3>\n<p>POLYSOUDE, junto con su socio PROTEM, ofrecen una amplia gama de herramientas, m\u00e1quinas y servicios especializados y de vanguardia para una preparaci\u00f3n eficiente, de alta calidad y econ\u00f3mica de los extremos de los tubos, as\u00ed como para el mecanizado de bridas y v\u00e1lvulas. Nuestro equipo de corte y biselado mecanizado es f\u00e1cil de usar y adem\u00e1s:<\/p>\n<ul>\n<li>Econ\u00f3micamente beneficioso<\/li>\n<li>Disponible en versi\u00f3n port\u00e1til, m\u00f3vil o fija.<\/li>\n<li>Garantiza una mayor productividad<\/li>\n<li>Garantiza resultados de soldadura de primera clase de extremos de tubo de calidad y estandarizados.<\/li>\n<\/ul>\n<p>Adem\u00e1s, POLYSOUDE ofrece soluciones completas llave en mano, combinando soldadura orbital con el equipo de preparaci\u00f3n de tubos m\u00e1s adecuado, para garantizar una soldadura perfecta y de alta calidad para sus clientes.<\/p>\n<p>El equipo es adecuado para todo tipo de aplicaciones que utilizan procesos de soldadura orbital para la preparaci\u00f3n de extremos de tubos, bridas y v\u00e1lvulas, en los siguientes campos:<\/p>\n<ul>\n<li>Aeron\u00e1utica \/ Aeroespacial<\/li>\n<li>Industria qu\u00edmica<\/li>\n<li>Industria alimentaria<\/li>\n<li>Intercambiadores de calor \/ caldera<\/li>\n<li>Centrales nucleares, construcci\u00f3n y mantenimiento.<\/li>\n<li>Exploraci\u00f3n, transformaci\u00f3n y transporte de petr\u00f3leo y gas.Industria farmac\u00e9utica<\/li>\n<li>Energ\u00edas renovables<\/li>\n<li>Semiconductores<\/li>\n<\/ul>\n<h3>\n\t\tPRUEBAS PERICCIALES &#8211; Leer m\u00e1s sobre nuestra pasi\u00f3n por la soldadura:\n\t<\/h3>\n\t\t\t<a href=\"https:\/\/www.polysoude.com\/es\/la-importancia-de-la-preparacion-del-electrodo-en-la-soldadura-orbital\/\" target=\"_blank\" role=\"button\" rel=\"noopener noreferrer\">\n\t\t\t\t\t\t\tLa importancia de la preparaci\u00f3n del electrodo\n\t\t\t\t\t<\/a>\n","protected":false},"excerpt":{"rendered":"<p>LA SOLDADURA PERFECTA SE CONSIGUE CON UNA PREPARACI\u00d3N PERFECTA \u00bfQu\u00e9 es la preparaci\u00f3n del extremo de un tubo o una tuber\u00eda? La preparaci\u00f3n del extremo de los tubos es un proceso cr\u00edtico, que es clave para crear juntas soldadas perfectas en los tubos. La preparaci\u00f3n puede incluir: cortar, encarar, cuadrar, biselar o rebajar, pero cada [&hellip;]<\/p>\n","protected":false},"author":3,"featured_media":0,"parent":0,"menu_order":0,"comment_status":"closed","ping_status":"closed","template":"page-parent.php","meta":{"_acf_changed":false,"footnotes":""},"class_list":["post-30348","page","type-page","status-publish","hentry"],"acf":[],"yoast_head":"<!-- This site is optimized with the Yoast SEO plugin v27.3 - https:\/\/yoast.com\/product\/yoast-seo-wordpress\/ -->\n<title>Preparaci\u00f3n del extremo de tubos y tuber\u00edas?<\/title>\n<meta name=\"description\" content=\"Descubra nuestra amplia gama de equipos port\u00e1tiles para el mecanizado preciso de tubos y tuber\u00edas, facilitando operaciones como el corte, el refrentado y el biselado. Nuestro equipo mecanizado de corte y biselado de f\u00e1cil uso es econ\u00f3micamente beneficioso, asegurando un aumento de la productividad y garantizando resultados de soldadura de primera clase de extremos de tubos cualitativos y estandarizados.\" \/>\n<meta name=\"robots\" content=\"index, follow, max-snippet:-1, max-image-preview:large, max-video-preview:-1\" \/>\n<link rel=\"canonical\" href=\"https:\/\/www.polysoude.com\/es\/preparacion-de-tubos\/\" \/>\n<meta property=\"og:locale\" content=\"es_ES\" \/>\n<meta property=\"og:type\" content=\"article\" \/>\n<meta property=\"og:title\" content=\"Preparaci\u00f3n del extremo de tubos y tuber\u00edas?\" \/>\n<meta property=\"og:description\" content=\"Descubra nuestra amplia gama de equipos port\u00e1tiles para el mecanizado preciso de tubos y tuber\u00edas, facilitando operaciones como el corte, el refrentado y el biselado. Nuestro equipo mecanizado de corte y biselado de f\u00e1cil uso es econ\u00f3micamente beneficioso, asegurando un aumento de la productividad y garantizando resultados de soldadura de primera clase de extremos de tubos cualitativos y estandarizados.\" \/>\n<meta property=\"og:url\" content=\"https:\/\/www.polysoude.com\/es\/preparacion-de-tubos\/\" \/>\n<meta property=\"og:site_name\" content=\"Polysoude\" \/>\n<meta property=\"article:publisher\" content=\"https:\/\/www.facebook.com\/Polysoude\/\" \/>\n<meta name=\"twitter:card\" content=\"summary_large_image\" \/>\n<meta name=\"twitter:label1\" content=\"Tiempo de lectura\" \/>\n\t<meta name=\"twitter:data1\" content=\"2 minutes\" \/>\n<script type=\"application\/ld+json\" class=\"yoast-schema-graph\">{\"@context\":\"https:\\\/\\\/schema.org\",\"@graph\":[{\"@type\":\"WebPage\",\"@id\":\"https:\\\/\\\/www.polysoude.com\\\/es\\\/preparacion-de-tubos\\\/\",\"url\":\"https:\\\/\\\/www.polysoude.com\\\/es\\\/preparacion-de-tubos\\\/\",\"name\":\"Preparaci\u00f3n del extremo de tubos y tuber\u00edas?\",\"isPartOf\":{\"@id\":\"https:\\\/\\\/www.polysoude.com\\\/es\\\/#website\"},\"datePublished\":\"2022-04-03T07:56:00+00:00\",\"description\":\"Descubra nuestra amplia gama de equipos port\u00e1tiles para el mecanizado preciso de tubos y tuber\u00edas, facilitando operaciones como el corte, el refrentado y el biselado. Nuestro equipo mecanizado de corte y biselado de f\u00e1cil uso es econ\u00f3micamente beneficioso, asegurando un aumento de la productividad y garantizando resultados de soldadura de primera clase de extremos de tubos cualitativos y estandarizados.\",\"breadcrumb\":{\"@id\":\"https:\\\/\\\/www.polysoude.com\\\/es\\\/preparacion-de-tubos\\\/#breadcrumb\"},\"inLanguage\":\"es-ES\",\"potentialAction\":[{\"@type\":\"ReadAction\",\"target\":[\"https:\\\/\\\/www.polysoude.com\\\/es\\\/preparacion-de-tubos\\\/\"]}]},{\"@type\":\"BreadcrumbList\",\"@id\":\"https:\\\/\\\/www.polysoude.com\\\/es\\\/preparacion-de-tubos\\\/#breadcrumb\",\"itemListElement\":[{\"@type\":\"ListItem\",\"position\":1,\"name\":\"Home\",\"item\":\"https:\\\/\\\/www.polysoude.com\\\/es\\\/homepage\\\/\"},{\"@type\":\"ListItem\",\"position\":2,\"name\":\"Preparaci\u00f3n de Tubos\"}]},{\"@type\":\"WebSite\",\"@id\":\"https:\\\/\\\/www.polysoude.com\\\/es\\\/#website\",\"url\":\"https:\\\/\\\/www.polysoude.com\\\/es\\\/\",\"name\":\"Polysoude\",\"description\":\"The art of welding\",\"publisher\":{\"@id\":\"https:\\\/\\\/www.polysoude.com\\\/es\\\/#organization\"},\"alternateName\":\"Polysoude\",\"potentialAction\":[{\"@type\":\"SearchAction\",\"target\":{\"@type\":\"EntryPoint\",\"urlTemplate\":\"https:\\\/\\\/www.polysoude.com\\\/es\\\/?s={search_term_string}\"},\"query-input\":{\"@type\":\"PropertyValueSpecification\",\"valueRequired\":true,\"valueName\":\"search_term_string\"}}],\"inLanguage\":\"es-ES\"},{\"@type\":\"Organization\",\"@id\":\"https:\\\/\\\/www.polysoude.com\\\/es\\\/#organization\",\"name\":\"Polysoude\",\"alternateName\":\"Polysoude\",\"url\":\"https:\\\/\\\/www.polysoude.com\\\/es\\\/\",\"logo\":{\"@type\":\"ImageObject\",\"inLanguage\":\"es-ES\",\"@id\":\"https:\\\/\\\/www.polysoude.com\\\/es\\\/#\\\/schema\\\/logo\\\/image\\\/\",\"url\":\"https:\\\/\\\/www.polysoude.com\\\/wp-content\\\/uploads\\\/2022\\\/07\\\/Polysoude_Logo_signature_fond-transparent_600dpi_300mm_RVB-e1658123578778.png\",\"contentUrl\":\"https:\\\/\\\/www.polysoude.com\\\/wp-content\\\/uploads\\\/2022\\\/07\\\/Polysoude_Logo_signature_fond-transparent_600dpi_300mm_RVB-e1658123578778.png\",\"width\":465,\"height\":86,\"caption\":\"Polysoude\"},\"image\":{\"@id\":\"https:\\\/\\\/www.polysoude.com\\\/es\\\/#\\\/schema\\\/logo\\\/image\\\/\"},\"sameAs\":[\"https:\\\/\\\/www.facebook.com\\\/Polysoude\\\/\",\"https:\\\/\\\/www.linkedin.com\\\/company\\\/polysoude\\\/\",\"https:\\\/\\\/www.instagram.com\\\/polysoudeglobal\\\/\"]}]}<\/script>\n<!-- \/ Yoast SEO plugin. -->","yoast_head_json":{"title":"Preparaci\u00f3n del extremo de tubos y tuber\u00edas?","description":"Descubra nuestra amplia gama de equipos port\u00e1tiles para el mecanizado preciso de tubos y tuber\u00edas, facilitando operaciones como el corte, el refrentado y el biselado. Nuestro equipo mecanizado de corte y biselado de f\u00e1cil uso es econ\u00f3micamente beneficioso, asegurando un aumento de la productividad y garantizando resultados de soldadura de primera clase de extremos de tubos cualitativos y estandarizados.","robots":{"index":"index","follow":"follow","max-snippet":"max-snippet:-1","max-image-preview":"max-image-preview:large","max-video-preview":"max-video-preview:-1"},"canonical":"https:\/\/www.polysoude.com\/es\/preparacion-de-tubos\/","og_locale":"es_ES","og_type":"article","og_title":"Preparaci\u00f3n del extremo de tubos y tuber\u00edas?","og_description":"Descubra nuestra amplia gama de equipos port\u00e1tiles para el mecanizado preciso de tubos y tuber\u00edas, facilitando operaciones como el corte, el refrentado y el biselado. Nuestro equipo mecanizado de corte y biselado de f\u00e1cil uso es econ\u00f3micamente beneficioso, asegurando un aumento de la productividad y garantizando resultados de soldadura de primera clase de extremos de tubos cualitativos y estandarizados.","og_url":"https:\/\/www.polysoude.com\/es\/preparacion-de-tubos\/","og_site_name":"Polysoude","article_publisher":"https:\/\/www.facebook.com\/Polysoude\/","twitter_card":"summary_large_image","twitter_misc":{"Tiempo de lectura":"2 minutes"},"schema":{"@context":"https:\/\/schema.org","@graph":[{"@type":"WebPage","@id":"https:\/\/www.polysoude.com\/es\/preparacion-de-tubos\/","url":"https:\/\/www.polysoude.com\/es\/preparacion-de-tubos\/","name":"Preparaci\u00f3n del extremo de tubos y tuber\u00edas?","isPartOf":{"@id":"https:\/\/www.polysoude.com\/es\/#website"},"datePublished":"2022-04-03T07:56:00+00:00","description":"Descubra nuestra amplia gama de equipos port\u00e1tiles para el mecanizado preciso de tubos y tuber\u00edas, facilitando operaciones como el corte, el refrentado y el biselado. Nuestro equipo mecanizado de corte y biselado de f\u00e1cil uso es econ\u00f3micamente beneficioso, asegurando un aumento de la productividad y garantizando resultados de soldadura de primera clase de extremos de tubos cualitativos y estandarizados.","breadcrumb":{"@id":"https:\/\/www.polysoude.com\/es\/preparacion-de-tubos\/#breadcrumb"},"inLanguage":"es-ES","potentialAction":[{"@type":"ReadAction","target":["https:\/\/www.polysoude.com\/es\/preparacion-de-tubos\/"]}]},{"@type":"BreadcrumbList","@id":"https:\/\/www.polysoude.com\/es\/preparacion-de-tubos\/#breadcrumb","itemListElement":[{"@type":"ListItem","position":1,"name":"Home","item":"https:\/\/www.polysoude.com\/es\/homepage\/"},{"@type":"ListItem","position":2,"name":"Preparaci\u00f3n de Tubos"}]},{"@type":"WebSite","@id":"https:\/\/www.polysoude.com\/es\/#website","url":"https:\/\/www.polysoude.com\/es\/","name":"Polysoude","description":"The art of welding","publisher":{"@id":"https:\/\/www.polysoude.com\/es\/#organization"},"alternateName":"Polysoude","potentialAction":[{"@type":"SearchAction","target":{"@type":"EntryPoint","urlTemplate":"https:\/\/www.polysoude.com\/es\/?s={search_term_string}"},"query-input":{"@type":"PropertyValueSpecification","valueRequired":true,"valueName":"search_term_string"}}],"inLanguage":"es-ES"},{"@type":"Organization","@id":"https:\/\/www.polysoude.com\/es\/#organization","name":"Polysoude","alternateName":"Polysoude","url":"https:\/\/www.polysoude.com\/es\/","logo":{"@type":"ImageObject","inLanguage":"es-ES","@id":"https:\/\/www.polysoude.com\/es\/#\/schema\/logo\/image\/","url":"https:\/\/www.polysoude.com\/wp-content\/uploads\/2022\/07\/Polysoude_Logo_signature_fond-transparent_600dpi_300mm_RVB-e1658123578778.png","contentUrl":"https:\/\/www.polysoude.com\/wp-content\/uploads\/2022\/07\/Polysoude_Logo_signature_fond-transparent_600dpi_300mm_RVB-e1658123578778.png","width":465,"height":86,"caption":"Polysoude"},"image":{"@id":"https:\/\/www.polysoude.com\/es\/#\/schema\/logo\/image\/"},"sameAs":["https:\/\/www.facebook.com\/Polysoude\/","https:\/\/www.linkedin.com\/company\/polysoude\/","https:\/\/www.instagram.com\/polysoudeglobal\/"]}]}},"_links":{"self":[{"href":"https:\/\/www.polysoude.com\/es\/wp-json\/wp\/v2\/pages\/30348","targetHints":{"allow":["GET"]}}],"collection":[{"href":"https:\/\/www.polysoude.com\/es\/wp-json\/wp\/v2\/pages"}],"about":[{"href":"https:\/\/www.polysoude.com\/es\/wp-json\/wp\/v2\/types\/page"}],"author":[{"embeddable":true,"href":"https:\/\/www.polysoude.com\/es\/wp-json\/wp\/v2\/users\/3"}],"replies":[{"embeddable":true,"href":"https:\/\/www.polysoude.com\/es\/wp-json\/wp\/v2\/comments?post=30348"}],"version-history":[{"count":2,"href":"https:\/\/www.polysoude.com\/es\/wp-json\/wp\/v2\/pages\/30348\/revisions"}],"predecessor-version":[{"id":34742,"href":"https:\/\/www.polysoude.com\/es\/wp-json\/wp\/v2\/pages\/30348\/revisions\/34742"}],"wp:attachment":[{"href":"https:\/\/www.polysoude.com\/es\/wp-json\/wp\/v2\/media?parent=30348"}],"curies":[{"name":"wp","href":"https:\/\/api.w.org\/{rel}","templated":true}]}}