{"id":3388,"date":"2022-04-03T10:03:06","date_gmt":"2022-04-03T08:03:06","guid":{"rendered":"http:\/\/www.polysoude.com\/?page_id=3388"},"modified":"2023-01-20T11:56:48","modified_gmt":"2023-01-20T10:56:48","slug":"soldadura-automatizada","status":"publish","type":"page","link":"https:\/\/www.polysoude.com\/es\/soldadura-orbital-y-automotizada\/soldadura-automatizada\/","title":{"rendered":"Soldadura automatizada"},"content":{"rendered":"<h4><strong>Soluciones llave en mano para \u201ccero defectos\u201d<\/strong><\/h4>\n<p>El equipamiento fabricado a medida de POLYSOUDE es reconocido por su excelencia t\u00e9cnica y ha sido adoptado por empresas l\u00edderes globales y por fabricantes de vanguardia.<\/p>\n<p>POLYSOUDE suministra sistemas integrados completos para cubrir todas sus necesidades y manipular las aplicaciones m\u00e1s complejas:<\/p>\n<ul>\n<li>Soldadura TIG de hilo caliente \/ fr\u00edo, soldadura de plasma y combinaciones de procesos<\/li>\n<li>Soldadura de materiales dif\u00edciles como el titanio, d\u00faplex, circonio, aluminio, etc.<\/li>\n<li>Soldadura de grandes espesores Narrow Gap<\/li>\n<li>Combinaci\u00f3n de piezas de todo tipo y tama\u00f1o, manipuladores de ejes m\u00faltiples y soportes de antorcha<\/li>\n<\/ul>\n","protected":false},"excerpt":{"rendered":"<p>Soluciones llave en mano para \u201ccero defectos\u201d El equipamiento fabricado a medida de POLYSOUDE es reconocido por su excelencia t\u00e9cnica y ha sido adoptado por empresas l\u00edderes globales y por fabricantes de vanguardia. POLYSOUDE suministra sistemas integrados completos para cubrir todas sus necesidades y manipular las aplicaciones m\u00e1s complejas: Soldadura TIG de hilo caliente \/ [&hellip;]<\/p>\n","protected":false},"author":1,"featured_media":25848,"parent":2896,"menu_order":0,"comment_status":"closed","ping_status":"closed","template":"page-metier.php","meta":{"_acf_changed":false,"footnotes":""},"class_list":["post-3388","page","type-page","status-publish","has-post-thumbnail","hentry"],"acf":[],"yoast_head":"<!-- This site is optimized with the Yoast SEO plugin v27.3 - https:\/\/yoast.com\/product\/yoast-seo-wordpress\/ -->\n<title>Automatic Welding, Automated Welding Machines &amp; Systems: Polysoude<\/title>\n<meta name=\"description\" content=\"Soluciones llave en mano para \u201ccero defectos\u201d El equipamiento fabricado a medida de POLYSOUDE es reconocido por su excelencia t\u00e9cnica y ha sido adoptado\" \/>\n<meta name=\"robots\" content=\"index, follow, max-snippet:-1, max-image-preview:large, max-video-preview:-1\" \/>\n<link rel=\"canonical\" href=\"https:\/\/www.polysoude.com\/es\/soldadura-orbital-y-automotizada\/soldadura-automatizada\/\" \/>\n<meta property=\"og:locale\" content=\"es_ES\" \/>\n<meta property=\"og:type\" content=\"article\" \/>\n<meta property=\"og:title\" content=\"Automatic Welding, Automated Welding Machines &amp; Systems: Polysoude\" \/>\n<meta property=\"og:description\" content=\"Soluciones llave en mano para \u201ccero defectos\u201d El equipamiento fabricado a medida de POLYSOUDE es reconocido por su excelencia t\u00e9cnica y ha sido adoptado\" \/>\n<meta property=\"og:url\" content=\"https:\/\/www.polysoude.com\/es\/soldadura-orbital-y-automotizada\/soldadura-automatizada\/\" \/>\n<meta property=\"og:site_name\" content=\"Polysoude\" \/>\n<meta property=\"article:publisher\" content=\"https:\/\/www.facebook.com\/Polysoude\/\" \/>\n<meta property=\"article:modified_time\" content=\"2023-01-20T10:56:48+00:00\" \/>\n<meta property=\"og:image\" content=\"https:\/\/www.polysoude.com\/wp-content\/uploads\/2022\/07\/Polysoude_Logo_signature_fond-transparent_600dpi_300mm_RVB-e1658123578778.png\" \/>\n<meta name=\"twitter:card\" content=\"summary_large_image\" \/>\n<meta name=\"twitter:label1\" content=\"Tiempo de lectura\" \/>\n\t<meta name=\"twitter:data1\" content=\"1 minute\" \/>\n<script type=\"application\/ld+json\" class=\"yoast-schema-graph\">{\"@context\":\"https:\\\/\\\/schema.org\",\"@graph\":[{\"@type\":\"WebPage\",\"@id\":\"https:\\\/\\\/www.polysoude.com\\\/es\\\/soldadura-orbital-y-automotizada\\\/soldadura-automatizada\\\/\",\"url\":\"https:\\\/\\\/www.polysoude.com\\\/es\\\/soldadura-orbital-y-automotizada\\\/soldadura-automatizada\\\/\",\"name\":\"Automatic Welding, Automated Welding Machines & Systems: Polysoude\",\"isPartOf\":{\"@id\":\"https:\\\/\\\/www.polysoude.com\\\/es\\\/#website\"},\"primaryImageOfPage\":{\"@id\":\"https:\\\/\\\/www.polysoude.com\\\/es\\\/soldadura-orbital-y-automotizada\\\/soldadura-automatizada\\\/#primaryimage\"},\"image\":{\"@id\":\"https:\\\/\\\/www.polysoude.com\\\/es\\\/soldadura-orbital-y-automotizada\\\/soldadura-automatizada\\\/#primaryimage\"},\"thumbnailUrl\":\"https:\\\/\\\/www.polysoude.com\\\/wp-content\\\/uploads\\\/2019\\\/06\\\/welding-manipulators-and-peripherals_2019_500x500.jpg\",\"datePublished\":\"2022-04-03T08:03:06+00:00\",\"dateModified\":\"2023-01-20T10:56:48+00:00\",\"description\":\"Soluciones llave en mano para \u201ccero defectos\u201d El equipamiento fabricado a medida de POLYSOUDE es reconocido por su excelencia t\u00e9cnica y ha sido adoptado\",\"breadcrumb\":{\"@id\":\"https:\\\/\\\/www.polysoude.com\\\/es\\\/soldadura-orbital-y-automotizada\\\/soldadura-automatizada\\\/#breadcrumb\"},\"inLanguage\":\"es-ES\",\"potentialAction\":[{\"@type\":\"ReadAction\",\"target\":[\"https:\\\/\\\/www.polysoude.com\\\/es\\\/soldadura-orbital-y-automotizada\\\/soldadura-automatizada\\\/\"]}]},{\"@type\":\"ImageObject\",\"inLanguage\":\"es-ES\",\"@id\":\"https:\\\/\\\/www.polysoude.com\\\/es\\\/soldadura-orbital-y-automotizada\\\/soldadura-automatizada\\\/#primaryimage\",\"url\":\"https:\\\/\\\/www.polysoude.com\\\/wp-content\\\/uploads\\\/2019\\\/06\\\/welding-manipulators-and-peripherals_2019_500x500.jpg\",\"contentUrl\":\"https:\\\/\\\/www.polysoude.com\\\/wp-content\\\/uploads\\\/2019\\\/06\\\/welding-manipulators-and-peripherals_2019_500x500.jpg\",\"width\":500,\"height\":500},{\"@type\":\"BreadcrumbList\",\"@id\":\"https:\\\/\\\/www.polysoude.com\\\/es\\\/soldadura-orbital-y-automotizada\\\/soldadura-automatizada\\\/#breadcrumb\",\"itemListElement\":[{\"@type\":\"ListItem\",\"position\":1,\"name\":\"Home\",\"item\":\"https:\\\/\\\/www.polysoude.com\\\/es\\\/homepage\\\/\"},{\"@type\":\"ListItem\",\"position\":2,\"name\":\"Soldadura orbital y automatizada\",\"item\":\"https:\\\/\\\/www.polysoude.com\\\/es\\\/soldadura-orbital-y-automotizada\\\/\"},{\"@type\":\"ListItem\",\"position\":3,\"name\":\"Soldadura automatizada\"}]},{\"@type\":\"WebSite\",\"@id\":\"https:\\\/\\\/www.polysoude.com\\\/es\\\/#website\",\"url\":\"https:\\\/\\\/www.polysoude.com\\\/es\\\/\",\"name\":\"Polysoude\",\"description\":\"The art of welding\",\"publisher\":{\"@id\":\"https:\\\/\\\/www.polysoude.com\\\/es\\\/#organization\"},\"alternateName\":\"Polysoude\",\"potentialAction\":[{\"@type\":\"SearchAction\",\"target\":{\"@type\":\"EntryPoint\",\"urlTemplate\":\"https:\\\/\\\/www.polysoude.com\\\/es\\\/?s={search_term_string}\"},\"query-input\":{\"@type\":\"PropertyValueSpecification\",\"valueRequired\":true,\"valueName\":\"search_term_string\"}}],\"inLanguage\":\"es-ES\"},{\"@type\":\"Organization\",\"@id\":\"https:\\\/\\\/www.polysoude.com\\\/es\\\/#organization\",\"name\":\"Polysoude\",\"alternateName\":\"Polysoude\",\"url\":\"https:\\\/\\\/www.polysoude.com\\\/es\\\/\",\"logo\":{\"@type\":\"ImageObject\",\"inLanguage\":\"es-ES\",\"@id\":\"https:\\\/\\\/www.polysoude.com\\\/es\\\/#\\\/schema\\\/logo\\\/image\\\/\",\"url\":\"https:\\\/\\\/www.polysoude.com\\\/wp-content\\\/uploads\\\/2022\\\/07\\\/Polysoude_Logo_signature_fond-transparent_600dpi_300mm_RVB-e1658123578778.png\",\"contentUrl\":\"https:\\\/\\\/www.polysoude.com\\\/wp-content\\\/uploads\\\/2022\\\/07\\\/Polysoude_Logo_signature_fond-transparent_600dpi_300mm_RVB-e1658123578778.png\",\"width\":465,\"height\":86,\"caption\":\"Polysoude\"},\"image\":{\"@id\":\"https:\\\/\\\/www.polysoude.com\\\/es\\\/#\\\/schema\\\/logo\\\/image\\\/\"},\"sameAs\":[\"https:\\\/\\\/www.facebook.com\\\/Polysoude\\\/\",\"https:\\\/\\\/www.linkedin.com\\\/company\\\/polysoude\\\/\",\"https:\\\/\\\/www.instagram.com\\\/polysoudeglobal\\\/\"]}]}<\/script>\n<!-- \/ Yoast SEO plugin. -->","yoast_head_json":{"title":"Automatic Welding, Automated Welding Machines & Systems: Polysoude","description":"Soluciones llave en mano para \u201ccero defectos\u201d El equipamiento fabricado a medida de POLYSOUDE es reconocido por su excelencia t\u00e9cnica y ha sido adoptado","robots":{"index":"index","follow":"follow","max-snippet":"max-snippet:-1","max-image-preview":"max-image-preview:large","max-video-preview":"max-video-preview:-1"},"canonical":"https:\/\/www.polysoude.com\/es\/soldadura-orbital-y-automotizada\/soldadura-automatizada\/","og_locale":"es_ES","og_type":"article","og_title":"Automatic Welding, Automated Welding Machines & Systems: Polysoude","og_description":"Soluciones llave en mano para \u201ccero defectos\u201d El equipamiento fabricado a medida de POLYSOUDE es reconocido por su excelencia t\u00e9cnica y ha sido adoptado","og_url":"https:\/\/www.polysoude.com\/es\/soldadura-orbital-y-automotizada\/soldadura-automatizada\/","og_site_name":"Polysoude","article_publisher":"https:\/\/www.facebook.com\/Polysoude\/","article_modified_time":"2023-01-20T10:56:48+00:00","og_image":[{"url":"https:\/\/www.polysoude.com\/wp-content\/uploads\/2022\/07\/Polysoude_Logo_signature_fond-transparent_600dpi_300mm_RVB-e1658123578778.png","type":"","width":"","height":""}],"twitter_card":"summary_large_image","twitter_misc":{"Tiempo de lectura":"1 minute"},"schema":{"@context":"https:\/\/schema.org","@graph":[{"@type":"WebPage","@id":"https:\/\/www.polysoude.com\/es\/soldadura-orbital-y-automotizada\/soldadura-automatizada\/","url":"https:\/\/www.polysoude.com\/es\/soldadura-orbital-y-automotizada\/soldadura-automatizada\/","name":"Automatic Welding, Automated Welding Machines & Systems: Polysoude","isPartOf":{"@id":"https:\/\/www.polysoude.com\/es\/#website"},"primaryImageOfPage":{"@id":"https:\/\/www.polysoude.com\/es\/soldadura-orbital-y-automotizada\/soldadura-automatizada\/#primaryimage"},"image":{"@id":"https:\/\/www.polysoude.com\/es\/soldadura-orbital-y-automotizada\/soldadura-automatizada\/#primaryimage"},"thumbnailUrl":"https:\/\/www.polysoude.com\/wp-content\/uploads\/2019\/06\/welding-manipulators-and-peripherals_2019_500x500.jpg","datePublished":"2022-04-03T08:03:06+00:00","dateModified":"2023-01-20T10:56:48+00:00","description":"Soluciones llave en mano para \u201ccero defectos\u201d El equipamiento fabricado a medida de POLYSOUDE es reconocido por su excelencia t\u00e9cnica y ha sido adoptado","breadcrumb":{"@id":"https:\/\/www.polysoude.com\/es\/soldadura-orbital-y-automotizada\/soldadura-automatizada\/#breadcrumb"},"inLanguage":"es-ES","potentialAction":[{"@type":"ReadAction","target":["https:\/\/www.polysoude.com\/es\/soldadura-orbital-y-automotizada\/soldadura-automatizada\/"]}]},{"@type":"ImageObject","inLanguage":"es-ES","@id":"https:\/\/www.polysoude.com\/es\/soldadura-orbital-y-automotizada\/soldadura-automatizada\/#primaryimage","url":"https:\/\/www.polysoude.com\/wp-content\/uploads\/2019\/06\/welding-manipulators-and-peripherals_2019_500x500.jpg","contentUrl":"https:\/\/www.polysoude.com\/wp-content\/uploads\/2019\/06\/welding-manipulators-and-peripherals_2019_500x500.jpg","width":500,"height":500},{"@type":"BreadcrumbList","@id":"https:\/\/www.polysoude.com\/es\/soldadura-orbital-y-automotizada\/soldadura-automatizada\/#breadcrumb","itemListElement":[{"@type":"ListItem","position":1,"name":"Home","item":"https:\/\/www.polysoude.com\/es\/homepage\/"},{"@type":"ListItem","position":2,"name":"Soldadura orbital y automatizada","item":"https:\/\/www.polysoude.com\/es\/soldadura-orbital-y-automotizada\/"},{"@type":"ListItem","position":3,"name":"Soldadura automatizada"}]},{"@type":"WebSite","@id":"https:\/\/www.polysoude.com\/es\/#website","url":"https:\/\/www.polysoude.com\/es\/","name":"Polysoude","description":"The art of welding","publisher":{"@id":"https:\/\/www.polysoude.com\/es\/#organization"},"alternateName":"Polysoude","potentialAction":[{"@type":"SearchAction","target":{"@type":"EntryPoint","urlTemplate":"https:\/\/www.polysoude.com\/es\/?s={search_term_string}"},"query-input":{"@type":"PropertyValueSpecification","valueRequired":true,"valueName":"search_term_string"}}],"inLanguage":"es-ES"},{"@type":"Organization","@id":"https:\/\/www.polysoude.com\/es\/#organization","name":"Polysoude","alternateName":"Polysoude","url":"https:\/\/www.polysoude.com\/es\/","logo":{"@type":"ImageObject","inLanguage":"es-ES","@id":"https:\/\/www.polysoude.com\/es\/#\/schema\/logo\/image\/","url":"https:\/\/www.polysoude.com\/wp-content\/uploads\/2022\/07\/Polysoude_Logo_signature_fond-transparent_600dpi_300mm_RVB-e1658123578778.png","contentUrl":"https:\/\/www.polysoude.com\/wp-content\/uploads\/2022\/07\/Polysoude_Logo_signature_fond-transparent_600dpi_300mm_RVB-e1658123578778.png","width":465,"height":86,"caption":"Polysoude"},"image":{"@id":"https:\/\/www.polysoude.com\/es\/#\/schema\/logo\/image\/"},"sameAs":["https:\/\/www.facebook.com\/Polysoude\/","https:\/\/www.linkedin.com\/company\/polysoude\/","https:\/\/www.instagram.com\/polysoudeglobal\/"]}]}},"_links":{"self":[{"href":"https:\/\/www.polysoude.com\/es\/wp-json\/wp\/v2\/pages\/3388","targetHints":{"allow":["GET"]}}],"collection":[{"href":"https:\/\/www.polysoude.com\/es\/wp-json\/wp\/v2\/pages"}],"about":[{"href":"https:\/\/www.polysoude.com\/es\/wp-json\/wp\/v2\/types\/page"}],"author":[{"embeddable":true,"href":"https:\/\/www.polysoude.com\/es\/wp-json\/wp\/v2\/users\/1"}],"replies":[{"embeddable":true,"href":"https:\/\/www.polysoude.com\/es\/wp-json\/wp\/v2\/comments?post=3388"}],"version-history":[{"count":14,"href":"https:\/\/www.polysoude.com\/es\/wp-json\/wp\/v2\/pages\/3388\/revisions"}],"predecessor-version":[{"id":8292,"href":"https:\/\/www.polysoude.com\/es\/wp-json\/wp\/v2\/pages\/3388\/revisions\/8292"}],"up":[{"embeddable":true,"href":"https:\/\/www.polysoude.com\/es\/wp-json\/wp\/v2\/pages\/2896"}],"wp:featuredmedia":[{"embeddable":true,"href":"https:\/\/www.polysoude.com\/es\/wp-json\/wp\/v2\/media\/25848"}],"wp:attachment":[{"href":"https:\/\/www.polysoude.com\/es\/wp-json\/wp\/v2\/media?parent=3388"}],"curies":[{"name":"wp","href":"https:\/\/api.w.org\/{rel}","templated":true}]}}