{"id":3534,"date":"2022-04-03T10:02:00","date_gmt":"2022-04-03T08:02:00","guid":{"rendered":"http:\/\/www.polysoude.com\/?page_id=3534"},"modified":"2019-07-24T12:10:06","modified_gmt":"2019-07-24T10:10:06","slug":"recargue","status":"publish","type":"page","link":"https:\/\/www.polysoude.com\/es\/recargue\/","title":{"rendered":"Recargue"},"content":{"rendered":"<p>&nbsp;<\/p>\n<h4>Soluciones para las operaciones de recargue automatizadas utilizadas en la fabricaci\u00f3n y el mantenimiento<\/h4>\n<p>Muchos procesos industriales causan da\u00f1os en las tuber\u00edas y en los accesorios mediante la agresi\u00f3n continua de medios corrosivos y abrasivos. En la producci\u00f3n de petr\u00f3leo y de gas, por ejemplo, los componentes son gravemente erosionados por la fricci\u00f3n de la arena; los aparatos qu\u00edmicos sufren por el contacto directo con las sustancias agresivas. Estos fen\u00f3menos suelen ser acelerados por la temperatura elevada del proceso y la presi\u00f3n.<\/p>\n<p><img decoding=\"async\" src=\"https:\/\/www.polysoude.com\/wp-content\/uploads\/2016\/10\/cladding_tig-tiger.jpg\" alt=\"Cladding with TIG and TIGer process\" \/><\/p>\n<p>Para incrementar la resistencia de estas piezas altamente expuestas, sus superficies est\u00e1n protegidas por recubrimientos o recargues con materiales m\u00e1s resistentes.<\/p>\n<ul>\n<li>El <strong>recubrimiento<\/strong> se aplica cuando se desea que un componente costoso ofrezca un ciclo de trabajo m\u00e1s largo o cuando la pieza no puede ser producida enteramente con el material apropiado resistente al desgaste.<\/li>\n<li>El <strong>recubrimiento de las tuber\u00edas y de los colectores<\/strong> es com\u00fan en aplicaciones en la industria petroqu\u00edmica y para los equipos de las centrales el\u00e9ctricas; en la industria aeron\u00e1utica, los componentes para los motores de avi\u00f3n con frecuencia son reforzados utilizando este proceso.<\/li>\n<li>Inventado en 2013, la<strong> tecnolog\u00eda de soldadura \u201cCladding Overlay\u201d bi-c\u00e1todo TIG<sup>er<\/sup> <\/strong>es el resultado de un desarrollo tecnol\u00f3gico llevado a cabo por POLYSOUDE, una variante del recargue por TIG con hilo caliente. El principio b\u00e1sico implica la yuxtaposici\u00f3n de dos arcos TIG, organizados y controlados de modo que se unan en un \u00fanico arco con el valor calor\u00edfico de la combinaci\u00f3n de ambas potencias, pero con caracter\u00edsticas que son inusuales para semejantes intensidades.<\/li>\n<\/ul>\n<ul>\n<li>La <strong>incorporaci\u00f3n del hilo<\/strong> precalentado por medio del efecto Julio a trav\u00e9s del control de una tercera fuente de corriente, permite el perfil especial de la acumulaci\u00f3n de soldadura que debe ser utilizado para mejorar considerablemente la eficiencia del procedimiento.<\/li>\n<li>Dependiendo de los requisitos, es posible <strong>optimizar el espesor de las capas<\/strong> entre un intervalo de 1,5 a 3,5mm. Esta flexibilidad permite ajustar la cantidad de metal de soldadura a los requisitos estrictos y permite por tanto ahorros significativos teniendo en cuenta los costes de productos de relleno (generalmente las aleaciones nobles). La velocidad de soldadura puede superar los 1.700 mm \/ min con \u00edndices de deposici\u00f3n de entre 2,5 y 6kg\/h, es decir, unas tres veces m\u00e1s que la tecnolog\u00eda TIG de hilo caliente.<\/li>\n<li>Se facilita un <strong>control completo de la disoluci\u00f3n<\/strong> con un \u00edndice del orden del 12% en la primera capa y de 1,5 a 2% de la segunda capa depositada.<\/li>\n<\/ul>\n<p>&nbsp;<\/p>\n<h4>Una m\u00e1quina equipada con la tecnolog\u00eda TIG<sup>er<\/sup> resultar\u00e1 rentable y econ\u00f3mica permitiendo un descenso del 20 al 50% en los costes de funcionamiento por kilogramo de metal de soldadura.<\/h4>\n","protected":false},"excerpt":{"rendered":"<p>&nbsp; Soluciones para las operaciones de recargue automatizadas utilizadas en la fabricaci\u00f3n y el mantenimiento Muchos procesos industriales causan da\u00f1os en las tuber\u00edas y en los accesorios mediante la agresi\u00f3n continua de medios corrosivos y abrasivos. En la producci\u00f3n de petr\u00f3leo y de gas, por ejemplo, los componentes son gravemente erosionados por la fricci\u00f3n de [&hellip;]<\/p>\n","protected":false},"author":1,"featured_media":0,"parent":0,"menu_order":0,"comment_status":"closed","ping_status":"closed","template":"page-parent.php","meta":{"_acf_changed":false,"footnotes":""},"class_list":["post-3534","page","type-page","status-publish","hentry"],"acf":[],"yoast_head":"<!-- This site is optimized with the Yoast SEO plugin v27.3 - https:\/\/yoast.com\/product\/yoast-seo-wordpress\/ -->\n<title>Cladding - Weld Overlay : Polysoude<\/title>\n<meta name=\"description\" content=\"&nbsp; Soluciones para las operaciones de recargue automatizadas utilizadas en la fabricaci\u00f3n y el mantenimiento Muchos procesos industriales causan da\u00f1os\" \/>\n<meta name=\"robots\" content=\"index, follow, max-snippet:-1, max-image-preview:large, max-video-preview:-1\" \/>\n<link rel=\"canonical\" href=\"https:\/\/www.polysoude.com\/es\/recargue\/\" \/>\n<meta property=\"og:locale\" content=\"es_ES\" \/>\n<meta property=\"og:type\" content=\"article\" \/>\n<meta property=\"og:title\" content=\"Cladding - Weld Overlay : Polysoude\" \/>\n<meta property=\"og:description\" content=\"&nbsp; Soluciones para las operaciones de recargue automatizadas utilizadas en la fabricaci\u00f3n y el mantenimiento Muchos procesos industriales causan da\u00f1os\" \/>\n<meta property=\"og:url\" content=\"https:\/\/www.polysoude.com\/es\/recargue\/\" \/>\n<meta property=\"og:site_name\" content=\"Polysoude\" \/>\n<meta property=\"article:publisher\" content=\"https:\/\/www.facebook.com\/Polysoude\/\" \/>\n<meta property=\"og:image\" content=\"https:\/\/www.polysoude.com\/wp-content\/uploads\/2016\/10\/cladding_tig-tiger.jpg\" \/>\n<meta name=\"twitter:card\" content=\"summary_large_image\" \/>\n<meta name=\"twitter:label1\" content=\"Tiempo de lectura\" \/>\n\t<meta name=\"twitter:data1\" content=\"2 minutes\" \/>\n<script type=\"application\/ld+json\" class=\"yoast-schema-graph\">{\"@context\":\"https:\\\/\\\/schema.org\",\"@graph\":[{\"@type\":\"WebPage\",\"@id\":\"https:\\\/\\\/www.polysoude.com\\\/es\\\/recargue\\\/\",\"url\":\"https:\\\/\\\/www.polysoude.com\\\/es\\\/recargue\\\/\",\"name\":\"Cladding - Weld Overlay : Polysoude\",\"isPartOf\":{\"@id\":\"https:\\\/\\\/www.polysoude.com\\\/es\\\/#website\"},\"primaryImageOfPage\":{\"@id\":\"https:\\\/\\\/www.polysoude.com\\\/es\\\/recargue\\\/#primaryimage\"},\"image\":{\"@id\":\"https:\\\/\\\/www.polysoude.com\\\/es\\\/recargue\\\/#primaryimage\"},\"thumbnailUrl\":\"https:\\\/\\\/www.polysoude.com\\\/wp-content\\\/uploads\\\/2016\\\/10\\\/cladding_tig-tiger.jpg\",\"datePublished\":\"2022-04-03T08:02:00+00:00\",\"description\":\"&nbsp; Soluciones para las operaciones de recargue automatizadas utilizadas en la fabricaci\u00f3n y el mantenimiento Muchos procesos industriales causan da\u00f1os\",\"breadcrumb\":{\"@id\":\"https:\\\/\\\/www.polysoude.com\\\/es\\\/recargue\\\/#breadcrumb\"},\"inLanguage\":\"es-ES\",\"potentialAction\":[{\"@type\":\"ReadAction\",\"target\":[\"https:\\\/\\\/www.polysoude.com\\\/es\\\/recargue\\\/\"]}]},{\"@type\":\"ImageObject\",\"inLanguage\":\"es-ES\",\"@id\":\"https:\\\/\\\/www.polysoude.com\\\/es\\\/recargue\\\/#primaryimage\",\"url\":\"https:\\\/\\\/www.polysoude.com\\\/wp-content\\\/uploads\\\/2016\\\/10\\\/cladding_tig-tiger.jpg\",\"contentUrl\":\"https:\\\/\\\/www.polysoude.com\\\/wp-content\\\/uploads\\\/2016\\\/10\\\/cladding_tig-tiger.jpg\"},{\"@type\":\"BreadcrumbList\",\"@id\":\"https:\\\/\\\/www.polysoude.com\\\/es\\\/recargue\\\/#breadcrumb\",\"itemListElement\":[{\"@type\":\"ListItem\",\"position\":1,\"name\":\"Home\",\"item\":\"https:\\\/\\\/www.polysoude.com\\\/es\\\/homepage\\\/\"},{\"@type\":\"ListItem\",\"position\":2,\"name\":\"Recargue\"}]},{\"@type\":\"WebSite\",\"@id\":\"https:\\\/\\\/www.polysoude.com\\\/es\\\/#website\",\"url\":\"https:\\\/\\\/www.polysoude.com\\\/es\\\/\",\"name\":\"Polysoude\",\"description\":\"The art of welding\",\"publisher\":{\"@id\":\"https:\\\/\\\/www.polysoude.com\\\/es\\\/#organization\"},\"alternateName\":\"Polysoude\",\"potentialAction\":[{\"@type\":\"SearchAction\",\"target\":{\"@type\":\"EntryPoint\",\"urlTemplate\":\"https:\\\/\\\/www.polysoude.com\\\/es\\\/?s={search_term_string}\"},\"query-input\":{\"@type\":\"PropertyValueSpecification\",\"valueRequired\":true,\"valueName\":\"search_term_string\"}}],\"inLanguage\":\"es-ES\"},{\"@type\":\"Organization\",\"@id\":\"https:\\\/\\\/www.polysoude.com\\\/es\\\/#organization\",\"name\":\"Polysoude\",\"alternateName\":\"Polysoude\",\"url\":\"https:\\\/\\\/www.polysoude.com\\\/es\\\/\",\"logo\":{\"@type\":\"ImageObject\",\"inLanguage\":\"es-ES\",\"@id\":\"https:\\\/\\\/www.polysoude.com\\\/es\\\/#\\\/schema\\\/logo\\\/image\\\/\",\"url\":\"https:\\\/\\\/www.polysoude.com\\\/wp-content\\\/uploads\\\/2022\\\/07\\\/Polysoude_Logo_signature_fond-transparent_600dpi_300mm_RVB-e1658123578778.png\",\"contentUrl\":\"https:\\\/\\\/www.polysoude.com\\\/wp-content\\\/uploads\\\/2022\\\/07\\\/Polysoude_Logo_signature_fond-transparent_600dpi_300mm_RVB-e1658123578778.png\",\"width\":465,\"height\":86,\"caption\":\"Polysoude\"},\"image\":{\"@id\":\"https:\\\/\\\/www.polysoude.com\\\/es\\\/#\\\/schema\\\/logo\\\/image\\\/\"},\"sameAs\":[\"https:\\\/\\\/www.facebook.com\\\/Polysoude\\\/\",\"https:\\\/\\\/www.linkedin.com\\\/company\\\/polysoude\\\/\",\"https:\\\/\\\/www.instagram.com\\\/polysoudeglobal\\\/\"]}]}<\/script>\n<!-- \/ Yoast SEO plugin. -->","yoast_head_json":{"title":"Cladding - Weld Overlay : Polysoude","description":"&nbsp; Soluciones para las operaciones de recargue automatizadas utilizadas en la fabricaci\u00f3n y el mantenimiento Muchos procesos industriales causan da\u00f1os","robots":{"index":"index","follow":"follow","max-snippet":"max-snippet:-1","max-image-preview":"max-image-preview:large","max-video-preview":"max-video-preview:-1"},"canonical":"https:\/\/www.polysoude.com\/es\/recargue\/","og_locale":"es_ES","og_type":"article","og_title":"Cladding - Weld Overlay : Polysoude","og_description":"&nbsp; Soluciones para las operaciones de recargue automatizadas utilizadas en la fabricaci\u00f3n y el mantenimiento Muchos procesos industriales causan da\u00f1os","og_url":"https:\/\/www.polysoude.com\/es\/recargue\/","og_site_name":"Polysoude","article_publisher":"https:\/\/www.facebook.com\/Polysoude\/","og_image":[{"url":"https:\/\/www.polysoude.com\/wp-content\/uploads\/2016\/10\/cladding_tig-tiger.jpg","type":"","width":"","height":""}],"twitter_card":"summary_large_image","twitter_misc":{"Tiempo de lectura":"2 minutes"},"schema":{"@context":"https:\/\/schema.org","@graph":[{"@type":"WebPage","@id":"https:\/\/www.polysoude.com\/es\/recargue\/","url":"https:\/\/www.polysoude.com\/es\/recargue\/","name":"Cladding - Weld Overlay : Polysoude","isPartOf":{"@id":"https:\/\/www.polysoude.com\/es\/#website"},"primaryImageOfPage":{"@id":"https:\/\/www.polysoude.com\/es\/recargue\/#primaryimage"},"image":{"@id":"https:\/\/www.polysoude.com\/es\/recargue\/#primaryimage"},"thumbnailUrl":"https:\/\/www.polysoude.com\/wp-content\/uploads\/2016\/10\/cladding_tig-tiger.jpg","datePublished":"2022-04-03T08:02:00+00:00","description":"&nbsp; Soluciones para las operaciones de recargue automatizadas utilizadas en la fabricaci\u00f3n y el mantenimiento Muchos procesos industriales causan da\u00f1os","breadcrumb":{"@id":"https:\/\/www.polysoude.com\/es\/recargue\/#breadcrumb"},"inLanguage":"es-ES","potentialAction":[{"@type":"ReadAction","target":["https:\/\/www.polysoude.com\/es\/recargue\/"]}]},{"@type":"ImageObject","inLanguage":"es-ES","@id":"https:\/\/www.polysoude.com\/es\/recargue\/#primaryimage","url":"https:\/\/www.polysoude.com\/wp-content\/uploads\/2016\/10\/cladding_tig-tiger.jpg","contentUrl":"https:\/\/www.polysoude.com\/wp-content\/uploads\/2016\/10\/cladding_tig-tiger.jpg"},{"@type":"BreadcrumbList","@id":"https:\/\/www.polysoude.com\/es\/recargue\/#breadcrumb","itemListElement":[{"@type":"ListItem","position":1,"name":"Home","item":"https:\/\/www.polysoude.com\/es\/homepage\/"},{"@type":"ListItem","position":2,"name":"Recargue"}]},{"@type":"WebSite","@id":"https:\/\/www.polysoude.com\/es\/#website","url":"https:\/\/www.polysoude.com\/es\/","name":"Polysoude","description":"The art of welding","publisher":{"@id":"https:\/\/www.polysoude.com\/es\/#organization"},"alternateName":"Polysoude","potentialAction":[{"@type":"SearchAction","target":{"@type":"EntryPoint","urlTemplate":"https:\/\/www.polysoude.com\/es\/?s={search_term_string}"},"query-input":{"@type":"PropertyValueSpecification","valueRequired":true,"valueName":"search_term_string"}}],"inLanguage":"es-ES"},{"@type":"Organization","@id":"https:\/\/www.polysoude.com\/es\/#organization","name":"Polysoude","alternateName":"Polysoude","url":"https:\/\/www.polysoude.com\/es\/","logo":{"@type":"ImageObject","inLanguage":"es-ES","@id":"https:\/\/www.polysoude.com\/es\/#\/schema\/logo\/image\/","url":"https:\/\/www.polysoude.com\/wp-content\/uploads\/2022\/07\/Polysoude_Logo_signature_fond-transparent_600dpi_300mm_RVB-e1658123578778.png","contentUrl":"https:\/\/www.polysoude.com\/wp-content\/uploads\/2022\/07\/Polysoude_Logo_signature_fond-transparent_600dpi_300mm_RVB-e1658123578778.png","width":465,"height":86,"caption":"Polysoude"},"image":{"@id":"https:\/\/www.polysoude.com\/es\/#\/schema\/logo\/image\/"},"sameAs":["https:\/\/www.facebook.com\/Polysoude\/","https:\/\/www.linkedin.com\/company\/polysoude\/","https:\/\/www.instagram.com\/polysoudeglobal\/"]}]}},"_links":{"self":[{"href":"https:\/\/www.polysoude.com\/es\/wp-json\/wp\/v2\/pages\/3534","targetHints":{"allow":["GET"]}}],"collection":[{"href":"https:\/\/www.polysoude.com\/es\/wp-json\/wp\/v2\/pages"}],"about":[{"href":"https:\/\/www.polysoude.com\/es\/wp-json\/wp\/v2\/types\/page"}],"author":[{"embeddable":true,"href":"https:\/\/www.polysoude.com\/es\/wp-json\/wp\/v2\/users\/1"}],"replies":[{"embeddable":true,"href":"https:\/\/www.polysoude.com\/es\/wp-json\/wp\/v2\/comments?post=3534"}],"version-history":[{"count":7,"href":"https:\/\/www.polysoude.com\/es\/wp-json\/wp\/v2\/pages\/3534\/revisions"}],"predecessor-version":[{"id":26325,"href":"https:\/\/www.polysoude.com\/es\/wp-json\/wp\/v2\/pages\/3534\/revisions\/26325"}],"wp:attachment":[{"href":"https:\/\/www.polysoude.com\/es\/wp-json\/wp\/v2\/media?parent=3534"}],"curies":[{"name":"wp","href":"https:\/\/api.w.org\/{rel}","templated":true}]}}