{"id":3727,"date":"2016-10-06T10:03:38","date_gmt":"2016-10-06T08:03:38","guid":{"rendered":"http:\/\/www.polysoude.com\/?page_id=3727"},"modified":"2018-04-05T10:29:21","modified_gmt":"2018-04-05T08:29:21","slug":"recargue-de-colectores-y-demas-piezas","status":"publish","type":"page","link":"https:\/\/www.polysoude.com\/es\/recargue\/recargue-de-colectores-y-demas-piezas\/","title":{"rendered":"Recargue de colectores y dem\u00e1s piezas"},"content":{"rendered":"<h4>Dominio incluso en las piezas m\u00e1s complejas<\/h4>\n<p>La tecnolog\u00eda de recargue TIG es un modo ventajoso de satisfacer la demanda creciente de colectores con uni\u00f3n CRA metal\u00fargica u otras piezas. Tiene una calidad adecuada para los sistemas de producci\u00f3n y para la explotaci\u00f3n cruda del petr\u00f3leo. Deposiciones CRA 100% sin defectos, inversiones razonables, eficiencia incrementada y elevada flexibilidad son las razones por las que las empresas han elegido y utilizan de manera satisfactoria la tecnolog\u00eda de recubrimiento \u00fanica de POLYSOUDE en sus procesos de producci\u00f3n.<\/p>\n","protected":false},"excerpt":{"rendered":"<p>Dominio incluso en las piezas m\u00e1s complejas La tecnolog\u00eda de recargue TIG es un modo ventajoso de satisfacer la demanda creciente de colectores con uni\u00f3n CRA metal\u00fargica u otras piezas. Tiene una calidad adecuada para los sistemas de producci\u00f3n y para la explotaci\u00f3n cruda del petr\u00f3leo. Deposiciones CRA 100% sin defectos, inversiones razonables, eficiencia incrementada [&hellip;]<\/p>\n","protected":false},"author":1,"featured_media":6625,"parent":3534,"menu_order":0,"comment_status":"closed","ping_status":"closed","template":"page-metier.php","meta":{"_acf_changed":false,"footnotes":""},"class_list":["post-3727","page","type-page","status-publish","has-post-thumbnail","hentry"],"acf":[],"yoast_head":"<!-- This site is optimized with the Yoast SEO plugin v27.3 - https:\/\/yoast.com\/product\/yoast-seo-wordpress\/ -->\n<title>Recargue de colectores y dem\u00e1s piezas | Polysoude<\/title>\n<meta name=\"description\" content=\"Dominio incluso en las piezas m\u00e1s complejas La tecnolog\u00eda de recargue TIG es un modo ventajoso de satisfacer la demanda creciente de colectores con uni\u00f3n\" \/>\n<meta name=\"robots\" content=\"index, follow, max-snippet:-1, max-image-preview:large, max-video-preview:-1\" \/>\n<link rel=\"canonical\" href=\"https:\/\/www.polysoude.com\/es\/recargue\/recargue-de-colectores-y-demas-piezas\/\" \/>\n<meta property=\"og:locale\" content=\"es_ES\" \/>\n<meta property=\"og:type\" content=\"article\" \/>\n<meta property=\"og:title\" content=\"Recargue de colectores y dem\u00e1s piezas | Polysoude\" \/>\n<meta property=\"og:description\" content=\"Dominio incluso en las piezas m\u00e1s complejas La tecnolog\u00eda de recargue TIG es un modo ventajoso de satisfacer la demanda creciente de colectores con uni\u00f3n\" \/>\n<meta property=\"og:url\" content=\"https:\/\/www.polysoude.com\/es\/recargue\/recargue-de-colectores-y-demas-piezas\/\" \/>\n<meta property=\"og:site_name\" content=\"Polysoude\" \/>\n<meta property=\"article:publisher\" content=\"https:\/\/www.facebook.com\/Polysoude\/\" \/>\n<meta property=\"article:modified_time\" content=\"2018-04-05T08:29:21+00:00\" \/>\n<meta property=\"og:image\" content=\"https:\/\/www.polysoude.com\/wp-content\/uploads\/2022\/07\/Polysoude_Logo_signature_fond-transparent_600dpi_300mm_RVB-e1658123578778.png\" \/>\n\t<meta property=\"og:image:width\" content=\"465\" \/>\n\t<meta property=\"og:image:height\" content=\"86\" \/>\n\t<meta property=\"og:image:type\" content=\"image\/png\" \/>\n<meta name=\"twitter:card\" content=\"summary_large_image\" \/>\n<script type=\"application\/ld+json\" class=\"yoast-schema-graph\">{\"@context\":\"https:\\\/\\\/schema.org\",\"@graph\":[{\"@type\":\"WebPage\",\"@id\":\"https:\\\/\\\/www.polysoude.com\\\/es\\\/recargue\\\/recargue-de-colectores-y-demas-piezas\\\/\",\"url\":\"https:\\\/\\\/www.polysoude.com\\\/es\\\/recargue\\\/recargue-de-colectores-y-demas-piezas\\\/\",\"name\":\"Recargue de colectores y dem\u00e1s piezas | Polysoude\",\"isPartOf\":{\"@id\":\"https:\\\/\\\/www.polysoude.com\\\/es\\\/#website\"},\"primaryImageOfPage\":{\"@id\":\"https:\\\/\\\/www.polysoude.com\\\/es\\\/recargue\\\/recargue-de-colectores-y-demas-piezas\\\/#primaryimage\"},\"image\":{\"@id\":\"https:\\\/\\\/www.polysoude.com\\\/es\\\/recargue\\\/recargue-de-colectores-y-demas-piezas\\\/#primaryimage\"},\"thumbnailUrl\":\"https:\\\/\\\/www.polysoude.com\\\/wp-content\\\/uploads\\\/2016\\\/11\\\/prod_mso-tig-hw-torch.jpg\",\"datePublished\":\"2016-10-06T08:03:38+00:00\",\"dateModified\":\"2018-04-05T08:29:21+00:00\",\"description\":\"Dominio incluso en las piezas m\u00e1s complejas La tecnolog\u00eda de recargue TIG es un modo ventajoso de satisfacer la demanda creciente de colectores con uni\u00f3n\",\"breadcrumb\":{\"@id\":\"https:\\\/\\\/www.polysoude.com\\\/es\\\/recargue\\\/recargue-de-colectores-y-demas-piezas\\\/#breadcrumb\"},\"inLanguage\":\"es-ES\",\"potentialAction\":[{\"@type\":\"ReadAction\",\"target\":[\"https:\\\/\\\/www.polysoude.com\\\/es\\\/recargue\\\/recargue-de-colectores-y-demas-piezas\\\/\"]}]},{\"@type\":\"ImageObject\",\"inLanguage\":\"es-ES\",\"@id\":\"https:\\\/\\\/www.polysoude.com\\\/es\\\/recargue\\\/recargue-de-colectores-y-demas-piezas\\\/#primaryimage\",\"url\":\"https:\\\/\\\/www.polysoude.com\\\/wp-content\\\/uploads\\\/2016\\\/11\\\/prod_mso-tig-hw-torch.jpg\",\"contentUrl\":\"https:\\\/\\\/www.polysoude.com\\\/wp-content\\\/uploads\\\/2016\\\/11\\\/prod_mso-tig-hw-torch.jpg\",\"width\":500,\"height\":500},{\"@type\":\"BreadcrumbList\",\"@id\":\"https:\\\/\\\/www.polysoude.com\\\/es\\\/recargue\\\/recargue-de-colectores-y-demas-piezas\\\/#breadcrumb\",\"itemListElement\":[{\"@type\":\"ListItem\",\"position\":1,\"name\":\"Home\",\"item\":\"https:\\\/\\\/www.polysoude.com\\\/es\\\/homepage\\\/\"},{\"@type\":\"ListItem\",\"position\":2,\"name\":\"Recargue\",\"item\":\"https:\\\/\\\/www.polysoude.com\\\/es\\\/recargue\\\/\"},{\"@type\":\"ListItem\",\"position\":3,\"name\":\"Recargue de colectores y dem\u00e1s piezas\"}]},{\"@type\":\"WebSite\",\"@id\":\"https:\\\/\\\/www.polysoude.com\\\/es\\\/#website\",\"url\":\"https:\\\/\\\/www.polysoude.com\\\/es\\\/\",\"name\":\"Polysoude\",\"description\":\"The art of welding\",\"publisher\":{\"@id\":\"https:\\\/\\\/www.polysoude.com\\\/es\\\/#organization\"},\"alternateName\":\"Polysoude\",\"potentialAction\":[{\"@type\":\"SearchAction\",\"target\":{\"@type\":\"EntryPoint\",\"urlTemplate\":\"https:\\\/\\\/www.polysoude.com\\\/es\\\/?s={search_term_string}\"},\"query-input\":{\"@type\":\"PropertyValueSpecification\",\"valueRequired\":true,\"valueName\":\"search_term_string\"}}],\"inLanguage\":\"es-ES\"},{\"@type\":\"Organization\",\"@id\":\"https:\\\/\\\/www.polysoude.com\\\/es\\\/#organization\",\"name\":\"Polysoude\",\"alternateName\":\"Polysoude\",\"url\":\"https:\\\/\\\/www.polysoude.com\\\/es\\\/\",\"logo\":{\"@type\":\"ImageObject\",\"inLanguage\":\"es-ES\",\"@id\":\"https:\\\/\\\/www.polysoude.com\\\/es\\\/#\\\/schema\\\/logo\\\/image\\\/\",\"url\":\"https:\\\/\\\/www.polysoude.com\\\/wp-content\\\/uploads\\\/2022\\\/07\\\/Polysoude_Logo_signature_fond-transparent_600dpi_300mm_RVB-e1658123578778.png\",\"contentUrl\":\"https:\\\/\\\/www.polysoude.com\\\/wp-content\\\/uploads\\\/2022\\\/07\\\/Polysoude_Logo_signature_fond-transparent_600dpi_300mm_RVB-e1658123578778.png\",\"width\":465,\"height\":86,\"caption\":\"Polysoude\"},\"image\":{\"@id\":\"https:\\\/\\\/www.polysoude.com\\\/es\\\/#\\\/schema\\\/logo\\\/image\\\/\"},\"sameAs\":[\"https:\\\/\\\/www.facebook.com\\\/Polysoude\\\/\",\"https:\\\/\\\/www.linkedin.com\\\/company\\\/polysoude\\\/\",\"https:\\\/\\\/www.instagram.com\\\/polysoudeglobal\\\/\"]}]}<\/script>\n<!-- \/ Yoast SEO plugin. -->","yoast_head_json":{"title":"Recargue de colectores y dem\u00e1s piezas | Polysoude","description":"Dominio incluso en las piezas m\u00e1s complejas La tecnolog\u00eda de recargue TIG es un modo ventajoso de satisfacer la demanda creciente de colectores con uni\u00f3n","robots":{"index":"index","follow":"follow","max-snippet":"max-snippet:-1","max-image-preview":"max-image-preview:large","max-video-preview":"max-video-preview:-1"},"canonical":"https:\/\/www.polysoude.com\/es\/recargue\/recargue-de-colectores-y-demas-piezas\/","og_locale":"es_ES","og_type":"article","og_title":"Recargue de colectores y dem\u00e1s piezas | Polysoude","og_description":"Dominio incluso en las piezas m\u00e1s complejas La tecnolog\u00eda de recargue TIG es un modo ventajoso de satisfacer la demanda creciente de colectores con uni\u00f3n","og_url":"https:\/\/www.polysoude.com\/es\/recargue\/recargue-de-colectores-y-demas-piezas\/","og_site_name":"Polysoude","article_publisher":"https:\/\/www.facebook.com\/Polysoude\/","article_modified_time":"2018-04-05T08:29:21+00:00","og_image":[{"width":465,"height":86,"url":"https:\/\/www.polysoude.com\/wp-content\/uploads\/2022\/07\/Polysoude_Logo_signature_fond-transparent_600dpi_300mm_RVB-e1658123578778.png","type":"image\/png"}],"twitter_card":"summary_large_image","schema":{"@context":"https:\/\/schema.org","@graph":[{"@type":"WebPage","@id":"https:\/\/www.polysoude.com\/es\/recargue\/recargue-de-colectores-y-demas-piezas\/","url":"https:\/\/www.polysoude.com\/es\/recargue\/recargue-de-colectores-y-demas-piezas\/","name":"Recargue de colectores y dem\u00e1s piezas | Polysoude","isPartOf":{"@id":"https:\/\/www.polysoude.com\/es\/#website"},"primaryImageOfPage":{"@id":"https:\/\/www.polysoude.com\/es\/recargue\/recargue-de-colectores-y-demas-piezas\/#primaryimage"},"image":{"@id":"https:\/\/www.polysoude.com\/es\/recargue\/recargue-de-colectores-y-demas-piezas\/#primaryimage"},"thumbnailUrl":"https:\/\/www.polysoude.com\/wp-content\/uploads\/2016\/11\/prod_mso-tig-hw-torch.jpg","datePublished":"2016-10-06T08:03:38+00:00","dateModified":"2018-04-05T08:29:21+00:00","description":"Dominio incluso en las piezas m\u00e1s complejas La tecnolog\u00eda de recargue TIG es un modo ventajoso de satisfacer la demanda creciente de colectores con uni\u00f3n","breadcrumb":{"@id":"https:\/\/www.polysoude.com\/es\/recargue\/recargue-de-colectores-y-demas-piezas\/#breadcrumb"},"inLanguage":"es-ES","potentialAction":[{"@type":"ReadAction","target":["https:\/\/www.polysoude.com\/es\/recargue\/recargue-de-colectores-y-demas-piezas\/"]}]},{"@type":"ImageObject","inLanguage":"es-ES","@id":"https:\/\/www.polysoude.com\/es\/recargue\/recargue-de-colectores-y-demas-piezas\/#primaryimage","url":"https:\/\/www.polysoude.com\/wp-content\/uploads\/2016\/11\/prod_mso-tig-hw-torch.jpg","contentUrl":"https:\/\/www.polysoude.com\/wp-content\/uploads\/2016\/11\/prod_mso-tig-hw-torch.jpg","width":500,"height":500},{"@type":"BreadcrumbList","@id":"https:\/\/www.polysoude.com\/es\/recargue\/recargue-de-colectores-y-demas-piezas\/#breadcrumb","itemListElement":[{"@type":"ListItem","position":1,"name":"Home","item":"https:\/\/www.polysoude.com\/es\/homepage\/"},{"@type":"ListItem","position":2,"name":"Recargue","item":"https:\/\/www.polysoude.com\/es\/recargue\/"},{"@type":"ListItem","position":3,"name":"Recargue de colectores y dem\u00e1s piezas"}]},{"@type":"WebSite","@id":"https:\/\/www.polysoude.com\/es\/#website","url":"https:\/\/www.polysoude.com\/es\/","name":"Polysoude","description":"The art of welding","publisher":{"@id":"https:\/\/www.polysoude.com\/es\/#organization"},"alternateName":"Polysoude","potentialAction":[{"@type":"SearchAction","target":{"@type":"EntryPoint","urlTemplate":"https:\/\/www.polysoude.com\/es\/?s={search_term_string}"},"query-input":{"@type":"PropertyValueSpecification","valueRequired":true,"valueName":"search_term_string"}}],"inLanguage":"es-ES"},{"@type":"Organization","@id":"https:\/\/www.polysoude.com\/es\/#organization","name":"Polysoude","alternateName":"Polysoude","url":"https:\/\/www.polysoude.com\/es\/","logo":{"@type":"ImageObject","inLanguage":"es-ES","@id":"https:\/\/www.polysoude.com\/es\/#\/schema\/logo\/image\/","url":"https:\/\/www.polysoude.com\/wp-content\/uploads\/2022\/07\/Polysoude_Logo_signature_fond-transparent_600dpi_300mm_RVB-e1658123578778.png","contentUrl":"https:\/\/www.polysoude.com\/wp-content\/uploads\/2022\/07\/Polysoude_Logo_signature_fond-transparent_600dpi_300mm_RVB-e1658123578778.png","width":465,"height":86,"caption":"Polysoude"},"image":{"@id":"https:\/\/www.polysoude.com\/es\/#\/schema\/logo\/image\/"},"sameAs":["https:\/\/www.facebook.com\/Polysoude\/","https:\/\/www.linkedin.com\/company\/polysoude\/","https:\/\/www.instagram.com\/polysoudeglobal\/"]}]}},"_links":{"self":[{"href":"https:\/\/www.polysoude.com\/es\/wp-json\/wp\/v2\/pages\/3727","targetHints":{"allow":["GET"]}}],"collection":[{"href":"https:\/\/www.polysoude.com\/es\/wp-json\/wp\/v2\/pages"}],"about":[{"href":"https:\/\/www.polysoude.com\/es\/wp-json\/wp\/v2\/types\/page"}],"author":[{"embeddable":true,"href":"https:\/\/www.polysoude.com\/es\/wp-json\/wp\/v2\/users\/1"}],"replies":[{"embeddable":true,"href":"https:\/\/www.polysoude.com\/es\/wp-json\/wp\/v2\/comments?post=3727"}],"version-history":[{"count":7,"href":"https:\/\/www.polysoude.com\/es\/wp-json\/wp\/v2\/pages\/3727\/revisions"}],"predecessor-version":[{"id":8058,"href":"https:\/\/www.polysoude.com\/es\/wp-json\/wp\/v2\/pages\/3727\/revisions\/8058"}],"up":[{"embeddable":true,"href":"https:\/\/www.polysoude.com\/es\/wp-json\/wp\/v2\/pages\/3534"}],"wp:featuredmedia":[{"embeddable":true,"href":"https:\/\/www.polysoude.com\/es\/wp-json\/wp\/v2\/media\/6625"}],"wp:attachment":[{"href":"https:\/\/www.polysoude.com\/es\/wp-json\/wp\/v2\/media?parent=3727"}],"curies":[{"name":"wp","href":"https:\/\/api.w.org\/{rel}","templated":true}]}}