{"id":3804,"date":"2022-04-03T09:59:47","date_gmt":"2022-04-03T07:59:47","guid":{"rendered":"http:\/\/www.polysoude.com\/?page_id=3804"},"modified":"2022-11-23T15:52:19","modified_gmt":"2022-11-23T14:52:19","slug":"homepage","status":"publish","type":"page","link":"https:\/\/www.polysoude.com\/es\/","title":{"rendered":"Homepage"},"content":{"rendered":"<h1>Polysoude &#8211; Equipos profesionales de soldadura TIG y plasma, soldadura orbital, soldadura autom\u00e1tica, soldadura de tubos<\/h1>\n<h2>Su socio de confianza en la soldadura orbital y automatizada y en el recargue&#8230;<\/h2>\n<p>POLYSOUDE es una empresa experta en la soldadura TIG orbital que dise\u00f1a y fabrica sistemas de soldadura mecanizados, automatizados, rob\u00f3ticos y autom\u00e1ticos; nuestro equipamiento de alto rendimiento es reconocido en todo el mundo en su sector.<\/p>\n","protected":false},"excerpt":{"rendered":"<p>Polysoude &#8211; Equipos profesionales de soldadura TIG y plasma, soldadura orbital, soldadura autom\u00e1tica, soldadura de tubos Su socio de confianza en la soldadura orbital y automatizada y en el recargue&#8230; POLYSOUDE es una empresa experta en la soldadura TIG orbital que dise\u00f1a y fabrica sistemas de soldadura mecanizados, automatizados, rob\u00f3ticos y autom\u00e1ticos; nuestro equipamiento de [&hellip;]<\/p>\n","protected":false},"author":1,"featured_media":3946,"parent":0,"menu_order":0,"comment_status":"closed","ping_status":"closed","template":"homepage.php","meta":{"_acf_changed":false,"footnotes":""},"class_list":["post-3804","page","type-page","status-publish","has-post-thumbnail","hentry"],"acf":[],"yoast_head":"<!-- This site is optimized with the Yoast SEO plugin v27.3 - https:\/\/yoast.com\/product\/yoast-seo-wordpress\/ -->\n<title>Soldadura TIG orbital, soldadura automatizada, revestimiento de soldadura<\/title>\n<meta name=\"description\" content=\"Con m\u00e1s de 60 a\u00f1os de experiencia, Polysoude fabrica equipos l\u00edderes de soldadura orbital y automatizada TIG y Plasma, as\u00ed como m\u00e1quinas de revestimiento de soldadura.\" \/>\n<meta name=\"robots\" content=\"index, follow, max-snippet:-1, max-image-preview:large, max-video-preview:-1\" \/>\n<link rel=\"canonical\" href=\"https:\/\/www.polysoude.com\/es\/\" \/>\n<meta property=\"og:locale\" content=\"es_ES\" \/>\n<meta property=\"og:type\" content=\"article\" \/>\n<meta property=\"og:title\" content=\"Soldadura TIG orbital, soldadura automatizada, revestimiento de soldadura\" \/>\n<meta property=\"og:description\" content=\"Con m\u00e1s de 60 a\u00f1os de experiencia, Polysoude fabrica equipos l\u00edderes de soldadura orbital y automatizada TIG y Plasma, as\u00ed como m\u00e1quinas de revestimiento de soldadura.\" \/>\n<meta property=\"og:url\" content=\"https:\/\/www.polysoude.com\/es\/\" \/>\n<meta property=\"og:site_name\" content=\"Polysoude\" \/>\n<meta property=\"article:publisher\" content=\"https:\/\/www.facebook.com\/Polysoude\/\" \/>\n<meta property=\"article:modified_time\" content=\"2022-11-23T14:52:19+00:00\" \/>\n<meta property=\"og:image\" content=\"https:\/\/www.polysoude.com\/wp-content\/uploads\/2022\/07\/Polysoude_Logo_signature_fond-transparent_600dpi_300mm_RVB-e1658123578778.png\" \/>\n\t<meta property=\"og:image:width\" content=\"465\" \/>\n\t<meta property=\"og:image:height\" content=\"86\" \/>\n\t<meta property=\"og:image:type\" content=\"image\/png\" \/>\n<meta name=\"twitter:card\" content=\"summary_large_image\" \/>\n<script type=\"application\/ld+json\" class=\"yoast-schema-graph\">{\"@context\":\"https:\\\/\\\/schema.org\",\"@graph\":[{\"@type\":\"WebPage\",\"@id\":\"https:\\\/\\\/www.polysoude.com\\\/es\\\/\",\"url\":\"https:\\\/\\\/www.polysoude.com\\\/es\\\/\",\"name\":\"Soldadura TIG orbital, soldadura automatizada, revestimiento de soldadura\",\"isPartOf\":{\"@id\":\"https:\\\/\\\/www.polysoude.com\\\/es\\\/#website\"},\"primaryImageOfPage\":{\"@id\":\"https:\\\/\\\/www.polysoude.com\\\/es\\\/#primaryimage\"},\"image\":{\"@id\":\"https:\\\/\\\/www.polysoude.com\\\/es\\\/#primaryimage\"},\"thumbnailUrl\":\"https:\\\/\\\/www.polysoude.com\\\/wp-content\\\/uploads\\\/2016\\\/10\\\/polysoude_map.png\",\"datePublished\":\"2022-04-03T07:59:47+00:00\",\"dateModified\":\"2022-11-23T14:52:19+00:00\",\"description\":\"Con m\u00e1s de 60 a\u00f1os de experiencia, Polysoude fabrica equipos l\u00edderes de soldadura orbital y automatizada TIG y Plasma, as\u00ed como m\u00e1quinas de revestimiento de soldadura.\",\"breadcrumb\":{\"@id\":\"https:\\\/\\\/www.polysoude.com\\\/es\\\/#breadcrumb\"},\"inLanguage\":\"es-ES\",\"potentialAction\":[{\"@type\":\"ReadAction\",\"target\":[\"https:\\\/\\\/www.polysoude.com\\\/es\\\/\"]}]},{\"@type\":\"ImageObject\",\"inLanguage\":\"es-ES\",\"@id\":\"https:\\\/\\\/www.polysoude.com\\\/es\\\/#primaryimage\",\"url\":\"https:\\\/\\\/www.polysoude.com\\\/wp-content\\\/uploads\\\/2016\\\/10\\\/polysoude_map.png\",\"contentUrl\":\"https:\\\/\\\/www.polysoude.com\\\/wp-content\\\/uploads\\\/2016\\\/10\\\/polysoude_map.png\",\"width\":650,\"height\":412},{\"@type\":\"BreadcrumbList\",\"@id\":\"https:\\\/\\\/www.polysoude.com\\\/es\\\/#breadcrumb\",\"itemListElement\":[{\"@type\":\"ListItem\",\"position\":1,\"name\":\"Home\",\"item\":\"https:\\\/\\\/www.polysoude.com\\\/es\\\/homepage\\\/\"},{\"@type\":\"ListItem\",\"position\":2,\"name\":\"Homepage\"}]},{\"@type\":\"WebSite\",\"@id\":\"https:\\\/\\\/www.polysoude.com\\\/es\\\/#website\",\"url\":\"https:\\\/\\\/www.polysoude.com\\\/es\\\/\",\"name\":\"Polysoude\",\"description\":\"The art of welding\",\"publisher\":{\"@id\":\"https:\\\/\\\/www.polysoude.com\\\/es\\\/#organization\"},\"alternateName\":\"Polysoude\",\"potentialAction\":[{\"@type\":\"SearchAction\",\"target\":{\"@type\":\"EntryPoint\",\"urlTemplate\":\"https:\\\/\\\/www.polysoude.com\\\/es\\\/?s={search_term_string}\"},\"query-input\":{\"@type\":\"PropertyValueSpecification\",\"valueRequired\":true,\"valueName\":\"search_term_string\"}}],\"inLanguage\":\"es-ES\"},{\"@type\":\"Organization\",\"@id\":\"https:\\\/\\\/www.polysoude.com\\\/es\\\/#organization\",\"name\":\"Polysoude\",\"alternateName\":\"Polysoude\",\"url\":\"https:\\\/\\\/www.polysoude.com\\\/es\\\/\",\"logo\":{\"@type\":\"ImageObject\",\"inLanguage\":\"es-ES\",\"@id\":\"https:\\\/\\\/www.polysoude.com\\\/es\\\/#\\\/schema\\\/logo\\\/image\\\/\",\"url\":\"https:\\\/\\\/www.polysoude.com\\\/wp-content\\\/uploads\\\/2022\\\/07\\\/Polysoude_Logo_signature_fond-transparent_600dpi_300mm_RVB-e1658123578778.png\",\"contentUrl\":\"https:\\\/\\\/www.polysoude.com\\\/wp-content\\\/uploads\\\/2022\\\/07\\\/Polysoude_Logo_signature_fond-transparent_600dpi_300mm_RVB-e1658123578778.png\",\"width\":465,\"height\":86,\"caption\":\"Polysoude\"},\"image\":{\"@id\":\"https:\\\/\\\/www.polysoude.com\\\/es\\\/#\\\/schema\\\/logo\\\/image\\\/\"},\"sameAs\":[\"https:\\\/\\\/www.facebook.com\\\/Polysoude\\\/\",\"https:\\\/\\\/www.linkedin.com\\\/company\\\/polysoude\\\/\",\"https:\\\/\\\/www.instagram.com\\\/polysoudeglobal\\\/\"]}]}<\/script>\n<!-- \/ Yoast SEO plugin. -->","yoast_head_json":{"title":"Soldadura TIG orbital, soldadura automatizada, revestimiento de soldadura","description":"Con m\u00e1s de 60 a\u00f1os de experiencia, Polysoude fabrica equipos l\u00edderes de soldadura orbital y automatizada TIG y Plasma, as\u00ed como m\u00e1quinas de revestimiento de soldadura.","robots":{"index":"index","follow":"follow","max-snippet":"max-snippet:-1","max-image-preview":"max-image-preview:large","max-video-preview":"max-video-preview:-1"},"canonical":"https:\/\/www.polysoude.com\/es\/","og_locale":"es_ES","og_type":"article","og_title":"Soldadura TIG orbital, soldadura automatizada, revestimiento de soldadura","og_description":"Con m\u00e1s de 60 a\u00f1os de experiencia, Polysoude fabrica equipos l\u00edderes de soldadura orbital y automatizada TIG y Plasma, as\u00ed como m\u00e1quinas de revestimiento de soldadura.","og_url":"https:\/\/www.polysoude.com\/es\/","og_site_name":"Polysoude","article_publisher":"https:\/\/www.facebook.com\/Polysoude\/","article_modified_time":"2022-11-23T14:52:19+00:00","og_image":[{"width":465,"height":86,"url":"https:\/\/www.polysoude.com\/wp-content\/uploads\/2022\/07\/Polysoude_Logo_signature_fond-transparent_600dpi_300mm_RVB-e1658123578778.png","type":"image\/png"}],"twitter_card":"summary_large_image","schema":{"@context":"https:\/\/schema.org","@graph":[{"@type":"WebPage","@id":"https:\/\/www.polysoude.com\/es\/","url":"https:\/\/www.polysoude.com\/es\/","name":"Soldadura TIG orbital, soldadura automatizada, revestimiento de soldadura","isPartOf":{"@id":"https:\/\/www.polysoude.com\/es\/#website"},"primaryImageOfPage":{"@id":"https:\/\/www.polysoude.com\/es\/#primaryimage"},"image":{"@id":"https:\/\/www.polysoude.com\/es\/#primaryimage"},"thumbnailUrl":"https:\/\/www.polysoude.com\/wp-content\/uploads\/2016\/10\/polysoude_map.png","datePublished":"2022-04-03T07:59:47+00:00","dateModified":"2022-11-23T14:52:19+00:00","description":"Con m\u00e1s de 60 a\u00f1os de experiencia, Polysoude fabrica equipos l\u00edderes de soldadura orbital y automatizada TIG y Plasma, as\u00ed como m\u00e1quinas de revestimiento de soldadura.","breadcrumb":{"@id":"https:\/\/www.polysoude.com\/es\/#breadcrumb"},"inLanguage":"es-ES","potentialAction":[{"@type":"ReadAction","target":["https:\/\/www.polysoude.com\/es\/"]}]},{"@type":"ImageObject","inLanguage":"es-ES","@id":"https:\/\/www.polysoude.com\/es\/#primaryimage","url":"https:\/\/www.polysoude.com\/wp-content\/uploads\/2016\/10\/polysoude_map.png","contentUrl":"https:\/\/www.polysoude.com\/wp-content\/uploads\/2016\/10\/polysoude_map.png","width":650,"height":412},{"@type":"BreadcrumbList","@id":"https:\/\/www.polysoude.com\/es\/#breadcrumb","itemListElement":[{"@type":"ListItem","position":1,"name":"Home","item":"https:\/\/www.polysoude.com\/es\/homepage\/"},{"@type":"ListItem","position":2,"name":"Homepage"}]},{"@type":"WebSite","@id":"https:\/\/www.polysoude.com\/es\/#website","url":"https:\/\/www.polysoude.com\/es\/","name":"Polysoude","description":"The art of welding","publisher":{"@id":"https:\/\/www.polysoude.com\/es\/#organization"},"alternateName":"Polysoude","potentialAction":[{"@type":"SearchAction","target":{"@type":"EntryPoint","urlTemplate":"https:\/\/www.polysoude.com\/es\/?s={search_term_string}"},"query-input":{"@type":"PropertyValueSpecification","valueRequired":true,"valueName":"search_term_string"}}],"inLanguage":"es-ES"},{"@type":"Organization","@id":"https:\/\/www.polysoude.com\/es\/#organization","name":"Polysoude","alternateName":"Polysoude","url":"https:\/\/www.polysoude.com\/es\/","logo":{"@type":"ImageObject","inLanguage":"es-ES","@id":"https:\/\/www.polysoude.com\/es\/#\/schema\/logo\/image\/","url":"https:\/\/www.polysoude.com\/wp-content\/uploads\/2022\/07\/Polysoude_Logo_signature_fond-transparent_600dpi_300mm_RVB-e1658123578778.png","contentUrl":"https:\/\/www.polysoude.com\/wp-content\/uploads\/2022\/07\/Polysoude_Logo_signature_fond-transparent_600dpi_300mm_RVB-e1658123578778.png","width":465,"height":86,"caption":"Polysoude"},"image":{"@id":"https:\/\/www.polysoude.com\/es\/#\/schema\/logo\/image\/"},"sameAs":["https:\/\/www.facebook.com\/Polysoude\/","https:\/\/www.linkedin.com\/company\/polysoude\/","https:\/\/www.instagram.com\/polysoudeglobal\/"]}]}},"_links":{"self":[{"href":"https:\/\/www.polysoude.com\/es\/wp-json\/wp\/v2\/pages\/3804","targetHints":{"allow":["GET"]}}],"collection":[{"href":"https:\/\/www.polysoude.com\/es\/wp-json\/wp\/v2\/pages"}],"about":[{"href":"https:\/\/www.polysoude.com\/es\/wp-json\/wp\/v2\/types\/page"}],"author":[{"embeddable":true,"href":"https:\/\/www.polysoude.com\/es\/wp-json\/wp\/v2\/users\/1"}],"replies":[{"embeddable":true,"href":"https:\/\/www.polysoude.com\/es\/wp-json\/wp\/v2\/comments?post=3804"}],"version-history":[{"count":33,"href":"https:\/\/www.polysoude.com\/es\/wp-json\/wp\/v2\/pages\/3804\/revisions"}],"predecessor-version":[{"id":42655,"href":"https:\/\/www.polysoude.com\/es\/wp-json\/wp\/v2\/pages\/3804\/revisions\/42655"}],"wp:featuredmedia":[{"embeddable":true,"href":"https:\/\/www.polysoude.com\/es\/wp-json\/wp\/v2\/media\/3946"}],"wp:attachment":[{"href":"https:\/\/www.polysoude.com\/es\/wp-json\/wp\/v2\/media?parent=3804"}],"curies":[{"name":"wp","href":"https:\/\/api.w.org\/{rel}","templated":true}]}}